{"id":7700,"date":"2025-05-30T15:20:45","date_gmt":"2025-05-30T19:20:45","guid":{"rendered":"https:\/\/m1specialty.com\/home-redesign\/"},"modified":"2026-03-10T15:31:44","modified_gmt":"2026-03-10T19:31:44","slug":"home","status":"publish","type":"page","link":"https:\/\/m1specialty.com\/pt-br\/","title":{"rendered":"Home"},"content":{"rendered":"<p><strong>Alcance suas metas financeiras com confian\u00e7a<\/strong>Criamos parcerias com consultores financeiros para ajudar os investidores internacionais a maximizar cada etapa da vida por meio de oportunidades em mercados de a\u00e7\u00f5es globais, com os principais gestores de fundos e os benef\u00edcios de uma estrutura fiduci\u00e1ria internacional.<strong>Alcance suas metas financeiras com confian\u00e7a<\/strong>Criamos parcerias com consultores financeiros para ajudar os investidores internacionais a maximizar cada etapa da vida por meio de oportunidades em mercados de a\u00e7\u00f5es globais, com os principais gestores de fundos e os benef\u00edcios de uma estrutura fiduci\u00e1ria internacional.<strong>Qual \u00e9 a nossa promessa?<\/strong>Nosso objetivo \u00e9 ajudar voc\u00ea a prosperar financeiramente, proteger o que voc\u00ea ganha e preservar seu patrim\u00f4nio ao longo do tempo, para al\u00e9m das fronteiras geogr\u00e1ficas e por v\u00e1rias gera\u00e7\u00f5es.Escutamos atentamente suas necessidades e oferecemos o mais alto n\u00edvel de servi\u00e7o, abertura e transpar\u00eancia em nossos produtos.Desde 1998, constru\u00edmos relacionamentos duradouros baseados em confian\u00e7a, empatia e honestidade, e prometemos fazer o mesmo por voc\u00ea.<span><img decoding=\"async\" alt=\"\" data-id=\"3416\" width=\"1200\" data-init-width=\"1580\" height=\"566\" data-init-height=\"745\" title=\"M1 Banner\" loading=\"lazy\" src=\"https:\/\/m1specialty.com\/wp-content\/uploads\/2024\/02\/M1-Banner.png\" data-width=\"1200\" data-height=\"566\" style=\"aspect-ratio: auto 1580 \/ 745;\"><\/span><span style=\"\"><\/span><span style=\"\"><\/span><strong>Existe uma solu\u00e7\u00e3o simples para cada meta<\/strong><span data-id=\"icon-m1_specialty_brochure_icons_1_icon_black_retiring_comfortably\" style=\"\"><\/span><\/p>\n<p style=\"\"><strong>Aposente-se confortavelmente<\/strong><\/p>\n<p><span data-id=\"icon-m1_specialty_brochure_icons_1_icon_black_helping_the_next_generation\" style=\"\"><\/span><\/p>\n<p style=\"\"><strong>Apoie a pr\u00f3xima gera\u00e7\u00e3o<\/strong><\/p>\n<p><span data-id=\"icon-m1_specialty_brochure_icons_1_icon_black_uniting_in_love\" style=\"\"><\/span><\/p>\n<p style=\"\"><strong>Una-se no amor<\/strong><\/p>\n<p><span data-id=\"icon-m1_specialty_brochure_icons_1_icon_black_buying_a_dream_home\" style=\"\"><\/span><\/p>\n<p style=\"\"><strong>Compre a casa dos seus sonhos<\/strong><\/p>\n<p><span data-id=\"icon-m1_specialty_brochure_icons_1_icon_black_higher_education\" style=\"\"><\/span><\/p>\n<p style=\"\"><strong>Ensino superior<\/strong><\/p>\n<p><span data-id=\"icon-m1_specialty_brochure_icons_1_icon_black_opening_a_business\" style=\"\"><\/span><\/p>\n<p style=\"\"><strong>Abra um neg\u00f3cio<\/strong><\/p>\n<p><span data-id=\"icon-m1_specialty_brochure_icons_1_icon_black_starting_a_family\" style=\"\"><\/span><\/p>\n<p style=\"\"><strong>Comece uma fam\u00edlia<\/strong><\/p>\n<p><span data-id=\"icon-m1_specialty_brochure_icons_1_icon_black_ready_for_opportunities\" style=\"\"><\/span><\/p>\n<p style=\"\"><strong>Prontos para as oportunidades<\/strong><\/p>\n<p><span data-id=\"icon-m1_specialty_brochure_icons_1_icon_black_traveling_in_style\" style=\"\"><\/span><\/p>\n<p style=\"\"><strong>Viaje com estilo<\/strong><\/p>\n<p><span data-id=\"icon-m1_specialty_brochure_icons_1_icon_yellow_giving_back\"><\/span><\/p>\n<p style=\"\"><strong>Retribua<\/strong><\/p>\n<p><span><span style=\"font-size: 60px !important;\"><span style=\"letter-spacing: 0px;\"><\/span><span style=\"letter-spacing: 0px; --tcb-applied-color: var$(--tcb-color-13) !important; color: var(--tcb-color-13) !important;\"><\/span><\/span><span style=\"font-size: 20px !important;\"><span style=\"--tcb-applied-color: var$(--tcb-color-13) !important; color: var(--tcb-color-13) !important;\"><\/span><\/span><\/span><span style=\"font-size: 48px !important;\"><\/span><strong>O que diferencia a M1 Specialty?<\/strong>O impressionante potencial de crescimento dos \u00edndices de a\u00e7\u00f5es globais e alguns dos melhores gestores de fundos do mundo.<strong>A mais ampla oferta de investimentos de capital protegido do setor.<\/strong><span><img decoding=\"async\" alt=\"\" data-id=\"7572\" width=\"390\" data-init-width=\"2121\" height=\"260\" data-init-height=\"1414\" title=\"Couple with consultant.\" loading=\"lazy\" src=\"https:\/\/m1specialty.com\/wp-content\/uploads\/2025\/06\/Couple-pregnant-wife-with-advisor.jpg\" data-width=\"390\" data-height=\"260\" style=\"aspect-ratio: auto 2121 \/ 1414;\"><\/span><strong>Seu dinheiro est\u00e1 seguro com dois dos principais agentes de cust\u00f3dia do mundo.<\/strong><span><img decoding=\"async\" alt=\"\" data-id=\"7577\" width=\"390\" data-init-width=\"2142\" height=\"255\" data-init-height=\"1400\" title=\"Financial advisor with Indian family\" loading=\"lazy\" src=\"https:\/\/m1specialty.com\/wp-content\/uploads\/2025\/06\/Advisor-with-middle-age-couple-iStock-1146830163-1.jpg\" data-width=\"390\" data-height=\"255\" style=\"aspect-ratio: auto 2142 \/ 1400;\"><\/span><strong>Os benef\u00edcios de um trust internacional incluem prote\u00e7\u00e3o dos seus ativos e vantagens de planejamento patrimonial.<\/strong><span><img decoding=\"async\" alt=\"\" data-id=\"7587\" width=\"390\" data-init-width=\"1600\" height=\"237\" data-init-height=\"972\" title=\"WhatsApp Image 2025-06-19 at 11.32.22\" loading=\"lazy\" src=\"https:\/\/m1specialty.com\/wp-content\/uploads\/2025\/06\/WhatsApp-Image-2025-06-19-at-11.32.22.jpeg\" data-width=\"390\" data-height=\"237\" style=\"aspect-ratio: auto 1600 \/ 972;\"><\/span><span><span style=\"font-size: 60px !important;\"><span style=\"--tcb-applied-color: var$(--tcb-color-13) !important; color: var(--tcb-color-13) !important;\"><\/span><\/span><span style=\"font-size: 20px !important;\"><\/span><\/span><strong>Quem \u00e9 a M1 Specialty?<\/strong><span><img decoding=\"async\" alt=\"\" data-id=\"7516\" width=\"714\" data-init-width=\"1600\" height=\"441\" data-init-height=\"988\" title=\"map\" loading=\"lazy\" src=\"https:\/\/m1specialty.com\/wp-content\/uploads\/2025\/06\/map.jpeg\" data-width=\"714\" data-height=\"441\" style=\"aspect-ratio: auto 1600 \/ 988;\"><\/span><strong>A M1 Admin LLC \u00e9 um grupo internacional de seguros que atua em v\u00e1rias jurisdi\u00e7\u00f5es e oferece as oportunidades de crescimento dos mercados financeiros globais e dos principais gestores de ativos por meio de uma estrutura fiduci\u00e1ria que preserva e protege os ativos dos investidores.<\/strong><strong><\/strong><strong>Aproveitamos nossa experi\u00eancia e conhecimento para ajudar voc\u00ea a atingir todas as metas financeiras da sua vida com confian\u00e7a.<\/strong><strong><\/strong><strong>N\u00f3s nos empenhamos em construir um relacionamento de longo prazo baseado em empatia, honestidade, abertura e numa palavra que \u00e9 fundamental para n\u00f3s: confian\u00e7a.<\/strong><strong>Voc\u00ea receber\u00e1 um servi\u00e7o excepcional e acesso on-line e pelo aplicativo 24 horas por dia, 7 dias na semana<\/strong><span style=\"\"><\/span><strong>Nossa equipe de suporte multil\u00edngue fornece orienta\u00e7\u00e3o personalizada, informa\u00e7\u00f5es \u00fateis e respostas. Em nosso site e no aplicativo, voc\u00ea sempre pode:<\/strong><\/p>\n<ul>\n<li><!--! Font Awesome Free 6.7.1 by @fontawesome - https:\/\/fontawesome.com License - https:\/\/fontawesome.com\/license\/free (Icons: CC BY 4.0, Fonts: SIL OFL 1.1, Code: MIT License) Copyright 2024 Fonticons, Inc. --><span style=\"\"><strong><strong>Fazer contribui\u00e7\u00f5es em tempo real.<\/strong><\/strong><\/span><\/li>\n<li><!--! Font Awesome Free 6.7.1 by @fontawesome - https:\/\/fontawesome.com License - https:\/\/fontawesome.com\/license\/free (Icons: CC BY 4.0, Fonts: SIL OFL 1.1, Code: MIT License) Copyright 2024 Fonticons, Inc. --><span style=\"\"><strong><strong>Obter atualiza\u00e7\u00f5es sobre rendimento, extratos, formul\u00e1rios, documentos, e acompanhar suas transa\u00e7\u00f5es.<\/strong><\/strong><\/span><\/li>\n<li><!--! Font Awesome Free 6.7.1 by @fontawesome - https:\/\/fontawesome.com License - https:\/\/fontawesome.com\/license\/free (Icons: CC BY 4.0, Fonts: SIL OFL 1.1, Code: MIT License) Copyright 2024 Fonticons, Inc. --><span style=\"\"><strong><strong>Atualizar informa\u00e7\u00f5es pessoais, alterar fundos e muito mais.<\/strong><\/strong><\/span><\/li>\n<\/ul>\n<p><span><img decoding=\"async\" alt=\"\" data-id=\"7538\" width=\"714\" data-init-width=\"1500\" height=\"476\" data-init-height=\"1000\" title=\"Hand holding app with M1 screen\" loading=\"lazy\" src=\"https:\/\/m1specialty.com\/wp-content\/uploads\/2025\/06\/Hand-holding-app-with-M1-screen.png\" data-width=\"714\" data-height=\"476\" style=\"aspect-ratio: auto 1500 \/ 1000;\"><\/span><span><a href=\"https:\/\/apps.apple.com\/us\/app\/m1-direct\/id6447723145\" target=\"_blank\"><img decoding=\"async\" alt=\"\" data-id=\"7377\" width=\"228\" data-init-width=\"2000\" height=\"68\" data-init-height=\"595\" title=\"download-on-the-app-store-flat-badge-seeklogo\" loading=\"lazy\" src=\"https:\/\/m1specialty.com\/wp-content\/uploads\/2025\/05\/download-on-the-app-store-flat-badge-seeklogo.png\" data-width=\"228\" data-height=\"68\" style=\"aspect-ratio: auto 2000 \/ 595;\" data-link-wrap=\"true\"><\/a><\/span><span><a href=\"https:\/\/play.google.com\/store\/apps\/details?id=com.companyname.m1specialty.producers\" target=\"_blank\"><img decoding=\"async\" alt=\"\" data-id=\"7367\" width=\"289\" data-init-width=\"2000\" height=\"86\" data-init-height=\"593\" title=\"get-it-on-google-play-badge-seeklogo\" loading=\"lazy\" src=\"https:\/\/m1specialty.com\/wp-content\/uploads\/2025\/05\/get-it-on-google-play-badge-seeklogo.png\" data-width=\"289\" data-height=\"86\" style=\"aspect-ratio: auto 2000 \/ 593;\" data-link-wrap=\"true\"><\/a><\/span>Estamos prontos para ajudar voc\u00ea a maximizar cada etapa importante da sua vida e construir um relacionamento com&#8230;<span>T<\/span><span>odo o potencial dos \u00edndices de a\u00e7\u00f5es globais<\/span><span>R<\/span><span>econhecidos gestores de fundos de investimento<\/span><span>U<\/span><span>m servi\u00e7o de alta qualidade<\/span><span>S<\/span><span>implifica\u00e7\u00e3o dos nossos produtos e processos<\/span><span>T<\/span><span>ranquilidade por meio de uma estrutura fiduci\u00e1ria internacional<\/span>&#8230;<strong>Confian\u00e7a total<\/strong>Amplie seu portf\u00f3lio e seus horizontesAmplie seu portf\u00f3lio e seus horizontes Consulte seu consultor financeiro, entre em contato conosco pelo telefone<span style=\"--tcb-applied-color: var$(--tcb-color-13) !important; color: var(--tcb-color-13) !important;\">+1-800-201-7205<\/span> ou leia abaixo para saber mais sobre a M1 Specialty.<span><img decoding=\"async\" alt=\"\" data-id=\"7474\" width=\"1200\" data-init-width=\"2119\" height=\"801\" data-init-height=\"1415\" title=\"Man on wooden walkway at dusk, Denmark\" loading=\"lazy\" src=\"https:\/\/m1specialty.com\/wp-content\/uploads\/2025\/06\/Man-at-the-end-of-a-long-pier-iStock-2191400367.jpg\" data-width=\"1200\" data-height=\"801\" style=\"aspect-ratio: auto 2119 \/ 1415;\"><\/span><\/p>\n","protected":false},"excerpt":{"rendered":"<p>Alcance suas metas financeiras com confian\u00e7aCriamos parcerias com consultores financeiros para ajudar os investidores internacionais a maximizar cada etapa da vida por meio de oportunidades em mercados de a\u00e7\u00f5es globais, com os principais gestores de fundos e os benef\u00edcios de uma estrutura fiduci\u00e1ria internacional.Alcance suas metas financeiras com confian\u00e7aCriamos parcerias com consultores financeiros para ajudar [&hellip;]<\/p>\n","protected":false},"author":8,"featured_media":0,"parent":0,"menu_order":0,"comment_status":"closed","ping_status":"closed","template":"","meta":{"inline_featured_image":false,"footnotes":""},"class_list":["post-7700","page","type-page","status-publish","hentry","post-wrapper","thrv_wrapper"],"yoast_head":"<!-- This site is optimized with the Yoast SEO Premium plugin v20.3 (Yoast SEO v20.3) - https:\/\/yoast.com\/wordpress\/plugins\/seo\/ -->\n<title>In\u00edcio<\/title>\n<meta name=\"description\" content=\"A M1 Specialty oferece produtos de poupan\u00e7a simples e eficazes de m\u00e9dio e longo prazo. Planeje seu futuro financeiro com nossos produtos abrangentes.\" \/>\n<meta name=\"robots\" content=\"index, follow, max-snippet:-1, max-image-preview:large, max-video-preview:-1\" \/>\n<link rel=\"canonical\" href=\"https:\/\/m1specialty.com\/pt-br\/\" \/>\n<meta property=\"og:locale\" content=\"pt_BR\" \/>\n<meta property=\"og:type\" content=\"article\" \/>\n<meta property=\"og:title\" content=\"Home\" \/>\n<meta property=\"og:description\" content=\"A M1 Specialty oferece produtos de poupan\u00e7a simples e eficazes de m\u00e9dio e longo prazo. Planeje seu futuro financeiro com nossos produtos abrangentes.\" \/>\n<meta property=\"og:url\" content=\"https:\/\/m1specialty.com\/pt-br\/\" \/>\n<meta property=\"og:site_name\" content=\"M1 Specialty\" \/>\n<meta property=\"article:publisher\" content=\"https:\/\/www.facebook.com\/M1Specialty\/\" \/>\n<meta property=\"article:modified_time\" content=\"2026-03-10T19:31:44+00:00\" \/>\n<meta property=\"og:image\" content=\"https:\/\/m1specialty.com\/wp-content\/uploads\/2024\/02\/M1-Banner.png\" \/>\n<meta name=\"twitter:card\" content=\"summary_large_image\" \/>\n<meta name=\"twitter:site\" content=\"@m1specialty\" \/>\n<meta name=\"twitter:label1\" content=\"Est. tempo de leitura\" \/>\n\t<meta name=\"twitter:data1\" content=\"5 minutos\" \/>\n<script type=\"application\/ld+json\" class=\"yoast-schema-graph\">{\"@context\":\"https:\/\/schema.org\",\"@graph\":[{\"@type\":\"WebPage\",\"@id\":\"https:\/\/m1specialty.com\/pt-br\/\",\"url\":\"https:\/\/m1specialty.com\/pt-br\/\",\"name\":\"In\u00edcio\",\"isPartOf\":{\"@id\":\"https:\/\/m1specialty.com\/pt-br\/#website\"},\"datePublished\":\"2025-05-30T19:20:45+00:00\",\"dateModified\":\"2026-03-10T19:31:44+00:00\",\"description\":\"A M1 Specialty oferece produtos de poupan\u00e7a simples e eficazes de m\u00e9dio e longo prazo. Planeje seu futuro financeiro com nossos produtos abrangentes.\",\"breadcrumb\":{\"@id\":\"https:\/\/m1specialty.com\/pt-br\/#breadcrumb\"},\"inLanguage\":\"pt-BR\",\"potentialAction\":[{\"@type\":\"ReadAction\",\"target\":[\"https:\/\/m1specialty.com\/pt-br\/\"]}]},{\"@type\":\"BreadcrumbList\",\"@id\":\"https:\/\/m1specialty.com\/pt-br\/#breadcrumb\",\"itemListElement\":[{\"@type\":\"ListItem\",\"position\":1,\"name\":\"Home\",\"item\":\"https:\/\/m1specialty.com\/pt-br\/\"},{\"@type\":\"ListItem\",\"position\":2,\"name\":\"Home\"}]},{\"@type\":\"WebSite\",\"@id\":\"https:\/\/m1specialty.com\/pt-br\/#website\",\"url\":\"https:\/\/m1specialty.com\/pt-br\/\",\"name\":\"M1 Specialty\",\"description\":\"Unit-Linked Insurance Solutions, simple and effective.\",\"publisher\":{\"@id\":\"https:\/\/m1specialty.com\/pt-br\/#organization\"},\"potentialAction\":[{\"@type\":\"SearchAction\",\"target\":{\"@type\":\"EntryPoint\",\"urlTemplate\":\"https:\/\/m1specialty.com\/pt-br\/?s={search_term_string}\"},\"query-input\":\"required name=search_term_string\"}],\"inLanguage\":\"pt-BR\"},{\"@type\":\"Organization\",\"@id\":\"https:\/\/m1specialty.com\/pt-br\/#organization\",\"name\":\"M1 Specialty\",\"url\":\"https:\/\/m1specialty.com\/pt-br\/\",\"logo\":{\"@type\":\"ImageObject\",\"inLanguage\":\"pt-BR\",\"@id\":\"https:\/\/m1specialty.com\/pt-br\/#\/schema\/logo\/image\/\",\"url\":\"https:\/\/m1specialty.com\/wp-content\/uploads\/2023\/03\/logo-yoast-m1.png\",\"contentUrl\":\"https:\/\/m1specialty.com\/wp-content\/uploads\/2023\/03\/logo-yoast-m1.png\",\"width\":696,\"height\":696,\"caption\":\"M1 Specialty\"},\"image\":{\"@id\":\"https:\/\/m1specialty.com\/pt-br\/#\/schema\/logo\/image\/\"},\"sameAs\":[\"https:\/\/www.facebook.com\/M1Specialty\/\",\"https:\/\/twitter.com\/m1specialty\",\"https:\/\/www.linkedin.com\/company\/m1specialty\/\",\"https:\/\/www.instagram.com\/m1specialty\/\"]}]}<\/script>\n<!-- \/ Yoast SEO Premium plugin. -->","yoast_head_json":{"title":"In\u00edcio","description":"A M1 Specialty oferece produtos de poupan\u00e7a simples e eficazes de m\u00e9dio e longo prazo. Planeje seu futuro financeiro com nossos produtos abrangentes.","robots":{"index":"index","follow":"follow","max-snippet":"max-snippet:-1","max-image-preview":"max-image-preview:large","max-video-preview":"max-video-preview:-1"},"canonical":"https:\/\/m1specialty.com\/pt-br\/","og_locale":"pt_BR","og_type":"article","og_title":"Home","og_description":"A M1 Specialty oferece produtos de poupan\u00e7a simples e eficazes de m\u00e9dio e longo prazo. Planeje seu futuro financeiro com nossos produtos abrangentes.","og_url":"https:\/\/m1specialty.com\/pt-br\/","og_site_name":"M1 Specialty","article_publisher":"https:\/\/www.facebook.com\/M1Specialty\/","article_modified_time":"2026-03-10T19:31:44+00:00","og_image":[{"url":"https:\/\/m1specialty.com\/wp-content\/uploads\/2024\/02\/M1-Banner.png"}],"twitter_card":"summary_large_image","twitter_site":"@m1specialty","twitter_misc":{"Est. tempo de leitura":"5 minutos"},"schema":{"@context":"https:\/\/schema.org","@graph":[{"@type":"WebPage","@id":"https:\/\/m1specialty.com\/pt-br\/","url":"https:\/\/m1specialty.com\/pt-br\/","name":"In\u00edcio","isPartOf":{"@id":"https:\/\/m1specialty.com\/pt-br\/#website"},"datePublished":"2025-05-30T19:20:45+00:00","dateModified":"2026-03-10T19:31:44+00:00","description":"A M1 Specialty oferece produtos de poupan\u00e7a simples e eficazes de m\u00e9dio e longo prazo. Planeje seu futuro financeiro com nossos produtos abrangentes.","breadcrumb":{"@id":"https:\/\/m1specialty.com\/pt-br\/#breadcrumb"},"inLanguage":"pt-BR","potentialAction":[{"@type":"ReadAction","target":["https:\/\/m1specialty.com\/pt-br\/"]}]},{"@type":"BreadcrumbList","@id":"https:\/\/m1specialty.com\/pt-br\/#breadcrumb","itemListElement":[{"@type":"ListItem","position":1,"name":"Home","item":"https:\/\/m1specialty.com\/pt-br\/"},{"@type":"ListItem","position":2,"name":"Home"}]},{"@type":"WebSite","@id":"https:\/\/m1specialty.com\/pt-br\/#website","url":"https:\/\/m1specialty.com\/pt-br\/","name":"M1 Specialty","description":"Unit-Linked Insurance Solutions, simple and effective.","publisher":{"@id":"https:\/\/m1specialty.com\/pt-br\/#organization"},"potentialAction":[{"@type":"SearchAction","target":{"@type":"EntryPoint","urlTemplate":"https:\/\/m1specialty.com\/pt-br\/?s={search_term_string}"},"query-input":"required name=search_term_string"}],"inLanguage":"pt-BR"},{"@type":"Organization","@id":"https:\/\/m1specialty.com\/pt-br\/#organization","name":"M1 Specialty","url":"https:\/\/m1specialty.com\/pt-br\/","logo":{"@type":"ImageObject","inLanguage":"pt-BR","@id":"https:\/\/m1specialty.com\/pt-br\/#\/schema\/logo\/image\/","url":"https:\/\/m1specialty.com\/wp-content\/uploads\/2023\/03\/logo-yoast-m1.png","contentUrl":"https:\/\/m1specialty.com\/wp-content\/uploads\/2023\/03\/logo-yoast-m1.png","width":696,"height":696,"caption":"M1 Specialty"},"image":{"@id":"https:\/\/m1specialty.com\/pt-br\/#\/schema\/logo\/image\/"},"sameAs":["https:\/\/www.facebook.com\/M1Specialty\/","https:\/\/twitter.com\/m1specialty","https:\/\/www.linkedin.com\/company\/m1specialty\/","https:\/\/www.instagram.com\/m1specialty\/"]}]}},"_links":{"self":[{"href":"https:\/\/m1specialty.com\/pt-br\/wp-json\/wp\/v2\/pages\/7700","targetHints":{"allow":["GET"]}}],"collection":[{"href":"https:\/\/m1specialty.com\/pt-br\/wp-json\/wp\/v2\/pages"}],"about":[{"href":"https:\/\/m1specialty.com\/pt-br\/wp-json\/wp\/v2\/types\/page"}],"author":[{"embeddable":true,"href":"https:\/\/m1specialty.com\/pt-br\/wp-json\/wp\/v2\/users\/8"}],"replies":[{"embeddable":true,"href":"https:\/\/m1specialty.com\/pt-br\/wp-json\/wp\/v2\/comments?post=7700"}],"version-history":[{"count":13,"href":"https:\/\/m1specialty.com\/pt-br\/wp-json\/wp\/v2\/pages\/7700\/revisions"}],"predecessor-version":[{"id":8021,"href":"https:\/\/m1specialty.com\/pt-br\/wp-json\/wp\/v2\/pages\/7700\/revisions\/8021"}],"wp:attachment":[{"href":"https:\/\/m1specialty.com\/pt-br\/wp-json\/wp\/v2\/media?parent=7700"}],"curies":[{"name":"wp","href":"https:\/\/api.w.org\/{rel}","templated":true}]}}