{"id":6524,"date":"2024-12-02T19:18:15","date_gmt":"2024-12-02T23:18:15","guid":{"rendered":"https:\/\/m1specialty.com\/bloomberg-gatr-index-data\/"},"modified":"2025-10-29T19:44:41","modified_gmt":"2025-10-29T23:44:41","slug":"bloomberg-gatr-index-data","status":"publish","type":"page","link":"https:\/\/m1specialty.com\/pt-br\/bloomberg-gatr-index-data\/","title":{"rendered":"Bloomberg GATR &#8211; Index Data"},"content":{"rendered":"<p style=\"text-align: right;\">Informa\u00e7\u00f5es do \u00edndice<\/p>\n<p style=\"\">30 de Setembro, 2025<\/p>\n<p style=\"text-align: center;\"><strong>\u00cdndice Bloomberg Global Aggregate Total Return<\/strong><\/p>\n<p>O \u00cdndice Bloomberg Global Aggregate \u00e9 uma medida importante da d\u00edvida global com grau de investimento em vinte e oito mercados de moeda local. Esse \u00edndice acompanha o desempenho dos mercados de t\u00edtulos globais com grau de investimento e taxa fixa. O \u00edndice de refer\u00eancia inclui t\u00edtulos do governo, t\u00edtulos relacionados ao governo e t\u00edtulos corporativos, al\u00e9m de t\u00edtulos lastreados em ativos, t\u00edtulos lastreados em hipotecas e t\u00edtulos lastreados em hipotecas comerciais de emissores de mercados desenvolvidos e emergentes. O \u00cdndice Global Aggregate foi criado em dezembro de 1998 e seus dados hist\u00f3ricos remontam a 1\u00ba de janeiro de 1990.Pesos por Pa\u00eds<\/p>\n<table data-rows=\"18\" data-cols=\"3\" data-v=\"middle\">\n<thead>\n<tr>\n<th style=\"\">Ranking<\/th>\n<th style=\"\">Pa\u00eds<\/th>\n<th style=\"\">%<\/th>\n<\/tr>\n<\/thead>\n<tbody>\n<tr>\n<td style=\"\" data-th=\"Ranking\"><\/td>\n<td style=\"\" data-th=\"Pa\u00eds\">\n<p>Estados Unidos<\/p>\n<\/td>\n<td style=\"\" data-th=\"%\">\n<p>41.09<\/p>\n<\/td>\n<\/tr>\n<tr>\n<td style=\"\" rowspan=\"1\" colspan=\"1\" data-th=\"Ranking\"><\/td>\n<td style=\"\" rowspan=\"1\" colspan=\"1\" data-th=\"Pa\u00eds\">\n<p>China<\/p>\n<\/td>\n<td style=\"\" rowspan=\"1\" colspan=\"1\" data-th=\"%\">\n<p>10.25<\/p>\n<\/td>\n<\/tr>\n<tr>\n<td style=\"\" rowspan=\"1\" colspan=\"1\" data-th=\"Ranking\"><\/td>\n<td style=\"\" rowspan=\"1\" colspan=\"1\" data-th=\"Pa\u00eds\">\n<p>Jap\u00e3o<\/p>\n<\/td>\n<td style=\"\" rowspan=\"1\" colspan=\"1\" data-th=\"%\">\n<p>9.80<\/p>\n<\/td>\n<\/tr>\n<tr>\n<td style=\"\" rowspan=\"1\" colspan=\"1\" data-th=\"Ranking\"><\/td>\n<td style=\"\" rowspan=\"1\" colspan=\"1\" data-th=\"Pa\u00eds\">\n<p>Fran\u00e7a<\/p>\n<\/td>\n<td style=\"\" rowspan=\"1\" colspan=\"1\" data-th=\"%\">\n<p>4.99<\/p>\n<\/td>\n<\/tr>\n<tr>\n<td style=\"\" rowspan=\"1\" colspan=\"1\" data-th=\"Ranking\"><\/td>\n<td style=\"\" rowspan=\"1\" colspan=\"1\" data-th=\"Pa\u00eds\">\n<p>Reino Unido<\/p>\n<\/td>\n<td style=\"\" rowspan=\"1\" colspan=\"1\" data-th=\"%\">\n<p>4.59<\/p>\n<\/td>\n<\/tr>\n<tr>\n<td style=\"\" rowspan=\"1\" colspan=\"1\" data-th=\"Ranking\"><\/td>\n<td style=\"\" rowspan=\"1\" colspan=\"1\" data-th=\"Pa\u00eds\">\n<p>Alemanha<\/p>\n<\/td>\n<td style=\"\" rowspan=\"1\" colspan=\"1\" data-th=\"%\">\n<p>4.57<\/p>\n<\/td>\n<\/tr>\n<tr>\n<td style=\"\" rowspan=\"1\" colspan=\"1\" data-th=\"Ranking\"><\/td>\n<td style=\"\" rowspan=\"1\" colspan=\"1\" data-th=\"Pa\u00eds\">\n<p>Canad\u00e1<\/p>\n<\/td>\n<td style=\"\" rowspan=\"1\" colspan=\"1\" data-th=\"%\">\n<p>3.46<\/p>\n<\/td>\n<\/tr>\n<tr>\n<td style=\"\" rowspan=\"1\" colspan=\"1\" data-th=\"Ranking\"><\/td>\n<td style=\"\" rowspan=\"1\" colspan=\"1\" data-th=\"Pa\u00eds\">\n<p>It\u00e1lia<\/p>\n<\/td>\n<td style=\"\" rowspan=\"1\" colspan=\"1\" data-th=\"%\">\n<p>3.12<\/p>\n<\/td>\n<\/tr>\n<tr>\n<td style=\"\" rowspan=\"1\" colspan=\"1\" data-th=\"Ranking\"><\/td>\n<td style=\"\" rowspan=\"1\" colspan=\"1\" data-th=\"Pa\u00eds\">\n<p>Supranacional<\/p>\n<\/td>\n<td style=\"\" rowspan=\"1\" colspan=\"1\" data-th=\"%\">\n<p>2.38<\/p>\n<\/td>\n<\/tr>\n<tr>\n<td style=\"\" rowspan=\"1\" colspan=\"1\" data-th=\"Ranking\"><\/td>\n<td style=\"\" rowspan=\"1\" colspan=\"1\" data-th=\"Pa\u00eds\">\n<p>Espanha<\/p>\n<\/td>\n<td style=\"\" rowspan=\"1\" colspan=\"1\" data-th=\"%\">\n<p>2.20<\/p>\n<\/td>\n<\/tr>\n<tr>\n<td style=\"\" rowspan=\"1\" colspan=\"1\" data-th=\"Ranking\"><\/td>\n<td style=\"\" rowspan=\"1\" colspan=\"1\" data-th=\"Pa\u00eds\">\n<p>Austr\u00e1lia<\/p>\n<\/td>\n<td style=\"\" rowspan=\"1\" colspan=\"1\" data-th=\"%\">\n<p>1.66<\/p>\n<\/td>\n<\/tr>\n<tr>\n<td style=\"\" rowspan=\"1\" colspan=\"1\" data-th=\"Ranking\"><\/td>\n<td style=\"\" rowspan=\"1\" colspan=\"1\" data-th=\"Pa\u00eds\">\n<p>Coreia do Sul<\/p>\n<\/td>\n<td style=\"\" rowspan=\"1\" colspan=\"1\" data-th=\"%\">\n<p>1.24<\/p>\n<\/td>\n<\/tr>\n<tr>\n<td style=\"\" rowspan=\"1\" colspan=\"1\" data-th=\"Ranking\"><\/td>\n<td style=\"\" rowspan=\"1\" colspan=\"1\" data-th=\"Pa\u00eds\">\n<p>Holanda<\/p>\n<\/td>\n<td style=\"\" rowspan=\"1\" colspan=\"1\" data-th=\"%\">\n<p>1.17<\/p>\n<\/td>\n<\/tr>\n<tr>\n<td style=\"\" rowspan=\"1\" colspan=\"1\" data-th=\"Ranking\"><\/td>\n<td style=\"\" rowspan=\"1\" colspan=\"1\" data-th=\"Pa\u00eds\">\n<p>B\u00e9lgica<\/p>\n<\/td>\n<td style=\"\" rowspan=\"1\" colspan=\"1\" data-th=\"%\">\n<p>0.88<\/p>\n<\/td>\n<\/tr>\n<tr>\n<td style=\"\" rowspan=\"1\" colspan=\"1\" data-th=\"Ranking\"><\/td>\n<td style=\"\" rowspan=\"1\" colspan=\"1\" data-th=\"Pa\u00eds\">\n<p>Su\u00ed\u00e7a<\/p>\n<\/td>\n<td style=\"\" rowspan=\"1\" colspan=\"1\" data-th=\"%\">\n<p>0.85<\/p>\n<\/td>\n<\/tr>\n<tr>\n<td style=\"\" rowspan=\"1\" colspan=\"1\" data-th=\"Ranking\"><\/td>\n<td style=\"\" rowspan=\"1\" colspan=\"1\" data-th=\"Pa\u00eds\">\n<p>\u00c1ustria<\/p>\n<\/td>\n<td style=\"\" rowspan=\"1\" colspan=\"1\" data-th=\"%\">\n<p>0.62<\/p>\n<\/td>\n<\/tr>\n<tr>\n<td style=\"\" rowspan=\"1\" colspan=\"1\" data-th=\"Ranking\"><\/td>\n<td style=\"\" rowspan=\"1\" colspan=\"1\" data-th=\"Pa\u00eds\">\n<p>Outro<\/p>\n<\/td>\n<td style=\"\" rowspan=\"1\" colspan=\"1\" data-th=\"%\">\n<p>4.38<\/p>\n<\/td>\n<\/tr>\n<\/tbody>\n<\/table>\n<p><span><img decoding=\"async\" alt=\"\" data-id=\"6262\" width=\"585\" data-init-width=\"585\" height=\"585\" data-init-height=\"585\" title=\"Bloomberg pie\" loading=\"lazy\" src=\"https:\/\/m1specialty.com\/wp-content\/uploads\/2025\/01\/Bloomberg-pie.png\" data-width=\"585\" data-height=\"585\" style=\"aspect-ratio: auto 585 \/ 585;\"><\/span>Retornos do \u00cdndiceRetornos anualizados em 30 de setembro de 2025<\/p>\n<table data-rows=\"2\" data-cols=\"6\" data-v=\"middle\">\n<thead>\n<tr>\n<th style=\"\">Header<\/th>\n<th style=\"\">Acumulado no Ano<\/th>\n<th style=\"\">1 Ano<\/th>\n<th style=\"\">3 Anos<\/th>\n<th style=\"\">5 Anos<\/th>\n<th colspan=\"1\" rowspan=\"1\" style=\"\">10 Anos<\/th>\n<\/tr>\n<\/thead>\n<tbody>\n<tr>\n<td style=\"\">Retorno<\/td>\n<td style=\"\">7.37%<\/td>\n<td style=\"\">1.72%<\/td>\n<td style=\"\">10.50%<\/td>\n<td style=\"\">-8.48%<\/td>\n<td colspan=\"1\" rowspan=\"1\" style=\"\">11.90%<\/td>\n<\/tr>\n<\/tbody>\n<\/table>\n<table data-rows=\"6\" data-cols=\"2\">\n<thead>\n<tr>\n<th>Header<\/th>\n<th>Retorno<\/th>\n<\/tr>\n<\/thead>\n<tbody>\n<tr>\n<td>Acumulado no Ano<\/td>\n<td>7.37%<\/td>\n<\/tr>\n<tr>\n<td>1 Ano<\/td>\n<td>1.72%<\/td>\n<\/tr>\n<tr>\n<td>3 Ano<\/td>\n<td>10.50%<\/td>\n<\/tr>\n<tr>\n<td rowspan=\"1\" colspan=\"1\">5 Ano<\/td>\n<td rowspan=\"1\" colspan=\"1\">-8.48%<\/td>\n<\/tr>\n<tr>\n<td>10 Ano<\/td>\n<td>11.90%<\/td>\n<\/tr>\n<\/tbody>\n<\/table>\n<p>Dados em 28 de Setembro de 2025<\/p>\n<table data-rows=\"12\" data-cols=\"3\" data-v=\"middle\">\n<thead>\n<tr>\n<th style=\"width: 120px;\">Ranking<\/th>\n<th style=\"\">Pa\u00eds<\/th>\n<th style=\"\">%<\/th>\n<\/tr>\n<\/thead>\n<tbody>\n<tr>\n<td style=\"\" data-th=\"Ranking\"><\/td>\n<td style=\"\" data-th=\"Pa\u00eds\">\n<p>Tesouro<\/p>\n<\/td>\n<td style=\"\" data-th=\"%\">\n<p>54.99<\/p>\n<\/td>\n<\/tr>\n<tr>\n<td style=\"\" rowspan=\"1\" colspan=\"1\" data-th=\"Ranking\"><\/td>\n<td style=\"\" rowspan=\"1\" colspan=\"1\" data-th=\"Pa\u00eds\">\n<p>T\u00edtulos garantidos por hipotecas<\/p>\n<\/td>\n<td style=\"\" rowspan=\"1\" colspan=\"1\" data-th=\"%\">\n<p>11.68<\/p>\n<\/td>\n<\/tr>\n<tr>\n<td style=\"\" rowspan=\"1\" colspan=\"1\" data-th=\"Ranking\"><\/td>\n<td style=\"\" rowspan=\"1\" colspan=\"1\" data-th=\"Pa\u00eds\">\n<p>Corporativo &#8211; Industrial<\/p>\n<\/td>\n<td style=\"\" rowspan=\"1\" colspan=\"1\" data-th=\"%\">\n<p>9.37<\/p>\n<\/td>\n<\/tr>\n<tr>\n<td style=\"\" rowspan=\"1\" colspan=\"1\" data-th=\"Ranking\"><\/td>\n<td style=\"\" rowspan=\"1\" colspan=\"1\" data-th=\"Pa\u00eds\">\n<p>Corporativo &#8211; Finan\u00e7as<\/p>\n<\/td>\n<td style=\"\" rowspan=\"1\" colspan=\"1\" data-th=\"%\">\n<p>7.06<\/p>\n<\/td>\n<\/tr>\n<tr>\n<td style=\"\" rowspan=\"1\" colspan=\"1\" data-th=\"Ranking\"><\/td>\n<td style=\"\" rowspan=\"1\" colspan=\"1\" data-th=\"Pa\u00eds\">\n<p>Ag\u00eancia<\/p>\n<\/td>\n<td style=\"\" rowspan=\"1\" colspan=\"1\" data-th=\"%\">\n<p>6.21<\/p>\n<\/td>\n<\/tr>\n<tr>\n<td style=\"\" rowspan=\"1\" colspan=\"1\" data-th=\"Ranking\"><\/td>\n<td style=\"\" rowspan=\"1\" colspan=\"1\" data-th=\"Pa\u00eds\">\n<p>N\u00e3o corporativos<\/p>\n<\/td>\n<td style=\"\" rowspan=\"1\" colspan=\"1\" data-th=\"%\">\n<p>4.67<\/p>\n<\/td>\n<\/tr>\n<tr>\n<td style=\"\" rowspan=\"1\" colspan=\"1\" data-th=\"Ranking\"><\/td>\n<td style=\"\" rowspan=\"1\" colspan=\"1\" data-th=\"Pa\u00eds\">\n<p>Corporativo -Utilidades<\/p>\n<\/td>\n<td style=\"\" rowspan=\"1\" colspan=\"1\" data-th=\"%\">\n<p>1.66<\/p>\n<\/td>\n<\/tr>\n<tr>\n<td style=\"\" rowspan=\"1\" colspan=\"1\" data-th=\"Ranking\"><\/td>\n<td style=\"\" rowspan=\"1\" colspan=\"1\" data-th=\"Pa\u00eds\">\n<p>CMBS<\/p>\n<\/td>\n<td style=\"\" rowspan=\"1\" colspan=\"1\" data-th=\"%\">\n<p>0.64<\/p>\n<\/td>\n<\/tr>\n<tr>\n<td style=\"\" rowspan=\"1\" colspan=\"1\" data-th=\"Ranking\"><\/td>\n<td style=\"\" rowspan=\"1\" colspan=\"1\" data-th=\"Pa\u00eds\">\n<p>Dinheiro<\/p>\n<\/td>\n<td style=\"\" rowspan=\"1\" colspan=\"1\" data-th=\"%\">\n<p>0.41<\/p>\n<\/td>\n<\/tr>\n<tr>\n<td style=\"\" rowspan=\"1\" colspan=\"1\" data-th=\"Ranking\"><\/td>\n<td style=\"\" rowspan=\"1\" colspan=\"1\" data-th=\"Pa\u00eds\">\n<p>T\u00edtulos lastreados em ativos<\/p>\n<\/td>\n<td style=\"\" rowspan=\"1\" colspan=\"1\" data-th=\"%\">\n<p>0.04<\/p>\n<\/td>\n<\/tr>\n<tr>\n<td style=\"\" rowspan=\"1\" colspan=\"1\" data-th=\"Ranking\"><\/td>\n<td style=\"\" rowspan=\"1\" colspan=\"1\" data-th=\"Pa\u00eds\">\n<p>Outro<\/p>\n<\/td>\n<td style=\"\" rowspan=\"1\" colspan=\"1\" data-th=\"%\">\n<p>2.29<\/p>\n<\/td>\n<\/tr>\n<\/tbody>\n<\/table>\n<p style=\"text-align: center;\">Representa\u00e7\u00e3o do setor<\/p>\n<p><span><img decoding=\"async\" alt=\"\" data-id=\"6257\" width=\"385\" data-init-width=\"643\" height=\"385\" data-init-height=\"643\" title=\"Bloomberg donut\" loading=\"lazy\" src=\"https:\/\/m1specialty.com\/wp-content\/uploads\/2025\/01\/Bloomberg-donut.png\" data-width=\"385\" data-height=\"385\" style=\"aspect-ratio: auto 643 \/ 643;\"><\/span>As Principais 10 Empresas<\/p>\n<table data-rows=\"7\" data-cols=\"4\">\n<thead><\/thead>\n<tbody>\n<tr>\n<td style=\"\">\n<p style=\"\">1. FNCL 2 2021 W2D<\/p>\n<\/td>\n<td style=\"\">\n<p style=\"\">0.70%<\/p>\n<\/td>\n<td style=\"\">\n<p style=\"\">7. US TREASURY N\/B 4.38 05\/15\/2034<\/p>\n<\/td>\n<td style=\"\">\n<p style=\"\">0.18%<\/p>\n<\/td>\n<\/tr>\n<tr>\n<td style=\"\">\n<p style=\"\">2. FNCL 2 2020 W2D<\/p>\n<\/td>\n<td style=\"\">\n<p style=\"\">0.48%<\/p>\n<\/td>\n<td style=\"\">\n<p style=\"\">8. TREASURY BILL N\/B 4.00 02\/15\/2034<\/p>\n<\/td>\n<td style=\"\">\n<p style=\"\">0.18%<\/p>\n<\/td>\n<\/tr>\n<tr>\n<td style=\"\">\n<p style=\"\">3. FNCL 2.5 2021 W2D<\/p>\n<\/td>\n<td style=\"\">\n<p style=\"\">0.38%<\/p>\n<\/td>\n<td style=\"\">\n<p style=\"\">9. TREASURY BILL N\/B 3.875 08\/15\/2034<\/p>\n<\/td>\n<td style=\"\">\n<p style=\"\">0.17%<\/p>\n<\/td>\n<\/tr>\n<tr>\n<td rowspan=\"1\" colspan=\"1\" style=\"\">\n<p style=\"\">4. GS2SF 2 2021 MULTI<\/p>\n<\/td>\n<td rowspan=\"1\" colspan=\"1\" style=\"\">\n<p style=\"\">0.25%<\/p>\n<\/td>\n<td rowspan=\"1\" colspan=\"1\" style=\"\">\n<p style=\"\">10. US TREASURY N\/B 4.5 11\/15\/2033<\/p>\n<\/td>\n<td rowspan=\"1\" colspan=\"1\" style=\"\">\n<p style=\"\">0.17%<\/p>\n<\/td>\n<\/tr>\n<tr>\n<td style=\"\">\n<p style=\"\">5. FNCL 2.5 2021 W2D*<\/p>\n<\/td>\n<td style=\"\">\n<p style=\"\">0.24%<\/p>\n<\/td>\n<td style=\"\">\n<p style=\"\">11. US TREASURY N\/B 3.875 08\/15\/2033<\/p>\n<\/td>\n<td style=\"\">\n<p style=\"\">0.16%<\/p>\n<\/td>\n<\/tr>\n<tr>\n<td rowspan=\"1\" colspan=\"1\" style=\"\">\n<p style=\"\">6. GS2SF 2.5 2021 MULTI*<\/p>\n<\/td>\n<td rowspan=\"1\" colspan=\"1\" style=\"\">\n<p style=\"\">0.23%<\/p>\n<\/td>\n<td rowspan=\"1\" colspan=\"1\" style=\"\">\n<p style=\"\">12. GS2SF 2.5 2020 MULTI<\/p>\n<\/td>\n<td rowspan=\"1\" colspan=\"1\" style=\"\">\n<p style=\"\">0.15%<\/p>\n<\/td>\n<\/tr>\n<tr>\n<td rowspan=\"1\" colspan=\"2\" style=\"\">\n<p style=\"\"><span style=\"\">*FNCL s\u00e3o t\u00edtulos lastreados em hipotecas da Fannie\/Freddie Mac dos EUA<\/span><\/p>\n<p style=\"\"><span style=\"\">*G2SF s\u00e3o t\u00edtulos garantidos por hipotecas da Ginnie Mae<\/span><\/p>\n<\/td>\n<td rowspan=\"1\" colspan=\"1\" style=\"\">\n<p style=\"\">13. US TREASURY N\/B 4.18 11\/15\/2032<\/p>\n<\/td>\n<td rowspan=\"1\" colspan=\"1\" style=\"\">\n<p style=\"\">0.15%<\/p>\n<\/td>\n<\/tr>\n<\/tbody>\n<\/table>\n<table data-rows=\"13\" data-cols=\"2\">\n<thead><\/thead>\n<tbody>\n<tr>\n<td>\n<p style=\"\">1. FNCL 2 2021 W2D<\/p>\n<\/td>\n<td>\n<p style=\"\">0.70%<\/p>\n<\/td>\n<\/tr>\n<tr>\n<td>\n<p style=\"\">2. FNCL 2 2020 W2D<\/p>\n<\/td>\n<td>\n<p style=\"\">0.48%<\/p>\n<\/td>\n<\/tr>\n<tr>\n<td>\n<p style=\"\">3. FNCL 2.5 2021 W2D<\/p>\n<\/td>\n<td>\n<p style=\"\">0.38%<\/p>\n<\/td>\n<\/tr>\n<tr>\n<td rowspan=\"1\" colspan=\"1\">\n<p style=\"\">4. GS2SF 2 2021 MULTI<\/p>\n<\/td>\n<td rowspan=\"1\" colspan=\"1\">\n<p style=\"\">0.25%<\/p>\n<\/td>\n<\/tr>\n<tr>\n<td>\n<p style=\"\">5. FNCL 2.5 2021 W2D<\/p>\n<\/td>\n<td>\n<p style=\"\">0.24%<\/p>\n<\/td>\n<\/tr>\n<tr>\n<td rowspan=\"1\" colspan=\"1\">\n<p style=\"\">6. GS2SF 2.5 2021 MULTI<\/p>\n<\/td>\n<td rowspan=\"1\" colspan=\"1\">\n<p style=\"\">0.23%<\/p>\n<\/td>\n<\/tr>\n<tr>\n<td rowspan=\"1\" colspan=\"1\">\n<p style=\"\">7. US TREASURY N\/B 4.38 05\/15\/2034<\/p>\n<\/td>\n<td rowspan=\"1\" colspan=\"1\">\n<p style=\"\">0.18%<\/p>\n<\/td>\n<\/tr>\n<tr>\n<td rowspan=\"1\" colspan=\"1\">\n<p style=\"\">8. TREASURY BILL N\/B 4.00 02\/15\/2034<\/p>\n<\/td>\n<td rowspan=\"1\" colspan=\"1\">\n<p style=\"\">0.18%<\/p>\n<\/td>\n<\/tr>\n<tr>\n<td rowspan=\"1\" colspan=\"1\">\n<p style=\"\">9. TREASURY BILL N\/B 3.875 08\/15\/2034<\/p>\n<\/td>\n<td rowspan=\"1\" colspan=\"1\">\n<p style=\"\">0.17%<\/p>\n<\/td>\n<\/tr>\n<tr>\n<td rowspan=\"1\" colspan=\"1\">\n<p style=\"\">10. US TREASURY N\/B 4.5 11\/15\/2033<\/p>\n<\/td>\n<td rowspan=\"1\" colspan=\"1\">\n<p style=\"\">0.17%<\/p>\n<\/td>\n<\/tr>\n<tr>\n<td rowspan=\"1\" colspan=\"1\">\n<p style=\"\">11. US TREASURY N\/B 3.875 08\/15\/2033<\/p>\n<\/td>\n<td rowspan=\"1\" colspan=\"1\">\n<p style=\"\">0.16%<\/p>\n<\/td>\n<\/tr>\n<tr>\n<td rowspan=\"1\" colspan=\"1\">\n<p style=\"\">12. GS2SF 2.5 2020 MULTI<\/p>\n<\/td>\n<td rowspan=\"1\" colspan=\"1\">\n<p style=\"\">0.15%<\/p>\n<\/td>\n<\/tr>\n<tr>\n<td rowspan=\"1\" colspan=\"1\">\n<p style=\"\">13. US TREASURY N\/B 4.18 11\/15\/2032<\/p>\n<\/td>\n<td rowspan=\"1\" colspan=\"1\">\n<p style=\"\">0.15%<\/p>\n<\/td>\n<\/tr>\n<\/tbody>\n<\/table>\n<p><span style=\"font-size: 0.7em !important;\">*FNCL s\u00e3o t\u00edtulos lastreados em hipotecas da Fannie\/Freddie Mac dos EUA<\/span><\/p>\n<p><span style=\"font-size: 0.7em !important;\">*G2SF s\u00e3o t\u00edtulos garantidos por hipotecas da Ginnie Mae<\/span><\/p>\n<p>LINK PARA O \u00cdNDICE<a href=\"https:\/\/www.bloomberg.com\/quote\/LEGATRUU:IND\" target=\"_blank\" style=\"outline: none;\">LEGATRUU Quote &#8211; Bloomberg Global-Aggregate Total Return Index Value Unhedged USD<\/a><\/p>\n","protected":false},"excerpt":{"rendered":"<p>Informa\u00e7\u00f5es do \u00edndice 30 de Setembro, 2025 \u00cdndice Bloomberg Global Aggregate Total Return O \u00cdndice Bloomberg Global Aggregate \u00e9 uma medida importante da d\u00edvida global com grau de investimento em vinte e oito mercados de moeda local. Esse \u00edndice acompanha o desempenho dos mercados de t\u00edtulos globais com grau de investimento e taxa fixa. O [&hellip;]<\/p>\n","protected":false},"author":8,"featured_media":0,"parent":0,"menu_order":0,"comment_status":"closed","ping_status":"closed","template":"","meta":{"inline_featured_image":false,"footnotes":""},"class_list":["post-6524","page","type-page","status-publish","hentry","post-wrapper","thrv_wrapper"],"yoast_head":"<!-- This site is optimized with the Yoast SEO Premium plugin v20.3 (Yoast SEO v20.3) - https:\/\/yoast.com\/wordpress\/plugins\/seo\/ -->\n<title>Bloomberg GATR - Index Data | M1 Specialty<\/title>\n<meta name=\"robots\" content=\"index, follow, max-snippet:-1, max-image-preview:large, max-video-preview:-1\" \/>\n<link rel=\"canonical\" href=\"https:\/\/m1specialty.com\/pt-br\/bloomberg-gatr-index-data\/\" \/>\n<meta property=\"og:locale\" content=\"pt_BR\" \/>\n<meta property=\"og:type\" content=\"article\" \/>\n<meta property=\"og:title\" content=\"Bloomberg GATR - Index Data\" \/>\n<meta property=\"og:description\" content=\"Informa\u00e7\u00f5es do \u00edndice 30 de Setembro, 2025 \u00cdndice Bloomberg Global Aggregate Total Return O \u00cdndice Bloomberg Global Aggregate \u00e9 uma medida importante da d\u00edvida global com grau de investimento em vinte e oito mercados de moeda local. Esse \u00edndice acompanha o desempenho dos mercados de t\u00edtulos globais com grau de investimento e taxa fixa. O [&hellip;]\" \/>\n<meta property=\"og:url\" content=\"https:\/\/m1specialty.com\/pt-br\/bloomberg-gatr-index-data\/\" \/>\n<meta property=\"og:site_name\" content=\"M1 Specialty\" \/>\n<meta property=\"article:publisher\" content=\"https:\/\/www.facebook.com\/M1Specialty\/\" \/>\n<meta property=\"article:modified_time\" content=\"2025-10-29T23:44:41+00:00\" \/>\n<meta property=\"og:image\" content=\"https:\/\/m1specialty.com\/wp-content\/uploads\/2025\/01\/Bloomberg-pie.png\" \/>\n<meta name=\"twitter:card\" content=\"summary_large_image\" \/>\n<meta name=\"twitter:site\" content=\"@m1specialty\" \/>\n<meta name=\"twitter:label1\" content=\"Est. tempo de leitura\" \/>\n\t<meta name=\"twitter:data1\" content=\"2 minutos\" \/>\n<script type=\"application\/ld+json\" class=\"yoast-schema-graph\">{\"@context\":\"https:\/\/schema.org\",\"@graph\":[{\"@type\":\"WebPage\",\"@id\":\"https:\/\/m1specialty.com\/pt-br\/bloomberg-gatr-index-data\/\",\"url\":\"https:\/\/m1specialty.com\/pt-br\/bloomberg-gatr-index-data\/\",\"name\":\"Bloomberg GATR - Index Data | M1 Specialty\",\"isPartOf\":{\"@id\":\"https:\/\/m1specialty.com\/pt-br\/#website\"},\"datePublished\":\"2024-12-02T23:18:15+00:00\",\"dateModified\":\"2025-10-29T23:44:41+00:00\",\"breadcrumb\":{\"@id\":\"https:\/\/m1specialty.com\/pt-br\/bloomberg-gatr-index-data\/#breadcrumb\"},\"inLanguage\":\"pt-BR\",\"potentialAction\":[{\"@type\":\"ReadAction\",\"target\":[\"https:\/\/m1specialty.com\/pt-br\/bloomberg-gatr-index-data\/\"]}]},{\"@type\":\"BreadcrumbList\",\"@id\":\"https:\/\/m1specialty.com\/pt-br\/bloomberg-gatr-index-data\/#breadcrumb\",\"itemListElement\":[{\"@type\":\"ListItem\",\"position\":1,\"name\":\"Home\",\"item\":\"https:\/\/m1specialty.com\/pt-br\/\"},{\"@type\":\"ListItem\",\"position\":2,\"name\":\"Bloomberg GATR &#8211; Index Data\"}]},{\"@type\":\"WebSite\",\"@id\":\"https:\/\/m1specialty.com\/pt-br\/#website\",\"url\":\"https:\/\/m1specialty.com\/pt-br\/\",\"name\":\"M1 Specialty\",\"description\":\"Unit-Linked Insurance Solutions, simple and effective.\",\"publisher\":{\"@id\":\"https:\/\/m1specialty.com\/pt-br\/#organization\"},\"potentialAction\":[{\"@type\":\"SearchAction\",\"target\":{\"@type\":\"EntryPoint\",\"urlTemplate\":\"https:\/\/m1specialty.com\/pt-br\/?s={search_term_string}\"},\"query-input\":\"required name=search_term_string\"}],\"inLanguage\":\"pt-BR\"},{\"@type\":\"Organization\",\"@id\":\"https:\/\/m1specialty.com\/pt-br\/#organization\",\"name\":\"M1 Specialty\",\"url\":\"https:\/\/m1specialty.com\/pt-br\/\",\"logo\":{\"@type\":\"ImageObject\",\"inLanguage\":\"pt-BR\",\"@id\":\"https:\/\/m1specialty.com\/pt-br\/#\/schema\/logo\/image\/\",\"url\":\"https:\/\/m1specialty.com\/wp-content\/uploads\/2023\/03\/logo-yoast-m1.png\",\"contentUrl\":\"https:\/\/m1specialty.com\/wp-content\/uploads\/2023\/03\/logo-yoast-m1.png\",\"width\":696,\"height\":696,\"caption\":\"M1 Specialty\"},\"image\":{\"@id\":\"https:\/\/m1specialty.com\/pt-br\/#\/schema\/logo\/image\/\"},\"sameAs\":[\"https:\/\/www.facebook.com\/M1Specialty\/\",\"https:\/\/twitter.com\/m1specialty\",\"https:\/\/www.linkedin.com\/company\/m1specialty\/\",\"https:\/\/www.instagram.com\/m1specialty\/\"]}]}<\/script>\n<!-- \/ Yoast SEO Premium plugin. -->","yoast_head_json":{"title":"Bloomberg GATR - Index Data | M1 Specialty","robots":{"index":"index","follow":"follow","max-snippet":"max-snippet:-1","max-image-preview":"max-image-preview:large","max-video-preview":"max-video-preview:-1"},"canonical":"https:\/\/m1specialty.com\/pt-br\/bloomberg-gatr-index-data\/","og_locale":"pt_BR","og_type":"article","og_title":"Bloomberg GATR - Index Data","og_description":"Informa\u00e7\u00f5es do \u00edndice 30 de Setembro, 2025 \u00cdndice Bloomberg Global Aggregate Total Return O \u00cdndice Bloomberg Global Aggregate \u00e9 uma medida importante da d\u00edvida global com grau de investimento em vinte e oito mercados de moeda local. Esse \u00edndice acompanha o desempenho dos mercados de t\u00edtulos globais com grau de investimento e taxa fixa. O [&hellip;]","og_url":"https:\/\/m1specialty.com\/pt-br\/bloomberg-gatr-index-data\/","og_site_name":"M1 Specialty","article_publisher":"https:\/\/www.facebook.com\/M1Specialty\/","article_modified_time":"2025-10-29T23:44:41+00:00","og_image":[{"url":"https:\/\/m1specialty.com\/wp-content\/uploads\/2025\/01\/Bloomberg-pie.png"}],"twitter_card":"summary_large_image","twitter_site":"@m1specialty","twitter_misc":{"Est. tempo de leitura":"2 minutos"},"schema":{"@context":"https:\/\/schema.org","@graph":[{"@type":"WebPage","@id":"https:\/\/m1specialty.com\/pt-br\/bloomberg-gatr-index-data\/","url":"https:\/\/m1specialty.com\/pt-br\/bloomberg-gatr-index-data\/","name":"Bloomberg GATR - Index Data | M1 Specialty","isPartOf":{"@id":"https:\/\/m1specialty.com\/pt-br\/#website"},"datePublished":"2024-12-02T23:18:15+00:00","dateModified":"2025-10-29T23:44:41+00:00","breadcrumb":{"@id":"https:\/\/m1specialty.com\/pt-br\/bloomberg-gatr-index-data\/#breadcrumb"},"inLanguage":"pt-BR","potentialAction":[{"@type":"ReadAction","target":["https:\/\/m1specialty.com\/pt-br\/bloomberg-gatr-index-data\/"]}]},{"@type":"BreadcrumbList","@id":"https:\/\/m1specialty.com\/pt-br\/bloomberg-gatr-index-data\/#breadcrumb","itemListElement":[{"@type":"ListItem","position":1,"name":"Home","item":"https:\/\/m1specialty.com\/pt-br\/"},{"@type":"ListItem","position":2,"name":"Bloomberg GATR &#8211; Index Data"}]},{"@type":"WebSite","@id":"https:\/\/m1specialty.com\/pt-br\/#website","url":"https:\/\/m1specialty.com\/pt-br\/","name":"M1 Specialty","description":"Unit-Linked Insurance Solutions, simple and effective.","publisher":{"@id":"https:\/\/m1specialty.com\/pt-br\/#organization"},"potentialAction":[{"@type":"SearchAction","target":{"@type":"EntryPoint","urlTemplate":"https:\/\/m1specialty.com\/pt-br\/?s={search_term_string}"},"query-input":"required name=search_term_string"}],"inLanguage":"pt-BR"},{"@type":"Organization","@id":"https:\/\/m1specialty.com\/pt-br\/#organization","name":"M1 Specialty","url":"https:\/\/m1specialty.com\/pt-br\/","logo":{"@type":"ImageObject","inLanguage":"pt-BR","@id":"https:\/\/m1specialty.com\/pt-br\/#\/schema\/logo\/image\/","url":"https:\/\/m1specialty.com\/wp-content\/uploads\/2023\/03\/logo-yoast-m1.png","contentUrl":"https:\/\/m1specialty.com\/wp-content\/uploads\/2023\/03\/logo-yoast-m1.png","width":696,"height":696,"caption":"M1 Specialty"},"image":{"@id":"https:\/\/m1specialty.com\/pt-br\/#\/schema\/logo\/image\/"},"sameAs":["https:\/\/www.facebook.com\/M1Specialty\/","https:\/\/twitter.com\/m1specialty","https:\/\/www.linkedin.com\/company\/m1specialty\/","https:\/\/www.instagram.com\/m1specialty\/"]}]}},"_links":{"self":[{"href":"https:\/\/m1specialty.com\/pt-br\/wp-json\/wp\/v2\/pages\/6524","targetHints":{"allow":["GET"]}}],"collection":[{"href":"https:\/\/m1specialty.com\/pt-br\/wp-json\/wp\/v2\/pages"}],"about":[{"href":"https:\/\/m1specialty.com\/pt-br\/wp-json\/wp\/v2\/types\/page"}],"author":[{"embeddable":true,"href":"https:\/\/m1specialty.com\/pt-br\/wp-json\/wp\/v2\/users\/8"}],"replies":[{"embeddable":true,"href":"https:\/\/m1specialty.com\/pt-br\/wp-json\/wp\/v2\/comments?post=6524"}],"version-history":[{"count":24,"href":"https:\/\/m1specialty.com\/pt-br\/wp-json\/wp\/v2\/pages\/6524\/revisions"}],"predecessor-version":[{"id":7896,"href":"https:\/\/m1specialty.com\/pt-br\/wp-json\/wp\/v2\/pages\/6524\/revisions\/7896"}],"wp:attachment":[{"href":"https:\/\/m1specialty.com\/pt-br\/wp-json\/wp\/v2\/media?parent=6524"}],"curies":[{"name":"wp","href":"https:\/\/api.w.org\/{rel}","templated":true}]}}