{"id":6503,"date":"2024-12-02T12:38:08","date_gmt":"2024-12-02T16:38:08","guid":{"rendered":"https:\/\/m1specialty.com\/euro-stoxx-index-data\/"},"modified":"2025-10-29T19:54:17","modified_gmt":"2025-10-29T23:54:17","slug":"euro-stoxx-index-data","status":"publish","type":"page","link":"https:\/\/m1specialty.com\/pt-br\/euro-stoxx-index-data\/","title":{"rendered":"EURO STOXX &#8211; Index Data"},"content":{"rendered":"<p style=\"text-align: right;\">Informa\u00e7\u00f5es do \u00edndice<\/p>\n<p>30 de Setembro, 2025<\/p>\n<p style=\"text-align: center;\"><strong>\u00cdndice EURO STOXX 50<\/strong><\/p>\n<p>O EURO STOXX 50 \u00e9 derivado do \u00edndice EURO STOXX e representa o desempenho das 50 maiores empresas entre os 20 supersetores em termos de capitaliza\u00e7\u00e3o de mercado free-float na zona do euro. O \u00edndice tem um n\u00famero fixo de componentes e faz parte da fam\u00edlia de \u00edndices STOXX blue-chip.O \u00edndice captura cerca de 60% da capitaliza\u00e7\u00e3o de mercado free-float do EURO STOXX Total Market Index (TMI).Pesos por Pa\u00eds<\/p>\n<table data-rows=\"8\" data-cols=\"3\" data-v=\"middle\" style=\"\">\n<thead>\n<tr>\n<th style=\"\">Ranking<\/th>\n<th style=\"\">Pa\u00eds<\/th>\n<th style=\"\">%<\/th>\n<\/tr>\n<\/thead>\n<tbody>\n<tr>\n<td style=\"\" data-th=\"Ranking\"><\/td>\n<td style=\"\" data-th=\"Pa\u00eds\">\n<p>Fran\u00e7a<\/p>\n<\/td>\n<td style=\"\" data-th=\"%\">\n<p>39.10<\/p>\n<\/td>\n<\/tr>\n<tr>\n<td style=\"\" rowspan=\"1\" colspan=\"1\" data-th=\"Ranking\"><\/td>\n<td style=\"\" rowspan=\"1\" colspan=\"1\" data-th=\"Pa\u00eds\">\n<p>Alemanha<\/p>\n<\/td>\n<td style=\"\" rowspan=\"1\" colspan=\"1\" data-th=\"%\">\n<p>28.10<\/p>\n<\/td>\n<\/tr>\n<tr>\n<td style=\"\" rowspan=\"1\" colspan=\"1\" data-th=\"Ranking\"><\/td>\n<td style=\"\" rowspan=\"1\" colspan=\"1\" data-th=\"Pa\u00eds\">\n<p>Holanda<\/p>\n<\/td>\n<td style=\"\" rowspan=\"1\" colspan=\"1\" data-th=\"%\">\n<p>14.20<\/p>\n<\/td>\n<\/tr>\n<tr>\n<td style=\"\" rowspan=\"1\" colspan=\"1\" data-th=\"Ranking\"><\/td>\n<td style=\"\" rowspan=\"1\" colspan=\"1\" data-th=\"Pa\u00eds\">\n<p>It\u00e1lia<\/p>\n<\/td>\n<td style=\"\" rowspan=\"1\" colspan=\"1\" data-th=\"%\">\n<p>7.90<\/p>\n<\/td>\n<\/tr>\n<tr>\n<td style=\"\" rowspan=\"1\" colspan=\"1\" data-th=\"Ranking\"><\/td>\n<td style=\"\" rowspan=\"1\" colspan=\"1\" data-th=\"Pa\u00eds\">\n<p>Espanha<\/p>\n<\/td>\n<td style=\"\" rowspan=\"1\" colspan=\"1\" data-th=\"%\">\n<p>7.50<\/p>\n<\/td>\n<\/tr>\n<tr>\n<td style=\"\" rowspan=\"1\" colspan=\"1\" data-th=\"Ranking\"><\/td>\n<td style=\"\" rowspan=\"1\" colspan=\"1\" data-th=\"Pa\u00eds\">\n<p>Finl\u00e2ndia<\/p>\n<\/td>\n<td style=\"\" rowspan=\"1\" colspan=\"1\" data-th=\"%\">\n<p>1.80<\/p>\n<\/td>\n<\/tr>\n<tr>\n<td style=\"\" rowspan=\"1\" colspan=\"1\" data-th=\"Ranking\"><\/td>\n<td style=\"\" rowspan=\"1\" colspan=\"1\" data-th=\"Pa\u00eds\">\n<p>B\u00e9lgica<\/p>\n<\/td>\n<td style=\"\" rowspan=\"1\" colspan=\"1\" data-th=\"%\">\n<p>1.50<\/p>\n<\/td>\n<\/tr>\n<\/tbody>\n<\/table>\n<p><span><img decoding=\"async\" alt=\"\" data-id=\"6248\" width=\"428\" data-init-width=\"409\" height=\"428\" data-init-height=\"409\" title=\"EURO STOXX 50 pie\" loading=\"lazy\" src=\"https:\/\/m1specialty.com\/wp-content\/uploads\/2025\/01\/EURO-STOXX-50-pie.png\" data-width=\"428\" data-height=\"428\" style=\"aspect-ratio: auto 409 \/ 409;\"><\/span>Retornos do \u00cdndiceRetornos Anuais<\/p>\n<table data-rows=\"2\" data-cols=\"5\" data-v=\"middle\">\n<thead>\n<tr>\n<th style=\"\">Header<\/th>\n<th style=\"\">Acumulado no Ano<\/th>\n<th style=\"\">1 Ano<\/th>\n<th style=\"\">3 Anos<\/th>\n<th style=\"\">5 Anos<\/th>\n<\/tr>\n<\/thead>\n<tbody>\n<tr>\n<td style=\"\">Retornos L\u00edquidos<\/td>\n<td style=\"\">12.90%<\/td>\n<td style=\"\">10.80%<\/td>\n<td style=\"\">18.80%<\/td>\n<td style=\"\">11.70%<\/td>\n<\/tr>\n<\/tbody>\n<\/table>\n<table data-rows=\"5\" data-cols=\"2\">\n<thead>\n<tr>\n<th>Header<\/th>\n<th>Retornos Liquidos<\/th>\n<\/tr>\n<\/thead>\n<tbody>\n<tr>\n<td>Acumulado do Ano<\/td>\n<td>12.90%<\/td>\n<\/tr>\n<tr>\n<td>1 Ano<\/td>\n<td>10.80%<\/td>\n<\/tr>\n<tr>\n<td>3 Ano<\/td>\n<td>18.80%<\/td>\n<\/tr>\n<tr>\n<td rowspan=\"1\" colspan=\"1\">5 Ano<\/td>\n<td rowspan=\"1\" colspan=\"1\">11.70%<\/td>\n<\/tr>\n<\/tbody>\n<\/table>\n<p>Dados em 30 de setembro de 2025<\/p>\n<table data-rows=\"11\" data-cols=\"3\" data-v=\"middle\" style=\"\">\n<thead>\n<tr>\n<th style=\"width: 120px;\">Rank<\/th>\n<th style=\"\">Sectors<\/th>\n<th style=\"\">%<\/th>\n<\/tr>\n<\/thead>\n<tbody>\n<tr>\n<td style=\"\" data-th=\"Rank\"><\/td>\n<td style=\"\" data-th=\"Sectors\">\n<p>Tecnologia<\/p>\n<\/td>\n<td style=\"\" data-th=\"%\">\n<p>17.80<\/p>\n<\/td>\n<\/tr>\n<tr>\n<td style=\"\" rowspan=\"1\" colspan=\"1\" data-th=\"Rank\"><\/td>\n<td style=\"\" rowspan=\"1\" colspan=\"1\" data-th=\"Sectors\">\n<p>Produtos e Servi\u00e7os Industriais<\/p>\n<\/td>\n<td style=\"\" rowspan=\"1\" colspan=\"1\" data-th=\"%\">\n<p>15.40<\/p>\n<\/td>\n<\/tr>\n<tr>\n<td style=\"\" rowspan=\"1\" colspan=\"1\" data-th=\"Rank\"><\/td>\n<td style=\"\" rowspan=\"1\" colspan=\"1\" data-th=\"Sectors\">\n<p>Bancos<\/p>\n<\/td>\n<td style=\"\" rowspan=\"1\" colspan=\"1\" data-th=\"%\">\n<p>11.40<\/p>\n<\/td>\n<\/tr>\n<tr>\n<td style=\"\" rowspan=\"1\" colspan=\"1\" data-th=\"Rank\"><\/td>\n<td style=\"\" rowspan=\"1\" colspan=\"1\" data-th=\"Sectors\">\n<p>Produtos e Servi\u00e7os para o Consumidor<\/p>\n<\/td>\n<td style=\"\" rowspan=\"1\" colspan=\"1\" data-th=\"%\">\n<p>11.30<\/p>\n<\/td>\n<\/tr>\n<tr>\n<td style=\"\" rowspan=\"1\" colspan=\"1\" data-th=\"Rank\"><\/td>\n<td style=\"\" rowspan=\"1\" colspan=\"1\" data-th=\"Sectors\">\n<p>Seguros<\/p>\n<\/td>\n<td style=\"\" rowspan=\"1\" colspan=\"1\" data-th=\"%\">\n<p>7.10<\/p>\n<\/td>\n<\/tr>\n<tr>\n<td style=\"\" rowspan=\"1\" colspan=\"1\" data-th=\"Rank\"><\/td>\n<td style=\"\" rowspan=\"1\" colspan=\"1\" data-th=\"Sectors\">\n<p>Sa\u00fade<\/p>\n<\/td>\n<td style=\"\" rowspan=\"1\" colspan=\"1\" data-th=\"%\">\n<p>5.80<\/p>\n<\/td>\n<\/tr>\n<tr>\n<td style=\"\" rowspan=\"1\" colspan=\"1\" data-th=\"Rank\"><\/td>\n<td style=\"\" rowspan=\"1\" colspan=\"1\" data-th=\"Sectors\">\n<p>Autom\u00f3veis e pe\u00e7as<\/p>\n<\/td>\n<td style=\"\" rowspan=\"1\" colspan=\"1\" data-th=\"%\">\n<p>4.40<\/p>\n<\/td>\n<\/tr>\n<tr>\n<td style=\"\" rowspan=\"1\" colspan=\"1\" data-th=\"Rank\"><\/td>\n<td style=\"\" rowspan=\"1\" colspan=\"1\" data-th=\"Sectors\">\n<p>Energia<\/p>\n<\/td>\n<td style=\"\" rowspan=\"1\" colspan=\"1\" data-th=\"%\">\n<p>4.30<\/p>\n<\/td>\n<\/tr>\n<tr>\n<td style=\"\" rowspan=\"1\" colspan=\"1\" data-th=\"Rank\"><\/td>\n<td style=\"\" rowspan=\"1\" colspan=\"1\" data-th=\"Sectors\">\n<p>Produtos qu\u00edmicos<\/p>\n<\/td>\n<td style=\"\" rowspan=\"1\" colspan=\"1\" data-th=\"%\">\n<p>3.80<\/p>\n<\/td>\n<\/tr>\n<tr>\n<td style=\"\" rowspan=\"1\" colspan=\"1\" data-th=\"Rank\"><\/td>\n<td style=\"\" rowspan=\"1\" colspan=\"1\" data-th=\"Sectors\">\n<p>Utilidades<\/p>\n<\/td>\n<td style=\"\" rowspan=\"1\" colspan=\"1\" data-th=\"%\">\n<p>3.80<\/p>\n<\/td>\n<\/tr>\n<\/tbody>\n<\/table>\n<p style=\"text-align: center;\">Representa\u00e7\u00e3o do setor<\/p>\n<p><span><img decoding=\"async\" alt=\"\" data-id=\"6243\" width=\"414\" data-init-width=\"472\" height=\"413\" data-init-height=\"471\" title=\"EURO STOXX 50 donut\" loading=\"lazy\" src=\"https:\/\/m1specialty.com\/wp-content\/uploads\/2025\/01\/EURO-STOXX-50-donut.png\" data-width=\"414\" data-height=\"413\" style=\"aspect-ratio: auto 472 \/ 471;\"><\/span>As Principais 10 Empresas<\/p>\n<table data-rows=\"10\" data-cols=\"4\">\n<thead><\/thead>\n<tbody>\n<tr>\n<td data-th=\"\">\n<p style=\"text-align: left;\">1. ASML Holdings<\/p>\n<\/td>\n<td colspan=\"1\" rowspan=\"1\" data-th=\"\">\n<p style=\"text-align: justify;\">Holanda<\/p>\n<\/td>\n<td colspan=\"1\" rowspan=\"1\" data-th=\"\">\n<p style=\"text-align: center;\">7.92%<\/p>\n<\/td>\n<td data-th=\"\">\n<p style=\"\">Tecnologia<\/p>\n<\/td>\n<\/tr>\n<tr>\n<td data-th=\"1. ASML Holdings\">\n<p style=\"text-align: left;\">2. SAP<\/p>\n<\/td>\n<td colspan=\"1\" rowspan=\"1\" data-th=\"Netherlands\">\n<p style=\"text-align: left;\">Alemanha<\/p>\n<\/td>\n<td colspan=\"1\" rowspan=\"1\" data-th=\"8.48%\">\n<p style=\"text-align: center;\">7.05%<\/p>\n<\/td>\n<td data-th=\"Technology\">\n<p style=\"\">Tecnologia da Informa\u00e7\u00e3o<\/p>\n<\/td>\n<\/tr>\n<tr>\n<td data-th=\"1. ASML Holdings\">\n<p style=\"text-align: left;\">3.LVMH Moet Hennessy&nbsp;<\/p>\n<\/td>\n<td colspan=\"1\" rowspan=\"1\" data-th=\"Netherlands\">\n<p style=\"text-align: left;\">Fran\u00e7a<\/p>\n<\/td>\n<td colspan=\"1\" rowspan=\"1\" data-th=\"8.48%\">\n<p style=\"text-align: center;\">4.74%<\/p>\n<\/td>\n<td data-th=\"Technology\">\n<p style=\"\">Produtos e Servi\u00e7os para o Consumidor<\/p>\n<\/td>\n<\/tr>\n<tr>\n<td rowspan=\"1\" colspan=\"1\" data-th=\"1. ASML Holdings\">\n<p style=\"text-align: left;\">4. Siemens<\/p>\n<\/td>\n<td rowspan=\"1\" colspan=\"1\" data-th=\"Netherlands\">\n<p style=\"text-align: left;\">Alemanha<\/p>\n<\/td>\n<td rowspan=\"1\" colspan=\"1\" data-th=\"8.48%\">\n<p style=\"text-align: center;\">4.14%<\/p>\n<\/td>\n<td rowspan=\"1\" colspan=\"1\" data-th=\"Technology\">\n<p style=\"\">Produtos e Servi\u00e7os Industriais<\/p>\n<\/td>\n<\/tr>\n<tr>\n<td data-th=\"1. ASML Holdings\">\n<p style=\"text-align: left;\">5. Schneider Electric<\/p>\n<\/td>\n<td colspan=\"1\" rowspan=\"1\" data-th=\"Netherlands\">\n<p style=\"text-align: left;\">Fran\u00e7a<\/p>\n<\/td>\n<td colspan=\"1\" rowspan=\"1\" data-th=\"8.48%\">\n<p style=\"text-align: center;\">4.05%<\/p>\n<\/td>\n<td data-th=\"Technology\">\n<p style=\"\">Produtos e Servi\u00e7os Industriais<\/p>\n<\/td>\n<\/tr>\n<tr>\n<td rowspan=\"1\" colspan=\"1\" data-th=\"1. ASML Holdings\">\n<p style=\"text-align: left;\">6. Total Energies<\/p>\n<\/td>\n<td rowspan=\"1\" colspan=\"1\" data-th=\"Netherlands\">\n<p style=\"text-align: left;\">Fran\u00e7a<\/p>\n<\/td>\n<td rowspan=\"1\" colspan=\"1\" data-th=\"8.48%\">\n<p style=\"text-align: center;\">3.53%<\/p>\n<\/td>\n<td rowspan=\"1\" colspan=\"1\" data-th=\"Technology\">\n<p style=\"\">Energia<\/p>\n<\/td>\n<\/tr>\n<tr>\n<td rowspan=\"1\" colspan=\"1\" data-th=\"1. ASML Holdings\">\n<p style=\"text-align: left;\">7. Allianz<\/p>\n<\/td>\n<td rowspan=\"1\" colspan=\"1\" data-th=\"Netherlands\">\n<p style=\"text-align: left;\">Alemanha<\/p>\n<\/td>\n<td rowspan=\"1\" colspan=\"1\" data-th=\"8.48%\">\n<p style=\"text-align: center;\">3.39%<\/p>\n<\/td>\n<td rowspan=\"1\" colspan=\"1\" data-th=\"Technology\">\n<p style=\"\">Seguros<\/p>\n<\/td>\n<\/tr>\n<tr>\n<td rowspan=\"1\" colspan=\"1\" data-th=\"1. ASML Holdings\">\n<p style=\"text-align: left;\">8. Sanofi<\/p>\n<\/td>\n<td rowspan=\"1\" colspan=\"1\" data-th=\"Netherlands\">\n<p style=\"text-align: left;\">Fran\u00e7a<\/p>\n<\/td>\n<td rowspan=\"1\" colspan=\"1\" data-th=\"8.48%\">\n<p style=\"text-align: center;\">3.15%<\/p>\n<\/td>\n<td rowspan=\"1\" colspan=\"1\" data-th=\"Technology\">\n<p style=\"\">Sa\u00fade<\/p>\n<\/td>\n<\/tr>\n<tr>\n<td rowspan=\"1\" colspan=\"1\" data-th=\"1. ASML Holdings\">\n<p style=\"text-align: left;\">9.Deutsche Telekom<\/p>\n<\/td>\n<td rowspan=\"1\" colspan=\"1\" data-th=\"Netherlands\">\n<p style=\"text-align: left;\">Alemanha<\/p>\n<\/td>\n<td rowspan=\"1\" colspan=\"1\" data-th=\"8.48%\">\n<p style=\"text-align: center;\">3.02%<\/p>\n<\/td>\n<td rowspan=\"1\" colspan=\"1\" data-th=\"Technology\">\n<p style=\"\">Telecommunica\u00e7\u00e3o<\/p>\n<\/td>\n<\/tr>\n<tr>\n<td rowspan=\"1\" colspan=\"1\" data-th=\"1. ASML Holdings\">\n<p style=\"text-align: left;\">10. Airbus<\/p>\n<\/td>\n<td rowspan=\"1\" colspan=\"1\" data-th=\"Netherlands\">\n<p style=\"text-align: left;\">Fran\u00e7a<\/p>\n<\/td>\n<td rowspan=\"1\" colspan=\"1\" data-th=\"8.48%\">\n<p style=\"text-align: center;\">2.66%<\/p>\n<\/td>\n<td rowspan=\"1\" colspan=\"1\" data-th=\"Technology\">\n<p style=\"\">Industrial Goods and Services<\/p>\n<\/td>\n<\/tr>\n<\/tbody>\n<\/table>\n<table data-rows=\"11\" data-cols=\"4\">\n<thead><\/thead>\n<tbody>\n<tr>\n<td data-th=\"\" rowspan=\"1\" colspan=\"1\">\n<p style=\"text-align: center;\"><strong>Constituent<\/strong><\/p>\n<\/td>\n<td colspan=\"1\" rowspan=\"1\" data-th=\"\">\n<p style=\"text-align: center;\"><strong>Country<\/strong><\/p>\n<\/td>\n<td colspan=\"1\" rowspan=\"1\" data-th=\"\">\n<p style=\"text-align: center;\"><strong>Index Weight<\/strong><\/p>\n<\/td>\n<td data-th=\"\" rowspan=\"1\" colspan=\"1\">\n<p style=\"text-align: center;\"><strong>Sector<\/strong><\/p>\n<\/td>\n<\/tr>\n<tr>\n<td data-th=\"Constituent\">\n<p style=\"text-align: center;\">1. ASML Holdings<\/p>\n<\/td>\n<td colspan=\"1\" rowspan=\"1\" data-th=\"Country\">\n<p style=\"text-align: center;\">Netherlands<\/p>\n<\/td>\n<td colspan=\"1\" rowspan=\"1\" data-th=\"Index Weight\">\n<p style=\"text-align: center;\">7.92%<\/p>\n<\/td>\n<td data-th=\"Sector\">\n<p>Tecnologia<\/p>\n<\/td>\n<\/tr>\n<tr>\n<td data-th=\"Constituent\">\n<p style=\"text-align: center;\">2. SAP<\/p>\n<\/td>\n<td colspan=\"1\" rowspan=\"1\" data-th=\"Country\">\n<p style=\"text-align: center;\">Alemanha<\/p>\n<\/td>\n<td colspan=\"1\" rowspan=\"1\" data-th=\"Index Weight\">\n<p style=\"text-align: center;\">7.05%<\/p>\n<\/td>\n<td data-th=\"Sector\">\n<p>Tecnologia da Informa\u00e7\u00e3o<\/p>\n<\/td>\n<\/tr>\n<tr>\n<td data-th=\"Constituent\">\n<p style=\"text-align: center;\">3. LVMH Moet Hennessy&nbsp;<\/p>\n<\/td>\n<td colspan=\"1\" rowspan=\"1\" data-th=\"Country\">\n<p style=\"text-align: center;\">Fran\u00e7a<\/p>\n<\/td>\n<td colspan=\"1\" rowspan=\"1\" data-th=\"Index Weight\">\n<p style=\"text-align: center;\">4.74%<\/p>\n<\/td>\n<td data-th=\"Sector\">\n<p>Produtos e Servi\u00e7os para o Consumidor<\/p>\n<\/td>\n<\/tr>\n<tr>\n<td rowspan=\"1\" colspan=\"1\" data-th=\"Constituent\">\n<p style=\"text-align: center;\">4. Siemens<\/p>\n<\/td>\n<td rowspan=\"1\" colspan=\"1\" data-th=\"Country\">\n<p style=\"text-align: center;\">Alemanha<\/p>\n<\/td>\n<td rowspan=\"1\" colspan=\"1\" data-th=\"Index Weight\">\n<p style=\"text-align: center;\">4.14%<\/p>\n<\/td>\n<td rowspan=\"1\" colspan=\"1\" data-th=\"Sector\">\n<p>Produtos e Servi\u00e7os Industriais<\/p>\n<\/td>\n<\/tr>\n<tr>\n<td data-th=\"Constituent\">\n<p style=\"text-align: center;\">5. Schneider Electric<\/p>\n<\/td>\n<td colspan=\"1\" rowspan=\"1\" data-th=\"Country\">\n<p style=\"text-align: center;\">Fran\u00e7a<\/p>\n<\/td>\n<td colspan=\"1\" rowspan=\"1\" data-th=\"Index Weight\">\n<p style=\"text-align: center;\">4.05%<\/p>\n<\/td>\n<td data-th=\"Sector\">\n<p>Produtos e Servi\u00e7os Industriais<\/p>\n<\/td>\n<\/tr>\n<tr>\n<td rowspan=\"1\" colspan=\"1\" data-th=\"Constituent\">\n<p style=\"text-align: center;\">6. Total Energies<\/p>\n<\/td>\n<td rowspan=\"1\" colspan=\"1\" data-th=\"Country\">\n<p style=\"text-align: center;\">Fran\u00e7a<\/p>\n<\/td>\n<td rowspan=\"1\" colspan=\"1\" data-th=\"Index Weight\">\n<p style=\"text-align: center;\">3.53%<\/p>\n<\/td>\n<td rowspan=\"1\" colspan=\"1\" data-th=\"Sector\">\n<p>Energia<\/p>\n<\/td>\n<\/tr>\n<tr>\n<td rowspan=\"1\" colspan=\"1\" data-th=\"Constituent\">\n<p style=\"text-align: center;\">7. Allianz<\/p>\n<\/td>\n<td rowspan=\"1\" colspan=\"1\" data-th=\"Country\">\n<p style=\"text-align: center;\">Alemanha<\/p>\n<\/td>\n<td rowspan=\"1\" colspan=\"1\" data-th=\"Index Weight\">\n<p style=\"text-align: center;\">3.39%<\/p>\n<\/td>\n<td rowspan=\"1\" colspan=\"1\" data-th=\"Sector\">\n<p>Seguros<\/p>\n<\/td>\n<\/tr>\n<tr>\n<td rowspan=\"1\" colspan=\"1\" data-th=\"Constituent\">\n<p style=\"text-align: center;\">8. Sanofi<\/p>\n<\/td>\n<td rowspan=\"1\" colspan=\"1\" data-th=\"Country\">\n<p style=\"text-align: center;\">Fran\u00e7a<\/p>\n<\/td>\n<td rowspan=\"1\" colspan=\"1\" data-th=\"Index Weight\">\n<p style=\"text-align: center;\">3.15%<\/p>\n<\/td>\n<td rowspan=\"1\" colspan=\"1\" data-th=\"Sector\">\n<p>Sa\u00fade<\/p>\n<\/td>\n<\/tr>\n<tr>\n<td rowspan=\"1\" colspan=\"1\" data-th=\"Constituent\">\n<p style=\"text-align: center;\">9. Deutsche Telekom<\/p>\n<\/td>\n<td rowspan=\"1\" colspan=\"1\" data-th=\"Country\">\n<p style=\"text-align: center;\">Alemanha<\/p>\n<\/td>\n<td rowspan=\"1\" colspan=\"1\" data-th=\"Index Weight\">\n<p style=\"text-align: center;\">3.02%<\/p>\n<\/td>\n<td rowspan=\"1\" colspan=\"1\" data-th=\"Sector\">\n<p>Telecommunica\u00e7\u00e3o<\/p>\n<\/td>\n<\/tr>\n<tr>\n<td rowspan=\"1\" colspan=\"1\" data-th=\"Constituent\">\n<p style=\"text-align: center;\">10. Airbus<\/p>\n<\/td>\n<td rowspan=\"1\" colspan=\"1\" data-th=\"Country\">\n<p style=\"text-align: center;\">Fran\u00e7a<\/p>\n<\/td>\n<td rowspan=\"1\" colspan=\"1\" data-th=\"Index Weight\">\n<p style=\"text-align: center;\">2.66%<\/p>\n<\/td>\n<td rowspan=\"1\" colspan=\"1\" data-th=\"Sector\">\n<p>Produtos e Servi\u00e7os Industriais<\/p>\n<\/td>\n<\/tr>\n<\/tbody>\n<\/table>\n<p>LINK PARA O \u00cdNDICE<a href=\"https:\/\/stoxx.com\/index\/sx5e\/\" target=\"_blank\" style=\"outline: none;\">EURO STOXX 50\u00ae &#8211; STOXX<\/a><\/p>\n","protected":false},"excerpt":{"rendered":"<p>Informa\u00e7\u00f5es do \u00edndice 30 de Setembro, 2025 \u00cdndice EURO STOXX 50 O EURO STOXX 50 \u00e9 derivado do \u00edndice EURO STOXX e representa o desempenho das 50 maiores empresas entre os 20 supersetores em termos de capitaliza\u00e7\u00e3o de mercado free-float na zona do euro. O \u00edndice tem um n\u00famero fixo de componentes e faz parte [&hellip;]<\/p>\n","protected":false},"author":8,"featured_media":0,"parent":0,"menu_order":0,"comment_status":"closed","ping_status":"closed","template":"","meta":{"inline_featured_image":false,"footnotes":""},"class_list":["post-6503","page","type-page","status-publish","hentry","post-wrapper","thrv_wrapper"],"yoast_head":"<!-- This site is optimized with the Yoast SEO Premium plugin v20.3 (Yoast SEO v20.3) - https:\/\/yoast.com\/wordpress\/plugins\/seo\/ -->\n<title>EURO STOXX - Index Data | M1 Specialty<\/title>\n<meta name=\"robots\" content=\"index, follow, max-snippet:-1, max-image-preview:large, max-video-preview:-1\" \/>\n<link rel=\"canonical\" href=\"https:\/\/m1specialty.com\/pt-br\/euro-stoxx-index-data\/\" \/>\n<meta property=\"og:locale\" content=\"pt_BR\" \/>\n<meta property=\"og:type\" content=\"article\" \/>\n<meta property=\"og:title\" content=\"EURO STOXX - Index Data\" \/>\n<meta property=\"og:description\" content=\"Informa\u00e7\u00f5es do \u00edndice 30 de Setembro, 2025 \u00cdndice EURO STOXX 50 O EURO STOXX 50 \u00e9 derivado do \u00edndice EURO STOXX e representa o desempenho das 50 maiores empresas entre os 20 supersetores em termos de capitaliza\u00e7\u00e3o de mercado free-float na zona do euro. O \u00edndice tem um n\u00famero fixo de componentes e faz parte [&hellip;]\" \/>\n<meta property=\"og:url\" content=\"https:\/\/m1specialty.com\/pt-br\/euro-stoxx-index-data\/\" \/>\n<meta property=\"og:site_name\" content=\"M1 Specialty\" \/>\n<meta property=\"article:publisher\" content=\"https:\/\/www.facebook.com\/M1Specialty\/\" \/>\n<meta property=\"article:modified_time\" content=\"2025-10-29T23:54:17+00:00\" \/>\n<meta property=\"og:image\" content=\"https:\/\/m1specialty.com\/wp-content\/uploads\/2025\/01\/EURO-STOXX-50-pie.png\" \/>\n<meta name=\"twitter:card\" content=\"summary_large_image\" \/>\n<meta name=\"twitter:site\" content=\"@m1specialty\" \/>\n<meta name=\"twitter:label1\" content=\"Est. tempo de leitura\" \/>\n\t<meta name=\"twitter:data1\" content=\"2 minutos\" \/>\n<script type=\"application\/ld+json\" class=\"yoast-schema-graph\">{\"@context\":\"https:\/\/schema.org\",\"@graph\":[{\"@type\":\"WebPage\",\"@id\":\"https:\/\/m1specialty.com\/pt-br\/euro-stoxx-index-data\/\",\"url\":\"https:\/\/m1specialty.com\/pt-br\/euro-stoxx-index-data\/\",\"name\":\"EURO STOXX - Index Data | M1 Specialty\",\"isPartOf\":{\"@id\":\"https:\/\/m1specialty.com\/pt-br\/#website\"},\"datePublished\":\"2024-12-02T16:38:08+00:00\",\"dateModified\":\"2025-10-29T23:54:17+00:00\",\"breadcrumb\":{\"@id\":\"https:\/\/m1specialty.com\/pt-br\/euro-stoxx-index-data\/#breadcrumb\"},\"inLanguage\":\"pt-BR\",\"potentialAction\":[{\"@type\":\"ReadAction\",\"target\":[\"https:\/\/m1specialty.com\/pt-br\/euro-stoxx-index-data\/\"]}]},{\"@type\":\"BreadcrumbList\",\"@id\":\"https:\/\/m1specialty.com\/pt-br\/euro-stoxx-index-data\/#breadcrumb\",\"itemListElement\":[{\"@type\":\"ListItem\",\"position\":1,\"name\":\"Home\",\"item\":\"https:\/\/m1specialty.com\/pt-br\/\"},{\"@type\":\"ListItem\",\"position\":2,\"name\":\"EURO STOXX &#8211; Index Data\"}]},{\"@type\":\"WebSite\",\"@id\":\"https:\/\/m1specialty.com\/pt-br\/#website\",\"url\":\"https:\/\/m1specialty.com\/pt-br\/\",\"name\":\"M1 Specialty\",\"description\":\"Unit-Linked Insurance Solutions, simple and effective.\",\"publisher\":{\"@id\":\"https:\/\/m1specialty.com\/pt-br\/#organization\"},\"potentialAction\":[{\"@type\":\"SearchAction\",\"target\":{\"@type\":\"EntryPoint\",\"urlTemplate\":\"https:\/\/m1specialty.com\/pt-br\/?s={search_term_string}\"},\"query-input\":\"required name=search_term_string\"}],\"inLanguage\":\"pt-BR\"},{\"@type\":\"Organization\",\"@id\":\"https:\/\/m1specialty.com\/pt-br\/#organization\",\"name\":\"M1 Specialty\",\"url\":\"https:\/\/m1specialty.com\/pt-br\/\",\"logo\":{\"@type\":\"ImageObject\",\"inLanguage\":\"pt-BR\",\"@id\":\"https:\/\/m1specialty.com\/pt-br\/#\/schema\/logo\/image\/\",\"url\":\"https:\/\/m1specialty.com\/wp-content\/uploads\/2023\/03\/logo-yoast-m1.png\",\"contentUrl\":\"https:\/\/m1specialty.com\/wp-content\/uploads\/2023\/03\/logo-yoast-m1.png\",\"width\":696,\"height\":696,\"caption\":\"M1 Specialty\"},\"image\":{\"@id\":\"https:\/\/m1specialty.com\/pt-br\/#\/schema\/logo\/image\/\"},\"sameAs\":[\"https:\/\/www.facebook.com\/M1Specialty\/\",\"https:\/\/twitter.com\/m1specialty\",\"https:\/\/www.linkedin.com\/company\/m1specialty\/\",\"https:\/\/www.instagram.com\/m1specialty\/\"]}]}<\/script>\n<!-- \/ Yoast SEO Premium plugin. -->","yoast_head_json":{"title":"EURO STOXX - Index Data | M1 Specialty","robots":{"index":"index","follow":"follow","max-snippet":"max-snippet:-1","max-image-preview":"max-image-preview:large","max-video-preview":"max-video-preview:-1"},"canonical":"https:\/\/m1specialty.com\/pt-br\/euro-stoxx-index-data\/","og_locale":"pt_BR","og_type":"article","og_title":"EURO STOXX - Index Data","og_description":"Informa\u00e7\u00f5es do \u00edndice 30 de Setembro, 2025 \u00cdndice EURO STOXX 50 O EURO STOXX 50 \u00e9 derivado do \u00edndice EURO STOXX e representa o desempenho das 50 maiores empresas entre os 20 supersetores em termos de capitaliza\u00e7\u00e3o de mercado free-float na zona do euro. O \u00edndice tem um n\u00famero fixo de componentes e faz parte [&hellip;]","og_url":"https:\/\/m1specialty.com\/pt-br\/euro-stoxx-index-data\/","og_site_name":"M1 Specialty","article_publisher":"https:\/\/www.facebook.com\/M1Specialty\/","article_modified_time":"2025-10-29T23:54:17+00:00","og_image":[{"url":"https:\/\/m1specialty.com\/wp-content\/uploads\/2025\/01\/EURO-STOXX-50-pie.png"}],"twitter_card":"summary_large_image","twitter_site":"@m1specialty","twitter_misc":{"Est. tempo de leitura":"2 minutos"},"schema":{"@context":"https:\/\/schema.org","@graph":[{"@type":"WebPage","@id":"https:\/\/m1specialty.com\/pt-br\/euro-stoxx-index-data\/","url":"https:\/\/m1specialty.com\/pt-br\/euro-stoxx-index-data\/","name":"EURO STOXX - Index Data | M1 Specialty","isPartOf":{"@id":"https:\/\/m1specialty.com\/pt-br\/#website"},"datePublished":"2024-12-02T16:38:08+00:00","dateModified":"2025-10-29T23:54:17+00:00","breadcrumb":{"@id":"https:\/\/m1specialty.com\/pt-br\/euro-stoxx-index-data\/#breadcrumb"},"inLanguage":"pt-BR","potentialAction":[{"@type":"ReadAction","target":["https:\/\/m1specialty.com\/pt-br\/euro-stoxx-index-data\/"]}]},{"@type":"BreadcrumbList","@id":"https:\/\/m1specialty.com\/pt-br\/euro-stoxx-index-data\/#breadcrumb","itemListElement":[{"@type":"ListItem","position":1,"name":"Home","item":"https:\/\/m1specialty.com\/pt-br\/"},{"@type":"ListItem","position":2,"name":"EURO STOXX &#8211; Index Data"}]},{"@type":"WebSite","@id":"https:\/\/m1specialty.com\/pt-br\/#website","url":"https:\/\/m1specialty.com\/pt-br\/","name":"M1 Specialty","description":"Unit-Linked Insurance Solutions, simple and effective.","publisher":{"@id":"https:\/\/m1specialty.com\/pt-br\/#organization"},"potentialAction":[{"@type":"SearchAction","target":{"@type":"EntryPoint","urlTemplate":"https:\/\/m1specialty.com\/pt-br\/?s={search_term_string}"},"query-input":"required name=search_term_string"}],"inLanguage":"pt-BR"},{"@type":"Organization","@id":"https:\/\/m1specialty.com\/pt-br\/#organization","name":"M1 Specialty","url":"https:\/\/m1specialty.com\/pt-br\/","logo":{"@type":"ImageObject","inLanguage":"pt-BR","@id":"https:\/\/m1specialty.com\/pt-br\/#\/schema\/logo\/image\/","url":"https:\/\/m1specialty.com\/wp-content\/uploads\/2023\/03\/logo-yoast-m1.png","contentUrl":"https:\/\/m1specialty.com\/wp-content\/uploads\/2023\/03\/logo-yoast-m1.png","width":696,"height":696,"caption":"M1 Specialty"},"image":{"@id":"https:\/\/m1specialty.com\/pt-br\/#\/schema\/logo\/image\/"},"sameAs":["https:\/\/www.facebook.com\/M1Specialty\/","https:\/\/twitter.com\/m1specialty","https:\/\/www.linkedin.com\/company\/m1specialty\/","https:\/\/www.instagram.com\/m1specialty\/"]}]}},"_links":{"self":[{"href":"https:\/\/m1specialty.com\/pt-br\/wp-json\/wp\/v2\/pages\/6503","targetHints":{"allow":["GET"]}}],"collection":[{"href":"https:\/\/m1specialty.com\/pt-br\/wp-json\/wp\/v2\/pages"}],"about":[{"href":"https:\/\/m1specialty.com\/pt-br\/wp-json\/wp\/v2\/types\/page"}],"author":[{"embeddable":true,"href":"https:\/\/m1specialty.com\/pt-br\/wp-json\/wp\/v2\/users\/8"}],"replies":[{"embeddable":true,"href":"https:\/\/m1specialty.com\/pt-br\/wp-json\/wp\/v2\/comments?post=6503"}],"version-history":[{"count":18,"href":"https:\/\/m1specialty.com\/pt-br\/wp-json\/wp\/v2\/pages\/6503\/revisions"}],"predecessor-version":[{"id":7905,"href":"https:\/\/m1specialty.com\/pt-br\/wp-json\/wp\/v2\/pages\/6503\/revisions\/7905"}],"wp:attachment":[{"href":"https:\/\/m1specialty.com\/pt-br\/wp-json\/wp\/v2\/media?parent=6503"}],"curies":[{"name":"wp","href":"https:\/\/api.w.org\/{rel}","templated":true}]}}