{"id":6485,"date":"2024-12-02T11:44:03","date_gmt":"2024-12-02T15:44:03","guid":{"rendered":"https:\/\/m1specialty.com\/ftse-100-index-data\/"},"modified":"2025-10-30T10:37:38","modified_gmt":"2025-10-30T14:37:38","slug":"ftse-100-index-data","status":"publish","type":"page","link":"https:\/\/m1specialty.com\/pt-br\/ftse-100-index-data\/","title":{"rendered":"FTSE 100 &#8211; Index Data"},"content":{"rendered":"<p style=\"text-align: right;\">Informa\u00e7\u00f5es do \u00edndice<\/p>\n<p style=\"\">30 de Setembro, 2025<\/p>\n<p style=\"text-align: center;\"><strong>\u00cdndice FTSE 100<\/strong><\/p>\n<p>O FTSE 100 \u00e9 um \u00edndice ponderado pela capitaliza\u00e7\u00e3o de mercado das empresas blue-chip listadas no Reino Unido. O \u00edndice faz parte da s\u00e9rie FTSE UK e foi criado para medir o desempenho das 100 maiores empresas negociadas na Bolsa de Valores de Londres que passam pela triagem de porte e liquidez.&nbsp;As empresas do FTSE 100 s\u00e3o todas negociadas na Bolsa de Valores de Londres.Retornos do \u00cdndiceRetornos Anuais: Retornos anuais compostos medidos em 3 e 5 anos, respectivamente.<\/p>\n<table data-rows=\"2\" data-cols=\"5\" data-v=\"middle\">\n<thead>\n<tr>\n<th style=\"\">Header<\/th>\n<th style=\"\">Acumulado no Ano<\/th>\n<th style=\"\">1 Ano<\/th>\n<th style=\"\">3 Anos<\/th>\n<th style=\"\">5 Anos<\/th>\n<\/tr>\n<\/thead>\n<tbody>\n<tr>\n<td style=\"\">Retornos L\u00edquidos<\/td>\n<td style=\"\">17.70%<\/td>\n<td style=\"\">17.50%<\/td>\n<td style=\"\">14.80%<\/td>\n<td style=\"\">13.90%<\/td>\n<\/tr>\n<\/tbody>\n<\/table>\n<table data-rows=\"5\" data-cols=\"2\">\n<thead>\n<tr>\n<th>Header<\/th>\n<th>Retornos L\u00edquidos<\/th>\n<\/tr>\n<\/thead>\n<tbody>\n<tr>\n<td>Acumulado no Ano<\/td>\n<td>17.70%<\/td>\n<\/tr>\n<tr>\n<td>1 Ano<\/td>\n<td>17.50%<\/td>\n<\/tr>\n<tr>\n<td>3 Anos<\/td>\n<td>14.80%<\/td>\n<\/tr>\n<tr>\n<td rowspan=\"1\" colspan=\"1\">5 Anos<\/td>\n<td rowspan=\"1\" colspan=\"1\">13.90%<\/td>\n<\/tr>\n<\/tbody>\n<\/table>\n<p>Dados em 30 de Setembro de 2025<\/p>\n<table data-rows=\"19\" data-cols=\"3\">\n<thead>\n<tr>\n<th style=\"\">\n<p style=\"\">Ranking<\/p>\n<\/th>\n<th style=\"\">\n<p style=\"\">Setor<\/p>\n<\/th>\n<th style=\"\">\n<p style=\"\">%<\/p>\n<\/th>\n<\/tr>\n<\/thead>\n<tbody>\n<tr>\n<td style=\"\" data-th=\"Ranking\"><!--! Font Awesome Free 6.7.1 by @fontawesome - https:\/\/fontawesome.com License - https:\/\/fontawesome.com\/license\/free (Icons: CC BY 4.0, Fonts: SIL OFL 1.1, Code: MIT License) Copyright 2024 Fonticons, Inc. --><\/td>\n<td style=\"\" data-th=\"Setor\">\n<p style=\"text-align: center;\">Bancos<\/p>\n<\/td>\n<td style=\"\" data-th=\"%\">\n<p style=\"text-align: center;\">13.05<\/p>\n<\/td>\n<\/tr>\n<tr>\n<td style=\"\" data-th=\"Ranking\"><!--! Font Awesome Free 6.7.1 by @fontawesome - https:\/\/fontawesome.com License - https:\/\/fontawesome.com\/license\/free (Icons: CC BY 4.0, Fonts: SIL OFL 1.1, Code: MIT License) Copyright 2024 Fonticons, Inc. --><\/td>\n<td style=\"\" data-th=\"Setor\">\n<p style=\"text-align: center;\">Sa\u00fade<\/p>\n<\/td>\n<td style=\"\" data-th=\"%\">\n<p style=\"text-align: center;\">12.63<\/p>\n<\/td>\n<\/tr>\n<tr>\n<td style=\"\" data-th=\"Ranking\"><!--! Font Awesome Free 6.7.1 by @fontawesome - https:\/\/fontawesome.com License - https:\/\/fontawesome.com\/license\/free (Icons: CC BY 4.0, Fonts: SIL OFL 1.1, Code: MIT License) Copyright 2024 Fonticons, Inc. --><\/td>\n<td style=\"\" data-th=\"Setor\">\n<p style=\"text-align: center;\">Produtos e Servi\u00e7os Industriais<\/p>\n<\/td>\n<td style=\"\" data-th=\"%\">\n<p style=\"text-align: center;\">11.27<\/p>\n<\/td>\n<\/tr>\n<tr>\n<td style=\"\" data-th=\"Ranking\"><!--! Font Awesome Free 6.7.1 by @fontawesome - https:\/\/fontawesome.com License - https:\/\/fontawesome.com\/license\/free (Icons: CC BY 4.0, Fonts: SIL OFL 1.1, Code: MIT License) Copyright 2024 Fonticons, Inc. --><\/td>\n<td style=\"\" data-th=\"Setor\">\n<p style=\"text-align: center;\">Energia<\/p>\n<\/td>\n<td style=\"\" data-th=\"%\">\n<p style=\"text-align: center;\">10.75<\/p>\n<\/td>\n<\/tr>\n<tr>\n<td rowspan=\"1\" colspan=\"1\" style=\"\" data-th=\"Ranking\"><!--! Font Awesome Free 6.7.1 by @fontawesome - https:\/\/fontawesome.com License - https:\/\/fontawesome.com\/license\/free (Icons: CC BY 4.0, Fonts: SIL OFL 1.1, Code: MIT License) Copyright 2024 Fonticons, Inc. --><\/td>\n<td rowspan=\"1\" colspan=\"1\" style=\"\" data-th=\"Setor\">\n<p style=\"text-align: center;\">Cuidados pessoais e mercearias<\/p>\n<\/td>\n<td rowspan=\"1\" colspan=\"1\" style=\"\" data-th=\"%\">\n<p style=\"text-align: center;\">9.10<\/p>\n<\/td>\n<\/tr>\n<tr>\n<td rowspan=\"1\" colspan=\"1\" style=\"\" data-th=\"Ranking\"><!--! Font Awesome Free 6.7.1 by @fontawesome - https:\/\/fontawesome.com License - https:\/\/fontawesome.com\/license\/free (Icons: CC BY 4.0, Fonts: SIL OFL 1.1, Code: MIT License) Copyright 2024 Fonticons, Inc. --><\/td>\n<td rowspan=\"1\" colspan=\"1\" style=\"\" data-th=\"Setor\">\n<p style=\"text-align: center;\">Bebidas, Alimentos e Tabaco<\/p>\n<\/td>\n<td rowspan=\"1\" colspan=\"1\" style=\"\" data-th=\"%\">\n<p style=\"text-align: center;\">7.31<\/p>\n<\/td>\n<\/tr>\n<tr>\n<td rowspan=\"1\" colspan=\"1\" style=\"\" data-th=\"Ranking\"><!--! Font Awesome Free 6.7.1 by @fontawesome - https:\/\/fontawesome.com License - https:\/\/fontawesome.com\/license\/free (Icons: CC BY 4.0, Fonts: SIL OFL 1.1, Code: MIT License) Copyright 2024 Fonticons, Inc. --><\/td>\n<td rowspan=\"1\" colspan=\"1\" style=\"\" data-th=\"Setor\">\n<p style=\"text-align: center;\">Finan\u00e7as<\/p>\n<\/td>\n<td rowspan=\"1\" colspan=\"1\" style=\"\" data-th=\"%\">\n<p style=\"text-align: center;\">6.89<\/p>\n<\/td>\n<\/tr>\n<tr>\n<td rowspan=\"1\" colspan=\"1\" style=\"\" data-th=\"Ranking\"><!--! Font Awesome Free 6.7.1 by @fontawesome - https:\/\/fontawesome.com License - https:\/\/fontawesome.com\/license\/free (Icons: CC BY 4.0, Fonts: SIL OFL 1.1, Code: MIT License) Copyright 2024 Fonticons, Inc. --><\/td>\n<td rowspan=\"1\" colspan=\"1\" style=\"\" data-th=\"Setor\">\n<p style=\"text-align: center;\">Recursos b\u00e1sicos<\/p>\n<\/td>\n<td rowspan=\"1\" colspan=\"1\" style=\"\" data-th=\"%\">\n<p style=\"text-align: center;\">6.56<\/p>\n<\/td>\n<\/tr>\n<tr>\n<td rowspan=\"1\" colspan=\"1\" style=\"\" data-th=\"Ranking\"><!--! Font Awesome Free 6.7.1 by @fontawesome - https:\/\/fontawesome.com License - https:\/\/fontawesome.com\/license\/free (Icons: CC BY 4.0, Fonts: SIL OFL 1.1, Code: MIT License) Copyright 2024 Fonticons, Inc. --><\/td>\n<td rowspan=\"1\" colspan=\"1\" style=\"\" data-th=\"Setor\">\n<p style=\"text-align: center;\">M\u00eddia<\/p>\n<\/td>\n<td rowspan=\"1\" colspan=\"1\" style=\"\" data-th=\"%\">\n<p style=\"text-align: center;\">4.76<\/p>\n<\/td>\n<\/tr>\n<tr>\n<td rowspan=\"1\" colspan=\"1\" style=\"\" data-th=\"Ranking\"><!--! Font Awesome Free 6.7.1 by @fontawesome - https:\/\/fontawesome.com License - https:\/\/fontawesome.com\/license\/free (Icons: CC BY 4.0, Fonts: SIL OFL 1.1, Code: MIT License) Copyright 2024 Fonticons, Inc. --><\/td>\n<td rowspan=\"1\" colspan=\"1\" style=\"\" data-th=\"Setor\">\n<p style=\"text-align: center;\">Utilidades<\/p>\n<\/td>\n<td rowspan=\"1\" colspan=\"1\" style=\"\" data-th=\"%\">\n<p style=\"text-align: center;\">4.20<\/p>\n<\/td>\n<\/tr>\n<tr>\n<td rowspan=\"1\" colspan=\"1\" style=\"\" data-th=\"Ranking\"><!--! Font Awesome Free 6.7.1 by @fontawesome - https:\/\/fontawesome.com License - https:\/\/fontawesome.com\/license\/free (Icons: CC BY 4.0, Fonts: SIL OFL 1.1, Code: MIT License) Copyright 2024 Fonticons, Inc. --><\/td>\n<td rowspan=\"1\" colspan=\"1\" style=\"\" data-th=\"Setor\">\n<p style=\"text-align: center;\">Produtos e Servi\u00e7os para o Consumidor<\/p>\n<\/td>\n<td rowspan=\"1\" colspan=\"1\" style=\"\" data-th=\"%\">\n<p style=\"text-align: center;\">3.36<\/p>\n<\/td>\n<\/tr>\n<tr>\n<td rowspan=\"1\" colspan=\"1\" style=\"\" data-th=\"Ranking\"><!--! Font Awesome Free 6.7.1 by @fontawesome - https:\/\/fontawesome.com License - https:\/\/fontawesome.com\/license\/free (Icons: CC BY 4.0, Fonts: SIL OFL 1.1, Code: MIT License) Copyright 2024 Fonticons, Inc. --><\/td>\n<td rowspan=\"1\" colspan=\"1\" style=\"\" data-th=\"Setor\">\n<p style=\"text-align: center;\">Seguros<\/p>\n<\/td>\n<td rowspan=\"1\" colspan=\"1\" style=\"\" data-th=\"%\">\n<p style=\"text-align: center;\">3.14<\/p>\n<\/td>\n<\/tr>\n<tr>\n<td rowspan=\"1\" colspan=\"1\" style=\"\" data-th=\"Ranking\"><!--! Font Awesome Free 6.7.1 by @fontawesome - https:\/\/fontawesome.com License - https:\/\/fontawesome.com\/license\/free (Icons: CC BY 4.0, Fonts: SIL OFL 1.1, Code: MIT License) Copyright 2024 Fonticons, Inc. --><\/td>\n<td rowspan=\"1\" colspan=\"1\" style=\"\" data-th=\"Setor\">\n<p style=\"text-align: center;\">Viagem e Lazer<\/p>\n<\/td>\n<td rowspan=\"1\" colspan=\"1\" style=\"\" data-th=\"%\">\n<p style=\"text-align: center;\">1.98<\/p>\n<\/td>\n<\/tr>\n<tr>\n<td rowspan=\"1\" colspan=\"1\" style=\"\" data-th=\"Ranking\"><!--! Font Awesome Free 6.7.1 by @fontawesome - https:\/\/fontawesome.com License - https:\/\/fontawesome.com\/license\/free (Icons: CC BY 4.0, Fonts: SIL OFL 1.1, Code: MIT License) Copyright 2024 Fonticons, Inc. --><\/td>\n<td rowspan=\"1\" colspan=\"1\" style=\"\" data-th=\"Setor\">\n<p style=\"text-align: center;\">Imobili\u00e1rio<\/p>\n<\/td>\n<td rowspan=\"1\" colspan=\"1\" style=\"\" data-th=\"%\">\n<p style=\"text-align: center;\">1.45<\/p>\n<\/td>\n<\/tr>\n<tr>\n<td rowspan=\"1\" colspan=\"1\" style=\"\" data-th=\"Ranking\"><!--! Font Awesome Free 6.7.1 by @fontawesome - https:\/\/fontawesome.com License - https:\/\/fontawesome.com\/license\/free (Icons: CC BY 4.0, Fonts: SIL OFL 1.1, Code: MIT License) Copyright 2024 Fonticons, Inc. --><\/td>\n<td rowspan=\"1\" colspan=\"1\" style=\"\" data-th=\"Setor\">\n<p style=\"text-align: center;\">Telecommunica\u00e7\u00e3o<\/p>\n<\/td>\n<td rowspan=\"1\" colspan=\"1\" style=\"\" data-th=\"%\">\n<p style=\"text-align: center;\">1.22<\/p>\n<\/td>\n<\/tr>\n<tr>\n<td rowspan=\"1\" colspan=\"1\" style=\"\" data-th=\"Ranking\"><!--! Font Awesome Free 6.7.1 by @fontawesome - https:\/\/fontawesome.com License - https:\/\/fontawesome.com\/license\/free (Icons: CC BY 4.0, Fonts: SIL OFL 1.1, Code: MIT License) Copyright 2024 Fonticons, Inc. --><\/td>\n<td rowspan=\"1\" colspan=\"1\" style=\"\" data-th=\"Setor\">\n<p style=\"text-align: center;\">Varejistas<\/p>\n<\/td>\n<td rowspan=\"1\" colspan=\"1\" style=\"\" data-th=\"%\">\n<p style=\"text-align: center;\">1.11<\/p>\n<\/td>\n<\/tr>\n<tr>\n<td rowspan=\"1\" colspan=\"1\" style=\"\" data-th=\"Ranking\"><!--! Font Awesome Free 6.7.1 by @fontawesome - https:\/\/fontawesome.com License - https:\/\/fontawesome.com\/license\/free (Icons: CC BY 4.0, Fonts: SIL OFL 1.1, Code: MIT License) Copyright 2024 Fonticons, Inc. --><\/td>\n<td rowspan=\"1\" colspan=\"1\" style=\"\" data-th=\"Setor\">\n<p style=\"text-align: center;\">Tecnologia<\/p>\n<\/td>\n<td rowspan=\"1\" colspan=\"1\" style=\"\" data-th=\"%\">\n<p style=\"text-align: center;\">0.98<\/p>\n<\/td>\n<\/tr>\n<tr>\n<td rowspan=\"1\" colspan=\"1\" style=\"\" data-th=\"Ranking\"><!--! Font Awesome Free 6.7.1 by @fontawesome - https:\/\/fontawesome.com License - https:\/\/fontawesome.com\/license\/free (Icons: CC BY 4.0, Fonts: SIL OFL 1.1, Code: MIT License) Copyright 2024 Fonticons, Inc. --><\/td>\n<td rowspan=\"1\" colspan=\"1\" style=\"\" data-th=\"Setor\">\n<p style=\"text-align: center;\">Produtos qu\u00edmicos<\/p>\n<\/td>\n<td rowspan=\"1\" colspan=\"1\" style=\"\" data-th=\"%\">\n<p style=\"text-align: center;\">0.23<\/p>\n<\/td>\n<\/tr>\n<\/tbody>\n<\/table>\n<p style=\"text-align: center;\">Representa\u00e7\u00e3o do setor<\/p>\n<p><span><img decoding=\"async\" alt=\"\" data-id=\"6237\" width=\"593\" data-init-width=\"688\" height=\"593\" data-init-height=\"688\" title=\"FTSE 100 donut\" loading=\"lazy\" src=\"https:\/\/m1specialty.com\/wp-content\/uploads\/2025\/01\/FTSE-100-donut.png\" data-width=\"593\" data-height=\"593\" style=\"aspect-ratio: auto 688 \/ 688;\"><\/span>Top Constituents<\/p>\n<table data-rows=\"5\" data-cols=\"3\">\n<thead><\/thead>\n<tbody>\n<tr>\n<td>\n<p style=\"text-align: left;\">1. Astrazeneca<\/p>\n<\/td>\n<td colspan=\"1\" rowspan=\"1\">\n<p style=\"text-align: center;\">7.78%<\/p>\n<\/td>\n<td>\n<p style=\"text-align: left;\">Produtos farmac\u00eauticos e biotecnologia<\/p>\n<\/td>\n<\/tr>\n<tr>\n<td data-th=\"1. Astrazeneca\">\n<p style=\"text-align: left;\">2. Shell<\/p>\n<\/td>\n<td colspan=\"1\" rowspan=\"1\" data-th=\"8.55%\">\n<p style=\"text-align: center;\">7.60%<\/p>\n<\/td>\n<td data-th=\"Healthcare\">\n<p style=\"text-align: left;\">Petr\u00f3leo, g\u00e1s e carv\u00e3o<\/p>\n<\/td>\n<\/tr>\n<tr>\n<td data-th=\"1. Astrazeneca\">\n<p style=\"text-align: left;\">3. HSBC Holdings<\/p>\n<\/td>\n<td colspan=\"1\" rowspan=\"1\" data-th=\"8.55%\">\n<p style=\"text-align: center;\">7.07%<\/p>\n<\/td>\n<td data-th=\"Healthcare\">\n<p style=\"text-align: left;\">Bancos<\/p>\n<\/td>\n<\/tr>\n<tr>\n<td rowspan=\"1\" colspan=\"1\" data-th=\"1. Astrazeneca\">\n<p style=\"text-align: left;\">4. Unilever<\/p>\n<\/td>\n<td rowspan=\"1\" colspan=\"1\" data-th=\"8.55%\">\n<p style=\"text-align: center;\">5.56%<\/p>\n<\/td>\n<td rowspan=\"1\" colspan=\"1\" data-th=\"Healthcare\">\n<p style=\"text-align: left;\">Cuidados pessoais, drogarias e mercearias<\/p>\n<\/td>\n<\/tr>\n<tr>\n<td data-th=\"1. Astrazeneca\">\n<p style=\"text-align: left;\">5. Relex<\/p>\n<\/td>\n<td colspan=\"1\" rowspan=\"1\" data-th=\"8.55%\">\n<p style=\"text-align: center;\">3.36%<\/p>\n<\/td>\n<td data-th=\"Healthcare\">\n<p style=\"text-align: left;\">M\u00eddia<\/p>\n<\/td>\n<\/tr>\n<\/tbody>\n<\/table>\n<table data-rows=\"6\" data-cols=\"3\">\n<thead><\/thead>\n<tbody>\n<tr>\n<td rowspan=\"1\" colspan=\"1\">\n<p style=\"text-align: center;\"><strong>Empresas<\/strong><\/p>\n<\/td>\n<td colspan=\"1\" rowspan=\"1\">\n<p style=\"text-align: center;\"><strong>Peso no \u00edndice<\/strong><\/p>\n<\/td>\n<td rowspan=\"1\" colspan=\"1\">\n<p style=\"text-align: center;\"><strong>Setor<\/strong><\/p>\n<\/td>\n<\/tr>\n<tr>\n<td data-th=\"Empresas\">\n<p style=\"text-align: center;\">1. Astrazeneca<\/p>\n<\/td>\n<td colspan=\"1\" rowspan=\"1\" data-th=\"Peso no \u00edndice\">\n<p style=\"text-align: center;\">7.78%<\/p>\n<\/td>\n<td data-th=\"Setor\">\n<p style=\"text-align: center;\">Produtos farmac\u00eauticos e biotecnologia<\/p>\n<\/td>\n<\/tr>\n<tr>\n<td data-th=\"Empresas\">\n<p style=\"text-align: center;\">2. Shell<\/p>\n<\/td>\n<td colspan=\"1\" rowspan=\"1\" data-th=\"Peso no \u00edndice\">\n<p style=\"text-align: center;\">7.60%<\/p>\n<\/td>\n<td data-th=\"Setor\">\n<p style=\"text-align: center;\">Petr\u00f3leo, g\u00e1s e carv\u00e3o<\/p>\n<\/td>\n<\/tr>\n<tr>\n<td data-th=\"Empresas\">\n<p style=\"text-align: center;\">3. HSBC Holdings<\/p>\n<\/td>\n<td colspan=\"1\" rowspan=\"1\" data-th=\"Peso no \u00edndice\">\n<p style=\"text-align: center;\">7.07%<\/p>\n<\/td>\n<td data-th=\"Setor\">\n<p style=\"text-align: center;\">Bancos<\/p>\n<\/td>\n<\/tr>\n<tr>\n<td rowspan=\"1\" colspan=\"1\" data-th=\"Empresas\">\n<p style=\"text-align: center;\">4. Unilever<\/p>\n<\/td>\n<td rowspan=\"1\" colspan=\"1\" data-th=\"Peso no \u00edndice\">\n<p style=\"text-align: center;\">5.56%<\/p>\n<\/td>\n<td rowspan=\"1\" colspan=\"1\" data-th=\"Setor\">\n<p style=\"text-align: center;\">Cuidados pessoais, drogarias e mercearias<\/p>\n<\/td>\n<\/tr>\n<tr>\n<td data-th=\"Empresas\">\n<p style=\"text-align: center;\">5. Relex<\/p>\n<\/td>\n<td colspan=\"1\" rowspan=\"1\" data-th=\"Peso no \u00edndice\">\n<p style=\"text-align: center;\">3.36%<\/p>\n<\/td>\n<td data-th=\"Setor\">\n<p style=\"text-align: center;\">M\u00eddia<\/p>\n<\/td>\n<\/tr>\n<\/tbody>\n<\/table>\n<p>Source<a href=\"https:\/\/www.londonstockexchange.com\/indices\/ftse-100\" target=\"_blank\" style=\"outline: none;\">Vis\u00e3o geral do FTSE 100 FTSE | Bolsa de Valores de Londres<\/a><\/p>\n","protected":false},"excerpt":{"rendered":"<p>Informa\u00e7\u00f5es do \u00edndice 30 de Setembro, 2025 \u00cdndice FTSE 100 O FTSE 100 \u00e9 um \u00edndice ponderado pela capitaliza\u00e7\u00e3o de mercado das empresas blue-chip listadas no Reino Unido. O \u00edndice faz parte da s\u00e9rie FTSE UK e foi criado para medir o desempenho das 100 maiores empresas negociadas na Bolsa de Valores de Londres que [&hellip;]<\/p>\n","protected":false},"author":8,"featured_media":0,"parent":0,"menu_order":0,"comment_status":"closed","ping_status":"closed","template":"","meta":{"inline_featured_image":false,"footnotes":""},"class_list":["post-6485","page","type-page","status-publish","hentry","post-wrapper","thrv_wrapper"],"yoast_head":"<!-- This site is optimized with the Yoast SEO Premium plugin v20.3 (Yoast SEO v20.3) - https:\/\/yoast.com\/wordpress\/plugins\/seo\/ -->\n<title>FTSE 100 - Index Data | M1 Specialty<\/title>\n<meta name=\"robots\" content=\"index, follow, max-snippet:-1, max-image-preview:large, max-video-preview:-1\" \/>\n<link rel=\"canonical\" href=\"https:\/\/m1specialty.com\/pt-br\/ftse-100-index-data\/\" \/>\n<meta property=\"og:locale\" content=\"pt_BR\" \/>\n<meta property=\"og:type\" content=\"article\" \/>\n<meta property=\"og:title\" content=\"FTSE 100 - Index Data\" \/>\n<meta property=\"og:description\" content=\"Informa\u00e7\u00f5es do \u00edndice 30 de Setembro, 2025 \u00cdndice FTSE 100 O FTSE 100 \u00e9 um \u00edndice ponderado pela capitaliza\u00e7\u00e3o de mercado das empresas blue-chip listadas no Reino Unido. O \u00edndice faz parte da s\u00e9rie FTSE UK e foi criado para medir o desempenho das 100 maiores empresas negociadas na Bolsa de Valores de Londres que [&hellip;]\" \/>\n<meta property=\"og:url\" content=\"https:\/\/m1specialty.com\/pt-br\/ftse-100-index-data\/\" \/>\n<meta property=\"og:site_name\" content=\"M1 Specialty\" \/>\n<meta property=\"article:publisher\" content=\"https:\/\/www.facebook.com\/M1Specialty\/\" \/>\n<meta property=\"article:modified_time\" content=\"2025-10-30T14:37:38+00:00\" \/>\n<meta property=\"og:image\" content=\"https:\/\/m1specialty.com\/wp-content\/uploads\/2025\/01\/FTSE-100-donut.png\" \/>\n<meta name=\"twitter:card\" content=\"summary_large_image\" \/>\n<meta name=\"twitter:site\" content=\"@m1specialty\" \/>\n<script type=\"application\/ld+json\" class=\"yoast-schema-graph\">{\"@context\":\"https:\/\/schema.org\",\"@graph\":[{\"@type\":\"WebPage\",\"@id\":\"https:\/\/m1specialty.com\/pt-br\/ftse-100-index-data\/\",\"url\":\"https:\/\/m1specialty.com\/pt-br\/ftse-100-index-data\/\",\"name\":\"FTSE 100 - Index Data | M1 Specialty\",\"isPartOf\":{\"@id\":\"https:\/\/m1specialty.com\/pt-br\/#website\"},\"datePublished\":\"2024-12-02T15:44:03+00:00\",\"dateModified\":\"2025-10-30T14:37:38+00:00\",\"breadcrumb\":{\"@id\":\"https:\/\/m1specialty.com\/pt-br\/ftse-100-index-data\/#breadcrumb\"},\"inLanguage\":\"pt-BR\",\"potentialAction\":[{\"@type\":\"ReadAction\",\"target\":[\"https:\/\/m1specialty.com\/pt-br\/ftse-100-index-data\/\"]}]},{\"@type\":\"BreadcrumbList\",\"@id\":\"https:\/\/m1specialty.com\/pt-br\/ftse-100-index-data\/#breadcrumb\",\"itemListElement\":[{\"@type\":\"ListItem\",\"position\":1,\"name\":\"Home\",\"item\":\"https:\/\/m1specialty.com\/pt-br\/\"},{\"@type\":\"ListItem\",\"position\":2,\"name\":\"FTSE 100 &#8211; Index Data\"}]},{\"@type\":\"WebSite\",\"@id\":\"https:\/\/m1specialty.com\/pt-br\/#website\",\"url\":\"https:\/\/m1specialty.com\/pt-br\/\",\"name\":\"M1 Specialty\",\"description\":\"Unit-Linked Insurance Solutions, simple and effective.\",\"publisher\":{\"@id\":\"https:\/\/m1specialty.com\/pt-br\/#organization\"},\"potentialAction\":[{\"@type\":\"SearchAction\",\"target\":{\"@type\":\"EntryPoint\",\"urlTemplate\":\"https:\/\/m1specialty.com\/pt-br\/?s={search_term_string}\"},\"query-input\":\"required name=search_term_string\"}],\"inLanguage\":\"pt-BR\"},{\"@type\":\"Organization\",\"@id\":\"https:\/\/m1specialty.com\/pt-br\/#organization\",\"name\":\"M1 Specialty\",\"url\":\"https:\/\/m1specialty.com\/pt-br\/\",\"logo\":{\"@type\":\"ImageObject\",\"inLanguage\":\"pt-BR\",\"@id\":\"https:\/\/m1specialty.com\/pt-br\/#\/schema\/logo\/image\/\",\"url\":\"https:\/\/m1specialty.com\/wp-content\/uploads\/2023\/03\/logo-yoast-m1.png\",\"contentUrl\":\"https:\/\/m1specialty.com\/wp-content\/uploads\/2023\/03\/logo-yoast-m1.png\",\"width\":696,\"height\":696,\"caption\":\"M1 Specialty\"},\"image\":{\"@id\":\"https:\/\/m1specialty.com\/pt-br\/#\/schema\/logo\/image\/\"},\"sameAs\":[\"https:\/\/www.facebook.com\/M1Specialty\/\",\"https:\/\/twitter.com\/m1specialty\",\"https:\/\/www.linkedin.com\/company\/m1specialty\/\",\"https:\/\/www.instagram.com\/m1specialty\/\"]}]}<\/script>\n<!-- \/ Yoast SEO Premium plugin. -->","yoast_head_json":{"title":"FTSE 100 - Index Data | M1 Specialty","robots":{"index":"index","follow":"follow","max-snippet":"max-snippet:-1","max-image-preview":"max-image-preview:large","max-video-preview":"max-video-preview:-1"},"canonical":"https:\/\/m1specialty.com\/pt-br\/ftse-100-index-data\/","og_locale":"pt_BR","og_type":"article","og_title":"FTSE 100 - Index Data","og_description":"Informa\u00e7\u00f5es do \u00edndice 30 de Setembro, 2025 \u00cdndice FTSE 100 O FTSE 100 \u00e9 um \u00edndice ponderado pela capitaliza\u00e7\u00e3o de mercado das empresas blue-chip listadas no Reino Unido. O \u00edndice faz parte da s\u00e9rie FTSE UK e foi criado para medir o desempenho das 100 maiores empresas negociadas na Bolsa de Valores de Londres que [&hellip;]","og_url":"https:\/\/m1specialty.com\/pt-br\/ftse-100-index-data\/","og_site_name":"M1 Specialty","article_publisher":"https:\/\/www.facebook.com\/M1Specialty\/","article_modified_time":"2025-10-30T14:37:38+00:00","og_image":[{"url":"https:\/\/m1specialty.com\/wp-content\/uploads\/2025\/01\/FTSE-100-donut.png"}],"twitter_card":"summary_large_image","twitter_site":"@m1specialty","schema":{"@context":"https:\/\/schema.org","@graph":[{"@type":"WebPage","@id":"https:\/\/m1specialty.com\/pt-br\/ftse-100-index-data\/","url":"https:\/\/m1specialty.com\/pt-br\/ftse-100-index-data\/","name":"FTSE 100 - Index Data | M1 Specialty","isPartOf":{"@id":"https:\/\/m1specialty.com\/pt-br\/#website"},"datePublished":"2024-12-02T15:44:03+00:00","dateModified":"2025-10-30T14:37:38+00:00","breadcrumb":{"@id":"https:\/\/m1specialty.com\/pt-br\/ftse-100-index-data\/#breadcrumb"},"inLanguage":"pt-BR","potentialAction":[{"@type":"ReadAction","target":["https:\/\/m1specialty.com\/pt-br\/ftse-100-index-data\/"]}]},{"@type":"BreadcrumbList","@id":"https:\/\/m1specialty.com\/pt-br\/ftse-100-index-data\/#breadcrumb","itemListElement":[{"@type":"ListItem","position":1,"name":"Home","item":"https:\/\/m1specialty.com\/pt-br\/"},{"@type":"ListItem","position":2,"name":"FTSE 100 &#8211; Index Data"}]},{"@type":"WebSite","@id":"https:\/\/m1specialty.com\/pt-br\/#website","url":"https:\/\/m1specialty.com\/pt-br\/","name":"M1 Specialty","description":"Unit-Linked Insurance Solutions, simple and effective.","publisher":{"@id":"https:\/\/m1specialty.com\/pt-br\/#organization"},"potentialAction":[{"@type":"SearchAction","target":{"@type":"EntryPoint","urlTemplate":"https:\/\/m1specialty.com\/pt-br\/?s={search_term_string}"},"query-input":"required name=search_term_string"}],"inLanguage":"pt-BR"},{"@type":"Organization","@id":"https:\/\/m1specialty.com\/pt-br\/#organization","name":"M1 Specialty","url":"https:\/\/m1specialty.com\/pt-br\/","logo":{"@type":"ImageObject","inLanguage":"pt-BR","@id":"https:\/\/m1specialty.com\/pt-br\/#\/schema\/logo\/image\/","url":"https:\/\/m1specialty.com\/wp-content\/uploads\/2023\/03\/logo-yoast-m1.png","contentUrl":"https:\/\/m1specialty.com\/wp-content\/uploads\/2023\/03\/logo-yoast-m1.png","width":696,"height":696,"caption":"M1 Specialty"},"image":{"@id":"https:\/\/m1specialty.com\/pt-br\/#\/schema\/logo\/image\/"},"sameAs":["https:\/\/www.facebook.com\/M1Specialty\/","https:\/\/twitter.com\/m1specialty","https:\/\/www.linkedin.com\/company\/m1specialty\/","https:\/\/www.instagram.com\/m1specialty\/"]}]}},"_links":{"self":[{"href":"https:\/\/m1specialty.com\/pt-br\/wp-json\/wp\/v2\/pages\/6485","targetHints":{"allow":["GET"]}}],"collection":[{"href":"https:\/\/m1specialty.com\/pt-br\/wp-json\/wp\/v2\/pages"}],"about":[{"href":"https:\/\/m1specialty.com\/pt-br\/wp-json\/wp\/v2\/types\/page"}],"author":[{"embeddable":true,"href":"https:\/\/m1specialty.com\/pt-br\/wp-json\/wp\/v2\/users\/8"}],"replies":[{"embeddable":true,"href":"https:\/\/m1specialty.com\/pt-br\/wp-json\/wp\/v2\/comments?post=6485"}],"version-history":[{"count":19,"href":"https:\/\/m1specialty.com\/pt-br\/wp-json\/wp\/v2\/pages\/6485\/revisions"}],"predecessor-version":[{"id":7914,"href":"https:\/\/m1specialty.com\/pt-br\/wp-json\/wp\/v2\/pages\/6485\/revisions\/7914"}],"wp:attachment":[{"href":"https:\/\/m1specialty.com\/pt-br\/wp-json\/wp\/v2\/media?parent=6485"}],"curies":[{"name":"wp","href":"https:\/\/api.w.org\/{rel}","templated":true}]}}