{"id":6417,"date":"2024-11-29T10:43:43","date_gmt":"2024-11-29T14:43:43","guid":{"rendered":"https:\/\/m1specialty.com\/msci-eafe-index-data\/"},"modified":"2025-10-30T10:54:36","modified_gmt":"2025-10-30T14:54:36","slug":"msci-eafe-index-data","status":"publish","type":"page","link":"https:\/\/m1specialty.com\/pt-br\/msci-eafe-index-data\/","title":{"rendered":"MSCI EAFE &#8211; Index Data"},"content":{"rendered":"<p style=\"text-align: right;\">Informa\u00e7\u00f5es do \u00edndice<\/p>\n<p style=\"\">30 de Setembro, 2025<\/p>\n<p style=\"text-align: center;\"><strong>\u00cdNDICE MSCI EAFE<\/strong><\/p>\n<p>O \u00cdndice MSCI EAFE \u00e9 um \u00edndice de a\u00e7\u00f5es que captura a representa\u00e7\u00e3o de empresas de grande e m\u00e9dia capitaliza\u00e7\u00e3o em 21 pa\u00edses de mercados desenvolvidos (DM) em todo o mundo, excluindo os EUA e o Canad\u00e1. Com 741 empresas, o \u00edndice cobre aproximadamente 85% da capitaliza\u00e7\u00e3o de mercado ajustada pelo free-float em cada pa\u00eds.Os pa\u00edses dos Mercados Desenvolvidos no MSCI EAFE Index incluem: Austr\u00e1lia, \u00c1ustria, B\u00e9lgica, Dinamarca, Finl\u00e2ndia, Fran\u00e7a, Alemanha, Hong Kong, Irlanda, Israel, It\u00e1lia, Jap\u00e3o, Reino Unido, Rep\u00fablica Tcheca e Jap\u00e3o, Holanda, Nova Zel\u00e2ndia, Noruega, Portugal, Singapura, Espanha, Su\u00e9cia, Su\u00ed\u00e7a e Reino Unido.Pesos por Pa\u00eds<\/p>\n<table data-rows=\"7\" data-cols=\"3\" data-v=\"middle\">\n<thead>\n<tr>\n<th style=\"\">Ranking<\/th>\n<th style=\"\">Pa\u00eds<\/th>\n<th style=\"\">%<\/th>\n<\/tr>\n<\/thead>\n<tbody>\n<tr>\n<td style=\"\" data-th=\"Ranking\"><\/td>\n<td style=\"\" data-th=\"Pa\u00eds\">Jap\u00e3o<\/td>\n<td style=\"\" data-th=\"%\">23.24<\/td>\n<\/tr>\n<tr>\n<td style=\"\" rowspan=\"1\" colspan=\"1\" data-th=\"Ranking\"><\/td>\n<td style=\"\" rowspan=\"1\" colspan=\"1\" data-th=\"Pa\u00eds\">Reino Unido<\/td>\n<td style=\"\" rowspan=\"1\" colspan=\"1\" data-th=\"%\">14.88<\/td>\n<\/tr>\n<tr>\n<td style=\"\" rowspan=\"1\" colspan=\"1\" data-th=\"Ranking\"><\/td>\n<td style=\"\" rowspan=\"1\" colspan=\"1\" data-th=\"Pa\u00eds\">Fran\u00e7a<\/td>\n<td style=\"\" rowspan=\"1\" colspan=\"1\" data-th=\"%\">11.08<\/td>\n<\/tr>\n<tr>\n<td style=\"\" rowspan=\"1\" colspan=\"1\" data-th=\"Ranking\"><\/td>\n<td style=\"\" rowspan=\"1\" colspan=\"1\" data-th=\"Pa\u00eds\">Su\u00ed\u00e7a<\/td>\n<td style=\"\" rowspan=\"1\" colspan=\"1\" data-th=\"%\">9.56<\/td>\n<\/tr>\n<tr>\n<td style=\"\" rowspan=\"1\" colspan=\"1\" data-th=\"Ranking\"><\/td>\n<td style=\"\" rowspan=\"1\" colspan=\"1\" data-th=\"Pa\u00eds\">Alemanha<\/td>\n<td style=\"\" rowspan=\"1\" colspan=\"1\" data-th=\"%\">9.24<\/td>\n<\/tr>\n<tr>\n<td style=\"\" rowspan=\"1\" colspan=\"1\" data-th=\"Ranking\"><\/td>\n<td style=\"\" rowspan=\"1\" colspan=\"1\" data-th=\"Pa\u00eds\">Outro<\/td>\n<td style=\"\" rowspan=\"1\" colspan=\"1\" data-th=\"%\">31.99<\/td>\n<\/tr>\n<\/tbody>\n<\/table>\n<p><span><img decoding=\"async\" alt=\"\" data-id=\"6212\" width=\"428\" data-init-width=\"380\" height=\"428\" data-init-height=\"380\" title=\"MSCI EAFE pie\" loading=\"lazy\" src=\"https:\/\/m1specialty.com\/wp-content\/uploads\/2025\/01\/MSCI-EAFE-pie.png\" data-width=\"428\" data-height=\"428\" style=\"aspect-ratio: auto 380 \/ 380;\"><\/span>Retornos do \u00cdndiceRetornos Anuais<\/p>\n<table data-rows=\"2\" data-cols=\"6\" data-v=\"middle\">\n<thead>\n<tr>\n<th style=\"\">Header<\/th>\n<th style=\"\">Acumulado no Ano<\/th>\n<th style=\"\">1 Ano<\/th>\n<th style=\"\">3 Anos<\/th>\n<th style=\"\">5 Anos<\/th>\n<th colspan=\"1\" rowspan=\"1\" style=\"\">10 Anos<\/th>\n<\/tr>\n<\/thead>\n<tbody>\n<tr>\n<td style=\"\">Retornos L\u00edquidos<\/td>\n<td style=\"\">22.34%<\/td>\n<td style=\"\">12.09%<\/td>\n<td style=\"\">18.53%<\/td>\n<td style=\"\">8.32%<\/td>\n<td colspan=\"1\" rowspan=\"1\" style=\"\">5.34%<\/td>\n<\/tr>\n<\/tbody>\n<\/table>\n<table data-rows=\"6\" data-cols=\"2\">\n<thead>\n<tr>\n<th>Header<\/th>\n<th>Retornos L\u00edquidos<\/th>\n<\/tr>\n<\/thead>\n<tbody>\n<tr>\n<td>Acumulado no Ano<\/td>\n<td>22.34%<\/td>\n<\/tr>\n<tr>\n<td>1 Anos<\/td>\n<td>12.09%<\/td>\n<\/tr>\n<tr>\n<td>3 Anos<\/td>\n<td>18.53%<\/td>\n<\/tr>\n<tr>\n<td rowspan=\"1\" colspan=\"1\">5 Anos<\/td>\n<td rowspan=\"1\" colspan=\"1\">8.32%<\/td>\n<\/tr>\n<tr>\n<td>10 Anos<\/td>\n<td>5.34%<\/td>\n<\/tr>\n<\/tbody>\n<\/table>\n<p>Dados em 30 de Setembro de 2025<\/p>\n<table data-rows=\"12\" data-cols=\"3\" data-v=\"middle\">\n<thead>\n<tr>\n<th style=\"width: 170px;\">Ranking<\/th>\n<th style=\"\">Setores<\/th>\n<th style=\"\">%<\/th>\n<\/tr>\n<\/thead>\n<tbody>\n<tr>\n<td style=\"\" data-th=\"Ranking\"><\/td>\n<td style=\"\" data-th=\"Setores\">Finan\u00e7as<\/td>\n<td style=\"\" data-th=\"%\">21.86<\/td>\n<\/tr>\n<tr>\n<td style=\"\" rowspan=\"1\" colspan=\"1\" data-th=\"Ranking\"><\/td>\n<td style=\"\" rowspan=\"1\" colspan=\"1\" data-th=\"Setores\">Industrial<\/td>\n<td style=\"\" rowspan=\"1\" colspan=\"1\" data-th=\"%\">17.76<\/td>\n<\/tr>\n<tr>\n<td style=\"\" rowspan=\"1\" colspan=\"1\" data-th=\"Ranking\"><\/td>\n<td style=\"\" rowspan=\"1\" colspan=\"1\" data-th=\"Setores\">Sa\u00fade<\/td>\n<td style=\"\" rowspan=\"1\" colspan=\"1\" data-th=\"%\">12.43<\/td>\n<\/tr>\n<tr>\n<td style=\"\" rowspan=\"1\" colspan=\"1\" data-th=\"Ranking\"><\/td>\n<td style=\"\" rowspan=\"1\" colspan=\"1\" data-th=\"Setores\">Consumo discricion\u00e1rio<\/td>\n<td style=\"\" rowspan=\"1\" colspan=\"1\" data-th=\"%\">11.27<\/td>\n<\/tr>\n<tr>\n<td style=\"\" rowspan=\"1\" colspan=\"1\" data-th=\"Ranking\"><\/td>\n<td style=\"\" rowspan=\"1\" colspan=\"1\" data-th=\"Setores\">Tecnologia da Informa\u00e7\u00e3o<\/td>\n<td style=\"\" rowspan=\"1\" colspan=\"1\" data-th=\"%\">8.75<\/td>\n<\/tr>\n<tr>\n<td style=\"\" rowspan=\"1\" colspan=\"1\" data-th=\"Ranking\"><\/td>\n<td style=\"\" rowspan=\"1\" colspan=\"1\" data-th=\"Setores\">Bens de consumo<\/td>\n<td style=\"\" rowspan=\"1\" colspan=\"1\" data-th=\"%\">8.34<\/td>\n<\/tr>\n<tr>\n<td style=\"\" rowspan=\"1\" colspan=\"1\" data-th=\"Ranking\"><\/td>\n<td style=\"\" rowspan=\"1\" colspan=\"1\" data-th=\"Setores\">Materiais<\/td>\n<td style=\"\" rowspan=\"1\" colspan=\"1\" data-th=\"%\">6.07<\/td>\n<\/tr>\n<tr>\n<td style=\"\" rowspan=\"1\" colspan=\"1\" data-th=\"Ranking\"><\/td>\n<td style=\"\" rowspan=\"1\" colspan=\"1\" data-th=\"Setores\">Servi\u00e7os de comunica\u00e7\u00e3o<\/td>\n<td style=\"\" rowspan=\"1\" colspan=\"1\" data-th=\"%\">4.80<\/td>\n<\/tr>\n<tr>\n<td style=\"\" rowspan=\"1\" colspan=\"1\" data-th=\"Ranking\"><\/td>\n<td style=\"\" rowspan=\"1\" colspan=\"1\" data-th=\"Setores\">Energia<\/td>\n<td style=\"\" rowspan=\"1\" colspan=\"1\" data-th=\"%\">3.49<\/td>\n<\/tr>\n<tr>\n<td style=\"\" rowspan=\"1\" colspan=\"1\" data-th=\"Ranking\"><\/td>\n<td style=\"\" rowspan=\"1\" colspan=\"1\" data-th=\"Setores\">Utilidades<\/td>\n<td style=\"\" rowspan=\"1\" colspan=\"1\" data-th=\"%\">3.23<\/td>\n<\/tr>\n<tr>\n<td style=\"\" rowspan=\"1\" colspan=\"1\" data-th=\"Ranking\"><\/td>\n<td style=\"\" rowspan=\"1\" colspan=\"1\" data-th=\"Setores\">Imobili\u00e1rio<\/td>\n<td style=\"\" rowspan=\"1\" colspan=\"1\" data-th=\"%\">2.00<\/td>\n<\/tr>\n<\/tbody>\n<\/table>\n<p style=\"text-align: center;\">Representa\u00e7\u00e3o do setor<\/p>\n<p><span><img decoding=\"async\" alt=\"\" data-id=\"6217\" width=\"444\" data-init-width=\"490\" height=\"445\" data-init-height=\"491\" title=\"MSCI EAFE donut\" loading=\"lazy\" src=\"https:\/\/m1specialty.com\/wp-content\/uploads\/2025\/01\/MSCI-EAFE-donut.png\" data-width=\"444\" data-height=\"445\" style=\"aspect-ratio: auto 490 \/ 491;\"><\/span>As Principais 10 Empresas<\/p>\n<table data-rows=\"10\" data-cols=\"4\">\n<thead><\/thead>\n<tbody>\n<tr>\n<td>\n<p style=\"text-align: left;\">1. ASML Holdings<\/p>\n<\/td>\n<td>\n<p style=\"text-align: left;\">Holanda<\/p>\n<\/td>\n<td>\n<p style=\"text-align: center;\">1.74%<\/p>\n<\/td>\n<td>\n<p style=\"text-align: left;\">Tecnologia da Informa\u00e7\u00e3o<\/p>\n<\/td>\n<\/tr>\n<tr>\n<td>\n<p style=\"text-align: left;\">2.Novo Nordisk B<\/p>\n<\/td>\n<td>\n<p style=\"text-align: left;\">Dinamarca<\/p>\n<\/td>\n<td>\n<p style=\"text-align: center;\">1.73%<\/p>\n<\/td>\n<td>\n<p style=\"text-align: left;\">Sa\u00fade<\/p>\n<\/td>\n<\/tr>\n<tr>\n<td>\n<p style=\"text-align: left;\">3. SAP<\/p>\n<\/td>\n<td>\n<p style=\"text-align: left;\">Alemanha<\/p>\n<\/td>\n<td>\n<p style=\"text-align: center;\">1.59%<\/p>\n<\/td>\n<td>\n<p style=\"text-align: left;\">Tecnologia da Informa\u00e7\u00e3o<\/p>\n<\/td>\n<\/tr>\n<tr>\n<td rowspan=\"1\" colspan=\"1\">\n<p style=\"text-align: left;\">4. Nestle<\/p>\n<\/td>\n<td rowspan=\"1\" colspan=\"1\">\n<p style=\"text-align: left;\">Su\u00ed\u00e7a<\/p>\n<\/td>\n<td rowspan=\"1\" colspan=\"1\">\n<p style=\"text-align: center;\">1.34%<\/p>\n<\/td>\n<td rowspan=\"1\" colspan=\"1\">\n<p style=\"text-align: left;\">Bens de consumo<\/p>\n<\/td>\n<\/tr>\n<tr>\n<td>\n<p style=\"text-align: left;\">5. Toyota Motor Corp<\/p>\n<\/td>\n<td>\n<p style=\"text-align: left;\">Jap\u00e3o<\/p>\n<\/td>\n<td>\n<p style=\"text-align: center;\">1.28%<\/p>\n<\/td>\n<td>\n<p style=\"text-align: left;\">Consumo discricion\u00e1rio<\/p>\n<\/td>\n<\/tr>\n<tr>\n<td rowspan=\"1\" colspan=\"1\">\n<p style=\"text-align: left;\">6. Astrazeneca<\/p>\n<\/td>\n<td rowspan=\"1\" colspan=\"1\">\n<p style=\"text-align: left;\">Reino Unido<\/p>\n<\/td>\n<td rowspan=\"1\" colspan=\"1\">\n<p style=\"text-align: center;\">1.26%<\/p>\n<\/td>\n<td rowspan=\"1\" colspan=\"1\">\n<p style=\"text-align: left;\">Sa\u00fade<\/p>\n<\/td>\n<\/tr>\n<tr>\n<td rowspan=\"1\" colspan=\"1\">\n<p style=\"text-align: left;\">7. Roche Holding Genuss<\/p>\n<\/td>\n<td rowspan=\"1\" colspan=\"1\">\n<p style=\"text-align: left;\">Su\u00ed\u00e7a<\/p>\n<\/td>\n<td rowspan=\"1\" colspan=\"1\">\n<p style=\"text-align: center;\">1.23%<\/p>\n<\/td>\n<td rowspan=\"1\" colspan=\"1\">\n<p style=\"text-align: left;\">Sa\u00fade<\/p>\n<\/td>\n<\/tr>\n<tr>\n<td rowspan=\"1\" colspan=\"1\">\n<p style=\"text-align: left;\">8. Novartis<\/p>\n<\/td>\n<td rowspan=\"1\" colspan=\"1\">\n<p style=\"text-align: left;\">Su\u00ed\u00e7a<\/p>\n<\/td>\n<td rowspan=\"1\" colspan=\"1\">\n<p style=\"text-align: center;\">1.20%<\/p>\n<\/td>\n<td rowspan=\"1\" colspan=\"1\">\n<p style=\"text-align: left;\">Sa\u00fade<\/p>\n<\/td>\n<\/tr>\n<tr>\n<td rowspan=\"1\" colspan=\"1\">\n<p style=\"text-align: left;\">9. Shell<\/p>\n<\/td>\n<td rowspan=\"1\" colspan=\"1\">\n<p style=\"text-align: left;\">Reino Unido<\/p>\n<\/td>\n<td rowspan=\"1\" colspan=\"1\">\n<p style=\"text-align: center;\">1.19%<\/p>\n<\/td>\n<td rowspan=\"1\" colspan=\"1\">\n<p style=\"text-align: left;\">Energia<\/p>\n<\/td>\n<\/tr>\n<tr>\n<td rowspan=\"1\" colspan=\"1\">\n<p style=\"text-align: left;\">10. LVMH Moet Hennessy<\/p>\n<\/td>\n<td rowspan=\"1\" colspan=\"1\">\n<p style=\"text-align: left;\">Fran\u00e7a<\/p>\n<\/td>\n<td rowspan=\"1\" colspan=\"1\">\n<p style=\"text-align: center;\">1.12%<\/p>\n<\/td>\n<td rowspan=\"1\" colspan=\"1\">\n<p style=\"text-align: left;\">Consumo discricion\u00e1rio<\/p>\n<\/td>\n<\/tr>\n<\/tbody>\n<\/table>\n<table data-rows=\"11\" data-cols=\"4\">\n<thead><\/thead>\n<tbody>\n<tr>\n<td rowspan=\"1\" colspan=\"1\">\n<p style=\"text-align: center;\"><strong>Empresas<\/strong><\/p>\n<\/td>\n<td rowspan=\"1\" colspan=\"1\">\n<p style=\"text-align: center;\"><strong>Pa\u00eds<\/strong><\/p>\n<\/td>\n<td rowspan=\"1\" colspan=\"1\">\n<p style=\"text-align: center;\"><strong>Peso no \u00edndice<\/strong><\/p>\n<\/td>\n<td rowspan=\"1\" colspan=\"1\">\n<p style=\"text-align: center;\"><strong>Setor<\/strong><\/p>\n<\/td>\n<\/tr>\n<tr>\n<td data-th=\"Empresas\">\n<p style=\"text-align: left;\">1. ASML Holdings<\/p>\n<\/td>\n<td data-th=\"Pa\u00eds\">\n<p style=\"text-align: left;\">Holanda<\/p>\n<\/td>\n<td data-th=\"Peso no \u00edndice\">\n<p style=\"text-align: center;\">1.74%<\/p>\n<\/td>\n<td data-th=\"Setor\">\n<p style=\"text-align: left;\">Tecnologia da Informa\u00e7\u00e3o<\/p>\n<\/td>\n<\/tr>\n<tr>\n<td data-th=\"Empresas\">\n<p style=\"text-align: left;\">2.Novo Nordisk B<\/p>\n<\/td>\n<td data-th=\"Pa\u00eds\">\n<p style=\"text-align: left;\">Dinamarca<\/p>\n<\/td>\n<td data-th=\"Peso no \u00edndice\">\n<p style=\"text-align: center;\">1.73%<\/p>\n<\/td>\n<td data-th=\"Setor\">\n<p style=\"text-align: left;\">Sa\u00fade<\/p>\n<\/td>\n<\/tr>\n<tr>\n<td data-th=\"Empresas\">\n<p style=\"text-align: left;\">3. SAP<\/p>\n<\/td>\n<td data-th=\"Pa\u00eds\">\n<p style=\"text-align: left;\">Alemanha<\/p>\n<\/td>\n<td data-th=\"Peso no \u00edndice\">\n<p style=\"text-align: center;\">1.59%<\/p>\n<\/td>\n<td data-th=\"Setor\">\n<p style=\"text-align: left;\">Tecnologia da Informa\u00e7\u00e3o<\/p>\n<\/td>\n<\/tr>\n<tr>\n<td rowspan=\"1\" colspan=\"1\" data-th=\"Empresas\">\n<p style=\"text-align: left;\">4. Nestle<\/p>\n<\/td>\n<td rowspan=\"1\" colspan=\"1\" data-th=\"Pa\u00eds\">\n<p style=\"text-align: left;\">Su\u00ed\u00e7a<\/p>\n<\/td>\n<td rowspan=\"1\" colspan=\"1\" data-th=\"Peso no \u00edndice\">\n<p style=\"text-align: center;\">1.34%<\/p>\n<\/td>\n<td rowspan=\"1\" colspan=\"1\" data-th=\"Setor\">\n<p style=\"text-align: left;\">Bens de consumoStaples<\/p>\n<\/td>\n<\/tr>\n<tr>\n<td data-th=\"Empresas\">\n<p style=\"text-align: left;\">5. Toyota Motor Corp<\/p>\n<\/td>\n<td data-th=\"Pa\u00eds\">\n<p style=\"text-align: left;\">Jap\u00e3o<\/p>\n<\/td>\n<td data-th=\"Peso no \u00edndice\">\n<p style=\"text-align: center;\">1.28%<\/p>\n<\/td>\n<td data-th=\"Setor\">\n<p style=\"text-align: left;\">Consumo discricion\u00e1rio<\/p>\n<\/td>\n<\/tr>\n<tr>\n<td rowspan=\"1\" colspan=\"1\" data-th=\"Empresas\">\n<p style=\"text-align: left;\">6. Astrazeneca<\/p>\n<\/td>\n<td rowspan=\"1\" colspan=\"1\" data-th=\"Pa\u00eds\">\n<p style=\"text-align: left;\">Reino Unido<\/p>\n<\/td>\n<td rowspan=\"1\" colspan=\"1\" data-th=\"Peso no \u00edndice\">\n<p style=\"text-align: center;\">1.26%<\/p>\n<\/td>\n<td rowspan=\"1\" colspan=\"1\" data-th=\"Setor\">\n<p style=\"text-align: left;\">Sa\u00fade<\/p>\n<\/td>\n<\/tr>\n<tr>\n<td rowspan=\"1\" colspan=\"1\" data-th=\"Empresas\">\n<p style=\"text-align: left;\">7. Roche Holding Genuss<\/p>\n<\/td>\n<td rowspan=\"1\" colspan=\"1\" data-th=\"Pa\u00eds\">\n<p style=\"text-align: left;\">Su\u00ed\u00e7a<\/p>\n<\/td>\n<td rowspan=\"1\" colspan=\"1\" data-th=\"Peso no \u00edndice\">\n<p style=\"text-align: center;\">1.23%<\/p>\n<\/td>\n<td rowspan=\"1\" colspan=\"1\" data-th=\"Setor\">\n<p style=\"text-align: left;\">Sa\u00fade<\/p>\n<\/td>\n<\/tr>\n<tr>\n<td rowspan=\"1\" colspan=\"1\" data-th=\"Empresas\">\n<p style=\"text-align: left;\">8. Novartis<\/p>\n<\/td>\n<td rowspan=\"1\" colspan=\"1\" data-th=\"Pa\u00eds\">\n<p style=\"text-align: left;\">Su\u00ed\u00e7a<\/p>\n<\/td>\n<td rowspan=\"1\" colspan=\"1\" data-th=\"Peso no \u00edndice\">\n<p style=\"text-align: center;\">1.20%<\/p>\n<\/td>\n<td rowspan=\"1\" colspan=\"1\" data-th=\"Setor\">\n<p style=\"text-align: left;\">Sa\u00fade<\/p>\n<\/td>\n<\/tr>\n<tr>\n<td rowspan=\"1\" colspan=\"1\" data-th=\"Empresas\">\n<p style=\"text-align: left;\">9. Shell<\/p>\n<\/td>\n<td rowspan=\"1\" colspan=\"1\" data-th=\"Pa\u00eds\">\n<p style=\"text-align: left;\">Reino Unido<\/p>\n<\/td>\n<td rowspan=\"1\" colspan=\"1\" data-th=\"Peso no \u00edndice\">\n<p style=\"text-align: center;\">1.19%<\/p>\n<\/td>\n<td rowspan=\"1\" colspan=\"1\" data-th=\"Setor\">\n<p style=\"text-align: left;\">Energia<\/p>\n<\/td>\n<\/tr>\n<tr>\n<td rowspan=\"1\" colspan=\"1\" data-th=\"Empresas\">\n<p style=\"text-align: left;\">10. LVMH Moet Hennessy<\/p>\n<\/td>\n<td rowspan=\"1\" colspan=\"1\" data-th=\"Pa\u00eds\">\n<p style=\"text-align: left;\">Fran\u00e7a<\/p>\n<\/td>\n<td rowspan=\"1\" colspan=\"1\" data-th=\"Peso no \u00edndice\">\n<p style=\"text-align: center;\">1.12%<\/p>\n<\/td>\n<td rowspan=\"1\" colspan=\"1\" data-th=\"Setor\">\n<p style=\"text-align: left;\">Consumo discricion\u00e1rio<\/p>\n<\/td>\n<\/tr>\n<\/tbody>\n<\/table>\n<p>LINK PARA O \u00cdNDICE<a href=\"https:\/\/www.msci.com\/indexes\/index\/990300\" target=\"_blank\" style=\"outline: none;\">MSCI EAFE Index<\/a><\/p>\n","protected":false},"excerpt":{"rendered":"<p>Informa\u00e7\u00f5es do \u00edndice 30 de Setembro, 2025 \u00cdNDICE MSCI EAFE O \u00cdndice MSCI EAFE \u00e9 um \u00edndice de a\u00e7\u00f5es que captura a representa\u00e7\u00e3o de empresas de grande e m\u00e9dia capitaliza\u00e7\u00e3o em 21 pa\u00edses de mercados desenvolvidos (DM) em todo o mundo, excluindo os EUA e o Canad\u00e1. Com 741 empresas, o \u00edndice cobre aproximadamente 85% [&hellip;]<\/p>\n","protected":false},"author":8,"featured_media":0,"parent":0,"menu_order":0,"comment_status":"closed","ping_status":"closed","template":"","meta":{"inline_featured_image":false,"footnotes":""},"class_list":["post-6417","page","type-page","status-publish","hentry","post-wrapper","thrv_wrapper"],"yoast_head":"<!-- This site is optimized with the Yoast SEO Premium plugin v20.3 (Yoast SEO v20.3) - https:\/\/yoast.com\/wordpress\/plugins\/seo\/ -->\n<title>MSCI EAFE - Index Data | M1 Specialty<\/title>\n<meta name=\"robots\" content=\"index, follow, max-snippet:-1, max-image-preview:large, max-video-preview:-1\" \/>\n<link rel=\"canonical\" href=\"https:\/\/m1specialty.com\/pt-br\/msci-eafe-index-data\/\" \/>\n<meta property=\"og:locale\" content=\"pt_BR\" \/>\n<meta property=\"og:type\" content=\"article\" \/>\n<meta property=\"og:title\" content=\"MSCI EAFE - Index Data\" \/>\n<meta property=\"og:description\" content=\"Informa\u00e7\u00f5es do \u00edndice 30 de Setembro, 2025 \u00cdNDICE MSCI EAFE O \u00cdndice MSCI EAFE \u00e9 um \u00edndice de a\u00e7\u00f5es que captura a representa\u00e7\u00e3o de empresas de grande e m\u00e9dia capitaliza\u00e7\u00e3o em 21 pa\u00edses de mercados desenvolvidos (DM) em todo o mundo, excluindo os EUA e o Canad\u00e1. Com 741 empresas, o \u00edndice cobre aproximadamente 85% [&hellip;]\" \/>\n<meta property=\"og:url\" content=\"https:\/\/m1specialty.com\/pt-br\/msci-eafe-index-data\/\" \/>\n<meta property=\"og:site_name\" content=\"M1 Specialty\" \/>\n<meta property=\"article:publisher\" content=\"https:\/\/www.facebook.com\/M1Specialty\/\" \/>\n<meta property=\"article:modified_time\" content=\"2025-10-30T14:54:36+00:00\" \/>\n<meta property=\"og:image\" content=\"https:\/\/m1specialty.com\/wp-content\/uploads\/2025\/01\/MSCI-EAFE-pie.png\" \/>\n<meta name=\"twitter:card\" content=\"summary_large_image\" \/>\n<meta name=\"twitter:site\" content=\"@m1specialty\" \/>\n<meta name=\"twitter:label1\" content=\"Est. tempo de leitura\" \/>\n\t<meta name=\"twitter:data1\" content=\"2 minutos\" \/>\n<script type=\"application\/ld+json\" class=\"yoast-schema-graph\">{\"@context\":\"https:\/\/schema.org\",\"@graph\":[{\"@type\":\"WebPage\",\"@id\":\"https:\/\/m1specialty.com\/pt-br\/msci-eafe-index-data\/\",\"url\":\"https:\/\/m1specialty.com\/pt-br\/msci-eafe-index-data\/\",\"name\":\"MSCI EAFE - Index Data | M1 Specialty\",\"isPartOf\":{\"@id\":\"https:\/\/m1specialty.com\/pt-br\/#website\"},\"datePublished\":\"2024-11-29T14:43:43+00:00\",\"dateModified\":\"2025-10-30T14:54:36+00:00\",\"breadcrumb\":{\"@id\":\"https:\/\/m1specialty.com\/pt-br\/msci-eafe-index-data\/#breadcrumb\"},\"inLanguage\":\"pt-BR\",\"potentialAction\":[{\"@type\":\"ReadAction\",\"target\":[\"https:\/\/m1specialty.com\/pt-br\/msci-eafe-index-data\/\"]}]},{\"@type\":\"BreadcrumbList\",\"@id\":\"https:\/\/m1specialty.com\/pt-br\/msci-eafe-index-data\/#breadcrumb\",\"itemListElement\":[{\"@type\":\"ListItem\",\"position\":1,\"name\":\"Home\",\"item\":\"https:\/\/m1specialty.com\/pt-br\/\"},{\"@type\":\"ListItem\",\"position\":2,\"name\":\"MSCI EAFE &#8211; Index Data\"}]},{\"@type\":\"WebSite\",\"@id\":\"https:\/\/m1specialty.com\/pt-br\/#website\",\"url\":\"https:\/\/m1specialty.com\/pt-br\/\",\"name\":\"M1 Specialty\",\"description\":\"Unit-Linked Insurance Solutions, simple and effective.\",\"publisher\":{\"@id\":\"https:\/\/m1specialty.com\/pt-br\/#organization\"},\"potentialAction\":[{\"@type\":\"SearchAction\",\"target\":{\"@type\":\"EntryPoint\",\"urlTemplate\":\"https:\/\/m1specialty.com\/pt-br\/?s={search_term_string}\"},\"query-input\":\"required name=search_term_string\"}],\"inLanguage\":\"pt-BR\"},{\"@type\":\"Organization\",\"@id\":\"https:\/\/m1specialty.com\/pt-br\/#organization\",\"name\":\"M1 Specialty\",\"url\":\"https:\/\/m1specialty.com\/pt-br\/\",\"logo\":{\"@type\":\"ImageObject\",\"inLanguage\":\"pt-BR\",\"@id\":\"https:\/\/m1specialty.com\/pt-br\/#\/schema\/logo\/image\/\",\"url\":\"https:\/\/m1specialty.com\/wp-content\/uploads\/2023\/03\/logo-yoast-m1.png\",\"contentUrl\":\"https:\/\/m1specialty.com\/wp-content\/uploads\/2023\/03\/logo-yoast-m1.png\",\"width\":696,\"height\":696,\"caption\":\"M1 Specialty\"},\"image\":{\"@id\":\"https:\/\/m1specialty.com\/pt-br\/#\/schema\/logo\/image\/\"},\"sameAs\":[\"https:\/\/www.facebook.com\/M1Specialty\/\",\"https:\/\/twitter.com\/m1specialty\",\"https:\/\/www.linkedin.com\/company\/m1specialty\/\",\"https:\/\/www.instagram.com\/m1specialty\/\"]}]}<\/script>\n<!-- \/ Yoast SEO Premium plugin. -->","yoast_head_json":{"title":"MSCI EAFE - Index Data | M1 Specialty","robots":{"index":"index","follow":"follow","max-snippet":"max-snippet:-1","max-image-preview":"max-image-preview:large","max-video-preview":"max-video-preview:-1"},"canonical":"https:\/\/m1specialty.com\/pt-br\/msci-eafe-index-data\/","og_locale":"pt_BR","og_type":"article","og_title":"MSCI EAFE - Index Data","og_description":"Informa\u00e7\u00f5es do \u00edndice 30 de Setembro, 2025 \u00cdNDICE MSCI EAFE O \u00cdndice MSCI EAFE \u00e9 um \u00edndice de a\u00e7\u00f5es que captura a representa\u00e7\u00e3o de empresas de grande e m\u00e9dia capitaliza\u00e7\u00e3o em 21 pa\u00edses de mercados desenvolvidos (DM) em todo o mundo, excluindo os EUA e o Canad\u00e1. Com 741 empresas, o \u00edndice cobre aproximadamente 85% [&hellip;]","og_url":"https:\/\/m1specialty.com\/pt-br\/msci-eafe-index-data\/","og_site_name":"M1 Specialty","article_publisher":"https:\/\/www.facebook.com\/M1Specialty\/","article_modified_time":"2025-10-30T14:54:36+00:00","og_image":[{"url":"https:\/\/m1specialty.com\/wp-content\/uploads\/2025\/01\/MSCI-EAFE-pie.png"}],"twitter_card":"summary_large_image","twitter_site":"@m1specialty","twitter_misc":{"Est. tempo de leitura":"2 minutos"},"schema":{"@context":"https:\/\/schema.org","@graph":[{"@type":"WebPage","@id":"https:\/\/m1specialty.com\/pt-br\/msci-eafe-index-data\/","url":"https:\/\/m1specialty.com\/pt-br\/msci-eafe-index-data\/","name":"MSCI EAFE - Index Data | M1 Specialty","isPartOf":{"@id":"https:\/\/m1specialty.com\/pt-br\/#website"},"datePublished":"2024-11-29T14:43:43+00:00","dateModified":"2025-10-30T14:54:36+00:00","breadcrumb":{"@id":"https:\/\/m1specialty.com\/pt-br\/msci-eafe-index-data\/#breadcrumb"},"inLanguage":"pt-BR","potentialAction":[{"@type":"ReadAction","target":["https:\/\/m1specialty.com\/pt-br\/msci-eafe-index-data\/"]}]},{"@type":"BreadcrumbList","@id":"https:\/\/m1specialty.com\/pt-br\/msci-eafe-index-data\/#breadcrumb","itemListElement":[{"@type":"ListItem","position":1,"name":"Home","item":"https:\/\/m1specialty.com\/pt-br\/"},{"@type":"ListItem","position":2,"name":"MSCI EAFE &#8211; Index Data"}]},{"@type":"WebSite","@id":"https:\/\/m1specialty.com\/pt-br\/#website","url":"https:\/\/m1specialty.com\/pt-br\/","name":"M1 Specialty","description":"Unit-Linked Insurance Solutions, simple and effective.","publisher":{"@id":"https:\/\/m1specialty.com\/pt-br\/#organization"},"potentialAction":[{"@type":"SearchAction","target":{"@type":"EntryPoint","urlTemplate":"https:\/\/m1specialty.com\/pt-br\/?s={search_term_string}"},"query-input":"required name=search_term_string"}],"inLanguage":"pt-BR"},{"@type":"Organization","@id":"https:\/\/m1specialty.com\/pt-br\/#organization","name":"M1 Specialty","url":"https:\/\/m1specialty.com\/pt-br\/","logo":{"@type":"ImageObject","inLanguage":"pt-BR","@id":"https:\/\/m1specialty.com\/pt-br\/#\/schema\/logo\/image\/","url":"https:\/\/m1specialty.com\/wp-content\/uploads\/2023\/03\/logo-yoast-m1.png","contentUrl":"https:\/\/m1specialty.com\/wp-content\/uploads\/2023\/03\/logo-yoast-m1.png","width":696,"height":696,"caption":"M1 Specialty"},"image":{"@id":"https:\/\/m1specialty.com\/pt-br\/#\/schema\/logo\/image\/"},"sameAs":["https:\/\/www.facebook.com\/M1Specialty\/","https:\/\/twitter.com\/m1specialty","https:\/\/www.linkedin.com\/company\/m1specialty\/","https:\/\/www.instagram.com\/m1specialty\/"]}]}},"_links":{"self":[{"href":"https:\/\/m1specialty.com\/pt-br\/wp-json\/wp\/v2\/pages\/6417","targetHints":{"allow":["GET"]}}],"collection":[{"href":"https:\/\/m1specialty.com\/pt-br\/wp-json\/wp\/v2\/pages"}],"about":[{"href":"https:\/\/m1specialty.com\/pt-br\/wp-json\/wp\/v2\/types\/page"}],"author":[{"embeddable":true,"href":"https:\/\/m1specialty.com\/pt-br\/wp-json\/wp\/v2\/users\/8"}],"replies":[{"embeddable":true,"href":"https:\/\/m1specialty.com\/pt-br\/wp-json\/wp\/v2\/comments?post=6417"}],"version-history":[{"count":14,"href":"https:\/\/m1specialty.com\/pt-br\/wp-json\/wp\/v2\/pages\/6417\/revisions"}],"predecessor-version":[{"id":7923,"href":"https:\/\/m1specialty.com\/pt-br\/wp-json\/wp\/v2\/pages\/6417\/revisions\/7923"}],"wp:attachment":[{"href":"https:\/\/m1specialty.com\/pt-br\/wp-json\/wp\/v2\/media?parent=6417"}],"curies":[{"name":"wp","href":"https:\/\/api.w.org\/{rel}","templated":true}]}}