{"id":6389,"date":"2024-11-28T11:18:30","date_gmt":"2024-11-28T15:18:30","guid":{"rendered":"https:\/\/m1specialty.com\/msci-world-index-data\/"},"modified":"2025-10-30T11:22:32","modified_gmt":"2025-10-30T15:22:32","slug":"msci-world-index-data","status":"publish","type":"page","link":"https:\/\/m1specialty.com\/pt-br\/msci-world-index-data\/","title":{"rendered":"MSCI World-Index Data"},"content":{"rendered":"<p style=\"text-align: right;\">Informa\u00e7\u00f5es do \u00edndice<\/p>\n<p style=\"\">30 de Setembro, 2025<\/p>\n<p style=\"text-align: center;\"><strong>\u00cdndice MSCI World<\/strong><\/p>\n<p>O \u00cdndice MSCI World captura a representa\u00e7\u00e3o de empresas de grande e m\u00e9dia capitaliza\u00e7\u00e3o em 23 pa\u00edses de mercados desenvolvidos (MD). Com 1.429 empresas, o \u00edndice cobre aproximadamente 85% da capitaliza\u00e7\u00e3o de mercado ajustada pelo free-float em cada pa\u00eds.Os pa\u00edses de mercados desenvolvidos (DM) incluem: Austr\u00e1lia, \u00c1ustria, B\u00e9lgica, Canad\u00e1, Dinamarca, Finl\u00e2ndia, Fran\u00e7a, Alemanha, Hong Kong, Irlanda, Israel, It\u00e1lia, Jap\u00e3o, Holanda, Nova Zel\u00e2ndia, Noruega, Portugal, Singapura, Espanha, Su\u00e9cia, Su\u00ed\u00e7a, Reino Unido e EUA.Peso por Pa\u00eds<\/p>\n<table data-rows=\"7\" data-cols=\"3\" data-v=\"middle\">\n<thead>\n<tr>\n<th style=\"\">Ranking<\/th>\n<th style=\"\">Pa\u00eds<\/th>\n<th style=\"\">%<\/th>\n<\/tr>\n<\/thead>\n<tbody>\n<tr>\n<td style=\"\" data-th=\"Ranking\"><\/td>\n<td style=\"\" data-th=\"Pa\u00eds\">Estados Unidos<\/td>\n<td style=\"\" data-th=\"%\">73.94<\/td>\n<\/tr>\n<tr>\n<td style=\"\" rowspan=\"1\" colspan=\"1\" data-th=\"Ranking\"><\/td>\n<td style=\"\" rowspan=\"1\" colspan=\"1\" data-th=\"Pa\u00eds\">Jap\u00e3o<\/td>\n<td style=\"\" rowspan=\"1\" colspan=\"1\" data-th=\"%\">5.36<\/td>\n<\/tr>\n<tr>\n<td style=\"\" rowspan=\"1\" colspan=\"1\" data-th=\"Ranking\"><\/td>\n<td style=\"\" rowspan=\"1\" colspan=\"1\" data-th=\"Pa\u00eds\">Reino Unido<\/td>\n<td style=\"\" rowspan=\"1\" colspan=\"1\" data-th=\"%\">3.43<\/td>\n<\/tr>\n<tr>\n<td style=\"\" rowspan=\"1\" colspan=\"1\" data-th=\"Ranking\"><\/td>\n<td style=\"\" rowspan=\"1\" colspan=\"1\" data-th=\"Pa\u00eds\">Canad\u00e1<\/td>\n<td style=\"\" rowspan=\"1\" colspan=\"1\" data-th=\"%\">3.00<\/td>\n<\/tr>\n<tr>\n<td style=\"\" rowspan=\"1\" colspan=\"1\" data-th=\"Ranking\"><\/td>\n<td style=\"\" rowspan=\"1\" colspan=\"1\" data-th=\"Pa\u00eds\">Fran\u00e7a<\/td>\n<td style=\"\" rowspan=\"1\" colspan=\"1\" data-th=\"%\">2.56<\/td>\n<\/tr>\n<tr>\n<td style=\"\" rowspan=\"1\" colspan=\"1\" data-th=\"Ranking\"><\/td>\n<td style=\"\" rowspan=\"1\" colspan=\"1\" data-th=\"Pa\u00eds\">Outro<\/td>\n<td style=\"\" rowspan=\"1\" colspan=\"1\" data-th=\"%\">11.72<\/td>\n<\/tr>\n<\/tbody>\n<\/table>\n<p><span><img decoding=\"async\" alt=\"\" data-id=\"5847\" width=\"428\" data-init-width=\"428\" height=\"428\" data-init-height=\"428\" title=\"MSCI World pie\" loading=\"lazy\" src=\"https:\/\/m1specialty.com\/wp-content\/uploads\/2024\/11\/MSCI-World-pie.png\" data-width=\"428\" data-height=\"428\" style=\"aspect-ratio: auto 428 \/ 428;\"><\/span>Retornos do \u00cdndiceRetornos Anuais<\/p>\n<table data-rows=\"2\" data-cols=\"6\" data-v=\"middle\">\n<thead>\n<tr>\n<th style=\"\">Header<\/th>\n<th style=\"\">Acumulado no Ano<\/th>\n<th style=\"\">1 Ano<\/th>\n<th style=\"\">3 Anos<\/th>\n<th style=\"\">5 Anos<\/th>\n<th colspan=\"1\" rowspan=\"1\" style=\"\">10 Anos<\/th>\n<\/tr>\n<\/thead>\n<tbody>\n<tr>\n<td style=\"\">Retornos L\u00edquidos<\/td>\n<td style=\"\">17.76%<\/td>\n<td style=\"\">17.38%<\/td>\n<td style=\"\">23.60%<\/td>\n<td style=\"\">14.59%<\/td>\n<td colspan=\"1\" rowspan=\"1\" style=\"\">12.66%<\/td>\n<\/tr>\n<\/tbody>\n<\/table>\n<table data-rows=\"6\" data-cols=\"2\">\n<thead>\n<tr>\n<th>Header<\/th>\n<th>Retornos L\u00edquidos<\/th>\n<\/tr>\n<\/thead>\n<tbody>\n<tr>\n<td>Acumulado no Ano<\/td>\n<td>17.76%<\/td>\n<\/tr>\n<tr>\n<td>1 Ano<\/td>\n<td>17.38%<\/td>\n<\/tr>\n<tr>\n<td>3 Anos<\/td>\n<td>23.60%<\/td>\n<\/tr>\n<tr>\n<td rowspan=\"1\" colspan=\"1\">5 Anos<\/td>\n<td rowspan=\"1\" colspan=\"1\">14.59%<\/td>\n<\/tr>\n<tr>\n<td>10 Anos<\/td>\n<td>12.66%<\/td>\n<\/tr>\n<\/tbody>\n<\/table>\n<p>Dados em 30 de Setembro de 2025<\/p>\n<table data-rows=\"11\" data-cols=\"3\" data-v=\"middle\">\n<thead>\n<tr>\n<th style=\"width: 120px;\">Ranking<\/th>\n<th style=\"\">Setor<\/th>\n<th style=\"\">%<\/th>\n<\/tr>\n<\/thead>\n<tbody>\n<tr>\n<td style=\"\" data-th=\"Ranking\"><\/td>\n<td style=\"\" data-th=\"Setor\">Tecnologia da Informa\u00e7\u00e3o<\/td>\n<td style=\"\" data-th=\"%\">26.17<\/td>\n<\/tr>\n<tr>\n<td style=\"\" rowspan=\"1\" colspan=\"1\" data-th=\"Ranking\"><\/td>\n<td style=\"\" rowspan=\"1\" colspan=\"1\" data-th=\"Setor\">Finan\u00e7as<\/td>\n<td style=\"\" rowspan=\"1\" colspan=\"1\" data-th=\"%\">16.04<\/td>\n<\/tr>\n<tr>\n<td style=\"\" rowspan=\"1\" colspan=\"1\" data-th=\"Ranking\"><\/td>\n<td style=\"\" rowspan=\"1\" colspan=\"1\" data-th=\"Setor\">Consumo discricion\u00e1rio<\/td>\n<td style=\"\" rowspan=\"1\" colspan=\"1\" data-th=\"%\">11.15<\/td>\n<\/tr>\n<tr>\n<td style=\"\" rowspan=\"1\" colspan=\"1\" data-th=\"Ranking\"><\/td>\n<td style=\"\" rowspan=\"1\" colspan=\"1\" data-th=\"Setor\">Industrial<\/td>\n<td style=\"\" rowspan=\"1\" colspan=\"1\" data-th=\"%\">10.63<\/td>\n<\/tr>\n<tr>\n<td style=\"\" rowspan=\"1\" colspan=\"1\" data-th=\"Ranking\"><\/td>\n<td style=\"\" rowspan=\"1\" colspan=\"1\" data-th=\"Setor\">Sa\u00fade<\/td>\n<td style=\"\" rowspan=\"1\" colspan=\"1\" data-th=\"%\">10.35<\/td>\n<\/tr>\n<tr>\n<td style=\"\" rowspan=\"1\" colspan=\"1\" data-th=\"Ranking\"><\/td>\n<td style=\"\" rowspan=\"1\" colspan=\"1\" data-th=\"Setor\">Servi\u00e7os de comunica\u00e7\u00e3o<\/td>\n<td style=\"\" rowspan=\"1\" colspan=\"1\" data-th=\"%\">8.11<\/td>\n<\/tr>\n<tr>\n<td style=\"\" rowspan=\"1\" colspan=\"1\" data-th=\"Ranking\"><\/td>\n<td style=\"\" rowspan=\"1\" colspan=\"1\" data-th=\"Setor\">Bens de consumo<\/td>\n<td style=\"\" rowspan=\"1\" colspan=\"1\" data-th=\"%\">6.05<\/td>\n<\/tr>\n<tr>\n<td style=\"\" rowspan=\"1\" colspan=\"1\" data-th=\"Ranking\"><\/td>\n<td style=\"\" rowspan=\"1\" colspan=\"1\" data-th=\"Setor\">Energia<\/td>\n<td style=\"\" rowspan=\"1\" colspan=\"1\" data-th=\"%\">3.74<\/td>\n<\/tr>\n<tr>\n<td style=\"\" rowspan=\"1\" colspan=\"1\" data-th=\"Ranking\"><\/td>\n<td style=\"\" rowspan=\"1\" colspan=\"1\" data-th=\"Setor\">Materiais<\/td>\n<td style=\"\" rowspan=\"1\" colspan=\"1\" data-th=\"%\">3.21<\/td>\n<\/tr>\n<tr>\n<td style=\"\" rowspan=\"1\" colspan=\"1\" data-th=\"Ranking\"><\/td>\n<td style=\"\" rowspan=\"1\" colspan=\"1\" data-th=\"Setor\">Utilidades<\/td>\n<td style=\"\" rowspan=\"1\" colspan=\"1\" data-th=\"%\">2.48<\/td>\n<\/tr>\n<\/tbody>\n<\/table>\n<p style=\"text-align: center;\">Representa\u00e7\u00e3o do setor<\/p>\n<p><span><img decoding=\"async\" alt=\"\" data-id=\"6223\" width=\"444\" data-init-width=\"470\" height=\"444\" data-init-height=\"470\" title=\"MSCI World donut\" loading=\"lazy\" src=\"https:\/\/m1specialty.com\/wp-content\/uploads\/2025\/01\/MSCI-World-donut.png\" data-width=\"444\" data-height=\"444\" style=\"aspect-ratio: auto 470 \/ 470;\"><\/span>As Principais 10 Empresas<\/p>\n<table data-rows=\"10\" data-cols=\"4\">\n<thead><\/thead>\n<tbody>\n<tr>\n<td>\n<p style=\"text-align: left;\">1. Apple<\/p>\n<\/td>\n<td>\n<p style=\"text-align: center;\">EUA<\/p>\n<\/td>\n<td>\n<p style=\"text-align: center;\">5.45%<\/p>\n<\/td>\n<td>\n<p style=\"text-align: left;\">Tecnologia da Informa\u00e7\u00e3o<\/p>\n<\/td>\n<\/tr>\n<tr>\n<td>\n<p style=\"text-align: left;\">2. Nvidia Corp.<\/p>\n<\/td>\n<td>\n<p style=\"text-align: center;\">EUA<\/p>\n<\/td>\n<td>\n<p style=\"text-align: center;\">4.72%<\/p>\n<\/td>\n<td>\n<p style=\"text-align: left;\">Tecnologia da Informa\u00e7\u00e3o<\/p>\n<\/td>\n<\/tr>\n<tr>\n<td>\n<p style=\"text-align: left;\">3. Microsoft Corp.<\/p>\n<\/td>\n<td>\n<p style=\"text-align: center;\">EUA<\/p>\n<\/td>\n<td>\n<p style=\"text-align: center;\">4.26%<\/p>\n<\/td>\n<td>\n<p style=\"text-align: left;\">Tecnologia da Informa\u00e7\u00e3o<\/p>\n<\/td>\n<\/tr>\n<tr>\n<td rowspan=\"1\" colspan=\"1\">\n<p style=\"text-align: left;\">4. Amazon.com<\/p>\n<\/td>\n<td rowspan=\"1\" colspan=\"1\">\n<p style=\"text-align: center;\">EUA<\/p>\n<\/td>\n<td rowspan=\"1\" colspan=\"1\">\n<p style=\"text-align: center;\">2.97%<\/p>\n<\/td>\n<td rowspan=\"1\" colspan=\"1\">\n<p style=\"text-align: left;\">Consumo discricion\u00e1rio<\/p>\n<\/td>\n<\/tr>\n<tr>\n<td>\n<p style=\"text-align: left;\">5. Meta Platforms A<\/p>\n<\/td>\n<td>\n<p style=\"text-align: center;\">EUA<\/p>\n<\/td>\n<td>\n<p style=\"text-align: center;\">1.83%<\/p>\n<\/td>\n<td>\n<p style=\"text-align: left;\">Servi\u00e7os de comunica\u00e7\u00e3o<\/p>\n<\/td>\n<\/tr>\n<tr>\n<td rowspan=\"1\" colspan=\"1\">\n<p style=\"text-align: left;\">6. Tesla<\/p>\n<\/td>\n<td rowspan=\"1\" colspan=\"1\">\n<p style=\"text-align: center;\">EUA<\/p>\n<\/td>\n<td rowspan=\"1\" colspan=\"1\">\n<p style=\"text-align: center;\">1.66%<\/p>\n<\/td>\n<td rowspan=\"1\" colspan=\"1\">\n<p style=\"text-align: left;\">Consumo discricion\u00e1rio<\/p>\n<\/td>\n<\/tr>\n<tr>\n<td rowspan=\"1\" colspan=\"1\">\n<p style=\"text-align: left;\">7. Alphabet A<\/p>\n<\/td>\n<td rowspan=\"1\" colspan=\"1\">\n<p style=\"text-align: center;\">EUA<\/p>\n<\/td>\n<td rowspan=\"1\" colspan=\"1\">\n<p style=\"text-align: center;\">1.59%<\/p>\n<\/td>\n<td rowspan=\"1\" colspan=\"1\">\n<p style=\"text-align: left;\">Servi\u00e7os de comunica\u00e7\u00e3o<\/p>\n<\/td>\n<\/tr>\n<tr>\n<td rowspan=\"1\" colspan=\"1\">\n<p style=\"text-align: left;\">8. Broadcom<\/p>\n<\/td>\n<td rowspan=\"1\" colspan=\"1\">\n<p style=\"text-align: center;\">EUA<\/p>\n<\/td>\n<td rowspan=\"1\" colspan=\"1\">\n<p style=\"text-align: center;\">1.47%<\/p>\n<\/td>\n<td rowspan=\"1\" colspan=\"1\">\n<p style=\"text-align: left;\">Tecnologia da Informa\u00e7\u00e3o<\/p>\n<\/td>\n<\/tr>\n<tr>\n<td rowspan=\"1\" colspan=\"1\">\n<p style=\"text-align: left;\">9. Alphabet C<\/p>\n<\/td>\n<td rowspan=\"1\" colspan=\"1\">\n<p style=\"text-align: center;\">EUA<\/p>\n<\/td>\n<td rowspan=\"1\" colspan=\"1\">\n<p style=\"text-align: center;\">1.37%<\/p>\n<\/td>\n<td rowspan=\"1\" colspan=\"1\">\n<p style=\"text-align: left;\">Servi\u00e7os de comunica\u00e7\u00e3o<\/p>\n<\/td>\n<\/tr>\n<tr>\n<td rowspan=\"1\" colspan=\"1\">\n<p style=\"text-align: left;\">10. JP Morgan Chase<\/p>\n<\/td>\n<td rowspan=\"1\" colspan=\"1\">\n<p style=\"text-align: center;\">EUA<\/p>\n<\/td>\n<td rowspan=\"1\" colspan=\"1\">\n<p style=\"text-align: center;\">0.98%<\/p>\n<\/td>\n<td rowspan=\"1\" colspan=\"1\">\n<p style=\"text-align: left;\">Finan\u00e7as<\/p>\n<\/td>\n<\/tr>\n<\/tbody>\n<\/table>\n<table data-rows=\"11\" data-cols=\"4\">\n<thead><\/thead>\n<tbody>\n<tr>\n<td rowspan=\"1\" colspan=\"1\">\n<p style=\"text-align: center;\"><strong>Empresa<\/strong><\/p>\n<\/td>\n<td rowspan=\"1\" colspan=\"1\">\n<p style=\"text-align: center;\"><strong>Pa\u00eds<\/strong><\/p>\n<\/td>\n<td rowspan=\"1\" colspan=\"1\">\n<p style=\"text-align: center;\"><strong>Peso no \u00edndice<\/strong><\/p>\n<\/td>\n<td rowspan=\"1\" colspan=\"1\">\n<p style=\"text-align: center;\"><strong>Setor<\/strong><\/p>\n<\/td>\n<\/tr>\n<tr>\n<td>\n<p style=\"text-align: center;\">1. Apple<\/p>\n<\/td>\n<td>\n<p style=\"text-align: center;\">EUA<\/p>\n<\/td>\n<td>\n<p style=\"text-align: center;\">5.45%<\/p>\n<\/td>\n<td>\n<p style=\"text-align: center;\">Tecnologia da Informa\u00e7\u00e3o<\/p>\n<\/td>\n<\/tr>\n<tr>\n<td>\n<p style=\"text-align: center;\">2. Nvidia Corp.<\/p>\n<\/td>\n<td>\n<p style=\"text-align: center;\">EUA<\/p>\n<\/td>\n<td>\n<p style=\"text-align: center;\">4.72%<\/p>\n<\/td>\n<td>\n<p style=\"text-align: center;\">Tecnologia da Informa\u00e7\u00e3o<\/p>\n<\/td>\n<\/tr>\n<tr>\n<td>\n<p style=\"text-align: center;\">3. Microsoft Corp.<\/p>\n<\/td>\n<td>\n<p style=\"text-align: center;\">EUA<\/p>\n<\/td>\n<td>\n<p style=\"text-align: center;\">4.26%<\/p>\n<\/td>\n<td>\n<p style=\"text-align: center;\">Tecnologia da Informa\u00e7\u00e3o<\/p>\n<\/td>\n<\/tr>\n<tr>\n<td rowspan=\"1\" colspan=\"1\">\n<p style=\"text-align: center;\">4. Amazon.com<\/p>\n<\/td>\n<td rowspan=\"1\" colspan=\"1\">\n<p style=\"text-align: center;\">EUA<\/p>\n<\/td>\n<td rowspan=\"1\" colspan=\"1\">\n<p style=\"text-align: center;\">2.97%<\/p>\n<\/td>\n<td rowspan=\"1\" colspan=\"1\">\n<p style=\"text-align: center;\">Servi\u00e7os de comunica\u00e7\u00e3o<\/p>\n<\/td>\n<\/tr>\n<tr>\n<td>\n<p style=\"text-align: center;\">5. Meta Platforms A<\/p>\n<\/td>\n<td>\n<p style=\"text-align: center;\">EUA<\/p>\n<\/td>\n<td>\n<p style=\"text-align: center;\">1.83%<\/p>\n<\/td>\n<td>\n<p style=\"text-align: center;\">Communication Services<\/p>\n<\/td>\n<\/tr>\n<tr>\n<td rowspan=\"1\" colspan=\"1\">\n<p style=\"text-align: center;\">6. Tesla<\/p>\n<\/td>\n<td rowspan=\"1\" colspan=\"1\">\n<p style=\"text-align: center;\">EUA<\/p>\n<\/td>\n<td rowspan=\"1\" colspan=\"1\">\n<p style=\"text-align: center;\">1.66%<\/p>\n<\/td>\n<td rowspan=\"1\" colspan=\"1\">\n<p style=\"text-align: center;\">Servi\u00e7os de comunica\u00e7\u00e3o<\/p>\n<\/td>\n<\/tr>\n<tr>\n<td rowspan=\"1\" colspan=\"1\">\n<p style=\"text-align: center;\">7. Alphabet A<\/p>\n<\/td>\n<td rowspan=\"1\" colspan=\"1\">\n<p style=\"text-align: center;\">EUA<\/p>\n<\/td>\n<td rowspan=\"1\" colspan=\"1\">\n<p style=\"text-align: center;\">1.59%<\/p>\n<\/td>\n<td rowspan=\"1\" colspan=\"1\">\n<p style=\"text-align: center;\">Servi\u00e7os de comunica\u00e7\u00e3o<\/p>\n<\/td>\n<\/tr>\n<tr>\n<td rowspan=\"1\" colspan=\"1\">\n<p style=\"text-align: center;\">8. Broadcom<\/p>\n<\/td>\n<td rowspan=\"1\" colspan=\"1\">\n<p style=\"text-align: center;\">EUA<\/p>\n<\/td>\n<td rowspan=\"1\" colspan=\"1\">\n<p style=\"text-align: center;\">1.47%<\/p>\n<\/td>\n<td rowspan=\"1\" colspan=\"1\">\n<p style=\"text-align: center;\">Tecnologia da Informa\u00e7\u00e3o<\/p>\n<\/td>\n<\/tr>\n<tr>\n<td rowspan=\"1\" colspan=\"1\">\n<p style=\"text-align: center;\">9. Alphabet C<\/p>\n<\/td>\n<td rowspan=\"1\" colspan=\"1\">\n<p style=\"text-align: center;\">EUA<\/p>\n<\/td>\n<td rowspan=\"1\" colspan=\"1\">\n<p style=\"text-align: center;\">1.37%<\/p>\n<\/td>\n<td rowspan=\"1\" colspan=\"1\">\n<p style=\"text-align: center;\">Servi\u00e7os de comunica\u00e7\u00e3o<\/p>\n<\/td>\n<\/tr>\n<tr>\n<td rowspan=\"1\" colspan=\"1\">\n<p style=\"text-align: center;\">10. JP Morgan Chase<\/p>\n<\/td>\n<td rowspan=\"1\" colspan=\"1\">\n<p style=\"text-align: center;\">EUA<\/p>\n<\/td>\n<td rowspan=\"1\" colspan=\"1\">\n<p style=\"text-align: center;\">0.98%<\/p>\n<\/td>\n<td rowspan=\"1\" colspan=\"1\">\n<p style=\"text-align: center;\">Finan\u00e7as<\/p>\n<\/td>\n<\/tr>\n<\/tbody>\n<\/table>\n<p>LINK PARA O \u00cdNDICE:<a href=\"https:\/\/www.msci.com\/documents\/10199\/255599\/msci-world-enhanced-value-index-net-usd.pdf\" target=\"_blank\" style=\"outline: none;\">MSCI World Index<\/a><\/p>\n","protected":false},"excerpt":{"rendered":"<p>Informa\u00e7\u00f5es do \u00edndice 30 de Setembro, 2025 \u00cdndice MSCI World O \u00cdndice MSCI World captura a representa\u00e7\u00e3o de empresas de grande e m\u00e9dia capitaliza\u00e7\u00e3o em 23 pa\u00edses de mercados desenvolvidos (MD). Com 1.429 empresas, o \u00edndice cobre aproximadamente 85% da capitaliza\u00e7\u00e3o de mercado ajustada pelo free-float em cada pa\u00eds.Os pa\u00edses de mercados desenvolvidos (DM) incluem: [&hellip;]<\/p>\n","protected":false},"author":8,"featured_media":0,"parent":0,"menu_order":0,"comment_status":"closed","ping_status":"closed","template":"","meta":{"inline_featured_image":false,"footnotes":""},"class_list":["post-6389","page","type-page","status-publish","hentry","post-wrapper","thrv_wrapper"],"yoast_head":"<!-- This site is optimized with the Yoast SEO Premium plugin v20.3 (Yoast SEO v20.3) - https:\/\/yoast.com\/wordpress\/plugins\/seo\/ -->\n<title>MSCI World-Index Data | M1 Specialty<\/title>\n<meta name=\"robots\" content=\"index, follow, max-snippet:-1, max-image-preview:large, max-video-preview:-1\" \/>\n<link rel=\"canonical\" href=\"https:\/\/m1specialty.com\/pt-br\/msci-world-index-data\/\" \/>\n<meta property=\"og:locale\" content=\"pt_BR\" \/>\n<meta property=\"og:type\" content=\"article\" \/>\n<meta property=\"og:title\" content=\"MSCI World-Index Data\" \/>\n<meta property=\"og:description\" content=\"Informa\u00e7\u00f5es do \u00edndice 30 de Setembro, 2025 \u00cdndice MSCI World O \u00cdndice MSCI World captura a representa\u00e7\u00e3o de empresas de grande e m\u00e9dia capitaliza\u00e7\u00e3o em 23 pa\u00edses de mercados desenvolvidos (MD). Com 1.429 empresas, o \u00edndice cobre aproximadamente 85% da capitaliza\u00e7\u00e3o de mercado ajustada pelo free-float em cada pa\u00eds.Os pa\u00edses de mercados desenvolvidos (DM) incluem: [&hellip;]\" \/>\n<meta property=\"og:url\" content=\"https:\/\/m1specialty.com\/pt-br\/msci-world-index-data\/\" \/>\n<meta property=\"og:site_name\" content=\"M1 Specialty\" \/>\n<meta property=\"article:publisher\" content=\"https:\/\/www.facebook.com\/M1Specialty\/\" \/>\n<meta property=\"article:modified_time\" content=\"2025-10-30T15:22:32+00:00\" \/>\n<meta property=\"og:image\" content=\"https:\/\/m1specialty.com\/wp-content\/uploads\/2024\/11\/MSCI-World-pie.png\" \/>\n<meta name=\"twitter:card\" content=\"summary_large_image\" \/>\n<meta name=\"twitter:site\" content=\"@m1specialty\" \/>\n<meta name=\"twitter:label1\" content=\"Est. tempo de leitura\" \/>\n\t<meta name=\"twitter:data1\" content=\"2 minutos\" \/>\n<script type=\"application\/ld+json\" class=\"yoast-schema-graph\">{\"@context\":\"https:\/\/schema.org\",\"@graph\":[{\"@type\":\"WebPage\",\"@id\":\"https:\/\/m1specialty.com\/pt-br\/msci-world-index-data\/\",\"url\":\"https:\/\/m1specialty.com\/pt-br\/msci-world-index-data\/\",\"name\":\"MSCI World-Index Data | M1 Specialty\",\"isPartOf\":{\"@id\":\"https:\/\/m1specialty.com\/pt-br\/#website\"},\"datePublished\":\"2024-11-28T15:18:30+00:00\",\"dateModified\":\"2025-10-30T15:22:32+00:00\",\"breadcrumb\":{\"@id\":\"https:\/\/m1specialty.com\/pt-br\/msci-world-index-data\/#breadcrumb\"},\"inLanguage\":\"pt-BR\",\"potentialAction\":[{\"@type\":\"ReadAction\",\"target\":[\"https:\/\/m1specialty.com\/pt-br\/msci-world-index-data\/\"]}]},{\"@type\":\"BreadcrumbList\",\"@id\":\"https:\/\/m1specialty.com\/pt-br\/msci-world-index-data\/#breadcrumb\",\"itemListElement\":[{\"@type\":\"ListItem\",\"position\":1,\"name\":\"Home\",\"item\":\"https:\/\/m1specialty.com\/pt-br\/\"},{\"@type\":\"ListItem\",\"position\":2,\"name\":\"MSCI World-Index Data\"}]},{\"@type\":\"WebSite\",\"@id\":\"https:\/\/m1specialty.com\/pt-br\/#website\",\"url\":\"https:\/\/m1specialty.com\/pt-br\/\",\"name\":\"M1 Specialty\",\"description\":\"Unit-Linked Insurance Solutions, simple and effective.\",\"publisher\":{\"@id\":\"https:\/\/m1specialty.com\/pt-br\/#organization\"},\"potentialAction\":[{\"@type\":\"SearchAction\",\"target\":{\"@type\":\"EntryPoint\",\"urlTemplate\":\"https:\/\/m1specialty.com\/pt-br\/?s={search_term_string}\"},\"query-input\":\"required name=search_term_string\"}],\"inLanguage\":\"pt-BR\"},{\"@type\":\"Organization\",\"@id\":\"https:\/\/m1specialty.com\/pt-br\/#organization\",\"name\":\"M1 Specialty\",\"url\":\"https:\/\/m1specialty.com\/pt-br\/\",\"logo\":{\"@type\":\"ImageObject\",\"inLanguage\":\"pt-BR\",\"@id\":\"https:\/\/m1specialty.com\/pt-br\/#\/schema\/logo\/image\/\",\"url\":\"https:\/\/m1specialty.com\/wp-content\/uploads\/2023\/03\/logo-yoast-m1.png\",\"contentUrl\":\"https:\/\/m1specialty.com\/wp-content\/uploads\/2023\/03\/logo-yoast-m1.png\",\"width\":696,\"height\":696,\"caption\":\"M1 Specialty\"},\"image\":{\"@id\":\"https:\/\/m1specialty.com\/pt-br\/#\/schema\/logo\/image\/\"},\"sameAs\":[\"https:\/\/www.facebook.com\/M1Specialty\/\",\"https:\/\/twitter.com\/m1specialty\",\"https:\/\/www.linkedin.com\/company\/m1specialty\/\",\"https:\/\/www.instagram.com\/m1specialty\/\"]}]}<\/script>\n<!-- \/ Yoast SEO Premium plugin. -->","yoast_head_json":{"title":"MSCI World-Index Data | M1 Specialty","robots":{"index":"index","follow":"follow","max-snippet":"max-snippet:-1","max-image-preview":"max-image-preview:large","max-video-preview":"max-video-preview:-1"},"canonical":"https:\/\/m1specialty.com\/pt-br\/msci-world-index-data\/","og_locale":"pt_BR","og_type":"article","og_title":"MSCI World-Index Data","og_description":"Informa\u00e7\u00f5es do \u00edndice 30 de Setembro, 2025 \u00cdndice MSCI World O \u00cdndice MSCI World captura a representa\u00e7\u00e3o de empresas de grande e m\u00e9dia capitaliza\u00e7\u00e3o em 23 pa\u00edses de mercados desenvolvidos (MD). Com 1.429 empresas, o \u00edndice cobre aproximadamente 85% da capitaliza\u00e7\u00e3o de mercado ajustada pelo free-float em cada pa\u00eds.Os pa\u00edses de mercados desenvolvidos (DM) incluem: [&hellip;]","og_url":"https:\/\/m1specialty.com\/pt-br\/msci-world-index-data\/","og_site_name":"M1 Specialty","article_publisher":"https:\/\/www.facebook.com\/M1Specialty\/","article_modified_time":"2025-10-30T15:22:32+00:00","og_image":[{"url":"https:\/\/m1specialty.com\/wp-content\/uploads\/2024\/11\/MSCI-World-pie.png"}],"twitter_card":"summary_large_image","twitter_site":"@m1specialty","twitter_misc":{"Est. tempo de leitura":"2 minutos"},"schema":{"@context":"https:\/\/schema.org","@graph":[{"@type":"WebPage","@id":"https:\/\/m1specialty.com\/pt-br\/msci-world-index-data\/","url":"https:\/\/m1specialty.com\/pt-br\/msci-world-index-data\/","name":"MSCI World-Index Data | M1 Specialty","isPartOf":{"@id":"https:\/\/m1specialty.com\/pt-br\/#website"},"datePublished":"2024-11-28T15:18:30+00:00","dateModified":"2025-10-30T15:22:32+00:00","breadcrumb":{"@id":"https:\/\/m1specialty.com\/pt-br\/msci-world-index-data\/#breadcrumb"},"inLanguage":"pt-BR","potentialAction":[{"@type":"ReadAction","target":["https:\/\/m1specialty.com\/pt-br\/msci-world-index-data\/"]}]},{"@type":"BreadcrumbList","@id":"https:\/\/m1specialty.com\/pt-br\/msci-world-index-data\/#breadcrumb","itemListElement":[{"@type":"ListItem","position":1,"name":"Home","item":"https:\/\/m1specialty.com\/pt-br\/"},{"@type":"ListItem","position":2,"name":"MSCI World-Index Data"}]},{"@type":"WebSite","@id":"https:\/\/m1specialty.com\/pt-br\/#website","url":"https:\/\/m1specialty.com\/pt-br\/","name":"M1 Specialty","description":"Unit-Linked Insurance Solutions, simple and effective.","publisher":{"@id":"https:\/\/m1specialty.com\/pt-br\/#organization"},"potentialAction":[{"@type":"SearchAction","target":{"@type":"EntryPoint","urlTemplate":"https:\/\/m1specialty.com\/pt-br\/?s={search_term_string}"},"query-input":"required name=search_term_string"}],"inLanguage":"pt-BR"},{"@type":"Organization","@id":"https:\/\/m1specialty.com\/pt-br\/#organization","name":"M1 Specialty","url":"https:\/\/m1specialty.com\/pt-br\/","logo":{"@type":"ImageObject","inLanguage":"pt-BR","@id":"https:\/\/m1specialty.com\/pt-br\/#\/schema\/logo\/image\/","url":"https:\/\/m1specialty.com\/wp-content\/uploads\/2023\/03\/logo-yoast-m1.png","contentUrl":"https:\/\/m1specialty.com\/wp-content\/uploads\/2023\/03\/logo-yoast-m1.png","width":696,"height":696,"caption":"M1 Specialty"},"image":{"@id":"https:\/\/m1specialty.com\/pt-br\/#\/schema\/logo\/image\/"},"sameAs":["https:\/\/www.facebook.com\/M1Specialty\/","https:\/\/twitter.com\/m1specialty","https:\/\/www.linkedin.com\/company\/m1specialty\/","https:\/\/www.instagram.com\/m1specialty\/"]}]}},"_links":{"self":[{"href":"https:\/\/m1specialty.com\/pt-br\/wp-json\/wp\/v2\/pages\/6389","targetHints":{"allow":["GET"]}}],"collection":[{"href":"https:\/\/m1specialty.com\/pt-br\/wp-json\/wp\/v2\/pages"}],"about":[{"href":"https:\/\/m1specialty.com\/pt-br\/wp-json\/wp\/v2\/types\/page"}],"author":[{"embeddable":true,"href":"https:\/\/m1specialty.com\/pt-br\/wp-json\/wp\/v2\/users\/8"}],"replies":[{"embeddable":true,"href":"https:\/\/m1specialty.com\/pt-br\/wp-json\/wp\/v2\/comments?post=6389"}],"version-history":[{"count":17,"href":"https:\/\/m1specialty.com\/pt-br\/wp-json\/wp\/v2\/pages\/6389\/revisions"}],"predecessor-version":[{"id":7932,"href":"https:\/\/m1specialty.com\/pt-br\/wp-json\/wp\/v2\/pages\/6389\/revisions\/7932"}],"wp:attachment":[{"href":"https:\/\/m1specialty.com\/pt-br\/wp-json\/wp\/v2\/media?parent=6389"}],"curies":[{"name":"wp","href":"https:\/\/api.w.org\/{rel}","templated":true}]}}