{"id":6353,"date":"2024-11-27T19:33:36","date_gmt":"2024-11-27T23:33:36","guid":{"rendered":"https:\/\/m1specialty.com\/msci-acwi-imi-index-data\/"},"modified":"2025-10-30T19:03:23","modified_gmt":"2025-10-30T23:03:23","slug":"msci-acwi-imi-index-data","status":"publish","type":"page","link":"https:\/\/m1specialty.com\/pt-br\/msci-acwi-imi-index-data\/","title":{"rendered":"MSCI ACWI IMI &#8211; Index Data"},"content":{"rendered":"<p style=\"text-align: right;\">Informa\u00e7\u00f5es do \u00edndice<\/p>\n<p style=\"\">30 de Setembro, 2025<\/p>\n<p style=\"text-align: center;\"><strong>\u00cdndice MSCI All Country World (ACWI) IMI<\/strong><\/p>\n<p>O MSCI ACWI Investable Market Index (IMI) captura a representa\u00e7\u00e3o de empresas de grande, m\u00e9dio e pequeno porte em 23 pa\u00edses de mercados desenvolvidos (MD) e 24 pa\u00edses de mercados emergentes (ME). Com 8.815 empresas, o \u00edndice \u00e9 abrangente, cobrindo aproximadamente 99% do conjunto de oportunidades de investimento em a\u00e7\u00f5es globais.Pesos por Pa\u00eds<\/p>\n<table data-rows=\"7\" data-cols=\"3\" data-v=\"middle\">\n<thead>\n<tr>\n<th style=\"\">Ranking<\/th>\n<th style=\"\">Pa\u00eds<\/th>\n<th colspan=\"1\" rowspan=\"1\" style=\"\">%<\/th>\n<\/tr>\n<\/thead>\n<tbody>\n<tr>\n<td style=\"\" data-th=\"Ranking\"><\/td>\n<td style=\"\" data-th=\"Pa\u00eds\">Estados Unidos<\/td>\n<td colspan=\"1\" rowspan=\"1\" style=\"\" data-th=\"%\">65.33<\/td>\n<\/tr>\n<tr>\n<td style=\"\" rowspan=\"1\" colspan=\"1\" data-th=\"Ranking\"><\/td>\n<td style=\"\" rowspan=\"1\" colspan=\"1\" data-th=\"Pa\u00eds\">Jap\u00e3o<\/td>\n<td colspan=\"1\" rowspan=\"1\" style=\"\" data-th=\"%\">5.43<\/td>\n<\/tr>\n<tr>\n<td style=\"\" rowspan=\"1\" colspan=\"1\" data-th=\"Ranking\"><\/td>\n<td style=\"\" rowspan=\"1\" colspan=\"1\" data-th=\"Pa\u00eds\">Reino Unido<\/td>\n<td colspan=\"1\" rowspan=\"1\" style=\"\" data-th=\"%\">3.20<\/td>\n<\/tr>\n<tr>\n<td style=\"\" rowspan=\"1\" colspan=\"1\" data-th=\"Ranking\"><\/td>\n<td style=\"\" rowspan=\"1\" colspan=\"1\" data-th=\"Pa\u00eds\">Canad\u00e1<\/td>\n<td colspan=\"1\" rowspan=\"1\" style=\"\" data-th=\"%\">2.75<\/td>\n<\/tr>\n<tr>\n<td style=\"\" rowspan=\"1\" colspan=\"1\" data-th=\"Ranking\"><\/td>\n<td style=\"\" rowspan=\"1\" colspan=\"1\" data-th=\"Pa\u00eds\">China<\/td>\n<td colspan=\"1\" rowspan=\"1\" style=\"\" data-th=\"%\">2.60<\/td>\n<\/tr>\n<tr>\n<td style=\"\" rowspan=\"1\" colspan=\"1\" data-th=\"Ranking\"><\/td>\n<td style=\"\" rowspan=\"1\" colspan=\"1\" data-th=\"Pa\u00eds\">Outro<\/td>\n<td colspan=\"1\" rowspan=\"1\" style=\"\" data-th=\"%\">20.69<\/td>\n<\/tr>\n<\/tbody>\n<\/table>\n<p><span><img decoding=\"async\" alt=\"\" data-id=\"6204\" width=\"0\" data-init-width=\"413\" height=\"0\" data-init-height=\"413\" title=\"MSCI ACWI IMI pie\" loading=\"lazy\" src=\"https:\/\/m1specialty.com\/wp-content\/uploads\/2025\/01\/MSCI-ACWI-IMI-pie.png\" data-width=\"0\" data-height=\"0\" style=\"aspect-ratio: auto 413 \/ 413;\"><\/span>Retornos do \u00cdndiceRetornos Anuais<\/p>\n<table data-rows=\"2\" data-cols=\"6\" data-v=\"middle\">\n<thead>\n<tr>\n<th style=\"\">Header<\/th>\n<th style=\"\">Acumulado no Ano<\/th>\n<th style=\"\">1 Ano<\/th>\n<th style=\"\">3 Anos<\/th>\n<th style=\"\">5 Anos<\/th>\n<th colspan=\"1\" rowspan=\"1\" style=\"\">10 Anos<\/th>\n<\/tr>\n<\/thead>\n<tbody>\n<tr>\n<td style=\"\">Retornos L\u00edquidos<\/td>\n<td style=\"\">18.68%<\/td>\n<td style=\"\">17.32%<\/td>\n<td style=\"\">23.07%<\/td>\n<td style=\"\">13.83%<\/td>\n<td colspan=\"1\" rowspan=\"1\" style=\"\">12.18%<\/td>\n<\/tr>\n<\/tbody>\n<\/table>\n<table data-rows=\"6\" data-cols=\"2\">\n<thead>\n<tr>\n<th>Header<\/th>\n<th>Retornos L\u00edquidos<\/th>\n<\/tr>\n<\/thead>\n<tbody>\n<tr>\n<td>Acumulado no Ano<\/td>\n<td>18.68%<\/td>\n<\/tr>\n<tr>\n<td>1 Ano<\/td>\n<td>17.32%<\/td>\n<\/tr>\n<tr>\n<td>3 Anos<\/td>\n<td>23.07%<\/td>\n<\/tr>\n<tr>\n<td rowspan=\"1\" colspan=\"1\">5 Anos<\/td>\n<td rowspan=\"1\" colspan=\"1\">13.83%<\/td>\n<\/tr>\n<tr>\n<td>10 Anos<\/td>\n<td>12.18%<\/td>\n<\/tr>\n<\/tbody>\n<\/table>\n<p>Dados em 30 de Setembro de 2025<\/p>\n<table data-rows=\"12\" data-cols=\"3\" data-v=\"middle\">\n<thead>\n<tr>\n<th style=\"width: 120px;\">Ranking<\/th>\n<th style=\"\">Setores<\/th>\n<th colspan=\"1\" rowspan=\"1\" style=\"\">%<\/th>\n<\/tr>\n<\/thead>\n<tbody>\n<tr>\n<td style=\"\" data-th=\"Ranking\"><\/td>\n<td style=\"\" data-th=\"Setores\">Tecnologia da Informa\u00e7\u00e3o<\/td>\n<td colspan=\"1\" rowspan=\"1\" style=\"\" data-th=\"%\">24.51<\/td>\n<\/tr>\n<tr>\n<td style=\"\" rowspan=\"1\" colspan=\"1\" data-th=\"Ranking\"><\/td>\n<td style=\"\" rowspan=\"1\" colspan=\"1\" data-th=\"Setores\">Finan\u00e7as<\/td>\n<td colspan=\"1\" rowspan=\"1\" style=\"\" data-th=\"%\">16.67<\/td>\n<\/tr>\n<tr>\n<td style=\"\" rowspan=\"1\" colspan=\"1\" data-th=\"Ranking\"><\/td>\n<td style=\"\" rowspan=\"1\" colspan=\"1\" data-th=\"Setores\">Consumo discricion\u00e1rio<\/td>\n<td colspan=\"1\" rowspan=\"1\" style=\"\" data-th=\"%\">11.52<\/td>\n<\/tr>\n<tr>\n<td style=\"\" rowspan=\"1\" colspan=\"1\" data-th=\"Ranking\"><\/td>\n<td style=\"\" rowspan=\"1\" colspan=\"1\" data-th=\"Setores\">Industrial<\/td>\n<td colspan=\"1\" rowspan=\"1\" style=\"\" data-th=\"%\">11.23<\/td>\n<\/tr>\n<tr>\n<td style=\"\" rowspan=\"1\" colspan=\"1\" data-th=\"Ranking\"><\/td>\n<td style=\"\" rowspan=\"1\" colspan=\"1\" data-th=\"Setores\">Sa\u00fade<\/td>\n<td colspan=\"1\" rowspan=\"1\" style=\"\" data-th=\"%\">9.64<\/td>\n<\/tr>\n<tr>\n<td style=\"\" rowspan=\"1\" colspan=\"1\" data-th=\"Ranking\"><\/td>\n<td style=\"\" rowspan=\"1\" colspan=\"1\" data-th=\"Setores\">Servi\u00e7os de comunica\u00e7\u00e3o<\/td>\n<td colspan=\"1\" rowspan=\"1\" style=\"\" data-th=\"%\">7.72<\/td>\n<\/tr>\n<tr>\n<td style=\"\" rowspan=\"1\" colspan=\"1\" data-th=\"Ranking\"><\/td>\n<td style=\"\" rowspan=\"1\" colspan=\"1\" data-th=\"Setores\">Bens de consumo<\/td>\n<td colspan=\"1\" rowspan=\"1\" style=\"\" data-th=\"%\">5.81<\/td>\n<\/tr>\n<tr>\n<td style=\"\" rowspan=\"1\" colspan=\"1\" data-th=\"Ranking\"><\/td>\n<td style=\"\" rowspan=\"1\" colspan=\"1\" data-th=\"Setores\">Materiais<\/td>\n<td colspan=\"1\" rowspan=\"1\" style=\"\" data-th=\"%\">3.91<\/td>\n<\/tr>\n<tr>\n<td style=\"\" rowspan=\"1\" colspan=\"1\" data-th=\"Ranking\"><\/td>\n<td style=\"\" rowspan=\"1\" colspan=\"1\" data-th=\"Setores\">Energia<\/td>\n<td colspan=\"1\" rowspan=\"1\" style=\"\" data-th=\"%\">3.84<\/td>\n<\/tr>\n<tr>\n<td style=\"\" rowspan=\"1\" colspan=\"1\" data-th=\"Ranking\"><\/td>\n<td style=\"\" rowspan=\"1\" colspan=\"1\" data-th=\"Setores\">Imobili\u00e1rio<\/td>\n<td colspan=\"1\" rowspan=\"1\" style=\"\" data-th=\"%\">2.64<\/td>\n<\/tr>\n<tr>\n<td style=\"\" rowspan=\"1\" colspan=\"1\" data-th=\"Ranking\"><\/td>\n<td style=\"\" rowspan=\"1\" colspan=\"1\" data-th=\"Setores\">Utilidades<\/td>\n<td colspan=\"1\" rowspan=\"1\" style=\"\" data-th=\"%\">2.52<\/td>\n<\/tr>\n<\/tbody>\n<\/table>\n<p style=\"text-align: center;\">Representa\u00e7\u00e3o do setor<\/p>\n<p><span><img decoding=\"async\" alt=\"\" data-id=\"6199\" width=\"444\" data-init-width=\"458\" height=\"443\" data-init-height=\"457\" title=\"MSCI ACWI IMI donut\" loading=\"lazy\" src=\"https:\/\/m1specialty.com\/wp-content\/uploads\/2025\/01\/MSCI-ACWI-IMI-donut.png\" data-width=\"444\" data-height=\"443\" style=\"aspect-ratio: auto 458 \/ 457;\"><\/span>As Principais 10 Empresas<\/p>\n<table data-rows=\"10\" data-cols=\"4\">\n<thead><\/thead>\n<tbody>\n<tr>\n<td>\n<p style=\"\">1. Apple&nbsp;<\/p>\n<\/td>\n<td>\n<p style=\"text-align: center;\">EUA<\/p>\n<\/td>\n<td>\n<p style=\"text-align: center;\">4.39%<\/p>\n<\/td>\n<td>\n<p>Tecnologia da Informa\u00e7\u00e3o<\/p>\n<\/td>\n<\/tr>\n<tr>\n<td>\n<p>2. Nvidia<\/p>\n<\/td>\n<td>\n<p style=\"text-align: center;\">EUA<\/p>\n<\/td>\n<td>\n<p style=\"text-align: center;\">3.80%<\/p>\n<\/td>\n<td>\n<p>Tecnologia da Informa\u00e7\u00e3o<\/p>\n<\/td>\n<\/tr>\n<tr>\n<td>\n<p>3. Microsoft Corp.<\/p>\n<\/td>\n<td>\n<p style=\"text-align: center;\">EUA<\/p>\n<\/td>\n<td>\n<p style=\"text-align: center;\">3.43%<\/p>\n<\/td>\n<td>\n<p>Information Technology<\/p>\n<\/td>\n<\/tr>\n<tr>\n<td rowspan=\"1\" colspan=\"1\">\n<p>4. Amazon.com<\/p>\n<\/td>\n<td rowspan=\"1\" colspan=\"1\">\n<p style=\"text-align: center;\">EUA<\/p>\n<\/td>\n<td rowspan=\"1\" colspan=\"1\">\n<p style=\"text-align: center;\">2.39%<\/p>\n<\/td>\n<td rowspan=\"1\" colspan=\"1\">\n<p>Consumer Discretionary<\/p>\n<\/td>\n<\/tr>\n<tr>\n<td>\n<p>5. Meta Platforms A<\/p>\n<\/td>\n<td>\n<p style=\"text-align: center;\">EUA<\/p>\n<\/td>\n<td>\n<p style=\"text-align: center;\">1.47%<\/p>\n<\/td>\n<td>\n<p>Communication Services<\/p>\n<\/td>\n<\/tr>\n<tr>\n<td rowspan=\"1\" colspan=\"1\">\n<p>6. Tesla&nbsp;<\/p>\n<\/td>\n<td rowspan=\"1\" colspan=\"1\">\n<p style=\"text-align: center;\">EUA<\/p>\n<\/td>\n<td rowspan=\"1\" colspan=\"1\">\n<p style=\"text-align: center;\">1.34%<\/p>\n<\/td>\n<td rowspan=\"1\" colspan=\"1\">\n<p>Consumer Discretionary<\/p>\n<\/td>\n<\/tr>\n<tr>\n<td rowspan=\"1\" colspan=\"1\">\n<p>7. Alphabet A<\/p>\n<\/td>\n<td rowspan=\"1\" colspan=\"1\">\n<p style=\"text-align: center;\">EUA<\/p>\n<\/td>\n<td rowspan=\"1\" colspan=\"1\">\n<p style=\"text-align: center;\">1.28%<\/p>\n<\/td>\n<td rowspan=\"1\" colspan=\"1\">\n<p>Communication Services<\/p>\n<\/td>\n<\/tr>\n<tr>\n<td rowspan=\"1\" colspan=\"1\">\n<p>8. Broadcom<\/p>\n<\/td>\n<td rowspan=\"1\" colspan=\"1\">\n<p style=\"text-align: center;\">EUA<\/p>\n<\/td>\n<td rowspan=\"1\" colspan=\"1\">\n<p style=\"text-align: center;\">1.19%<\/p>\n<\/td>\n<td rowspan=\"1\" colspan=\"1\">\n<p>Tecnologia da Informa\u00e7\u00e3o<\/p>\n<\/td>\n<\/tr>\n<tr>\n<td rowspan=\"1\" colspan=\"1\">\n<p>9. Alphabet C<\/p>\n<\/td>\n<td rowspan=\"1\" colspan=\"1\">\n<p style=\"text-align: center;\">EUA<\/p>\n<\/td>\n<td rowspan=\"1\" colspan=\"1\">\n<p style=\"text-align: center;\">1.10%<\/p>\n<\/td>\n<td rowspan=\"1\" colspan=\"1\">\n<p>Communication Services<\/p>\n<\/td>\n<\/tr>\n<tr>\n<td rowspan=\"1\" colspan=\"1\">\n<p>10. Taiwan Semiconductor MFG<\/p>\n<\/td>\n<td rowspan=\"1\" colspan=\"1\">\n<p style=\"text-align: center;\">Taiwan<\/p>\n<\/td>\n<td rowspan=\"1\" colspan=\"1\">\n<p style=\"text-align: center;\">0.93%<\/p>\n<\/td>\n<td rowspan=\"1\" colspan=\"1\">\n<p>Tecnologia da Informa\u00e7\u00e3o<\/p>\n<\/td>\n<\/tr>\n<\/tbody>\n<\/table>\n<table data-rows=\"11\" data-cols=\"4\">\n<thead><\/thead>\n<tbody>\n<tr>\n<td rowspan=\"1\" colspan=\"1\">\n<p style=\"text-align: center;\"><strong>Empresas<\/strong><\/p>\n<\/td>\n<td rowspan=\"1\" colspan=\"1\">\n<p style=\"text-align: center;\"><strong>Pa\u00eds<\/strong><\/p>\n<\/td>\n<td rowspan=\"1\" colspan=\"1\">\n<p style=\"text-align: center;\"><strong>Peso no \u00edndice<\/strong><\/p>\n<\/td>\n<td rowspan=\"1\" colspan=\"1\">\n<p style=\"text-align: center;\"><strong>Setor<\/strong><\/p>\n<\/td>\n<\/tr>\n<tr>\n<td data-th=\"Empresas\">\n<p style=\"\">1. Apple&nbsp;<\/p>\n<\/td>\n<td data-th=\"Pa\u00eds\">\n<p style=\"text-align: center;\">EUA<\/p>\n<\/td>\n<td data-th=\"Peso no \u00edndice\">\n<p style=\"text-align: center;\">4.39%<\/p>\n<\/td>\n<td data-th=\"Setor\">\n<p style=\"\">Tecnologia da Informa\u00e7\u00e3o<\/p>\n<\/td>\n<\/tr>\n<tr>\n<td data-th=\"Empresas\">\n<p style=\"\">3. Nvidia<\/p>\n<\/td>\n<td data-th=\"Pa\u00eds\">\n<p style=\"text-align: center;\">EUA<\/p>\n<\/td>\n<td data-th=\"Peso no \u00edndice\">\n<p style=\"text-align: center;\">3.80%<\/p>\n<\/td>\n<td data-th=\"Setor\">\n<p style=\"\">Tecnologia da Informa\u00e7\u00e3o<\/p>\n<\/td>\n<\/tr>\n<tr>\n<td data-th=\"Empresas\">\n<p style=\"\">2. Microsoft Corp.<\/p>\n<\/td>\n<td data-th=\"Pa\u00eds\">\n<p style=\"text-align: center;\">EUA<\/p>\n<\/td>\n<td data-th=\"Peso no \u00edndice\">\n<p style=\"text-align: center;\">3.43%<\/p>\n<\/td>\n<td data-th=\"Setor\">\n<p style=\"\">Tecnologia da Informa\u00e7\u00e3o<\/p>\n<\/td>\n<\/tr>\n<tr>\n<td rowspan=\"1\" colspan=\"1\" data-th=\"Empresas\">\n<p style=\"\">4. Amazon.com<\/p>\n<\/td>\n<td rowspan=\"1\" colspan=\"1\" data-th=\"Pa\u00eds\">\n<p style=\"text-align: center;\">EUA<\/p>\n<\/td>\n<td rowspan=\"1\" colspan=\"1\" data-th=\"Peso no \u00edndice\">\n<p style=\"text-align: center;\">2.39%<\/p>\n<\/td>\n<td rowspan=\"1\" colspan=\"1\" data-th=\"Setor\">\n<p style=\"\">Consumo discricion\u00e1rio<\/p>\n<\/td>\n<\/tr>\n<tr>\n<td data-th=\"Empresas\">\n<p style=\"\">5. Meta Platforms A<\/p>\n<\/td>\n<td data-th=\"Pa\u00eds\">\n<p style=\"text-align: center;\">EUA<\/p>\n<\/td>\n<td data-th=\"Peso no \u00edndice\">\n<p style=\"text-align: center;\">1.47%<\/p>\n<\/td>\n<td data-th=\"Setor\">\n<p style=\"\">Servi\u00e7os de comunica\u00e7\u00e3o<\/p>\n<\/td>\n<\/tr>\n<tr>\n<td rowspan=\"1\" colspan=\"1\" data-th=\"Empresas\">\n<p style=\"\">6. Tesla&nbsp;<\/p>\n<\/td>\n<td rowspan=\"1\" colspan=\"1\" data-th=\"Pa\u00eds\">\n<p style=\"text-align: center;\">EUA<\/p>\n<\/td>\n<td rowspan=\"1\" colspan=\"1\" data-th=\"Peso no \u00edndice\">\n<p style=\"text-align: center;\">1.34%<\/p>\n<\/td>\n<td rowspan=\"1\" colspan=\"1\" data-th=\"Setor\">\n<p style=\"\">Consumo discricion\u00e1rio<\/p>\n<\/td>\n<\/tr>\n<tr>\n<td rowspan=\"1\" colspan=\"1\" data-th=\"Empresas\">\n<p style=\"\">7. Alphabet A<\/p>\n<\/td>\n<td rowspan=\"1\" colspan=\"1\" data-th=\"Pa\u00eds\">\n<p style=\"text-align: center;\">EUA<\/p>\n<\/td>\n<td rowspan=\"1\" colspan=\"1\" data-th=\"Peso no \u00edndice\">\n<p style=\"text-align: center;\">1.28%<\/p>\n<\/td>\n<td rowspan=\"1\" colspan=\"1\" data-th=\"Setor\">\n<p style=\"\">Servi\u00e7os de comunica\u00e7\u00e3o<\/p>\n<\/td>\n<\/tr>\n<tr>\n<td rowspan=\"1\" colspan=\"1\" data-th=\"Empresas\">\n<p style=\"\">8. Broadcom<\/p>\n<\/td>\n<td rowspan=\"1\" colspan=\"1\" data-th=\"Pa\u00eds\">\n<p style=\"text-align: center;\">EUA<\/p>\n<\/td>\n<td rowspan=\"1\" colspan=\"1\" data-th=\"Peso no \u00edndice\">\n<p style=\"text-align: center;\">1.19%<\/p>\n<\/td>\n<td rowspan=\"1\" colspan=\"1\" data-th=\"Setor\">\n<p style=\"\">Tecnologia da Informa\u00e7\u00e3o<\/p>\n<\/td>\n<\/tr>\n<tr>\n<td rowspan=\"1\" colspan=\"1\" data-th=\"Empresas\">\n<p style=\"\">9. Alphabet C<\/p>\n<\/td>\n<td rowspan=\"1\" colspan=\"1\" data-th=\"Pa\u00eds\">\n<p style=\"text-align: center;\">EUA<\/p>\n<\/td>\n<td rowspan=\"1\" colspan=\"1\" data-th=\"Peso no \u00edndice\">\n<p style=\"text-align: center;\">1.10%<\/p>\n<\/td>\n<td rowspan=\"1\" colspan=\"1\" data-th=\"Setor\">\n<p style=\"\">Servi\u00e7os de comunica\u00e7\u00e3o<\/p>\n<\/td>\n<\/tr>\n<tr>\n<td rowspan=\"1\" colspan=\"1\" data-th=\"Empresas\">\n<p style=\"\">10. Taiwan Semiconductor MFG<\/p>\n<\/td>\n<td rowspan=\"1\" colspan=\"1\" data-th=\"Pa\u00eds\">\n<p style=\"text-align: center;\">Taiwan<\/p>\n<\/td>\n<td rowspan=\"1\" colspan=\"1\" data-th=\"Peso no \u00edndice\">\n<p style=\"text-align: center;\">0.93%<\/p>\n<\/td>\n<td rowspan=\"1\" colspan=\"1\" data-th=\"Setor\">\n<p style=\"\">Tecnologia da Informa\u00e7\u00e3o<\/p>\n<\/td>\n<\/tr>\n<\/tbody>\n<\/table>\n<p>LINK PARA O \u00cdNDICE<a href=\"https:\/\/www.msci.com\/documents\/10199\/255599\/msci-acwi-imi.pdf\" target=\"_blank\" style=\"outline: none;\">MSCI ACWI IMI<\/a><\/p>\n","protected":false},"excerpt":{"rendered":"<p>Informa\u00e7\u00f5es do \u00edndice 30 de Setembro, 2025 \u00cdndice MSCI All Country World (ACWI) IMI O MSCI ACWI Investable Market Index (IMI) captura a representa\u00e7\u00e3o de empresas de grande, m\u00e9dio e pequeno porte em 23 pa\u00edses de mercados desenvolvidos (MD) e 24 pa\u00edses de mercados emergentes (ME). Com 8.815 empresas, o \u00edndice \u00e9 abrangente, cobrindo aproximadamente [&hellip;]<\/p>\n","protected":false},"author":8,"featured_media":0,"parent":0,"menu_order":0,"comment_status":"closed","ping_status":"closed","template":"","meta":{"inline_featured_image":false,"footnotes":""},"class_list":["post-6353","page","type-page","status-publish","hentry","post-wrapper","thrv_wrapper"],"yoast_head":"<!-- This site is optimized with the Yoast SEO Premium plugin v20.3 (Yoast SEO v20.3) - https:\/\/yoast.com\/wordpress\/plugins\/seo\/ -->\n<title>MSCI ACWI IMI - Index Data | M1 Specialty<\/title>\n<meta name=\"robots\" content=\"index, follow, max-snippet:-1, max-image-preview:large, max-video-preview:-1\" \/>\n<link rel=\"canonical\" href=\"https:\/\/m1specialty.com\/pt-br\/msci-acwi-imi-index-data\/\" \/>\n<meta property=\"og:locale\" content=\"pt_BR\" \/>\n<meta property=\"og:type\" content=\"article\" \/>\n<meta property=\"og:title\" content=\"MSCI ACWI IMI - Index Data\" \/>\n<meta property=\"og:description\" content=\"Informa\u00e7\u00f5es do \u00edndice 30 de Setembro, 2025 \u00cdndice MSCI All Country World (ACWI) IMI O MSCI ACWI Investable Market Index (IMI) captura a representa\u00e7\u00e3o de empresas de grande, m\u00e9dio e pequeno porte em 23 pa\u00edses de mercados desenvolvidos (MD) e 24 pa\u00edses de mercados emergentes (ME). Com 8.815 empresas, o \u00edndice \u00e9 abrangente, cobrindo aproximadamente [&hellip;]\" \/>\n<meta property=\"og:url\" content=\"https:\/\/m1specialty.com\/pt-br\/msci-acwi-imi-index-data\/\" \/>\n<meta property=\"og:site_name\" content=\"M1 Specialty\" \/>\n<meta property=\"article:publisher\" content=\"https:\/\/www.facebook.com\/M1Specialty\/\" \/>\n<meta property=\"article:modified_time\" content=\"2025-10-30T23:03:23+00:00\" \/>\n<meta property=\"og:image\" content=\"https:\/\/m1specialty.com\/wp-content\/uploads\/2025\/01\/MSCI-ACWI-IMI-pie.png\" \/>\n<meta name=\"twitter:card\" content=\"summary_large_image\" \/>\n<meta name=\"twitter:site\" content=\"@m1specialty\" \/>\n<script type=\"application\/ld+json\" class=\"yoast-schema-graph\">{\"@context\":\"https:\/\/schema.org\",\"@graph\":[{\"@type\":\"WebPage\",\"@id\":\"https:\/\/m1specialty.com\/pt-br\/msci-acwi-imi-index-data\/\",\"url\":\"https:\/\/m1specialty.com\/pt-br\/msci-acwi-imi-index-data\/\",\"name\":\"MSCI ACWI IMI - Index Data | M1 Specialty\",\"isPartOf\":{\"@id\":\"https:\/\/m1specialty.com\/pt-br\/#website\"},\"datePublished\":\"2024-11-27T23:33:36+00:00\",\"dateModified\":\"2025-10-30T23:03:23+00:00\",\"breadcrumb\":{\"@id\":\"https:\/\/m1specialty.com\/pt-br\/msci-acwi-imi-index-data\/#breadcrumb\"},\"inLanguage\":\"pt-BR\",\"potentialAction\":[{\"@type\":\"ReadAction\",\"target\":[\"https:\/\/m1specialty.com\/pt-br\/msci-acwi-imi-index-data\/\"]}]},{\"@type\":\"BreadcrumbList\",\"@id\":\"https:\/\/m1specialty.com\/pt-br\/msci-acwi-imi-index-data\/#breadcrumb\",\"itemListElement\":[{\"@type\":\"ListItem\",\"position\":1,\"name\":\"Home\",\"item\":\"https:\/\/m1specialty.com\/pt-br\/\"},{\"@type\":\"ListItem\",\"position\":2,\"name\":\"MSCI ACWI IMI &#8211; Index Data\"}]},{\"@type\":\"WebSite\",\"@id\":\"https:\/\/m1specialty.com\/pt-br\/#website\",\"url\":\"https:\/\/m1specialty.com\/pt-br\/\",\"name\":\"M1 Specialty\",\"description\":\"Unit-Linked Insurance Solutions, simple and effective.\",\"publisher\":{\"@id\":\"https:\/\/m1specialty.com\/pt-br\/#organization\"},\"potentialAction\":[{\"@type\":\"SearchAction\",\"target\":{\"@type\":\"EntryPoint\",\"urlTemplate\":\"https:\/\/m1specialty.com\/pt-br\/?s={search_term_string}\"},\"query-input\":\"required name=search_term_string\"}],\"inLanguage\":\"pt-BR\"},{\"@type\":\"Organization\",\"@id\":\"https:\/\/m1specialty.com\/pt-br\/#organization\",\"name\":\"M1 Specialty\",\"url\":\"https:\/\/m1specialty.com\/pt-br\/\",\"logo\":{\"@type\":\"ImageObject\",\"inLanguage\":\"pt-BR\",\"@id\":\"https:\/\/m1specialty.com\/pt-br\/#\/schema\/logo\/image\/\",\"url\":\"https:\/\/m1specialty.com\/wp-content\/uploads\/2023\/03\/logo-yoast-m1.png\",\"contentUrl\":\"https:\/\/m1specialty.com\/wp-content\/uploads\/2023\/03\/logo-yoast-m1.png\",\"width\":696,\"height\":696,\"caption\":\"M1 Specialty\"},\"image\":{\"@id\":\"https:\/\/m1specialty.com\/pt-br\/#\/schema\/logo\/image\/\"},\"sameAs\":[\"https:\/\/www.facebook.com\/M1Specialty\/\",\"https:\/\/twitter.com\/m1specialty\",\"https:\/\/www.linkedin.com\/company\/m1specialty\/\",\"https:\/\/www.instagram.com\/m1specialty\/\"]}]}<\/script>\n<!-- \/ Yoast SEO Premium plugin. -->","yoast_head_json":{"title":"MSCI ACWI IMI - Index Data | M1 Specialty","robots":{"index":"index","follow":"follow","max-snippet":"max-snippet:-1","max-image-preview":"max-image-preview:large","max-video-preview":"max-video-preview:-1"},"canonical":"https:\/\/m1specialty.com\/pt-br\/msci-acwi-imi-index-data\/","og_locale":"pt_BR","og_type":"article","og_title":"MSCI ACWI IMI - Index Data","og_description":"Informa\u00e7\u00f5es do \u00edndice 30 de Setembro, 2025 \u00cdndice MSCI All Country World (ACWI) IMI O MSCI ACWI Investable Market Index (IMI) captura a representa\u00e7\u00e3o de empresas de grande, m\u00e9dio e pequeno porte em 23 pa\u00edses de mercados desenvolvidos (MD) e 24 pa\u00edses de mercados emergentes (ME). Com 8.815 empresas, o \u00edndice \u00e9 abrangente, cobrindo aproximadamente [&hellip;]","og_url":"https:\/\/m1specialty.com\/pt-br\/msci-acwi-imi-index-data\/","og_site_name":"M1 Specialty","article_publisher":"https:\/\/www.facebook.com\/M1Specialty\/","article_modified_time":"2025-10-30T23:03:23+00:00","og_image":[{"url":"https:\/\/m1specialty.com\/wp-content\/uploads\/2025\/01\/MSCI-ACWI-IMI-pie.png"}],"twitter_card":"summary_large_image","twitter_site":"@m1specialty","schema":{"@context":"https:\/\/schema.org","@graph":[{"@type":"WebPage","@id":"https:\/\/m1specialty.com\/pt-br\/msci-acwi-imi-index-data\/","url":"https:\/\/m1specialty.com\/pt-br\/msci-acwi-imi-index-data\/","name":"MSCI ACWI IMI - Index Data | M1 Specialty","isPartOf":{"@id":"https:\/\/m1specialty.com\/pt-br\/#website"},"datePublished":"2024-11-27T23:33:36+00:00","dateModified":"2025-10-30T23:03:23+00:00","breadcrumb":{"@id":"https:\/\/m1specialty.com\/pt-br\/msci-acwi-imi-index-data\/#breadcrumb"},"inLanguage":"pt-BR","potentialAction":[{"@type":"ReadAction","target":["https:\/\/m1specialty.com\/pt-br\/msci-acwi-imi-index-data\/"]}]},{"@type":"BreadcrumbList","@id":"https:\/\/m1specialty.com\/pt-br\/msci-acwi-imi-index-data\/#breadcrumb","itemListElement":[{"@type":"ListItem","position":1,"name":"Home","item":"https:\/\/m1specialty.com\/pt-br\/"},{"@type":"ListItem","position":2,"name":"MSCI ACWI IMI &#8211; Index Data"}]},{"@type":"WebSite","@id":"https:\/\/m1specialty.com\/pt-br\/#website","url":"https:\/\/m1specialty.com\/pt-br\/","name":"M1 Specialty","description":"Unit-Linked Insurance Solutions, simple and effective.","publisher":{"@id":"https:\/\/m1specialty.com\/pt-br\/#organization"},"potentialAction":[{"@type":"SearchAction","target":{"@type":"EntryPoint","urlTemplate":"https:\/\/m1specialty.com\/pt-br\/?s={search_term_string}"},"query-input":"required name=search_term_string"}],"inLanguage":"pt-BR"},{"@type":"Organization","@id":"https:\/\/m1specialty.com\/pt-br\/#organization","name":"M1 Specialty","url":"https:\/\/m1specialty.com\/pt-br\/","logo":{"@type":"ImageObject","inLanguage":"pt-BR","@id":"https:\/\/m1specialty.com\/pt-br\/#\/schema\/logo\/image\/","url":"https:\/\/m1specialty.com\/wp-content\/uploads\/2023\/03\/logo-yoast-m1.png","contentUrl":"https:\/\/m1specialty.com\/wp-content\/uploads\/2023\/03\/logo-yoast-m1.png","width":696,"height":696,"caption":"M1 Specialty"},"image":{"@id":"https:\/\/m1specialty.com\/pt-br\/#\/schema\/logo\/image\/"},"sameAs":["https:\/\/www.facebook.com\/M1Specialty\/","https:\/\/twitter.com\/m1specialty","https:\/\/www.linkedin.com\/company\/m1specialty\/","https:\/\/www.instagram.com\/m1specialty\/"]}]}},"_links":{"self":[{"href":"https:\/\/m1specialty.com\/pt-br\/wp-json\/wp\/v2\/pages\/6353","targetHints":{"allow":["GET"]}}],"collection":[{"href":"https:\/\/m1specialty.com\/pt-br\/wp-json\/wp\/v2\/pages"}],"about":[{"href":"https:\/\/m1specialty.com\/pt-br\/wp-json\/wp\/v2\/types\/page"}],"author":[{"embeddable":true,"href":"https:\/\/m1specialty.com\/pt-br\/wp-json\/wp\/v2\/users\/8"}],"replies":[{"embeddable":true,"href":"https:\/\/m1specialty.com\/pt-br\/wp-json\/wp\/v2\/comments?post=6353"}],"version-history":[{"count":17,"href":"https:\/\/m1specialty.com\/pt-br\/wp-json\/wp\/v2\/pages\/6353\/revisions"}],"predecessor-version":[{"id":7943,"href":"https:\/\/m1specialty.com\/pt-br\/wp-json\/wp\/v2\/pages\/6353\/revisions\/7943"}],"wp:attachment":[{"href":"https:\/\/m1specialty.com\/pt-br\/wp-json\/wp\/v2\/media?parent=6353"}],"curies":[{"name":"wp","href":"https:\/\/api.w.org\/{rel}","templated":true}]}}