{"id":6320,"date":"2024-11-26T10:54:27","date_gmt":"2024-11-26T14:54:27","guid":{"rendered":"https:\/\/m1specialty.com\/sp-asia-50-index-data\/"},"modified":"2025-10-30T19:45:08","modified_gmt":"2025-10-30T23:45:08","slug":"sp-asia-50-index-data","status":"publish","type":"page","link":"https:\/\/m1specialty.com\/pt-br\/sp-asia-50-index-data\/","title":{"rendered":"S&#038;P Asia 50-Index Data"},"content":{"rendered":"<p style=\"text-align: right;\">Informa\u00e7\u00f5es do \u00edndice<\/p>\n<p style=\"\">30 de Setembro, 2025<\/p>\n<p style=\"text-align: center;\"><strong>S&amp;P Asia 50<\/strong><\/p>\n<p>O S&amp;P Asia 50 \u00e9 composto por 50 empresas l\u00edderes blue-chip listadas em quatro principais mercados asi\u00e1ticos: Hong Kong, Coreia, Singapura e Taiwan. O \u00edndice foi criado em 30 de agosto de 1999.Pesos por Pa\u00eds<\/p>\n<table data-rows=\"6\" data-cols=\"3\" data-v=\"middle\">\n<thead>\n<tr>\n<th style=\"\">Ranking<\/th>\n<th style=\"\">Pa\u00eds<\/th>\n<th style=\"\">%<\/th>\n<\/tr>\n<\/thead>\n<tbody>\n<tr>\n<td style=\"\" rowspan=\"1\" colspan=\"1\" data-th=\"Ranking\"><\/td>\n<td style=\"\" rowspan=\"1\" colspan=\"1\" data-th=\"Pa\u00eds\">China<\/td>\n<td style=\"\" rowspan=\"1\" colspan=\"1\" data-th=\"%\">38.60<\/td>\n<\/tr>\n<tr>\n<td style=\"\" rowspan=\"1\" colspan=\"1\" data-th=\"Ranking\"><\/td>\n<td style=\"\" rowspan=\"1\" colspan=\"1\" data-th=\"Pa\u00eds\">Taiwan<\/td>\n<td style=\"\" rowspan=\"1\" colspan=\"1\" data-th=\"%\">35.90<\/td>\n<\/tr>\n<tr>\n<td style=\"\" rowspan=\"1\" colspan=\"1\" data-th=\"Ranking\"><\/td>\n<td style=\"\" rowspan=\"1\" colspan=\"1\" data-th=\"Pa\u00eds\">Coreia do Sul<\/td>\n<td style=\"\" rowspan=\"1\" colspan=\"1\" data-th=\"%\">13.80<\/td>\n<\/tr>\n<tr>\n<td style=\"\" rowspan=\"1\" colspan=\"1\" data-th=\"Ranking\"><\/td>\n<td style=\"\" rowspan=\"1\" colspan=\"1\" data-th=\"Pa\u00eds\">Honk Kong SAR,China<\/td>\n<td style=\"\" rowspan=\"1\" colspan=\"1\" data-th=\"%\">6.10<\/td>\n<\/tr>\n<tr>\n<td style=\"\" data-th=\"Ranking\"><\/td>\n<td style=\"\" data-th=\"Pa\u00eds\">Singapura<\/td>\n<td style=\"\" data-th=\"%\">5.70<\/td>\n<\/tr>\n<\/tbody>\n<\/table>\n<p><span><img decoding=\"async\" alt=\"\" data-id=\"6178\" width=\"375\" data-init-width=\"346\" height=\"375\" data-init-height=\"346\" title=\"paises SPAsia\" loading=\"lazy\" src=\"https:\/\/m1specialty.com\/wp-content\/uploads\/2025\/01\/paises-SPAsia.png\" data-width=\"375\" data-height=\"375\" style=\"aspect-ratio: auto 346 \/ 346;\"><\/span>Retornos do \u00cdndiceRetornos Anuais<\/p>\n<table data-rows=\"2\" data-cols=\"6\" data-v=\"middle\">\n<thead>\n<tr>\n<th style=\"\">Header<\/th>\n<th style=\"\">Acumulado no Ano<\/th>\n<th style=\"\">1 Ano<\/th>\n<th style=\"\">3 Anos<\/th>\n<th style=\"\">5 Anos<\/th>\n<th colspan=\"1\" rowspan=\"1\" style=\"\">10 Anos<\/th>\n<\/tr>\n<\/thead>\n<tbody>\n<tr>\n<td style=\"\">Retorno<\/td>\n<td style=\"\">36.72%<\/td>\n<td style=\"\">29.93%<\/td>\n<td style=\"\">24.47%<\/td>\n<td style=\"\">6.65%<\/td>\n<td colspan=\"1\" rowspan=\"1\" style=\"\">9.02%<\/td>\n<\/tr>\n<\/tbody>\n<\/table>\n<table data-rows=\"6\" data-cols=\"2\">\n<thead>\n<tr>\n<th>Header<\/th>\n<th>Retorno<\/th>\n<\/tr>\n<\/thead>\n<tbody>\n<tr>\n<td>Acumulado no Ano<\/td>\n<td>36.72%<\/td>\n<\/tr>\n<tr>\n<td>1 Ano<\/td>\n<td>29.93%<\/td>\n<\/tr>\n<tr>\n<td>3 Anos<\/td>\n<td>24.47%<\/td>\n<\/tr>\n<tr>\n<td rowspan=\"1\" colspan=\"1\">5 Anos<\/td>\n<td rowspan=\"1\" colspan=\"1\">6.65%<\/td>\n<\/tr>\n<tr>\n<td>10 Anos<\/td>\n<td>9.02%<\/td>\n<\/tr>\n<\/tbody>\n<\/table>\n<p>Dados em 30 de Setembro de 2025<\/p>\n<table data-rows=\"10\" data-cols=\"3\" data-v=\"middle\">\n<thead>\n<tr>\n<th style=\"width: 120px;\">Ranking<\/th>\n<th style=\"\">Setores<\/th>\n<th style=\"\">%<\/th>\n<\/tr>\n<\/thead>\n<tbody>\n<tr>\n<td style=\"\" rowspan=\"1\" colspan=\"1\" data-th=\"Ranking\"><\/td>\n<td style=\"\" rowspan=\"1\" colspan=\"1\" data-th=\"Setores\">Tecnologia da Informa\u00e7\u00e3o<\/td>\n<td style=\"\" rowspan=\"1\" colspan=\"1\" data-th=\"%\">44.10<\/td>\n<\/tr>\n<tr>\n<td style=\"\" rowspan=\"1\" colspan=\"1\" data-th=\"Ranking\"><\/td>\n<td style=\"\" rowspan=\"1\" colspan=\"1\" data-th=\"Setores\">Finan\u00e7as<\/td>\n<td style=\"\" rowspan=\"1\" colspan=\"1\" data-th=\"%\">20.40<\/td>\n<\/tr>\n<tr>\n<td style=\"\" rowspan=\"1\" colspan=\"1\" data-th=\"Ranking\"><\/td>\n<td style=\"\" rowspan=\"1\" colspan=\"1\" data-th=\"Setores\">Consumo discricion\u00e1rio<\/td>\n<td style=\"\" rowspan=\"1\" colspan=\"1\" data-th=\"%\">15.70<\/td>\n<\/tr>\n<tr>\n<td style=\"\" rowspan=\"1\" colspan=\"1\" data-th=\"Ranking\"><\/td>\n<td style=\"\" rowspan=\"1\" colspan=\"1\" data-th=\"Setores\">Servi\u00e7os de comunica\u00e7\u00e3o<\/td>\n<td style=\"\" rowspan=\"1\" colspan=\"1\" data-th=\"%\">15.20<\/td>\n<\/tr>\n<tr>\n<td style=\"\" data-th=\"Ranking\"><\/td>\n<td style=\"\" data-th=\"Setores\">Industrial<\/td>\n<td style=\"\" data-th=\"%\">1.40<\/td>\n<\/tr>\n<tr>\n<td style=\"\" data-th=\"Ranking\" rowspan=\"1\" colspan=\"1\"><\/td>\n<td style=\"\" data-th=\"Setores\" rowspan=\"1\" colspan=\"1\">Energia<\/td>\n<td style=\"\" data-th=\"%\" rowspan=\"1\" colspan=\"1\">1.00<\/td>\n<\/tr>\n<tr>\n<td style=\"\" data-th=\"Ranking\" rowspan=\"1\" colspan=\"1\"><\/td>\n<td style=\"\" data-th=\"Setores\" rowspan=\"1\" colspan=\"1\">Imobili\u00e1rio<\/td>\n<td style=\"\" data-th=\"%\" rowspan=\"1\" colspan=\"1\">0.80<\/td>\n<\/tr>\n<tr>\n<td style=\"\" data-th=\"Ranking\" rowspan=\"1\" colspan=\"1\"><\/td>\n<td style=\"\" data-th=\"Setores\" rowspan=\"1\" colspan=\"1\">Materiais<\/td>\n<td style=\"\" data-th=\"%\" rowspan=\"1\" colspan=\"1\">0.70<\/td>\n<\/tr>\n<tr>\n<td style=\"\" data-th=\"Ranking\" rowspan=\"1\" colspan=\"1\"><\/td>\n<td style=\"\" data-th=\"Setores\" rowspan=\"1\" colspan=\"1\">Sa\u00fade<\/td>\n<td style=\"\" data-th=\"%\" rowspan=\"1\" colspan=\"1\">0.60<\/td>\n<\/tr>\n<\/tbody>\n<\/table>\n<p>Representa\u00e7\u00e3o do setor<span><img decoding=\"async\" alt=\"\" data-id=\"6173\" width=\"296\" data-init-width=\"513\" height=\"296\" data-init-height=\"513\" title=\"SP50 asia Donut\" loading=\"lazy\" src=\"https:\/\/m1specialty.com\/wp-content\/uploads\/2025\/01\/SP50-asia-Donut.png\" data-width=\"296\" data-height=\"296\" style=\"aspect-ratio: auto 513 \/ 513;\"><\/span>Principais empresas<\/p>\n<table data-rows=\"5\" data-cols=\"4\">\n<thead><\/thead>\n<tbody>\n<tr>\n<td>\n<p style=\"\">1. Taiwan Semiconductor Mfg<\/p>\n<\/td>\n<td>\n<p>Tecnologia da Informa\u00e7\u00e3o<\/p>\n<\/td>\n<td>\n<p>6. China Construction Bank Corp<\/p>\n<\/td>\n<td>\n<p>Finan\u00e7as<\/p>\n<\/td>\n<\/tr>\n<tr>\n<td>\n<p>2. Tencent Holdings Ltd.&nbsp;<\/p>\n<\/td>\n<td>\n<p>Servi\u00e7os de comunica\u00e7\u00e3o<\/p>\n<\/td>\n<td>\n<p>7. AIA Group Ltd<\/p>\n<\/td>\n<td>\n<p>Finan\u00e7as<\/p>\n<\/td>\n<\/tr>\n<tr>\n<td>\n<p>3. Samsung Electronics Co<\/p>\n<\/td>\n<td>\n<p>Tecnologia da Informa\u00e7\u00e3o<\/p>\n<\/td>\n<td>\n<p>8. Mediatek Inc<\/p>\n<\/td>\n<td>\n<p>Tecnologia da Informa\u00e7\u00e3o<\/p>\n<\/td>\n<\/tr>\n<tr>\n<td rowspan=\"1\" colspan=\"1\">\n<p>4. Alibaba Group Holdings Ltd<\/p>\n<\/td>\n<td rowspan=\"1\" colspan=\"1\">\n<p>Consumo discricion\u00e1rio<\/p>\n<\/td>\n<td rowspan=\"1\" colspan=\"1\">\n<p>9. Hon Hai Precision Industry Co Ltd<\/p>\n<\/td>\n<td rowspan=\"1\" colspan=\"1\">\n<p>Tecnologia da Informa\u00e7\u00e3o<\/p>\n<\/td>\n<\/tr>\n<tr>\n<td>\n<p>5. Meituan- B<\/p>\n<\/td>\n<td>\n<p>Consumo discricion\u00e1rio<\/p>\n<\/td>\n<td>\n<p>10. DBS Group Holdings<\/p>\n<\/td>\n<td>\n<p>Finan\u00e7as<\/p>\n<\/td>\n<\/tr>\n<\/tbody>\n<\/table>\n<table data-rows=\"10\" data-cols=\"2\">\n<thead><\/thead>\n<tbody>\n<tr>\n<td>\n<p style=\"\">1. Taiwan Semiconductor Mfg<\/p>\n<\/td>\n<td>\n<p style=\"\">Tecnologia da Informa\u00e7\u00e3o<\/p>\n<\/td>\n<\/tr>\n<tr>\n<td>\n<p style=\"\">2. Tencent Holdings Ltd.&nbsp;<\/p>\n<\/td>\n<td>\n<p style=\"\">Servi\u00e7os de comunica\u00e7\u00e3o<\/p>\n<\/td>\n<\/tr>\n<tr>\n<td>\n<p style=\"\">3. Samsung Electronics Co<\/p>\n<\/td>\n<td>\n<p style=\"\">Tecnologia da Informa\u00e7\u00e3o<\/p>\n<\/td>\n<\/tr>\n<tr>\n<td rowspan=\"1\" colspan=\"1\">\n<p style=\"\">4. Alibaba Group Holdings Ltd<\/p>\n<\/td>\n<td rowspan=\"1\" colspan=\"1\">\n<p style=\"\">Consumo discricion\u00e1rio<\/p>\n<\/td>\n<\/tr>\n<tr>\n<td>\n<p style=\"\">5. Meituan- B<\/p>\n<\/td>\n<td>\n<p style=\"\">Consumo discricion\u00e1rio<\/p>\n<\/td>\n<\/tr>\n<tr>\n<td rowspan=\"1\" colspan=\"1\">\n<p style=\"\">6. China Construction Bank Corp<\/p>\n<\/td>\n<td rowspan=\"1\" colspan=\"1\">\n<p style=\"\">Finan\u00e7as<\/p>\n<\/td>\n<\/tr>\n<tr>\n<td rowspan=\"1\" colspan=\"1\">\n<p style=\"\">7. AIA Group Ltd<\/p>\n<\/td>\n<td rowspan=\"1\" colspan=\"1\">\n<p style=\"\">Finan\u00e7as<\/p>\n<\/td>\n<\/tr>\n<tr>\n<td rowspan=\"1\" colspan=\"1\">\n<p style=\"\">8. Mediatek Inc<\/p>\n<\/td>\n<td rowspan=\"1\" colspan=\"1\">\n<p style=\"\">Tecnologia da Informa\u00e7\u00e3o<\/p>\n<\/td>\n<\/tr>\n<tr>\n<td rowspan=\"1\" colspan=\"1\">\n<p style=\"\">9. Hon Hai Precision Industry Co Ltd<\/p>\n<\/td>\n<td rowspan=\"1\" colspan=\"1\">\n<p style=\"\">Tecnologia da Informa\u00e7\u00e3o<\/p>\n<\/td>\n<\/tr>\n<tr>\n<td rowspan=\"1\" colspan=\"1\">\n<p style=\"\">10. DBS Group Holdings<\/p>\n<\/td>\n<td rowspan=\"1\" colspan=\"1\">\n<p style=\"\">Finan\u00e7as<\/p>\n<\/td>\n<\/tr>\n<\/tbody>\n<\/table>\n<p>LINK PARA O \u00cdNDICE<a href=\"https:\/\/www.spglobal.com\/spdji\/en\/indices\/equity\/sp-asia-50\/#overview\" target=\"_blank\" style=\"outline: none;\"><span style=\"text-decoration: underline;\">S&amp;P A<u><\/u>sia 50<\/span><\/a><\/p>\n","protected":false},"excerpt":{"rendered":"<p>Informa\u00e7\u00f5es do \u00edndice 30 de Setembro, 2025 S&amp;P Asia 50 O S&amp;P Asia 50 \u00e9 composto por 50 empresas l\u00edderes blue-chip listadas em quatro principais mercados asi\u00e1ticos: Hong Kong, Coreia, Singapura e Taiwan. O \u00edndice foi criado em 30 de agosto de 1999.Pesos por Pa\u00eds Ranking Pa\u00eds % China 38.60 Taiwan 35.90 Coreia do Sul [&hellip;]<\/p>\n","protected":false},"author":8,"featured_media":0,"parent":0,"menu_order":0,"comment_status":"closed","ping_status":"closed","template":"","meta":{"inline_featured_image":false,"footnotes":""},"class_list":["post-6320","page","type-page","status-publish","hentry","post-wrapper","thrv_wrapper"],"yoast_head":"<!-- This site is optimized with the Yoast SEO Premium plugin v20.3 (Yoast SEO v20.3) - https:\/\/yoast.com\/wordpress\/plugins\/seo\/ -->\n<title>S&amp;P Asia 50-Index Data | M1 Specialty<\/title>\n<meta name=\"robots\" content=\"index, follow, max-snippet:-1, max-image-preview:large, max-video-preview:-1\" \/>\n<link rel=\"canonical\" href=\"https:\/\/m1specialty.com\/pt-br\/sp-asia-50-index-data\/\" \/>\n<meta property=\"og:locale\" content=\"pt_BR\" \/>\n<meta property=\"og:type\" content=\"article\" \/>\n<meta property=\"og:title\" content=\"S&amp;P Asia 50-Index Data\" \/>\n<meta property=\"og:description\" content=\"Informa\u00e7\u00f5es do \u00edndice 30 de Setembro, 2025 S&amp;P Asia 50 O S&amp;P Asia 50 \u00e9 composto por 50 empresas l\u00edderes blue-chip listadas em quatro principais mercados asi\u00e1ticos: Hong Kong, Coreia, Singapura e Taiwan. O \u00edndice foi criado em 30 de agosto de 1999.Pesos por Pa\u00eds Ranking Pa\u00eds % China 38.60 Taiwan 35.90 Coreia do Sul [&hellip;]\" \/>\n<meta property=\"og:url\" content=\"https:\/\/m1specialty.com\/pt-br\/sp-asia-50-index-data\/\" \/>\n<meta property=\"og:site_name\" content=\"M1 Specialty\" \/>\n<meta property=\"article:publisher\" content=\"https:\/\/www.facebook.com\/M1Specialty\/\" \/>\n<meta property=\"article:modified_time\" content=\"2025-10-30T23:45:08+00:00\" \/>\n<meta property=\"og:image\" content=\"https:\/\/m1specialty.com\/wp-content\/uploads\/2025\/01\/paises-SPAsia.png\" \/>\n<meta name=\"twitter:card\" content=\"summary_large_image\" \/>\n<meta name=\"twitter:site\" content=\"@m1specialty\" \/>\n<script type=\"application\/ld+json\" class=\"yoast-schema-graph\">{\"@context\":\"https:\/\/schema.org\",\"@graph\":[{\"@type\":\"WebPage\",\"@id\":\"https:\/\/m1specialty.com\/pt-br\/sp-asia-50-index-data\/\",\"url\":\"https:\/\/m1specialty.com\/pt-br\/sp-asia-50-index-data\/\",\"name\":\"S&P Asia 50-Index Data | M1 Specialty\",\"isPartOf\":{\"@id\":\"https:\/\/m1specialty.com\/pt-br\/#website\"},\"datePublished\":\"2024-11-26T14:54:27+00:00\",\"dateModified\":\"2025-10-30T23:45:08+00:00\",\"breadcrumb\":{\"@id\":\"https:\/\/m1specialty.com\/pt-br\/sp-asia-50-index-data\/#breadcrumb\"},\"inLanguage\":\"pt-BR\",\"potentialAction\":[{\"@type\":\"ReadAction\",\"target\":[\"https:\/\/m1specialty.com\/pt-br\/sp-asia-50-index-data\/\"]}]},{\"@type\":\"BreadcrumbList\",\"@id\":\"https:\/\/m1specialty.com\/pt-br\/sp-asia-50-index-data\/#breadcrumb\",\"itemListElement\":[{\"@type\":\"ListItem\",\"position\":1,\"name\":\"Home\",\"item\":\"https:\/\/m1specialty.com\/pt-br\/\"},{\"@type\":\"ListItem\",\"position\":2,\"name\":\"S&#038;P Asia 50-Index Data\"}]},{\"@type\":\"WebSite\",\"@id\":\"https:\/\/m1specialty.com\/pt-br\/#website\",\"url\":\"https:\/\/m1specialty.com\/pt-br\/\",\"name\":\"M1 Specialty\",\"description\":\"Unit-Linked Insurance Solutions, simple and effective.\",\"publisher\":{\"@id\":\"https:\/\/m1specialty.com\/pt-br\/#organization\"},\"potentialAction\":[{\"@type\":\"SearchAction\",\"target\":{\"@type\":\"EntryPoint\",\"urlTemplate\":\"https:\/\/m1specialty.com\/pt-br\/?s={search_term_string}\"},\"query-input\":\"required name=search_term_string\"}],\"inLanguage\":\"pt-BR\"},{\"@type\":\"Organization\",\"@id\":\"https:\/\/m1specialty.com\/pt-br\/#organization\",\"name\":\"M1 Specialty\",\"url\":\"https:\/\/m1specialty.com\/pt-br\/\",\"logo\":{\"@type\":\"ImageObject\",\"inLanguage\":\"pt-BR\",\"@id\":\"https:\/\/m1specialty.com\/pt-br\/#\/schema\/logo\/image\/\",\"url\":\"https:\/\/m1specialty.com\/wp-content\/uploads\/2023\/03\/logo-yoast-m1.png\",\"contentUrl\":\"https:\/\/m1specialty.com\/wp-content\/uploads\/2023\/03\/logo-yoast-m1.png\",\"width\":696,\"height\":696,\"caption\":\"M1 Specialty\"},\"image\":{\"@id\":\"https:\/\/m1specialty.com\/pt-br\/#\/schema\/logo\/image\/\"},\"sameAs\":[\"https:\/\/www.facebook.com\/M1Specialty\/\",\"https:\/\/twitter.com\/m1specialty\",\"https:\/\/www.linkedin.com\/company\/m1specialty\/\",\"https:\/\/www.instagram.com\/m1specialty\/\"]}]}<\/script>\n<!-- \/ Yoast SEO Premium plugin. -->","yoast_head_json":{"title":"S&P Asia 50-Index Data | M1 Specialty","robots":{"index":"index","follow":"follow","max-snippet":"max-snippet:-1","max-image-preview":"max-image-preview:large","max-video-preview":"max-video-preview:-1"},"canonical":"https:\/\/m1specialty.com\/pt-br\/sp-asia-50-index-data\/","og_locale":"pt_BR","og_type":"article","og_title":"S&P Asia 50-Index Data","og_description":"Informa\u00e7\u00f5es do \u00edndice 30 de Setembro, 2025 S&amp;P Asia 50 O S&amp;P Asia 50 \u00e9 composto por 50 empresas l\u00edderes blue-chip listadas em quatro principais mercados asi\u00e1ticos: Hong Kong, Coreia, Singapura e Taiwan. O \u00edndice foi criado em 30 de agosto de 1999.Pesos por Pa\u00eds Ranking Pa\u00eds % China 38.60 Taiwan 35.90 Coreia do Sul [&hellip;]","og_url":"https:\/\/m1specialty.com\/pt-br\/sp-asia-50-index-data\/","og_site_name":"M1 Specialty","article_publisher":"https:\/\/www.facebook.com\/M1Specialty\/","article_modified_time":"2025-10-30T23:45:08+00:00","og_image":[{"url":"https:\/\/m1specialty.com\/wp-content\/uploads\/2025\/01\/paises-SPAsia.png"}],"twitter_card":"summary_large_image","twitter_site":"@m1specialty","schema":{"@context":"https:\/\/schema.org","@graph":[{"@type":"WebPage","@id":"https:\/\/m1specialty.com\/pt-br\/sp-asia-50-index-data\/","url":"https:\/\/m1specialty.com\/pt-br\/sp-asia-50-index-data\/","name":"S&P Asia 50-Index Data | M1 Specialty","isPartOf":{"@id":"https:\/\/m1specialty.com\/pt-br\/#website"},"datePublished":"2024-11-26T14:54:27+00:00","dateModified":"2025-10-30T23:45:08+00:00","breadcrumb":{"@id":"https:\/\/m1specialty.com\/pt-br\/sp-asia-50-index-data\/#breadcrumb"},"inLanguage":"pt-BR","potentialAction":[{"@type":"ReadAction","target":["https:\/\/m1specialty.com\/pt-br\/sp-asia-50-index-data\/"]}]},{"@type":"BreadcrumbList","@id":"https:\/\/m1specialty.com\/pt-br\/sp-asia-50-index-data\/#breadcrumb","itemListElement":[{"@type":"ListItem","position":1,"name":"Home","item":"https:\/\/m1specialty.com\/pt-br\/"},{"@type":"ListItem","position":2,"name":"S&#038;P Asia 50-Index Data"}]},{"@type":"WebSite","@id":"https:\/\/m1specialty.com\/pt-br\/#website","url":"https:\/\/m1specialty.com\/pt-br\/","name":"M1 Specialty","description":"Unit-Linked Insurance Solutions, simple and effective.","publisher":{"@id":"https:\/\/m1specialty.com\/pt-br\/#organization"},"potentialAction":[{"@type":"SearchAction","target":{"@type":"EntryPoint","urlTemplate":"https:\/\/m1specialty.com\/pt-br\/?s={search_term_string}"},"query-input":"required name=search_term_string"}],"inLanguage":"pt-BR"},{"@type":"Organization","@id":"https:\/\/m1specialty.com\/pt-br\/#organization","name":"M1 Specialty","url":"https:\/\/m1specialty.com\/pt-br\/","logo":{"@type":"ImageObject","inLanguage":"pt-BR","@id":"https:\/\/m1specialty.com\/pt-br\/#\/schema\/logo\/image\/","url":"https:\/\/m1specialty.com\/wp-content\/uploads\/2023\/03\/logo-yoast-m1.png","contentUrl":"https:\/\/m1specialty.com\/wp-content\/uploads\/2023\/03\/logo-yoast-m1.png","width":696,"height":696,"caption":"M1 Specialty"},"image":{"@id":"https:\/\/m1specialty.com\/pt-br\/#\/schema\/logo\/image\/"},"sameAs":["https:\/\/www.facebook.com\/M1Specialty\/","https:\/\/twitter.com\/m1specialty","https:\/\/www.linkedin.com\/company\/m1specialty\/","https:\/\/www.instagram.com\/m1specialty\/"]}]}},"_links":{"self":[{"href":"https:\/\/m1specialty.com\/pt-br\/wp-json\/wp\/v2\/pages\/6320","targetHints":{"allow":["GET"]}}],"collection":[{"href":"https:\/\/m1specialty.com\/pt-br\/wp-json\/wp\/v2\/pages"}],"about":[{"href":"https:\/\/m1specialty.com\/pt-br\/wp-json\/wp\/v2\/types\/page"}],"author":[{"embeddable":true,"href":"https:\/\/m1specialty.com\/pt-br\/wp-json\/wp\/v2\/users\/8"}],"replies":[{"embeddable":true,"href":"https:\/\/m1specialty.com\/pt-br\/wp-json\/wp\/v2\/comments?post=6320"}],"version-history":[{"count":15,"href":"https:\/\/m1specialty.com\/pt-br\/wp-json\/wp\/v2\/pages\/6320\/revisions"}],"predecessor-version":[{"id":7962,"href":"https:\/\/m1specialty.com\/pt-br\/wp-json\/wp\/v2\/pages\/6320\/revisions\/7962"}],"wp:attachment":[{"href":"https:\/\/m1specialty.com\/pt-br\/wp-json\/wp\/v2\/media?parent=6320"}],"curies":[{"name":"wp","href":"https:\/\/api.w.org\/{rel}","templated":true}]}}