{"id":6293,"date":"2024-11-22T18:22:17","date_gmt":"2024-11-22T22:22:17","guid":{"rendered":"https:\/\/m1specialty.com\/nse-nifty-50-index-data\/"},"modified":"2025-10-30T19:52:56","modified_gmt":"2025-10-30T23:52:56","slug":"nse-nifty-50-index-data","status":"publish","type":"page","link":"https:\/\/m1specialty.com\/pt-br\/nse-nifty-50-index-data\/","title":{"rendered":"NSE Nifty 50-Index Data"},"content":{"rendered":"<p style=\"text-align: right;\"><span><\/span><span><\/span>Informa\u00e7\u00f5es do \u00edndice<\/p>\n<p style=\"\">31 de Setembro, 2025<\/p>\n<p style=\"text-align: center;\"><strong>NSE Nifty 50&nbsp;<\/strong><\/p>\n<p>O NIFTY 50 \u00e9 um \u00edndice de refer\u00eancia do mercado de a\u00e7\u00f5es da \u00cdndia e representa a m\u00e9dia ponderada de 50 das maiores empresas indianas listadas na Bolsa de Valores do pa\u00eds. Desde 1996, o Nifty 50 representa as 50 maiores empresas blue-chip da \u00cdndia em v\u00e1rios setores. O peso de cada a\u00e7\u00e3o no \u00edndice \u00e9 baseado em sua capitaliza\u00e7\u00e3o de mercado free-float. O \u00edndice \u00e9 revisado semestralmente em mar\u00e7o e setembro, usando dados de m\u00e9dias de seis meses em 31 de janeiro e 31 de julho, respectivamente.Retornos do \u00edndiceO<span style=\"\">s retornos no trimestre at\u00e9 a data (QTD) e ano at\u00e9 a data (YTD) e de 1 ano s\u00e3o retornos absolutos. Os retornos superiores a um ano s\u00e3o taxas de crescimento anual compostas.<\/span><\/p>\n<table data-rows=\"2\" data-cols=\"5\" data-v=\"middle\">\n<thead>\n<tr>\n<th style=\"\">Header<\/th>\n<th style=\"\">Acumulado no Ano<\/th>\n<th style=\"\">1 Ano<\/th>\n<th style=\"\">5 Anos<\/th>\n<th style=\"\">Desde sua cria\u00e7\u00e3o<\/th>\n<\/tr>\n<\/thead>\n<tbody>\n<tr>\n<td style=\"\">Retorno<\/td>\n<td style=\"\">4.09%<\/td>\n<td style=\"\">-4.65%<\/td>\n<td style=\"\">16.95%<\/td>\n<td style=\"\">11.30%<\/td>\n<\/tr>\n<\/tbody>\n<\/table>\n<table data-rows=\"5\" data-cols=\"2\">\n<thead>\n<tr>\n<th>Header<\/th>\n<th>Retorno<\/th>\n<\/tr>\n<\/thead>\n<tbody>\n<tr>\n<td data-th=\"\">Acumulado do Ano<\/td>\n<td data-th=\"Price Return\">4.09%<\/td>\n<\/tr>\n<tr>\n<td data-th=\"\">1 Ano<\/td>\n<td data-th=\"Price Return\">-4.65%<\/td>\n<\/tr>\n<tr>\n<td rowspan=\"1\" colspan=\"1\" data-th=\"\">5 Anos<\/td>\n<td rowspan=\"1\" colspan=\"1\" data-th=\"Price Return\">16.95%<\/td>\n<\/tr>\n<tr>\n<td data-th=\"\">Desde sua cria\u00e7\u00e3o<\/td>\n<td data-th=\"Price Return\">11.30%<\/td>\n<\/tr>\n<\/tbody>\n<\/table>\n<p>Dados em 31 de Setembro de 2025<\/p>\n<table data-rows=\"16\" data-cols=\"3\">\n<thead>\n<tr>\n<th style=\"width: 170px;\">\n<p style=\"\">Ranking<\/p>\n<\/th>\n<th style=\"\">\n<p style=\"\">Setores<\/p>\n<\/th>\n<th style=\"\">\n<p style=\"\">%<\/p>\n<\/th>\n<\/tr>\n<\/thead>\n<tbody>\n<tr>\n<td style=\"\" data-th=\"Ranking\"><!--! Font Awesome Free 6.7.1 by @fontawesome - https:\/\/fontawesome.com License - https:\/\/fontawesome.com\/license\/free (Icons: CC BY 4.0, Fonts: SIL OFL 1.1, Code: MIT License) Copyright 2024 Fonticons, Inc. --><\/td>\n<td style=\"\" data-th=\"Setores\">\n<p style=\"\">Finan\u00e7as<\/p>\n<\/td>\n<td style=\"\" data-th=\"%\">\n<p style=\"\">34.60<\/p>\n<\/td>\n<\/tr>\n<tr>\n<td style=\"\" data-th=\"Ranking\"><!--! Font Awesome Free 6.7.1 by @fontawesome - https:\/\/fontawesome.com License - https:\/\/fontawesome.com\/license\/free (Icons: CC BY 4.0, Fonts: SIL OFL 1.1, Code: MIT License) Copyright 2024 Fonticons, Inc. --><\/td>\n<td style=\"\" data-th=\"Setores\">\n<p style=\"\">Tecnologia da Informa\u00e7\u00e3o<\/p>\n<\/td>\n<td style=\"\" data-th=\"%\">\n<p style=\"\">14.06<\/p>\n<\/td>\n<\/tr>\n<tr>\n<td style=\"\" data-th=\"Ranking\"><!--! Font Awesome Free 6.7.1 by @fontawesome - https:\/\/fontawesome.com License - https:\/\/fontawesome.com\/license\/free (Icons: CC BY 4.0, Fonts: SIL OFL 1.1, Code: MIT License) Copyright 2024 Fonticons, Inc. --><\/td>\n<td style=\"\" data-th=\"Setores\">\n<p style=\"\">Petr\u00f3leo, g\u00e1s e combust\u00edveis<\/p>\n<\/td>\n<td style=\"\" data-th=\"%\">\n<p style=\"\">10.00<\/p>\n<\/td>\n<\/tr>\n<tr>\n<td style=\"\" data-th=\"Ranking\"><!--! Font Awesome Free 6.7.1 by @fontawesome - https:\/\/fontawesome.com License - https:\/\/fontawesome.com\/license\/free (Icons: CC BY 4.0, Fonts: SIL OFL 1.1, Code: MIT License) Copyright 2024 Fonticons, Inc. --><\/td>\n<td style=\"\" data-th=\"Setores\">\n<p style=\"\">Bens de consumo r\u00e1pido<\/p>\n<\/td>\n<td style=\"\" data-th=\"%\">\n<p style=\"\">8.00<\/p>\n<\/td>\n<\/tr>\n<tr>\n<td style=\"\" rowspan=\"1\" colspan=\"1\" data-th=\"Ranking\"><!--! Font Awesome Free 6.7.1 by @fontawesome - https:\/\/fontawesome.com License - https:\/\/fontawesome.com\/license\/free (Icons: CC BY 4.0, Fonts: SIL OFL 1.1, Code: MIT License) Copyright 2024 Fonticons, Inc. --><\/td>\n<td style=\"\" rowspan=\"1\" colspan=\"1\" data-th=\"Setores\">\n<p style=\"\">Autom\u00f3veis e componentes automotivos<\/p>\n<\/td>\n<td style=\"\" rowspan=\"1\" colspan=\"1\" data-th=\"%\">\n<p style=\"\">7.37<\/p>\n<\/td>\n<\/tr>\n<tr>\n<td style=\"\" rowspan=\"1\" colspan=\"1\" data-th=\"Ranking\"><!--! Font Awesome Free 6.7.1 by @fontawesome - https:\/\/fontawesome.com License - https:\/\/fontawesome.com\/license\/free (Icons: CC BY 4.0, Fonts: SIL OFL 1.1, Code: MIT License) Copyright 2024 Fonticons, Inc. --><\/td>\n<td style=\"\" rowspan=\"1\" colspan=\"1\" data-th=\"Setores\">\n<p style=\"\">Sa\u00fade<\/p>\n<\/td>\n<td style=\"\" rowspan=\"1\" colspan=\"1\" data-th=\"%\">\n<p style=\"\">4.20<\/p>\n<\/td>\n<\/tr>\n<tr>\n<td style=\"\" rowspan=\"1\" colspan=\"1\" data-th=\"Ranking\"><!--! Font Awesome Free 6.7.1 by @fontawesome - https:\/\/fontawesome.com License - https:\/\/fontawesome.com\/license\/free (Icons: CC BY 4.0, Fonts: SIL OFL 1.1, Code: MIT License) Copyright 2024 Fonticons, Inc. --><\/td>\n<td style=\"\" rowspan=\"1\" colspan=\"1\" data-th=\"Setores\">\n<p style=\"\">Telecommunica\u00e7\u00e3o<\/p>\n<\/td>\n<td style=\"\" rowspan=\"1\" colspan=\"1\" data-th=\"%\">\n<p style=\"\">4.01<\/p>\n<\/td>\n<\/tr>\n<tr>\n<td style=\"\" rowspan=\"1\" colspan=\"1\" data-th=\"Ranking\"><!--! Font Awesome Free 6.7.1 by @fontawesome - https:\/\/fontawesome.com License - https:\/\/fontawesome.com\/license\/free (Icons: CC BY 4.0, Fonts: SIL OFL 1.1, Code: MIT License) Copyright 2024 Fonticons, Inc. --><\/td>\n<td style=\"\" rowspan=\"1\" colspan=\"1\" data-th=\"Setores\">\n<p style=\"\">Constru\u00e7\u00e3o<\/p>\n<\/td>\n<td style=\"\" rowspan=\"1\" colspan=\"1\" data-th=\"%\">\n<p style=\"\">4.00<\/p>\n<\/td>\n<\/tr>\n<tr>\n<td style=\"\" rowspan=\"1\" colspan=\"1\" data-th=\"Ranking\"><!--! Font Awesome Free 6.7.1 by @fontawesome - https:\/\/fontawesome.com License - https:\/\/fontawesome.com\/license\/free (Icons: CC BY 4.0, Fonts: SIL OFL 1.1, Code: MIT License) Copyright 2024 Fonticons, Inc. --><\/td>\n<td style=\"\" rowspan=\"1\" colspan=\"1\" data-th=\"Setores\">\n<p style=\"\">Metais e Minera\u00e7\u00e3o<\/p>\n<\/td>\n<td style=\"\" rowspan=\"1\" colspan=\"1\" data-th=\"%\">\n<p style=\"\">3.31<\/p>\n<\/td>\n<\/tr>\n<tr>\n<td style=\"\" rowspan=\"1\" colspan=\"1\" data-th=\"Ranking\"><!--! Font Awesome Free 6.7.1 by @fontawesome - https:\/\/fontawesome.com License - https:\/\/fontawesome.com\/license\/free (Icons: CC BY 4.0, Fonts: SIL OFL 1.1, Code: MIT License) Copyright 2024 Fonticons, Inc. --><\/td>\n<td style=\"\" rowspan=\"1\" colspan=\"1\" data-th=\"Setores\">\n<p style=\"\">Energia<\/p>\n<\/td>\n<td style=\"\" rowspan=\"1\" colspan=\"1\" data-th=\"%\">\n<p style=\"\">2.80<\/p>\n<\/td>\n<\/tr>\n<tr>\n<td style=\"\" rowspan=\"1\" colspan=\"1\" data-th=\"Ranking\"><!--! Font Awesome Free 6.7.1 by @fontawesome - https:\/\/fontawesome.com License - https:\/\/fontawesome.com\/license\/free (Icons: CC BY 4.0, Fonts: SIL OFL 1.1, Code: MIT License) Copyright 2024 Fonticons, Inc. --><\/td>\n<td style=\"\" rowspan=\"1\" colspan=\"1\" data-th=\"Setores\">\n<p style=\"\">Bens de consumo dur\u00e1veis<\/p>\n<\/td>\n<td style=\"\" rowspan=\"1\" colspan=\"1\" data-th=\"%\">\n<p style=\"\">2.24<\/p>\n<\/td>\n<\/tr>\n<tr>\n<td style=\"\" rowspan=\"1\" colspan=\"1\" data-th=\"Ranking\"><!--! Font Awesome Free 6.7.1 by @fontawesome - https:\/\/fontawesome.com License - https:\/\/fontawesome.com\/license\/free (Icons: CC BY 4.0, Fonts: SIL OFL 1.1, Code: MIT License) Copyright 2024 Fonticons, Inc. --><\/td>\n<td style=\"\" rowspan=\"1\" colspan=\"1\" data-th=\"Setores\">\n<p style=\"\">Material de constru\u00e7\u00e3o<\/p>\n<\/td>\n<td style=\"\" rowspan=\"1\" colspan=\"1\" data-th=\"%\">\n<p style=\"\">2.08<\/p>\n<\/td>\n<\/tr>\n<tr>\n<td style=\"\" rowspan=\"1\" colspan=\"1\" data-th=\"Ranking\"><!--! Font Awesome Free 6.7.1 by @fontawesome - https:\/\/fontawesome.com License - https:\/\/fontawesome.com\/license\/free (Icons: CC BY 4.0, Fonts: SIL OFL 1.1, Code: MIT License) Copyright 2024 Fonticons, Inc. --><\/td>\n<td style=\"\" rowspan=\"1\" colspan=\"1\" data-th=\"Setores\">\n<p style=\"\">Servi\u00e7os ao consumidor<\/p>\n<\/td>\n<td style=\"\" rowspan=\"1\" colspan=\"1\" data-th=\"%\">\n<p style=\"\">1.49<\/p>\n<\/td>\n<\/tr>\n<tr>\n<td style=\"\" rowspan=\"1\" colspan=\"1\" data-th=\"Ranking\"><!--! Font Awesome Free 6.7.1 by @fontawesome - https:\/\/fontawesome.com License - https:\/\/fontawesome.com\/license\/free (Icons: CC BY 4.0, Fonts: SIL OFL 1.1, Code: MIT License) Copyright 2024 Fonticons, Inc. --><\/td>\n<td style=\"\" rowspan=\"1\" colspan=\"1\" data-th=\"Setores\">\n<p style=\"\">Bens de capital<\/p>\n<\/td>\n<td style=\"\" rowspan=\"1\" colspan=\"1\" data-th=\"%\">\n<p style=\"\">0.99<\/p>\n<\/td>\n<\/tr>\n<tr>\n<td style=\"\" rowspan=\"1\" colspan=\"1\" data-th=\"Ranking\"><!--! Font Awesome Free 6.7.1 by @fontawesome - https:\/\/fontawesome.com License - https:\/\/fontawesome.com\/license\/free (Icons: CC BY 4.0, Fonts: SIL OFL 1.1, Code: MIT License) Copyright 2024 Fonticons, Inc. --><\/td>\n<td style=\"\" rowspan=\"1\" colspan=\"1\" data-th=\"Setores\">\n<p style=\"\">Utilidades<\/p>\n<\/td>\n<td style=\"\" rowspan=\"1\" colspan=\"1\" data-th=\"%\">\n<p style=\"\">0.85<\/p>\n<\/td>\n<\/tr>\n<\/tbody>\n<\/table>\n<p style=\"text-align: center;\">Representa\u00e7\u00e3o do setor<\/p>\n<p><span><img decoding=\"async\" alt=\"\" data-id=\"6158\" width=\"592\" data-init-width=\"600\" height=\"592\" data-init-height=\"600\" title=\"Nifty\" loading=\"lazy\" src=\"https:\/\/m1specialty.com\/wp-content\/uploads\/2025\/01\/Nifty-1.png\" data-width=\"592\" data-height=\"592\" style=\"aspect-ratio: auto 600 \/ 600;\"><\/span>Principais empresas<\/p>\n<table data-rows=\"5\" data-cols=\"4\">\n<thead><\/thead>\n<tbody>\n<tr>\n<td>\n<p style=\"text-align: left;\">1. HDFC Bank Ltd.<\/p>\n<\/td>\n<td>\n<p style=\"text-align: center;\">12.70%<\/p>\n<\/td>\n<td>\n<p>6. Bharti Airtel Ltd.<\/p>\n<\/td>\n<td>\n<p style=\"text-align: center;\">4.01%<\/p>\n<\/td>\n<\/tr>\n<tr>\n<td>\n<p style=\"text-align: left;\">2. ICICI Bank Ltd.<\/p>\n<\/td>\n<td>\n<p style=\"text-align: center;\">8.52%<\/p>\n<\/td>\n<td>\n<p>7. Larsen &amp; Toubro Ltd.<\/p>\n<\/td>\n<td>\n<p style=\"text-align: center;\">4.00%<\/p>\n<\/td>\n<\/tr>\n<tr>\n<td>\n<p style=\"text-align: left;\">3. Reliance Industries Ltd.<\/p>\n<\/td>\n<td>\n<p style=\"text-align: center;\">7.77%<\/p>\n<\/td>\n<td>\n<p>8. Tata Consultancy Services Ltd.<\/p>\n<\/td>\n<td>\n<p style=\"text-align: center;\">3.94%<\/p>\n<\/td>\n<\/tr>\n<tr>\n<td rowspan=\"1\" colspan=\"1\">\n<p style=\"text-align: left;\">4. Infosys Ltd.<\/p>\n<\/td>\n<td rowspan=\"1\" colspan=\"1\">\n<p style=\"text-align: center;\">6.38%<\/p>\n<\/td>\n<td rowspan=\"1\" colspan=\"1\">\n<p>9. State Bank of India<\/p>\n<\/td>\n<td rowspan=\"1\" colspan=\"1\">\n<p style=\"text-align: center;\">2.88%<\/p>\n<\/td>\n<\/tr>\n<tr>\n<td>\n<p style=\"text-align: left;\">5. ITC Ltd.<\/p>\n<\/td>\n<td>\n<p style=\"text-align: center;\">4.24%<\/p>\n<\/td>\n<td>\n<p>10.Axis Bank Ltd.&nbsp;<\/p>\n<\/td>\n<td>\n<p style=\"text-align: center;\">2.86%<\/p>\n<\/td>\n<\/tr>\n<\/tbody>\n<\/table>\n<table data-rows=\"10\" data-cols=\"2\">\n<thead><\/thead>\n<tbody>\n<tr>\n<td>\n<p style=\"\">1. HDFC Bank Ltd.<\/p>\n<\/td>\n<td>\n<p style=\"\">12.70%<\/p>\n<\/td>\n<\/tr>\n<tr>\n<td>\n<p style=\"\">2. ICICI Bank Ltd.<\/p>\n<\/td>\n<td>\n<p style=\"\">8.52%<\/p>\n<\/td>\n<\/tr>\n<tr>\n<td>\n<p style=\"\">3. Reliance Industries Ltd.<\/p>\n<\/td>\n<td>\n<p style=\"\">7.77%<\/p>\n<\/td>\n<\/tr>\n<tr>\n<td rowspan=\"1\" colspan=\"1\">\n<p style=\"\">4. Infosys Ltd.<\/p>\n<\/td>\n<td rowspan=\"1\" colspan=\"1\">\n<p style=\"\">6.32%<\/p>\n<\/td>\n<\/tr>\n<tr>\n<td>\n<p style=\"\">5. ITC Ltd.<\/p>\n<\/td>\n<td>\n<p style=\"\">4.24%<\/p>\n<\/td>\n<\/tr>\n<tr>\n<td rowspan=\"1\" colspan=\"1\">\n<p style=\"\">6. Bharti Airtel Ltd.<\/p>\n<\/td>\n<td rowspan=\"1\" colspan=\"1\">\n<p style=\"\">4.01%<\/p>\n<\/td>\n<\/tr>\n<tr>\n<td rowspan=\"1\" colspan=\"1\">\n<p style=\"\">7. Larsen &amp; Toubro Ltd.<\/p>\n<\/td>\n<td rowspan=\"1\" colspan=\"1\">\n<p style=\"\">4.00%<\/p>\n<\/td>\n<\/tr>\n<tr>\n<td rowspan=\"1\" colspan=\"1\">\n<p style=\"\">8. Tata Consultancy Services Ltd.<\/p>\n<\/td>\n<td rowspan=\"1\" colspan=\"1\">\n<p style=\"\">3.94%<\/p>\n<\/td>\n<\/tr>\n<tr>\n<td rowspan=\"1\" colspan=\"1\">\n<p style=\"\">9. State Bank of India<\/p>\n<\/td>\n<td rowspan=\"1\" colspan=\"1\">\n<p style=\"\">2.88%<\/p>\n<\/td>\n<\/tr>\n<tr>\n<td rowspan=\"1\" colspan=\"1\">\n<p style=\"\">10. Axis Bank Ltd.<\/p>\n<\/td>\n<td rowspan=\"1\" colspan=\"1\">\n<p style=\"\">2.86%<\/p>\n<\/td>\n<\/tr>\n<\/tbody>\n<\/table>\n<p>LINK PARA O \u00cdNDICE<a href=\"https:\/\/www.niftyindices.com\/Factsheet\/ind_nifty50.pdf\" target=\"_blank\" style=\"outline: none;\"><span style=\"text-decoration: underline;\">NSE Nifty 50<\/span><\/a><\/p>\n","protected":false},"excerpt":{"rendered":"<p>Informa\u00e7\u00f5es do \u00edndice 31 de Setembro, 2025 NSE Nifty 50&nbsp; O NIFTY 50 \u00e9 um \u00edndice de refer\u00eancia do mercado de a\u00e7\u00f5es da \u00cdndia e representa a m\u00e9dia ponderada de 50 das maiores empresas indianas listadas na Bolsa de Valores do pa\u00eds. Desde 1996, o Nifty 50 representa as 50 maiores empresas blue-chip da \u00cdndia [&hellip;]<\/p>\n","protected":false},"author":8,"featured_media":0,"parent":0,"menu_order":0,"comment_status":"closed","ping_status":"closed","template":"","meta":{"inline_featured_image":false,"footnotes":""},"class_list":["post-6293","page","type-page","status-publish","hentry","post-wrapper","thrv_wrapper"],"yoast_head":"<!-- This site is optimized with the Yoast SEO Premium plugin v20.3 (Yoast SEO v20.3) - https:\/\/yoast.com\/wordpress\/plugins\/seo\/ -->\n<title>NSE Nifty 50-Index Data | M1 Specialty<\/title>\n<meta name=\"robots\" content=\"index, follow, max-snippet:-1, max-image-preview:large, max-video-preview:-1\" \/>\n<link rel=\"canonical\" href=\"https:\/\/m1specialty.com\/pt-br\/nse-nifty-50-index-data\/\" \/>\n<meta property=\"og:locale\" content=\"pt_BR\" \/>\n<meta property=\"og:type\" content=\"article\" \/>\n<meta property=\"og:title\" content=\"NSE Nifty 50-Index Data\" \/>\n<meta property=\"og:description\" content=\"Informa\u00e7\u00f5es do \u00edndice 31 de Setembro, 2025 NSE Nifty 50&nbsp; O NIFTY 50 \u00e9 um \u00edndice de refer\u00eancia do mercado de a\u00e7\u00f5es da \u00cdndia e representa a m\u00e9dia ponderada de 50 das maiores empresas indianas listadas na Bolsa de Valores do pa\u00eds. Desde 1996, o Nifty 50 representa as 50 maiores empresas blue-chip da \u00cdndia [&hellip;]\" \/>\n<meta property=\"og:url\" content=\"https:\/\/m1specialty.com\/pt-br\/nse-nifty-50-index-data\/\" \/>\n<meta property=\"og:site_name\" content=\"M1 Specialty\" \/>\n<meta property=\"article:publisher\" content=\"https:\/\/www.facebook.com\/M1Specialty\/\" \/>\n<meta property=\"article:modified_time\" content=\"2025-10-30T23:52:56+00:00\" \/>\n<meta property=\"og:image\" content=\"https:\/\/m1specialty.com\/wp-content\/uploads\/2025\/01\/Nifty-1.png\" \/>\n<meta name=\"twitter:card\" content=\"summary_large_image\" \/>\n<meta name=\"twitter:site\" content=\"@m1specialty\" \/>\n<script type=\"application\/ld+json\" class=\"yoast-schema-graph\">{\"@context\":\"https:\/\/schema.org\",\"@graph\":[{\"@type\":\"WebPage\",\"@id\":\"https:\/\/m1specialty.com\/pt-br\/nse-nifty-50-index-data\/\",\"url\":\"https:\/\/m1specialty.com\/pt-br\/nse-nifty-50-index-data\/\",\"name\":\"NSE Nifty 50-Index Data | M1 Specialty\",\"isPartOf\":{\"@id\":\"https:\/\/m1specialty.com\/pt-br\/#website\"},\"datePublished\":\"2024-11-22T22:22:17+00:00\",\"dateModified\":\"2025-10-30T23:52:56+00:00\",\"breadcrumb\":{\"@id\":\"https:\/\/m1specialty.com\/pt-br\/nse-nifty-50-index-data\/#breadcrumb\"},\"inLanguage\":\"pt-BR\",\"potentialAction\":[{\"@type\":\"ReadAction\",\"target\":[\"https:\/\/m1specialty.com\/pt-br\/nse-nifty-50-index-data\/\"]}]},{\"@type\":\"BreadcrumbList\",\"@id\":\"https:\/\/m1specialty.com\/pt-br\/nse-nifty-50-index-data\/#breadcrumb\",\"itemListElement\":[{\"@type\":\"ListItem\",\"position\":1,\"name\":\"Home\",\"item\":\"https:\/\/m1specialty.com\/pt-br\/\"},{\"@type\":\"ListItem\",\"position\":2,\"name\":\"NSE Nifty 50-Index Data\"}]},{\"@type\":\"WebSite\",\"@id\":\"https:\/\/m1specialty.com\/pt-br\/#website\",\"url\":\"https:\/\/m1specialty.com\/pt-br\/\",\"name\":\"M1 Specialty\",\"description\":\"Unit-Linked Insurance Solutions, simple and effective.\",\"publisher\":{\"@id\":\"https:\/\/m1specialty.com\/pt-br\/#organization\"},\"potentialAction\":[{\"@type\":\"SearchAction\",\"target\":{\"@type\":\"EntryPoint\",\"urlTemplate\":\"https:\/\/m1specialty.com\/pt-br\/?s={search_term_string}\"},\"query-input\":\"required name=search_term_string\"}],\"inLanguage\":\"pt-BR\"},{\"@type\":\"Organization\",\"@id\":\"https:\/\/m1specialty.com\/pt-br\/#organization\",\"name\":\"M1 Specialty\",\"url\":\"https:\/\/m1specialty.com\/pt-br\/\",\"logo\":{\"@type\":\"ImageObject\",\"inLanguage\":\"pt-BR\",\"@id\":\"https:\/\/m1specialty.com\/pt-br\/#\/schema\/logo\/image\/\",\"url\":\"https:\/\/m1specialty.com\/wp-content\/uploads\/2023\/03\/logo-yoast-m1.png\",\"contentUrl\":\"https:\/\/m1specialty.com\/wp-content\/uploads\/2023\/03\/logo-yoast-m1.png\",\"width\":696,\"height\":696,\"caption\":\"M1 Specialty\"},\"image\":{\"@id\":\"https:\/\/m1specialty.com\/pt-br\/#\/schema\/logo\/image\/\"},\"sameAs\":[\"https:\/\/www.facebook.com\/M1Specialty\/\",\"https:\/\/twitter.com\/m1specialty\",\"https:\/\/www.linkedin.com\/company\/m1specialty\/\",\"https:\/\/www.instagram.com\/m1specialty\/\"]}]}<\/script>\n<!-- \/ Yoast SEO Premium plugin. -->","yoast_head_json":{"title":"NSE Nifty 50-Index Data | M1 Specialty","robots":{"index":"index","follow":"follow","max-snippet":"max-snippet:-1","max-image-preview":"max-image-preview:large","max-video-preview":"max-video-preview:-1"},"canonical":"https:\/\/m1specialty.com\/pt-br\/nse-nifty-50-index-data\/","og_locale":"pt_BR","og_type":"article","og_title":"NSE Nifty 50-Index Data","og_description":"Informa\u00e7\u00f5es do \u00edndice 31 de Setembro, 2025 NSE Nifty 50&nbsp; O NIFTY 50 \u00e9 um \u00edndice de refer\u00eancia do mercado de a\u00e7\u00f5es da \u00cdndia e representa a m\u00e9dia ponderada de 50 das maiores empresas indianas listadas na Bolsa de Valores do pa\u00eds. Desde 1996, o Nifty 50 representa as 50 maiores empresas blue-chip da \u00cdndia [&hellip;]","og_url":"https:\/\/m1specialty.com\/pt-br\/nse-nifty-50-index-data\/","og_site_name":"M1 Specialty","article_publisher":"https:\/\/www.facebook.com\/M1Specialty\/","article_modified_time":"2025-10-30T23:52:56+00:00","og_image":[{"url":"https:\/\/m1specialty.com\/wp-content\/uploads\/2025\/01\/Nifty-1.png"}],"twitter_card":"summary_large_image","twitter_site":"@m1specialty","schema":{"@context":"https:\/\/schema.org","@graph":[{"@type":"WebPage","@id":"https:\/\/m1specialty.com\/pt-br\/nse-nifty-50-index-data\/","url":"https:\/\/m1specialty.com\/pt-br\/nse-nifty-50-index-data\/","name":"NSE Nifty 50-Index Data | M1 Specialty","isPartOf":{"@id":"https:\/\/m1specialty.com\/pt-br\/#website"},"datePublished":"2024-11-22T22:22:17+00:00","dateModified":"2025-10-30T23:52:56+00:00","breadcrumb":{"@id":"https:\/\/m1specialty.com\/pt-br\/nse-nifty-50-index-data\/#breadcrumb"},"inLanguage":"pt-BR","potentialAction":[{"@type":"ReadAction","target":["https:\/\/m1specialty.com\/pt-br\/nse-nifty-50-index-data\/"]}]},{"@type":"BreadcrumbList","@id":"https:\/\/m1specialty.com\/pt-br\/nse-nifty-50-index-data\/#breadcrumb","itemListElement":[{"@type":"ListItem","position":1,"name":"Home","item":"https:\/\/m1specialty.com\/pt-br\/"},{"@type":"ListItem","position":2,"name":"NSE Nifty 50-Index Data"}]},{"@type":"WebSite","@id":"https:\/\/m1specialty.com\/pt-br\/#website","url":"https:\/\/m1specialty.com\/pt-br\/","name":"M1 Specialty","description":"Unit-Linked Insurance Solutions, simple and effective.","publisher":{"@id":"https:\/\/m1specialty.com\/pt-br\/#organization"},"potentialAction":[{"@type":"SearchAction","target":{"@type":"EntryPoint","urlTemplate":"https:\/\/m1specialty.com\/pt-br\/?s={search_term_string}"},"query-input":"required name=search_term_string"}],"inLanguage":"pt-BR"},{"@type":"Organization","@id":"https:\/\/m1specialty.com\/pt-br\/#organization","name":"M1 Specialty","url":"https:\/\/m1specialty.com\/pt-br\/","logo":{"@type":"ImageObject","inLanguage":"pt-BR","@id":"https:\/\/m1specialty.com\/pt-br\/#\/schema\/logo\/image\/","url":"https:\/\/m1specialty.com\/wp-content\/uploads\/2023\/03\/logo-yoast-m1.png","contentUrl":"https:\/\/m1specialty.com\/wp-content\/uploads\/2023\/03\/logo-yoast-m1.png","width":696,"height":696,"caption":"M1 Specialty"},"image":{"@id":"https:\/\/m1specialty.com\/pt-br\/#\/schema\/logo\/image\/"},"sameAs":["https:\/\/www.facebook.com\/M1Specialty\/","https:\/\/twitter.com\/m1specialty","https:\/\/www.linkedin.com\/company\/m1specialty\/","https:\/\/www.instagram.com\/m1specialty\/"]}]}},"_links":{"self":[{"href":"https:\/\/m1specialty.com\/pt-br\/wp-json\/wp\/v2\/pages\/6293","targetHints":{"allow":["GET"]}}],"collection":[{"href":"https:\/\/m1specialty.com\/pt-br\/wp-json\/wp\/v2\/pages"}],"about":[{"href":"https:\/\/m1specialty.com\/pt-br\/wp-json\/wp\/v2\/types\/page"}],"author":[{"embeddable":true,"href":"https:\/\/m1specialty.com\/pt-br\/wp-json\/wp\/v2\/users\/8"}],"replies":[{"embeddable":true,"href":"https:\/\/m1specialty.com\/pt-br\/wp-json\/wp\/v2\/comments?post=6293"}],"version-history":[{"count":22,"href":"https:\/\/m1specialty.com\/pt-br\/wp-json\/wp\/v2\/pages\/6293\/revisions"}],"predecessor-version":[{"id":7972,"href":"https:\/\/m1specialty.com\/pt-br\/wp-json\/wp\/v2\/pages\/6293\/revisions\/7972"}],"wp:attachment":[{"href":"https:\/\/m1specialty.com\/pt-br\/wp-json\/wp\/v2\/media?parent=6293"}],"curies":[{"name":"wp","href":"https:\/\/api.w.org\/{rel}","templated":true}]}}