{"id":6282,"date":"2024-11-22T18:21:56","date_gmt":"2024-11-22T22:21:56","guid":{"rendered":"https:\/\/m1specialty.com\/sp500-index-data\/"},"modified":"2025-10-31T11:02:06","modified_gmt":"2025-10-31T15:02:06","slug":"sp500-index-data","status":"publish","type":"page","link":"https:\/\/m1specialty.com\/pt-br\/sp500-index-data\/","title":{"rendered":"SP500-Index Data"},"content":{"rendered":"<p style=\"text-align: right;\">Informa\u00e7\u00f5es do \u00edndice<\/p>\n<p style=\"\">30 de Setembro, 2025<\/p>\n<p style=\"text-align: center;\"><strong>S&amp;P 500<\/strong><\/p>\n<p>Criado em 1957, o S&amp;P 500 foi o primeiro \u00edndice do mercado de a\u00e7\u00f5es dos EUA ponderado por capitaliza\u00e7\u00e3o de mercado.&nbsp;Esse \u00edndice, amplamente conhecido em todo o mundo, inclui 500 das principais empresas dos principais setores da economia dos EUA.Retornos do \u00cdndiceRetornos Anuais<\/p>\n<table data-rows=\"2\" data-cols=\"6\" data-v=\"middle\">\n<thead>\n<tr>\n<th style=\"\">Header<\/th>\n<th style=\"\">Acumulado no Ano<\/th>\n<th style=\"\">1 ano<\/th>\n<th style=\"\">3 anos<\/th>\n<th style=\"\">5 anos<\/th>\n<th colspan=\"1\" rowspan=\"1\" style=\"\">10 anos<\/th>\n<\/tr>\n<\/thead>\n<tbody>\n<tr>\n<td style=\"\">Retorno<\/td>\n<td style=\"\">13.72%<\/td>\n<td style=\"\">16.07%<\/td>\n<td style=\"\">23.10%<\/td>\n<td style=\"\">14.74%<\/td>\n<td colspan=\"1\" rowspan=\"1\" style=\"\">13.29%<\/td>\n<\/tr>\n<\/tbody>\n<\/table>\n<table data-rows=\"6\" data-cols=\"2\">\n<thead>\n<tr>\n<th>Header<\/th>\n<th>Retorno<\/th>\n<\/tr>\n<\/thead>\n<tbody>\n<tr>\n<td>Acumulado no Ano<\/td>\n<td>13.72%<\/td>\n<\/tr>\n<tr>\n<td>1 ano<\/td>\n<td>16.07%<\/td>\n<\/tr>\n<tr>\n<td>3 anos<\/td>\n<td>23.10%<\/td>\n<\/tr>\n<tr>\n<td rowspan=\"1\" colspan=\"1\">5 anos<\/td>\n<td rowspan=\"1\" colspan=\"1\">14.74%<\/td>\n<\/tr>\n<tr>\n<td>10 anos<\/td>\n<td>13.29%<\/td>\n<\/tr>\n<\/tbody>\n<\/table>\n<p>Dados em 30 de Setembro de 2025<\/p>\n<table data-rows=\"12\" data-cols=\"3\">\n<thead>\n<tr>\n<th style=\"\">\n<p style=\"\">Ranking<\/p>\n<\/th>\n<th style=\"\">\n<p style=\"\">Setores<\/p>\n<\/th>\n<th style=\"\">\n<p style=\"\">%<\/p>\n<\/th>\n<\/tr>\n<\/thead>\n<tbody>\n<tr>\n<td style=\"\" data-th=\"Rank\"><!--! Font Awesome Free 6.7.1 by @fontawesome - https:\/\/fontawesome.com License - https:\/\/fontawesome.com\/license\/free (Icons: CC BY 4.0, Fonts: SIL OFL 1.1, Code: MIT License) Copyright 2024 Fonticons, Inc. --><\/td>\n<td style=\"\" data-th=\"Sectors\">\n<p style=\"text-align: center;\">Tecnologia da Informa\u00e7\u00e3o<\/p>\n<\/td>\n<td style=\"\" data-th=\"%\">\n<p style=\"text-align: center;\">32.50<\/p>\n<\/td>\n<\/tr>\n<tr>\n<td style=\"\" data-th=\"Rank\"><!--! Font Awesome Free 6.7.1 by @fontawesome - https:\/\/fontawesome.com License - https:\/\/fontawesome.com\/license\/free (Icons: CC BY 4.0, Fonts: SIL OFL 1.1, Code: MIT License) Copyright 2024 Fonticons, Inc. --><\/td>\n<td style=\"\" data-th=\"Sectors\">\n<p style=\"text-align: center;\">Finan\u00e7as<\/p>\n<\/td>\n<td style=\"\" data-th=\"%\">\n<p style=\"text-align: center;\">13.60<\/p>\n<\/td>\n<\/tr>\n<tr>\n<td style=\"\" data-th=\"Rank\"><!--! Font Awesome Free 6.7.1 by @fontawesome - https:\/\/fontawesome.com License - https:\/\/fontawesome.com\/license\/free (Icons: CC BY 4.0, Fonts: SIL OFL 1.1, Code: MIT License) Copyright 2024 Fonticons, Inc. --><\/td>\n<td style=\"\" data-th=\"Sectors\">\n<p style=\"text-align: center;\">Consumo discricion\u00e1rio<\/p>\n<\/td>\n<td style=\"\" data-th=\"%\">\n<p style=\"text-align: center;\">11.30<\/p>\n<\/td>\n<\/tr>\n<tr>\n<td style=\"\" data-th=\"Rank\"><!--! Font Awesome Free 6.7.1 by @fontawesome - https:\/\/fontawesome.com License - https:\/\/fontawesome.com\/license\/free (Icons: CC BY 4.0, Fonts: SIL OFL 1.1, Code: MIT License) Copyright 2024 Fonticons, Inc. --><\/td>\n<td style=\"\" data-th=\"Sectors\">\n<p style=\"text-align: center;\">Sa\u00fade<\/p>\n<\/td>\n<td style=\"\" data-th=\"%\">\n<p style=\"text-align: center;\">10.10<\/p>\n<\/td>\n<\/tr>\n<tr>\n<td style=\"\" rowspan=\"1\" colspan=\"1\" data-th=\"Rank\"><!--! Font Awesome Free 6.7.1 by @fontawesome - https:\/\/fontawesome.com License - https:\/\/fontawesome.com\/license\/free (Icons: CC BY 4.0, Fonts: SIL OFL 1.1, Code: MIT License) Copyright 2024 Fonticons, Inc. --><\/td>\n<td style=\"\" rowspan=\"1\" colspan=\"1\" data-th=\"Sectors\">\n<p style=\"text-align: center;\">Servi\u00e7os de comunica\u00e7\u00e3o<\/p>\n<\/td>\n<td style=\"\" rowspan=\"1\" colspan=\"1\" data-th=\"%\">\n<p style=\"text-align: center;\">9.40<\/p>\n<\/td>\n<\/tr>\n<tr>\n<td style=\"\" rowspan=\"1\" colspan=\"1\" data-th=\"Rank\"><!--! Font Awesome Free 6.7.1 by @fontawesome - https:\/\/fontawesome.com License - https:\/\/fontawesome.com\/license\/free (Icons: CC BY 4.0, Fonts: SIL OFL 1.1, Code: MIT License) Copyright 2024 Fonticons, Inc. --><\/td>\n<td style=\"\" rowspan=\"1\" colspan=\"1\" data-th=\"Sectors\">\n<p style=\"text-align: center;\">Industrial<\/p>\n<\/td>\n<td style=\"\" rowspan=\"1\" colspan=\"1\" data-th=\"%\">\n<p style=\"text-align: center;\">8.20<\/p>\n<\/td>\n<\/tr>\n<tr>\n<td style=\"\" rowspan=\"1\" colspan=\"1\" data-th=\"Rank\"><!--! Font Awesome Free 6.7.1 by @fontawesome - https:\/\/fontawesome.com License - https:\/\/fontawesome.com\/license\/free (Icons: CC BY 4.0, Fonts: SIL OFL 1.1, Code: MIT License) Copyright 2024 Fonticons, Inc. --><\/td>\n<td style=\"\" rowspan=\"1\" colspan=\"1\" data-th=\"Sectors\">\n<p style=\"text-align: center;\">Bens de consumo<\/p>\n<\/td>\n<td style=\"\" rowspan=\"1\" colspan=\"1\" data-th=\"%\">\n<p style=\"text-align: center;\">5.50<\/p>\n<\/td>\n<\/tr>\n<tr>\n<td style=\"\" rowspan=\"1\" colspan=\"1\" data-th=\"Rank\"><!--! Font Awesome Free 6.7.1 by @fontawesome - https:\/\/fontawesome.com License - https:\/\/fontawesome.com\/license\/free (Icons: CC BY 4.0, Fonts: SIL OFL 1.1, Code: MIT License) Copyright 2024 Fonticons, Inc. --><\/td>\n<td style=\"\" rowspan=\"1\" colspan=\"1\" data-th=\"Sectors\">\n<p style=\"text-align: center;\">Energia<\/p>\n<\/td>\n<td style=\"\" rowspan=\"1\" colspan=\"1\" data-th=\"%\">\n<p style=\"text-align: center;\">3.20<\/p>\n<\/td>\n<\/tr>\n<tr>\n<td style=\"\" rowspan=\"1\" colspan=\"1\" data-th=\"Rank\"><!--! Font Awesome Free 6.7.1 by @fontawesome - https:\/\/fontawesome.com License - https:\/\/fontawesome.com\/license\/free (Icons: CC BY 4.0, Fonts: SIL OFL 1.1, Code: MIT License) Copyright 2024 Fonticons, Inc. --><\/td>\n<td style=\"\" rowspan=\"1\" colspan=\"1\" data-th=\"Sectors\">\n<p style=\"text-align: center;\">Utilidades<\/p>\n<\/td>\n<td style=\"\" rowspan=\"1\" colspan=\"1\" data-th=\"%\">\n<p style=\"text-align: center;\">2.30<\/p>\n<\/td>\n<\/tr>\n<tr>\n<td style=\"\" rowspan=\"1\" colspan=\"1\" data-th=\"Rank\"><!--! Font Awesome Free 6.7.1 by @fontawesome - https:\/\/fontawesome.com License - https:\/\/fontawesome.com\/license\/free (Icons: CC BY 4.0, Fonts: SIL OFL 1.1, Code: MIT License) Copyright 2024 Fonticons, Inc. --><\/td>\n<td style=\"\" rowspan=\"1\" colspan=\"1\" data-th=\"Sectors\">\n<p style=\"text-align: center;\">Imobili\u00e1rio<\/p>\n<\/td>\n<td style=\"\" rowspan=\"1\" colspan=\"1\" data-th=\"%\">\n<p style=\"text-align: center;\">2.10<\/p>\n<\/td>\n<\/tr>\n<tr>\n<td style=\"\" rowspan=\"1\" colspan=\"1\" data-th=\"Rank\"><!--! Font Awesome Free 6.7.1 by @fontawesome - https:\/\/fontawesome.com License - https:\/\/fontawesome.com\/license\/free (Icons: CC BY 4.0, Fonts: SIL OFL 1.1, Code: MIT License) Copyright 2024 Fonticons, Inc. --><\/td>\n<td style=\"\" rowspan=\"1\" colspan=\"1\" data-th=\"Sectors\">\n<p style=\"text-align: center;\">Materiais<\/p>\n<\/td>\n<td style=\"\" rowspan=\"1\" colspan=\"1\" data-th=\"%\">\n<p style=\"text-align: center;\">1.90<\/p>\n<\/td>\n<\/tr>\n<\/tbody>\n<\/table>\n<p style=\"text-align: center;\">Representa\u00e7\u00e3o do setor<\/p>\n<p><span><img decoding=\"async\" alt=\"\" data-id=\"6143\" width=\"385\" data-init-width=\"892\" height=\"385\" data-init-height=\"892\" title=\"SP500 Donut\" loading=\"lazy\" src=\"https:\/\/m1specialty.com\/wp-content\/uploads\/2025\/01\/SP500-Donut.png\" data-width=\"385\" data-height=\"385\" style=\"aspect-ratio: auto 892 \/ 892;\"><\/span>Top Constituents<\/p>\n<table data-rows=\"5\" data-cols=\"4\">\n<thead><\/thead>\n<tbody>\n<tr>\n<td>\n<p style=\"\">1. Apple Inc<\/p>\n<\/td>\n<td>\n<p>Tecnologia da Informa\u00e7\u00e3o<\/p>\n<\/td>\n<td>\n<p>6. Tesla<\/p>\n<\/td>\n<td>\n<p>Consumo discricion\u00e1rio<\/p>\n<\/td>\n<\/tr>\n<tr>\n<td>\n<p>2. Nvidia Corp.<\/p>\n<\/td>\n<td>\n<p>Tecnologia da Informa\u00e7\u00e3o<\/p>\n<\/td>\n<td>\n<p>7. Alphabet Inc A<\/p>\n<\/td>\n<td>\n<p>Servi\u00e7os de comunica\u00e7\u00e3o<\/p>\n<\/td>\n<\/tr>\n<tr>\n<td>\n<p>3. Microsoft Corp.<\/p>\n<\/td>\n<td>\n<p>Tecnologia da Informa\u00e7\u00e3o<\/p>\n<\/td>\n<td>\n<p>8. Broadcom Inc<\/p>\n<\/td>\n<td>\n<p>Tecnologia da Informa\u00e7\u00e3o<\/p>\n<\/td>\n<\/tr>\n<tr>\n<td rowspan=\"1\" colspan=\"1\">\n<p>4. Amazon.com Inc<\/p>\n<\/td>\n<td rowspan=\"1\" colspan=\"1\">\n<p>Consumo discricion\u00e1rio<\/p>\n<\/td>\n<td rowspan=\"1\" colspan=\"1\">\n<p>9. Alphabet Inc C<\/p>\n<\/td>\n<td rowspan=\"1\" colspan=\"1\">\n<p>Servi\u00e7os de comunica\u00e7\u00e3o<\/p>\n<\/td>\n<\/tr>\n<tr>\n<td>\n<p>5. Meta Platforms, Inc A<\/p>\n<\/td>\n<td>\n<p>Servi\u00e7os de comunica\u00e7\u00e3o<\/p>\n<\/td>\n<td>\n<p>10. Berkshire Hathaway B<\/p>\n<\/td>\n<td>\n<p>Finan\u00e7as<\/p>\n<\/td>\n<\/tr>\n<\/tbody>\n<\/table>\n<table data-rows=\"10\" data-cols=\"2\">\n<thead><\/thead>\n<tbody>\n<tr>\n<td>\n<p style=\"\">1. Apple Inc<\/p>\n<\/td>\n<td>\n<p style=\"\">Tecnologia da Informa\u00e7\u00e3o<\/p>\n<\/td>\n<\/tr>\n<tr>\n<td>\n<p style=\"\">2. Nvidia Corp.<\/p>\n<\/td>\n<td>\n<p style=\"\">Tecnologia da Informa\u00e7\u00e3o<\/p>\n<\/td>\n<\/tr>\n<tr>\n<td>\n<p style=\"\">3. Microsoft Corp.<\/p>\n<\/td>\n<td>\n<p style=\"\">Tecnologia da Informa\u00e7\u00e3o<\/p>\n<\/td>\n<\/tr>\n<tr>\n<td rowspan=\"1\" colspan=\"1\">\n<p style=\"\">4. Amazon.com Inc<\/p>\n<\/td>\n<td rowspan=\"1\" colspan=\"1\">\n<p style=\"\">Consumo discricion\u00e1rio<\/p>\n<\/td>\n<\/tr>\n<tr>\n<td>\n<p style=\"\">5. Meta Platforms, Inc A<\/p>\n<\/td>\n<td>\n<p style=\"\">Servi\u00e7os de comunica\u00e7\u00e3o<\/p>\n<\/td>\n<\/tr>\n<tr>\n<td rowspan=\"1\" colspan=\"1\">\n<p style=\"\">6. Tesla&nbsp;<\/p>\n<\/td>\n<td rowspan=\"1\" colspan=\"1\">\n<p style=\"\">Consumo discricion\u00e1rio<\/p>\n<\/td>\n<\/tr>\n<tr>\n<td rowspan=\"1\" colspan=\"1\">\n<p style=\"\">7. Alphabet Inc A<\/p>\n<\/td>\n<td rowspan=\"1\" colspan=\"1\">\n<p style=\"\">Servi\u00e7os de comunica\u00e7\u00e3o<\/p>\n<\/td>\n<\/tr>\n<tr>\n<td rowspan=\"1\" colspan=\"1\">\n<p style=\"\">8. Broadcom Inc<\/p>\n<\/td>\n<td rowspan=\"1\" colspan=\"1\">\n<p style=\"\">Tecnologia da Informa\u00e7\u00e3o<\/p>\n<\/td>\n<\/tr>\n<tr>\n<td rowspan=\"1\" colspan=\"1\">\n<p>9. Alphabet Inc C<\/p>\n<\/td>\n<td rowspan=\"1\" colspan=\"1\">\n<p style=\"\">Servi\u00e7os de comunica\u00e7\u00e3o<\/p>\n<\/td>\n<\/tr>\n<tr>\n<td rowspan=\"1\" colspan=\"1\">\n<p style=\"\">10. Bershire Hathaway B<\/p>\n<\/td>\n<td rowspan=\"1\" colspan=\"1\">\n<p style=\"\">Finan\u00e7as<\/p>\n<\/td>\n<\/tr>\n<\/tbody>\n<\/table>\n<p>LINK PARA O \u00cdNDICE<a href=\"https:\/\/www.spglobal.com\/spdji\/en\/indices\/equity\/sp-500\/#overview\" target=\"_blank\" style=\"outline: none;\">\u00cdndices S&amp;P 500\u00ae | S&amp;P Dow Jones<\/a><\/p>\n","protected":false},"excerpt":{"rendered":"<p>Informa\u00e7\u00f5es do \u00edndice 30 de Setembro, 2025 S&amp;P 500 Criado em 1957, o S&amp;P 500 foi o primeiro \u00edndice do mercado de a\u00e7\u00f5es dos EUA ponderado por capitaliza\u00e7\u00e3o de mercado.&nbsp;Esse \u00edndice, amplamente conhecido em todo o mundo, inclui 500 das principais empresas dos principais setores da economia dos EUA.Retornos do \u00cdndiceRetornos Anuais Header Acumulado no [&hellip;]<\/p>\n","protected":false},"author":8,"featured_media":0,"parent":0,"menu_order":0,"comment_status":"closed","ping_status":"closed","template":"","meta":{"inline_featured_image":false,"footnotes":""},"class_list":["post-6282","page","type-page","status-publish","hentry","post-wrapper","thrv_wrapper"],"yoast_head":"<!-- This site is optimized with the Yoast SEO Premium plugin v20.3 (Yoast SEO v20.3) - https:\/\/yoast.com\/wordpress\/plugins\/seo\/ -->\n<title>SP500-Index Data | M1 Specialty<\/title>\n<meta name=\"robots\" content=\"index, follow, max-snippet:-1, max-image-preview:large, max-video-preview:-1\" \/>\n<link rel=\"canonical\" href=\"https:\/\/m1specialty.com\/pt-br\/sp500-index-data\/\" \/>\n<meta property=\"og:locale\" content=\"pt_BR\" \/>\n<meta property=\"og:type\" content=\"article\" \/>\n<meta property=\"og:title\" content=\"SP500-Index Data\" \/>\n<meta property=\"og:description\" content=\"Informa\u00e7\u00f5es do \u00edndice 30 de Setembro, 2025 S&amp;P 500 Criado em 1957, o S&amp;P 500 foi o primeiro \u00edndice do mercado de a\u00e7\u00f5es dos EUA ponderado por capitaliza\u00e7\u00e3o de mercado.&nbsp;Esse \u00edndice, amplamente conhecido em todo o mundo, inclui 500 das principais empresas dos principais setores da economia dos EUA.Retornos do \u00cdndiceRetornos Anuais Header Acumulado no [&hellip;]\" \/>\n<meta property=\"og:url\" content=\"https:\/\/m1specialty.com\/pt-br\/sp500-index-data\/\" \/>\n<meta property=\"og:site_name\" content=\"M1 Specialty\" \/>\n<meta property=\"article:publisher\" content=\"https:\/\/www.facebook.com\/M1Specialty\/\" \/>\n<meta property=\"article:modified_time\" content=\"2025-10-31T15:02:06+00:00\" \/>\n<meta property=\"og:image\" content=\"https:\/\/m1specialty.com\/wp-content\/uploads\/2025\/01\/SP500-Donut.png\" \/>\n<meta name=\"twitter:card\" content=\"summary_large_image\" \/>\n<meta name=\"twitter:site\" content=\"@m1specialty\" \/>\n<script type=\"application\/ld+json\" class=\"yoast-schema-graph\">{\"@context\":\"https:\/\/schema.org\",\"@graph\":[{\"@type\":\"WebPage\",\"@id\":\"https:\/\/m1specialty.com\/pt-br\/sp500-index-data\/\",\"url\":\"https:\/\/m1specialty.com\/pt-br\/sp500-index-data\/\",\"name\":\"SP500-Index Data | M1 Specialty\",\"isPartOf\":{\"@id\":\"https:\/\/m1specialty.com\/pt-br\/#website\"},\"datePublished\":\"2024-11-22T22:21:56+00:00\",\"dateModified\":\"2025-10-31T15:02:06+00:00\",\"breadcrumb\":{\"@id\":\"https:\/\/m1specialty.com\/pt-br\/sp500-index-data\/#breadcrumb\"},\"inLanguage\":\"pt-BR\",\"potentialAction\":[{\"@type\":\"ReadAction\",\"target\":[\"https:\/\/m1specialty.com\/pt-br\/sp500-index-data\/\"]}]},{\"@type\":\"BreadcrumbList\",\"@id\":\"https:\/\/m1specialty.com\/pt-br\/sp500-index-data\/#breadcrumb\",\"itemListElement\":[{\"@type\":\"ListItem\",\"position\":1,\"name\":\"Home\",\"item\":\"https:\/\/m1specialty.com\/pt-br\/\"},{\"@type\":\"ListItem\",\"position\":2,\"name\":\"SP500-Index Data\"}]},{\"@type\":\"WebSite\",\"@id\":\"https:\/\/m1specialty.com\/pt-br\/#website\",\"url\":\"https:\/\/m1specialty.com\/pt-br\/\",\"name\":\"M1 Specialty\",\"description\":\"Unit-Linked Insurance Solutions, simple and effective.\",\"publisher\":{\"@id\":\"https:\/\/m1specialty.com\/pt-br\/#organization\"},\"potentialAction\":[{\"@type\":\"SearchAction\",\"target\":{\"@type\":\"EntryPoint\",\"urlTemplate\":\"https:\/\/m1specialty.com\/pt-br\/?s={search_term_string}\"},\"query-input\":\"required name=search_term_string\"}],\"inLanguage\":\"pt-BR\"},{\"@type\":\"Organization\",\"@id\":\"https:\/\/m1specialty.com\/pt-br\/#organization\",\"name\":\"M1 Specialty\",\"url\":\"https:\/\/m1specialty.com\/pt-br\/\",\"logo\":{\"@type\":\"ImageObject\",\"inLanguage\":\"pt-BR\",\"@id\":\"https:\/\/m1specialty.com\/pt-br\/#\/schema\/logo\/image\/\",\"url\":\"https:\/\/m1specialty.com\/wp-content\/uploads\/2023\/03\/logo-yoast-m1.png\",\"contentUrl\":\"https:\/\/m1specialty.com\/wp-content\/uploads\/2023\/03\/logo-yoast-m1.png\",\"width\":696,\"height\":696,\"caption\":\"M1 Specialty\"},\"image\":{\"@id\":\"https:\/\/m1specialty.com\/pt-br\/#\/schema\/logo\/image\/\"},\"sameAs\":[\"https:\/\/www.facebook.com\/M1Specialty\/\",\"https:\/\/twitter.com\/m1specialty\",\"https:\/\/www.linkedin.com\/company\/m1specialty\/\",\"https:\/\/www.instagram.com\/m1specialty\/\"]}]}<\/script>\n<!-- \/ Yoast SEO Premium plugin. -->","yoast_head_json":{"title":"SP500-Index Data | M1 Specialty","robots":{"index":"index","follow":"follow","max-snippet":"max-snippet:-1","max-image-preview":"max-image-preview:large","max-video-preview":"max-video-preview:-1"},"canonical":"https:\/\/m1specialty.com\/pt-br\/sp500-index-data\/","og_locale":"pt_BR","og_type":"article","og_title":"SP500-Index Data","og_description":"Informa\u00e7\u00f5es do \u00edndice 30 de Setembro, 2025 S&amp;P 500 Criado em 1957, o S&amp;P 500 foi o primeiro \u00edndice do mercado de a\u00e7\u00f5es dos EUA ponderado por capitaliza\u00e7\u00e3o de mercado.&nbsp;Esse \u00edndice, amplamente conhecido em todo o mundo, inclui 500 das principais empresas dos principais setores da economia dos EUA.Retornos do \u00cdndiceRetornos Anuais Header Acumulado no [&hellip;]","og_url":"https:\/\/m1specialty.com\/pt-br\/sp500-index-data\/","og_site_name":"M1 Specialty","article_publisher":"https:\/\/www.facebook.com\/M1Specialty\/","article_modified_time":"2025-10-31T15:02:06+00:00","og_image":[{"url":"https:\/\/m1specialty.com\/wp-content\/uploads\/2025\/01\/SP500-Donut.png"}],"twitter_card":"summary_large_image","twitter_site":"@m1specialty","schema":{"@context":"https:\/\/schema.org","@graph":[{"@type":"WebPage","@id":"https:\/\/m1specialty.com\/pt-br\/sp500-index-data\/","url":"https:\/\/m1specialty.com\/pt-br\/sp500-index-data\/","name":"SP500-Index Data | M1 Specialty","isPartOf":{"@id":"https:\/\/m1specialty.com\/pt-br\/#website"},"datePublished":"2024-11-22T22:21:56+00:00","dateModified":"2025-10-31T15:02:06+00:00","breadcrumb":{"@id":"https:\/\/m1specialty.com\/pt-br\/sp500-index-data\/#breadcrumb"},"inLanguage":"pt-BR","potentialAction":[{"@type":"ReadAction","target":["https:\/\/m1specialty.com\/pt-br\/sp500-index-data\/"]}]},{"@type":"BreadcrumbList","@id":"https:\/\/m1specialty.com\/pt-br\/sp500-index-data\/#breadcrumb","itemListElement":[{"@type":"ListItem","position":1,"name":"Home","item":"https:\/\/m1specialty.com\/pt-br\/"},{"@type":"ListItem","position":2,"name":"SP500-Index Data"}]},{"@type":"WebSite","@id":"https:\/\/m1specialty.com\/pt-br\/#website","url":"https:\/\/m1specialty.com\/pt-br\/","name":"M1 Specialty","description":"Unit-Linked Insurance Solutions, simple and effective.","publisher":{"@id":"https:\/\/m1specialty.com\/pt-br\/#organization"},"potentialAction":[{"@type":"SearchAction","target":{"@type":"EntryPoint","urlTemplate":"https:\/\/m1specialty.com\/pt-br\/?s={search_term_string}"},"query-input":"required name=search_term_string"}],"inLanguage":"pt-BR"},{"@type":"Organization","@id":"https:\/\/m1specialty.com\/pt-br\/#organization","name":"M1 Specialty","url":"https:\/\/m1specialty.com\/pt-br\/","logo":{"@type":"ImageObject","inLanguage":"pt-BR","@id":"https:\/\/m1specialty.com\/pt-br\/#\/schema\/logo\/image\/","url":"https:\/\/m1specialty.com\/wp-content\/uploads\/2023\/03\/logo-yoast-m1.png","contentUrl":"https:\/\/m1specialty.com\/wp-content\/uploads\/2023\/03\/logo-yoast-m1.png","width":696,"height":696,"caption":"M1 Specialty"},"image":{"@id":"https:\/\/m1specialty.com\/pt-br\/#\/schema\/logo\/image\/"},"sameAs":["https:\/\/www.facebook.com\/M1Specialty\/","https:\/\/twitter.com\/m1specialty","https:\/\/www.linkedin.com\/company\/m1specialty\/","https:\/\/www.instagram.com\/m1specialty\/"]}]}},"_links":{"self":[{"href":"https:\/\/m1specialty.com\/pt-br\/wp-json\/wp\/v2\/pages\/6282","targetHints":{"allow":["GET"]}}],"collection":[{"href":"https:\/\/m1specialty.com\/pt-br\/wp-json\/wp\/v2\/pages"}],"about":[{"href":"https:\/\/m1specialty.com\/pt-br\/wp-json\/wp\/v2\/types\/page"}],"author":[{"embeddable":true,"href":"https:\/\/m1specialty.com\/pt-br\/wp-json\/wp\/v2\/users\/8"}],"replies":[{"embeddable":true,"href":"https:\/\/m1specialty.com\/pt-br\/wp-json\/wp\/v2\/comments?post=6282"}],"version-history":[{"count":22,"href":"https:\/\/m1specialty.com\/pt-br\/wp-json\/wp\/v2\/pages\/6282\/revisions"}],"predecessor-version":[{"id":7986,"href":"https:\/\/m1specialty.com\/pt-br\/wp-json\/wp\/v2\/pages\/6282\/revisions\/7986"}],"wp:attachment":[{"href":"https:\/\/m1specialty.com\/pt-br\/wp-json\/wp\/v2\/media?parent=6282"}],"curies":[{"name":"wp","href":"https:\/\/api.w.org\/{rel}","templated":true}]}}