{"id":5058,"date":"2024-06-11T12:39:20","date_gmt":"2024-06-11T16:39:20","guid":{"rendered":"https:\/\/m1specialty.com\/privacy-policy-draftthrive\/"},"modified":"2025-08-22T11:11:25","modified_gmt":"2025-08-22T15:11:25","slug":"privacy-policy-new","status":"publish","type":"page","link":"https:\/\/m1specialty.com\/pt-br\/privacy-policy-new\/","title":{"rendered":"Privacy Policy"},"content":{"rendered":"<p>Pol\u00edtica de Privacidade<\/p>\n<p>Sua privacidade \u00e9 muito importante para n\u00f3s. Por isso, criamos esta Pol\u00edtica para que voc\u00ea entenda como coletamos, usamos, comunicamos, divulgamos e fazemos uso de informa\u00e7\u00f5es pessoais.<\/p>\n<p>Antes ou durante a coleta de informa\u00e7\u00f5es pessoais, identificamos os prop\u00f3sitos para os quais as informa\u00e7\u00f5es est\u00e3o sendo coletadas. Veja como a M1 Specialty coleta e usa seus dados.<\/p>\n<ul>\n<li style=\"\">Coletamos e usamos as informa\u00e7\u00f5es pessoais apenas com o objetivo de cumprir os prop\u00f3sitos especificados por n\u00f3s e para outros fins compat\u00edveis, a menos que obtenhamos o consentimento do indiv\u00edduo em quest\u00e3o ou conforme exigido por lei.Mantemos os seus dados apenas por um per\u00edodo<\/li>\n<li style=\"\">apropriado, de acordo com o motivo pelo qual eles foram coletados.<\/li>\n<li style=\"\">Coletamos informa\u00e7\u00f5es pessoais por meios legais e justos e, quando apropriado, com o conhecimento ou consentimento do indiv\u00edduo em quest\u00e3o.<\/li>\n<li style=\"\">Coletamos informa\u00e7\u00f5es pessoais para que possamos recomendar nossa ampla gama de Produtos e Servi\u00e7os com base nas suas necessidades, que s\u00e3o verificadas atrav\u00e9s de comunicados e formul\u00e1rios por e-mail.<\/li>\n<\/ul>\n<p>Disponibilizamos prontamente aos clientes informa\u00e7\u00f5es sobre nossas pol\u00edticas e pr\u00e1ticas relacionadas \u00e0 administra\u00e7\u00e3o das informa\u00e7\u00f5es pessoais.<\/p>\n<h2 style=\"\">Termos Principais<\/h2>\n<p>Nesta Pol\u00edtica de Privacidade, estes termos t\u00eam os seguintes significados:<\/p>\n<p><strong>Dados Pessoais&nbsp;<\/strong>\u2013 No Regulamento Geral de Prote\u00e7\u00e3o de Dados (GDPR) da UE, os Dados Pessoais s\u00e3o definidos como \u201c\u2026qualquer informa\u00e7\u00e3o relacionada a uma pessoa f\u00edsica identificada ou identific\u00e1vel (\u201ctitular dos dados\u201d); uma pessoa identific\u00e1vel \u00e9 aquela que pode ser identificada, direta ou indiretamente, em particular, por refer\u00eancia a um identificador como nome, n\u00famero de identifica\u00e7\u00e3o, dados de localiza\u00e7\u00e3o, identificador online ou um ou mais fatores espec\u00edficos da identidade f\u00edsica, fisiol\u00f3gica, gen\u00e9tica, mental, econ\u00f4mica, cultural ou social dessa pessoa\u201d.<\/p>\n<p><strong>Site&nbsp;<\/strong>\u2013 Qualquer site de nossa propriedade operado por n\u00f3s (como a www.M1Specialty.com) ou quaisquer p\u00e1ginas da web, recursos interativos, aplicativos, redes sociais, \u201cguias\u201d de redes sociais ou outras ofertas online ou m\u00f3veis que incluam um link a esta Pol\u00edtica.<\/p>\n<p><strong>Voc\u00ea e seu\/sua<\/strong> \u2013 Dependendo do contexto, pode significar um visitante do site, produtor ou titular da ap\u00f3lice.<\/p>\n<p style=\"\">\n<h2 style=\"\">Por que precisamos coletar e armazenar dados pessoais?<\/h2>\n<p>Para realizar o que mencionamos anteriormente, primeiro precisamos coletar e armazenar seus dados para fins de correspond\u00eancia. Garantimos que as informa\u00e7\u00f5es coletadas ser\u00e3o usadas somente para a finalidade pretendida e n\u00e3o constituem uma invas\u00e3o da sua privacidade.<\/p>\n<p>A M1 Specialty pode entrar em contato para fins de marketing; no entanto, iremos obter seu consentimento adicional para esse fim, caso ainda n\u00e3o o tenhamos.<\/p>\n<\/p>\n<h2 style=\"\">Como compartilhamos seus dados pessoais com terceiros?<\/h2>\n<p>Pode ser necess\u00e1rio compartilhar seus dados com terceiros contratados ou que fa\u00e7am parte da M1 Specialty. Quaisquer terceiros com os quais compartilhamos seus dados s\u00e3o obrigados a armazenar tais dados com seguran\u00e7a e process\u00e1-los somente em resposta a um pedido de interven\u00e7\u00e3o ou informa\u00e7\u00f5es em nosso nome. Quando deixarem de ser necess\u00e1rios, seus dados pessoais ser\u00e3o descartados em conformidade com a pol\u00edtica da nossa empresa. Somente compartilhamos os seus dados pessoais com terceiros mediante o seu claro consentimento, a menos que sejamos legalmente obrigados a faz\u00ea-lo de outra forma.<\/p>\n<\/p>\n<h2 style=\"\">Como usamos os dados pessoais que coletamos sobre voc\u00ea?<\/h2>\n<p>O processamento de dados envolve coleta, armazenamento e uso. Processamos os dados em conformidade com o GDPR (Regulamento Geral de Prote\u00e7\u00e3o de Dados). Fazemos o m\u00e1ximo poss\u00edvel para manter suas informa\u00e7\u00f5es corretas e atualizadas e somente pelo tempo absolutamente necess\u00e1rio. A M1 Specialty pode enviar lembretes ocasionais a todos os clientes para que enviem seus detalhes de contato mais recentes para que possamos atualiz\u00e1-los.Somos obrigados a manter certas informa\u00e7\u00f5es, como aquelas necess\u00e1rias para fins fiscais e de auditoria, em conformidade com as leis locais e internacionais. Os dados pessoais podem ser armazenados por mais tempo, de acordo com as necessidades individuais da empresa.<\/p>\n<\/p>\n<h2 style=\"\">Quando podemos entrar em contato com voc\u00ea?<\/h2>\n<p>Entramos em contato com voc\u00ea quando necess\u00e1rio, ou quando voc\u00ea solicitar contato. N\u00e3o desejamos, em nenhum momento, ser intrusivos ou pedir informa\u00e7\u00f5es desnecess\u00e1rias. Fazemos todo o poss\u00edvel para garantir que as informa\u00e7\u00f5es sejam armazenadas com a maior seguran\u00e7a poss\u00edvel para minimizar o risco de acesso ou divulga\u00e7\u00e3o n\u00e3o autorizados.<\/p>\n<h2 style=\"\">Como saber mais sobre os dados pessoais que mantemos sobre voc\u00ea?<\/h2>\n<p>Para ver seus dados pessoais que armazenamos e como eles s\u00e3o processados, entre em contato conosco. \u00c9 preciso enviar uma Solicita\u00e7\u00e3o de Acesso aos Dados do Titular (SAR) por escrito (por correio ou e-mail), com os dados de identifica\u00e7\u00e3o necess\u00e1rios para que possamos divulgar quaisquer informa\u00e7\u00f5es. Voc\u00ea pode solicitar \u00e0 M1 Specialty os dados pessoais que mantemos sobre voc\u00ea em rela\u00e7\u00e3o aos seguintes aspectos:<\/p>\n<ul>\n<li style=\"\">Identifica\u00e7\u00e3o e detalhes de contato da pessoa ou organiza\u00e7\u00e3o que determinou como e por que processar seus dados. Em alguns casos, pode ser um representante na UE.<\/li>\n<li style=\"\">Detalhes de contato do respons\u00e1vel pelo GDPR, quando aplic\u00e1vel.<\/li>\n<li style=\"\">Finalidade do processamento, bem como a base legal para o processamento.<\/li>\n<li style=\"\">Categorias de dados pessoais coletados, armazenados e processados.<\/li>\n<li style=\"\">Destinat\u00e1rio(s) ou categorias de destinat\u00e1rios aos quais os dados s\u00e3o\/ser\u00e3o divulgados.<\/li>\n<li style=\"\">Caso tenhamos a inten\u00e7\u00e3o de transferir os dados pessoais para um pa\u00eds terceiro ou organiza\u00e7\u00e3o internacional, informa\u00e7\u00f5es sobre como podemos garantir que isso possa ser feito com seguran\u00e7a. A UE aprovou o envio de dados pessoais para alguns pa\u00edses que atendem a um padr\u00e3o m\u00ednimo de prote\u00e7\u00e3o de dados. Em outros casos, garantiremos que haja medidas espec\u00edficas em vigor para proteger suas informa\u00e7\u00f5es.<\/li>\n<li style=\"\">Por quanto tempo os dados ficam armazenados.<\/li>\n<li style=\"\">Detalhes do seu direito de corrigir, apagar, restringir ou se opor a tal processamento.Informa\u00e7\u00f5es sobre o seu direito de cancelar seu consentimento a qualquer momento.<\/li>\n<li style=\"\">Como apresentar uma queixa junto \u00e0 autoridade de controle.<\/li>\n<li style=\"\">Se o fornecimento de dados pessoais \u00e9 uma exig\u00eancia legal ou contratual, ou uma exig\u00eancia necess\u00e1ria para celebrar um contrato, bem como se voc\u00ea \u00e9 obrigado a fornecer os dados pessoais e as poss\u00edveis consequ\u00eancias de n\u00e3o fornecer tais dados.<\/li>\n<li style=\"\">A fonte de dados pessoais se n\u00e3o foram coletados diretamente de voc\u00ea.<\/li>\n<li style=\"\">Quaisquer detalhes e informa\u00e7\u00f5es de tomada de decis\u00e3o automatizada, como cria\u00e7\u00e3o de perfil, e qualquer informa\u00e7\u00e3o significativa sobre a l\u00f3gica envolvida, bem como a import\u00e2ncia e as consequ\u00eancias esperadas de tal processamento.<\/li>\n<\/ul>\n<h2 style=\"\">Que tipos de ID s\u00e3o necess\u00e1rios para voc\u00ea ter acesso?<\/h2>\n<p>A M1 Specialty aceita os seguintes tipos de identifica\u00e7\u00e3o quando forem solicitadas informa\u00e7\u00f5es sobre seus dados pessoais:<\/p>\n<ul>\n<li style=\"\">Passaporte<\/li>\n<li style=\"\">Carteira de Motorista<\/li>\n<li style=\"\">Documento de ID (ou c\u00f3pia autenticada)<\/li>\n<\/ul>\n<h2 style=\"\">Como a M1 Specialty aborda a seguran\u00e7a da informa\u00e7\u00e3o?<\/h2>\n<p>Mantemos salvaguardas administrativas, t\u00e9cnicas e f\u00edsicas criadas para proteger as informa\u00e7\u00f5es pessoais que voc\u00ea nos fornece neste site. No entanto, voc\u00ea deve entender que nenhuma salvaguarda proporciona 100% de seguran\u00e7a.<\/p>\n<h2 id=\"t-1718119819810\">Use of cookies on this site<\/h2>\n<p>Para simplificar este site, instalamos pequenos arquivos de dados no seu computador. Estes arquivos s\u00e3o denominados cookies. A maioria dos grandes sites tamb\u00e9m faz isso.Eles fazem o seguinte:<\/p>\n<ul>\n<li style=\"\">Memorizam as configura\u00e7\u00f5es, para que voc\u00ea n\u00e3o tenha que digit\u00e1-las sempre que visitar uma nova p\u00e1gina;<\/li>\n<li style=\"\">Memorizam as informa\u00e7\u00f5es que voc\u00ea forneceu (por exemplo, seu c\u00f3digo postal) para que voc\u00ea n\u00e3o tenha que digit\u00e1-lo todas as vezes que entrar;<\/li>\n<li style=\"\">Medem como voc\u00ea usa o site para que possamos garantir que ele atenda \u00e0s suas necessidades.<\/li>\n<\/ul>\n<p>Nossos cookies n\u00e3o s\u00e3o usados para identific\u00e1-lo pessoalmente. Eles simplesmente fazem o site funcionar melhor para voc\u00ea. Na verdade, voc\u00ea pode gerenciar e\/ou excluir esses pequenos arquivos como desejar.<\/p>\n<p>Voc\u00ea pode desativar os cookies do&nbsp;&nbsp;<a href=\"https:\/\/tools.google.com\/dlpage\/gaoptout\/\" style=\"outline: none;\">Google Analytics em todos os sites<\/a>.<\/p>\n<p>Para mais informa\u00e7\u00f5es sobre cookies e como administr\u00e1-los, visite&nbsp;<a href=\"http:\/\/www.aboutcookies.org\/\" style=\"outline: none;\">AboutCookies.org<\/a>.<\/p>\n<h2 style=\"\">Links para outros sites<\/h2>\n<p>Nosso site cont\u00e9m links para nossos parceiros, bem como outros sites externos. N\u00e3o se esque\u00e7a de que n\u00e3o temos nenhum controle sobre os sites de terceiros em que voc\u00ea porventura possa clicar. N\u00e3o podemos ser respons\u00e1veis pela prote\u00e7\u00e3o de qualquer informa\u00e7\u00e3o que voc\u00ea forne\u00e7a a esses outros sites, pois eles n\u00e3o s\u00e3o regidos por esta declara\u00e7\u00e3o de privacidade. Voc\u00ea deve estar sempre alerta e ler a declara\u00e7\u00e3o de privacidade de qualquer site que voc\u00ea esteja visitando.<strong><\/strong><\/p>\n<h2 style=\"\">Mudan\u00e7as na Pol\u00edtica<\/h2>\n<p>A M1 Specialty reserva-se o direito de alterar esta pol\u00edtica de privacidade, publicando quaisquer revis\u00f5es feitas no site. Seu uso continuado deste site est\u00e1 em conformidade com a pol\u00edtica de privacidade atual.<\/p>\n<p>Esta Pol\u00edtica de Privacidade da M1 Specialty \u00e9 fornecida em nome da MaxCap Assurance Group SPC Ltd e suas afiliadas e subsidi\u00e1rias.<\/p>\n<\/p>\n<h2 style=\"\">Detalhes de contato do respons\u00e1vel pelo GDPR<\/h2>\n<p>Envie uma Solicita\u00e7\u00e3o de Acesso aos Dados do Titular (SAR) ou quaisquer perguntas sobre esta declara\u00e7\u00e3o de privacidade para que o nosso Encarregado de Prote\u00e7\u00e3o de Dados possa responder. Nosso Encarregado de Prote\u00e7\u00e3o de Dados pode ser contatado por e-mail em:<strong><strong>Email:<\/strong><\/strong><a href=\"mailto:dataprotection@M1Specialty.com\" style=\"outline: none;\">&nbsp;dataprotection@M1Specialty.com<\/a><\/p>\n","protected":false},"excerpt":{"rendered":"<p>Pol\u00edtica de Privacidade Sua privacidade \u00e9 muito importante para n\u00f3s. Por isso, criamos esta Pol\u00edtica para que voc\u00ea entenda como coletamos, usamos, comunicamos, divulgamos e fazemos uso de informa\u00e7\u00f5es pessoais. Antes ou durante a coleta de informa\u00e7\u00f5es pessoais, identificamos os prop\u00f3sitos para os quais as informa\u00e7\u00f5es est\u00e3o sendo coletadas. Veja como a M1 Specialty coleta [&hellip;]<\/p>\n","protected":false},"author":8,"featured_media":0,"parent":0,"menu_order":0,"comment_status":"closed","ping_status":"closed","template":"","meta":{"inline_featured_image":false,"footnotes":""},"class_list":["post-5058","page","type-page","status-publish","hentry","post-wrapper","thrv_wrapper"],"yoast_head":"<!-- This site is optimized with the Yoast SEO Premium plugin v20.3 (Yoast SEO v20.3) - https:\/\/yoast.com\/wordpress\/plugins\/seo\/ -->\n<title>Pol\u00edtica de privacidade<\/title>\n<meta name=\"robots\" content=\"index, follow, max-snippet:-1, max-image-preview:large, max-video-preview:-1\" \/>\n<link rel=\"canonical\" href=\"https:\/\/m1specialty.com\/pt-br\/privacy-policy-new\/\" \/>\n<meta property=\"og:locale\" content=\"pt_BR\" \/>\n<meta property=\"og:type\" content=\"article\" \/>\n<meta property=\"og:title\" content=\"Privacy Policy\" \/>\n<meta property=\"og:description\" content=\"Pol\u00edtica de Privacidade Sua privacidade \u00e9 muito importante para n\u00f3s. Por isso, criamos esta Pol\u00edtica para que voc\u00ea entenda como coletamos, usamos, comunicamos, divulgamos e fazemos uso de informa\u00e7\u00f5es pessoais. Antes ou durante a coleta de informa\u00e7\u00f5es pessoais, identificamos os prop\u00f3sitos para os quais as informa\u00e7\u00f5es est\u00e3o sendo coletadas. Veja como a M1 Specialty coleta [&hellip;]\" \/>\n<meta property=\"og:url\" content=\"https:\/\/m1specialty.com\/pt-br\/privacy-policy-new\/\" \/>\n<meta property=\"og:site_name\" content=\"M1 Specialty\" \/>\n<meta property=\"article:publisher\" content=\"https:\/\/www.facebook.com\/M1Specialty\/\" \/>\n<meta property=\"article:modified_time\" content=\"2025-08-22T15:11:25+00:00\" \/>\n<meta property=\"og:image\" content=\"https:\/\/m1specialty.com\/wp-content\/uploads\/2023\/03\/m1-specialty-web.png\" \/>\n\t<meta property=\"og:image:width\" content=\"1200\" \/>\n\t<meta property=\"og:image:height\" content=\"671\" \/>\n\t<meta property=\"og:image:type\" content=\"image\/png\" \/>\n<meta name=\"twitter:card\" content=\"summary_large_image\" \/>\n<meta name=\"twitter:site\" content=\"@m1specialty\" \/>\n<meta name=\"twitter:label1\" content=\"Est. tempo de leitura\" \/>\n\t<meta name=\"twitter:data1\" content=\"7 minutos\" \/>\n<script type=\"application\/ld+json\" class=\"yoast-schema-graph\">{\"@context\":\"https:\/\/schema.org\",\"@graph\":[{\"@type\":\"WebPage\",\"@id\":\"https:\/\/m1specialty.com\/pt-br\/privacy-policy-new\/\",\"url\":\"https:\/\/m1specialty.com\/pt-br\/privacy-policy-new\/\",\"name\":\"Pol\u00edtica de privacidade\",\"isPartOf\":{\"@id\":\"https:\/\/m1specialty.com\/pt-br\/#website\"},\"datePublished\":\"2024-06-11T16:39:20+00:00\",\"dateModified\":\"2025-08-22T15:11:25+00:00\",\"breadcrumb\":{\"@id\":\"https:\/\/m1specialty.com\/pt-br\/privacy-policy-new\/#breadcrumb\"},\"inLanguage\":\"pt-BR\",\"potentialAction\":[{\"@type\":\"ReadAction\",\"target\":[\"https:\/\/m1specialty.com\/pt-br\/privacy-policy-new\/\"]}]},{\"@type\":\"BreadcrumbList\",\"@id\":\"https:\/\/m1specialty.com\/pt-br\/privacy-policy-new\/#breadcrumb\",\"itemListElement\":[{\"@type\":\"ListItem\",\"position\":1,\"name\":\"Home\",\"item\":\"https:\/\/m1specialty.com\/pt-br\/\"},{\"@type\":\"ListItem\",\"position\":2,\"name\":\"Privacy Policy\"}]},{\"@type\":\"WebSite\",\"@id\":\"https:\/\/m1specialty.com\/pt-br\/#website\",\"url\":\"https:\/\/m1specialty.com\/pt-br\/\",\"name\":\"M1 Specialty\",\"description\":\"Unit-Linked Insurance Solutions, simple and effective.\",\"publisher\":{\"@id\":\"https:\/\/m1specialty.com\/pt-br\/#organization\"},\"potentialAction\":[{\"@type\":\"SearchAction\",\"target\":{\"@type\":\"EntryPoint\",\"urlTemplate\":\"https:\/\/m1specialty.com\/pt-br\/?s={search_term_string}\"},\"query-input\":\"required name=search_term_string\"}],\"inLanguage\":\"pt-BR\"},{\"@type\":\"Organization\",\"@id\":\"https:\/\/m1specialty.com\/pt-br\/#organization\",\"name\":\"M1 Specialty\",\"url\":\"https:\/\/m1specialty.com\/pt-br\/\",\"logo\":{\"@type\":\"ImageObject\",\"inLanguage\":\"pt-BR\",\"@id\":\"https:\/\/m1specialty.com\/pt-br\/#\/schema\/logo\/image\/\",\"url\":\"https:\/\/m1specialty.com\/wp-content\/uploads\/2023\/03\/logo-yoast-m1.png\",\"contentUrl\":\"https:\/\/m1specialty.com\/wp-content\/uploads\/2023\/03\/logo-yoast-m1.png\",\"width\":696,\"height\":696,\"caption\":\"M1 Specialty\"},\"image\":{\"@id\":\"https:\/\/m1specialty.com\/pt-br\/#\/schema\/logo\/image\/\"},\"sameAs\":[\"https:\/\/www.facebook.com\/M1Specialty\/\",\"https:\/\/twitter.com\/m1specialty\",\"https:\/\/www.linkedin.com\/company\/m1specialty\/\",\"https:\/\/www.instagram.com\/m1specialty\/\"]}]}<\/script>\n<!-- \/ Yoast SEO Premium plugin. -->","yoast_head_json":{"title":"Pol\u00edtica de privacidade","robots":{"index":"index","follow":"follow","max-snippet":"max-snippet:-1","max-image-preview":"max-image-preview:large","max-video-preview":"max-video-preview:-1"},"canonical":"https:\/\/m1specialty.com\/pt-br\/privacy-policy-new\/","og_locale":"pt_BR","og_type":"article","og_title":"Privacy Policy","og_description":"Pol\u00edtica de Privacidade Sua privacidade \u00e9 muito importante para n\u00f3s. Por isso, criamos esta Pol\u00edtica para que voc\u00ea entenda como coletamos, usamos, comunicamos, divulgamos e fazemos uso de informa\u00e7\u00f5es pessoais. Antes ou durante a coleta de informa\u00e7\u00f5es pessoais, identificamos os prop\u00f3sitos para os quais as informa\u00e7\u00f5es est\u00e3o sendo coletadas. Veja como a M1 Specialty coleta [&hellip;]","og_url":"https:\/\/m1specialty.com\/pt-br\/privacy-policy-new\/","og_site_name":"M1 Specialty","article_publisher":"https:\/\/www.facebook.com\/M1Specialty\/","article_modified_time":"2025-08-22T15:11:25+00:00","og_image":[{"width":1200,"height":671,"url":"https:\/\/m1specialty.com\/wp-content\/uploads\/2023\/03\/m1-specialty-web.png","type":"image\/png"}],"twitter_card":"summary_large_image","twitter_site":"@m1specialty","twitter_misc":{"Est. tempo de leitura":"7 minutos"},"schema":{"@context":"https:\/\/schema.org","@graph":[{"@type":"WebPage","@id":"https:\/\/m1specialty.com\/pt-br\/privacy-policy-new\/","url":"https:\/\/m1specialty.com\/pt-br\/privacy-policy-new\/","name":"Pol\u00edtica de privacidade","isPartOf":{"@id":"https:\/\/m1specialty.com\/pt-br\/#website"},"datePublished":"2024-06-11T16:39:20+00:00","dateModified":"2025-08-22T15:11:25+00:00","breadcrumb":{"@id":"https:\/\/m1specialty.com\/pt-br\/privacy-policy-new\/#breadcrumb"},"inLanguage":"pt-BR","potentialAction":[{"@type":"ReadAction","target":["https:\/\/m1specialty.com\/pt-br\/privacy-policy-new\/"]}]},{"@type":"BreadcrumbList","@id":"https:\/\/m1specialty.com\/pt-br\/privacy-policy-new\/#breadcrumb","itemListElement":[{"@type":"ListItem","position":1,"name":"Home","item":"https:\/\/m1specialty.com\/pt-br\/"},{"@type":"ListItem","position":2,"name":"Privacy Policy"}]},{"@type":"WebSite","@id":"https:\/\/m1specialty.com\/pt-br\/#website","url":"https:\/\/m1specialty.com\/pt-br\/","name":"M1 Specialty","description":"Unit-Linked Insurance Solutions, simple and effective.","publisher":{"@id":"https:\/\/m1specialty.com\/pt-br\/#organization"},"potentialAction":[{"@type":"SearchAction","target":{"@type":"EntryPoint","urlTemplate":"https:\/\/m1specialty.com\/pt-br\/?s={search_term_string}"},"query-input":"required name=search_term_string"}],"inLanguage":"pt-BR"},{"@type":"Organization","@id":"https:\/\/m1specialty.com\/pt-br\/#organization","name":"M1 Specialty","url":"https:\/\/m1specialty.com\/pt-br\/","logo":{"@type":"ImageObject","inLanguage":"pt-BR","@id":"https:\/\/m1specialty.com\/pt-br\/#\/schema\/logo\/image\/","url":"https:\/\/m1specialty.com\/wp-content\/uploads\/2023\/03\/logo-yoast-m1.png","contentUrl":"https:\/\/m1specialty.com\/wp-content\/uploads\/2023\/03\/logo-yoast-m1.png","width":696,"height":696,"caption":"M1 Specialty"},"image":{"@id":"https:\/\/m1specialty.com\/pt-br\/#\/schema\/logo\/image\/"},"sameAs":["https:\/\/www.facebook.com\/M1Specialty\/","https:\/\/twitter.com\/m1specialty","https:\/\/www.linkedin.com\/company\/m1specialty\/","https:\/\/www.instagram.com\/m1specialty\/"]}]}},"_links":{"self":[{"href":"https:\/\/m1specialty.com\/pt-br\/wp-json\/wp\/v2\/pages\/5058","targetHints":{"allow":["GET"]}}],"collection":[{"href":"https:\/\/m1specialty.com\/pt-br\/wp-json\/wp\/v2\/pages"}],"about":[{"href":"https:\/\/m1specialty.com\/pt-br\/wp-json\/wp\/v2\/types\/page"}],"author":[{"embeddable":true,"href":"https:\/\/m1specialty.com\/pt-br\/wp-json\/wp\/v2\/users\/8"}],"replies":[{"embeddable":true,"href":"https:\/\/m1specialty.com\/pt-br\/wp-json\/wp\/v2\/comments?post=5058"}],"version-history":[{"count":6,"href":"https:\/\/m1specialty.com\/pt-br\/wp-json\/wp\/v2\/pages\/5058\/revisions"}],"predecessor-version":[{"id":7846,"href":"https:\/\/m1specialty.com\/pt-br\/wp-json\/wp\/v2\/pages\/5058\/revisions\/7846"}],"wp:attachment":[{"href":"https:\/\/m1specialty.com\/pt-br\/wp-json\/wp\/v2\/media?parent=5058"}],"curies":[{"name":"wp","href":"https:\/\/api.w.org\/{rel}","templated":true}]}}