{"id":5049,"date":"2024-06-11T12:34:11","date_gmt":"2024-06-11T16:34:11","guid":{"rendered":"https:\/\/m1specialty.com\/our-jurisdictions-draftthrive\/"},"modified":"2025-08-22T11:14:48","modified_gmt":"2025-08-22T15:14:48","slug":"our-jurisdictions1","status":"publish","type":"page","link":"https:\/\/m1specialty.com\/pt-br\/our-jurisdictions1\/","title":{"rendered":"Our Jurisdictions"},"content":{"rendered":"<p>Nossas Jurisdi\u00e7\u00f5esPorto Rico<span><img decoding=\"async\" alt=\"\" data-id=\"2473\" width=\"340\" data-init-width=\"340\" height=\"451\" data-init-height=\"451\" title=\"\" loading=\"lazy\" src=\"https:\/\/m1specialty.com\/wp-content\/uploads\/2023\/09\/escudo-puerto-rico.png\" data-width=\"340\" data-height=\"451\" style=\"aspect-ratio: auto 340 \/ 451;\"><\/span><\/p>\n<p style=\"\">Porto Rico \u00e9 um territ\u00f3rio n\u00e3o incorporado dos Estados Unidos com status oficial de Commonwealth. Est\u00e1 localizado a aproximadamente 1.600 km a sudeste de Miami, Fl\u00f3rida. O Congresso dos Estados Unidos rege o territ\u00f3rio com jurisdi\u00e7\u00e3o total sob a Lei de Rela\u00e7\u00f5es Federais de Porto Rico de 1950.A geografia de Porto Rico, o uso da moeda dos EUA e seu status pol\u00edtico s\u00e3o fatores determinantes para sua prosperidade econ\u00f4mica.<\/p>\n<p>Economia e Infraestrutura<\/p>\n<p style=\"text-align: justify;\">A economia de Porto Rico \u00e9 classificada como uma economia de alta renda pelo Banco Mundial e como a economia mais competitiva da Am\u00e9rica Latina pelo F\u00f3rum Econ\u00f4mico Mundial. Sua economia \u00e9 impulsionada principalmente pela manufatura (principalmente produtos farmac\u00eauticos, t\u00eaxteis, petroqu\u00edmicos e eletr\u00f4nicos), seguida pela ind\u00fastria de servi\u00e7os (principalmente finan\u00e7as, seguros, im\u00f3veis e turismo)<\/p>\n<p>Vantagem Fiscal<\/p>\n<p style=\"text-align: justify;\">O Governo de Porto Rico goza de autonomia fiscal e tribut\u00e1ria com rela\u00e7\u00e3o ao C\u00f3digo Tribut\u00e1rio dos Estados Unidos, com distin\u00e7\u00f5es especiais em v\u00e1rias \u00e1reas. Seguradoras internacionais em Porto Rico est\u00e3o isentas dos requisitos de relat\u00f3rio sob CRS (OCDE) e FATCA.<\/p>\n<p>Ambiente Regulat\u00f3rio<\/p>\n<p style=\"text-align: justify;\">A Divis\u00e3o Internacional de Seguradoras e Resseguradoras est\u00e1 sob a Supervis\u00e3o do Gabinete do Comiss\u00e1rio de Seguros (OCI). A OCI \u00e9 um membro credenciado da Associa\u00e7\u00e3o Nacional de Comissariados de Seguros (\u201cNAIC\u201d). A NAIC \u00e9 a organiza\u00e7\u00e3o de defini\u00e7\u00e3o de padr\u00f5es e apoio regulat\u00f3rio dos EUA criada e governada pelos principais reguladores de seguros dos 50 estados, do Distrito de Columbia e de cinco territ\u00f3rios dos EUA.Por meio da NAIC, os reguladores estaduais de seguros estabelecem padr\u00f5es e melhores pr\u00e1ticas, realizam revis\u00e3o por pares e coordenam sua supervis\u00e3o regulat\u00f3ria. Tamb\u00e9m \u00e9 membro participante da Associa\u00e7\u00e3o de Superintendentes de Seguros da Am\u00e9rica Latina (\u201cASSAL\u201d)<\/p>\n<p><span><img decoding=\"async\" alt=\"\" data-id=\"2479\" width=\"1510\" data-init-width=\"1050\" height=\"1007\" data-init-height=\"700\" title=\"\" loading=\"lazy\" src=\"https:\/\/m1specialty.com\/wp-content\/uploads\/2023\/09\/puierto-rico.jpg\" data-width=\"1510\" data-height=\"1007\" style=\"aspect-ratio: auto 1050 \/ 700;\"><\/span>S\u00e3o Crist\u00f3v\u00e3o e Nevis<\/p>\n<p>S\u00e3o Crist\u00f3v\u00e3o e Nevis \u00e9 um pa\u00eds independente de duas ilhas nas Ilhas Sotavento. Nevis \u00e9 um estado soberano da Comunidade Brit\u00e2nica, situado na parte sudeste do Mar do Caribe. Nevis tem uma democracia est\u00e1vel, um sistema jur\u00eddico f\u00e1cil de entender baseado na Lei Comum brit\u00e2nica, juntamente com um clima corporativo modernizado e uma economia aberta.Nevis \u00e9 uma das jurisdi\u00e7\u00f5es mais procuradas por bancos e seguros offshore, bem como para a forma\u00e7\u00e3o de empresas offshore que possuem fortes cl\u00e1usulas de seguran\u00e7a e prote\u00e7\u00e3o de ativos. \u00c9 a base do Banco Central do Caribe Oriental e da Bolsa de Valores do Caribe Oriental, e \u00e9 reconhecida pelo GAFI (Grupo de A\u00e7\u00e3o Financeira) e pela OCDE (Organiza\u00e7\u00e3o para Coopera\u00e7\u00e3o e Desenvolvimento Econ\u00f4mico).<\/p>\n<p><span><img decoding=\"async\" alt=\"\" data-id=\"2467\" width=\"500\" data-init-width=\"500\" height=\"566\" data-init-height=\"566\" title=\"\" loading=\"lazy\" src=\"https:\/\/m1specialty.com\/wp-content\/uploads\/2023\/09\/nevis-escudo.png\" data-width=\"500\" data-height=\"566\" style=\"aspect-ratio: auto 500 \/ 566;\"><\/span>Tipo de Lei<\/p>\n<p style=\"text-align: justify;\">A lei de Nevis baseia-se na lei comum inglesa. Com rela\u00e7\u00e3o \u00e0s empresas offshore, a lei de Nevis \u00e9 baseada na legisla\u00e7\u00e3o da Nevis LLC, que \u00e9 modelada ap\u00f3s o Delaware LLC Act. A prote\u00e7\u00e3o de ativos de Nevis \u00e9 superior \u00e0 da maioria das outras jurisdi\u00e7\u00f5es offshore.<\/p>\n<p>Vantagem Fiscal<\/p>\n<p style=\"text-align: justify;\">O governo de Nevis tem demonstrado um compromisso total com a manuten\u00e7\u00e3o da privacidade e prote\u00e7\u00e3o de empresas leg\u00edtimas. Nem Nevis nem S\u00e3o Crist\u00f3v\u00e3o foram inclu\u00eddas em relat\u00f3rios de lavagem de dinheiro ou evas\u00e3o fiscal, como foi o caso no passado com uma s\u00e9rie de outras jurisdi\u00e7\u00f5es offshore. Uma empresa offshore de Nevis est\u00e1 isenta de tributa\u00e7\u00e3o sobre a renda gerada em qualquer lugar do mundo fora de Nevis. N\u00e3o h\u00e1 imposto de renda a ser pago, nem impostos sobre heran\u00e7as, doa\u00e7\u00f5es, impostos ou ganhos de capital.<\/p>\n<p>Ambiente Regulat\u00f3rio<\/p>\n<p style=\"text-align: justify;\">O Departamento de Regula\u00e7\u00e3o e Supervis\u00e3o de Servi\u00e7os Financeiros de Nevis (FSRC) \u00e9 a Filial de Nevis da Comiss\u00e3o Reguladora de Servi\u00e7os Financeiros e \u00e9 a ag\u00eancia respons\u00e1vel por autorizar e licenciar pessoas f\u00edsicas ou jur\u00eddicas para conduzir neg\u00f3cios de servi\u00e7os financeiros e monitorar atividades de servi\u00e7os financeiros regulamentados para proteger o p\u00fablico contra qualquer neg\u00f3cio de servi\u00e7os financeiros ilegais e\/ou n\u00e3o autorizados com opera\u00e7\u00f5es em Nevis. O FSRC tem a responsabilidade de regular e supervisionar a conformidade da empresa regulamentada com os requisitos de AML\/CFT. O FSRC regula mais de 150 empresas de seguros constitu\u00eddas em Nevis<\/p>\n<p><span><img decoding=\"async\" alt=\"\" data-id=\"2486\" width=\"1470\" data-init-width=\"1024\" height=\"771\" data-init-height=\"537\" title=\"\" loading=\"lazy\" src=\"https:\/\/m1specialty.com\/wp-content\/uploads\/2023\/09\/St-Kitts.jpg\" data-width=\"1470\" data-height=\"771\" style=\"aspect-ratio: auto 1024 \/ 537;\"><\/span><\/p>\n","protected":false},"excerpt":{"rendered":"<p>Nossas Jurisdi\u00e7\u00f5esPorto Rico Porto Rico \u00e9 um territ\u00f3rio n\u00e3o incorporado dos Estados Unidos com status oficial de Commonwealth. Est\u00e1 localizado a aproximadamente 1.600 km a sudeste de Miami, Fl\u00f3rida. O Congresso dos Estados Unidos rege o territ\u00f3rio com jurisdi\u00e7\u00e3o total sob a Lei de Rela\u00e7\u00f5es Federais de Porto Rico de 1950.A geografia de Porto Rico, [&hellip;]<\/p>\n","protected":false},"author":8,"featured_media":0,"parent":0,"menu_order":0,"comment_status":"closed","ping_status":"closed","template":"","meta":{"inline_featured_image":false,"footnotes":""},"class_list":["post-5049","page","type-page","status-publish","hentry","post-wrapper","thrv_wrapper"],"yoast_head":"<!-- This site is optimized with the Yoast SEO Premium plugin v20.3 (Yoast SEO v20.3) - https:\/\/yoast.com\/wordpress\/plugins\/seo\/ -->\n<title>Nossas jurisdi\u00e7\u00f5es<\/title>\n<meta name=\"robots\" content=\"index, follow, max-snippet:-1, max-image-preview:large, max-video-preview:-1\" \/>\n<link rel=\"canonical\" href=\"https:\/\/m1specialty.com\/pt-br\/our-jurisdictions1\/\" \/>\n<meta property=\"og:locale\" content=\"pt_BR\" \/>\n<meta property=\"og:type\" content=\"article\" \/>\n<meta property=\"og:title\" content=\"Our Jurisdictions\" \/>\n<meta property=\"og:description\" content=\"Nossas Jurisdi\u00e7\u00f5esPorto Rico Porto Rico \u00e9 um territ\u00f3rio n\u00e3o incorporado dos Estados Unidos com status oficial de Commonwealth. Est\u00e1 localizado a aproximadamente 1.600 km a sudeste de Miami, Fl\u00f3rida. O Congresso dos Estados Unidos rege o territ\u00f3rio com jurisdi\u00e7\u00e3o total sob a Lei de Rela\u00e7\u00f5es Federais de Porto Rico de 1950.A geografia de Porto Rico, [&hellip;]\" \/>\n<meta property=\"og:url\" content=\"https:\/\/m1specialty.com\/pt-br\/our-jurisdictions1\/\" \/>\n<meta property=\"og:site_name\" content=\"M1 Specialty\" \/>\n<meta property=\"article:publisher\" content=\"https:\/\/www.facebook.com\/M1Specialty\/\" \/>\n<meta property=\"article:modified_time\" content=\"2025-08-22T15:14:48+00:00\" \/>\n<meta property=\"og:image\" content=\"https:\/\/m1specialty.com\/wp-content\/uploads\/2023\/09\/escudo-puerto-rico.png\" \/>\n<meta name=\"twitter:card\" content=\"summary_large_image\" \/>\n<meta name=\"twitter:site\" content=\"@m1specialty\" \/>\n<meta name=\"twitter:label1\" content=\"Est. tempo de leitura\" \/>\n\t<meta name=\"twitter:data1\" content=\"4 minutos\" \/>\n<script type=\"application\/ld+json\" class=\"yoast-schema-graph\">{\"@context\":\"https:\/\/schema.org\",\"@graph\":[{\"@type\":\"WebPage\",\"@id\":\"https:\/\/m1specialty.com\/pt-br\/our-jurisdictions1\/\",\"url\":\"https:\/\/m1specialty.com\/pt-br\/our-jurisdictions1\/\",\"name\":\"Nossas jurisdi\u00e7\u00f5es\",\"isPartOf\":{\"@id\":\"https:\/\/m1specialty.com\/pt-br\/#website\"},\"datePublished\":\"2024-06-11T16:34:11+00:00\",\"dateModified\":\"2025-08-22T15:14:48+00:00\",\"breadcrumb\":{\"@id\":\"https:\/\/m1specialty.com\/pt-br\/our-jurisdictions1\/#breadcrumb\"},\"inLanguage\":\"pt-BR\",\"potentialAction\":[{\"@type\":\"ReadAction\",\"target\":[\"https:\/\/m1specialty.com\/pt-br\/our-jurisdictions1\/\"]}]},{\"@type\":\"BreadcrumbList\",\"@id\":\"https:\/\/m1specialty.com\/pt-br\/our-jurisdictions1\/#breadcrumb\",\"itemListElement\":[{\"@type\":\"ListItem\",\"position\":1,\"name\":\"Home\",\"item\":\"https:\/\/m1specialty.com\/pt-br\/\"},{\"@type\":\"ListItem\",\"position\":2,\"name\":\"Our Jurisdictions\"}]},{\"@type\":\"WebSite\",\"@id\":\"https:\/\/m1specialty.com\/pt-br\/#website\",\"url\":\"https:\/\/m1specialty.com\/pt-br\/\",\"name\":\"M1 Specialty\",\"description\":\"Unit-Linked Insurance Solutions, simple and effective.\",\"publisher\":{\"@id\":\"https:\/\/m1specialty.com\/pt-br\/#organization\"},\"potentialAction\":[{\"@type\":\"SearchAction\",\"target\":{\"@type\":\"EntryPoint\",\"urlTemplate\":\"https:\/\/m1specialty.com\/pt-br\/?s={search_term_string}\"},\"query-input\":\"required name=search_term_string\"}],\"inLanguage\":\"pt-BR\"},{\"@type\":\"Organization\",\"@id\":\"https:\/\/m1specialty.com\/pt-br\/#organization\",\"name\":\"M1 Specialty\",\"url\":\"https:\/\/m1specialty.com\/pt-br\/\",\"logo\":{\"@type\":\"ImageObject\",\"inLanguage\":\"pt-BR\",\"@id\":\"https:\/\/m1specialty.com\/pt-br\/#\/schema\/logo\/image\/\",\"url\":\"https:\/\/m1specialty.com\/wp-content\/uploads\/2023\/03\/logo-yoast-m1.png\",\"contentUrl\":\"https:\/\/m1specialty.com\/wp-content\/uploads\/2023\/03\/logo-yoast-m1.png\",\"width\":696,\"height\":696,\"caption\":\"M1 Specialty\"},\"image\":{\"@id\":\"https:\/\/m1specialty.com\/pt-br\/#\/schema\/logo\/image\/\"},\"sameAs\":[\"https:\/\/www.facebook.com\/M1Specialty\/\",\"https:\/\/twitter.com\/m1specialty\",\"https:\/\/www.linkedin.com\/company\/m1specialty\/\",\"https:\/\/www.instagram.com\/m1specialty\/\"]}]}<\/script>\n<!-- \/ Yoast SEO Premium plugin. -->","yoast_head_json":{"title":"Nossas jurisdi\u00e7\u00f5es","robots":{"index":"index","follow":"follow","max-snippet":"max-snippet:-1","max-image-preview":"max-image-preview:large","max-video-preview":"max-video-preview:-1"},"canonical":"https:\/\/m1specialty.com\/pt-br\/our-jurisdictions1\/","og_locale":"pt_BR","og_type":"article","og_title":"Our Jurisdictions","og_description":"Nossas Jurisdi\u00e7\u00f5esPorto Rico Porto Rico \u00e9 um territ\u00f3rio n\u00e3o incorporado dos Estados Unidos com status oficial de Commonwealth. Est\u00e1 localizado a aproximadamente 1.600 km a sudeste de Miami, Fl\u00f3rida. O Congresso dos Estados Unidos rege o territ\u00f3rio com jurisdi\u00e7\u00e3o total sob a Lei de Rela\u00e7\u00f5es Federais de Porto Rico de 1950.A geografia de Porto Rico, [&hellip;]","og_url":"https:\/\/m1specialty.com\/pt-br\/our-jurisdictions1\/","og_site_name":"M1 Specialty","article_publisher":"https:\/\/www.facebook.com\/M1Specialty\/","article_modified_time":"2025-08-22T15:14:48+00:00","og_image":[{"url":"https:\/\/m1specialty.com\/wp-content\/uploads\/2023\/09\/escudo-puerto-rico.png"}],"twitter_card":"summary_large_image","twitter_site":"@m1specialty","twitter_misc":{"Est. tempo de leitura":"4 minutos"},"schema":{"@context":"https:\/\/schema.org","@graph":[{"@type":"WebPage","@id":"https:\/\/m1specialty.com\/pt-br\/our-jurisdictions1\/","url":"https:\/\/m1specialty.com\/pt-br\/our-jurisdictions1\/","name":"Nossas jurisdi\u00e7\u00f5es","isPartOf":{"@id":"https:\/\/m1specialty.com\/pt-br\/#website"},"datePublished":"2024-06-11T16:34:11+00:00","dateModified":"2025-08-22T15:14:48+00:00","breadcrumb":{"@id":"https:\/\/m1specialty.com\/pt-br\/our-jurisdictions1\/#breadcrumb"},"inLanguage":"pt-BR","potentialAction":[{"@type":"ReadAction","target":["https:\/\/m1specialty.com\/pt-br\/our-jurisdictions1\/"]}]},{"@type":"BreadcrumbList","@id":"https:\/\/m1specialty.com\/pt-br\/our-jurisdictions1\/#breadcrumb","itemListElement":[{"@type":"ListItem","position":1,"name":"Home","item":"https:\/\/m1specialty.com\/pt-br\/"},{"@type":"ListItem","position":2,"name":"Our Jurisdictions"}]},{"@type":"WebSite","@id":"https:\/\/m1specialty.com\/pt-br\/#website","url":"https:\/\/m1specialty.com\/pt-br\/","name":"M1 Specialty","description":"Unit-Linked Insurance Solutions, simple and effective.","publisher":{"@id":"https:\/\/m1specialty.com\/pt-br\/#organization"},"potentialAction":[{"@type":"SearchAction","target":{"@type":"EntryPoint","urlTemplate":"https:\/\/m1specialty.com\/pt-br\/?s={search_term_string}"},"query-input":"required name=search_term_string"}],"inLanguage":"pt-BR"},{"@type":"Organization","@id":"https:\/\/m1specialty.com\/pt-br\/#organization","name":"M1 Specialty","url":"https:\/\/m1specialty.com\/pt-br\/","logo":{"@type":"ImageObject","inLanguage":"pt-BR","@id":"https:\/\/m1specialty.com\/pt-br\/#\/schema\/logo\/image\/","url":"https:\/\/m1specialty.com\/wp-content\/uploads\/2023\/03\/logo-yoast-m1.png","contentUrl":"https:\/\/m1specialty.com\/wp-content\/uploads\/2023\/03\/logo-yoast-m1.png","width":696,"height":696,"caption":"M1 Specialty"},"image":{"@id":"https:\/\/m1specialty.com\/pt-br\/#\/schema\/logo\/image\/"},"sameAs":["https:\/\/www.facebook.com\/M1Specialty\/","https:\/\/twitter.com\/m1specialty","https:\/\/www.linkedin.com\/company\/m1specialty\/","https:\/\/www.instagram.com\/m1specialty\/"]}]}},"_links":{"self":[{"href":"https:\/\/m1specialty.com\/pt-br\/wp-json\/wp\/v2\/pages\/5049","targetHints":{"allow":["GET"]}}],"collection":[{"href":"https:\/\/m1specialty.com\/pt-br\/wp-json\/wp\/v2\/pages"}],"about":[{"href":"https:\/\/m1specialty.com\/pt-br\/wp-json\/wp\/v2\/types\/page"}],"author":[{"embeddable":true,"href":"https:\/\/m1specialty.com\/pt-br\/wp-json\/wp\/v2\/users\/8"}],"replies":[{"embeddable":true,"href":"https:\/\/m1specialty.com\/pt-br\/wp-json\/wp\/v2\/comments?post=5049"}],"version-history":[{"count":5,"href":"https:\/\/m1specialty.com\/pt-br\/wp-json\/wp\/v2\/pages\/5049\/revisions"}],"predecessor-version":[{"id":7847,"href":"https:\/\/m1specialty.com\/pt-br\/wp-json\/wp\/v2\/pages\/5049\/revisions\/7847"}],"wp:attachment":[{"href":"https:\/\/m1specialty.com\/pt-br\/wp-json\/wp\/v2\/media?parent=5049"}],"curies":[{"name":"wp","href":"https:\/\/api.w.org\/{rel}","templated":true}]}}