{"id":4843,"date":"2024-04-16T11:05:54","date_gmt":"2024-04-16T15:05:54","guid":{"rendered":"https:\/\/m1specialty.com\/support-draftthrive\/"},"modified":"2026-03-10T15:35:30","modified_gmt":"2026-03-10T19:35:30","slug":"support-m1","status":"publish","type":"page","link":"https:\/\/m1specialty.com\/pt-br\/support-m1\/","title":{"rendered":"Support"},"content":{"rendered":"<p>Entre em contatoA M1 Specialty tem orgulho de conhecer e entender as necessidades dos nossos clientes.Teremos prazer em responder a qualquer d\u00favida ou preocupa\u00e7\u00e3o que voc\u00ea possa ter sobre nossos planos e servi\u00e7os.<\/p>\n<p style=\"text-align: center;\">M1 SPECIALTY GLOBAL TRUST<\/p>\n<p style=\"text-align: center;\">27 Paradise, Saint Thomas Parish<\/p>\n<p style=\"text-align: center;\">Nevis-Saint Kitts, Nevis<\/p>\n<p style=\"text-align: center;\">2020 Ponce de Leon BLVD STE 1107<\/p>\n<p style=\"text-align: center;\">Coral Gables FL 33134-4478<\/p>\n<p style=\"text-align: center;\">+507-6792-1021<\/p>\n<p style=\"text-align: center;\">Servi\u00e7o de Atendimento ao Cliente: +1 800-201-7205<\/p>\n<p style=\"text-align: center;\">Email: info@m1specialty.com<\/p>\n<p style=\"text-align: center;\">M1 SPECIALTY DUBAI &nbsp;(DIFC) OFFICE<\/p>\n<p style=\"text-align: center;\">3\u00ba andar, North Tower<\/p>\n<p style=\"text-align: center;\">Emirates Financial Towers<\/p>\n<p style=\"text-align: center;\">Dubai International Financial Centre<\/p>\n<p style=\"text-align: center;\">Dubai, EAU<\/p>\n<p style=\"text-align: center;\">Telefone: +971 585 443 161<\/p>\n<p style=\"text-align: center;\">Email: DIFC@m1specialty.com<\/p>\n<p style=\"text-align: center;\">M1 SPECIALTY GLOBAL TRUST<\/p>\n<p style=\"text-align: center;\">27 Paradise, Saint Thomas Parish<\/p>\n<p style=\"text-align: center;\">Nevis-Saint Kitts, Nevis<\/p>\n<p style=\"text-align: center;\">Servi\u00e7o de Atendimento ao Cliente: +1 800-201-7205<\/p>\n<p style=\"text-align: center;\">Email: info@m1specialty.com<\/p>\n<p style=\"text-align: center;\">M1 SPECIALTY DUBAI &nbsp;(DIFC) OFFICE<\/p>\n<p style=\"text-align: center;\">3\u00ba andar, North Tower<\/p>\n<p style=\"text-align: center;\">Emirates Financial Towers<\/p>\n<p style=\"text-align: center;\">Dubai International Financial Centre<\/p>\n<p style=\"text-align: center;\">Dubai, EAU<\/p>\n<p style=\"text-align: center;\">Telefone: +971 (0)4 553 9231<\/p>\n<p style=\"text-align: center;\">Email: DIFC@m1specialty.com<\/p>\n<p>Entre em contato<\/p>\n","protected":false},"excerpt":{"rendered":"<p>Entre em contatoA M1 Specialty tem orgulho de conhecer e entender as necessidades dos nossos clientes.Teremos prazer em responder a qualquer d\u00favida ou preocupa\u00e7\u00e3o que voc\u00ea possa ter sobre nossos planos e servi\u00e7os. M1 SPECIALTY GLOBAL TRUST 27 Paradise, Saint Thomas Parish Nevis-Saint Kitts, Nevis 2020 Ponce de Leon BLVD STE 1107 Coral Gables FL [&hellip;]<\/p>\n","protected":false},"author":8,"featured_media":0,"parent":0,"menu_order":0,"comment_status":"closed","ping_status":"closed","template":"","meta":{"inline_featured_image":false,"footnotes":""},"class_list":["post-4843","page","type-page","status-publish","hentry","post-wrapper","thrv_wrapper"],"yoast_head":"<!-- This site is optimized with the Yoast SEO Premium plugin v20.3 (Yoast SEO v20.3) - https:\/\/yoast.com\/wordpress\/plugins\/seo\/ -->\n<title>Contate-nos<\/title>\n<meta name=\"robots\" content=\"index, follow, max-snippet:-1, max-image-preview:large, max-video-preview:-1\" \/>\n<link rel=\"canonical\" href=\"https:\/\/m1specialty.com\/pt-br\/support-m1\/\" \/>\n<meta property=\"og:locale\" content=\"pt_BR\" \/>\n<meta property=\"og:type\" content=\"article\" \/>\n<meta property=\"og:title\" content=\"Support\" \/>\n<meta property=\"og:description\" content=\"Entre em contatoA M1 Specialty tem orgulho de conhecer e entender as necessidades dos nossos clientes.Teremos prazer em responder a qualquer d\u00favida ou preocupa\u00e7\u00e3o que voc\u00ea possa ter sobre nossos planos e servi\u00e7os. M1 SPECIALTY GLOBAL TRUST 27 Paradise, Saint Thomas Parish Nevis-Saint Kitts, Nevis 2020 Ponce de Leon BLVD STE 1107 Coral Gables FL [&hellip;]\" \/>\n<meta property=\"og:url\" content=\"https:\/\/m1specialty.com\/pt-br\/support-m1\/\" \/>\n<meta property=\"og:site_name\" content=\"M1 Specialty\" \/>\n<meta property=\"article:publisher\" content=\"https:\/\/www.facebook.com\/M1Specialty\/\" \/>\n<meta property=\"article:modified_time\" content=\"2026-03-10T19:35:30+00:00\" \/>\n<meta property=\"og:image\" content=\"https:\/\/m1specialty.com\/wp-content\/uploads\/2023\/03\/m1-specialty-web.png\" \/>\n\t<meta property=\"og:image:width\" content=\"1200\" \/>\n\t<meta property=\"og:image:height\" content=\"671\" \/>\n\t<meta property=\"og:image:type\" content=\"image\/png\" \/>\n<meta name=\"twitter:card\" content=\"summary_large_image\" \/>\n<meta name=\"twitter:site\" content=\"@m1specialty\" \/>\n<meta name=\"twitter:label1\" content=\"Est. tempo de leitura\" \/>\n\t<meta name=\"twitter:data1\" content=\"1 minuto\" \/>\n<script type=\"application\/ld+json\" class=\"yoast-schema-graph\">{\"@context\":\"https:\/\/schema.org\",\"@graph\":[{\"@type\":\"WebPage\",\"@id\":\"https:\/\/m1specialty.com\/pt-br\/support-m1\/\",\"url\":\"https:\/\/m1specialty.com\/pt-br\/support-m1\/\",\"name\":\"Contate-nos\",\"isPartOf\":{\"@id\":\"https:\/\/m1specialty.com\/pt-br\/#website\"},\"datePublished\":\"2024-04-16T15:05:54+00:00\",\"dateModified\":\"2026-03-10T19:35:30+00:00\",\"breadcrumb\":{\"@id\":\"https:\/\/m1specialty.com\/pt-br\/support-m1\/#breadcrumb\"},\"inLanguage\":\"pt-BR\",\"potentialAction\":[{\"@type\":\"ReadAction\",\"target\":[\"https:\/\/m1specialty.com\/pt-br\/support-m1\/\"]}]},{\"@type\":\"BreadcrumbList\",\"@id\":\"https:\/\/m1specialty.com\/pt-br\/support-m1\/#breadcrumb\",\"itemListElement\":[{\"@type\":\"ListItem\",\"position\":1,\"name\":\"Home\",\"item\":\"https:\/\/m1specialty.com\/pt-br\/\"},{\"@type\":\"ListItem\",\"position\":2,\"name\":\"Support\"}]},{\"@type\":\"WebSite\",\"@id\":\"https:\/\/m1specialty.com\/pt-br\/#website\",\"url\":\"https:\/\/m1specialty.com\/pt-br\/\",\"name\":\"M1 Specialty\",\"description\":\"Unit-Linked Insurance Solutions, simple and effective.\",\"publisher\":{\"@id\":\"https:\/\/m1specialty.com\/pt-br\/#organization\"},\"potentialAction\":[{\"@type\":\"SearchAction\",\"target\":{\"@type\":\"EntryPoint\",\"urlTemplate\":\"https:\/\/m1specialty.com\/pt-br\/?s={search_term_string}\"},\"query-input\":\"required name=search_term_string\"}],\"inLanguage\":\"pt-BR\"},{\"@type\":\"Organization\",\"@id\":\"https:\/\/m1specialty.com\/pt-br\/#organization\",\"name\":\"M1 Specialty\",\"url\":\"https:\/\/m1specialty.com\/pt-br\/\",\"logo\":{\"@type\":\"ImageObject\",\"inLanguage\":\"pt-BR\",\"@id\":\"https:\/\/m1specialty.com\/pt-br\/#\/schema\/logo\/image\/\",\"url\":\"https:\/\/m1specialty.com\/wp-content\/uploads\/2023\/03\/logo-yoast-m1.png\",\"contentUrl\":\"https:\/\/m1specialty.com\/wp-content\/uploads\/2023\/03\/logo-yoast-m1.png\",\"width\":696,\"height\":696,\"caption\":\"M1 Specialty\"},\"image\":{\"@id\":\"https:\/\/m1specialty.com\/pt-br\/#\/schema\/logo\/image\/\"},\"sameAs\":[\"https:\/\/www.facebook.com\/M1Specialty\/\",\"https:\/\/twitter.com\/m1specialty\",\"https:\/\/www.linkedin.com\/company\/m1specialty\/\",\"https:\/\/www.instagram.com\/m1specialty\/\"]}]}<\/script>\n<!-- \/ Yoast SEO Premium plugin. -->","yoast_head_json":{"title":"Contate-nos","robots":{"index":"index","follow":"follow","max-snippet":"max-snippet:-1","max-image-preview":"max-image-preview:large","max-video-preview":"max-video-preview:-1"},"canonical":"https:\/\/m1specialty.com\/pt-br\/support-m1\/","og_locale":"pt_BR","og_type":"article","og_title":"Support","og_description":"Entre em contatoA M1 Specialty tem orgulho de conhecer e entender as necessidades dos nossos clientes.Teremos prazer em responder a qualquer d\u00favida ou preocupa\u00e7\u00e3o que voc\u00ea possa ter sobre nossos planos e servi\u00e7os. M1 SPECIALTY GLOBAL TRUST 27 Paradise, Saint Thomas Parish Nevis-Saint Kitts, Nevis 2020 Ponce de Leon BLVD STE 1107 Coral Gables FL [&hellip;]","og_url":"https:\/\/m1specialty.com\/pt-br\/support-m1\/","og_site_name":"M1 Specialty","article_publisher":"https:\/\/www.facebook.com\/M1Specialty\/","article_modified_time":"2026-03-10T19:35:30+00:00","og_image":[{"width":1200,"height":671,"url":"https:\/\/m1specialty.com\/wp-content\/uploads\/2023\/03\/m1-specialty-web.png","type":"image\/png"}],"twitter_card":"summary_large_image","twitter_site":"@m1specialty","twitter_misc":{"Est. tempo de leitura":"1 minuto"},"schema":{"@context":"https:\/\/schema.org","@graph":[{"@type":"WebPage","@id":"https:\/\/m1specialty.com\/pt-br\/support-m1\/","url":"https:\/\/m1specialty.com\/pt-br\/support-m1\/","name":"Contate-nos","isPartOf":{"@id":"https:\/\/m1specialty.com\/pt-br\/#website"},"datePublished":"2024-04-16T15:05:54+00:00","dateModified":"2026-03-10T19:35:30+00:00","breadcrumb":{"@id":"https:\/\/m1specialty.com\/pt-br\/support-m1\/#breadcrumb"},"inLanguage":"pt-BR","potentialAction":[{"@type":"ReadAction","target":["https:\/\/m1specialty.com\/pt-br\/support-m1\/"]}]},{"@type":"BreadcrumbList","@id":"https:\/\/m1specialty.com\/pt-br\/support-m1\/#breadcrumb","itemListElement":[{"@type":"ListItem","position":1,"name":"Home","item":"https:\/\/m1specialty.com\/pt-br\/"},{"@type":"ListItem","position":2,"name":"Support"}]},{"@type":"WebSite","@id":"https:\/\/m1specialty.com\/pt-br\/#website","url":"https:\/\/m1specialty.com\/pt-br\/","name":"M1 Specialty","description":"Unit-Linked Insurance Solutions, simple and effective.","publisher":{"@id":"https:\/\/m1specialty.com\/pt-br\/#organization"},"potentialAction":[{"@type":"SearchAction","target":{"@type":"EntryPoint","urlTemplate":"https:\/\/m1specialty.com\/pt-br\/?s={search_term_string}"},"query-input":"required name=search_term_string"}],"inLanguage":"pt-BR"},{"@type":"Organization","@id":"https:\/\/m1specialty.com\/pt-br\/#organization","name":"M1 Specialty","url":"https:\/\/m1specialty.com\/pt-br\/","logo":{"@type":"ImageObject","inLanguage":"pt-BR","@id":"https:\/\/m1specialty.com\/pt-br\/#\/schema\/logo\/image\/","url":"https:\/\/m1specialty.com\/wp-content\/uploads\/2023\/03\/logo-yoast-m1.png","contentUrl":"https:\/\/m1specialty.com\/wp-content\/uploads\/2023\/03\/logo-yoast-m1.png","width":696,"height":696,"caption":"M1 Specialty"},"image":{"@id":"https:\/\/m1specialty.com\/pt-br\/#\/schema\/logo\/image\/"},"sameAs":["https:\/\/www.facebook.com\/M1Specialty\/","https:\/\/twitter.com\/m1specialty","https:\/\/www.linkedin.com\/company\/m1specialty\/","https:\/\/www.instagram.com\/m1specialty\/"]}]}},"_links":{"self":[{"href":"https:\/\/m1specialty.com\/pt-br\/wp-json\/wp\/v2\/pages\/4843","targetHints":{"allow":["GET"]}}],"collection":[{"href":"https:\/\/m1specialty.com\/pt-br\/wp-json\/wp\/v2\/pages"}],"about":[{"href":"https:\/\/m1specialty.com\/pt-br\/wp-json\/wp\/v2\/types\/page"}],"author":[{"embeddable":true,"href":"https:\/\/m1specialty.com\/pt-br\/wp-json\/wp\/v2\/users\/8"}],"replies":[{"embeddable":true,"href":"https:\/\/m1specialty.com\/pt-br\/wp-json\/wp\/v2\/comments?post=4843"}],"version-history":[{"count":15,"href":"https:\/\/m1specialty.com\/pt-br\/wp-json\/wp\/v2\/pages\/4843\/revisions"}],"predecessor-version":[{"id":8023,"href":"https:\/\/m1specialty.com\/pt-br\/wp-json\/wp\/v2\/pages\/4843\/revisions\/8023"}],"wp:attachment":[{"href":"https:\/\/m1specialty.com\/pt-br\/wp-json\/wp\/v2\/media?parent=4843"}],"curies":[{"name":"wp","href":"https:\/\/api.w.org\/{rel}","templated":true}]}}