{"id":4838,"date":"2024-04-16T16:01:05","date_gmt":"2024-04-16T20:01:05","guid":{"rendered":"https:\/\/m1specialty.com\/trust-structure-draftthrive\/"},"modified":"2024-06-17T19:44:50","modified_gmt":"2024-06-17T23:44:50","slug":"trust-structure-m1","status":"publish","type":"page","link":"https:\/\/m1specialty.com\/pt-br\/trust-structure-m1\/","title":{"rendered":"Trust-Structure"},"content":{"rendered":"<p><strong>A Diferen\u00e7a da M1 Specialty<\/strong>A M1 Specialty oferece solu\u00e7\u00f5es globais bem projetadas para alcan\u00e7ar suas metas de economia e investimento.Nossa robusta plataforma internacional re\u00fane quatro entidades independentes para verifica\u00e7\u00f5es e equil\u00edbrios adicionais, com aprimorada privacidade, prote\u00e7\u00e3o de ativos e tranquilidade.<span><img decoding=\"async\" alt=\"\" data-id=\"5122\" width=\"606\" data-init-width=\"1080\" height=\"607\" data-init-height=\"1083\" title=\"trust-structure-br\" loading=\"lazy\" src=\"https:\/\/m1specialty.com\/wp-content\/uploads\/2024\/06\/trust-structure-br.png\" data-width=\"606\" data-height=\"607\" style=\"aspect-ratio: auto 1080 \/ 1083;\"><\/span>Benef\u00edcios das ParceirasCom uma parceria com a M1 Specialty voc\u00ea tem acesso a solu\u00e7\u00f5es e servi\u00e7os de classe mundial. Oferecemos um conjunto \u00fanico de benef\u00edcios e oportunidades, com a experi\u00eancia de uma equipe global experiente.<span><img decoding=\"async\" alt=\"Versatility\" data-id=\"701\" width=\"223\" data-init-width=\"512\" height=\"223\" data-init-height=\"512\" title=\"Versatility\" loading=\"lazy\" src=\"https:\/\/m1specialty.com\/wp-content\/uploads\/2022\/11\/Versatilidad.png\" data-width=\"223\" data-height=\"223\" style=\"aspect-ratio: auto 512 \/ 512;\"><\/span>Versatilidade<\/p>\n<p style=\"\">Os clientes podem criar uma carteira de benchmarks de desempenho associados aos principais \u00edndices, ETFs e fundos m\u00fatuos; bem como a disponibilidade de uma ampla gama de op\u00e7\u00f5es de planos que atendem aos objetivos espec\u00edficos do cliente.<\/p>\n<p style=\"text-align: center;\">Os clientes podem criar uma carteira de benchmarks de desempenho associados aos principais \u00edndices, ETFs e fundos m\u00fatuos; bem como a disponibilidade de uma ampla gama de op\u00e7\u00f5es de planos que atendem aos objetivos espec\u00edficos do cliente.<\/p>\n<p><span><img decoding=\"async\" alt=\"Diversification\" data-id=\"2241\" width=\"225\" data-init-width=\"512\" height=\"225\" data-init-height=\"512\" title=\"\" loading=\"lazy\" src=\"https:\/\/m1specialty.com\/wp-content\/uploads\/2023\/09\/Diversification.png\" data-width=\"225\" data-height=\"225\" style=\"aspect-ratio: auto 512 \/ 512;\"><\/span>Diversifica\u00e7\u00e3o<\/p>\n<p style=\"\">Planos projetados para reduzir a volatilidade da carteira e o risco de mercado.<\/p>\n<p style=\"text-align: center;\">Planos projetados para reduzir a volatilidade da carteira e o risco de mercado.<\/p>\n<p><span><img decoding=\"async\" alt=\"Wealth Transfer\" data-id=\"2247\" width=\"238\" data-init-width=\"512\" height=\"238\" data-init-height=\"512\" title=\"\" loading=\"lazy\" src=\"https:\/\/m1specialty.com\/wp-content\/uploads\/2023\/09\/Wealth-Transfer.png\" data-width=\"238\" data-height=\"238\" style=\"aspect-ratio: auto 512 \/ 512;\"><\/span>Transfer\u00eancia dos Benef\u00edcios<\/p>\n<p style=\"\">Benef\u00edcios que podem ser facilmente transferidos para benefici\u00e1rios designados.<\/p>\n<p style=\"text-align: center;\">Benef\u00edcios que podem ser facilmente transferidos para benefici\u00e1rios designados.<\/p>\n<p><span><img decoding=\"async\" alt=\"Principal Protection\" data-id=\"2292\" width=\"238\" data-init-width=\"512\" height=\"238\" data-init-height=\"512\" title=\"\" loading=\"lazy\" src=\"https:\/\/m1specialty.com\/wp-content\/uploads\/2023\/09\/Principal-Protection.png\" data-width=\"238\" data-height=\"238\" style=\"aspect-ratio: auto 512 \/ 512;\"><\/span>Prote\u00e7\u00e3o ao Principal<\/p>\n<p>Aproveite 100% do aumento dos \u00edndices de mercado mais renomados do mundo com suas contribui\u00e7\u00f5es protegidas.<\/p>\n<p style=\"text-align: center;\">Aproveite 100% do aumento dos \u00edndices de mercado mais renomados do mundo com suas contribui\u00e7\u00f5es protegidas.<\/p>\n<p><span><img decoding=\"async\" alt=\"A Lasting Partner\" data-id=\"2267\" width=\"225\" data-init-width=\"512\" height=\"225\" data-init-height=\"512\" title=\"\" loading=\"lazy\" src=\"https:\/\/m1specialty.com\/wp-content\/uploads\/2023\/09\/A-Lasting-Partner.png\" data-width=\"225\" data-height=\"225\" style=\"aspect-ratio: auto 512 \/ 512;\"><\/span>Um Parceiro Duradouro<\/p>\n<p style=\"\">Com base em relacionamentos de longo prazo e verdadeira colabora\u00e7\u00e3o.<\/p>\n<p style=\"text-align: center;\">Com base em relacionamentos de longo prazo e verdadeira colabora\u00e7\u00e3o.<\/p>\n<p><span><img decoding=\"async\" alt=\"Elevated Support\" data-id=\"2261\" width=\"223\" data-init-width=\"512\" height=\"223\" data-init-height=\"512\" title=\"\" loading=\"lazy\" src=\"https:\/\/m1specialty.com\/wp-content\/uploads\/2023\/09\/suport.png\" data-width=\"223\" data-height=\"223\" style=\"aspect-ratio: auto 512 \/ 512;\"><\/span>Suporte Elevado<\/p>\n<p>Servi\u00e7o pessoal e atencioso com ferramentas e tecnologia integradas.<\/p>\n<p style=\"text-align: center;\">Servi\u00e7o pessoal e atencioso com ferramentas e tecnologia integradas.<\/p>\n<p><span><img decoding=\"async\" alt=\"Checks-Balances\" data-id=\"2343\" width=\"225\" data-init-width=\"512\" height=\"225\" data-init-height=\"512\" title=\"\" loading=\"lazy\" src=\"https:\/\/m1specialty.com\/wp-content\/uploads\/2023\/09\/Checks-Balances2.png\" data-width=\"225\" data-height=\"225\" style=\"aspect-ratio: auto 512 \/ 512;\"><\/span>Sistema de Freios e Contrapesos<\/p>\n<p>Entidades separadas que operam em uma jurisdi\u00e7\u00e3o regulamentada com auditorias anuais<\/p>\n<p style=\"text-align: center;\">Entidades separadas que operam em uma jurisdi\u00e7\u00e3o regulamentada com auditorias anuais<\/p>\n<p><span><img decoding=\"async\" alt=\"Access\" data-id=\"2280\" width=\"223\" data-init-width=\"512\" height=\"223\" data-init-height=\"512\" title=\"\" loading=\"lazy\" src=\"https:\/\/m1specialty.com\/wp-content\/uploads\/2023\/09\/Access2.png\" data-width=\"223\" data-height=\"223\" style=\"aspect-ratio: auto 512 \/ 512;\"><\/span>Accesso<\/p>\n<p>Acesso a ferramentas financeiras e instrumentos de poupan\u00e7a de renome mundial.<\/p>\n<p style=\"text-align: center;\">Acesso a ferramentas financeiras e instrumentos de poupan\u00e7a de renome mundial.<\/p>\n<p><span><img decoding=\"async\" alt=\"Privacy\" data-id=\"2298\" width=\"223\" data-init-width=\"512\" height=\"223\" data-init-height=\"512\" title=\"\" loading=\"lazy\" src=\"https:\/\/m1specialty.com\/wp-content\/uploads\/2023\/09\/Privacy.png\" data-width=\"223\" data-height=\"223\" style=\"aspect-ratio: auto 512 \/ 512;\"><\/span>Privacidade<\/p>\n<p style=\"text-align: left;\">Maior privacidade e prote\u00e7\u00e3o de ativos atrav\u00e9s da nossa estrutura de confian\u00e7a independente.<\/p>\n<p style=\"text-align: center;\">Maior privacidade e prote\u00e7\u00e3o de ativos atrav\u00e9s da nossa estrutura de confian\u00e7a independente.<\/p>\n","protected":false},"excerpt":{"rendered":"<p>A Diferen\u00e7a da M1 SpecialtyA M1 Specialty oferece solu\u00e7\u00f5es globais bem projetadas para alcan\u00e7ar suas metas de economia e investimento.Nossa robusta plataforma internacional re\u00fane quatro entidades independentes para verifica\u00e7\u00f5es e equil\u00edbrios adicionais, com aprimorada privacidade, prote\u00e7\u00e3o de ativos e tranquilidade.Benef\u00edcios das ParceirasCom uma parceria com a M1 Specialty voc\u00ea tem acesso a solu\u00e7\u00f5es e servi\u00e7os [&hellip;]<\/p>\n","protected":false},"author":8,"featured_media":0,"parent":0,"menu_order":0,"comment_status":"closed","ping_status":"closed","template":"","meta":{"inline_featured_image":false,"footnotes":""},"class_list":["post-4838","page","type-page","status-publish","hentry","post-wrapper","thrv_wrapper"],"yoast_head":"<!-- This site is optimized with the Yoast SEO Premium plugin v20.3 (Yoast SEO v20.3) - https:\/\/yoast.com\/wordpress\/plugins\/seo\/ -->\n<title>Estrutura-Confian\u00e7a<\/title>\n<meta name=\"robots\" content=\"index, follow, max-snippet:-1, max-image-preview:large, max-video-preview:-1\" \/>\n<link rel=\"canonical\" href=\"https:\/\/m1specialty.com\/pt-br\/trust-structure-m1\/\" \/>\n<meta property=\"og:locale\" content=\"pt_BR\" \/>\n<meta property=\"og:type\" content=\"article\" \/>\n<meta property=\"og:title\" content=\"Trust-Structure\" \/>\n<meta property=\"og:description\" content=\"A Diferen\u00e7a da M1 SpecialtyA M1 Specialty oferece solu\u00e7\u00f5es globais bem projetadas para alcan\u00e7ar suas metas de economia e investimento.Nossa robusta plataforma internacional re\u00fane quatro entidades independentes para verifica\u00e7\u00f5es e equil\u00edbrios adicionais, com aprimorada privacidade, prote\u00e7\u00e3o de ativos e tranquilidade.Benef\u00edcios das ParceirasCom uma parceria com a M1 Specialty voc\u00ea tem acesso a solu\u00e7\u00f5es e servi\u00e7os [&hellip;]\" \/>\n<meta property=\"og:url\" content=\"https:\/\/m1specialty.com\/pt-br\/trust-structure-m1\/\" \/>\n<meta property=\"og:site_name\" content=\"M1 Specialty\" \/>\n<meta property=\"article:publisher\" content=\"https:\/\/www.facebook.com\/M1Specialty\/\" \/>\n<meta property=\"article:modified_time\" content=\"2024-06-17T23:44:50+00:00\" \/>\n<meta property=\"og:image\" content=\"https:\/\/m1specialty.com\/wp-content\/uploads\/2024\/06\/trust-structure-br.png\" \/>\n<meta name=\"twitter:card\" content=\"summary_large_image\" \/>\n<meta name=\"twitter:site\" content=\"@m1specialty\" \/>\n<meta name=\"twitter:label1\" content=\"Est. tempo de leitura\" \/>\n\t<meta name=\"twitter:data1\" content=\"4 minutos\" \/>\n<script type=\"application\/ld+json\" class=\"yoast-schema-graph\">{\"@context\":\"https:\/\/schema.org\",\"@graph\":[{\"@type\":\"WebPage\",\"@id\":\"https:\/\/m1specialty.com\/pt-br\/trust-structure-m1\/\",\"url\":\"https:\/\/m1specialty.com\/pt-br\/trust-structure-m1\/\",\"name\":\"Estrutura-Confian\u00e7a\",\"isPartOf\":{\"@id\":\"https:\/\/m1specialty.com\/pt-br\/#website\"},\"datePublished\":\"2024-04-16T20:01:05+00:00\",\"dateModified\":\"2024-06-17T23:44:50+00:00\",\"breadcrumb\":{\"@id\":\"https:\/\/m1specialty.com\/pt-br\/trust-structure-m1\/#breadcrumb\"},\"inLanguage\":\"pt-BR\",\"potentialAction\":[{\"@type\":\"ReadAction\",\"target\":[\"https:\/\/m1specialty.com\/pt-br\/trust-structure-m1\/\"]}]},{\"@type\":\"BreadcrumbList\",\"@id\":\"https:\/\/m1specialty.com\/pt-br\/trust-structure-m1\/#breadcrumb\",\"itemListElement\":[{\"@type\":\"ListItem\",\"position\":1,\"name\":\"Home\",\"item\":\"https:\/\/m1specialty.com\/pt-br\/\"},{\"@type\":\"ListItem\",\"position\":2,\"name\":\"Trust-Structure\"}]},{\"@type\":\"WebSite\",\"@id\":\"https:\/\/m1specialty.com\/pt-br\/#website\",\"url\":\"https:\/\/m1specialty.com\/pt-br\/\",\"name\":\"M1 Specialty\",\"description\":\"Unit-Linked Insurance Solutions, simple and effective.\",\"publisher\":{\"@id\":\"https:\/\/m1specialty.com\/pt-br\/#organization\"},\"potentialAction\":[{\"@type\":\"SearchAction\",\"target\":{\"@type\":\"EntryPoint\",\"urlTemplate\":\"https:\/\/m1specialty.com\/pt-br\/?s={search_term_string}\"},\"query-input\":\"required name=search_term_string\"}],\"inLanguage\":\"pt-BR\"},{\"@type\":\"Organization\",\"@id\":\"https:\/\/m1specialty.com\/pt-br\/#organization\",\"name\":\"M1 Specialty\",\"url\":\"https:\/\/m1specialty.com\/pt-br\/\",\"logo\":{\"@type\":\"ImageObject\",\"inLanguage\":\"pt-BR\",\"@id\":\"https:\/\/m1specialty.com\/pt-br\/#\/schema\/logo\/image\/\",\"url\":\"https:\/\/m1specialty.com\/wp-content\/uploads\/2023\/03\/logo-yoast-m1.png\",\"contentUrl\":\"https:\/\/m1specialty.com\/wp-content\/uploads\/2023\/03\/logo-yoast-m1.png\",\"width\":696,\"height\":696,\"caption\":\"M1 Specialty\"},\"image\":{\"@id\":\"https:\/\/m1specialty.com\/pt-br\/#\/schema\/logo\/image\/\"},\"sameAs\":[\"https:\/\/www.facebook.com\/M1Specialty\/\",\"https:\/\/twitter.com\/m1specialty\",\"https:\/\/www.linkedin.com\/company\/m1specialty\/\",\"https:\/\/www.instagram.com\/m1specialty\/\"]}]}<\/script>\n<!-- \/ Yoast SEO Premium plugin. -->","yoast_head_json":{"title":"Estrutura-Confian\u00e7a","robots":{"index":"index","follow":"follow","max-snippet":"max-snippet:-1","max-image-preview":"max-image-preview:large","max-video-preview":"max-video-preview:-1"},"canonical":"https:\/\/m1specialty.com\/pt-br\/trust-structure-m1\/","og_locale":"pt_BR","og_type":"article","og_title":"Trust-Structure","og_description":"A Diferen\u00e7a da M1 SpecialtyA M1 Specialty oferece solu\u00e7\u00f5es globais bem projetadas para alcan\u00e7ar suas metas de economia e investimento.Nossa robusta plataforma internacional re\u00fane quatro entidades independentes para verifica\u00e7\u00f5es e equil\u00edbrios adicionais, com aprimorada privacidade, prote\u00e7\u00e3o de ativos e tranquilidade.Benef\u00edcios das ParceirasCom uma parceria com a M1 Specialty voc\u00ea tem acesso a solu\u00e7\u00f5es e servi\u00e7os [&hellip;]","og_url":"https:\/\/m1specialty.com\/pt-br\/trust-structure-m1\/","og_site_name":"M1 Specialty","article_publisher":"https:\/\/www.facebook.com\/M1Specialty\/","article_modified_time":"2024-06-17T23:44:50+00:00","og_image":[{"url":"https:\/\/m1specialty.com\/wp-content\/uploads\/2024\/06\/trust-structure-br.png"}],"twitter_card":"summary_large_image","twitter_site":"@m1specialty","twitter_misc":{"Est. tempo de leitura":"4 minutos"},"schema":{"@context":"https:\/\/schema.org","@graph":[{"@type":"WebPage","@id":"https:\/\/m1specialty.com\/pt-br\/trust-structure-m1\/","url":"https:\/\/m1specialty.com\/pt-br\/trust-structure-m1\/","name":"Estrutura-Confian\u00e7a","isPartOf":{"@id":"https:\/\/m1specialty.com\/pt-br\/#website"},"datePublished":"2024-04-16T20:01:05+00:00","dateModified":"2024-06-17T23:44:50+00:00","breadcrumb":{"@id":"https:\/\/m1specialty.com\/pt-br\/trust-structure-m1\/#breadcrumb"},"inLanguage":"pt-BR","potentialAction":[{"@type":"ReadAction","target":["https:\/\/m1specialty.com\/pt-br\/trust-structure-m1\/"]}]},{"@type":"BreadcrumbList","@id":"https:\/\/m1specialty.com\/pt-br\/trust-structure-m1\/#breadcrumb","itemListElement":[{"@type":"ListItem","position":1,"name":"Home","item":"https:\/\/m1specialty.com\/pt-br\/"},{"@type":"ListItem","position":2,"name":"Trust-Structure"}]},{"@type":"WebSite","@id":"https:\/\/m1specialty.com\/pt-br\/#website","url":"https:\/\/m1specialty.com\/pt-br\/","name":"M1 Specialty","description":"Unit-Linked Insurance Solutions, simple and effective.","publisher":{"@id":"https:\/\/m1specialty.com\/pt-br\/#organization"},"potentialAction":[{"@type":"SearchAction","target":{"@type":"EntryPoint","urlTemplate":"https:\/\/m1specialty.com\/pt-br\/?s={search_term_string}"},"query-input":"required name=search_term_string"}],"inLanguage":"pt-BR"},{"@type":"Organization","@id":"https:\/\/m1specialty.com\/pt-br\/#organization","name":"M1 Specialty","url":"https:\/\/m1specialty.com\/pt-br\/","logo":{"@type":"ImageObject","inLanguage":"pt-BR","@id":"https:\/\/m1specialty.com\/pt-br\/#\/schema\/logo\/image\/","url":"https:\/\/m1specialty.com\/wp-content\/uploads\/2023\/03\/logo-yoast-m1.png","contentUrl":"https:\/\/m1specialty.com\/wp-content\/uploads\/2023\/03\/logo-yoast-m1.png","width":696,"height":696,"caption":"M1 Specialty"},"image":{"@id":"https:\/\/m1specialty.com\/pt-br\/#\/schema\/logo\/image\/"},"sameAs":["https:\/\/www.facebook.com\/M1Specialty\/","https:\/\/twitter.com\/m1specialty","https:\/\/www.linkedin.com\/company\/m1specialty\/","https:\/\/www.instagram.com\/m1specialty\/"]}]}},"_links":{"self":[{"href":"https:\/\/m1specialty.com\/pt-br\/wp-json\/wp\/v2\/pages\/4838","targetHints":{"allow":["GET"]}}],"collection":[{"href":"https:\/\/m1specialty.com\/pt-br\/wp-json\/wp\/v2\/pages"}],"about":[{"href":"https:\/\/m1specialty.com\/pt-br\/wp-json\/wp\/v2\/types\/page"}],"author":[{"embeddable":true,"href":"https:\/\/m1specialty.com\/pt-br\/wp-json\/wp\/v2\/users\/8"}],"replies":[{"embeddable":true,"href":"https:\/\/m1specialty.com\/pt-br\/wp-json\/wp\/v2\/comments?post=4838"}],"version-history":[{"count":8,"href":"https:\/\/m1specialty.com\/pt-br\/wp-json\/wp\/v2\/pages\/4838\/revisions"}],"predecessor-version":[{"id":5400,"href":"https:\/\/m1specialty.com\/pt-br\/wp-json\/wp\/v2\/pages\/4838\/revisions\/5400"}],"wp:attachment":[{"href":"https:\/\/m1specialty.com\/pt-br\/wp-json\/wp\/v2\/media?parent=4838"}],"curies":[{"name":"wp","href":"https:\/\/api.w.org\/{rel}","templated":true}]}}