{"id":4828,"date":"2024-04-15T18:28:20","date_gmt":"2024-04-15T22:28:20","guid":{"rendered":"https:\/\/m1specialty.com\/who-we-are-thrivedraft\/"},"modified":"2024-10-25T14:41:11","modified_gmt":"2024-10-25T18:41:11","slug":"who-we-are-m1","status":"publish","type":"page","link":"https:\/\/m1specialty.com\/pt-br\/who-we-are-m1\/","title":{"rendered":"Who We Are"},"content":{"rendered":"<p>A Hist\u00f3ria da M1 SpecialtyA M1 Specialty foi criada com o objetivo de oferecer acesso global a ferramentas e solu\u00e7\u00f5es financeiras de renome.Oferecemos um conjunto \u00fanico de benef\u00edcios e oportunidades, com foco em relacionamentos duradouros e ganhos de longo prazo.<span><img decoding=\"async\" alt=\"\" data-id=\"5667\" width=\"1359\" data-init-width=\"6100\" height=\"530\" data-init-height=\"2379\" title=\"M1HistoryPr2024v5\" loading=\"lazy\" src=\"https:\/\/m1specialty.com\/wp-content\/uploads\/2024\/10\/M1HistoryPr2024v5.png\" data-width=\"1359\" data-height=\"530\" style=\"aspect-ratio: auto 6100 \/ 2379;\"><\/span>Miss\u00e3oNa M1 Specialty, oferecemos uma gama de solu\u00e7\u00f5es financeiras parafacilitar investidores internacionais planejarem as diferentes fases de suas vidas,alcan\u00e7ando seguran\u00e7a financeira e tranquilidade.Na M1 Specialty, oferecemos uma gama de solu\u00e7\u00f5es financeiras para facilitar investidores internacionais planejarem as diferentes fases de suas vidas, alcan\u00e7ando seguran\u00e7a financeira e tranquilidade.Nosso compromisso com o valor, servi\u00e7o e suporte garante que nossosclientes possam planejar o futuro com confian\u00e7a eaproveitar a vida ao m\u00e1ximo.Nosso compromisso com o valor, servi\u00e7o e suporte garante que nossos clientes possam planejar o futuro com confian\u00e7a e aproveitar a vida ao m\u00e1ximo.Valores<\/p>\n<p style=\"text-align: center;\">Na M1 Specialty, nossa for\u00e7a e estabilidade est\u00e3o enraizadas em uma vis\u00e3o clara e um compromisso firme com nossos clientes e parceiros.<\/p>\n<p>IntegridadeCumprimento dos nossos e tomadas das decis\u00f5es certas para nossos clientes, parceiros e equipe. Opera\u00e7\u00e3o de forma aberta e honesta para a cria\u00e7\u00e3o de uma cultura de confian\u00e7a e respeito.Cumprimento dos nossos e tomadas das decis\u00f5es certas para nossos clientes, parceiros e equipe. Opera\u00e7\u00e3o de forma aberta e honesta para a cria\u00e7\u00e3o de uma cultura de confian\u00e7a e respeito.Colabora\u00e7\u00e3oTrabalho conjunto para elevar as solu\u00e7\u00f5es e servi\u00e7os que oferecemos. Foco no sucesso e no crescimento m\u00fatuos com base na compreens\u00e3o e coopera\u00e7\u00e3o compartilhadas.Trabalho conjunto para elevar as solu\u00e7\u00f5es e servi\u00e7os que oferecemos. Foco no sucesso e no crescimento m\u00fatuos com base na compreens\u00e3o e coopera\u00e7\u00e3o compartilhadas.SimplicidadeDesenvolvimiento de solu\u00e7\u00f5es intuitivas que s\u00e3o f\u00e1ceis de entender e manter. Remo\u00e7\u00e3o das complexidades e barreiras dos investimentos internacionais.Desenvolvimiento de solu\u00e7\u00f5es intuitivas que s\u00e3o f\u00e1ceis de entender e manter. Remo\u00e7\u00e3o das complexidades e barreiras dos investimentos internacionais.Inova\u00e7\u00e3oBusca de melhores e mais eficientes maneiras de fazer as coisas. Compromisso com o nosso crescimiento e destaque em novas \u00e1reas de valor agregado e realiza\u00e7\u00e3o.Busca de melhores e mais eficientes maneiras de fazer as coisas. Compromisso com o nosso crescimiento e destaque em novas \u00e1reas de valor agregado e realiza\u00e7\u00e3o.<\/p>\n","protected":false},"excerpt":{"rendered":"<p>A Hist\u00f3ria da M1 SpecialtyA M1 Specialty foi criada com o objetivo de oferecer acesso global a ferramentas e solu\u00e7\u00f5es financeiras de renome.Oferecemos um conjunto \u00fanico de benef\u00edcios e oportunidades, com foco em relacionamentos duradouros e ganhos de longo prazo.Miss\u00e3oNa M1 Specialty, oferecemos uma gama de solu\u00e7\u00f5es financeiras parafacilitar investidores internacionais planejarem as diferentes fases [&hellip;]<\/p>\n","protected":false},"author":8,"featured_media":0,"parent":0,"menu_order":0,"comment_status":"closed","ping_status":"closed","template":"","meta":{"inline_featured_image":false,"footnotes":""},"class_list":["post-4828","page","type-page","status-publish","hentry","post-wrapper","thrv_wrapper"],"yoast_head":"<!-- This site is optimized with the Yoast SEO Premium plugin v20.3 (Yoast SEO v20.3) - https:\/\/yoast.com\/wordpress\/plugins\/seo\/ -->\n<title>Quem somos<\/title>\n<meta name=\"description\" content=\"Conhe\u00e7a o compromisso inabal\u00e1vel da M1 Specialty com a integridade, a colabora\u00e7\u00e3o, a simplicidade e a inova\u00e7\u00e3o. Somos seu parceiro de confian\u00e7a em finan\u00e7as globais, dedicados a fornecer solu\u00e7\u00f5es abrangentes para investidores internacionais em todas as fases da vida.\" \/>\n<meta name=\"robots\" content=\"index, follow, max-snippet:-1, max-image-preview:large, max-video-preview:-1\" \/>\n<link rel=\"canonical\" href=\"https:\/\/m1specialty.com\/pt-br\/who-we-are-m1\/\" \/>\n<meta property=\"og:locale\" content=\"pt_BR\" \/>\n<meta property=\"og:type\" content=\"article\" \/>\n<meta property=\"og:title\" content=\"Who We Are\" \/>\n<meta property=\"og:description\" content=\"Conhe\u00e7a o compromisso inabal\u00e1vel da M1 Specialty com a integridade, a colabora\u00e7\u00e3o, a simplicidade e a inova\u00e7\u00e3o. Somos seu parceiro de confian\u00e7a em finan\u00e7as globais, dedicados a fornecer solu\u00e7\u00f5es abrangentes para investidores internacionais em todas as fases da vida.\" \/>\n<meta property=\"og:url\" content=\"https:\/\/m1specialty.com\/pt-br\/who-we-are-m1\/\" \/>\n<meta property=\"og:site_name\" content=\"M1 Specialty\" \/>\n<meta property=\"article:publisher\" content=\"https:\/\/www.facebook.com\/M1Specialty\/\" \/>\n<meta property=\"article:modified_time\" content=\"2024-10-25T18:41:11+00:00\" \/>\n<meta property=\"og:image\" content=\"https:\/\/m1specialty.com\/wp-content\/uploads\/2024\/10\/M1HistoryPr2024v5.png\" \/>\n<meta name=\"twitter:card\" content=\"summary_large_image\" \/>\n<meta name=\"twitter:site\" content=\"@m1specialty\" \/>\n<meta name=\"twitter:label1\" content=\"Est. tempo de leitura\" \/>\n\t<meta name=\"twitter:data1\" content=\"2 minutos\" \/>\n<script type=\"application\/ld+json\" class=\"yoast-schema-graph\">{\"@context\":\"https:\/\/schema.org\",\"@graph\":[{\"@type\":\"WebPage\",\"@id\":\"https:\/\/m1specialty.com\/pt-br\/who-we-are-m1\/\",\"url\":\"https:\/\/m1specialty.com\/pt-br\/who-we-are-m1\/\",\"name\":\"Quem somos\",\"isPartOf\":{\"@id\":\"https:\/\/m1specialty.com\/pt-br\/#website\"},\"datePublished\":\"2024-04-15T22:28:20+00:00\",\"dateModified\":\"2024-10-25T18:41:11+00:00\",\"description\":\"Conhe\u00e7a o compromisso inabal\u00e1vel da M1 Specialty com a integridade, a colabora\u00e7\u00e3o, a simplicidade e a inova\u00e7\u00e3o. Somos seu parceiro de confian\u00e7a em finan\u00e7as globais, dedicados a fornecer solu\u00e7\u00f5es abrangentes para investidores internacionais em todas as fases da vida.\",\"breadcrumb\":{\"@id\":\"https:\/\/m1specialty.com\/pt-br\/who-we-are-m1\/#breadcrumb\"},\"inLanguage\":\"pt-BR\",\"potentialAction\":[{\"@type\":\"ReadAction\",\"target\":[\"https:\/\/m1specialty.com\/pt-br\/who-we-are-m1\/\"]}]},{\"@type\":\"BreadcrumbList\",\"@id\":\"https:\/\/m1specialty.com\/pt-br\/who-we-are-m1\/#breadcrumb\",\"itemListElement\":[{\"@type\":\"ListItem\",\"position\":1,\"name\":\"Home\",\"item\":\"https:\/\/m1specialty.com\/pt-br\/\"},{\"@type\":\"ListItem\",\"position\":2,\"name\":\"Who We Are\"}]},{\"@type\":\"WebSite\",\"@id\":\"https:\/\/m1specialty.com\/pt-br\/#website\",\"url\":\"https:\/\/m1specialty.com\/pt-br\/\",\"name\":\"M1 Specialty\",\"description\":\"Unit-Linked Insurance Solutions, simple and effective.\",\"publisher\":{\"@id\":\"https:\/\/m1specialty.com\/pt-br\/#organization\"},\"potentialAction\":[{\"@type\":\"SearchAction\",\"target\":{\"@type\":\"EntryPoint\",\"urlTemplate\":\"https:\/\/m1specialty.com\/pt-br\/?s={search_term_string}\"},\"query-input\":\"required name=search_term_string\"}],\"inLanguage\":\"pt-BR\"},{\"@type\":\"Organization\",\"@id\":\"https:\/\/m1specialty.com\/pt-br\/#organization\",\"name\":\"M1 Specialty\",\"url\":\"https:\/\/m1specialty.com\/pt-br\/\",\"logo\":{\"@type\":\"ImageObject\",\"inLanguage\":\"pt-BR\",\"@id\":\"https:\/\/m1specialty.com\/pt-br\/#\/schema\/logo\/image\/\",\"url\":\"https:\/\/m1specialty.com\/wp-content\/uploads\/2023\/03\/logo-yoast-m1.png\",\"contentUrl\":\"https:\/\/m1specialty.com\/wp-content\/uploads\/2023\/03\/logo-yoast-m1.png\",\"width\":696,\"height\":696,\"caption\":\"M1 Specialty\"},\"image\":{\"@id\":\"https:\/\/m1specialty.com\/pt-br\/#\/schema\/logo\/image\/\"},\"sameAs\":[\"https:\/\/www.facebook.com\/M1Specialty\/\",\"https:\/\/twitter.com\/m1specialty\",\"https:\/\/www.linkedin.com\/company\/m1specialty\/\",\"https:\/\/www.instagram.com\/m1specialty\/\"]}]}<\/script>\n<!-- \/ Yoast SEO Premium plugin. -->","yoast_head_json":{"title":"Quem somos","description":"Conhe\u00e7a o compromisso inabal\u00e1vel da M1 Specialty com a integridade, a colabora\u00e7\u00e3o, a simplicidade e a inova\u00e7\u00e3o. Somos seu parceiro de confian\u00e7a em finan\u00e7as globais, dedicados a fornecer solu\u00e7\u00f5es abrangentes para investidores internacionais em todas as fases da vida.","robots":{"index":"index","follow":"follow","max-snippet":"max-snippet:-1","max-image-preview":"max-image-preview:large","max-video-preview":"max-video-preview:-1"},"canonical":"https:\/\/m1specialty.com\/pt-br\/who-we-are-m1\/","og_locale":"pt_BR","og_type":"article","og_title":"Who We Are","og_description":"Conhe\u00e7a o compromisso inabal\u00e1vel da M1 Specialty com a integridade, a colabora\u00e7\u00e3o, a simplicidade e a inova\u00e7\u00e3o. Somos seu parceiro de confian\u00e7a em finan\u00e7as globais, dedicados a fornecer solu\u00e7\u00f5es abrangentes para investidores internacionais em todas as fases da vida.","og_url":"https:\/\/m1specialty.com\/pt-br\/who-we-are-m1\/","og_site_name":"M1 Specialty","article_publisher":"https:\/\/www.facebook.com\/M1Specialty\/","article_modified_time":"2024-10-25T18:41:11+00:00","og_image":[{"url":"https:\/\/m1specialty.com\/wp-content\/uploads\/2024\/10\/M1HistoryPr2024v5.png"}],"twitter_card":"summary_large_image","twitter_site":"@m1specialty","twitter_misc":{"Est. tempo de leitura":"2 minutos"},"schema":{"@context":"https:\/\/schema.org","@graph":[{"@type":"WebPage","@id":"https:\/\/m1specialty.com\/pt-br\/who-we-are-m1\/","url":"https:\/\/m1specialty.com\/pt-br\/who-we-are-m1\/","name":"Quem somos","isPartOf":{"@id":"https:\/\/m1specialty.com\/pt-br\/#website"},"datePublished":"2024-04-15T22:28:20+00:00","dateModified":"2024-10-25T18:41:11+00:00","description":"Conhe\u00e7a o compromisso inabal\u00e1vel da M1 Specialty com a integridade, a colabora\u00e7\u00e3o, a simplicidade e a inova\u00e7\u00e3o. Somos seu parceiro de confian\u00e7a em finan\u00e7as globais, dedicados a fornecer solu\u00e7\u00f5es abrangentes para investidores internacionais em todas as fases da vida.","breadcrumb":{"@id":"https:\/\/m1specialty.com\/pt-br\/who-we-are-m1\/#breadcrumb"},"inLanguage":"pt-BR","potentialAction":[{"@type":"ReadAction","target":["https:\/\/m1specialty.com\/pt-br\/who-we-are-m1\/"]}]},{"@type":"BreadcrumbList","@id":"https:\/\/m1specialty.com\/pt-br\/who-we-are-m1\/#breadcrumb","itemListElement":[{"@type":"ListItem","position":1,"name":"Home","item":"https:\/\/m1specialty.com\/pt-br\/"},{"@type":"ListItem","position":2,"name":"Who We Are"}]},{"@type":"WebSite","@id":"https:\/\/m1specialty.com\/pt-br\/#website","url":"https:\/\/m1specialty.com\/pt-br\/","name":"M1 Specialty","description":"Unit-Linked Insurance Solutions, simple and effective.","publisher":{"@id":"https:\/\/m1specialty.com\/pt-br\/#organization"},"potentialAction":[{"@type":"SearchAction","target":{"@type":"EntryPoint","urlTemplate":"https:\/\/m1specialty.com\/pt-br\/?s={search_term_string}"},"query-input":"required name=search_term_string"}],"inLanguage":"pt-BR"},{"@type":"Organization","@id":"https:\/\/m1specialty.com\/pt-br\/#organization","name":"M1 Specialty","url":"https:\/\/m1specialty.com\/pt-br\/","logo":{"@type":"ImageObject","inLanguage":"pt-BR","@id":"https:\/\/m1specialty.com\/pt-br\/#\/schema\/logo\/image\/","url":"https:\/\/m1specialty.com\/wp-content\/uploads\/2023\/03\/logo-yoast-m1.png","contentUrl":"https:\/\/m1specialty.com\/wp-content\/uploads\/2023\/03\/logo-yoast-m1.png","width":696,"height":696,"caption":"M1 Specialty"},"image":{"@id":"https:\/\/m1specialty.com\/pt-br\/#\/schema\/logo\/image\/"},"sameAs":["https:\/\/www.facebook.com\/M1Specialty\/","https:\/\/twitter.com\/m1specialty","https:\/\/www.linkedin.com\/company\/m1specialty\/","https:\/\/www.instagram.com\/m1specialty\/"]}]}},"_links":{"self":[{"href":"https:\/\/m1specialty.com\/pt-br\/wp-json\/wp\/v2\/pages\/4828","targetHints":{"allow":["GET"]}}],"collection":[{"href":"https:\/\/m1specialty.com\/pt-br\/wp-json\/wp\/v2\/pages"}],"about":[{"href":"https:\/\/m1specialty.com\/pt-br\/wp-json\/wp\/v2\/types\/page"}],"author":[{"embeddable":true,"href":"https:\/\/m1specialty.com\/pt-br\/wp-json\/wp\/v2\/users\/8"}],"replies":[{"embeddable":true,"href":"https:\/\/m1specialty.com\/pt-br\/wp-json\/wp\/v2\/comments?post=4828"}],"version-history":[{"count":10,"href":"https:\/\/m1specialty.com\/pt-br\/wp-json\/wp\/v2\/pages\/4828\/revisions"}],"predecessor-version":[{"id":5683,"href":"https:\/\/m1specialty.com\/pt-br\/wp-json\/wp\/v2\/pages\/4828\/revisions\/5683"}],"wp:attachment":[{"href":"https:\/\/m1specialty.com\/pt-br\/wp-json\/wp\/v2\/media?parent=4828"}],"curies":[{"name":"wp","href":"https:\/\/api.w.org\/{rel}","templated":true}]}}