{"id":4824,"date":"2024-04-10T12:24:10","date_gmt":"2024-04-10T16:24:10","guid":{"rendered":"https:\/\/m1specialty.com\/flexible-draftthrive\/"},"modified":"2024-06-20T11:51:00","modified_gmt":"2024-06-20T15:51:00","slug":"flexible-new","status":"publish","type":"page","link":"https:\/\/m1specialty.com\/pt-br\/flexible-new\/","title":{"rendered":"Flexible"},"content":{"rendered":"<p><span data-contrast=\"none\" data-usefontface=\"true\" lang=\"EN-US\"><\/span><span data-contrast=\"none\" data-usefontface=\"true\" lang=\"EN-US\">Planos de investimento internacionais criados para ajud\u00e1-lo a atingir seus objetivos<\/span><span><img decoding=\"async\" alt=\"\" data-id=\"4489\" width=\"747\" data-init-width=\"2560\" height=\"498\" data-init-height=\"1707\" title=\"mercado\" loading=\"lazy\" src=\"https:\/\/m1specialty.com\/wp-content\/uploads\/2024\/04\/mercado-scaled.jpg\" data-width=\"747\" data-height=\"498\" style=\"aspect-ratio: auto 2560 \/ 1707;\"><\/span>Com nossos clientes sempre em mente, nossos planos vinculados a unidades de participa\u00e7\u00e3o s\u00e3o projetados para proporcionar oportunidades de crescimento financeiro personalizado para atender seus objetivos financeiros.O que a Prote\u00e7\u00e3o Flex\u00edvel significa para voc\u00ea?Nossos planos flex\u00edveis foram projetados para proporcionar mais liberdade e controle quanto ao plano, atrav\u00e9s de uma s\u00e9rie de benef\u00edcios que permitem acesso para que o cliente possa realizar aloca\u00e7\u00f5es de unidades de participa\u00e7\u00e3o e altera\u00e7\u00f5es no plano de acordo com suas necessidades. Esses planos t\u00eam uma estrutura flex\u00edvel com menos restri\u00e7\u00f5es, oferecendo maior potencial de crescimento.No entanto, esses planos envolvem monitoramento ativo e conhecimento do mercado, para maximizar seus benef\u00edcios. Esses planos oferecem a possibilidade de estruturar uma carteira personalizada vinculada a unidades de participa\u00e7\u00e3o que sejam do seu interesse.<span><img decoding=\"async\" alt=\"Flexible plans\" data-id=\"921\" width=\"511\" data-init-width=\"512\" height=\"511\" data-init-height=\"512\" title=\"plan flexible\" loading=\"lazy\" src=\"https:\/\/m1specialty.com\/wp-content\/uploads\/2022\/11\/plan-flexible.png\" data-width=\"511\" data-height=\"511\" style=\"aspect-ratio: auto 512 \/ 512;\"><\/span><span data-contrast=\"none\" data-scheme-color=\"@000000,,\" data-usefontface=\"true\" lang=\"EN-US\">Acesso aos principais gestores de ativos do mundo por meio de nossos benchmarks de desempenho<\/span><\/p>\n<p style=\"text-align: justify;\">Com os nossos planos Flex\u00edveis, al\u00e9m da possibilidade de poderem criar suas pr\u00f3prias aloca\u00e7\u00f5es de unidades de participa\u00e7\u00e3o, os clientes tamb\u00e9m se beneficiam dos gestores de ativos conhecidos por sua experi\u00eancia e resultados comprovados. Com uma sofisticada capacidade de pesquisa e an\u00e1lise, al\u00e9m de um hist\u00f3rico comprovado, eles proporcionam aos nossos participantes acesso aos dados de desempenho de investimentos de alguns dos melhores gestores de ativos do mundo.<\/p>\n<p><span><img decoding=\"async\" alt=\"\" data-id=\"4545\" width=\"0\" data-init-width=\"2560\" height=\"0\" data-init-height=\"1706\" title=\"Stock Exchange Trading Charts Close-up\" loading=\"lazy\" src=\"https:\/\/m1specialty.com\/wp-content\/uploads\/2024\/04\/Stock-Chart-scaled.jpg\" data-width=\"0\" data-height=\"0\" style=\"aspect-ratio: auto 2560 \/ 1706;\"><\/span><\/p>\n<ul>\n<li style=\"\"><span style=\"\">BlackRock<\/span><\/li>\n<li style=\"\"><span style=\"\">Vanguard<\/span><\/li>\n<li style=\"\"><span style=\"\">State Street Global Advisors<\/span><\/li>\n<li style=\"\"><span style=\"\">Invesco<\/span><\/li>\n<li style=\"\"><span style=\"\">Alliance Bernstein<\/span><\/li>\n<li><span>MFS Meridian<\/span><\/li>\n<li><span>Franklin Templeton<\/span><\/li>\n<li><span>Alliance Bernstein<\/span><\/li>\n<\/ul>\n<p>Solu\u00e7\u00f5es projetadas para atender a todas as necessidades<\/p>\n<p style=\"text-align: center;\">Nossos planos oferecem uma gama \u00fanica de benef\u00edcios para ajud\u00e1-lo a reduzir suas preocupa\u00e7\u00f5es financeiras e projetar um futuro que inclua voc\u00ea, sua fam\u00edlia e seus entes queridos.<\/p>\n<p><span><img decoding=\"async\" alt=\"\" data-id=\"4555\" width=\"0\" data-init-width=\"2560\" height=\"0\" data-init-height=\"1707\" title=\"Summer holidays! It's here!\" loading=\"lazy\" src=\"https:\/\/m1specialty.com\/wp-content\/uploads\/2024\/04\/iStock-475552974-scaled.jpg\" data-width=\"0\" data-height=\"0\" style=\"aspect-ratio: auto 2560 \/ 1707;\"><\/span>MaxCap SeriesContribu\u00e7\u00e3o de Montante \u00fanico<\/p>\n<p style=\"\">M\u00e1xima Flexibilidade e Controle<\/p>\n<p style=\"\">Um plano de montante \u00fanico flex\u00edvel que permite que os clientes criem sua pr\u00f3pria carteira de aloca\u00e7\u00e3o a partir de uma ampla gama de benchmarks de desempenho.<\/p>\n<p>Principais detalhes<\/p>\n<ul>\n<li><span>Dispon\u00edvel em 3 moedas, USD, EUR e GBP<\/span><\/li>\n<li><span style=\"\">Planos com op\u00e7\u00f5es de vencimento de 5 ou 10 anos<\/span><\/li>\n<li><span style=\"\">Sele\u00e7\u00e3o at\u00e9 10 (dez) fundos<\/span><\/li>\n<li><span style=\"\">Acesse seus fundos por meio de resgates parciais a qualquer momento<\/span><\/li>\n<li><span>At\u00e9 12 trocas de fundos por ano sem custo<\/span><\/li>\n<\/ul>\n<p>Prime SeriesPoupan\u00e7a Regular<\/p>\n<p style=\"\">Liberdade e Op\u00e7\u00f5es<\/p>\n<p>Um programa de poupan\u00e7a regular que oferece potencial de crescimento e permite o ajuste das aloca\u00e7\u00f5es de unidades de participa\u00e7\u00e3o de acordo com as necessidades de mudan\u00e7as da vida.<\/p>\n<p>Principais detalhes<\/p>\n<ul>\n<li style=\"\"><span>Dispon\u00edvel em 3 moedas, USD, EUR e GBP<\/span><\/li>\n<li style=\"\"><span style=\"\">Planos com op\u00e7\u00f5es de vencimento de m\u00e9dio a longo prazo de 5, 15 ou 25 anos<\/span><\/li>\n<li style=\"\"><span style=\"\">Sele\u00e7\u00e3o de at\u00e9 5 (cinco) fundos<\/span><\/li>\n<li style=\"\"><span style=\"\">B\u00f4nus de aloca\u00e7\u00e3o extra para aumentar sua poupan\u00e7a<\/span><\/li>\n<li style=\"\"><span>At\u00e9 12 trocas de fundos por ano sem custo<\/span><\/li>\n<\/ul>\n<p><span><img decoding=\"async\" alt=\"\" data-id=\"4691\" width=\"0\" data-init-width=\"2560\" height=\"0\" data-init-height=\"1707\" title=\"Family travel Europe. Bled Lake, Slovenia.\" loading=\"lazy\" src=\"https:\/\/m1specialty.com\/wp-content\/uploads\/2024\/05\/prime-series-regular-saving-scaled.jpg\" data-width=\"0\" data-height=\"0\" style=\"aspect-ratio: auto 2560 \/ 1707;\"><\/span><\/p>\n","protected":false},"excerpt":{"rendered":"<p>Planos de investimento internacionais criados para ajud\u00e1-lo a atingir seus objetivosCom nossos clientes sempre em mente, nossos planos vinculados a unidades de participa\u00e7\u00e3o s\u00e3o projetados para proporcionar oportunidades de crescimento financeiro personalizado para atender seus objetivos financeiros.O que a Prote\u00e7\u00e3o Flex\u00edvel significa para voc\u00ea?Nossos planos flex\u00edveis foram projetados para proporcionar mais liberdade e controle quanto [&hellip;]<\/p>\n","protected":false},"author":8,"featured_media":0,"parent":0,"menu_order":0,"comment_status":"closed","ping_status":"closed","template":"","meta":{"inline_featured_image":false,"footnotes":""},"class_list":["post-4824","page","type-page","status-publish","hentry","post-wrapper","thrv_wrapper"],"yoast_head":"<!-- This site is optimized with the Yoast SEO Premium plugin v20.3 (Yoast SEO v20.3) - https:\/\/yoast.com\/wordpress\/plugins\/seo\/ -->\n<title>Flex\u00edvel<\/title>\n<meta name=\"description\" content=\"Nossos planos flex\u00edveis oferecem uma estrutura e benef\u00edcios flex\u00edveis para maior controle e crescimento do seu plano.\" \/>\n<meta name=\"robots\" content=\"index, follow, max-snippet:-1, max-image-preview:large, max-video-preview:-1\" \/>\n<link rel=\"canonical\" href=\"https:\/\/m1specialty.com\/pt-br\/flexible-new\/\" \/>\n<meta property=\"og:locale\" content=\"pt_BR\" \/>\n<meta property=\"og:type\" content=\"article\" \/>\n<meta property=\"og:title\" content=\"Flexible\" \/>\n<meta property=\"og:description\" content=\"Nossos planos flex\u00edveis oferecem uma estrutura e benef\u00edcios flex\u00edveis para maior controle e crescimento do seu plano.\" \/>\n<meta property=\"og:url\" content=\"https:\/\/m1specialty.com\/pt-br\/flexible-new\/\" \/>\n<meta property=\"og:site_name\" content=\"M1 Specialty\" \/>\n<meta property=\"article:publisher\" content=\"https:\/\/www.facebook.com\/M1Specialty\/\" \/>\n<meta property=\"article:modified_time\" content=\"2024-06-20T15:51:00+00:00\" \/>\n<meta property=\"og:image\" content=\"https:\/\/m1specialty.com\/wp-content\/uploads\/2024\/04\/mercado-scaled.jpg\" \/>\n<meta name=\"twitter:card\" content=\"summary_large_image\" \/>\n<meta name=\"twitter:site\" content=\"@m1specialty\" \/>\n<meta name=\"twitter:label1\" content=\"Est. tempo de leitura\" \/>\n\t<meta name=\"twitter:data1\" content=\"3 minutos\" \/>\n<script type=\"application\/ld+json\" class=\"yoast-schema-graph\">{\"@context\":\"https:\/\/schema.org\",\"@graph\":[{\"@type\":\"WebPage\",\"@id\":\"https:\/\/m1specialty.com\/pt-br\/flexible-new\/\",\"url\":\"https:\/\/m1specialty.com\/pt-br\/flexible-new\/\",\"name\":\"Flex\u00edvel\",\"isPartOf\":{\"@id\":\"https:\/\/m1specialty.com\/pt-br\/#website\"},\"datePublished\":\"2024-04-10T16:24:10+00:00\",\"dateModified\":\"2024-06-20T15:51:00+00:00\",\"description\":\"Nossos planos flex\u00edveis oferecem uma estrutura e benef\u00edcios flex\u00edveis para maior controle e crescimento do seu plano.\",\"breadcrumb\":{\"@id\":\"https:\/\/m1specialty.com\/pt-br\/flexible-new\/#breadcrumb\"},\"inLanguage\":\"pt-BR\",\"potentialAction\":[{\"@type\":\"ReadAction\",\"target\":[\"https:\/\/m1specialty.com\/pt-br\/flexible-new\/\"]}]},{\"@type\":\"BreadcrumbList\",\"@id\":\"https:\/\/m1specialty.com\/pt-br\/flexible-new\/#breadcrumb\",\"itemListElement\":[{\"@type\":\"ListItem\",\"position\":1,\"name\":\"Home\",\"item\":\"https:\/\/m1specialty.com\/pt-br\/\"},{\"@type\":\"ListItem\",\"position\":2,\"name\":\"Flexible\"}]},{\"@type\":\"WebSite\",\"@id\":\"https:\/\/m1specialty.com\/pt-br\/#website\",\"url\":\"https:\/\/m1specialty.com\/pt-br\/\",\"name\":\"M1 Specialty\",\"description\":\"Unit-Linked Insurance Solutions, simple and effective.\",\"publisher\":{\"@id\":\"https:\/\/m1specialty.com\/pt-br\/#organization\"},\"potentialAction\":[{\"@type\":\"SearchAction\",\"target\":{\"@type\":\"EntryPoint\",\"urlTemplate\":\"https:\/\/m1specialty.com\/pt-br\/?s={search_term_string}\"},\"query-input\":\"required name=search_term_string\"}],\"inLanguage\":\"pt-BR\"},{\"@type\":\"Organization\",\"@id\":\"https:\/\/m1specialty.com\/pt-br\/#organization\",\"name\":\"M1 Specialty\",\"url\":\"https:\/\/m1specialty.com\/pt-br\/\",\"logo\":{\"@type\":\"ImageObject\",\"inLanguage\":\"pt-BR\",\"@id\":\"https:\/\/m1specialty.com\/pt-br\/#\/schema\/logo\/image\/\",\"url\":\"https:\/\/m1specialty.com\/wp-content\/uploads\/2023\/03\/logo-yoast-m1.png\",\"contentUrl\":\"https:\/\/m1specialty.com\/wp-content\/uploads\/2023\/03\/logo-yoast-m1.png\",\"width\":696,\"height\":696,\"caption\":\"M1 Specialty\"},\"image\":{\"@id\":\"https:\/\/m1specialty.com\/pt-br\/#\/schema\/logo\/image\/\"},\"sameAs\":[\"https:\/\/www.facebook.com\/M1Specialty\/\",\"https:\/\/twitter.com\/m1specialty\",\"https:\/\/www.linkedin.com\/company\/m1specialty\/\",\"https:\/\/www.instagram.com\/m1specialty\/\"]}]}<\/script>\n<!-- \/ Yoast SEO Premium plugin. -->","yoast_head_json":{"title":"Flex\u00edvel","description":"Nossos planos flex\u00edveis oferecem uma estrutura e benef\u00edcios flex\u00edveis para maior controle e crescimento do seu plano.","robots":{"index":"index","follow":"follow","max-snippet":"max-snippet:-1","max-image-preview":"max-image-preview:large","max-video-preview":"max-video-preview:-1"},"canonical":"https:\/\/m1specialty.com\/pt-br\/flexible-new\/","og_locale":"pt_BR","og_type":"article","og_title":"Flexible","og_description":"Nossos planos flex\u00edveis oferecem uma estrutura e benef\u00edcios flex\u00edveis para maior controle e crescimento do seu plano.","og_url":"https:\/\/m1specialty.com\/pt-br\/flexible-new\/","og_site_name":"M1 Specialty","article_publisher":"https:\/\/www.facebook.com\/M1Specialty\/","article_modified_time":"2024-06-20T15:51:00+00:00","og_image":[{"url":"https:\/\/m1specialty.com\/wp-content\/uploads\/2024\/04\/mercado-scaled.jpg"}],"twitter_card":"summary_large_image","twitter_site":"@m1specialty","twitter_misc":{"Est. tempo de leitura":"3 minutos"},"schema":{"@context":"https:\/\/schema.org","@graph":[{"@type":"WebPage","@id":"https:\/\/m1specialty.com\/pt-br\/flexible-new\/","url":"https:\/\/m1specialty.com\/pt-br\/flexible-new\/","name":"Flex\u00edvel","isPartOf":{"@id":"https:\/\/m1specialty.com\/pt-br\/#website"},"datePublished":"2024-04-10T16:24:10+00:00","dateModified":"2024-06-20T15:51:00+00:00","description":"Nossos planos flex\u00edveis oferecem uma estrutura e benef\u00edcios flex\u00edveis para maior controle e crescimento do seu plano.","breadcrumb":{"@id":"https:\/\/m1specialty.com\/pt-br\/flexible-new\/#breadcrumb"},"inLanguage":"pt-BR","potentialAction":[{"@type":"ReadAction","target":["https:\/\/m1specialty.com\/pt-br\/flexible-new\/"]}]},{"@type":"BreadcrumbList","@id":"https:\/\/m1specialty.com\/pt-br\/flexible-new\/#breadcrumb","itemListElement":[{"@type":"ListItem","position":1,"name":"Home","item":"https:\/\/m1specialty.com\/pt-br\/"},{"@type":"ListItem","position":2,"name":"Flexible"}]},{"@type":"WebSite","@id":"https:\/\/m1specialty.com\/pt-br\/#website","url":"https:\/\/m1specialty.com\/pt-br\/","name":"M1 Specialty","description":"Unit-Linked Insurance Solutions, simple and effective.","publisher":{"@id":"https:\/\/m1specialty.com\/pt-br\/#organization"},"potentialAction":[{"@type":"SearchAction","target":{"@type":"EntryPoint","urlTemplate":"https:\/\/m1specialty.com\/pt-br\/?s={search_term_string}"},"query-input":"required name=search_term_string"}],"inLanguage":"pt-BR"},{"@type":"Organization","@id":"https:\/\/m1specialty.com\/pt-br\/#organization","name":"M1 Specialty","url":"https:\/\/m1specialty.com\/pt-br\/","logo":{"@type":"ImageObject","inLanguage":"pt-BR","@id":"https:\/\/m1specialty.com\/pt-br\/#\/schema\/logo\/image\/","url":"https:\/\/m1specialty.com\/wp-content\/uploads\/2023\/03\/logo-yoast-m1.png","contentUrl":"https:\/\/m1specialty.com\/wp-content\/uploads\/2023\/03\/logo-yoast-m1.png","width":696,"height":696,"caption":"M1 Specialty"},"image":{"@id":"https:\/\/m1specialty.com\/pt-br\/#\/schema\/logo\/image\/"},"sameAs":["https:\/\/www.facebook.com\/M1Specialty\/","https:\/\/twitter.com\/m1specialty","https:\/\/www.linkedin.com\/company\/m1specialty\/","https:\/\/www.instagram.com\/m1specialty\/"]}]}},"_links":{"self":[{"href":"https:\/\/m1specialty.com\/pt-br\/wp-json\/wp\/v2\/pages\/4824","targetHints":{"allow":["GET"]}}],"collection":[{"href":"https:\/\/m1specialty.com\/pt-br\/wp-json\/wp\/v2\/pages"}],"about":[{"href":"https:\/\/m1specialty.com\/pt-br\/wp-json\/wp\/v2\/types\/page"}],"author":[{"embeddable":true,"href":"https:\/\/m1specialty.com\/pt-br\/wp-json\/wp\/v2\/users\/8"}],"replies":[{"embeddable":true,"href":"https:\/\/m1specialty.com\/pt-br\/wp-json\/wp\/v2\/comments?post=4824"}],"version-history":[{"count":15,"href":"https:\/\/m1specialty.com\/pt-br\/wp-json\/wp\/v2\/pages\/4824\/revisions"}],"predecessor-version":[{"id":5438,"href":"https:\/\/m1specialty.com\/pt-br\/wp-json\/wp\/v2\/pages\/4824\/revisions\/5438"}],"wp:attachment":[{"href":"https:\/\/m1specialty.com\/pt-br\/wp-json\/wp\/v2\/media?parent=4824"}],"curies":[{"name":"wp","href":"https:\/\/api.w.org\/{rel}","templated":true}]}}