{"id":4822,"date":"2024-04-10T12:25:14","date_gmt":"2024-04-10T16:25:14","guid":{"rendered":"https:\/\/m1specialty.com\/principal-protection-draftthrive\/"},"modified":"2025-02-07T10:48:35","modified_gmt":"2025-02-07T14:48:35","slug":"principal-protection-new","status":"publish","type":"page","link":"https:\/\/m1specialty.com\/pt-br\/principal-protection-new\/","title":{"rendered":"Principal Protection"},"content":{"rendered":"<p>Planos de investimento internacionais criados para ajud\u00e1-lo a atingir seus objetivos<span><img decoding=\"async\" alt=\"\" data-id=\"4489\" width=\"747\" data-init-width=\"2560\" height=\"498\" data-init-height=\"1707\" title=\"mercado\" loading=\"lazy\" src=\"https:\/\/m1specialty.com\/wp-content\/uploads\/2024\/04\/mercado-scaled.jpg\" data-width=\"747\" data-height=\"498\" style=\"aspect-ratio: auto 2560 \/ 1707;\"><\/span>Com nossos clientes sempre em mente, nossos planos vinculados a unidades de participa\u00e7\u00e3o s\u00e3o projetados para proporcionar oportunidades de crescimento financeiro personalizado para atender seus objetivos financeiros.O que a Prote\u00e7\u00e3o ao Principal significa para voc\u00ea?<\/p>\n<p style=\"text-align: justify;\">Nossos planos de Prote\u00e7\u00e3o ao Principal adaptam-se ao perfil e horizonte de tempo dos nossos clientes, permitindo que eles alcancem uma maior diversifica\u00e7\u00e3o da sua carteira pessoal vinculada a unidades de participa\u00e7\u00e3o, por meio do acesso aos \u00edndices de mercados de a\u00e7\u00f5es mais renomados do mundo, como benchmarks de desempenho. Nossos planos oferecem uma oportunidade \u00fanica para potenciais retornos nos mercados de a\u00e7\u00f5es com um recurso de prote\u00e7\u00e3o principal no vencimento do plano.<\/p>\n<p style=\"text-align: justify;\">Com base no prazo do plano escolhido e no capital investido, sua poupan\u00e7a pode resistir aos mercados vol\u00e1teis, sendo protegida das condi\u00e7\u00f5es de mercado desfavor\u00e1veis, permitindo que voc\u00ea possa alcan\u00e7ar seu objetivo de independ\u00eancia financeira.<\/p>\n<p><span style=\"\"><img decoding=\"async\" alt=\"Protection Plans\" data-id=\"529\" width=\"511\" data-init-width=\"512\" height=\"511\" data-init-height=\"512\" title=\"Protection Plans\" loading=\"lazy\" src=\"https:\/\/m1specialty.com\/wp-content\/uploads\/2022\/11\/Trust1.webp\" data-width=\"511\" data-height=\"511\" style=\"aspect-ratio: auto 512 \/ 512;\" mt-d=\"0\" ml-d=\"0\"><\/span>Acesso a \u00edndices de mercado de a\u00e7\u00f5es internacionalmente reconhecidos como benchmarks de desempenho<\/p>\n<p style=\"text-align: justify;\">Nossos planos de Prote\u00e7\u00e3o ao Principal adaptam-se ao perfil e horizonte de tempo dos nossos clientes, permitindo que eles alcancem uma maior diversifica\u00e7\u00e3o da sua carteira pessoal vinculada a unidades de participa\u00e7\u00e3o, por meio do acesso aos benchmarks de desempenho dos \u00edndices de mercados de a\u00e7\u00f5es mais renomados do mundo. Nossos planos oferecem uma oportunidade de crescimento potencial com base no desempenho de at\u00e9 6 \u00edndices.<\/p>\n<p><span style=\"\"><img decoding=\"async\" alt=\"\" data-id=\"4530\" width=\"730\" data-init-width=\"2560\" height=\"490\" data-init-height=\"1717\" title=\"Financial data on a monitor,Stock market data on LED\" loading=\"lazy\" src=\"https:\/\/m1specialty.com\/wp-content\/uploads\/2024\/04\/Stock-Quotes-scaled.jpg\" data-width=\"730\" data-height=\"490\" style=\"aspect-ratio: auto 2560 \/ 1717;\" ml-d=\"0\" mt-d=\"0\"><\/span><\/p>\n<ul>\n<li style=\"\"><span style=\"\"><a href=\"https:\/\/m1specialty.com\/pt-br\/sp500-index-data\/\" target=\"_blank\" style=\"outline: none;\" rel=\"noopener\">S&amp;P 500<\/a><\/span><\/li>\n<li style=\"\"><span style=\"\"><a href=\"https:\/\/m1specialty.com\/pt-br\/msci-acwi-imi-index-data\/\" target=\"_blank\" style=\"outline: none;\" rel=\"noopener\">MSCI ACWI IMI<\/a><\/span><\/li>\n<li style=\"\"><span style=\"\"><a href=\"https:\/\/m1specialty.com\/pt-br\/euro-stoxx-index-data\/\" target=\"_blank\" style=\"outline: none;\" rel=\"noopener\"><span data-id=\"0\" data-type=\"true\" style=\"display: none; line-height: 0;\"><\/span>EURO STOXX 50<span data-id=\"0\" data-type=\"false\" style=\"display: none; line-height: 0;\"><\/span><\/a><\/span><\/li>\n<li style=\"\"><span style=\"\"><a href=\"https:\/\/m1specialty.com\/pt-br\/msci-emerging-markets-imi-index-data\/\" target=\"_blank\" style=\"outline: none;\" rel=\"noopener\">MSCI EMERGING MARKETS IMI<\/a><\/span><\/li>\n<li style=\"\"><span style=\"\"><a href=\"https:\/\/m1specialty.com\/pt-br\/msci-world-index-data\/\" target=\"_blank\" style=\"outline: none;\" rel=\"noopener\">MSCI World<\/a><\/span><\/li>\n<li style=\"\"><span style=\"\"><a href=\"https:\/\/m1specialty.com\/pt-br\/bloomberg-gatr-index-data\/\" target=\"_blank\" style=\"outline: none;\" rel=\"noopener\">Bloomberg Global Aggregate Total Return<\/a><\/span><\/li>\n<li><span style=\"\"><a href=\"https:\/\/m1specialty.com\/pt-br\/nse-nifty-50-index-data\/\" target=\"_blank\" style=\"outline: none;\" rel=\"noopener\">NSE NIFTY 50<\/a><\/span><\/li>\n<li><span style=\"\"><a href=\"https:\/\/m1specialty.com\/pt-br\/sp-asia-50-index-data\/\" target=\"_blank\" style=\"outline: none;\" rel=\"noopener\">S&amp;P ASIA 50<\/a><\/span><\/li>\n<li><span style=\"\"><a href=\"https:\/\/m1specialty.com\/pt-br\/msci-eafe-index-data\/\" target=\"_blank\" style=\"outline: none;\" rel=\"noopener\">MSCI EAFE<\/a><\/span><\/li>\n<li><span style=\"\"><a href=\"https:\/\/m1specialty.com\/pt-br\/ftse-100-index-data\/\" target=\"_blank\" style=\"outline: none;\" rel=\"noopener\"><span data-id=\"0\" data-type=\"true\" style=\"display: none; line-height: 0;\"><\/span>FTSE 100<span data-id=\"0\" data-type=\"false\" style=\"display: none; line-height: 0;\"><\/span><\/a><\/span><\/li>\n<\/ul>\n<p><span data-contrast=\"none\" data-scheme-color=\"@000000,,\" data-usefontface=\"true\" lang=\"EN-US\">Temos uma solu\u00e7\u00e3o para cada plano de vida<\/span><\/p>\n<p style=\"text-align: center;\">Nossos planos oferecem uma gama \u00fanica de benef\u00edcios para ajud\u00e1-lo a esclarecer preocupa\u00e7\u00f5es financeiras e projetar um futuro que inclua voc\u00ea, sua fam\u00edlia e seus entes queridos<\/p>\n<p><span><img decoding=\"async\" alt=\"\" data-id=\"4203\" width=\"730\" data-init-width=\"2560\" height=\"487\" data-init-height=\"1708\" title=\"Pareja en bicicleta\" loading=\"lazy\" src=\"https:\/\/m1specialty.com\/wp-content\/uploads\/2024\/04\/Pareja-en-bicicleta-scaled.jpg\" data-width=\"730\" data-height=\"487\" style=\"aspect-ratio: auto 2560 \/ 1708;\"><\/span>MaxCap Principal Protection SeriesContribui\u00e7\u00e3o de Montante \u00fanicoCrie e preserve seu legadoUma oportunidade de crescimento de mercado com risco limitadoPrincipais detalhes<\/p>\n<ul>\n<li><span style=\"\">At\u00e9 100% de Prote\u00e7\u00e3o ao Principal<\/span><\/li>\n<li><span style=\"\">Contribui\u00e7\u00e3o m\u00ednima de US $ 10.000<\/span><\/li>\n<li><span style=\"\">Planos com op\u00e7\u00f5es de vencimento de 5, 7 ou 10 anos<\/span><\/li>\n<li><span>3 op\u00e7\u00f5es de moedas: USD($), EUR(\u20ac), GBP(\u00a3)<\/span><\/li>\n<li><span>At\u00e9 6 \u00edndices de mercado podem ser selecionados para diversifica\u00e7\u00e3o<\/span><\/li>\n<\/ul>\n<p>Prime 10 Principal ProtectionPoupan\u00e7a RegularSeguran\u00e7a e Inova\u00e7\u00e3oCom um plano com um prazo de 10 anos e uma Prote\u00e7\u00e3o principal de 115% no vencimento, o Prime 10 Principal Protection \u00e9 ideal para metas de m\u00e9dio prazo, como financiamento de educa\u00e7\u00e3o ou aposentadoria antecipada.Principais detalhes<\/p>\n<ul>\n<li><span style=\"\">Plano de contribui\u00e7\u00e3o regular<\/span><\/li>\n<li><span style=\"\">115% de Prote\u00e7\u00e3o ao Principal<\/span><\/li>\n<li><span style=\"\">Prazo fixo de 10 anos<\/span><\/li>\n<\/ul>\n<p><span><img decoding=\"async\" alt=\"universidad\" data-id=\"2801\" width=\"730\" data-init-width=\"1086\" height=\"487\" data-init-height=\"724\" title=\"universidad\" loading=\"lazy\" src=\"https:\/\/m1specialty.com\/wp-content\/uploads\/2023\/11\/universidad.webp\" data-width=\"730\" data-height=\"487\" style=\"aspect-ratio: auto 1086 \/ 724;\"><\/span><span><img decoding=\"async\" alt=\"\" data-id=\"5466\" width=\"730\" data-init-width=\"2560\" height=\"487\" data-init-height=\"1715\" title=\"Wedding jitters? What are those?\" loading=\"lazy\" src=\"https:\/\/m1specialty.com\/wp-content\/uploads\/2024\/07\/Indian-Wedding-scaled.jpg\" data-width=\"730\" data-height=\"487\" style=\"aspect-ratio: auto 2560 \/ 1715;\"><\/span>Prime Principal Protection SeriesPoupan\u00e7a RegularSeguran\u00e7a e SimplicidadeUm plano de contribui\u00e7\u00e3o regular de longo prazo com acesso a uma s\u00e9rie de benchmarks de desempenho e um benef\u00edcio m\u00ednimo garantido no vencimento do plano.Principais detalhes<\/p>\n<ul>\n<li><span style=\"\">Plano de contribui\u00e7\u00e3o regular<\/span><\/li>\n<li><span style=\"\">140%, 160% ou 180% de Prote\u00e7\u00e3o ao Principal a pagar no final do per\u00edodo selecionado<\/span><\/li>\n<li><span style=\"\">Planos com op\u00e7\u00f5es de vencimento de 15, 20 ou 25 anos<\/span><\/li>\n<li><span>At\u00e9 6 \u00edndices de mercado podem ser selecionados para diversifica\u00e7\u00e3o<\/span><\/li>\n<\/ul>\n","protected":false},"excerpt":{"rendered":"<p>Planos de investimento internacionais criados para ajud\u00e1-lo a atingir seus objetivosCom nossos clientes sempre em mente, nossos planos vinculados a unidades de participa\u00e7\u00e3o s\u00e3o projetados para proporcionar oportunidades de crescimento financeiro personalizado para atender seus objetivos financeiros.O que a Prote\u00e7\u00e3o ao Principal significa para voc\u00ea? Nossos planos de Prote\u00e7\u00e3o ao Principal adaptam-se ao perfil e [&hellip;]<\/p>\n","protected":false},"author":8,"featured_media":0,"parent":0,"menu_order":0,"comment_status":"closed","ping_status":"closed","template":"","meta":{"inline_featured_image":false,"footnotes":""},"class_list":["post-4822","page","type-page","status-publish","hentry","post-wrapper","thrv_wrapper"],"yoast_head":"<!-- This site is optimized with the Yoast SEO Premium plugin v20.3 (Yoast SEO v20.3) - https:\/\/yoast.com\/wordpress\/plugins\/seo\/ -->\n<title>Prote\u00e7\u00e3o Principal<\/title>\n<meta name=\"robots\" content=\"index, follow, max-snippet:-1, max-image-preview:large, max-video-preview:-1\" \/>\n<link rel=\"canonical\" href=\"https:\/\/m1specialty.com\/pt-br\/principal-protection-new\/\" \/>\n<meta property=\"og:locale\" content=\"pt_BR\" \/>\n<meta property=\"og:type\" content=\"article\" \/>\n<meta property=\"og:title\" content=\"Principal Protection\" \/>\n<meta property=\"og:description\" content=\"Planos de investimento internacionais criados para ajud\u00e1-lo a atingir seus objetivosCom nossos clientes sempre em mente, nossos planos vinculados a unidades de participa\u00e7\u00e3o s\u00e3o projetados para proporcionar oportunidades de crescimento financeiro personalizado para atender seus objetivos financeiros.O que a Prote\u00e7\u00e3o ao Principal significa para voc\u00ea? Nossos planos de Prote\u00e7\u00e3o ao Principal adaptam-se ao perfil e [&hellip;]\" \/>\n<meta property=\"og:url\" content=\"https:\/\/m1specialty.com\/pt-br\/principal-protection-new\/\" \/>\n<meta property=\"og:site_name\" content=\"M1 Specialty\" \/>\n<meta property=\"article:publisher\" content=\"https:\/\/www.facebook.com\/M1Specialty\/\" \/>\n<meta property=\"article:modified_time\" content=\"2025-02-07T14:48:35+00:00\" \/>\n<meta property=\"og:image\" content=\"https:\/\/m1specialty.com\/wp-content\/uploads\/2024\/04\/mercado-scaled.jpg\" \/>\n<meta name=\"twitter:card\" content=\"summary_large_image\" \/>\n<meta name=\"twitter:site\" content=\"@m1specialty\" \/>\n<meta name=\"twitter:label1\" content=\"Est. tempo de leitura\" \/>\n\t<meta name=\"twitter:data1\" content=\"4 minutos\" \/>\n<script type=\"application\/ld+json\" class=\"yoast-schema-graph\">{\"@context\":\"https:\/\/schema.org\",\"@graph\":[{\"@type\":\"WebPage\",\"@id\":\"https:\/\/m1specialty.com\/pt-br\/principal-protection-new\/\",\"url\":\"https:\/\/m1specialty.com\/pt-br\/principal-protection-new\/\",\"name\":\"Prote\u00e7\u00e3o Principal\",\"isPartOf\":{\"@id\":\"https:\/\/m1specialty.com\/pt-br\/#website\"},\"datePublished\":\"2024-04-10T16:25:14+00:00\",\"dateModified\":\"2025-02-07T14:48:35+00:00\",\"breadcrumb\":{\"@id\":\"https:\/\/m1specialty.com\/pt-br\/principal-protection-new\/#breadcrumb\"},\"inLanguage\":\"pt-BR\",\"potentialAction\":[{\"@type\":\"ReadAction\",\"target\":[\"https:\/\/m1specialty.com\/pt-br\/principal-protection-new\/\"]}]},{\"@type\":\"BreadcrumbList\",\"@id\":\"https:\/\/m1specialty.com\/pt-br\/principal-protection-new\/#breadcrumb\",\"itemListElement\":[{\"@type\":\"ListItem\",\"position\":1,\"name\":\"Home\",\"item\":\"https:\/\/m1specialty.com\/pt-br\/\"},{\"@type\":\"ListItem\",\"position\":2,\"name\":\"Principal Protection\"}]},{\"@type\":\"WebSite\",\"@id\":\"https:\/\/m1specialty.com\/pt-br\/#website\",\"url\":\"https:\/\/m1specialty.com\/pt-br\/\",\"name\":\"M1 Specialty\",\"description\":\"Unit-Linked Insurance Solutions, simple and effective.\",\"publisher\":{\"@id\":\"https:\/\/m1specialty.com\/pt-br\/#organization\"},\"potentialAction\":[{\"@type\":\"SearchAction\",\"target\":{\"@type\":\"EntryPoint\",\"urlTemplate\":\"https:\/\/m1specialty.com\/pt-br\/?s={search_term_string}\"},\"query-input\":\"required name=search_term_string\"}],\"inLanguage\":\"pt-BR\"},{\"@type\":\"Organization\",\"@id\":\"https:\/\/m1specialty.com\/pt-br\/#organization\",\"name\":\"M1 Specialty\",\"url\":\"https:\/\/m1specialty.com\/pt-br\/\",\"logo\":{\"@type\":\"ImageObject\",\"inLanguage\":\"pt-BR\",\"@id\":\"https:\/\/m1specialty.com\/pt-br\/#\/schema\/logo\/image\/\",\"url\":\"https:\/\/m1specialty.com\/wp-content\/uploads\/2023\/03\/logo-yoast-m1.png\",\"contentUrl\":\"https:\/\/m1specialty.com\/wp-content\/uploads\/2023\/03\/logo-yoast-m1.png\",\"width\":696,\"height\":696,\"caption\":\"M1 Specialty\"},\"image\":{\"@id\":\"https:\/\/m1specialty.com\/pt-br\/#\/schema\/logo\/image\/\"},\"sameAs\":[\"https:\/\/www.facebook.com\/M1Specialty\/\",\"https:\/\/twitter.com\/m1specialty\",\"https:\/\/www.linkedin.com\/company\/m1specialty\/\",\"https:\/\/www.instagram.com\/m1specialty\/\"]}]}<\/script>\n<!-- \/ Yoast SEO Premium plugin. -->","yoast_head_json":{"title":"Prote\u00e7\u00e3o Principal","robots":{"index":"index","follow":"follow","max-snippet":"max-snippet:-1","max-image-preview":"max-image-preview:large","max-video-preview":"max-video-preview:-1"},"canonical":"https:\/\/m1specialty.com\/pt-br\/principal-protection-new\/","og_locale":"pt_BR","og_type":"article","og_title":"Principal Protection","og_description":"Planos de investimento internacionais criados para ajud\u00e1-lo a atingir seus objetivosCom nossos clientes sempre em mente, nossos planos vinculados a unidades de participa\u00e7\u00e3o s\u00e3o projetados para proporcionar oportunidades de crescimento financeiro personalizado para atender seus objetivos financeiros.O que a Prote\u00e7\u00e3o ao Principal significa para voc\u00ea? Nossos planos de Prote\u00e7\u00e3o ao Principal adaptam-se ao perfil e [&hellip;]","og_url":"https:\/\/m1specialty.com\/pt-br\/principal-protection-new\/","og_site_name":"M1 Specialty","article_publisher":"https:\/\/www.facebook.com\/M1Specialty\/","article_modified_time":"2025-02-07T14:48:35+00:00","og_image":[{"url":"https:\/\/m1specialty.com\/wp-content\/uploads\/2024\/04\/mercado-scaled.jpg"}],"twitter_card":"summary_large_image","twitter_site":"@m1specialty","twitter_misc":{"Est. tempo de leitura":"4 minutos"},"schema":{"@context":"https:\/\/schema.org","@graph":[{"@type":"WebPage","@id":"https:\/\/m1specialty.com\/pt-br\/principal-protection-new\/","url":"https:\/\/m1specialty.com\/pt-br\/principal-protection-new\/","name":"Prote\u00e7\u00e3o Principal","isPartOf":{"@id":"https:\/\/m1specialty.com\/pt-br\/#website"},"datePublished":"2024-04-10T16:25:14+00:00","dateModified":"2025-02-07T14:48:35+00:00","breadcrumb":{"@id":"https:\/\/m1specialty.com\/pt-br\/principal-protection-new\/#breadcrumb"},"inLanguage":"pt-BR","potentialAction":[{"@type":"ReadAction","target":["https:\/\/m1specialty.com\/pt-br\/principal-protection-new\/"]}]},{"@type":"BreadcrumbList","@id":"https:\/\/m1specialty.com\/pt-br\/principal-protection-new\/#breadcrumb","itemListElement":[{"@type":"ListItem","position":1,"name":"Home","item":"https:\/\/m1specialty.com\/pt-br\/"},{"@type":"ListItem","position":2,"name":"Principal Protection"}]},{"@type":"WebSite","@id":"https:\/\/m1specialty.com\/pt-br\/#website","url":"https:\/\/m1specialty.com\/pt-br\/","name":"M1 Specialty","description":"Unit-Linked Insurance Solutions, simple and effective.","publisher":{"@id":"https:\/\/m1specialty.com\/pt-br\/#organization"},"potentialAction":[{"@type":"SearchAction","target":{"@type":"EntryPoint","urlTemplate":"https:\/\/m1specialty.com\/pt-br\/?s={search_term_string}"},"query-input":"required name=search_term_string"}],"inLanguage":"pt-BR"},{"@type":"Organization","@id":"https:\/\/m1specialty.com\/pt-br\/#organization","name":"M1 Specialty","url":"https:\/\/m1specialty.com\/pt-br\/","logo":{"@type":"ImageObject","inLanguage":"pt-BR","@id":"https:\/\/m1specialty.com\/pt-br\/#\/schema\/logo\/image\/","url":"https:\/\/m1specialty.com\/wp-content\/uploads\/2023\/03\/logo-yoast-m1.png","contentUrl":"https:\/\/m1specialty.com\/wp-content\/uploads\/2023\/03\/logo-yoast-m1.png","width":696,"height":696,"caption":"M1 Specialty"},"image":{"@id":"https:\/\/m1specialty.com\/pt-br\/#\/schema\/logo\/image\/"},"sameAs":["https:\/\/www.facebook.com\/M1Specialty\/","https:\/\/twitter.com\/m1specialty","https:\/\/www.linkedin.com\/company\/m1specialty\/","https:\/\/www.instagram.com\/m1specialty\/"]}]}},"_links":{"self":[{"href":"https:\/\/m1specialty.com\/pt-br\/wp-json\/wp\/v2\/pages\/4822","targetHints":{"allow":["GET"]}}],"collection":[{"href":"https:\/\/m1specialty.com\/pt-br\/wp-json\/wp\/v2\/pages"}],"about":[{"href":"https:\/\/m1specialty.com\/pt-br\/wp-json\/wp\/v2\/types\/page"}],"author":[{"embeddable":true,"href":"https:\/\/m1specialty.com\/pt-br\/wp-json\/wp\/v2\/users\/8"}],"replies":[{"embeddable":true,"href":"https:\/\/m1specialty.com\/pt-br\/wp-json\/wp\/v2\/comments?post=4822"}],"version-history":[{"count":18,"href":"https:\/\/m1specialty.com\/pt-br\/wp-json\/wp\/v2\/pages\/4822\/revisions"}],"predecessor-version":[{"id":6548,"href":"https:\/\/m1specialty.com\/pt-br\/wp-json\/wp\/v2\/pages\/4822\/revisions\/6548"}],"wp:attachment":[{"href":"https:\/\/m1specialty.com\/pt-br\/wp-json\/wp\/v2\/media?parent=4822"}],"curies":[{"name":"wp","href":"https:\/\/api.w.org\/{rel}","templated":true}]}}