{"id":4816,"date":"2024-02-28T10:16:28","date_gmt":"2024-02-28T14:16:28","guid":{"rendered":"https:\/\/m1specialty.com\/m1-specialty-home\/"},"modified":"2025-08-28T10:15:55","modified_gmt":"2025-08-28T14:15:55","slug":"m1-specialty-principal","status":"publish","type":"page","link":"https:\/\/m1specialty.com\/pt-br\/m1-specialty-principal\/","title":{"rendered":"Home-v2"},"content":{"rendered":"<p>Algum dia.A partir de hojeAumentar o Patrim\u00f4nio. Poupan\u00e7a para educa\u00e7\u00e3o superior. AposentadoriaInvestimento Seu sucessoA M1 Specialty \u00e9 sua parceira no planejamento dos eventos financeiros mais importantes da sua vidaCom solu\u00e7\u00f5es abrangentes de poupan\u00e7a e investimento, fornecemos acesso a diversos mercados globais e aos melhores custodiantes e gestores de ativos. Nossa estrutura de confian\u00e7a independente aprimora a privacidade, a prote\u00e7\u00e3o de ativos e a tranquilidade para que voc\u00ea possa investir com confian\u00e7a.<span><img decoding=\"async\" alt=\"\" data-id=\"4697\" width=\"748\" data-init-width=\"2560\" height=\"499\" data-init-height=\"1708\" title=\"Great business meeting.\" loading=\"lazy\" src=\"https:\/\/m1specialty.com\/wp-content\/uploads\/2024\/05\/invested-your-success-scaled.jpg\" data-width=\"748\" data-height=\"499\" style=\"aspect-ratio: auto 2560 \/ 1708;\"><\/span>Solu\u00e7\u00f5es para Diferentes Fases da Vida<span><img decoding=\"async\" alt=\"legacy-M1\" data-id=\"299\" width=\"494\" data-init-width=\"1254\" height=\"329\" data-init-height=\"836\" title=\"Legacy Planning\" loading=\"lazy\" src=\"https:\/\/m1specialty.com\/wp-content\/uploads\/2022\/11\/Legacy-Planning.webp\" data-width=\"494\" data-height=\"329\" style=\"aspect-ratio: auto 1254 \/ 836;\"><\/span>Aumentar o Patrim\u00f4nioEntendemos que aumentar o patrim\u00f4nio n\u00e3o significa simplesmente ganhar dinheiro; trata-se de tomar decis\u00f5es inteligentes e aproveitar as ferramentas certas para aumentar seus ativos. Se voc\u00ea \u00e9 um investidor experiente ou est\u00e1 apenas come\u00e7ando sua jornada para aumentar o seu patrim\u00f4nio, nosso conjunto abrangente de produtos atende \u00e0s suas necessidades.<span><img decoding=\"async\" alt=\"\" data-id=\"5456\" width=\"483\" data-init-width=\"2560\" height=\"322\" data-init-height=\"1707\" title=\"Indian woman smiling while showing diploma to father at graduation ceremony\" loading=\"lazy\" src=\"https:\/\/m1specialty.com\/wp-content\/uploads\/2024\/07\/Indian-Female-Graduate-scaled.jpg\" data-width=\"483\" data-height=\"322\" style=\"aspect-ratio: auto 2560 \/ 1707;\"><\/span>Poupan\u00e7a para a UniversidadeIncentive seus filhos a escolher uma carreira com a confian\u00e7a de ter apoio financeiro para seguir sua voca\u00e7\u00e3o. Nosso objetivo \u00e9 fornecer ferramentas financeiras para estabelecer um plano de poupan\u00e7a de m\u00e9dio a longo prazo para garantir a educa\u00e7\u00e3o dos seus filhos no futuro.<span><img decoding=\"async\" alt=\"retire-M1\" data-id=\"993\" width=\"350\" data-init-width=\"1024\" height=\"233\" data-init-height=\"682\" title=\"Retirement\" loading=\"lazy\" src=\"https:\/\/m1specialty.com\/wp-content\/uploads\/2022\/12\/retirados.jpg\" data-width=\"350\" data-height=\"233\" style=\"aspect-ratio: auto 1024 \/ 682;\"><\/span>AposentadoriaDepois de trabalhar a vida inteira, voc\u00ea tem o direito de aproveitar o que ganhou. Prepare-se para o per\u00edodo \u201cdourado\u201d da sua vida com o plano de seguro apropriado vinculado a unidades de participa\u00e7\u00e3o para ajud\u00e1-lo a alcan\u00e7ar seus objetivos com qualquer tipo de aposentadoria.<span style=\"\"><img decoding=\"async\" alt=\"banner-M1\" data-id=\"3416\" width=\"1500\" data-init-width=\"1580\" height=\"707\" data-init-height=\"745\" title=\"M1 Banner\" loading=\"lazy\" src=\"https:\/\/m1specialty.com\/wp-content\/uploads\/2024\/02\/M1-Banner.png\" data-width=\"1500\" data-height=\"707\" style=\"aspect-ratio: auto 1580 \/ 745;\" ml-d=\"0\" mt-d=\"0\"><\/span>Por que a M1 Specialty?Por que a M1 Specialty?<span style=\"\"><img decoding=\"async\" alt=\"protection-M1\" data-id=\"3535\" width=\"150\" data-init-width=\"183\" height=\"177\" data-init-height=\"216\" title=\"Principal protection\" loading=\"lazy\" src=\"https:\/\/m1specialty.com\/wp-content\/uploads\/2024\/02\/Principal-protection.png\" data-width=\"150\" data-height=\"177\" style=\"aspect-ratio: auto 183 \/ 216;\" mt-d=\"0\" ml-d=\"0\" center-v-d=\"false\"><\/span>Prote\u00e7\u00e3o ao PrincipalOs clientes internacionais participam do mercado com base no desempenho dos principais \u00edndices selecionados por eles como benchmarks de desempenho, com diferentes n\u00edveis e prazos de prote\u00e7\u00e3o principal, gerenciando o risco contra poss\u00edveis perdas, sob qualquer condi\u00e7\u00e3o do mercado.<span style=\"\"><img decoding=\"async\" alt=\"portfolio-M1\" data-id=\"3544\" width=\"150\" data-init-width=\"160\" height=\"153\" data-init-height=\"163\" title=\"Portafolio Diversification\" loading=\"lazy\" src=\"https:\/\/m1specialty.com\/wp-content\/uploads\/2024\/02\/Portafolio-Diversification.png\" data-width=\"150\" data-height=\"153\" style=\"aspect-ratio: auto 160 \/ 163;\" mt-d=\"0\" ml-d=\"0\" center-v-d=\"false\"><\/span>Diversifica\u00e7\u00e3o de CarteirasNossos planos s\u00e3o projetados para reduzir a volatilidade da carteira ao longo do tempo, oferecendo uma s\u00e9rie de benchmarks de desempenho dos principais \u00edndices, ETFs e fundos m\u00fatuos administrados por gestores de ativos de renome mundial.<span style=\"\"><img decoding=\"async\" alt=\"beneficiary-M1\" data-id=\"3549\" width=\"150\" data-init-width=\"178\" height=\"153\" data-init-height=\"181\" title=\"Beneficiary Designation\" loading=\"lazy\" src=\"https:\/\/m1specialty.com\/wp-content\/uploads\/2024\/02\/Beneficiary-Designation.png\" data-width=\"150\" data-height=\"153\" style=\"aspect-ratio: auto 178 \/ 181;\" mt-d=\"0\" ml-d=\"0\" center-v-d=\"false\"><\/span>Designa\u00e7\u00e3o de Benefici\u00e1rioOs benef\u00edcios podem ser transferidos para um ou mais benefici\u00e1rios designados, garantindo o sucesso do planejamento da heran\u00e7a.Solu\u00e7\u00f5es Personalizadas para o Sucesso FinanceiroPlanos de InvestimentoSimples e Eficazes<span><img decoding=\"async\" alt=\"solutions\" data-id=\"3428\" width=\"1510\" data-init-width=\"1693\" height=\"417\" data-init-height=\"467\" title=\"Tailored Solutions For Financial Success\" loading=\"lazy\" src=\"https:\/\/m1specialty.com\/wp-content\/uploads\/2024\/02\/Tailored-Solutions-For-Financial-Success.png\" data-width=\"1510\" data-height=\"417\" style=\"aspect-ratio: auto 1693 \/ 467;\"><\/span>Seguran\u00e7a Financeira PersonalizadaNossos planos de <strong>Prote\u00e7\u00e3o ao Principal<\/strong> s\u00e3o habilmente adaptados para corresponder aos distintos perfis financeiros e horizontes de tempo dos nossos clientes. A preserva\u00e7\u00e3o dos seus bens \u00e9 a nossa principal prioridade, e nossos planos s\u00e3o meticulosamente elaborados com isso em mente. Por meio do acesso a \u00edndices do mercado de a\u00e7\u00f5es de renome mundial como benchmarks de desempenho, capacitamos voc\u00ea a alcan\u00e7ar uma diversifica\u00e7\u00e3o substancial do seu portf\u00f3lio pessoal vinculado a unidades de participa\u00e7\u00e3o. Se voc\u00ea prioriza a avers\u00e3o ao risco ou tem objetivos financeiros espec\u00edficos, nossos planos de Prote\u00e7\u00e3o ao Principal fornecem a seguran\u00e7a e a flexibilidade necess\u00e1rias para navegar no cen\u00e1rio din\u00e2mico de investimentos, salvaguardando seu valor principal.<span><img decoding=\"async\" alt=\"\" data-id=\"5461\" width=\"730\" data-init-width=\"2560\" height=\"487\" data-init-height=\"1709\" title=\"Portrait,Of,Senior,Indian,Asian,Couple,While,Eating,Breakfast,At\" loading=\"lazy\" src=\"https:\/\/m1specialty.com\/wp-content\/uploads\/2024\/07\/Middle-Age-Indian-Couple-scaled.jpg\" data-width=\"730\" data-height=\"487\" style=\"aspect-ratio: auto 2560 \/ 1709;\"><\/span><span><img decoding=\"async\" alt=\"flexibility\" data-id=\"3446\" width=\"730\" data-init-width=\"748\" height=\"494\" data-init-height=\"506\" title=\"Financial Future with Flexibility\" loading=\"lazy\" src=\"https:\/\/m1specialty.com\/wp-content\/uploads\/2024\/02\/Financial-Future-with-Flexibility.png\" data-width=\"730\" data-height=\"494\" style=\"aspect-ratio: auto 748 \/ 506;\"><\/span>Planeje Seu Futuro com FlexibilidadeNossos <strong>P<\/strong><strong>lanos Flex\u00edveis<\/strong> s\u00e3o projetados para fornecer a liberdade e o controle de que voc\u00ea precisa. Esses planos oferecem uma s\u00e9rie de benef\u00edcios que permitem que voc\u00ea fa\u00e7a suas pr\u00f3prias aloca\u00e7\u00f5es de unidades e ajuste seu plano de acordo com suas necessidades em evolu\u00e7\u00e3o. Com planos flex\u00edveis, voc\u00ea tem o poder de moldar sua estrat\u00e9gia financeira, garantindo que ela se alinhe perfeitamente com seus objetivos e toler\u00e2ncia ao risco. Seu futuro financeiro \u00e9 din\u00e2mico e nossos planos Flex\u00edveis est\u00e3o aqui para ajud\u00e1-lo a navegar com confian\u00e7a.Nossa PromessaOur PromiseA M1 Specialty est\u00e1 empenhada em fornecer solu\u00e7\u00f5es inovadoras para ajudar os clientes a atingir metas financeiras para as gera\u00e7\u00f5es atuais e futuras.<span><img decoding=\"async\" alt=\"promise\" data-id=\"3454\" width=\"931\" data-init-width=\"902\" height=\"512\" data-init-height=\"496\" title=\"Our Promise\" loading=\"lazy\" src=\"https:\/\/m1specialty.com\/wp-content\/uploads\/2024\/02\/Our-Promise.png\" data-width=\"931\" data-height=\"512\" style=\"aspect-ratio: auto 902 \/ 496;\"><\/span><span><img decoding=\"async\" alt=\"reach\" data-id=\"3463\" width=\"104\" data-init-width=\"104\" height=\"103\" data-init-height=\"103\" title=\"Global Reach\" loading=\"lazy\" src=\"https:\/\/m1specialty.com\/wp-content\/uploads\/2024\/02\/Global-Reach.png\" data-width=\"104\" data-height=\"103\" style=\"aspect-ratio: auto 104 \/ 103;\"><\/span>Alcance GlobalAlcance GlobalAs solu\u00e7\u00f5es de seguros vinculadas a unidades de participa\u00e7\u00e3o da M1 Specialty s\u00e3o distribu\u00eddas em mais de 60 pa\u00edses, oferecendo uma presen\u00e7a abrangente e internacional.<span><img decoding=\"async\" alt=\"partners\" data-id=\"3468\" width=\"104\" data-init-width=\"104\" height=\"105\" data-init-height=\"105\" title=\"Trusted Financial Partners\" loading=\"lazy\" src=\"https:\/\/m1specialty.com\/wp-content\/uploads\/2024\/02\/Trusted-Financial-Partners.png\" data-width=\"104\" data-height=\"105\" style=\"aspect-ratio: auto 104 \/ 105;\"><\/span>Parceiros Financeira Confi\u00e1veisParceiros Financeira Confi\u00e1veisSeus fundos s\u00e3o mantidos em parceria com institui\u00e7\u00f5es financeiras estabelecidas, proporcionando uma camada adicional de seguran\u00e7a e credibilidade.<span><img decoding=\"async\" alt=\"\" data-id=\"4668\" width=\"105\" data-init-width=\"105\" height=\"104\" data-init-height=\"104\" title=\"Dedicated-Support-Team\" loading=\"lazy\" src=\"https:\/\/m1specialty.com\/wp-content\/uploads\/2024\/05\/Dedicated-Support-Team.png\" data-width=\"105\" data-height=\"104\" style=\"aspect-ratio: auto 105 \/ 104;\"><\/span>Equipe de Suporte DedicadaEquipe de Suporte DedicadaNossa equipe de especialistas se dedica a fornecer suporte e orienta\u00e7\u00e3o cont\u00ednuos em todas as etapas.<\/p>\n","protected":false},"excerpt":{"rendered":"<p>Algum dia.A partir de hojeAumentar o Patrim\u00f4nio. Poupan\u00e7a para educa\u00e7\u00e3o superior. AposentadoriaInvestimento Seu sucessoA M1 Specialty \u00e9 sua parceira no planejamento dos eventos financeiros mais importantes da sua vidaCom solu\u00e7\u00f5es abrangentes de poupan\u00e7a e investimento, fornecemos acesso a diversos mercados globais e aos melhores custodiantes e gestores de ativos. Nossa estrutura de confian\u00e7a independente aprimora [&hellip;]<\/p>\n","protected":false},"author":8,"featured_media":0,"parent":0,"menu_order":0,"comment_status":"closed","ping_status":"closed","template":"","meta":{"inline_featured_image":false,"footnotes":""},"class_list":["post-4816","page","type-page","status-publish","hentry","post-wrapper","thrv_wrapper"],"yoast_head":"<!-- This site is optimized with the Yoast SEO Premium plugin v20.3 (Yoast SEO v20.3) - https:\/\/yoast.com\/wordpress\/plugins\/seo\/ -->\n<title>In\u00edcio<\/title>\n<meta name=\"robots\" content=\"index, follow, max-snippet:-1, max-image-preview:large, max-video-preview:-1\" \/>\n<link rel=\"canonical\" href=\"https:\/\/m1specialty.com\/pt-br\/m1-specialty-principal\/\" \/>\n<meta property=\"og:locale\" content=\"pt_BR\" \/>\n<meta property=\"og:type\" content=\"article\" \/>\n<meta property=\"og:title\" content=\"Home-v2\" \/>\n<meta property=\"og:description\" content=\"Algum dia.A partir de hojeAumentar o Patrim\u00f4nio. Poupan\u00e7a para educa\u00e7\u00e3o superior. AposentadoriaInvestimento Seu sucessoA M1 Specialty \u00e9 sua parceira no planejamento dos eventos financeiros mais importantes da sua vidaCom solu\u00e7\u00f5es abrangentes de poupan\u00e7a e investimento, fornecemos acesso a diversos mercados globais e aos melhores custodiantes e gestores de ativos. Nossa estrutura de confian\u00e7a independente aprimora [&hellip;]\" \/>\n<meta property=\"og:url\" content=\"https:\/\/m1specialty.com\/pt-br\/m1-specialty-principal\/\" \/>\n<meta property=\"og:site_name\" content=\"M1 Specialty\" \/>\n<meta property=\"article:publisher\" content=\"https:\/\/www.facebook.com\/M1Specialty\/\" \/>\n<meta property=\"article:modified_time\" content=\"2025-08-28T14:15:55+00:00\" \/>\n<meta property=\"og:image\" content=\"https:\/\/m1specialty.com\/wp-content\/uploads\/2024\/05\/invested-your-success-scaled.jpg\" \/>\n<meta name=\"twitter:card\" content=\"summary_large_image\" \/>\n<meta name=\"twitter:site\" content=\"@m1specialty\" \/>\n<meta name=\"twitter:label1\" content=\"Est. tempo de leitura\" \/>\n\t<meta name=\"twitter:data1\" content=\"6 minutos\" \/>\n<script type=\"application\/ld+json\" class=\"yoast-schema-graph\">{\"@context\":\"https:\/\/schema.org\",\"@graph\":[{\"@type\":\"WebPage\",\"@id\":\"https:\/\/m1specialty.com\/pt-br\/m1-specialty-principal\/\",\"url\":\"https:\/\/m1specialty.com\/pt-br\/m1-specialty-principal\/\",\"name\":\"In\u00edcio\",\"isPartOf\":{\"@id\":\"https:\/\/m1specialty.com\/pt-br\/#website\"},\"datePublished\":\"2024-02-28T14:16:28+00:00\",\"dateModified\":\"2025-08-28T14:15:55+00:00\",\"breadcrumb\":{\"@id\":\"https:\/\/m1specialty.com\/pt-br\/m1-specialty-principal\/#breadcrumb\"},\"inLanguage\":\"pt-BR\",\"potentialAction\":[{\"@type\":\"ReadAction\",\"target\":[\"https:\/\/m1specialty.com\/pt-br\/m1-specialty-principal\/\"]}]},{\"@type\":\"BreadcrumbList\",\"@id\":\"https:\/\/m1specialty.com\/pt-br\/m1-specialty-principal\/#breadcrumb\",\"itemListElement\":[{\"@type\":\"ListItem\",\"position\":1,\"name\":\"Home\",\"item\":\"https:\/\/m1specialty.com\/pt-br\/\"},{\"@type\":\"ListItem\",\"position\":2,\"name\":\"Home-v2\"}]},{\"@type\":\"WebSite\",\"@id\":\"https:\/\/m1specialty.com\/pt-br\/#website\",\"url\":\"https:\/\/m1specialty.com\/pt-br\/\",\"name\":\"M1 Specialty\",\"description\":\"Unit-Linked Insurance Solutions, simple and effective.\",\"publisher\":{\"@id\":\"https:\/\/m1specialty.com\/pt-br\/#organization\"},\"potentialAction\":[{\"@type\":\"SearchAction\",\"target\":{\"@type\":\"EntryPoint\",\"urlTemplate\":\"https:\/\/m1specialty.com\/pt-br\/?s={search_term_string}\"},\"query-input\":\"required name=search_term_string\"}],\"inLanguage\":\"pt-BR\"},{\"@type\":\"Organization\",\"@id\":\"https:\/\/m1specialty.com\/pt-br\/#organization\",\"name\":\"M1 Specialty\",\"url\":\"https:\/\/m1specialty.com\/pt-br\/\",\"logo\":{\"@type\":\"ImageObject\",\"inLanguage\":\"pt-BR\",\"@id\":\"https:\/\/m1specialty.com\/pt-br\/#\/schema\/logo\/image\/\",\"url\":\"https:\/\/m1specialty.com\/wp-content\/uploads\/2023\/03\/logo-yoast-m1.png\",\"contentUrl\":\"https:\/\/m1specialty.com\/wp-content\/uploads\/2023\/03\/logo-yoast-m1.png\",\"width\":696,\"height\":696,\"caption\":\"M1 Specialty\"},\"image\":{\"@id\":\"https:\/\/m1specialty.com\/pt-br\/#\/schema\/logo\/image\/\"},\"sameAs\":[\"https:\/\/www.facebook.com\/M1Specialty\/\",\"https:\/\/twitter.com\/m1specialty\",\"https:\/\/www.linkedin.com\/company\/m1specialty\/\",\"https:\/\/www.instagram.com\/m1specialty\/\"]}]}<\/script>\n<!-- \/ Yoast SEO Premium plugin. -->","yoast_head_json":{"title":"In\u00edcio","robots":{"index":"index","follow":"follow","max-snippet":"max-snippet:-1","max-image-preview":"max-image-preview:large","max-video-preview":"max-video-preview:-1"},"canonical":"https:\/\/m1specialty.com\/pt-br\/m1-specialty-principal\/","og_locale":"pt_BR","og_type":"article","og_title":"Home-v2","og_description":"Algum dia.A partir de hojeAumentar o Patrim\u00f4nio. Poupan\u00e7a para educa\u00e7\u00e3o superior. AposentadoriaInvestimento Seu sucessoA M1 Specialty \u00e9 sua parceira no planejamento dos eventos financeiros mais importantes da sua vidaCom solu\u00e7\u00f5es abrangentes de poupan\u00e7a e investimento, fornecemos acesso a diversos mercados globais e aos melhores custodiantes e gestores de ativos. Nossa estrutura de confian\u00e7a independente aprimora [&hellip;]","og_url":"https:\/\/m1specialty.com\/pt-br\/m1-specialty-principal\/","og_site_name":"M1 Specialty","article_publisher":"https:\/\/www.facebook.com\/M1Specialty\/","article_modified_time":"2025-08-28T14:15:55+00:00","og_image":[{"url":"https:\/\/m1specialty.com\/wp-content\/uploads\/2024\/05\/invested-your-success-scaled.jpg"}],"twitter_card":"summary_large_image","twitter_site":"@m1specialty","twitter_misc":{"Est. tempo de leitura":"6 minutos"},"schema":{"@context":"https:\/\/schema.org","@graph":[{"@type":"WebPage","@id":"https:\/\/m1specialty.com\/pt-br\/m1-specialty-principal\/","url":"https:\/\/m1specialty.com\/pt-br\/m1-specialty-principal\/","name":"In\u00edcio","isPartOf":{"@id":"https:\/\/m1specialty.com\/pt-br\/#website"},"datePublished":"2024-02-28T14:16:28+00:00","dateModified":"2025-08-28T14:15:55+00:00","breadcrumb":{"@id":"https:\/\/m1specialty.com\/pt-br\/m1-specialty-principal\/#breadcrumb"},"inLanguage":"pt-BR","potentialAction":[{"@type":"ReadAction","target":["https:\/\/m1specialty.com\/pt-br\/m1-specialty-principal\/"]}]},{"@type":"BreadcrumbList","@id":"https:\/\/m1specialty.com\/pt-br\/m1-specialty-principal\/#breadcrumb","itemListElement":[{"@type":"ListItem","position":1,"name":"Home","item":"https:\/\/m1specialty.com\/pt-br\/"},{"@type":"ListItem","position":2,"name":"Home-v2"}]},{"@type":"WebSite","@id":"https:\/\/m1specialty.com\/pt-br\/#website","url":"https:\/\/m1specialty.com\/pt-br\/","name":"M1 Specialty","description":"Unit-Linked Insurance Solutions, simple and effective.","publisher":{"@id":"https:\/\/m1specialty.com\/pt-br\/#organization"},"potentialAction":[{"@type":"SearchAction","target":{"@type":"EntryPoint","urlTemplate":"https:\/\/m1specialty.com\/pt-br\/?s={search_term_string}"},"query-input":"required name=search_term_string"}],"inLanguage":"pt-BR"},{"@type":"Organization","@id":"https:\/\/m1specialty.com\/pt-br\/#organization","name":"M1 Specialty","url":"https:\/\/m1specialty.com\/pt-br\/","logo":{"@type":"ImageObject","inLanguage":"pt-BR","@id":"https:\/\/m1specialty.com\/pt-br\/#\/schema\/logo\/image\/","url":"https:\/\/m1specialty.com\/wp-content\/uploads\/2023\/03\/logo-yoast-m1.png","contentUrl":"https:\/\/m1specialty.com\/wp-content\/uploads\/2023\/03\/logo-yoast-m1.png","width":696,"height":696,"caption":"M1 Specialty"},"image":{"@id":"https:\/\/m1specialty.com\/pt-br\/#\/schema\/logo\/image\/"},"sameAs":["https:\/\/www.facebook.com\/M1Specialty\/","https:\/\/twitter.com\/m1specialty","https:\/\/www.linkedin.com\/company\/m1specialty\/","https:\/\/www.instagram.com\/m1specialty\/"]}]}},"_links":{"self":[{"href":"https:\/\/m1specialty.com\/pt-br\/wp-json\/wp\/v2\/pages\/4816","targetHints":{"allow":["GET"]}}],"collection":[{"href":"https:\/\/m1specialty.com\/pt-br\/wp-json\/wp\/v2\/pages"}],"about":[{"href":"https:\/\/m1specialty.com\/pt-br\/wp-json\/wp\/v2\/types\/page"}],"author":[{"embeddable":true,"href":"https:\/\/m1specialty.com\/pt-br\/wp-json\/wp\/v2\/users\/8"}],"replies":[{"embeddable":true,"href":"https:\/\/m1specialty.com\/pt-br\/wp-json\/wp\/v2\/comments?post=4816"}],"version-history":[{"count":14,"href":"https:\/\/m1specialty.com\/pt-br\/wp-json\/wp\/v2\/pages\/4816\/revisions"}],"predecessor-version":[{"id":7852,"href":"https:\/\/m1specialty.com\/pt-br\/wp-json\/wp\/v2\/pages\/4816\/revisions\/7852"}],"wp:attachment":[{"href":"https:\/\/m1specialty.com\/pt-br\/wp-json\/wp\/v2\/media?parent=4816"}],"curies":[{"name":"wp","href":"https:\/\/api.w.org\/{rel}","templated":true}]}}