{"id":7677,"date":"2025-05-30T15:20:45","date_gmt":"2025-05-30T19:20:45","guid":{"rendered":"https:\/\/m1specialty.com\/home-redesign\/"},"modified":"2026-03-10T15:06:07","modified_gmt":"2026-03-10T19:06:07","slug":"home","status":"publish","type":"page","link":"https:\/\/m1specialty.com\/es\/","title":{"rendered":"Home"},"content":{"rendered":"<p>Alcanza tus Metas Financieras con ConfianzaNos asociamos con asesores financieros para ayudar a los inversionistas internacionales a maximizar cada etapa de la vida mediante oportunidades en los mercados burs\u00e1tiles globales, los principales gestores de fondos y los beneficios de una estructura de fideicomiso internacional.Alcanza tus Metas Financieras con ConfianzaNos asociamos con asesores financieros para ayudar a los inversionistas internacionales a maximizar cada etapa de la vida mediante oportunidades en los mercados burs\u00e1tiles globales, los principales gestores de fondos y los beneficios de una estructura de fideicomiso internacional.\u00bfCu\u00e1l es Nuestra Promesa?Buscamos ayudarte a prosperar financieramente, proteger lo que ganas y preservar tu patrimonio a lo largo del tiempo, superando fronteras geogr\u00e1ficas y a trav\u00e9s de m\u00faltiples generaciones.Escucharemos atentamente tus necesidades y demostraremos el m\u00e1s alto nivel de servicio, apertura y transparencia en nuestros productos.Desde 1998, hemos construido relaciones duraderas basadas en la confianza, la empat\u00eda y la honestidad; y prometemos hacer lo mismo contigo.&nbsp;<span><img decoding=\"async\" alt=\"\" data-id=\"3416\" width=\"1200\" data-init-width=\"1580\" height=\"566\" data-init-height=\"745\" title=\"M1 Banner\" loading=\"lazy\" src=\"https:\/\/m1specialty.com\/wp-content\/uploads\/2024\/02\/M1-Banner.png\" data-width=\"1200\" data-height=\"566\" style=\"aspect-ratio: auto 1580 \/ 745;\"><\/span>Para Cada <span style=\"--tcb-applied-color: var$(--tcb-color-11) !important; color: var(--tcb-color-11) !important;\">M<\/span>eta Hay <span style=\"--tcb-applied-color: var$(--tcb-color-11) !important; color: var(--tcb-color-11) !important;\">1<\/span> Soluci\u00f3n Simple<span data-id=\"icon-m1_specialty_brochure_icons_1_icon_black_retiring_comfortably\" style=\"\"><\/span><\/p>\n<p style=\"\">Jubilarse C\u00f3modamente<\/p>\n<p><span data-id=\"icon-m1_specialty_brochure_icons_1_icon_black_helping_the_next_generation\" style=\"\"><\/span><\/p>\n<p style=\"text-align: left;\">Apoyar a la Pr\u00f3xima Generaci\u00f3n<\/p>\n<p style=\"text-align: center;\">Apoyar a la Pr\u00f3xima Generaci\u00f3n<\/p>\n<p><span data-id=\"icon-m1_specialty_brochure_icons_1_icon_black_uniting_in_love\" style=\"\"><\/span><\/p>\n<p>Unirse en el Amor<\/p>\n<p><span data-id=\"icon-m1_specialty_brochure_icons_1_icon_black_buying_a_dream_home\" style=\"\"><\/span><\/p>\n<p style=\"text-align: left;\">Comprar la Casa de tus Sue\u00f1os<\/p>\n<p style=\"text-align: center;\">Comprar la Casa de tus Sue\u00f1os<\/p>\n<p><span data-id=\"icon-m1_specialty_brochure_icons_1_icon_black_higher_education\" style=\"\"><\/span><\/p>\n<p>Educaci\u00f3n Universitaria<\/p>\n<p><span data-id=\"icon-m1_specialty_brochure_icons_1_icon_black_opening_a_business\" style=\"\"><\/span><\/p>\n<p>Abrir un Negocio<\/p>\n<p><span data-id=\"icon-m1_specialty_brochure_icons_1_icon_black_starting_a_family\" style=\"\"><\/span><\/p>\n<p>Formar una Familia<\/p>\n<p><span data-id=\"icon-m1_specialty_brochure_icons_1_icon_black_ready_for_opportunities\" style=\"\"><\/span><\/p>\n<p style=\"text-align: left;\">Listos para las Oportunidades<\/p>\n<p style=\"text-align: center;\">Listos para las Oportunidades<\/p>\n<p><span data-id=\"icon-m1_specialty_brochure_icons_1_icon_black_traveling_in_style\" style=\"\"><\/span><\/p>\n<p>Viajar con Estilo<\/p>\n<p><span data-id=\"icon-m1_specialty_brochure_icons_1_icon_yellow_giving_back\"><\/span><\/p>\n<p>Retribuir<\/p>\n<p>\u00bfQu\u00e9 Distingue a <span style=\"font-size: 60px !important;\">M<span style=\"--tcb-applied-color: var$(--tcb-color-11) !important; color: var(--tcb-color-11) !important;\">1<\/span><\/span><span style=\"font-size: 10px !important;\"> <\/span>Specialty?<strong><\/strong>El impresionante potencial de crecimiento de los \u00edndices burs\u00e1tiles globales y algunos de los mejores gestores de fondos a nivel global.<strong><\/strong>La oferta m\u00e1s amplia de inversiones con protecci\u00f3n de capital en la industria.<span><img decoding=\"async\" alt=\"\" data-id=\"7572\" width=\"390\" data-init-width=\"2121\" height=\"260\" data-init-height=\"1414\" title=\"Couple with consultant.\" loading=\"lazy\" src=\"https:\/\/m1specialty.com\/wp-content\/uploads\/2025\/06\/Couple-pregnant-wife-with-advisor.jpg\" data-width=\"390\" data-height=\"260\" style=\"aspect-ratio: auto 2121 \/ 1414;\"><\/span><strong><\/strong>Su dinero est\u00e1 seguro con dos de los principales custodios del mundo.<span><img decoding=\"async\" alt=\"\" data-id=\"7577\" width=\"390\" data-init-width=\"2142\" height=\"255\" data-init-height=\"1400\" title=\"Financial advisor with Indian family\" loading=\"lazy\" src=\"https:\/\/m1specialty.com\/wp-content\/uploads\/2025\/06\/Advisor-with-middle-age-couple-iStock-1146830163-1.jpg\" data-width=\"390\" data-height=\"255\" style=\"aspect-ratio: auto 2142 \/ 1400;\"><\/span><strong><\/strong>Los beneficios de un Fideicomiso Internacional incluyen la protecci\u00f3n de sus activos y ventajas en la planificaci\u00f3n patrimonial.<span><img decoding=\"async\" alt=\"\" data-id=\"7587\" width=\"390\" data-init-width=\"1600\" height=\"237\" data-init-height=\"972\" title=\"WhatsApp Image 2025-06-19 at 11.32.22\" loading=\"lazy\" src=\"https:\/\/m1specialty.com\/wp-content\/uploads\/2025\/06\/WhatsApp-Image-2025-06-19-at-11.32.22.jpeg\" data-width=\"390\" data-height=\"237\" style=\"aspect-ratio: auto 1600 \/ 972;\"><\/span>\u00bfQui\u00e9n es <span style=\"font-size: 60px !important;\">M<span style=\"--tcb-applied-color: var$(--tcb-color-11) !important; color: var(--tcb-color-11) !important;\">1<\/span><\/span><span style=\"font-size: 9px !important;\"> <\/span>Specialty?<span><img decoding=\"async\" alt=\"\" data-id=\"7516\" width=\"714\" data-init-width=\"1600\" height=\"441\" data-init-height=\"988\" title=\"map\" loading=\"lazy\" src=\"https:\/\/m1specialty.com\/wp-content\/uploads\/2025\/06\/map.jpeg\" data-width=\"714\" data-height=\"441\" style=\"aspect-ratio: auto 1600 \/ 988;\"><\/span>Como un grupo asegurador internacional que opera en m\u00faltiples jurisdicciones, M1Admin LLC ofrece las oportunidades de crecimiento de los mercados financieros globales y de los principales gestores de activos a trav\u00e9s de una estructura fiduciaria, la cual preserva y protege los activos de los inversionistas.Aprovecharemos nuestra experiencia y conocimiento para ayudarle a alcanzar cada meta financiera en la vida con confianza.Nos esforzaremos por construir una relaci\u00f3n a largo plazo basada en la empat\u00eda, la honestidad, la apertura y, una palabra que es fundamental para nosotros: la confianza.Recibir\u00e1 un servicio excepcional y acceso en l\u00ednea y desde la app las 24 Horas, los 7 d\u00edas de la semana<span style=\"\"><\/span>Nuestro equipo de atenci\u00f3n multiling\u00fce le brindar\u00e1 orientaci\u00f3n personalizada, informaci\u00f3n \u00fatil y respuestas. En nuestro sitio web y aplicaci\u00f3n, siempre puedes:<\/p>\n<ul>\n<li><!--! Font Awesome Free 6.7.1 by @fontawesome - https:\/\/fontawesome.com License - https:\/\/fontawesome.com\/license\/free (Icons: CC BY 4.0, Fonts: SIL OFL 1.1, Code: MIT License) Copyright 2024 Fonticons, Inc. --><span style=\"\"><strong>Realizar aportes en tiempo real.<\/strong><\/span><\/li>\n<li><!--! Font Awesome Free 6.7.1 by @fontawesome - https:\/\/fontawesome.com License - https:\/\/fontawesome.com\/license\/free (Icons: CC BY 4.0, Fonts: SIL OFL 1.1, Code: MIT License) Copyright 2024 Fonticons, Inc. --><span style=\"\"><strong>Obtener actualizaciones de rendimiento, estados de cuenta, formularios, documentos y actividad de transacciones.<\/strong><\/span><\/li>\n<li><!--! Font Awesome Free 6.7.1 by @fontawesome - https:\/\/fontawesome.com License - https:\/\/fontawesome.com\/license\/free (Icons: CC BY 4.0, Fonts: SIL OFL 1.1, Code: MIT License) Copyright 2024 Fonticons, Inc. --><span style=\"\"><strong>Actualizar informaci\u00f3n personal, cambiar fondos y mucho m\u00e1s.<\/strong><\/span><\/li>\n<\/ul>\n<p><span><img decoding=\"async\" alt=\"\" data-id=\"7538\" width=\"714\" data-init-width=\"1500\" height=\"476\" data-init-height=\"1000\" title=\"Hand holding app with M1 screen\" loading=\"lazy\" src=\"https:\/\/m1specialty.com\/wp-content\/uploads\/2025\/06\/Hand-holding-app-with-M1-screen.png\" data-width=\"714\" data-height=\"476\" style=\"aspect-ratio: auto 1500 \/ 1000;\"><\/span><span><a href=\"https:\/\/apps.apple.com\/us\/app\/m1-direct\/id6447723145\" target=\"_blank\"><img decoding=\"async\" alt=\"\" data-id=\"7377\" width=\"228\" data-init-width=\"2000\" height=\"68\" data-init-height=\"595\" title=\"download-on-the-app-store-flat-badge-seeklogo\" loading=\"lazy\" src=\"https:\/\/m1specialty.com\/wp-content\/uploads\/2025\/05\/download-on-the-app-store-flat-badge-seeklogo.png\" data-width=\"228\" data-height=\"68\" style=\"aspect-ratio: auto 2000 \/ 595;\" data-link-wrap=\"true\"><\/a><\/span><span><a href=\"https:\/\/play.google.com\/store\/apps\/details?id=com.companyname.m1specialty.producers\" target=\"_blank\"><img decoding=\"async\" alt=\"\" data-id=\"7367\" width=\"289\" data-init-width=\"2000\" height=\"86\" data-init-height=\"593\" title=\"get-it-on-google-play-badge-seeklogo\" loading=\"lazy\" src=\"https:\/\/m1specialty.com\/wp-content\/uploads\/2025\/05\/get-it-on-google-play-badge-seeklogo.png\" data-width=\"289\" data-height=\"86\" style=\"aspect-ratio: auto 2000 \/ 593;\" data-link-wrap=\"true\"><\/a><\/span>Estamos listos para ayudarte a maximizar cada etapa importante de la vida y construir una relaci\u00f3n con&#8230;<span>T<\/span><span>odo el potencial de los \u00edndices burs\u00e1tiles globales<\/span><span>R<\/span><span>econocidos gestores de fondos de inversi\u00f3n<\/span><span>U<\/span><span>n servicio de alta calidad<\/span><span>S<\/span><span>implificaci\u00f3n en nuestros productos y procesos<\/span><span>T<\/span><span>ranquilidad a trav\u00e9s de un fideicomiso internacional<\/span><span> <\/span>&#8230;confianza total!Expande tu Portfolio y Tambien tus Horizontes<span>Por favor consulte con su asesor financiero, cont\u00e1ctenos al <span style=\"--tcb-applied-color: var$(--tcb-color-13) !important; color: var(--tcb-color-13) !important;\">+1-800-201-7205<\/span>, o escanee abajo para explorar m\u00e1s sobre M1 Specialty<\/span><span><img decoding=\"async\" alt=\"\" data-id=\"7474\" width=\"1200\" data-init-width=\"2119\" height=\"801\" data-init-height=\"1415\" title=\"Man on wooden walkway at dusk, Denmark\" loading=\"lazy\" src=\"https:\/\/m1specialty.com\/wp-content\/uploads\/2025\/06\/Man-at-the-end-of-a-long-pier-iStock-2191400367.jpg\" data-width=\"1200\" data-height=\"801\" style=\"aspect-ratio: auto 2119 \/ 1415;\"><\/span><\/p>\n","protected":false},"excerpt":{"rendered":"<p>Alcanza tus Metas Financieras con ConfianzaNos asociamos con asesores financieros para ayudar a los inversionistas internacionales a maximizar cada etapa de la vida mediante oportunidades en los mercados burs\u00e1tiles globales, los principales gestores de fondos y los beneficios de una estructura de fideicomiso internacional.Alcanza tus Metas Financieras con ConfianzaNos asociamos con asesores financieros para ayudar [&hellip;]<\/p>\n","protected":false},"author":8,"featured_media":0,"parent":0,"menu_order":0,"comment_status":"closed","ping_status":"closed","template":"","meta":{"inline_featured_image":false,"footnotes":""},"class_list":["post-7677","page","type-page","status-publish","hentry","post-wrapper","thrv_wrapper"],"yoast_head":"<!-- This site is optimized with the Yoast SEO Premium plugin v20.3 (Yoast SEO v20.3) - https:\/\/yoast.com\/wordpress\/plugins\/seo\/ -->\n<title>M1 Specialty | Planes de Inversi\u00f3n<\/title>\n<meta name=\"description\" content=\"M1 Specialty ofrece planes de ahorro simples y efectivos. Planifique su futuro financiero con nuestros productos integrales y acceso global\" \/>\n<meta name=\"robots\" content=\"index, follow, max-snippet:-1, max-image-preview:large, max-video-preview:-1\" \/>\n<link rel=\"canonical\" href=\"https:\/\/m1specialty.com\/es\/\" \/>\n<meta property=\"og:locale\" content=\"es_ES\" \/>\n<meta property=\"og:type\" content=\"article\" \/>\n<meta property=\"og:title\" content=\"Home\" \/>\n<meta property=\"og:description\" content=\"M1 Specialty ofrece planes de ahorro simples y efectivos. Planifique su futuro financiero con nuestros productos integrales y acceso global\" \/>\n<meta property=\"og:url\" content=\"https:\/\/m1specialty.com\/es\/\" \/>\n<meta property=\"og:site_name\" content=\"M1 Specialty\" \/>\n<meta property=\"article:publisher\" content=\"https:\/\/www.facebook.com\/M1Specialty\/\" \/>\n<meta property=\"article:modified_time\" content=\"2026-03-10T19:06:07+00:00\" \/>\n<meta property=\"og:image\" content=\"https:\/\/m1specialty.com\/wp-content\/uploads\/2024\/02\/M1-Banner.png\" \/>\n<meta name=\"twitter:card\" content=\"summary_large_image\" \/>\n<meta name=\"twitter:site\" content=\"@m1specialty\" \/>\n<meta name=\"twitter:label1\" content=\"Tiempo de lectura\" \/>\n\t<meta name=\"twitter:data1\" content=\"5 minutos\" \/>\n<script type=\"application\/ld+json\" class=\"yoast-schema-graph\">{\"@context\":\"https:\/\/schema.org\",\"@graph\":[{\"@type\":\"WebPage\",\"@id\":\"https:\/\/m1specialty.com\/es\/\",\"url\":\"https:\/\/m1specialty.com\/es\/\",\"name\":\"M1 Specialty | Planes de Inversi\u00f3n\",\"isPartOf\":{\"@id\":\"https:\/\/m1specialty.com\/es\/#website\"},\"datePublished\":\"2025-05-30T19:20:45+00:00\",\"dateModified\":\"2026-03-10T19:06:07+00:00\",\"description\":\"M1 Specialty ofrece planes de ahorro simples y efectivos. Planifique su futuro financiero con nuestros productos integrales y acceso global\",\"breadcrumb\":{\"@id\":\"https:\/\/m1specialty.com\/es\/#breadcrumb\"},\"inLanguage\":\"es\",\"potentialAction\":[{\"@type\":\"ReadAction\",\"target\":[\"https:\/\/m1specialty.com\/es\/\"]}]},{\"@type\":\"BreadcrumbList\",\"@id\":\"https:\/\/m1specialty.com\/es\/#breadcrumb\",\"itemListElement\":[{\"@type\":\"ListItem\",\"position\":1,\"name\":\"Home\",\"item\":\"https:\/\/m1specialty.com\/es\/\"},{\"@type\":\"ListItem\",\"position\":2,\"name\":\"Home\"}]},{\"@type\":\"WebSite\",\"@id\":\"https:\/\/m1specialty.com\/es\/#website\",\"url\":\"https:\/\/m1specialty.com\/es\/\",\"name\":\"M1 Specialty\",\"description\":\"Simple and effective unit-linked insurance solutions\",\"publisher\":{\"@id\":\"https:\/\/m1specialty.com\/es\/#organization\"},\"potentialAction\":[{\"@type\":\"SearchAction\",\"target\":{\"@type\":\"EntryPoint\",\"urlTemplate\":\"https:\/\/m1specialty.com\/es\/?s={search_term_string}\"},\"query-input\":\"required name=search_term_string\"}],\"inLanguage\":\"es\"},{\"@type\":\"Organization\",\"@id\":\"https:\/\/m1specialty.com\/es\/#organization\",\"name\":\"M1 Specialty\",\"url\":\"https:\/\/m1specialty.com\/es\/\",\"logo\":{\"@type\":\"ImageObject\",\"inLanguage\":\"es\",\"@id\":\"https:\/\/m1specialty.com\/es\/#\/schema\/logo\/image\/\",\"url\":\"https:\/\/m1specialty.com\/wp-content\/uploads\/2023\/03\/logo-yoast-m1.png\",\"contentUrl\":\"https:\/\/m1specialty.com\/wp-content\/uploads\/2023\/03\/logo-yoast-m1.png\",\"width\":696,\"height\":696,\"caption\":\"M1 Specialty\"},\"image\":{\"@id\":\"https:\/\/m1specialty.com\/es\/#\/schema\/logo\/image\/\"},\"sameAs\":[\"https:\/\/www.facebook.com\/M1Specialty\/\",\"https:\/\/twitter.com\/m1specialty\",\"https:\/\/www.linkedin.com\/company\/m1specialty\/\",\"https:\/\/www.instagram.com\/m1specialty\/\"]}]}<\/script>\n<!-- \/ Yoast SEO Premium plugin. -->","yoast_head_json":{"title":"M1 Specialty | Planes de Inversi\u00f3n","description":"M1 Specialty ofrece planes de ahorro simples y efectivos. Planifique su futuro financiero con nuestros productos integrales y acceso global","robots":{"index":"index","follow":"follow","max-snippet":"max-snippet:-1","max-image-preview":"max-image-preview:large","max-video-preview":"max-video-preview:-1"},"canonical":"https:\/\/m1specialty.com\/es\/","og_locale":"es_ES","og_type":"article","og_title":"Home","og_description":"M1 Specialty ofrece planes de ahorro simples y efectivos. Planifique su futuro financiero con nuestros productos integrales y acceso global","og_url":"https:\/\/m1specialty.com\/es\/","og_site_name":"M1 Specialty","article_publisher":"https:\/\/www.facebook.com\/M1Specialty\/","article_modified_time":"2026-03-10T19:06:07+00:00","og_image":[{"url":"https:\/\/m1specialty.com\/wp-content\/uploads\/2024\/02\/M1-Banner.png"}],"twitter_card":"summary_large_image","twitter_site":"@m1specialty","twitter_misc":{"Tiempo de lectura":"5 minutos"},"schema":{"@context":"https:\/\/schema.org","@graph":[{"@type":"WebPage","@id":"https:\/\/m1specialty.com\/es\/","url":"https:\/\/m1specialty.com\/es\/","name":"M1 Specialty | Planes de Inversi\u00f3n","isPartOf":{"@id":"https:\/\/m1specialty.com\/es\/#website"},"datePublished":"2025-05-30T19:20:45+00:00","dateModified":"2026-03-10T19:06:07+00:00","description":"M1 Specialty ofrece planes de ahorro simples y efectivos. Planifique su futuro financiero con nuestros productos integrales y acceso global","breadcrumb":{"@id":"https:\/\/m1specialty.com\/es\/#breadcrumb"},"inLanguage":"es","potentialAction":[{"@type":"ReadAction","target":["https:\/\/m1specialty.com\/es\/"]}]},{"@type":"BreadcrumbList","@id":"https:\/\/m1specialty.com\/es\/#breadcrumb","itemListElement":[{"@type":"ListItem","position":1,"name":"Home","item":"https:\/\/m1specialty.com\/es\/"},{"@type":"ListItem","position":2,"name":"Home"}]},{"@type":"WebSite","@id":"https:\/\/m1specialty.com\/es\/#website","url":"https:\/\/m1specialty.com\/es\/","name":"M1 Specialty","description":"Simple and effective unit-linked insurance solutions","publisher":{"@id":"https:\/\/m1specialty.com\/es\/#organization"},"potentialAction":[{"@type":"SearchAction","target":{"@type":"EntryPoint","urlTemplate":"https:\/\/m1specialty.com\/es\/?s={search_term_string}"},"query-input":"required name=search_term_string"}],"inLanguage":"es"},{"@type":"Organization","@id":"https:\/\/m1specialty.com\/es\/#organization","name":"M1 Specialty","url":"https:\/\/m1specialty.com\/es\/","logo":{"@type":"ImageObject","inLanguage":"es","@id":"https:\/\/m1specialty.com\/es\/#\/schema\/logo\/image\/","url":"https:\/\/m1specialty.com\/wp-content\/uploads\/2023\/03\/logo-yoast-m1.png","contentUrl":"https:\/\/m1specialty.com\/wp-content\/uploads\/2023\/03\/logo-yoast-m1.png","width":696,"height":696,"caption":"M1 Specialty"},"image":{"@id":"https:\/\/m1specialty.com\/es\/#\/schema\/logo\/image\/"},"sameAs":["https:\/\/www.facebook.com\/M1Specialty\/","https:\/\/twitter.com\/m1specialty","https:\/\/www.linkedin.com\/company\/m1specialty\/","https:\/\/www.instagram.com\/m1specialty\/"]}]}},"_links":{"self":[{"href":"https:\/\/m1specialty.com\/es\/wp-json\/wp\/v2\/pages\/7677","targetHints":{"allow":["GET"]}}],"collection":[{"href":"https:\/\/m1specialty.com\/es\/wp-json\/wp\/v2\/pages"}],"about":[{"href":"https:\/\/m1specialty.com\/es\/wp-json\/wp\/v2\/types\/page"}],"author":[{"embeddable":true,"href":"https:\/\/m1specialty.com\/es\/wp-json\/wp\/v2\/users\/8"}],"replies":[{"embeddable":true,"href":"https:\/\/m1specialty.com\/es\/wp-json\/wp\/v2\/comments?post=7677"}],"version-history":[{"count":11,"href":"https:\/\/m1specialty.com\/es\/wp-json\/wp\/v2\/pages\/7677\/revisions"}],"predecessor-version":[{"id":8004,"href":"https:\/\/m1specialty.com\/es\/wp-json\/wp\/v2\/pages\/7677\/revisions\/8004"}],"wp:attachment":[{"href":"https:\/\/m1specialty.com\/es\/wp-json\/wp\/v2\/media?parent=7677"}],"curies":[{"name":"wp","href":"https:\/\/api.w.org\/{rel}","templated":true}]}}