{"id":6525,"date":"2024-12-02T19:18:15","date_gmt":"2024-12-02T23:18:15","guid":{"rendered":"https:\/\/m1specialty.com\/bloomberg-gatr-index-data\/"},"modified":"2025-10-29T19:47:38","modified_gmt":"2025-10-29T23:47:38","slug":"bloomberg-gatr-index-data","status":"publish","type":"page","link":"https:\/\/m1specialty.com\/es\/bloomberg-gatr-index-data\/","title":{"rendered":"Bloomberg GATR &#8211; Index Data"},"content":{"rendered":"<p style=\"text-align: right;\">Informaci\u00f3n del \u00cdndice<\/p>\n<p style=\"\">30 de Septiembre, 2025<\/p>\n<p style=\"text-align: center;\"><strong>\u00cdndice de Rendimiento Total Agregado Global de Bloomberg<\/strong><\/p>\n<p>El \u00edndice Bloomberg Global Aggregate es una medida clave de la deuda global con grado de inversi\u00f3n en veintiocho mercados de moneda local. Este \u00edndice sigue el desempe\u00f1o de los mercados globales de bonos con grado de inversi\u00f3n y tasa fija. El \u00edndice de referencia incluye bonos gubernamentales, relacionados con el gobierno y corporativos, junto con t\u00edtulos respaldados por activos, hipotecas y t\u00edtulos respaldados por hipotecas comerciales de emisores de mercados desarrollados y emergentes. El \u00edndice Global Aggregate se lanz\u00f3 en diciembre de 1998, con sus datos hist\u00f3ricos actualizados hasta el 1 de enero de 1990.Ponderaci\u00f3n por Pa\u00eds<\/p>\n<table data-rows=\"18\" data-cols=\"3\" data-v=\"middle\">\n<thead>\n<tr>\n<th style=\"\">Posici\u00f3n<\/th>\n<th style=\"\">Pa\u00eds<\/th>\n<th style=\"\">%<\/th>\n<\/tr>\n<\/thead>\n<tbody>\n<tr>\n<td style=\"\" data-th=\"Posici\u00f3n\"><\/td>\n<td style=\"\" data-th=\"Pa\u00eds\">\n<p>Estados Unidos<\/p>\n<\/td>\n<td style=\"\" data-th=\"%\">\n<p>41.09<\/p>\n<\/td>\n<\/tr>\n<tr>\n<td style=\"\" rowspan=\"1\" colspan=\"1\" data-th=\"Posici\u00f3n\"><\/td>\n<td style=\"\" rowspan=\"1\" colspan=\"1\" data-th=\"Pa\u00eds\">\n<p>China<\/p>\n<\/td>\n<td style=\"\" rowspan=\"1\" colspan=\"1\" data-th=\"%\">\n<p>10.25<\/p>\n<\/td>\n<\/tr>\n<tr>\n<td style=\"\" rowspan=\"1\" colspan=\"1\" data-th=\"Posici\u00f3n\"><\/td>\n<td style=\"\" rowspan=\"1\" colspan=\"1\" data-th=\"Pa\u00eds\">\n<p>Jap\u00f3n<\/p>\n<\/td>\n<td style=\"\" rowspan=\"1\" colspan=\"1\" data-th=\"%\">\n<p>9.80<\/p>\n<\/td>\n<\/tr>\n<tr>\n<td style=\"\" rowspan=\"1\" colspan=\"1\" data-th=\"Posici\u00f3n\"><\/td>\n<td style=\"\" rowspan=\"1\" colspan=\"1\" data-th=\"Pa\u00eds\">\n<p>Francia<\/p>\n<\/td>\n<td style=\"\" rowspan=\"1\" colspan=\"1\" data-th=\"%\">\n<p>4.99<\/p>\n<\/td>\n<\/tr>\n<tr>\n<td style=\"\" rowspan=\"1\" colspan=\"1\" data-th=\"Posici\u00f3n\"><\/td>\n<td style=\"\" rowspan=\"1\" colspan=\"1\" data-th=\"Pa\u00eds\">\n<p>Reino Unido<\/p>\n<\/td>\n<td style=\"\" rowspan=\"1\" colspan=\"1\" data-th=\"%\">\n<p>4.59<\/p>\n<\/td>\n<\/tr>\n<tr>\n<td style=\"\" rowspan=\"1\" colspan=\"1\" data-th=\"Posici\u00f3n\"><\/td>\n<td style=\"\" rowspan=\"1\" colspan=\"1\" data-th=\"Pa\u00eds\">\n<p>Alemania<\/p>\n<\/td>\n<td style=\"\" rowspan=\"1\" colspan=\"1\" data-th=\"%\">\n<p>4.57<\/p>\n<\/td>\n<\/tr>\n<tr>\n<td style=\"\" rowspan=\"1\" colspan=\"1\" data-th=\"Posici\u00f3n\"><\/td>\n<td style=\"\" rowspan=\"1\" colspan=\"1\" data-th=\"Pa\u00eds\">\n<p>Canad\u00e1<\/p>\n<\/td>\n<td style=\"\" rowspan=\"1\" colspan=\"1\" data-th=\"%\">\n<p>3.46<\/p>\n<\/td>\n<\/tr>\n<tr>\n<td style=\"\" rowspan=\"1\" colspan=\"1\" data-th=\"Posici\u00f3n\"><\/td>\n<td style=\"\" rowspan=\"1\" colspan=\"1\" data-th=\"Pa\u00eds\">\n<p>Italia<\/p>\n<\/td>\n<td style=\"\" rowspan=\"1\" colspan=\"1\" data-th=\"%\">\n<p>3.12<\/p>\n<\/td>\n<\/tr>\n<tr>\n<td style=\"\" rowspan=\"1\" colspan=\"1\" data-th=\"Posici\u00f3n\"><\/td>\n<td style=\"\" rowspan=\"1\" colspan=\"1\" data-th=\"Pa\u00eds\">\n<p>Supranacional<\/p>\n<\/td>\n<td style=\"\" rowspan=\"1\" colspan=\"1\" data-th=\"%\">\n<p>2.38<\/p>\n<\/td>\n<\/tr>\n<tr>\n<td style=\"\" rowspan=\"1\" colspan=\"1\" data-th=\"Posici\u00f3n\"><\/td>\n<td style=\"\" rowspan=\"1\" colspan=\"1\" data-th=\"Pa\u00eds\">\n<p>Spain<\/p>\n<\/td>\n<td style=\"\" rowspan=\"1\" colspan=\"1\" data-th=\"%\">\n<p>2.20<\/p>\n<\/td>\n<\/tr>\n<tr>\n<td style=\"\" rowspan=\"1\" colspan=\"1\" data-th=\"Posici\u00f3n\"><\/td>\n<td style=\"\" rowspan=\"1\" colspan=\"1\" data-th=\"Pa\u00eds\">\n<p>Espa\u00f1a<\/p>\n<\/td>\n<td style=\"\" rowspan=\"1\" colspan=\"1\" data-th=\"%\">\n<p>1.66<\/p>\n<\/td>\n<\/tr>\n<tr>\n<td style=\"\" rowspan=\"1\" colspan=\"1\" data-th=\"Posici\u00f3n\"><\/td>\n<td style=\"\" rowspan=\"1\" colspan=\"1\" data-th=\"Pa\u00eds\">\n<p>Corea del Sur<\/p>\n<\/td>\n<td style=\"\" rowspan=\"1\" colspan=\"1\" data-th=\"%\">\n<p>1.24<\/p>\n<\/td>\n<\/tr>\n<tr>\n<td style=\"\" rowspan=\"1\" colspan=\"1\" data-th=\"Posici\u00f3n\"><\/td>\n<td style=\"\" rowspan=\"1\" colspan=\"1\" data-th=\"Pa\u00eds\">\n<p>Pa\u00edses Bajos<\/p>\n<\/td>\n<td style=\"\" rowspan=\"1\" colspan=\"1\" data-th=\"%\">\n<p>1.17<\/p>\n<\/td>\n<\/tr>\n<tr>\n<td style=\"\" rowspan=\"1\" colspan=\"1\" data-th=\"Posici\u00f3n\"><\/td>\n<td style=\"\" rowspan=\"1\" colspan=\"1\" data-th=\"Pa\u00eds\">\n<p>B\u00e9lgica<\/p>\n<\/td>\n<td style=\"\" rowspan=\"1\" colspan=\"1\" data-th=\"%\">\n<p>0.88<\/p>\n<\/td>\n<\/tr>\n<tr>\n<td style=\"\" rowspan=\"1\" colspan=\"1\" data-th=\"Posici\u00f3n\"><\/td>\n<td style=\"\" rowspan=\"1\" colspan=\"1\" data-th=\"Pa\u00eds\">\n<p>Suiza<\/p>\n<\/td>\n<td style=\"\" rowspan=\"1\" colspan=\"1\" data-th=\"%\">\n<p>0.85<\/p>\n<\/td>\n<\/tr>\n<tr>\n<td style=\"\" rowspan=\"1\" colspan=\"1\" data-th=\"Posici\u00f3n\"><\/td>\n<td style=\"\" rowspan=\"1\" colspan=\"1\" data-th=\"Pa\u00eds\">\n<p>Austria<\/p>\n<\/td>\n<td style=\"\" rowspan=\"1\" colspan=\"1\" data-th=\"%\">\n<p>0.62<\/p>\n<\/td>\n<\/tr>\n<tr>\n<td style=\"\" rowspan=\"1\" colspan=\"1\" data-th=\"Posici\u00f3n\"><\/td>\n<td style=\"\" rowspan=\"1\" colspan=\"1\" data-th=\"Pa\u00eds\">\n<p>Otro<\/p>\n<\/td>\n<td style=\"\" rowspan=\"1\" colspan=\"1\" data-th=\"%\">\n<p>4.38<\/p>\n<\/td>\n<\/tr>\n<\/tbody>\n<\/table>\n<p><span><img decoding=\"async\" alt=\"\" data-id=\"6262\" width=\"585\" data-init-width=\"585\" height=\"585\" data-init-height=\"585\" title=\"Bloomberg pie\" loading=\"lazy\" src=\"https:\/\/m1specialty.com\/wp-content\/uploads\/2025\/01\/Bloomberg-pie.png\" data-width=\"585\" data-height=\"585\" style=\"aspect-ratio: auto 585 \/ 585;\"><\/span>Rendimiento del \u00cdndiceRendimientos Anualizados al 30 de septiembre de 2025<\/p>\n<table data-rows=\"2\" data-cols=\"6\" data-v=\"middle\">\n<thead>\n<tr>\n<th style=\"\">Header<\/th>\n<th style=\"\">A\u00f1o a la Fecha<\/th>\n<th style=\"\">1 A\u00f1o<\/th>\n<th style=\"\">3 A\u00f1os<\/th>\n<th style=\"\">5 A\u00f1os<\/th>\n<th colspan=\"1\" rowspan=\"1\" style=\"\">10 A\u00f1os<\/th>\n<\/tr>\n<\/thead>\n<tbody>\n<tr>\n<td style=\"\">Retorno de Precio<\/td>\n<td style=\"\">7.37%<\/td>\n<td style=\"\">1.72%<\/td>\n<td style=\"\">10.50%<\/td>\n<td style=\"\">-8.48%<\/td>\n<td colspan=\"1\" rowspan=\"1\" style=\"\">11.90%<\/td>\n<\/tr>\n<\/tbody>\n<\/table>\n<table data-rows=\"6\" data-cols=\"2\">\n<thead>\n<tr>\n<th>Header<\/th>\n<th>Retorno de Precio<\/th>\n<\/tr>\n<\/thead>\n<tbody>\n<tr>\n<td>A\u00f1o a la Fecha<\/td>\n<td>7.37%<\/td>\n<\/tr>\n<tr>\n<td>1 A\u00f1o<\/td>\n<td>1.72%<\/td>\n<\/tr>\n<tr>\n<td>3 A\u00f1os<\/td>\n<td>10.50%<\/td>\n<\/tr>\n<tr>\n<td rowspan=\"1\" colspan=\"1\">5 A\u00f1os<\/td>\n<td rowspan=\"1\" colspan=\"1\">-8.48%<\/td>\n<\/tr>\n<tr>\n<td>10 A\u00f1os<\/td>\n<td>11.90%<\/td>\n<\/tr>\n<\/tbody>\n<\/table>\n<p>Datos al 30 de Septiembre de 2025<\/p>\n<table data-rows=\"12\" data-cols=\"3\" data-v=\"middle\">\n<thead>\n<tr>\n<th style=\"width: 120px;\">Posici\u00f3n<\/th>\n<th style=\"\">Pa\u00eds<\/th>\n<th style=\"\">%<\/th>\n<\/tr>\n<\/thead>\n<tbody>\n<tr>\n<td style=\"\" data-th=\"Posici\u00f3n\"><\/td>\n<td style=\"\" data-th=\"Pa\u00eds\">\n<p>Tesorer\u00eda<\/p>\n<\/td>\n<td style=\"\" data-th=\"%\">\n<p>54.99<\/p>\n<\/td>\n<\/tr>\n<tr>\n<td style=\"\" rowspan=\"1\" colspan=\"1\" data-th=\"Posici\u00f3n\"><\/td>\n<td style=\"\" rowspan=\"1\" colspan=\"1\" data-th=\"Pa\u00eds\">\n<p>T\u00edtulos Respaldados por Hipotecas<\/p>\n<\/td>\n<td style=\"\" rowspan=\"1\" colspan=\"1\" data-th=\"%\">\n<p>11.68<\/p>\n<\/td>\n<\/tr>\n<tr>\n<td style=\"\" rowspan=\"1\" colspan=\"1\" data-th=\"Posici\u00f3n\"><\/td>\n<td style=\"\" rowspan=\"1\" colspan=\"1\" data-th=\"Pa\u00eds\">\n<p>Corporativo &#8211; Industrial<\/p>\n<\/td>\n<td style=\"\" rowspan=\"1\" colspan=\"1\" data-th=\"%\">\n<p>9.37<\/p>\n<\/td>\n<\/tr>\n<tr>\n<td style=\"\" rowspan=\"1\" colspan=\"1\" data-th=\"Posici\u00f3n\"><\/td>\n<td style=\"\" rowspan=\"1\" colspan=\"1\" data-th=\"Pa\u00eds\">\n<p>Corporativo &#8211; Finanzas<\/p>\n<\/td>\n<td style=\"\" rowspan=\"1\" colspan=\"1\" data-th=\"%\">\n<p>7.06<\/p>\n<\/td>\n<\/tr>\n<tr>\n<td style=\"\" rowspan=\"1\" colspan=\"1\" data-th=\"Posici\u00f3n\"><\/td>\n<td style=\"\" rowspan=\"1\" colspan=\"1\" data-th=\"Pa\u00eds\">\n<p>Agencia<\/p>\n<\/td>\n<td style=\"\" rowspan=\"1\" colspan=\"1\" data-th=\"%\">\n<p>6.21<\/p>\n<\/td>\n<\/tr>\n<tr>\n<td style=\"\" rowspan=\"1\" colspan=\"1\" data-th=\"Posici\u00f3n\"><\/td>\n<td style=\"\" rowspan=\"1\" colspan=\"1\" data-th=\"Pa\u00eds\">\n<p>No Corporativos<\/p>\n<\/td>\n<td style=\"\" rowspan=\"1\" colspan=\"1\" data-th=\"%\">\n<p>5.67<\/p>\n<\/td>\n<\/tr>\n<tr>\n<td style=\"\" rowspan=\"1\" colspan=\"1\" data-th=\"Posici\u00f3n\"><\/td>\n<td style=\"\" rowspan=\"1\" colspan=\"1\" data-th=\"Pa\u00eds\">\n<p>Corporativo &#8211; Utilidades<\/p>\n<\/td>\n<td style=\"\" rowspan=\"1\" colspan=\"1\" data-th=\"%\">\n<p>1.66<\/p>\n<\/td>\n<\/tr>\n<tr>\n<td style=\"\" rowspan=\"1\" colspan=\"1\" data-th=\"Posici\u00f3n\"><\/td>\n<td style=\"\" rowspan=\"1\" colspan=\"1\" data-th=\"Pa\u00eds\">\n<p>CMBS<\/p>\n<\/td>\n<td style=\"\" rowspan=\"1\" colspan=\"1\" data-th=\"%\">\n<p>0.64<\/p>\n<\/td>\n<\/tr>\n<tr>\n<td style=\"\" rowspan=\"1\" colspan=\"1\" data-th=\"Posici\u00f3n\"><\/td>\n<td style=\"\" rowspan=\"1\" colspan=\"1\" data-th=\"Pa\u00eds\">\n<p>Efectivo<\/p>\n<\/td>\n<td style=\"\" rowspan=\"1\" colspan=\"1\" data-th=\"%\">\n<p>0.41<\/p>\n<\/td>\n<\/tr>\n<tr>\n<td style=\"\" rowspan=\"1\" colspan=\"1\" data-th=\"Posici\u00f3n\"><\/td>\n<td style=\"\" rowspan=\"1\" colspan=\"1\" data-th=\"Pa\u00eds\">\n<p>Valores Respaldados por Activos<\/p>\n<\/td>\n<td style=\"\" rowspan=\"1\" colspan=\"1\" data-th=\"%\">\n<p>0.04<\/p>\n<\/td>\n<\/tr>\n<tr>\n<td style=\"\" rowspan=\"1\" colspan=\"1\" data-th=\"Posici\u00f3n\"><\/td>\n<td style=\"\" rowspan=\"1\" colspan=\"1\" data-th=\"Pa\u00eds\">\n<p>Otro<\/p>\n<\/td>\n<td style=\"\" rowspan=\"1\" colspan=\"1\" data-th=\"%\">\n<p>2.29<\/p>\n<\/td>\n<\/tr>\n<\/tbody>\n<\/table>\n<p style=\"text-align: center;\">Representaci\u00f3n Sectorial<\/p>\n<p><span><img decoding=\"async\" alt=\"\" data-id=\"6257\" width=\"385\" data-init-width=\"643\" height=\"385\" data-init-height=\"643\" title=\"Bloomberg donut\" loading=\"lazy\" src=\"https:\/\/m1specialty.com\/wp-content\/uploads\/2025\/01\/Bloomberg-donut.png\" data-width=\"385\" data-height=\"385\" style=\"aspect-ratio: auto 643 \/ 643;\"><\/span>Top 10 Principales Constituyentes<\/p>\n<table data-rows=\"7\" data-cols=\"4\">\n<thead><\/thead>\n<tbody>\n<tr>\n<td style=\"\">\n<p style=\"\">1. FNCL 2 2021 W2D<\/p>\n<\/td>\n<td style=\"\">\n<p style=\"\">0.70%<\/p>\n<\/td>\n<td style=\"\">\n<p style=\"\">7. US TREASURY N\/B 4.38 05\/15\/2034<\/p>\n<\/td>\n<td style=\"\">\n<p style=\"\">0.18%<\/p>\n<\/td>\n<\/tr>\n<tr>\n<td style=\"\">\n<p style=\"\">2. FNCL 2 2020 W2D<\/p>\n<\/td>\n<td style=\"\">\n<p style=\"\">0.48%<\/p>\n<\/td>\n<td style=\"\">\n<p style=\"\">8. TREASURY BILL N\/B 4.00 02\/15\/2034<\/p>\n<\/td>\n<td style=\"\">\n<p style=\"\">0.18%<\/p>\n<\/td>\n<\/tr>\n<tr>\n<td style=\"\">\n<p style=\"\">3. FNCL 2.5 2021 W2D<\/p>\n<\/td>\n<td style=\"\">\n<p style=\"\">0.38%<\/p>\n<\/td>\n<td style=\"\">\n<p style=\"\">9. TREASURY BILL N\/B 3.875 08\/15\/2034<\/p>\n<\/td>\n<td style=\"\">\n<p style=\"\">0.17%<\/p>\n<\/td>\n<\/tr>\n<tr>\n<td rowspan=\"1\" colspan=\"1\" style=\"\">\n<p style=\"\">4. GS2SF 2 2021 MULTI<\/p>\n<\/td>\n<td rowspan=\"1\" colspan=\"1\" style=\"\">\n<p style=\"\">0.25%<\/p>\n<\/td>\n<td rowspan=\"1\" colspan=\"1\" style=\"\">\n<p style=\"\">10. US TREASURY N\/B 4.5 11\/15\/2033<\/p>\n<\/td>\n<td rowspan=\"1\" colspan=\"1\" style=\"\">\n<p style=\"\">0.17%<\/p>\n<\/td>\n<\/tr>\n<tr>\n<td style=\"\">\n<p style=\"\">5. FNCL 2.5 2021 W2D*<\/p>\n<\/td>\n<td style=\"\">\n<p style=\"\">0.24%<\/p>\n<\/td>\n<td style=\"\">\n<p style=\"\">11. US TREASURY N\/B 3.875 08\/15\/2033<\/p>\n<\/td>\n<td style=\"\">\n<p style=\"\">0.16%<\/p>\n<\/td>\n<\/tr>\n<tr>\n<td rowspan=\"1\" colspan=\"1\" style=\"\">\n<p style=\"\">6. GS2SF 2.5 2021 MULTI*<\/p>\n<\/td>\n<td rowspan=\"1\" colspan=\"1\" style=\"\">\n<p style=\"\">0.23%<\/p>\n<\/td>\n<td rowspan=\"1\" colspan=\"1\" style=\"\">\n<p style=\"\">12. GS2SF 2.5 2020 MULTI<\/p>\n<\/td>\n<td rowspan=\"1\" colspan=\"1\" style=\"\">\n<p style=\"\">0.15%<\/p>\n<\/td>\n<\/tr>\n<tr>\n<td rowspan=\"1\" colspan=\"2\" style=\"\">\n<p style=\"\"><span style=\"\">*FNCL son t\u00edtulos respaldados por hipotecas estadounidenses de Fannie\/Freddie Mac<\/span><\/p>\n<p style=\"\"><span style=\"\">*G2SF son valores respaldados por hipotecas estadounidenses de Ginnie Mae<\/span><\/p>\n<\/td>\n<td rowspan=\"1\" colspan=\"1\" style=\"\">\n<p style=\"\">13. US TREASURY N\/B 4.18 11\/15\/2032<\/p>\n<\/td>\n<td rowspan=\"1\" colspan=\"1\" style=\"\">\n<p style=\"\">0.15%<\/p>\n<\/td>\n<\/tr>\n<\/tbody>\n<\/table>\n<table data-rows=\"13\" data-cols=\"2\">\n<thead><\/thead>\n<tbody>\n<tr>\n<td>\n<p style=\"\">1. FNCL 2 2021 W2D<\/p>\n<\/td>\n<td>\n<p style=\"\">0.70%<\/p>\n<\/td>\n<\/tr>\n<tr>\n<td>\n<p style=\"\">2. FNCL 2 2020 W2D<\/p>\n<\/td>\n<td>\n<p style=\"\">0.48%<\/p>\n<\/td>\n<\/tr>\n<tr>\n<td>\n<p style=\"\">3. FNCL 2.5 2021 W2D<\/p>\n<\/td>\n<td>\n<p style=\"\">0.38%<\/p>\n<\/td>\n<\/tr>\n<tr>\n<td rowspan=\"1\" colspan=\"1\">\n<p style=\"\">4. GS2SF 2 2021 MULTI<\/p>\n<\/td>\n<td rowspan=\"1\" colspan=\"1\">\n<p style=\"\">0.25%<\/p>\n<\/td>\n<\/tr>\n<tr>\n<td>\n<p style=\"\">5. FNCL 2.5 2021 W2D<\/p>\n<\/td>\n<td>\n<p style=\"\">0.24%<\/p>\n<\/td>\n<\/tr>\n<tr>\n<td rowspan=\"1\" colspan=\"1\">\n<p style=\"\">6. GS2SF 2.5 2021 MULTI<\/p>\n<\/td>\n<td rowspan=\"1\" colspan=\"1\">\n<p style=\"\">0.23%<\/p>\n<\/td>\n<\/tr>\n<tr>\n<td rowspan=\"1\" colspan=\"1\">\n<p style=\"\">7. US TREASURY N\/B 4.38 05\/15\/2034<\/p>\n<\/td>\n<td rowspan=\"1\" colspan=\"1\">\n<p style=\"\">0.18%<\/p>\n<\/td>\n<\/tr>\n<tr>\n<td rowspan=\"1\" colspan=\"1\">\n<p style=\"\">8. TREASURY BILL N\/B 4.00 02\/15\/2034<\/p>\n<\/td>\n<td rowspan=\"1\" colspan=\"1\">\n<p style=\"\">0.18%<\/p>\n<\/td>\n<\/tr>\n<tr>\n<td rowspan=\"1\" colspan=\"1\">\n<p style=\"\">9. TREASURY BILL N\/B 3.875 08\/15\/2034<\/p>\n<\/td>\n<td rowspan=\"1\" colspan=\"1\">\n<p style=\"\">0.17%<\/p>\n<\/td>\n<\/tr>\n<tr>\n<td rowspan=\"1\" colspan=\"1\">\n<p style=\"\">10. US TREASURY N\/B 4.5 11\/15\/2033<\/p>\n<\/td>\n<td rowspan=\"1\" colspan=\"1\">\n<p style=\"\">0.17%<\/p>\n<\/td>\n<\/tr>\n<tr>\n<td rowspan=\"1\" colspan=\"1\">\n<p style=\"\">11. US TREASURY N\/B 3.875 08\/15\/2033<\/p>\n<\/td>\n<td rowspan=\"1\" colspan=\"1\">\n<p style=\"\">0.16%<\/p>\n<\/td>\n<\/tr>\n<tr>\n<td rowspan=\"1\" colspan=\"1\">\n<p style=\"\">12. GS2SF 2.5 2020 MULTI<\/p>\n<\/td>\n<td rowspan=\"1\" colspan=\"1\">\n<p style=\"\">0.15%<\/p>\n<\/td>\n<\/tr>\n<tr>\n<td rowspan=\"1\" colspan=\"1\">\n<p style=\"\">13. US TREASURY N\/B 4.18 11\/15\/2032<\/p>\n<\/td>\n<td rowspan=\"1\" colspan=\"1\">\n<p style=\"\">0.15%<\/p>\n<\/td>\n<\/tr>\n<\/tbody>\n<\/table>\n<p style=\"\"><span style=\"font-size: 0.7em !important;\">*FNCL son t\u00edtulos respaldados por hipotecas estadounidenses de Fannie\/Freddie Mac<\/span><\/p>\n<p style=\"\"><span style=\"font-size: 0.7em !important;\">*G2SF son valores respaldados por hipotecas estadounidenses de Ginnie Mae<\/span><\/p>\n<p>ENLACE DE \u00cdNDICE<a href=\"https:\/\/www.bloomberg.com\/quote\/LEGATRUU:IND\" target=\"_blank\" style=\"outline: none;\">LEGATRUU Quote &#8211; Bloomberg Global-Aggregate Total Return Index Value Unhedged USD<\/a><\/p>\n","protected":false},"excerpt":{"rendered":"<p>Informaci\u00f3n del \u00cdndice 30 de Septiembre, 2025 \u00cdndice de Rendimiento Total Agregado Global de Bloomberg El \u00edndice Bloomberg Global Aggregate es una medida clave de la deuda global con grado de inversi\u00f3n en veintiocho mercados de moneda local. Este \u00edndice sigue el desempe\u00f1o de los mercados globales de bonos con grado de inversi\u00f3n y tasa [&hellip;]<\/p>\n","protected":false},"author":8,"featured_media":0,"parent":0,"menu_order":0,"comment_status":"closed","ping_status":"closed","template":"","meta":{"inline_featured_image":false,"footnotes":""},"class_list":["post-6525","page","type-page","status-publish","hentry","post-wrapper","thrv_wrapper"],"yoast_head":"<!-- This site is optimized with the Yoast SEO Premium plugin v20.3 (Yoast SEO v20.3) - https:\/\/yoast.com\/wordpress\/plugins\/seo\/ -->\n<title>Bloomberg GATR - Index Data | M1 Specialty<\/title>\n<meta name=\"robots\" content=\"index, follow, max-snippet:-1, max-image-preview:large, max-video-preview:-1\" \/>\n<link rel=\"canonical\" href=\"https:\/\/m1specialty.com\/es\/bloomberg-gatr-index-data\/\" \/>\n<meta property=\"og:locale\" content=\"es_ES\" \/>\n<meta property=\"og:type\" content=\"article\" \/>\n<meta property=\"og:title\" content=\"Bloomberg GATR - Index Data\" \/>\n<meta property=\"og:description\" content=\"Informaci\u00f3n del \u00cdndice 30 de Septiembre, 2025 \u00cdndice de Rendimiento Total Agregado Global de Bloomberg El \u00edndice Bloomberg Global Aggregate es una medida clave de la deuda global con grado de inversi\u00f3n en veintiocho mercados de moneda local. Este \u00edndice sigue el desempe\u00f1o de los mercados globales de bonos con grado de inversi\u00f3n y tasa [&hellip;]\" \/>\n<meta property=\"og:url\" content=\"https:\/\/m1specialty.com\/es\/bloomberg-gatr-index-data\/\" \/>\n<meta property=\"og:site_name\" content=\"M1 Specialty\" \/>\n<meta property=\"article:publisher\" content=\"https:\/\/www.facebook.com\/M1Specialty\/\" \/>\n<meta property=\"article:modified_time\" content=\"2025-10-29T23:47:38+00:00\" \/>\n<meta property=\"og:image\" content=\"https:\/\/m1specialty.com\/wp-content\/uploads\/2025\/01\/Bloomberg-pie.png\" \/>\n<meta name=\"twitter:card\" content=\"summary_large_image\" \/>\n<meta name=\"twitter:site\" content=\"@m1specialty\" \/>\n<meta name=\"twitter:label1\" content=\"Tiempo de lectura\" \/>\n\t<meta name=\"twitter:data1\" content=\"2 minutos\" \/>\n<script type=\"application\/ld+json\" class=\"yoast-schema-graph\">{\"@context\":\"https:\/\/schema.org\",\"@graph\":[{\"@type\":\"WebPage\",\"@id\":\"https:\/\/m1specialty.com\/es\/bloomberg-gatr-index-data\/\",\"url\":\"https:\/\/m1specialty.com\/es\/bloomberg-gatr-index-data\/\",\"name\":\"Bloomberg GATR - Index Data | M1 Specialty\",\"isPartOf\":{\"@id\":\"https:\/\/m1specialty.com\/es\/#website\"},\"datePublished\":\"2024-12-02T23:18:15+00:00\",\"dateModified\":\"2025-10-29T23:47:38+00:00\",\"breadcrumb\":{\"@id\":\"https:\/\/m1specialty.com\/es\/bloomberg-gatr-index-data\/#breadcrumb\"},\"inLanguage\":\"es\",\"potentialAction\":[{\"@type\":\"ReadAction\",\"target\":[\"https:\/\/m1specialty.com\/es\/bloomberg-gatr-index-data\/\"]}]},{\"@type\":\"BreadcrumbList\",\"@id\":\"https:\/\/m1specialty.com\/es\/bloomberg-gatr-index-data\/#breadcrumb\",\"itemListElement\":[{\"@type\":\"ListItem\",\"position\":1,\"name\":\"Home\",\"item\":\"https:\/\/m1specialty.com\/es\/\"},{\"@type\":\"ListItem\",\"position\":2,\"name\":\"Bloomberg GATR &#8211; Index Data\"}]},{\"@type\":\"WebSite\",\"@id\":\"https:\/\/m1specialty.com\/es\/#website\",\"url\":\"https:\/\/m1specialty.com\/es\/\",\"name\":\"M1 Specialty\",\"description\":\"Simple and effective unit-linked insurance solutions\",\"publisher\":{\"@id\":\"https:\/\/m1specialty.com\/es\/#organization\"},\"potentialAction\":[{\"@type\":\"SearchAction\",\"target\":{\"@type\":\"EntryPoint\",\"urlTemplate\":\"https:\/\/m1specialty.com\/es\/?s={search_term_string}\"},\"query-input\":\"required name=search_term_string\"}],\"inLanguage\":\"es\"},{\"@type\":\"Organization\",\"@id\":\"https:\/\/m1specialty.com\/es\/#organization\",\"name\":\"M1 Specialty\",\"url\":\"https:\/\/m1specialty.com\/es\/\",\"logo\":{\"@type\":\"ImageObject\",\"inLanguage\":\"es\",\"@id\":\"https:\/\/m1specialty.com\/es\/#\/schema\/logo\/image\/\",\"url\":\"https:\/\/m1specialty.com\/wp-content\/uploads\/2023\/03\/logo-yoast-m1.png\",\"contentUrl\":\"https:\/\/m1specialty.com\/wp-content\/uploads\/2023\/03\/logo-yoast-m1.png\",\"width\":696,\"height\":696,\"caption\":\"M1 Specialty\"},\"image\":{\"@id\":\"https:\/\/m1specialty.com\/es\/#\/schema\/logo\/image\/\"},\"sameAs\":[\"https:\/\/www.facebook.com\/M1Specialty\/\",\"https:\/\/twitter.com\/m1specialty\",\"https:\/\/www.linkedin.com\/company\/m1specialty\/\",\"https:\/\/www.instagram.com\/m1specialty\/\"]}]}<\/script>\n<!-- \/ Yoast SEO Premium plugin. -->","yoast_head_json":{"title":"Bloomberg GATR - Index Data | M1 Specialty","robots":{"index":"index","follow":"follow","max-snippet":"max-snippet:-1","max-image-preview":"max-image-preview:large","max-video-preview":"max-video-preview:-1"},"canonical":"https:\/\/m1specialty.com\/es\/bloomberg-gatr-index-data\/","og_locale":"es_ES","og_type":"article","og_title":"Bloomberg GATR - Index Data","og_description":"Informaci\u00f3n del \u00cdndice 30 de Septiembre, 2025 \u00cdndice de Rendimiento Total Agregado Global de Bloomberg El \u00edndice Bloomberg Global Aggregate es una medida clave de la deuda global con grado de inversi\u00f3n en veintiocho mercados de moneda local. Este \u00edndice sigue el desempe\u00f1o de los mercados globales de bonos con grado de inversi\u00f3n y tasa [&hellip;]","og_url":"https:\/\/m1specialty.com\/es\/bloomberg-gatr-index-data\/","og_site_name":"M1 Specialty","article_publisher":"https:\/\/www.facebook.com\/M1Specialty\/","article_modified_time":"2025-10-29T23:47:38+00:00","og_image":[{"url":"https:\/\/m1specialty.com\/wp-content\/uploads\/2025\/01\/Bloomberg-pie.png"}],"twitter_card":"summary_large_image","twitter_site":"@m1specialty","twitter_misc":{"Tiempo de lectura":"2 minutos"},"schema":{"@context":"https:\/\/schema.org","@graph":[{"@type":"WebPage","@id":"https:\/\/m1specialty.com\/es\/bloomberg-gatr-index-data\/","url":"https:\/\/m1specialty.com\/es\/bloomberg-gatr-index-data\/","name":"Bloomberg GATR - Index Data | M1 Specialty","isPartOf":{"@id":"https:\/\/m1specialty.com\/es\/#website"},"datePublished":"2024-12-02T23:18:15+00:00","dateModified":"2025-10-29T23:47:38+00:00","breadcrumb":{"@id":"https:\/\/m1specialty.com\/es\/bloomberg-gatr-index-data\/#breadcrumb"},"inLanguage":"es","potentialAction":[{"@type":"ReadAction","target":["https:\/\/m1specialty.com\/es\/bloomberg-gatr-index-data\/"]}]},{"@type":"BreadcrumbList","@id":"https:\/\/m1specialty.com\/es\/bloomberg-gatr-index-data\/#breadcrumb","itemListElement":[{"@type":"ListItem","position":1,"name":"Home","item":"https:\/\/m1specialty.com\/es\/"},{"@type":"ListItem","position":2,"name":"Bloomberg GATR &#8211; Index Data"}]},{"@type":"WebSite","@id":"https:\/\/m1specialty.com\/es\/#website","url":"https:\/\/m1specialty.com\/es\/","name":"M1 Specialty","description":"Simple and effective unit-linked insurance solutions","publisher":{"@id":"https:\/\/m1specialty.com\/es\/#organization"},"potentialAction":[{"@type":"SearchAction","target":{"@type":"EntryPoint","urlTemplate":"https:\/\/m1specialty.com\/es\/?s={search_term_string}"},"query-input":"required name=search_term_string"}],"inLanguage":"es"},{"@type":"Organization","@id":"https:\/\/m1specialty.com\/es\/#organization","name":"M1 Specialty","url":"https:\/\/m1specialty.com\/es\/","logo":{"@type":"ImageObject","inLanguage":"es","@id":"https:\/\/m1specialty.com\/es\/#\/schema\/logo\/image\/","url":"https:\/\/m1specialty.com\/wp-content\/uploads\/2023\/03\/logo-yoast-m1.png","contentUrl":"https:\/\/m1specialty.com\/wp-content\/uploads\/2023\/03\/logo-yoast-m1.png","width":696,"height":696,"caption":"M1 Specialty"},"image":{"@id":"https:\/\/m1specialty.com\/es\/#\/schema\/logo\/image\/"},"sameAs":["https:\/\/www.facebook.com\/M1Specialty\/","https:\/\/twitter.com\/m1specialty","https:\/\/www.linkedin.com\/company\/m1specialty\/","https:\/\/www.instagram.com\/m1specialty\/"]}]}},"_links":{"self":[{"href":"https:\/\/m1specialty.com\/es\/wp-json\/wp\/v2\/pages\/6525","targetHints":{"allow":["GET"]}}],"collection":[{"href":"https:\/\/m1specialty.com\/es\/wp-json\/wp\/v2\/pages"}],"about":[{"href":"https:\/\/m1specialty.com\/es\/wp-json\/wp\/v2\/types\/page"}],"author":[{"embeddable":true,"href":"https:\/\/m1specialty.com\/es\/wp-json\/wp\/v2\/users\/8"}],"replies":[{"embeddable":true,"href":"https:\/\/m1specialty.com\/es\/wp-json\/wp\/v2\/comments?post=6525"}],"version-history":[{"count":24,"href":"https:\/\/m1specialty.com\/es\/wp-json\/wp\/v2\/pages\/6525\/revisions"}],"predecessor-version":[{"id":7897,"href":"https:\/\/m1specialty.com\/es\/wp-json\/wp\/v2\/pages\/6525\/revisions\/7897"}],"wp:attachment":[{"href":"https:\/\/m1specialty.com\/es\/wp-json\/wp\/v2\/media?parent=6525"}],"curies":[{"name":"wp","href":"https:\/\/api.w.org\/{rel}","templated":true}]}}