{"id":6462,"date":"2024-12-02T11:44:03","date_gmt":"2024-12-02T15:44:03","guid":{"rendered":"https:\/\/m1specialty.com\/ftse-100-index-data\/"},"modified":"2025-10-30T10:41:00","modified_gmt":"2025-10-30T14:41:00","slug":"ftse-100-index-data","status":"publish","type":"page","link":"https:\/\/m1specialty.com\/es\/ftse-100-index-data\/","title":{"rendered":"FTSE 100 &#8211; Index Data"},"content":{"rendered":"<p style=\"text-align: right;\">Informaci\u00f3n del \u00cdndice<\/p>\n<p style=\"\">30 de Septiembre, 2025<\/p>\n<p style=\"text-align: center;\"><strong>\u00cdndice FTSE 100<\/strong><\/p>\n<p>El FTSE 100 es un \u00edndice ponderado por capitalizaci\u00f3n de mercado de las empresas destacadas que cotizan en el Reino Unido. El \u00edndice forma parte de la serie FTSE UK y est\u00e1 dise\u00f1ado para medir el rendimiento de las 100 empresas m\u00e1s grandes que cotizan en la Bolsa de Valores de Londres y que superan los controles de tama\u00f1o y liquidez. Todos los componentes del FTSE 100 cotizan en la Bolsa de Valores de Londres.Rendimiento del \u00cdndiceRendimientos Anualizados: Rendimientos anuales compuestos medidos a lo largo de 3 y 5 a\u00f1os respectivamente.<\/p>\n<table data-rows=\"2\" data-cols=\"5\" data-v=\"middle\">\n<thead>\n<tr>\n<th style=\"\">Header<\/th>\n<th style=\"\">A\u00f1o a la Fecha<\/th>\n<th style=\"\">1 A\u00f1o<\/th>\n<th style=\"\">3 A\u00f1os<\/th>\n<th style=\"\">5 A\u00f1os<\/th>\n<\/tr>\n<\/thead>\n<tbody>\n<tr>\n<td style=\"\">Rendimiento Neto<\/td>\n<td style=\"\">17.70%<\/td>\n<td style=\"\">17.50%<\/td>\n<td style=\"\">14.80%<\/td>\n<td style=\"\">13.90%<\/td>\n<\/tr>\n<\/tbody>\n<\/table>\n<table data-rows=\"5\" data-cols=\"2\">\n<thead>\n<tr>\n<th>Header<\/th>\n<th>Rendimiento Neto<\/th>\n<\/tr>\n<\/thead>\n<tbody>\n<tr>\n<td>A\u00f1o a la Fecha<\/td>\n<td>17.70%<\/td>\n<\/tr>\n<tr>\n<td>1 A\u00f1o<\/td>\n<td>17.50%<\/td>\n<\/tr>\n<tr>\n<td>3 A\u00f1os<\/td>\n<td>14.80%<\/td>\n<\/tr>\n<tr>\n<td rowspan=\"1\" colspan=\"1\">5 A\u00f1os<\/td>\n<td rowspan=\"1\" colspan=\"1\">13.90%<\/td>\n<\/tr>\n<\/tbody>\n<\/table>\n<p>Datos al 30 de Septiembre de 2025<\/p>\n<table data-rows=\"19\" data-cols=\"3\">\n<thead>\n<tr>\n<th style=\"width: 100px;\">\n<p style=\"\">Posici\u00f3n<\/p>\n<\/th>\n<th style=\"width: 360px;\">\n<p style=\"\">Sector<\/p>\n<\/th>\n<th style=\"\">\n<p style=\"\">%<\/p>\n<\/th>\n<\/tr>\n<\/thead>\n<tbody>\n<tr>\n<td style=\"\" data-th=\"Posici\u00f3n\"><!--! Font Awesome Free 6.7.1 by @fontawesome - https:\/\/fontawesome.com License - https:\/\/fontawesome.com\/license\/free (Icons: CC BY 4.0, Fonts: SIL OFL 1.1, Code: MIT License) Copyright 2024 Fonticons, Inc. --><\/td>\n<td style=\"\" data-th=\"Sector\">\n<p style=\"text-align: center;\">Bancos<\/p>\n<\/td>\n<td style=\"\" data-th=\"%\">\n<p style=\"text-align: center;\">13.05<\/p>\n<\/td>\n<\/tr>\n<tr>\n<td style=\"\" data-th=\"Posici\u00f3n\"><!--! Font Awesome Free 6.7.1 by @fontawesome - https:\/\/fontawesome.com License - https:\/\/fontawesome.com\/license\/free (Icons: CC BY 4.0, Fonts: SIL OFL 1.1, Code: MIT License) Copyright 2024 Fonticons, Inc. --><\/td>\n<td style=\"\" data-th=\"Sector\">\n<p style=\"text-align: center;\">Cuidado de la Salud<\/p>\n<\/td>\n<td style=\"\" data-th=\"%\">\n<p style=\"text-align: center;\">12.63<\/p>\n<\/td>\n<\/tr>\n<tr>\n<td style=\"\" data-th=\"Posici\u00f3n\"><!--! Font Awesome Free 6.7.1 by @fontawesome - https:\/\/fontawesome.com License - https:\/\/fontawesome.com\/license\/free (Icons: CC BY 4.0, Fonts: SIL OFL 1.1, Code: MIT License) Copyright 2024 Fonticons, Inc. --><\/td>\n<td style=\"\" data-th=\"Sector\">\n<p style=\"text-align: center;\">Bienes y Servicios Industriales<\/p>\n<\/td>\n<td style=\"\" data-th=\"%\">\n<p style=\"text-align: center;\">11.27<\/p>\n<\/td>\n<\/tr>\n<tr>\n<td style=\"\" data-th=\"Posici\u00f3n\"><!--! Font Awesome Free 6.7.1 by @fontawesome - https:\/\/fontawesome.com License - https:\/\/fontawesome.com\/license\/free (Icons: CC BY 4.0, Fonts: SIL OFL 1.1, Code: MIT License) Copyright 2024 Fonticons, Inc. --><\/td>\n<td style=\"\" data-th=\"Sector\">\n<p style=\"text-align: center;\">Energ\u00eda<\/p>\n<\/td>\n<td style=\"\" data-th=\"%\">\n<p style=\"text-align: center;\">10.75<\/p>\n<\/td>\n<\/tr>\n<tr>\n<td rowspan=\"1\" colspan=\"1\" style=\"\" data-th=\"Posici\u00f3n\"><!--! Font Awesome Free 6.7.1 by @fontawesome - https:\/\/fontawesome.com License - https:\/\/fontawesome.com\/license\/free (Icons: CC BY 4.0, Fonts: SIL OFL 1.1, Code: MIT License) Copyright 2024 Fonticons, Inc. --><\/td>\n<td rowspan=\"1\" colspan=\"1\" style=\"\" data-th=\"Sector\">\n<p style=\"text-align: center;\">Cuidado Personal y Tiendas de Comestibles<\/p>\n<\/td>\n<td rowspan=\"1\" colspan=\"1\" style=\"\" data-th=\"%\">\n<p style=\"text-align: center;\">9.10<\/p>\n<\/td>\n<\/tr>\n<tr>\n<td rowspan=\"1\" colspan=\"1\" style=\"\" data-th=\"Posici\u00f3n\"><!--! Font Awesome Free 6.7.1 by @fontawesome - https:\/\/fontawesome.com License - https:\/\/fontawesome.com\/license\/free (Icons: CC BY 4.0, Fonts: SIL OFL 1.1, Code: MIT License) Copyright 2024 Fonticons, Inc. --><\/td>\n<td rowspan=\"1\" colspan=\"1\" style=\"\" data-th=\"Sector\">\n<p style=\"text-align: center;\">Alimentos, Bebidas y Tabaco<\/p>\n<\/td>\n<td rowspan=\"1\" colspan=\"1\" style=\"\" data-th=\"%\">\n<p style=\"text-align: center;\">7.31<\/p>\n<\/td>\n<\/tr>\n<tr>\n<td rowspan=\"1\" colspan=\"1\" style=\"\" data-th=\"Posici\u00f3n\"><!--! Font Awesome Free 6.7.1 by @fontawesome - https:\/\/fontawesome.com License - https:\/\/fontawesome.com\/license\/free (Icons: CC BY 4.0, Fonts: SIL OFL 1.1, Code: MIT License) Copyright 2024 Fonticons, Inc. --><\/td>\n<td rowspan=\"1\" colspan=\"1\" style=\"\" data-th=\"Sector\">\n<p style=\"text-align: center;\">Servicios Financieros<\/p>\n<\/td>\n<td rowspan=\"1\" colspan=\"1\" style=\"\" data-th=\"%\">\n<p style=\"text-align: center;\">6.89<\/p>\n<\/td>\n<\/tr>\n<tr>\n<td rowspan=\"1\" colspan=\"1\" style=\"\" data-th=\"Posici\u00f3n\"><!--! Font Awesome Free 6.7.1 by @fontawesome - https:\/\/fontawesome.com License - https:\/\/fontawesome.com\/license\/free (Icons: CC BY 4.0, Fonts: SIL OFL 1.1, Code: MIT License) Copyright 2024 Fonticons, Inc. --><\/td>\n<td rowspan=\"1\" colspan=\"1\" style=\"\" data-th=\"Sector\">\n<p style=\"text-align: center;\">Recursos B\u00e1sicos<\/p>\n<\/td>\n<td rowspan=\"1\" colspan=\"1\" style=\"\" data-th=\"%\">\n<p style=\"text-align: center;\">6.56<\/p>\n<\/td>\n<\/tr>\n<tr>\n<td rowspan=\"1\" colspan=\"1\" style=\"\" data-th=\"Posici\u00f3n\"><!--! Font Awesome Free 6.7.1 by @fontawesome - https:\/\/fontawesome.com License - https:\/\/fontawesome.com\/license\/free (Icons: CC BY 4.0, Fonts: SIL OFL 1.1, Code: MIT License) Copyright 2024 Fonticons, Inc. --><\/td>\n<td rowspan=\"1\" colspan=\"1\" style=\"\" data-th=\"Sector\">\n<p style=\"text-align: center;\">Medios de Comunicaci\u00f3n<\/p>\n<\/td>\n<td rowspan=\"1\" colspan=\"1\" style=\"\" data-th=\"%\">\n<p style=\"text-align: center;\">4.76<\/p>\n<\/td>\n<\/tr>\n<tr>\n<td rowspan=\"1\" colspan=\"1\" style=\"\" data-th=\"Posici\u00f3n\"><!--! Font Awesome Free 6.7.1 by @fontawesome - https:\/\/fontawesome.com License - https:\/\/fontawesome.com\/license\/free (Icons: CC BY 4.0, Fonts: SIL OFL 1.1, Code: MIT License) Copyright 2024 Fonticons, Inc. --><\/td>\n<td rowspan=\"1\" colspan=\"1\" style=\"\" data-th=\"Sector\">\n<p style=\"text-align: center;\">Utilidades<\/p>\n<\/td>\n<td rowspan=\"1\" colspan=\"1\" style=\"\" data-th=\"%\">\n<p style=\"text-align: center;\">4.20<\/p>\n<\/td>\n<\/tr>\n<tr>\n<td rowspan=\"1\" colspan=\"1\" style=\"\" data-th=\"Posici\u00f3n\"><!--! Font Awesome Free 6.7.1 by @fontawesome - https:\/\/fontawesome.com License - https:\/\/fontawesome.com\/license\/free (Icons: CC BY 4.0, Fonts: SIL OFL 1.1, Code: MIT License) Copyright 2024 Fonticons, Inc. --><\/td>\n<td rowspan=\"1\" colspan=\"1\" style=\"\" data-th=\"Sector\">\n<p style=\"text-align: center;\">Productos y Servicios de Consumo<\/p>\n<\/td>\n<td rowspan=\"1\" colspan=\"1\" style=\"\" data-th=\"%\">\n<p style=\"text-align: center;\">3.36<\/p>\n<\/td>\n<\/tr>\n<tr>\n<td rowspan=\"1\" colspan=\"1\" style=\"\" data-th=\"Posici\u00f3n\"><!--! Font Awesome Free 6.7.1 by @fontawesome - https:\/\/fontawesome.com License - https:\/\/fontawesome.com\/license\/free (Icons: CC BY 4.0, Fonts: SIL OFL 1.1, Code: MIT License) Copyright 2024 Fonticons, Inc. --><\/td>\n<td rowspan=\"1\" colspan=\"1\" style=\"\" data-th=\"Sector\">\n<p style=\"text-align: center;\">Seguros<\/p>\n<\/td>\n<td rowspan=\"1\" colspan=\"1\" style=\"\" data-th=\"%\">\n<p style=\"text-align: center;\">3.14<\/p>\n<\/td>\n<\/tr>\n<tr>\n<td rowspan=\"1\" colspan=\"1\" style=\"\" data-th=\"Posici\u00f3n\"><!--! Font Awesome Free 6.7.1 by @fontawesome - https:\/\/fontawesome.com License - https:\/\/fontawesome.com\/license\/free (Icons: CC BY 4.0, Fonts: SIL OFL 1.1, Code: MIT License) Copyright 2024 Fonticons, Inc. --><\/td>\n<td rowspan=\"1\" colspan=\"1\" style=\"\" data-th=\"Sector\">\n<p style=\"text-align: center;\">Viajes y Ocio<\/p>\n<\/td>\n<td rowspan=\"1\" colspan=\"1\" style=\"\" data-th=\"%\">\n<p style=\"text-align: center;\">1.98<\/p>\n<\/td>\n<\/tr>\n<tr>\n<td rowspan=\"1\" colspan=\"1\" style=\"\" data-th=\"Posici\u00f3n\"><!--! Font Awesome Free 6.7.1 by @fontawesome - https:\/\/fontawesome.com License - https:\/\/fontawesome.com\/license\/free (Icons: CC BY 4.0, Fonts: SIL OFL 1.1, Code: MIT License) Copyright 2024 Fonticons, Inc. --><\/td>\n<td rowspan=\"1\" colspan=\"1\" style=\"\" data-th=\"Sector\">\n<p style=\"text-align: center;\">Bienes Ra\u00edces<\/p>\n<\/td>\n<td rowspan=\"1\" colspan=\"1\" style=\"\" data-th=\"%\">\n<p style=\"text-align: center;\">1.45<\/p>\n<\/td>\n<\/tr>\n<tr>\n<td rowspan=\"1\" colspan=\"1\" style=\"\" data-th=\"Posici\u00f3n\"><!--! Font Awesome Free 6.7.1 by @fontawesome - https:\/\/fontawesome.com License - https:\/\/fontawesome.com\/license\/free (Icons: CC BY 4.0, Fonts: SIL OFL 1.1, Code: MIT License) Copyright 2024 Fonticons, Inc. --><\/td>\n<td rowspan=\"1\" colspan=\"1\" style=\"\" data-th=\"Sector\">\n<p style=\"text-align: center;\">Telecomunicaciones<\/p>\n<\/td>\n<td rowspan=\"1\" colspan=\"1\" style=\"\" data-th=\"%\">\n<p style=\"text-align: center;\">1.22<\/p>\n<\/td>\n<\/tr>\n<tr>\n<td rowspan=\"1\" colspan=\"1\" style=\"\" data-th=\"Posici\u00f3n\"><!--! Font Awesome Free 6.7.1 by @fontawesome - https:\/\/fontawesome.com License - https:\/\/fontawesome.com\/license\/free (Icons: CC BY 4.0, Fonts: SIL OFL 1.1, Code: MIT License) Copyright 2024 Fonticons, Inc. --><\/td>\n<td rowspan=\"1\" colspan=\"1\" style=\"\" data-th=\"Sector\">\n<p style=\"text-align: center;\">Minoristas<\/p>\n<\/td>\n<td rowspan=\"1\" colspan=\"1\" style=\"\" data-th=\"%\">\n<p style=\"text-align: center;\">1.11<\/p>\n<\/td>\n<\/tr>\n<tr>\n<td rowspan=\"1\" colspan=\"1\" style=\"\" data-th=\"Posici\u00f3n\"><!--! Font Awesome Free 6.7.1 by @fontawesome - https:\/\/fontawesome.com License - https:\/\/fontawesome.com\/license\/free (Icons: CC BY 4.0, Fonts: SIL OFL 1.1, Code: MIT License) Copyright 2024 Fonticons, Inc. --><\/td>\n<td rowspan=\"1\" colspan=\"1\" style=\"\" data-th=\"Sector\">\n<p style=\"text-align: center;\">Tecnolog\u00eda<\/p>\n<\/td>\n<td rowspan=\"1\" colspan=\"1\" style=\"\" data-th=\"%\">\n<p style=\"text-align: center;\">0.98<\/p>\n<\/td>\n<\/tr>\n<tr>\n<td rowspan=\"1\" colspan=\"1\" style=\"\" data-th=\"Posici\u00f3n\"><!--! Font Awesome Free 6.7.1 by @fontawesome - https:\/\/fontawesome.com License - https:\/\/fontawesome.com\/license\/free (Icons: CC BY 4.0, Fonts: SIL OFL 1.1, Code: MIT License) Copyright 2024 Fonticons, Inc. --><\/td>\n<td rowspan=\"1\" colspan=\"1\" style=\"\" data-th=\"Sector\">\n<p style=\"text-align: center;\">Productos Qu\u00edmicos<\/p>\n<\/td>\n<td rowspan=\"1\" colspan=\"1\" style=\"\" data-th=\"%\">\n<p style=\"text-align: center;\">0.23<\/p>\n<\/td>\n<\/tr>\n<\/tbody>\n<\/table>\n<p style=\"text-align: center;\">Representaci\u00f3n Sectorial<\/p>\n<p><span><img decoding=\"async\" alt=\"\" data-id=\"6237\" width=\"593\" data-init-width=\"688\" height=\"593\" data-init-height=\"688\" title=\"FTSE 100 donut\" loading=\"lazy\" src=\"https:\/\/m1specialty.com\/wp-content\/uploads\/2025\/01\/FTSE-100-donut.png\" data-width=\"593\" data-height=\"593\" style=\"aspect-ratio: auto 688 \/ 688;\"><\/span>Top 10 Principales Constituyentes<\/p>\n<table data-rows=\"5\" data-cols=\"3\">\n<thead><\/thead>\n<tbody>\n<tr>\n<td style=\"\">\n<p style=\"text-align: left;\">1. Astrazeneca<\/p>\n<\/td>\n<td colspan=\"1\" rowspan=\"1\" style=\"\">\n<p style=\"text-align: center;\">7.78%<\/p>\n<\/td>\n<td style=\"width: 390px;\">\n<p style=\"text-align: left;\">Farmac\u00e9utica y Biotecnolog\u00eda<\/p>\n<\/td>\n<\/tr>\n<tr>\n<td data-th=\"1. Astrazeneca\">\n<p style=\"text-align: left;\">2. Shell<\/p>\n<\/td>\n<td colspan=\"1\" rowspan=\"1\" data-th=\"8.55%\">\n<p style=\"text-align: center;\">7.60%<\/p>\n<\/td>\n<td data-th=\"Healthcare\">\n<p style=\"text-align: left;\">Petr\u00f3leo, Gas y Carb\u00f3n<\/p>\n<\/td>\n<\/tr>\n<tr>\n<td data-th=\"1. Astrazeneca\">\n<p style=\"text-align: left;\">3. HSBC Holdings<\/p>\n<\/td>\n<td colspan=\"1\" rowspan=\"1\" data-th=\"8.55%\">\n<p style=\"text-align: center;\">7.07%<\/p>\n<\/td>\n<td data-th=\"Healthcare\">\n<p style=\"text-align: left;\">Bancos<\/p>\n<\/td>\n<\/tr>\n<tr>\n<td rowspan=\"1\" colspan=\"1\" data-th=\"1. Astrazeneca\">\n<p style=\"text-align: left;\">4. Unilever<\/p>\n<\/td>\n<td rowspan=\"1\" colspan=\"1\" data-th=\"8.55%\">\n<p style=\"text-align: center;\">5.56%<\/p>\n<\/td>\n<td rowspan=\"1\" colspan=\"1\" data-th=\"Healthcare\">\n<p style=\"text-align: left;\">Cuidado Personal y Tiendas de Comestibles<\/p>\n<\/td>\n<\/tr>\n<tr>\n<td data-th=\"1. Astrazeneca\">\n<p style=\"text-align: left;\">5. Relex<\/p>\n<\/td>\n<td colspan=\"1\" rowspan=\"1\" data-th=\"8.55%\">\n<p style=\"text-align: center;\">3.36%<\/p>\n<\/td>\n<td data-th=\"Healthcare\">\n<p style=\"text-align: left;\">Medios de Comunicaci\u00f3n<\/p>\n<\/td>\n<\/tr>\n<\/tbody>\n<\/table>\n<table data-rows=\"6\" data-cols=\"3\">\n<thead><\/thead>\n<tbody>\n<tr>\n<td rowspan=\"1\" colspan=\"1\">\n<p style=\"text-align: center;\"><strong>Constituyente<\/strong><\/p>\n<\/td>\n<td colspan=\"1\" rowspan=\"1\">\n<p style=\"text-align: center;\"><strong>Ponderaci\u00f3n por \u00cdndice<\/strong><\/p>\n<\/td>\n<td rowspan=\"1\" colspan=\"1\">\n<p style=\"text-align: center;\"><strong>Sector<\/strong><\/p>\n<\/td>\n<\/tr>\n<tr>\n<td data-th=\"Constituyente\">\n<p style=\"text-align: center;\">1. Astrazeneca<\/p>\n<\/td>\n<td colspan=\"1\" rowspan=\"1\" data-th=\"Ponderaci\u00f3n por \u00cdndice\">\n<p style=\"text-align: center;\">7.78%<\/p>\n<\/td>\n<td data-th=\"Sector\">\n<p style=\"text-align: center;\">Farmac\u00e9utica y Biotecnolog\u00eda<\/p>\n<\/td>\n<\/tr>\n<tr>\n<td data-th=\"Constituyente\">\n<p style=\"text-align: center;\">2. Shell<\/p>\n<\/td>\n<td colspan=\"1\" rowspan=\"1\" data-th=\"Ponderaci\u00f3n por \u00cdndice\">\n<p style=\"text-align: center;\">7.60%<\/p>\n<\/td>\n<td data-th=\"Sector\">\n<p style=\"text-align: center;\">Petr\u00f3leo, Gas y Carb\u00f3n<\/p>\n<\/td>\n<\/tr>\n<tr>\n<td data-th=\"Constituyente\">\n<p style=\"text-align: center;\">3. HSBC Holdings<\/p>\n<\/td>\n<td colspan=\"1\" rowspan=\"1\" data-th=\"Ponderaci\u00f3n por \u00cdndice\">\n<p style=\"text-align: center;\">7.07%<\/p>\n<\/td>\n<td data-th=\"Sector\">\n<p style=\"text-align: center;\">Bancos<\/p>\n<\/td>\n<\/tr>\n<tr>\n<td rowspan=\"1\" colspan=\"1\" data-th=\"Constituyente\">\n<p style=\"text-align: center;\">4. Unilever<\/p>\n<\/td>\n<td rowspan=\"1\" colspan=\"1\" data-th=\"Ponderaci\u00f3n por \u00cdndice\">\n<p style=\"text-align: center;\">5.56%<\/p>\n<\/td>\n<td rowspan=\"1\" colspan=\"1\" data-th=\"Sector\">\n<p style=\"text-align: center;\">Cuidado Personal y Tiendas de Comestibles<\/p>\n<\/td>\n<\/tr>\n<tr>\n<td data-th=\"Constituyente\">\n<p style=\"text-align: center;\">5. Relex<\/p>\n<\/td>\n<td colspan=\"1\" rowspan=\"1\" data-th=\"Ponderaci\u00f3n por \u00cdndice\">\n<p style=\"text-align: center;\">3.36%<\/p>\n<\/td>\n<td data-th=\"Sector\">\n<p style=\"text-align: center;\">Medios de Comunicaci\u00f3n<\/p>\n<\/td>\n<\/tr>\n<\/tbody>\n<\/table>\n<p>ENLACE DE \u00cdNDICE<a href=\"https:\/\/www.londonstockexchange.com\/indices\/ftse-100\" target=\"_blank\" style=\"outline: none;\">FTSE 100 FTSE overview | London Stock Exchange<\/a><\/p>\n","protected":false},"excerpt":{"rendered":"<p>Informaci\u00f3n del \u00cdndice 30 de Septiembre, 2025 \u00cdndice FTSE 100 El FTSE 100 es un \u00edndice ponderado por capitalizaci\u00f3n de mercado de las empresas destacadas que cotizan en el Reino Unido. El \u00edndice forma parte de la serie FTSE UK y est\u00e1 dise\u00f1ado para medir el rendimiento de las 100 empresas m\u00e1s grandes que cotizan [&hellip;]<\/p>\n","protected":false},"author":8,"featured_media":0,"parent":0,"menu_order":0,"comment_status":"closed","ping_status":"closed","template":"","meta":{"inline_featured_image":false,"footnotes":""},"class_list":["post-6462","page","type-page","status-publish","hentry","post-wrapper","thrv_wrapper"],"yoast_head":"<!-- This site is optimized with the Yoast SEO Premium plugin v20.3 (Yoast SEO v20.3) - https:\/\/yoast.com\/wordpress\/plugins\/seo\/ -->\n<title>FTSE 100 - Index Data | M1 Specialty<\/title>\n<meta name=\"robots\" content=\"index, follow, max-snippet:-1, max-image-preview:large, max-video-preview:-1\" \/>\n<link rel=\"canonical\" href=\"https:\/\/m1specialty.com\/es\/ftse-100-index-data\/\" \/>\n<meta property=\"og:locale\" content=\"es_ES\" \/>\n<meta property=\"og:type\" content=\"article\" \/>\n<meta property=\"og:title\" content=\"FTSE 100 - Index Data\" \/>\n<meta property=\"og:description\" content=\"Informaci\u00f3n del \u00cdndice 30 de Septiembre, 2025 \u00cdndice FTSE 100 El FTSE 100 es un \u00edndice ponderado por capitalizaci\u00f3n de mercado de las empresas destacadas que cotizan en el Reino Unido. El \u00edndice forma parte de la serie FTSE UK y est\u00e1 dise\u00f1ado para medir el rendimiento de las 100 empresas m\u00e1s grandes que cotizan [&hellip;]\" \/>\n<meta property=\"og:url\" content=\"https:\/\/m1specialty.com\/es\/ftse-100-index-data\/\" \/>\n<meta property=\"og:site_name\" content=\"M1 Specialty\" \/>\n<meta property=\"article:publisher\" content=\"https:\/\/www.facebook.com\/M1Specialty\/\" \/>\n<meta property=\"article:modified_time\" content=\"2025-10-30T14:41:00+00:00\" \/>\n<meta property=\"og:image\" content=\"https:\/\/m1specialty.com\/wp-content\/uploads\/2025\/01\/FTSE-100-donut.png\" \/>\n<meta name=\"twitter:card\" content=\"summary_large_image\" \/>\n<meta name=\"twitter:site\" content=\"@m1specialty\" \/>\n<script type=\"application\/ld+json\" class=\"yoast-schema-graph\">{\"@context\":\"https:\/\/schema.org\",\"@graph\":[{\"@type\":\"WebPage\",\"@id\":\"https:\/\/m1specialty.com\/es\/ftse-100-index-data\/\",\"url\":\"https:\/\/m1specialty.com\/es\/ftse-100-index-data\/\",\"name\":\"FTSE 100 - Index Data | M1 Specialty\",\"isPartOf\":{\"@id\":\"https:\/\/m1specialty.com\/es\/#website\"},\"datePublished\":\"2024-12-02T15:44:03+00:00\",\"dateModified\":\"2025-10-30T14:41:00+00:00\",\"breadcrumb\":{\"@id\":\"https:\/\/m1specialty.com\/es\/ftse-100-index-data\/#breadcrumb\"},\"inLanguage\":\"es\",\"potentialAction\":[{\"@type\":\"ReadAction\",\"target\":[\"https:\/\/m1specialty.com\/es\/ftse-100-index-data\/\"]}]},{\"@type\":\"BreadcrumbList\",\"@id\":\"https:\/\/m1specialty.com\/es\/ftse-100-index-data\/#breadcrumb\",\"itemListElement\":[{\"@type\":\"ListItem\",\"position\":1,\"name\":\"Home\",\"item\":\"https:\/\/m1specialty.com\/es\/\"},{\"@type\":\"ListItem\",\"position\":2,\"name\":\"FTSE 100 &#8211; Index Data\"}]},{\"@type\":\"WebSite\",\"@id\":\"https:\/\/m1specialty.com\/es\/#website\",\"url\":\"https:\/\/m1specialty.com\/es\/\",\"name\":\"M1 Specialty\",\"description\":\"Simple and effective unit-linked insurance solutions\",\"publisher\":{\"@id\":\"https:\/\/m1specialty.com\/es\/#organization\"},\"potentialAction\":[{\"@type\":\"SearchAction\",\"target\":{\"@type\":\"EntryPoint\",\"urlTemplate\":\"https:\/\/m1specialty.com\/es\/?s={search_term_string}\"},\"query-input\":\"required name=search_term_string\"}],\"inLanguage\":\"es\"},{\"@type\":\"Organization\",\"@id\":\"https:\/\/m1specialty.com\/es\/#organization\",\"name\":\"M1 Specialty\",\"url\":\"https:\/\/m1specialty.com\/es\/\",\"logo\":{\"@type\":\"ImageObject\",\"inLanguage\":\"es\",\"@id\":\"https:\/\/m1specialty.com\/es\/#\/schema\/logo\/image\/\",\"url\":\"https:\/\/m1specialty.com\/wp-content\/uploads\/2023\/03\/logo-yoast-m1.png\",\"contentUrl\":\"https:\/\/m1specialty.com\/wp-content\/uploads\/2023\/03\/logo-yoast-m1.png\",\"width\":696,\"height\":696,\"caption\":\"M1 Specialty\"},\"image\":{\"@id\":\"https:\/\/m1specialty.com\/es\/#\/schema\/logo\/image\/\"},\"sameAs\":[\"https:\/\/www.facebook.com\/M1Specialty\/\",\"https:\/\/twitter.com\/m1specialty\",\"https:\/\/www.linkedin.com\/company\/m1specialty\/\",\"https:\/\/www.instagram.com\/m1specialty\/\"]}]}<\/script>\n<!-- \/ Yoast SEO Premium plugin. -->","yoast_head_json":{"title":"FTSE 100 - Index Data | M1 Specialty","robots":{"index":"index","follow":"follow","max-snippet":"max-snippet:-1","max-image-preview":"max-image-preview:large","max-video-preview":"max-video-preview:-1"},"canonical":"https:\/\/m1specialty.com\/es\/ftse-100-index-data\/","og_locale":"es_ES","og_type":"article","og_title":"FTSE 100 - Index Data","og_description":"Informaci\u00f3n del \u00cdndice 30 de Septiembre, 2025 \u00cdndice FTSE 100 El FTSE 100 es un \u00edndice ponderado por capitalizaci\u00f3n de mercado de las empresas destacadas que cotizan en el Reino Unido. El \u00edndice forma parte de la serie FTSE UK y est\u00e1 dise\u00f1ado para medir el rendimiento de las 100 empresas m\u00e1s grandes que cotizan [&hellip;]","og_url":"https:\/\/m1specialty.com\/es\/ftse-100-index-data\/","og_site_name":"M1 Specialty","article_publisher":"https:\/\/www.facebook.com\/M1Specialty\/","article_modified_time":"2025-10-30T14:41:00+00:00","og_image":[{"url":"https:\/\/m1specialty.com\/wp-content\/uploads\/2025\/01\/FTSE-100-donut.png"}],"twitter_card":"summary_large_image","twitter_site":"@m1specialty","schema":{"@context":"https:\/\/schema.org","@graph":[{"@type":"WebPage","@id":"https:\/\/m1specialty.com\/es\/ftse-100-index-data\/","url":"https:\/\/m1specialty.com\/es\/ftse-100-index-data\/","name":"FTSE 100 - Index Data | M1 Specialty","isPartOf":{"@id":"https:\/\/m1specialty.com\/es\/#website"},"datePublished":"2024-12-02T15:44:03+00:00","dateModified":"2025-10-30T14:41:00+00:00","breadcrumb":{"@id":"https:\/\/m1specialty.com\/es\/ftse-100-index-data\/#breadcrumb"},"inLanguage":"es","potentialAction":[{"@type":"ReadAction","target":["https:\/\/m1specialty.com\/es\/ftse-100-index-data\/"]}]},{"@type":"BreadcrumbList","@id":"https:\/\/m1specialty.com\/es\/ftse-100-index-data\/#breadcrumb","itemListElement":[{"@type":"ListItem","position":1,"name":"Home","item":"https:\/\/m1specialty.com\/es\/"},{"@type":"ListItem","position":2,"name":"FTSE 100 &#8211; Index Data"}]},{"@type":"WebSite","@id":"https:\/\/m1specialty.com\/es\/#website","url":"https:\/\/m1specialty.com\/es\/","name":"M1 Specialty","description":"Simple and effective unit-linked insurance solutions","publisher":{"@id":"https:\/\/m1specialty.com\/es\/#organization"},"potentialAction":[{"@type":"SearchAction","target":{"@type":"EntryPoint","urlTemplate":"https:\/\/m1specialty.com\/es\/?s={search_term_string}"},"query-input":"required name=search_term_string"}],"inLanguage":"es"},{"@type":"Organization","@id":"https:\/\/m1specialty.com\/es\/#organization","name":"M1 Specialty","url":"https:\/\/m1specialty.com\/es\/","logo":{"@type":"ImageObject","inLanguage":"es","@id":"https:\/\/m1specialty.com\/es\/#\/schema\/logo\/image\/","url":"https:\/\/m1specialty.com\/wp-content\/uploads\/2023\/03\/logo-yoast-m1.png","contentUrl":"https:\/\/m1specialty.com\/wp-content\/uploads\/2023\/03\/logo-yoast-m1.png","width":696,"height":696,"caption":"M1 Specialty"},"image":{"@id":"https:\/\/m1specialty.com\/es\/#\/schema\/logo\/image\/"},"sameAs":["https:\/\/www.facebook.com\/M1Specialty\/","https:\/\/twitter.com\/m1specialty","https:\/\/www.linkedin.com\/company\/m1specialty\/","https:\/\/www.instagram.com\/m1specialty\/"]}]}},"_links":{"self":[{"href":"https:\/\/m1specialty.com\/es\/wp-json\/wp\/v2\/pages\/6462","targetHints":{"allow":["GET"]}}],"collection":[{"href":"https:\/\/m1specialty.com\/es\/wp-json\/wp\/v2\/pages"}],"about":[{"href":"https:\/\/m1specialty.com\/es\/wp-json\/wp\/v2\/types\/page"}],"author":[{"embeddable":true,"href":"https:\/\/m1specialty.com\/es\/wp-json\/wp\/v2\/users\/8"}],"replies":[{"embeddable":true,"href":"https:\/\/m1specialty.com\/es\/wp-json\/wp\/v2\/comments?post=6462"}],"version-history":[{"count":20,"href":"https:\/\/m1specialty.com\/es\/wp-json\/wp\/v2\/pages\/6462\/revisions"}],"predecessor-version":[{"id":7915,"href":"https:\/\/m1specialty.com\/es\/wp-json\/wp\/v2\/pages\/6462\/revisions\/7915"}],"wp:attachment":[{"href":"https:\/\/m1specialty.com\/es\/wp-json\/wp\/v2\/media?parent=6462"}],"curies":[{"name":"wp","href":"https:\/\/api.w.org\/{rel}","templated":true}]}}