{"id":6418,"date":"2024-11-29T10:43:43","date_gmt":"2024-11-29T14:43:43","guid":{"rendered":"https:\/\/m1specialty.com\/msci-eafe-index-data\/"},"modified":"2025-10-30T10:57:15","modified_gmt":"2025-10-30T14:57:15","slug":"msci-eafe-index-data","status":"publish","type":"page","link":"https:\/\/m1specialty.com\/es\/msci-eafe-index-data\/","title":{"rendered":"MSCI EAFE &#8211; Index Data"},"content":{"rendered":"<p style=\"text-align: right;\">Informaci\u00f3n del \u00cdndice<\/p>\n<p style=\"\">30 de Septiembre, 2025<\/p>\n<p style=\"text-align: center;\"><strong>\u00cdndice MSCI EAFE<\/strong><\/p>\n<p>El \u00edndice MSCI EAFE es un \u00edndice de acciones que representa a las empresas de mediana y gran capitalizaci\u00f3n de 21 pa\u00edses de Mercados Desarrollados (MD) de todo el mundo, excluidos los EE. UU. y Canad\u00e1. Con 741 componentes, el \u00edndice cubre aproximadamente el 85 % de la capitalizaci\u00f3n de mercado ajustada por capital flotante en cada pa\u00eds. Los pa\u00edses de MD en el \u00edndice MSCI EAFE incluyen: Australia, Austria, B\u00e9lgica, Dinamarca, Finlandia, Francia, Alemania, Hong Kong, Irlanda, Israel, Italia, Jap\u00f3n, Pa\u00edses Bajos, Nueva Zelanda, Noruega, Portugal, Singapur, Espa\u00f1a, Suecia, Suiza y el Reino Unido.Ponderaci\u00f3n por Pa\u00eds<\/p>\n<table data-rows=\"7\" data-cols=\"3\" data-v=\"middle\">\n<thead>\n<tr>\n<th style=\"\">Posici\u00f3n<\/th>\n<th style=\"\">Pa\u00eds<\/th>\n<th style=\"\">%<\/th>\n<\/tr>\n<\/thead>\n<tbody>\n<tr>\n<td style=\"\" data-th=\"Posici\u00f3n\"><\/td>\n<td style=\"\" data-th=\"Pa\u00eds\">Jap\u00f3n<\/td>\n<td style=\"\" data-th=\"%\">23.24<\/td>\n<\/tr>\n<tr>\n<td style=\"\" rowspan=\"1\" colspan=\"1\" data-th=\"Posici\u00f3n\"><\/td>\n<td style=\"\" rowspan=\"1\" colspan=\"1\" data-th=\"Pa\u00eds\">Reino Unido<\/td>\n<td style=\"\" rowspan=\"1\" colspan=\"1\" data-th=\"%\">14.88<\/td>\n<\/tr>\n<tr>\n<td style=\"\" rowspan=\"1\" colspan=\"1\" data-th=\"Posici\u00f3n\"><\/td>\n<td style=\"\" rowspan=\"1\" colspan=\"1\" data-th=\"Pa\u00eds\">Francia<\/td>\n<td style=\"\" rowspan=\"1\" colspan=\"1\" data-th=\"%\">11.08<\/td>\n<\/tr>\n<tr>\n<td style=\"\" rowspan=\"1\" colspan=\"1\" data-th=\"Posici\u00f3n\"><\/td>\n<td style=\"\" rowspan=\"1\" colspan=\"1\" data-th=\"Pa\u00eds\">Suiza<\/td>\n<td style=\"\" rowspan=\"1\" colspan=\"1\" data-th=\"%\">9.56<\/td>\n<\/tr>\n<tr>\n<td style=\"\" rowspan=\"1\" colspan=\"1\" data-th=\"Posici\u00f3n\"><\/td>\n<td style=\"\" rowspan=\"1\" colspan=\"1\" data-th=\"Pa\u00eds\">Alemania<\/td>\n<td style=\"\" rowspan=\"1\" colspan=\"1\" data-th=\"%\">9.24<\/td>\n<\/tr>\n<tr>\n<td style=\"\" rowspan=\"1\" colspan=\"1\" data-th=\"Posici\u00f3n\"><\/td>\n<td style=\"\" rowspan=\"1\" colspan=\"1\" data-th=\"Pa\u00eds\">Otro<\/td>\n<td style=\"\" rowspan=\"1\" colspan=\"1\" data-th=\"%\">31.99<\/td>\n<\/tr>\n<\/tbody>\n<\/table>\n<p><span><img decoding=\"async\" alt=\"\" data-id=\"6212\" width=\"428\" data-init-width=\"380\" height=\"428\" data-init-height=\"380\" title=\"MSCI EAFE pie\" loading=\"lazy\" src=\"https:\/\/m1specialty.com\/wp-content\/uploads\/2025\/01\/MSCI-EAFE-pie.png\" data-width=\"428\" data-height=\"428\" style=\"aspect-ratio: auto 380 \/ 380;\"><\/span>Rendimiento del \u00cdndiceRendimientos Anualizados<\/p>\n<table data-rows=\"2\" data-cols=\"6\" data-v=\"middle\">\n<thead>\n<tr>\n<th style=\"\">Header<\/th>\n<th style=\"\">A\u00f1o a la fecha<\/th>\n<th style=\"\">1 A\u00f1o<\/th>\n<th style=\"\">3 A\u00f1os<\/th>\n<th style=\"\">5 A\u00f1os<\/th>\n<th colspan=\"1\" rowspan=\"1\" style=\"\">10 A\u00f1os<\/th>\n<\/tr>\n<\/thead>\n<tbody>\n<tr>\n<td style=\"\">Rendimiento Neto<\/td>\n<td style=\"\">22.34%<\/td>\n<td style=\"\">12.09%<\/td>\n<td style=\"\">18.53%<\/td>\n<td style=\"\">8.32%<\/td>\n<td colspan=\"1\" rowspan=\"1\" style=\"\">5.34%<\/td>\n<\/tr>\n<\/tbody>\n<\/table>\n<table data-rows=\"6\" data-cols=\"2\">\n<thead>\n<tr>\n<th>Header<\/th>\n<th>Rendimiento Neto<\/th>\n<\/tr>\n<\/thead>\n<tbody>\n<tr>\n<td>A\u00f1o a la fecha<\/td>\n<td>22.34%<\/td>\n<\/tr>\n<tr>\n<td>1 A\u00f1os<\/td>\n<td>12.09%<\/td>\n<\/tr>\n<tr>\n<td>3 A\u00f1os<\/td>\n<td>18.53%<\/td>\n<\/tr>\n<tr>\n<td rowspan=\"1\" colspan=\"1\">5 A\u00f1os<\/td>\n<td rowspan=\"1\" colspan=\"1\">8.32%<\/td>\n<\/tr>\n<tr>\n<td>10 A\u00f1os<\/td>\n<td>5.34%<\/td>\n<\/tr>\n<\/tbody>\n<\/table>\n<p>Datos al 30 de Septiembre de 2025<\/p>\n<table data-rows=\"12\" data-cols=\"3\" data-v=\"middle\">\n<thead>\n<tr>\n<th style=\"width: 170px;\">Posici\u00f3n<\/th>\n<th style=\"\">Sectores<\/th>\n<th style=\"\">%<\/th>\n<\/tr>\n<\/thead>\n<tbody>\n<tr>\n<td style=\"\" data-th=\"Posici\u00f3n\"><\/td>\n<td style=\"\" data-th=\"Sectores\">Finanzas<\/td>\n<td style=\"\" data-th=\"%\">21.86<\/td>\n<\/tr>\n<tr>\n<td style=\"\" rowspan=\"1\" colspan=\"1\" data-th=\"Posici\u00f3n\"><\/td>\n<td style=\"\" rowspan=\"1\" colspan=\"1\" data-th=\"Sectores\">Industriales<\/td>\n<td style=\"\" rowspan=\"1\" colspan=\"1\" data-th=\"%\">17.76<\/td>\n<\/tr>\n<tr>\n<td style=\"\" rowspan=\"1\" colspan=\"1\" data-th=\"Posici\u00f3n\"><\/td>\n<td style=\"\" rowspan=\"1\" colspan=\"1\" data-th=\"Sectores\">Cuidado de la Salud<\/td>\n<td style=\"\" rowspan=\"1\" colspan=\"1\" data-th=\"%\">12.43<\/td>\n<\/tr>\n<tr>\n<td style=\"\" rowspan=\"1\" colspan=\"1\" data-th=\"Posici\u00f3n\"><\/td>\n<td style=\"\" rowspan=\"1\" colspan=\"1\" data-th=\"Sectores\">Consumo Discrecional<\/td>\n<td style=\"\" rowspan=\"1\" colspan=\"1\" data-th=\"%\">11.27<\/td>\n<\/tr>\n<tr>\n<td style=\"\" rowspan=\"1\" colspan=\"1\" data-th=\"Posici\u00f3n\"><\/td>\n<td style=\"\" rowspan=\"1\" colspan=\"1\" data-th=\"Sectores\">Tecnolog\u00edas de la Informaci\u00f3n<\/td>\n<td style=\"\" rowspan=\"1\" colspan=\"1\" data-th=\"%\">8.75<\/td>\n<\/tr>\n<tr>\n<td style=\"\" rowspan=\"1\" colspan=\"1\" data-th=\"Posici\u00f3n\"><\/td>\n<td style=\"\" rowspan=\"1\" colspan=\"1\" data-th=\"Sectores\">Productos B\u00e1sicos de Consumo<\/td>\n<td style=\"\" rowspan=\"1\" colspan=\"1\" data-th=\"%\">8.34<\/td>\n<\/tr>\n<tr>\n<td style=\"\" rowspan=\"1\" colspan=\"1\" data-th=\"Posici\u00f3n\"><\/td>\n<td style=\"\" rowspan=\"1\" colspan=\"1\" data-th=\"Sectores\">Materiales<\/td>\n<td style=\"\" rowspan=\"1\" colspan=\"1\" data-th=\"%\">6.07<\/td>\n<\/tr>\n<tr>\n<td style=\"\" rowspan=\"1\" colspan=\"1\" data-th=\"Posici\u00f3n\"><\/td>\n<td style=\"\" rowspan=\"1\" colspan=\"1\" data-th=\"Sectores\">Servicios de Comunicaci\u00f3n<\/td>\n<td style=\"\" rowspan=\"1\" colspan=\"1\" data-th=\"%\">4.80<\/td>\n<\/tr>\n<tr>\n<td style=\"\" rowspan=\"1\" colspan=\"1\" data-th=\"Posici\u00f3n\"><\/td>\n<td style=\"\" rowspan=\"1\" colspan=\"1\" data-th=\"Sectores\">Energ\u00eda<\/td>\n<td style=\"\" rowspan=\"1\" colspan=\"1\" data-th=\"%\">3.49<\/td>\n<\/tr>\n<tr>\n<td style=\"\" rowspan=\"1\" colspan=\"1\" data-th=\"Posici\u00f3n\"><\/td>\n<td style=\"\" rowspan=\"1\" colspan=\"1\" data-th=\"Sectores\">Utilidades<\/td>\n<td style=\"\" rowspan=\"1\" colspan=\"1\" data-th=\"%\">3.23<\/td>\n<\/tr>\n<tr>\n<td style=\"\" rowspan=\"1\" colspan=\"1\" data-th=\"Posici\u00f3n\"><\/td>\n<td style=\"\" rowspan=\"1\" colspan=\"1\" data-th=\"Sectores\">Bienes Ra\u00edces<\/td>\n<td style=\"\" rowspan=\"1\" colspan=\"1\" data-th=\"%\">2.00<\/td>\n<\/tr>\n<\/tbody>\n<\/table>\n<p style=\"text-align: center;\">Representaci\u00f3n Sectorial<\/p>\n<p><span><img decoding=\"async\" alt=\"\" data-id=\"6217\" width=\"444\" data-init-width=\"490\" height=\"445\" data-init-height=\"491\" title=\"MSCI EAFE donut\" loading=\"lazy\" src=\"https:\/\/m1specialty.com\/wp-content\/uploads\/2025\/01\/MSCI-EAFE-donut.png\" data-width=\"444\" data-height=\"445\" style=\"aspect-ratio: auto 490 \/ 491;\"><\/span>Top 10 Principales Constituyentes<\/p>\n<table data-rows=\"10\" data-cols=\"4\">\n<thead><\/thead>\n<tbody>\n<tr>\n<td>\n<p style=\"text-align: left;\">1. ASML Holdings<\/p>\n<\/td>\n<td>\n<p style=\"text-align: left;\">Pa\u00edses Bajos<\/p>\n<\/td>\n<td>\n<p style=\"text-align: center;\">1.74%<\/p>\n<\/td>\n<td>\n<p style=\"text-align: left;\">Tecnolog\u00edas de la Informaci\u00f3n<\/p>\n<\/td>\n<\/tr>\n<tr>\n<td>\n<p style=\"text-align: left;\">2.Novo Nordisk B<\/p>\n<\/td>\n<td>\n<p style=\"text-align: left;\">Dinamarca<\/p>\n<\/td>\n<td>\n<p style=\"text-align: center;\">1.73%<\/p>\n<\/td>\n<td>\n<p style=\"text-align: left;\">Cuidado de la Salud<\/p>\n<\/td>\n<\/tr>\n<tr>\n<td>\n<p style=\"text-align: left;\">3. SAP<\/p>\n<\/td>\n<td>\n<p style=\"text-align: left;\">Alemania<\/p>\n<\/td>\n<td>\n<p style=\"text-align: center;\">1.59%<\/p>\n<\/td>\n<td>\n<p style=\"text-align: left;\">Tecnolog\u00edas de la Informaci\u00f3n<\/p>\n<\/td>\n<\/tr>\n<tr>\n<td rowspan=\"1\" colspan=\"1\">\n<p style=\"text-align: left;\">4. Nestle<\/p>\n<\/td>\n<td rowspan=\"1\" colspan=\"1\">\n<p style=\"text-align: left;\">Suiza<\/p>\n<\/td>\n<td rowspan=\"1\" colspan=\"1\">\n<p style=\"text-align: center;\">1.34%<\/p>\n<\/td>\n<td rowspan=\"1\" colspan=\"1\">\n<p style=\"text-align: left;\">Productos B\u00e1sicos de Consumo<\/p>\n<\/td>\n<\/tr>\n<tr>\n<td>\n<p style=\"text-align: left;\">5. Toyota Motor Corp<\/p>\n<\/td>\n<td>\n<p style=\"text-align: left;\">Jap\u00f3n<\/p>\n<\/td>\n<td>\n<p style=\"text-align: center;\">1.28%<\/p>\n<\/td>\n<td>\n<p style=\"text-align: left;\">Consumo Discrecional<\/p>\n<\/td>\n<\/tr>\n<tr>\n<td rowspan=\"1\" colspan=\"1\">\n<p style=\"text-align: left;\">6. Astrazeneca<\/p>\n<\/td>\n<td rowspan=\"1\" colspan=\"1\">\n<p style=\"text-align: left;\">Reino Unido<\/p>\n<\/td>\n<td rowspan=\"1\" colspan=\"1\">\n<p style=\"text-align: center;\">1.26%<\/p>\n<\/td>\n<td rowspan=\"1\" colspan=\"1\">\n<p style=\"text-align: left;\">Cuidado de la Salud<\/p>\n<\/td>\n<\/tr>\n<tr>\n<td rowspan=\"1\" colspan=\"1\">\n<p style=\"text-align: left;\">7. Roche Holding Genuss<\/p>\n<\/td>\n<td rowspan=\"1\" colspan=\"1\">\n<p style=\"text-align: left;\">Suiza<\/p>\n<\/td>\n<td rowspan=\"1\" colspan=\"1\">\n<p style=\"text-align: center;\">1.23%<\/p>\n<\/td>\n<td rowspan=\"1\" colspan=\"1\">\n<p style=\"text-align: left;\">Cuidado de la Salud<\/p>\n<\/td>\n<\/tr>\n<tr>\n<td rowspan=\"1\" colspan=\"1\">\n<p style=\"text-align: left;\">8. Novartis<\/p>\n<\/td>\n<td rowspan=\"1\" colspan=\"1\">\n<p style=\"text-align: left;\">Suiza<\/p>\n<\/td>\n<td rowspan=\"1\" colspan=\"1\">\n<p style=\"text-align: center;\">1.20%<\/p>\n<\/td>\n<td rowspan=\"1\" colspan=\"1\">\n<p style=\"text-align: left;\">Cuidado de la Salud<\/p>\n<\/td>\n<\/tr>\n<tr>\n<td rowspan=\"1\" colspan=\"1\">\n<p style=\"text-align: left;\">9. Shell<\/p>\n<\/td>\n<td rowspan=\"1\" colspan=\"1\">\n<p style=\"text-align: left;\">Reino Unido<\/p>\n<\/td>\n<td rowspan=\"1\" colspan=\"1\">\n<p style=\"text-align: center;\">1.19%<\/p>\n<\/td>\n<td rowspan=\"1\" colspan=\"1\">\n<p style=\"text-align: left;\">Energ\u00eda<\/p>\n<\/td>\n<\/tr>\n<tr>\n<td rowspan=\"1\" colspan=\"1\">\n<p style=\"text-align: left;\">10. LVMH Moet Hennessy<\/p>\n<\/td>\n<td rowspan=\"1\" colspan=\"1\">\n<p style=\"text-align: left;\">Francia<\/p>\n<\/td>\n<td rowspan=\"1\" colspan=\"1\">\n<p style=\"text-align: center;\">1.12%<\/p>\n<\/td>\n<td rowspan=\"1\" colspan=\"1\">\n<p style=\"text-align: left;\">Consumo Discrecional<\/p>\n<\/td>\n<\/tr>\n<\/tbody>\n<\/table>\n<table data-rows=\"11\" data-cols=\"4\">\n<thead><\/thead>\n<tbody>\n<tr>\n<td rowspan=\"1\" colspan=\"1\">\n<p style=\"text-align: center;\"><strong>Constituyentes<\/strong><\/p>\n<\/td>\n<td rowspan=\"1\" colspan=\"1\">\n<p style=\"text-align: center;\"><strong>Pa\u00eds<\/strong><\/p>\n<\/td>\n<td rowspan=\"1\" colspan=\"1\">\n<p style=\"text-align: center;\"><strong>Ponderaci\u00f3n por \u00cdndice<\/strong><\/p>\n<\/td>\n<td rowspan=\"1\" colspan=\"1\">\n<p style=\"text-align: center;\"><strong>Sector<\/strong><\/p>\n<\/td>\n<\/tr>\n<tr>\n<td data-th=\"Constituyentes\">\n<p style=\"text-align: left;\">1. ASML Holdings<\/p>\n<\/td>\n<td data-th=\"Pa\u00eds\">\n<p style=\"text-align: left;\">Pa\u00edses Bajos<\/p>\n<\/td>\n<td data-th=\"Ponderaci\u00f3n por \u00cdndice\">\n<p style=\"text-align: center;\">1.74%<\/p>\n<\/td>\n<td data-th=\"Sector\">\n<p style=\"text-align: left;\">Tecnolog\u00edas de la Informaci\u00f3n<\/p>\n<\/td>\n<\/tr>\n<tr>\n<td data-th=\"Constituyentes\">\n<p style=\"text-align: left;\">2.Novo Nordisk B<\/p>\n<\/td>\n<td data-th=\"Pa\u00eds\">\n<p style=\"text-align: left;\">Dinamarca<\/p>\n<\/td>\n<td data-th=\"Ponderaci\u00f3n por \u00cdndice\">\n<p style=\"text-align: center;\">1.73%<\/p>\n<\/td>\n<td data-th=\"Sector\">\n<p style=\"text-align: left;\">Cuidado de la Salud<\/p>\n<\/td>\n<\/tr>\n<tr>\n<td data-th=\"Constituyentes\">\n<p style=\"text-align: left;\">3. SAP<\/p>\n<\/td>\n<td data-th=\"Pa\u00eds\">\n<p style=\"text-align: left;\">Alemania<\/p>\n<\/td>\n<td data-th=\"Ponderaci\u00f3n por \u00cdndice\">\n<p style=\"text-align: center;\">1.59%<\/p>\n<\/td>\n<td data-th=\"Sector\">\n<p style=\"text-align: left;\">Tecnolog\u00edas de la Informaci\u00f3n<\/p>\n<\/td>\n<\/tr>\n<tr>\n<td rowspan=\"1\" colspan=\"1\" data-th=\"Constituyentes\">\n<p style=\"text-align: left;\">4. Nestle<\/p>\n<\/td>\n<td rowspan=\"1\" colspan=\"1\" data-th=\"Pa\u00eds\">\n<p style=\"text-align: left;\">Suiza<\/p>\n<\/td>\n<td rowspan=\"1\" colspan=\"1\" data-th=\"Ponderaci\u00f3n por \u00cdndice\">\n<p style=\"text-align: center;\">1.34%<\/p>\n<\/td>\n<td rowspan=\"1\" colspan=\"1\" data-th=\"Sector\">\n<p style=\"text-align: left;\">Productos B\u00e1sicos de Consumo<\/p>\n<\/td>\n<\/tr>\n<tr>\n<td data-th=\"Constituyentes\">\n<p style=\"text-align: left;\">5. Toyota Motor Corp<\/p>\n<\/td>\n<td data-th=\"Pa\u00eds\">\n<p style=\"text-align: left;\">Jap\u00f3n<\/p>\n<\/td>\n<td data-th=\"Ponderaci\u00f3n por \u00cdndice\">\n<p style=\"text-align: center;\">1.28%<\/p>\n<\/td>\n<td data-th=\"Sector\">\n<p style=\"text-align: left;\">Consumo Discrecional<\/p>\n<\/td>\n<\/tr>\n<tr>\n<td rowspan=\"1\" colspan=\"1\" data-th=\"Constituyentes\">\n<p style=\"text-align: left;\">6. Astrazeneca<\/p>\n<\/td>\n<td rowspan=\"1\" colspan=\"1\" data-th=\"Pa\u00eds\">\n<p style=\"text-align: left;\">Reino Unido<\/p>\n<\/td>\n<td rowspan=\"1\" colspan=\"1\" data-th=\"Ponderaci\u00f3n por \u00cdndice\">\n<p style=\"text-align: center;\">1.26%<\/p>\n<\/td>\n<td rowspan=\"1\" colspan=\"1\" data-th=\"Sector\">\n<p style=\"text-align: left;\">Cuidado de la Salud<\/p>\n<\/td>\n<\/tr>\n<tr>\n<td rowspan=\"1\" colspan=\"1\" data-th=\"Constituyentes\">\n<p style=\"text-align: left;\">7. Roche Holding Genuss<\/p>\n<\/td>\n<td rowspan=\"1\" colspan=\"1\" data-th=\"Pa\u00eds\">\n<p style=\"text-align: left;\">Suiza<\/p>\n<\/td>\n<td rowspan=\"1\" colspan=\"1\" data-th=\"Ponderaci\u00f3n por \u00cdndice\">\n<p style=\"text-align: center;\">1.23%<\/p>\n<\/td>\n<td rowspan=\"1\" colspan=\"1\" data-th=\"Sector\">\n<p style=\"text-align: left;\">Cuidado de la Salud<\/p>\n<\/td>\n<\/tr>\n<tr>\n<td rowspan=\"1\" colspan=\"1\" data-th=\"Constituyentes\">\n<p style=\"text-align: left;\">8. Novartis<\/p>\n<\/td>\n<td rowspan=\"1\" colspan=\"1\" data-th=\"Pa\u00eds\">\n<p style=\"text-align: left;\">Suiza<\/p>\n<\/td>\n<td rowspan=\"1\" colspan=\"1\" data-th=\"Ponderaci\u00f3n por \u00cdndice\">\n<p style=\"text-align: center;\">1.20%<\/p>\n<\/td>\n<td rowspan=\"1\" colspan=\"1\" data-th=\"Sector\">\n<p style=\"text-align: left;\">Cuidado de la Salud<\/p>\n<\/td>\n<\/tr>\n<tr>\n<td rowspan=\"1\" colspan=\"1\" data-th=\"Constituyentes\">\n<p style=\"text-align: left;\">9. Shell<\/p>\n<\/td>\n<td rowspan=\"1\" colspan=\"1\" data-th=\"Pa\u00eds\">\n<p style=\"text-align: left;\">Reino Unido<\/p>\n<\/td>\n<td rowspan=\"1\" colspan=\"1\" data-th=\"Ponderaci\u00f3n por \u00cdndice\">\n<p style=\"text-align: center;\">1.19%<\/p>\n<\/td>\n<td rowspan=\"1\" colspan=\"1\" data-th=\"Sector\">\n<p style=\"text-align: left;\">Energ\u00eda<\/p>\n<\/td>\n<\/tr>\n<tr>\n<td rowspan=\"1\" colspan=\"1\" data-th=\"Constituyentes\">\n<p style=\"text-align: left;\">10. LVMH Moet Hennessy<\/p>\n<\/td>\n<td rowspan=\"1\" colspan=\"1\" data-th=\"Pa\u00eds\">\n<p style=\"text-align: left;\">Francia<\/p>\n<\/td>\n<td rowspan=\"1\" colspan=\"1\" data-th=\"Ponderaci\u00f3n por \u00cdndice\">\n<p style=\"text-align: center;\">1.12%<\/p>\n<\/td>\n<td rowspan=\"1\" colspan=\"1\" data-th=\"Sector\">\n<p style=\"text-align: left;\">Consumo Discrecional<\/p>\n<\/td>\n<\/tr>\n<\/tbody>\n<\/table>\n<p>Source<a href=\"https:\/\/www.msci.com\/indexes\/index\/990300\" target=\"_blank\" style=\"outline: none;\">MSCI EAFE Index<\/a><\/p>\n","protected":false},"excerpt":{"rendered":"<p>Informaci\u00f3n del \u00cdndice 30 de Septiembre, 2025 \u00cdndice MSCI EAFE El \u00edndice MSCI EAFE es un \u00edndice de acciones que representa a las empresas de mediana y gran capitalizaci\u00f3n de 21 pa\u00edses de Mercados Desarrollados (MD) de todo el mundo, excluidos los EE. UU. y Canad\u00e1. Con 741 componentes, el \u00edndice cubre aproximadamente el 85 [&hellip;]<\/p>\n","protected":false},"author":8,"featured_media":0,"parent":0,"menu_order":0,"comment_status":"closed","ping_status":"closed","template":"","meta":{"inline_featured_image":false,"footnotes":""},"class_list":["post-6418","page","type-page","status-publish","hentry","post-wrapper","thrv_wrapper"],"yoast_head":"<!-- This site is optimized with the Yoast SEO Premium plugin v20.3 (Yoast SEO v20.3) - https:\/\/yoast.com\/wordpress\/plugins\/seo\/ -->\n<title>MSCI EAFE - Index Data | M1 Specialty<\/title>\n<meta name=\"robots\" content=\"index, follow, max-snippet:-1, max-image-preview:large, max-video-preview:-1\" \/>\n<link rel=\"canonical\" href=\"https:\/\/m1specialty.com\/es\/msci-eafe-index-data\/\" \/>\n<meta property=\"og:locale\" content=\"es_ES\" \/>\n<meta property=\"og:type\" content=\"article\" \/>\n<meta property=\"og:title\" content=\"MSCI EAFE - Index Data\" \/>\n<meta property=\"og:description\" content=\"Informaci\u00f3n del \u00cdndice 30 de Septiembre, 2025 \u00cdndice MSCI EAFE El \u00edndice MSCI EAFE es un \u00edndice de acciones que representa a las empresas de mediana y gran capitalizaci\u00f3n de 21 pa\u00edses de Mercados Desarrollados (MD) de todo el mundo, excluidos los EE. UU. y Canad\u00e1. Con 741 componentes, el \u00edndice cubre aproximadamente el 85 [&hellip;]\" \/>\n<meta property=\"og:url\" content=\"https:\/\/m1specialty.com\/es\/msci-eafe-index-data\/\" \/>\n<meta property=\"og:site_name\" content=\"M1 Specialty\" \/>\n<meta property=\"article:publisher\" content=\"https:\/\/www.facebook.com\/M1Specialty\/\" \/>\n<meta property=\"article:modified_time\" content=\"2025-10-30T14:57:15+00:00\" \/>\n<meta property=\"og:image\" content=\"https:\/\/m1specialty.com\/wp-content\/uploads\/2025\/01\/MSCI-EAFE-pie.png\" \/>\n<meta name=\"twitter:card\" content=\"summary_large_image\" \/>\n<meta name=\"twitter:site\" content=\"@m1specialty\" \/>\n<meta name=\"twitter:label1\" content=\"Tiempo de lectura\" \/>\n\t<meta name=\"twitter:data1\" content=\"2 minutos\" \/>\n<script type=\"application\/ld+json\" class=\"yoast-schema-graph\">{\"@context\":\"https:\/\/schema.org\",\"@graph\":[{\"@type\":\"WebPage\",\"@id\":\"https:\/\/m1specialty.com\/es\/msci-eafe-index-data\/\",\"url\":\"https:\/\/m1specialty.com\/es\/msci-eafe-index-data\/\",\"name\":\"MSCI EAFE - Index Data | M1 Specialty\",\"isPartOf\":{\"@id\":\"https:\/\/m1specialty.com\/es\/#website\"},\"datePublished\":\"2024-11-29T14:43:43+00:00\",\"dateModified\":\"2025-10-30T14:57:15+00:00\",\"breadcrumb\":{\"@id\":\"https:\/\/m1specialty.com\/es\/msci-eafe-index-data\/#breadcrumb\"},\"inLanguage\":\"es\",\"potentialAction\":[{\"@type\":\"ReadAction\",\"target\":[\"https:\/\/m1specialty.com\/es\/msci-eafe-index-data\/\"]}]},{\"@type\":\"BreadcrumbList\",\"@id\":\"https:\/\/m1specialty.com\/es\/msci-eafe-index-data\/#breadcrumb\",\"itemListElement\":[{\"@type\":\"ListItem\",\"position\":1,\"name\":\"Home\",\"item\":\"https:\/\/m1specialty.com\/es\/\"},{\"@type\":\"ListItem\",\"position\":2,\"name\":\"MSCI EAFE &#8211; Index Data\"}]},{\"@type\":\"WebSite\",\"@id\":\"https:\/\/m1specialty.com\/es\/#website\",\"url\":\"https:\/\/m1specialty.com\/es\/\",\"name\":\"M1 Specialty\",\"description\":\"Simple and effective unit-linked insurance solutions\",\"publisher\":{\"@id\":\"https:\/\/m1specialty.com\/es\/#organization\"},\"potentialAction\":[{\"@type\":\"SearchAction\",\"target\":{\"@type\":\"EntryPoint\",\"urlTemplate\":\"https:\/\/m1specialty.com\/es\/?s={search_term_string}\"},\"query-input\":\"required name=search_term_string\"}],\"inLanguage\":\"es\"},{\"@type\":\"Organization\",\"@id\":\"https:\/\/m1specialty.com\/es\/#organization\",\"name\":\"M1 Specialty\",\"url\":\"https:\/\/m1specialty.com\/es\/\",\"logo\":{\"@type\":\"ImageObject\",\"inLanguage\":\"es\",\"@id\":\"https:\/\/m1specialty.com\/es\/#\/schema\/logo\/image\/\",\"url\":\"https:\/\/m1specialty.com\/wp-content\/uploads\/2023\/03\/logo-yoast-m1.png\",\"contentUrl\":\"https:\/\/m1specialty.com\/wp-content\/uploads\/2023\/03\/logo-yoast-m1.png\",\"width\":696,\"height\":696,\"caption\":\"M1 Specialty\"},\"image\":{\"@id\":\"https:\/\/m1specialty.com\/es\/#\/schema\/logo\/image\/\"},\"sameAs\":[\"https:\/\/www.facebook.com\/M1Specialty\/\",\"https:\/\/twitter.com\/m1specialty\",\"https:\/\/www.linkedin.com\/company\/m1specialty\/\",\"https:\/\/www.instagram.com\/m1specialty\/\"]}]}<\/script>\n<!-- \/ Yoast SEO Premium plugin. -->","yoast_head_json":{"title":"MSCI EAFE - Index Data | M1 Specialty","robots":{"index":"index","follow":"follow","max-snippet":"max-snippet:-1","max-image-preview":"max-image-preview:large","max-video-preview":"max-video-preview:-1"},"canonical":"https:\/\/m1specialty.com\/es\/msci-eafe-index-data\/","og_locale":"es_ES","og_type":"article","og_title":"MSCI EAFE - Index Data","og_description":"Informaci\u00f3n del \u00cdndice 30 de Septiembre, 2025 \u00cdndice MSCI EAFE El \u00edndice MSCI EAFE es un \u00edndice de acciones que representa a las empresas de mediana y gran capitalizaci\u00f3n de 21 pa\u00edses de Mercados Desarrollados (MD) de todo el mundo, excluidos los EE. UU. y Canad\u00e1. Con 741 componentes, el \u00edndice cubre aproximadamente el 85 [&hellip;]","og_url":"https:\/\/m1specialty.com\/es\/msci-eafe-index-data\/","og_site_name":"M1 Specialty","article_publisher":"https:\/\/www.facebook.com\/M1Specialty\/","article_modified_time":"2025-10-30T14:57:15+00:00","og_image":[{"url":"https:\/\/m1specialty.com\/wp-content\/uploads\/2025\/01\/MSCI-EAFE-pie.png"}],"twitter_card":"summary_large_image","twitter_site":"@m1specialty","twitter_misc":{"Tiempo de lectura":"2 minutos"},"schema":{"@context":"https:\/\/schema.org","@graph":[{"@type":"WebPage","@id":"https:\/\/m1specialty.com\/es\/msci-eafe-index-data\/","url":"https:\/\/m1specialty.com\/es\/msci-eafe-index-data\/","name":"MSCI EAFE - Index Data | M1 Specialty","isPartOf":{"@id":"https:\/\/m1specialty.com\/es\/#website"},"datePublished":"2024-11-29T14:43:43+00:00","dateModified":"2025-10-30T14:57:15+00:00","breadcrumb":{"@id":"https:\/\/m1specialty.com\/es\/msci-eafe-index-data\/#breadcrumb"},"inLanguage":"es","potentialAction":[{"@type":"ReadAction","target":["https:\/\/m1specialty.com\/es\/msci-eafe-index-data\/"]}]},{"@type":"BreadcrumbList","@id":"https:\/\/m1specialty.com\/es\/msci-eafe-index-data\/#breadcrumb","itemListElement":[{"@type":"ListItem","position":1,"name":"Home","item":"https:\/\/m1specialty.com\/es\/"},{"@type":"ListItem","position":2,"name":"MSCI EAFE &#8211; Index Data"}]},{"@type":"WebSite","@id":"https:\/\/m1specialty.com\/es\/#website","url":"https:\/\/m1specialty.com\/es\/","name":"M1 Specialty","description":"Simple and effective unit-linked insurance solutions","publisher":{"@id":"https:\/\/m1specialty.com\/es\/#organization"},"potentialAction":[{"@type":"SearchAction","target":{"@type":"EntryPoint","urlTemplate":"https:\/\/m1specialty.com\/es\/?s={search_term_string}"},"query-input":"required name=search_term_string"}],"inLanguage":"es"},{"@type":"Organization","@id":"https:\/\/m1specialty.com\/es\/#organization","name":"M1 Specialty","url":"https:\/\/m1specialty.com\/es\/","logo":{"@type":"ImageObject","inLanguage":"es","@id":"https:\/\/m1specialty.com\/es\/#\/schema\/logo\/image\/","url":"https:\/\/m1specialty.com\/wp-content\/uploads\/2023\/03\/logo-yoast-m1.png","contentUrl":"https:\/\/m1specialty.com\/wp-content\/uploads\/2023\/03\/logo-yoast-m1.png","width":696,"height":696,"caption":"M1 Specialty"},"image":{"@id":"https:\/\/m1specialty.com\/es\/#\/schema\/logo\/image\/"},"sameAs":["https:\/\/www.facebook.com\/M1Specialty\/","https:\/\/twitter.com\/m1specialty","https:\/\/www.linkedin.com\/company\/m1specialty\/","https:\/\/www.instagram.com\/m1specialty\/"]}]}},"_links":{"self":[{"href":"https:\/\/m1specialty.com\/es\/wp-json\/wp\/v2\/pages\/6418","targetHints":{"allow":["GET"]}}],"collection":[{"href":"https:\/\/m1specialty.com\/es\/wp-json\/wp\/v2\/pages"}],"about":[{"href":"https:\/\/m1specialty.com\/es\/wp-json\/wp\/v2\/types\/page"}],"author":[{"embeddable":true,"href":"https:\/\/m1specialty.com\/es\/wp-json\/wp\/v2\/users\/8"}],"replies":[{"embeddable":true,"href":"https:\/\/m1specialty.com\/es\/wp-json\/wp\/v2\/comments?post=6418"}],"version-history":[{"count":16,"href":"https:\/\/m1specialty.com\/es\/wp-json\/wp\/v2\/pages\/6418\/revisions"}],"predecessor-version":[{"id":7924,"href":"https:\/\/m1specialty.com\/es\/wp-json\/wp\/v2\/pages\/6418\/revisions\/7924"}],"wp:attachment":[{"href":"https:\/\/m1specialty.com\/es\/wp-json\/wp\/v2\/media?parent=6418"}],"curies":[{"name":"wp","href":"https:\/\/api.w.org\/{rel}","templated":true}]}}