{"id":6390,"date":"2024-11-28T11:18:30","date_gmt":"2024-11-28T15:18:30","guid":{"rendered":"https:\/\/m1specialty.com\/msci-world-index-data\/"},"modified":"2025-10-30T11:24:58","modified_gmt":"2025-10-30T15:24:58","slug":"msci-world-index-data","status":"publish","type":"page","link":"https:\/\/m1specialty.com\/es\/msci-world-index-data\/","title":{"rendered":"MSCI World-Index Data"},"content":{"rendered":"<p style=\"text-align: right;\">Informaci\u00f3n del \u00cdndice<\/p>\n<p style=\"\">30 de Septiembre, 2025<\/p>\n<p style=\"text-align: center;\"><strong>\u00cdndice Mundial MSCI<\/strong><\/p>\n<p>El \u00edndice Mundial MSCI incluye una representaci\u00f3n de empresas de gran y mediana capitalizaci\u00f3n de 23 pa\u00edses de Mercados Desarrollados (MD). Con 1,429 componentes, el \u00edndice cubre aproximadamente el 85 % de la capitalizaci\u00f3n de mercado ajustada por capital flotante de cada pa\u00eds.Los pa\u00edses con MD incluyen: Australia, Austria, B\u00e9lgica, Canad\u00e1, Dinamarca, Finlandia, Francia, Alemania, Hong Kong, Irlanda, Israel, Italia, Jap\u00f3n, Pa\u00edses Bajos, Nueva Zelanda, Noruega, Portugal, Singapur, Espa\u00f1a, Suecia, Suiza, el Reino Unido y los Estados Unidos.Ponderaci\u00f3n por Pa\u00eds<\/p>\n<table data-rows=\"7\" data-cols=\"3\" data-v=\"middle\">\n<thead>\n<tr>\n<th style=\"\">Posici\u00f3n<\/th>\n<th style=\"\">Pa\u00eds<\/th>\n<th style=\"\">%<\/th>\n<\/tr>\n<\/thead>\n<tbody>\n<tr>\n<td style=\"\" data-th=\"Posici\u00f3n\"><\/td>\n<td style=\"\" data-th=\"Pa\u00eds\">Estados Unidos<\/td>\n<td style=\"\" data-th=\"%\">73.94<\/td>\n<\/tr>\n<tr>\n<td style=\"\" rowspan=\"1\" colspan=\"1\" data-th=\"Posici\u00f3n\"><\/td>\n<td style=\"\" rowspan=\"1\" colspan=\"1\" data-th=\"Pa\u00eds\">Jap\u00f3n<\/td>\n<td style=\"\" rowspan=\"1\" colspan=\"1\" data-th=\"%\">5.36<\/td>\n<\/tr>\n<tr>\n<td style=\"\" rowspan=\"1\" colspan=\"1\" data-th=\"Posici\u00f3n\"><\/td>\n<td style=\"\" rowspan=\"1\" colspan=\"1\" data-th=\"Pa\u00eds\">Reino Unido<\/td>\n<td style=\"\" rowspan=\"1\" colspan=\"1\" data-th=\"%\">3.43<\/td>\n<\/tr>\n<tr>\n<td style=\"\" rowspan=\"1\" colspan=\"1\" data-th=\"Posici\u00f3n\"><\/td>\n<td style=\"\" rowspan=\"1\" colspan=\"1\" data-th=\"Pa\u00eds\">Canad\u00e1<\/td>\n<td style=\"\" rowspan=\"1\" colspan=\"1\" data-th=\"%\">3.00<\/td>\n<\/tr>\n<tr>\n<td style=\"\" rowspan=\"1\" colspan=\"1\" data-th=\"Posici\u00f3n\"><\/td>\n<td style=\"\" rowspan=\"1\" colspan=\"1\" data-th=\"Pa\u00eds\">Francia<\/td>\n<td style=\"\" rowspan=\"1\" colspan=\"1\" data-th=\"%\">2.56<\/td>\n<\/tr>\n<tr>\n<td style=\"\" rowspan=\"1\" colspan=\"1\" data-th=\"Posici\u00f3n\"><\/td>\n<td style=\"\" rowspan=\"1\" colspan=\"1\" data-th=\"Pa\u00eds\">Otros<\/td>\n<td style=\"\" rowspan=\"1\" colspan=\"1\" data-th=\"%\">11.72<\/td>\n<\/tr>\n<\/tbody>\n<\/table>\n<p><span><img decoding=\"async\" alt=\"\" data-id=\"5847\" width=\"428\" data-init-width=\"428\" height=\"428\" data-init-height=\"428\" title=\"MSCI World pie\" loading=\"lazy\" src=\"https:\/\/m1specialty.com\/wp-content\/uploads\/2024\/11\/MSCI-World-pie.png\" data-width=\"428\" data-height=\"428\" style=\"aspect-ratio: auto 428 \/ 428;\"><\/span>Rendimiento del \u00cdndiceRendimientos Anualizados<\/p>\n<table data-rows=\"2\" data-cols=\"6\" data-v=\"middle\">\n<thead>\n<tr>\n<th style=\"\">Header<\/th>\n<th style=\"\">A\u00f1o a la Fecha<\/th>\n<th style=\"\">1 A\u00f1o<\/th>\n<th style=\"\">3 A\u00f1os<\/th>\n<th style=\"\">5 A\u00f1os<\/th>\n<th colspan=\"1\" rowspan=\"1\" style=\"\">10 A\u00f1os<\/th>\n<\/tr>\n<\/thead>\n<tbody>\n<tr>\n<td style=\"\">Rendimiento Neto<\/td>\n<td style=\"\">17.76%<\/td>\n<td style=\"\">17.38%<\/td>\n<td style=\"\">23.60%<\/td>\n<td style=\"\">14.59%<\/td>\n<td colspan=\"1\" rowspan=\"1\" style=\"\">12.66%<\/td>\n<\/tr>\n<\/tbody>\n<\/table>\n<table data-rows=\"6\" data-cols=\"2\">\n<thead>\n<tr>\n<th>Header<\/th>\n<th>Rendimiento Neto<\/th>\n<\/tr>\n<\/thead>\n<tbody>\n<tr>\n<td>A\u00f1o a la Fecha<\/td>\n<td>17.76%<\/td>\n<\/tr>\n<tr>\n<td>1 A\u00f1o<\/td>\n<td>17.38%<\/td>\n<\/tr>\n<tr>\n<td>3 A\u00f1o<\/td>\n<td>23.60%<\/td>\n<\/tr>\n<tr>\n<td rowspan=\"1\" colspan=\"1\">5 A\u00f1o<\/td>\n<td rowspan=\"1\" colspan=\"1\">14.59%<\/td>\n<\/tr>\n<tr>\n<td>10 A\u00f1o<\/td>\n<td>12.66%<\/td>\n<\/tr>\n<\/tbody>\n<\/table>\n<p>Datos al 30 de Septiembre de 2025<\/p>\n<table data-rows=\"11\" data-cols=\"3\" data-v=\"middle\">\n<thead>\n<tr>\n<th style=\"width: 120px;\">Posici\u00f3n<\/th>\n<th style=\"\">Sectores<\/th>\n<th style=\"\">%<\/th>\n<\/tr>\n<\/thead>\n<tbody>\n<tr>\n<td style=\"\" data-th=\"Posici\u00f3n\"><\/td>\n<td style=\"\" data-th=\"Sectores\">Tecnolog\u00edas de la Informaci\u00f3n<\/td>\n<td style=\"\" data-th=\"%\">26.17<\/td>\n<\/tr>\n<tr>\n<td style=\"\" rowspan=\"1\" colspan=\"1\" data-th=\"Posici\u00f3n\"><\/td>\n<td style=\"\" rowspan=\"1\" colspan=\"1\" data-th=\"Sectores\">Finanzas<\/td>\n<td style=\"\" rowspan=\"1\" colspan=\"1\" data-th=\"%\">16.04<\/td>\n<\/tr>\n<tr>\n<td style=\"\" rowspan=\"1\" colspan=\"1\" data-th=\"Posici\u00f3n\"><\/td>\n<td style=\"\" rowspan=\"1\" colspan=\"1\" data-th=\"Sectores\">Consumo Discrecional<\/td>\n<td style=\"\" rowspan=\"1\" colspan=\"1\" data-th=\"%\">11.15<\/td>\n<\/tr>\n<tr>\n<td style=\"\" rowspan=\"1\" colspan=\"1\" data-th=\"Posici\u00f3n\"><\/td>\n<td style=\"\" rowspan=\"1\" colspan=\"1\" data-th=\"Sectores\">Industriales<\/td>\n<td style=\"\" rowspan=\"1\" colspan=\"1\" data-th=\"%\">10.63<\/td>\n<\/tr>\n<tr>\n<td style=\"\" rowspan=\"1\" colspan=\"1\" data-th=\"Posici\u00f3n\"><\/td>\n<td style=\"\" rowspan=\"1\" colspan=\"1\" data-th=\"Sectores\">Cuidado de la Salud<\/td>\n<td style=\"\" rowspan=\"1\" colspan=\"1\" data-th=\"%\">10.35<\/td>\n<\/tr>\n<tr>\n<td style=\"\" rowspan=\"1\" colspan=\"1\" data-th=\"Posici\u00f3n\"><\/td>\n<td style=\"\" rowspan=\"1\" colspan=\"1\" data-th=\"Sectores\">Servicios de Comunicaci\u00f3n<\/td>\n<td style=\"\" rowspan=\"1\" colspan=\"1\" data-th=\"%\">8.11<\/td>\n<\/tr>\n<tr>\n<td style=\"\" rowspan=\"1\" colspan=\"1\" data-th=\"Posici\u00f3n\"><\/td>\n<td style=\"\" rowspan=\"1\" colspan=\"1\" data-th=\"Sectores\">Productos B\u00e1sicos de Consumo<\/td>\n<td style=\"\" rowspan=\"1\" colspan=\"1\" data-th=\"%\">6.05<\/td>\n<\/tr>\n<tr>\n<td style=\"\" rowspan=\"1\" colspan=\"1\" data-th=\"Posici\u00f3n\"><\/td>\n<td style=\"\" rowspan=\"1\" colspan=\"1\" data-th=\"Sectores\">Energ\u00eda<\/td>\n<td style=\"\" rowspan=\"1\" colspan=\"1\" data-th=\"%\">3.74<\/td>\n<\/tr>\n<tr>\n<td style=\"\" rowspan=\"1\" colspan=\"1\" data-th=\"Posici\u00f3n\"><\/td>\n<td style=\"\" rowspan=\"1\" colspan=\"1\" data-th=\"Sectores\">Materiales<\/td>\n<td style=\"\" rowspan=\"1\" colspan=\"1\" data-th=\"%\">3.21<\/td>\n<\/tr>\n<tr>\n<td style=\"\" rowspan=\"1\" colspan=\"1\" data-th=\"Posici\u00f3n\"><\/td>\n<td style=\"\" rowspan=\"1\" colspan=\"1\" data-th=\"Sectores\">Utilidades<\/td>\n<td style=\"\" rowspan=\"1\" colspan=\"1\" data-th=\"%\">2.48<\/td>\n<\/tr>\n<\/tbody>\n<\/table>\n<p style=\"text-align: center;\">Representaci\u00f3n Sectorial<\/p>\n<p><span><img decoding=\"async\" alt=\"\" data-id=\"6223\" width=\"444\" data-init-width=\"470\" height=\"444\" data-init-height=\"470\" title=\"MSCI World donut\" loading=\"lazy\" src=\"https:\/\/m1specialty.com\/wp-content\/uploads\/2025\/01\/MSCI-World-donut.png\" data-width=\"444\" data-height=\"444\" style=\"aspect-ratio: auto 470 \/ 470;\"><\/span>Top 10 Principales Constituyentes<\/p>\n<table data-rows=\"10\" data-cols=\"4\">\n<thead><\/thead>\n<tbody>\n<tr>\n<td>\n<p style=\"text-align: left;\">1. Apple<\/p>\n<\/td>\n<td>\n<p style=\"text-align: center;\">EE.UU.<\/p>\n<\/td>\n<td>\n<p style=\"text-align: center;\">5.45%<\/p>\n<\/td>\n<td>\n<p style=\"text-align: left;\">Tecnolog\u00edas de la Informaci\u00f3n<\/p>\n<\/td>\n<\/tr>\n<tr>\n<td>\n<p style=\"text-align: left;\">2. Nvidia Corp.<\/p>\n<\/td>\n<td>\n<p style=\"text-align: center;\">EE.UU.<\/p>\n<\/td>\n<td>\n<p style=\"text-align: center;\">4.72%<\/p>\n<\/td>\n<td>\n<p style=\"text-align: left;\">Tecnolog\u00edas de la Informaci\u00f3n<\/p>\n<\/td>\n<\/tr>\n<tr>\n<td>\n<p style=\"text-align: left;\">3. Microsoft Corp.<\/p>\n<\/td>\n<td>\n<p style=\"text-align: center;\">EE.UU.<\/p>\n<\/td>\n<td>\n<p style=\"text-align: center;\">4.26%<\/p>\n<\/td>\n<td>\n<p style=\"text-align: left;\">Tecnolog\u00edas de la Informaci\u00f3n<\/p>\n<\/td>\n<\/tr>\n<tr>\n<td rowspan=\"1\" colspan=\"1\">\n<p style=\"text-align: left;\">4. Amazon.com<\/p>\n<\/td>\n<td rowspan=\"1\" colspan=\"1\">\n<p style=\"text-align: center;\">EE.UU.<\/p>\n<\/td>\n<td rowspan=\"1\" colspan=\"1\">\n<p style=\"text-align: center;\">2.97%<\/p>\n<\/td>\n<td rowspan=\"1\" colspan=\"1\">\n<p style=\"text-align: left;\">Consumo Discrecional<\/p>\n<\/td>\n<\/tr>\n<tr>\n<td>\n<p style=\"text-align: left;\">5. Meta Platforms A<\/p>\n<\/td>\n<td>\n<p style=\"text-align: center;\">EE.UU.<\/p>\n<\/td>\n<td>\n<p style=\"text-align: center;\">1.83%<\/p>\n<\/td>\n<td>\n<p style=\"text-align: left;\">Servicios de Comunicaci\u00f3n<\/p>\n<\/td>\n<\/tr>\n<tr>\n<td rowspan=\"1\" colspan=\"1\">\n<p style=\"text-align: left;\">6. Tesla<\/p>\n<\/td>\n<td rowspan=\"1\" colspan=\"1\">\n<p style=\"text-align: center;\">EE.UU.<\/p>\n<\/td>\n<td rowspan=\"1\" colspan=\"1\">\n<p style=\"text-align: center;\">1.66%<\/p>\n<\/td>\n<td rowspan=\"1\" colspan=\"1\">\n<p style=\"text-align: left;\">Consumo Discrecional<\/p>\n<\/td>\n<\/tr>\n<tr>\n<td rowspan=\"1\" colspan=\"1\">\n<p style=\"text-align: left;\">7. Alphabet A<\/p>\n<\/td>\n<td rowspan=\"1\" colspan=\"1\">\n<p style=\"text-align: center;\">EE.UU.<\/p>\n<\/td>\n<td rowspan=\"1\" colspan=\"1\">\n<p style=\"text-align: center;\">1.59%<\/p>\n<\/td>\n<td rowspan=\"1\" colspan=\"1\">\n<p style=\"text-align: left;\">Servicios de Comunicaci\u00f3n<\/p>\n<\/td>\n<\/tr>\n<tr>\n<td rowspan=\"1\" colspan=\"1\">\n<p style=\"text-align: left;\">8. Broadcom<\/p>\n<\/td>\n<td rowspan=\"1\" colspan=\"1\">\n<p style=\"text-align: center;\">EE.UU.<\/p>\n<\/td>\n<td rowspan=\"1\" colspan=\"1\">\n<p style=\"text-align: center;\">1.47%<\/p>\n<\/td>\n<td rowspan=\"1\" colspan=\"1\">\n<p style=\"text-align: left;\">Tecnolog\u00edas de la Informaci\u00f3n<\/p>\n<\/td>\n<\/tr>\n<tr>\n<td rowspan=\"1\" colspan=\"1\">\n<p style=\"text-align: left;\">9. Alphabet C<\/p>\n<\/td>\n<td rowspan=\"1\" colspan=\"1\">\n<p style=\"text-align: center;\">EE.UU.<\/p>\n<\/td>\n<td rowspan=\"1\" colspan=\"1\">\n<p style=\"text-align: center;\">1.37%<\/p>\n<\/td>\n<td rowspan=\"1\" colspan=\"1\">\n<p style=\"text-align: left;\">Servicios de Comunicaci\u00f3n<\/p>\n<\/td>\n<\/tr>\n<tr>\n<td rowspan=\"1\" colspan=\"1\">\n<p style=\"text-align: left;\">10. JP Morgan Chase<\/p>\n<\/td>\n<td rowspan=\"1\" colspan=\"1\">\n<p style=\"text-align: center;\">EE.UU.<\/p>\n<\/td>\n<td rowspan=\"1\" colspan=\"1\">\n<p style=\"text-align: center;\">0.98%<\/p>\n<\/td>\n<td rowspan=\"1\" colspan=\"1\">\n<p style=\"text-align: left;\">Finanzas<\/p>\n<\/td>\n<\/tr>\n<\/tbody>\n<\/table>\n<table data-rows=\"11\" data-cols=\"4\">\n<thead><\/thead>\n<tbody>\n<tr>\n<td rowspan=\"1\" colspan=\"1\">\n<p style=\"text-align: center;\"><strong>Constituyentes<\/strong><\/p>\n<\/td>\n<td rowspan=\"1\" colspan=\"1\">\n<p style=\"text-align: center;\"><strong>Pa\u00eds<\/strong><\/p>\n<\/td>\n<td rowspan=\"1\" colspan=\"1\">\n<p style=\"text-align: center;\"><strong>Ponderaci\u00f3n por \u00cdndice<\/strong><\/p>\n<\/td>\n<td rowspan=\"1\" colspan=\"1\">\n<p style=\"text-align: center;\"><strong>Sector<\/strong><\/p>\n<\/td>\n<\/tr>\n<tr>\n<td>\n<p style=\"text-align: center;\">1. Apple<\/p>\n<\/td>\n<td>\n<p style=\"text-align: center;\">EE.UU.<\/p>\n<\/td>\n<td>\n<p style=\"text-align: center;\">5.45%<\/p>\n<\/td>\n<td>\n<p style=\"text-align: center;\">Tecnolog\u00edas de la Informaci\u00f3n<\/p>\n<\/td>\n<\/tr>\n<tr>\n<td>\n<p style=\"text-align: center;\">2. Nvidia Corp.<\/p>\n<\/td>\n<td>\n<p style=\"text-align: center;\">EE.UU.<\/p>\n<\/td>\n<td>\n<p style=\"text-align: center;\">4.72%<\/p>\n<\/td>\n<td>\n<p style=\"text-align: center;\">Tecnolog\u00edas de la Informaci\u00f3n<\/p>\n<\/td>\n<\/tr>\n<tr>\n<td>\n<p style=\"text-align: center;\">3. Microsoft Corp.<\/p>\n<\/td>\n<td>\n<p style=\"text-align: center;\">EE.UU.<\/p>\n<\/td>\n<td>\n<p style=\"text-align: center;\">4.26%<\/p>\n<\/td>\n<td>\n<p style=\"text-align: center;\">Tecnolog\u00edas de la Informaci\u00f3n<\/p>\n<\/td>\n<\/tr>\n<tr>\n<td rowspan=\"1\" colspan=\"1\">\n<p style=\"text-align: center;\">4. Amazon.com<\/p>\n<\/td>\n<td rowspan=\"1\" colspan=\"1\">\n<p style=\"text-align: center;\">EE.UU.<\/p>\n<\/td>\n<td rowspan=\"1\" colspan=\"1\">\n<p style=\"text-align: center;\">2.97%<\/p>\n<\/td>\n<td rowspan=\"1\" colspan=\"1\">\n<p style=\"text-align: center;\">Consumo Discrecional<\/p>\n<\/td>\n<\/tr>\n<tr>\n<td>\n<p style=\"text-align: center;\">5. Meta Platforms A<\/p>\n<\/td>\n<td>\n<p style=\"text-align: center;\">EE.UU.<\/p>\n<\/td>\n<td>\n<p style=\"text-align: center;\">1.83%<\/p>\n<\/td>\n<td>\n<p style=\"text-align: center;\">Servicios de Comunicaci\u00f3n<\/p>\n<\/td>\n<\/tr>\n<tr>\n<td rowspan=\"1\" colspan=\"1\">\n<p style=\"text-align: center;\">6. Tesla<\/p>\n<\/td>\n<td rowspan=\"1\" colspan=\"1\">\n<p style=\"text-align: center;\">EE.UU.<\/p>\n<\/td>\n<td rowspan=\"1\" colspan=\"1\">\n<p style=\"text-align: center;\">1.66%<\/p>\n<\/td>\n<td rowspan=\"1\" colspan=\"1\">\n<p style=\"text-align: center;\">Consumo Discrecional<\/p>\n<\/td>\n<\/tr>\n<tr>\n<td rowspan=\"1\" colspan=\"1\">\n<p style=\"text-align: center;\">7. Alphabet A<\/p>\n<\/td>\n<td rowspan=\"1\" colspan=\"1\">\n<p style=\"text-align: center;\">EE.UU.<\/p>\n<\/td>\n<td rowspan=\"1\" colspan=\"1\">\n<p style=\"text-align: center;\">1.59%<\/p>\n<\/td>\n<td rowspan=\"1\" colspan=\"1\">\n<p style=\"text-align: center;\">Servicios de Comunicaci\u00f3n<\/p>\n<\/td>\n<\/tr>\n<tr>\n<td rowspan=\"1\" colspan=\"1\">\n<p style=\"text-align: center;\">8. Broadcom<\/p>\n<\/td>\n<td rowspan=\"1\" colspan=\"1\">\n<p style=\"text-align: center;\">EE.UU.<\/p>\n<\/td>\n<td rowspan=\"1\" colspan=\"1\">\n<p style=\"text-align: center;\">1.47%<\/p>\n<\/td>\n<td rowspan=\"1\" colspan=\"1\">\n<p style=\"text-align: center;\">Tecnolog\u00edas de la Informaci\u00f3n<\/p>\n<\/td>\n<\/tr>\n<tr>\n<td rowspan=\"1\" colspan=\"1\">\n<p style=\"text-align: center;\">9. Alphabet C<\/p>\n<\/td>\n<td rowspan=\"1\" colspan=\"1\">\n<p style=\"text-align: center;\">EE.UU.<\/p>\n<\/td>\n<td rowspan=\"1\" colspan=\"1\">\n<p style=\"text-align: center;\">1.37%<\/p>\n<\/td>\n<td rowspan=\"1\" colspan=\"1\">\n<p style=\"text-align: center;\">Servicios de Comunicaci\u00f3n<\/p>\n<\/td>\n<\/tr>\n<tr>\n<td rowspan=\"1\" colspan=\"1\">\n<p style=\"text-align: center;\">10. JP Morgan Chase<\/p>\n<\/td>\n<td rowspan=\"1\" colspan=\"1\">\n<p style=\"text-align: center;\">EE.UU.<\/p>\n<\/td>\n<td rowspan=\"1\" colspan=\"1\">\n<p style=\"text-align: center;\">0.98%<\/p>\n<\/td>\n<td rowspan=\"1\" colspan=\"1\">\n<p style=\"text-align: center;\">Finanzas<\/p>\n<\/td>\n<\/tr>\n<\/tbody>\n<\/table>\n<p>ENLACE DE \u00cdNDICE&nbsp;<a href=\"https:\/\/www.msci.com\/documents\/10199\/255599\/msci-world-enhanced-value-index-net-usd.pdf\" target=\"_blank\" style=\"outline: none;\">MSCI World Index<\/a><\/p>\n","protected":false},"excerpt":{"rendered":"<p>Informaci\u00f3n del \u00cdndice 30 de Septiembre, 2025 \u00cdndice Mundial MSCI El \u00edndice Mundial MSCI incluye una representaci\u00f3n de empresas de gran y mediana capitalizaci\u00f3n de 23 pa\u00edses de Mercados Desarrollados (MD). Con 1,429 componentes, el \u00edndice cubre aproximadamente el 85 % de la capitalizaci\u00f3n de mercado ajustada por capital flotante de cada pa\u00eds.Los pa\u00edses con [&hellip;]<\/p>\n","protected":false},"author":8,"featured_media":0,"parent":0,"menu_order":0,"comment_status":"closed","ping_status":"closed","template":"","meta":{"inline_featured_image":false,"footnotes":""},"class_list":["post-6390","page","type-page","status-publish","hentry","post-wrapper","thrv_wrapper"],"yoast_head":"<!-- This site is optimized with the Yoast SEO Premium plugin v20.3 (Yoast SEO v20.3) - https:\/\/yoast.com\/wordpress\/plugins\/seo\/ -->\n<title>MSCI World-Index Data | M1 Specialty<\/title>\n<meta name=\"robots\" content=\"index, follow, max-snippet:-1, max-image-preview:large, max-video-preview:-1\" \/>\n<link rel=\"canonical\" href=\"https:\/\/m1specialty.com\/es\/msci-world-index-data\/\" \/>\n<meta property=\"og:locale\" content=\"es_ES\" \/>\n<meta property=\"og:type\" content=\"article\" \/>\n<meta property=\"og:title\" content=\"MSCI World-Index Data\" \/>\n<meta property=\"og:description\" content=\"Informaci\u00f3n del \u00cdndice 30 de Septiembre, 2025 \u00cdndice Mundial MSCI El \u00edndice Mundial MSCI incluye una representaci\u00f3n de empresas de gran y mediana capitalizaci\u00f3n de 23 pa\u00edses de Mercados Desarrollados (MD). Con 1,429 componentes, el \u00edndice cubre aproximadamente el 85 % de la capitalizaci\u00f3n de mercado ajustada por capital flotante de cada pa\u00eds.Los pa\u00edses con [&hellip;]\" \/>\n<meta property=\"og:url\" content=\"https:\/\/m1specialty.com\/es\/msci-world-index-data\/\" \/>\n<meta property=\"og:site_name\" content=\"M1 Specialty\" \/>\n<meta property=\"article:publisher\" content=\"https:\/\/www.facebook.com\/M1Specialty\/\" \/>\n<meta property=\"article:modified_time\" content=\"2025-10-30T15:24:58+00:00\" \/>\n<meta property=\"og:image\" content=\"https:\/\/m1specialty.com\/wp-content\/uploads\/2024\/11\/MSCI-World-pie.png\" \/>\n<meta name=\"twitter:card\" content=\"summary_large_image\" \/>\n<meta name=\"twitter:site\" content=\"@m1specialty\" \/>\n<meta name=\"twitter:label1\" content=\"Tiempo de lectura\" \/>\n\t<meta name=\"twitter:data1\" content=\"2 minutos\" \/>\n<script type=\"application\/ld+json\" class=\"yoast-schema-graph\">{\"@context\":\"https:\/\/schema.org\",\"@graph\":[{\"@type\":\"WebPage\",\"@id\":\"https:\/\/m1specialty.com\/es\/msci-world-index-data\/\",\"url\":\"https:\/\/m1specialty.com\/es\/msci-world-index-data\/\",\"name\":\"MSCI World-Index Data | M1 Specialty\",\"isPartOf\":{\"@id\":\"https:\/\/m1specialty.com\/es\/#website\"},\"datePublished\":\"2024-11-28T15:18:30+00:00\",\"dateModified\":\"2025-10-30T15:24:58+00:00\",\"breadcrumb\":{\"@id\":\"https:\/\/m1specialty.com\/es\/msci-world-index-data\/#breadcrumb\"},\"inLanguage\":\"es\",\"potentialAction\":[{\"@type\":\"ReadAction\",\"target\":[\"https:\/\/m1specialty.com\/es\/msci-world-index-data\/\"]}]},{\"@type\":\"BreadcrumbList\",\"@id\":\"https:\/\/m1specialty.com\/es\/msci-world-index-data\/#breadcrumb\",\"itemListElement\":[{\"@type\":\"ListItem\",\"position\":1,\"name\":\"Home\",\"item\":\"https:\/\/m1specialty.com\/es\/\"},{\"@type\":\"ListItem\",\"position\":2,\"name\":\"MSCI World-Index Data\"}]},{\"@type\":\"WebSite\",\"@id\":\"https:\/\/m1specialty.com\/es\/#website\",\"url\":\"https:\/\/m1specialty.com\/es\/\",\"name\":\"M1 Specialty\",\"description\":\"Simple and effective unit-linked insurance solutions\",\"publisher\":{\"@id\":\"https:\/\/m1specialty.com\/es\/#organization\"},\"potentialAction\":[{\"@type\":\"SearchAction\",\"target\":{\"@type\":\"EntryPoint\",\"urlTemplate\":\"https:\/\/m1specialty.com\/es\/?s={search_term_string}\"},\"query-input\":\"required name=search_term_string\"}],\"inLanguage\":\"es\"},{\"@type\":\"Organization\",\"@id\":\"https:\/\/m1specialty.com\/es\/#organization\",\"name\":\"M1 Specialty\",\"url\":\"https:\/\/m1specialty.com\/es\/\",\"logo\":{\"@type\":\"ImageObject\",\"inLanguage\":\"es\",\"@id\":\"https:\/\/m1specialty.com\/es\/#\/schema\/logo\/image\/\",\"url\":\"https:\/\/m1specialty.com\/wp-content\/uploads\/2023\/03\/logo-yoast-m1.png\",\"contentUrl\":\"https:\/\/m1specialty.com\/wp-content\/uploads\/2023\/03\/logo-yoast-m1.png\",\"width\":696,\"height\":696,\"caption\":\"M1 Specialty\"},\"image\":{\"@id\":\"https:\/\/m1specialty.com\/es\/#\/schema\/logo\/image\/\"},\"sameAs\":[\"https:\/\/www.facebook.com\/M1Specialty\/\",\"https:\/\/twitter.com\/m1specialty\",\"https:\/\/www.linkedin.com\/company\/m1specialty\/\",\"https:\/\/www.instagram.com\/m1specialty\/\"]}]}<\/script>\n<!-- \/ Yoast SEO Premium plugin. -->","yoast_head_json":{"title":"MSCI World-Index Data | M1 Specialty","robots":{"index":"index","follow":"follow","max-snippet":"max-snippet:-1","max-image-preview":"max-image-preview:large","max-video-preview":"max-video-preview:-1"},"canonical":"https:\/\/m1specialty.com\/es\/msci-world-index-data\/","og_locale":"es_ES","og_type":"article","og_title":"MSCI World-Index Data","og_description":"Informaci\u00f3n del \u00cdndice 30 de Septiembre, 2025 \u00cdndice Mundial MSCI El \u00edndice Mundial MSCI incluye una representaci\u00f3n de empresas de gran y mediana capitalizaci\u00f3n de 23 pa\u00edses de Mercados Desarrollados (MD). Con 1,429 componentes, el \u00edndice cubre aproximadamente el 85 % de la capitalizaci\u00f3n de mercado ajustada por capital flotante de cada pa\u00eds.Los pa\u00edses con [&hellip;]","og_url":"https:\/\/m1specialty.com\/es\/msci-world-index-data\/","og_site_name":"M1 Specialty","article_publisher":"https:\/\/www.facebook.com\/M1Specialty\/","article_modified_time":"2025-10-30T15:24:58+00:00","og_image":[{"url":"https:\/\/m1specialty.com\/wp-content\/uploads\/2024\/11\/MSCI-World-pie.png"}],"twitter_card":"summary_large_image","twitter_site":"@m1specialty","twitter_misc":{"Tiempo de lectura":"2 minutos"},"schema":{"@context":"https:\/\/schema.org","@graph":[{"@type":"WebPage","@id":"https:\/\/m1specialty.com\/es\/msci-world-index-data\/","url":"https:\/\/m1specialty.com\/es\/msci-world-index-data\/","name":"MSCI World-Index Data | M1 Specialty","isPartOf":{"@id":"https:\/\/m1specialty.com\/es\/#website"},"datePublished":"2024-11-28T15:18:30+00:00","dateModified":"2025-10-30T15:24:58+00:00","breadcrumb":{"@id":"https:\/\/m1specialty.com\/es\/msci-world-index-data\/#breadcrumb"},"inLanguage":"es","potentialAction":[{"@type":"ReadAction","target":["https:\/\/m1specialty.com\/es\/msci-world-index-data\/"]}]},{"@type":"BreadcrumbList","@id":"https:\/\/m1specialty.com\/es\/msci-world-index-data\/#breadcrumb","itemListElement":[{"@type":"ListItem","position":1,"name":"Home","item":"https:\/\/m1specialty.com\/es\/"},{"@type":"ListItem","position":2,"name":"MSCI World-Index Data"}]},{"@type":"WebSite","@id":"https:\/\/m1specialty.com\/es\/#website","url":"https:\/\/m1specialty.com\/es\/","name":"M1 Specialty","description":"Simple and effective unit-linked insurance solutions","publisher":{"@id":"https:\/\/m1specialty.com\/es\/#organization"},"potentialAction":[{"@type":"SearchAction","target":{"@type":"EntryPoint","urlTemplate":"https:\/\/m1specialty.com\/es\/?s={search_term_string}"},"query-input":"required name=search_term_string"}],"inLanguage":"es"},{"@type":"Organization","@id":"https:\/\/m1specialty.com\/es\/#organization","name":"M1 Specialty","url":"https:\/\/m1specialty.com\/es\/","logo":{"@type":"ImageObject","inLanguage":"es","@id":"https:\/\/m1specialty.com\/es\/#\/schema\/logo\/image\/","url":"https:\/\/m1specialty.com\/wp-content\/uploads\/2023\/03\/logo-yoast-m1.png","contentUrl":"https:\/\/m1specialty.com\/wp-content\/uploads\/2023\/03\/logo-yoast-m1.png","width":696,"height":696,"caption":"M1 Specialty"},"image":{"@id":"https:\/\/m1specialty.com\/es\/#\/schema\/logo\/image\/"},"sameAs":["https:\/\/www.facebook.com\/M1Specialty\/","https:\/\/twitter.com\/m1specialty","https:\/\/www.linkedin.com\/company\/m1specialty\/","https:\/\/www.instagram.com\/m1specialty\/"]}]}},"_links":{"self":[{"href":"https:\/\/m1specialty.com\/es\/wp-json\/wp\/v2\/pages\/6390","targetHints":{"allow":["GET"]}}],"collection":[{"href":"https:\/\/m1specialty.com\/es\/wp-json\/wp\/v2\/pages"}],"about":[{"href":"https:\/\/m1specialty.com\/es\/wp-json\/wp\/v2\/types\/page"}],"author":[{"embeddable":true,"href":"https:\/\/m1specialty.com\/es\/wp-json\/wp\/v2\/users\/8"}],"replies":[{"embeddable":true,"href":"https:\/\/m1specialty.com\/es\/wp-json\/wp\/v2\/comments?post=6390"}],"version-history":[{"count":17,"href":"https:\/\/m1specialty.com\/es\/wp-json\/wp\/v2\/pages\/6390\/revisions"}],"predecessor-version":[{"id":7933,"href":"https:\/\/m1specialty.com\/es\/wp-json\/wp\/v2\/pages\/6390\/revisions\/7933"}],"wp:attachment":[{"href":"https:\/\/m1specialty.com\/es\/wp-json\/wp\/v2\/media?parent=6390"}],"curies":[{"name":"wp","href":"https:\/\/api.w.org\/{rel}","templated":true}]}}