{"id":6340,"date":"2024-11-27T10:51:59","date_gmt":"2024-11-27T14:51:59","guid":{"rendered":"https:\/\/m1specialty.com\/msci-emerging-markets-imi-index-data\/"},"modified":"2025-10-30T19:06:30","modified_gmt":"2025-10-30T23:06:30","slug":"msci-emerging-markets-imi-index-data","status":"publish","type":"page","link":"https:\/\/m1specialty.com\/es\/msci-emerging-markets-imi-index-data\/","title":{"rendered":"MSCI Emerging Markets IMI-Index Data"},"content":{"rendered":"<p style=\"text-align: right;\">Informaci\u00f3n del \u00cdndice<\/p>\n<p style=\"\">30 de Septiembre, 2025<\/p>\n<p style=\"text-align: center;\"><strong>MSCI Emerging Markets IMI<\/strong><\/p>\n<p>El \u00edndice MSCI de Mercados Emergentes (IMI) incluye una representaci\u00f3n de empresas de gran, mediana y peque\u00f1a capitalizaci\u00f3n en 24 pa\u00edses de Mercados Emergentes (ME). Con 3.355 componentes, el \u00edndice cubre aproximadamente el 99 % de la capitalizaci\u00f3n de mercado ajustada por capital flotante en cada pa\u00eds. Los pa\u00edses de ME incluyen: Brasil, Chile, China, Colombia, Rep\u00fablica Checa, Egipto, Grecia, Hungr\u00eda, India, Indonesia, Corea, Kuwait, Malasia, M\u00e9xico, Per\u00fa, Filipinas, Polonia, Qatar, Arabia Saudita, Sud\u00e1frica, Taiw\u00e1n, Tailandia, Turqu\u00eda y Emiratos \u00c1rabes Unidos.Ponderaci\u00f3n por Pa\u00eds<\/p>\n<table data-rows=\"7\" data-cols=\"3\" data-v=\"middle\">\n<thead>\n<tr>\n<th style=\"\">Posici\u00f3n<\/th>\n<th style=\"\">Pa\u00eds<\/th>\n<th style=\"\">%<\/th>\n<\/tr>\n<\/thead>\n<tbody>\n<tr>\n<td style=\"\" rowspan=\"1\" colspan=\"1\" data-th=\"Posici\u00f3n\"><\/td>\n<td style=\"\" rowspan=\"1\" colspan=\"1\" data-th=\"Pa\u00eds\">China<\/td>\n<td style=\"\" rowspan=\"1\" colspan=\"1\" data-th=\"%\">25.17<\/td>\n<\/tr>\n<tr>\n<td style=\"\" rowspan=\"1\" colspan=\"1\" data-th=\"Posici\u00f3n\"><\/td>\n<td style=\"\" rowspan=\"1\" colspan=\"1\" data-th=\"Pa\u00eds\">India<\/td>\n<td style=\"\" rowspan=\"1\" colspan=\"1\" data-th=\"%\">20.95<\/td>\n<\/tr>\n<tr>\n<td style=\"\" rowspan=\"1\" colspan=\"1\" data-th=\"Posici\u00f3n\"><\/td>\n<td style=\"\" rowspan=\"1\" colspan=\"1\" data-th=\"Pa\u00eds\">Taiwan<\/td>\n<td style=\"\" rowspan=\"1\" colspan=\"1\" data-th=\"%\">19.91<\/td>\n<\/tr>\n<tr>\n<td style=\"\" rowspan=\"1\" colspan=\"1\" data-th=\"Posici\u00f3n\"><\/td>\n<td style=\"\" rowspan=\"1\" colspan=\"1\" data-th=\"Pa\u00eds\">Corea del Sur<\/td>\n<td style=\"\" rowspan=\"1\" colspan=\"1\" data-th=\"%\">9.18<\/td>\n<\/tr>\n<tr>\n<td style=\"\" rowspan=\"1\" colspan=\"1\" data-th=\"Posici\u00f3n\"><\/td>\n<td style=\"\" rowspan=\"1\" colspan=\"1\" data-th=\"Pa\u00eds\">Arabia Saudita<\/td>\n<td style=\"\" rowspan=\"1\" colspan=\"1\" data-th=\"%\">4.14<\/td>\n<\/tr>\n<tr>\n<td style=\"\" data-th=\"Posici\u00f3n\"><\/td>\n<td style=\"\" data-th=\"Pa\u00eds\">Otro<\/td>\n<td style=\"\" data-th=\"%\">20.65<\/td>\n<\/tr>\n<\/tbody>\n<\/table>\n<p><span><img decoding=\"async\" alt=\"\" data-id=\"6185\" width=\"428\" data-init-width=\"409\" height=\"428\" data-init-height=\"409\" title=\"MSCI Emerging Markets IMI pie\" loading=\"lazy\" src=\"https:\/\/m1specialty.com\/wp-content\/uploads\/2025\/01\/MSCI-Emerging-Markets-IMI-pie.png\" data-width=\"428\" data-height=\"428\" style=\"aspect-ratio: auto 409 \/ 409;\"><\/span>Rendimiento del \u00cdndiceRendimientos Anualizados<\/p>\n<table data-rows=\"2\" data-cols=\"6\" data-v=\"middle\">\n<thead>\n<tr>\n<th style=\"\">Header<\/th>\n<th style=\"\">A\u00f1o a la Fecha<\/th>\n<th style=\"\">1 A\u00f1o<\/th>\n<th style=\"\">3 A\u00f1os<\/th>\n<th style=\"\">5 A\u00f1os<\/th>\n<th colspan=\"1\" rowspan=\"1\" style=\"\">10 A\u00f1os<\/th>\n<\/tr>\n<\/thead>\n<tbody>\n<tr>\n<td style=\"\">Rendimiento Neto<\/td>\n<td style=\"\">26.60%<\/td>\n<td style=\"\">16.81%<\/td>\n<td style=\"\">18.74 %<\/td>\n<td style=\"\">8.12%<\/td>\n<td colspan=\"1\" rowspan=\"1\" style=\"\">8.47%<\/td>\n<\/tr>\n<\/tbody>\n<\/table>\n<table data-rows=\"6\" data-cols=\"2\">\n<thead>\n<tr>\n<th>Header<\/th>\n<th>Rendimiento Neto<\/th>\n<\/tr>\n<\/thead>\n<tbody>\n<tr>\n<td>A\u00f1o a la Fecha<\/td>\n<td>26.60%<\/td>\n<\/tr>\n<tr>\n<td>1 A\u00f1o<\/td>\n<td>16.81%<\/td>\n<\/tr>\n<tr>\n<td>3 A\u00f1os<\/td>\n<td>18.74%<\/td>\n<\/tr>\n<tr>\n<td rowspan=\"1\" colspan=\"1\">5 A\u00f1os<\/td>\n<td rowspan=\"1\" colspan=\"1\">8.12%<\/td>\n<\/tr>\n<tr>\n<td>10 A\u00f1os<\/td>\n<td>8.47%<\/td>\n<\/tr>\n<\/tbody>\n<\/table>\n<p>Datos al 30 de Septiembre de 2025<\/p>\n<table data-rows=\"12\" data-cols=\"3\" data-v=\"middle\">\n<thead>\n<tr>\n<th style=\"width: 170px;\">Posici\u00f3n<\/th>\n<th style=\"\">Sectores<\/th>\n<th style=\"\">%<\/th>\n<\/tr>\n<\/thead>\n<tbody>\n<tr>\n<td style=\"\" rowspan=\"1\" colspan=\"1\" data-th=\"Posici\u00f3n\"><\/td>\n<td style=\"\" rowspan=\"1\" colspan=\"1\" data-th=\"Sectores\">Tecnolog\u00edas de la Informaci\u00f3n<\/td>\n<td style=\"\" rowspan=\"1\" colspan=\"1\" data-th=\"%\">23.96<\/td>\n<\/tr>\n<tr>\n<td style=\"\" rowspan=\"1\" colspan=\"1\" data-th=\"Posici\u00f3n\"><\/td>\n<td style=\"\" rowspan=\"1\" colspan=\"1\" data-th=\"Sectores\">Finanzas<\/td>\n<td style=\"\" rowspan=\"1\" colspan=\"1\" data-th=\"%\">21.90<\/td>\n<\/tr>\n<tr>\n<td style=\"\" rowspan=\"1\" colspan=\"1\" data-th=\"Posici\u00f3n\"><\/td>\n<td style=\"\" rowspan=\"1\" colspan=\"1\" data-th=\"Sectores\">Consumo Discrecional<\/td>\n<td style=\"\" rowspan=\"1\" colspan=\"1\" data-th=\"%\">12.88<\/td>\n<\/tr>\n<tr>\n<td style=\"\" rowspan=\"1\" colspan=\"1\" data-th=\"Posici\u00f3n\"><\/td>\n<td style=\"\" rowspan=\"1\" colspan=\"1\" data-th=\"Sectores\">Servicios de Comunicaci\u00f3n<\/td>\n<td style=\"\" rowspan=\"1\" colspan=\"1\" data-th=\"%\">8.53<\/td>\n<\/tr>\n<tr>\n<td style=\"\" rowspan=\"1\" colspan=\"1\" data-th=\"Posici\u00f3n\"><\/td>\n<td style=\"\" rowspan=\"1\" colspan=\"1\" data-th=\"Sectores\">Industriales<\/td>\n<td style=\"\" rowspan=\"1\" colspan=\"1\" data-th=\"%\">8.25<\/td>\n<\/tr>\n<tr>\n<td style=\"\" data-th=\"Posici\u00f3n\"><\/td>\n<td style=\"\" data-th=\"Sectores\">Materiales<\/td>\n<td style=\"\" data-th=\"%\">6.52<\/td>\n<\/tr>\n<tr>\n<td style=\"\" data-th=\"Posici\u00f3n\" rowspan=\"1\" colspan=\"1\"><\/td>\n<td style=\"\" data-th=\"Sectores\" rowspan=\"1\" colspan=\"1\">Productos B\u00e1sicos de Consumo<\/td>\n<td style=\"\" data-th=\"%\" rowspan=\"1\" colspan=\"1\">5.03<\/td>\n<\/tr>\n<tr>\n<td style=\"\" data-th=\"Posici\u00f3n\" rowspan=\"1\" colspan=\"1\"><\/td>\n<td style=\"\" data-th=\"Sectores\" rowspan=\"1\" colspan=\"1\">Cuidado de la Salud<\/td>\n<td style=\"\" data-th=\"%\" rowspan=\"1\" colspan=\"1\">4.34<\/td>\n<\/tr>\n<tr>\n<td style=\"\" data-th=\"Posici\u00f3n\" rowspan=\"1\" colspan=\"1\"><\/td>\n<td style=\"\" data-th=\"Sectores\" rowspan=\"1\" colspan=\"1\">Energ\u00eda<\/td>\n<td style=\"\" data-th=\"%\" rowspan=\"1\" colspan=\"1\">4.15<\/td>\n<\/tr>\n<tr>\n<td style=\"\" data-th=\"Posici\u00f3n\" rowspan=\"1\" colspan=\"1\"><\/td>\n<td style=\"\" data-th=\"Sectores\" rowspan=\"1\" colspan=\"1\">Utilidades<\/td>\n<td style=\"\" data-th=\"%\" rowspan=\"1\" colspan=\"1\">2.79<\/td>\n<\/tr>\n<tr>\n<td style=\"\" data-th=\"Posici\u00f3n\" rowspan=\"1\" colspan=\"1\"><\/td>\n<td style=\"\" data-th=\"Sectores\" rowspan=\"1\" colspan=\"1\">Bienes Ra\u00edces<\/td>\n<td style=\"\" data-th=\"%\" rowspan=\"1\" colspan=\"1\">2.35<\/td>\n<\/tr>\n<\/tbody>\n<\/table>\n<p style=\"\">Representaci\u00f3n Sectorial<\/p>\n<p><span><img decoding=\"async\" alt=\"\" data-id=\"6190\" width=\"426\" data-init-width=\"472\" height=\"425\" data-init-height=\"471\" title=\"MSCI Emerging donut\" loading=\"lazy\" src=\"https:\/\/m1specialty.com\/wp-content\/uploads\/2025\/01\/MSCI-Emerging-donut.png\" data-width=\"426\" data-height=\"425\" style=\"aspect-ratio: auto 472 \/ 471;\"><\/span>Principales Constituyentes<\/p>\n<table data-rows=\"10\" data-cols=\"4\">\n<thead><\/thead>\n<tbody>\n<tr>\n<td>\n<p style=\"text-align: left;\">1. Taiwan Semiconductor Mfg<\/p>\n<\/td>\n<td>\n<p style=\"text-align: center;\">Taiwan<\/p>\n<\/td>\n<td>\n<p style=\"text-align: center;\">9.00%<\/p>\n<\/td>\n<td>\n<p>Tecnolog\u00edas de la Informaci\u00f3n<\/p>\n<\/td>\n<\/tr>\n<tr>\n<td>\n<p style=\"text-align: left;\">2. Tencent Holdings Li (CN)<\/p>\n<\/td>\n<td>\n<p style=\"text-align: center;\">China<\/p>\n<\/td>\n<td>\n<p style=\"text-align: center;\">3.89%<\/p>\n<\/td>\n<td>\n<p>Servicios de Comunicaci\u00f3n<\/p>\n<\/td>\n<\/tr>\n<tr>\n<td>\n<p style=\"text-align: left;\">3. Alibaba Grp Hldg (HK)<\/p>\n<\/td>\n<td>\n<p style=\"text-align: center;\">China<\/p>\n<\/td>\n<td>\n<p style=\"text-align: center;\">1.93%<\/p>\n<\/td>\n<td>\n<p>Consumo Discrecional<\/p>\n<\/td>\n<\/tr>\n<tr>\n<td rowspan=\"1\" colspan=\"1\">\n<p style=\"text-align: left;\">4. Samsung Electronics Co<\/p>\n<\/td>\n<td rowspan=\"1\" colspan=\"1\">\n<p style=\"text-align: center;\">Corea del Sur<\/p>\n<\/td>\n<td rowspan=\"1\" colspan=\"1\">\n<p style=\"text-align: center;\">1.92%<\/p>\n<\/td>\n<td rowspan=\"1\" colspan=\"1\">\n<p>Tecnolog\u00edas de la Informaci\u00f3n<\/p>\n<\/td>\n<\/tr>\n<tr>\n<td>\n<p style=\"text-align: left;\">5. HDFC Bank<\/p>\n<\/td>\n<td>\n<p style=\"text-align: center;\">India<\/p>\n<\/td>\n<td>\n<p style=\"text-align: center;\">1.30%<\/p>\n<\/td>\n<td>\n<p>Finanzas<\/p>\n<\/td>\n<\/tr>\n<tr>\n<td rowspan=\"1\" colspan=\"1\">\n<p style=\"text-align: left;\">6. Meituan B<\/p>\n<\/td>\n<td rowspan=\"1\" colspan=\"1\">\n<p style=\"text-align: center;\">China<\/p>\n<\/td>\n<td rowspan=\"1\" colspan=\"1\">\n<p style=\"text-align: center;\">1.08%<\/p>\n<\/td>\n<td rowspan=\"1\" colspan=\"1\">\n<p>Consumo Discrecional<\/p>\n<\/td>\n<\/tr>\n<tr>\n<td rowspan=\"1\" colspan=\"1\">\n<p style=\"text-align: left;\">7. Reliance Industries<\/p>\n<\/td>\n<td rowspan=\"1\" colspan=\"1\">\n<p style=\"text-align: center;\">India<\/p>\n<\/td>\n<td rowspan=\"1\" colspan=\"1\">\n<p style=\"text-align: center;\">0.96%<\/p>\n<\/td>\n<td rowspan=\"1\" colspan=\"1\">\n<p>Energ\u00eda<\/p>\n<\/td>\n<\/tr>\n<tr>\n<td rowspan=\"1\" colspan=\"1\">\n<p style=\"text-align: left;\">8. China Constructions BK H<\/p>\n<\/td>\n<td rowspan=\"1\" colspan=\"1\">\n<p style=\"text-align: center;\">China<\/p>\n<\/td>\n<td rowspan=\"1\" colspan=\"1\">\n<p style=\"text-align: center;\">0.89%<\/p>\n<\/td>\n<td rowspan=\"1\" colspan=\"1\">\n<p>Finanzas<\/p>\n<\/td>\n<\/tr>\n<tr>\n<td rowspan=\"1\" colspan=\"1\">\n<p style=\"text-align: left;\">9. ICICI Bank<\/p>\n<\/td>\n<td rowspan=\"1\" colspan=\"1\">\n<p style=\"text-align: center;\">India<\/p>\n<\/td>\n<td rowspan=\"1\" colspan=\"1\">\n<p style=\"text-align: center;\">0.87%<\/p>\n<\/td>\n<td rowspan=\"1\" colspan=\"1\">\n<p>Finanzas<\/p>\n<\/td>\n<\/tr>\n<tr>\n<td rowspan=\"1\" colspan=\"1\">\n<p style=\"text-align: left;\">10. Infosys<\/p>\n<\/td>\n<td rowspan=\"1\" colspan=\"1\">\n<p style=\"text-align: center;\">India<\/p>\n<\/td>\n<td rowspan=\"1\" colspan=\"1\">\n<p style=\"text-align: center;\">0.81%<\/p>\n<\/td>\n<td rowspan=\"1\" colspan=\"1\">\n<p>Tecnolog\u00edas de la Informaci\u00f3n<\/p>\n<\/td>\n<\/tr>\n<\/tbody>\n<\/table>\n<table data-rows=\"11\" data-cols=\"4\">\n<thead><\/thead>\n<tbody>\n<tr>\n<td rowspan=\"1\" colspan=\"1\">\n<p style=\"text-align: center;\"><strong>Constituyentes<\/strong><\/p>\n<\/td>\n<td rowspan=\"1\" colspan=\"1\">\n<p style=\"text-align: center;\"><strong>Pa\u00eds<\/strong><\/p>\n<\/td>\n<td rowspan=\"1\" colspan=\"1\">\n<p style=\"text-align: center;\"><strong>Ponderaci\u00f3n<\/strong><\/p>\n<\/td>\n<td rowspan=\"1\" colspan=\"1\">\n<p style=\"text-align: center;\"><strong>Sector<\/strong><\/p>\n<\/td>\n<\/tr>\n<tr>\n<td data-th=\"Constituyentes\">\n<p style=\"text-align: left;\">1. Taiwan Semiconductor Mfg<\/p>\n<\/td>\n<td data-th=\"Pa\u00eds\">\n<p style=\"text-align: center;\">Taiwan<\/p>\n<\/td>\n<td data-th=\"Ponderaci\u00f3n\">\n<p style=\"text-align: center;\">9.00%<\/p>\n<\/td>\n<td data-th=\"Sector\">\n<p>Tecnolog\u00edas de la Informaci\u00f3n<\/p>\n<\/td>\n<\/tr>\n<tr>\n<td data-th=\"Constituyentes\">\n<p style=\"text-align: left;\">2. Tencent Holdings Li (CN)<\/p>\n<\/td>\n<td data-th=\"Pa\u00eds\">\n<p style=\"text-align: center;\">China<\/p>\n<\/td>\n<td data-th=\"Ponderaci\u00f3n\">\n<p style=\"text-align: center;\">3.89%<\/p>\n<\/td>\n<td data-th=\"Sector\">\n<p>Servicios de Comunicaci\u00f3n<\/p>\n<\/td>\n<\/tr>\n<tr>\n<td data-th=\"Constituyentes\">\n<p style=\"text-align: left;\">3. Alibaba Grp Hldg (HK)<\/p>\n<\/td>\n<td data-th=\"Pa\u00eds\">\n<p style=\"text-align: center;\">China<\/p>\n<\/td>\n<td data-th=\"Ponderaci\u00f3n\">\n<p style=\"text-align: center;\">1.93%<\/p>\n<\/td>\n<td data-th=\"Sector\">\n<p>Consumo Discrecional<\/p>\n<\/td>\n<\/tr>\n<tr>\n<td rowspan=\"1\" colspan=\"1\" data-th=\"Constituyentes\">\n<p style=\"text-align: left;\">4. Samsung Electronics Co<\/p>\n<\/td>\n<td rowspan=\"1\" colspan=\"1\" data-th=\"Pa\u00eds\">\n<p style=\"text-align: center;\">South Korea<\/p>\n<\/td>\n<td rowspan=\"1\" colspan=\"1\" data-th=\"Ponderaci\u00f3n\">\n<p style=\"text-align: center;\">1.92%<\/p>\n<\/td>\n<td rowspan=\"1\" colspan=\"1\" data-th=\"Sector\">\n<p>Tecnolog\u00edas de la Informaci\u00f3n<\/p>\n<\/td>\n<\/tr>\n<tr>\n<td data-th=\"Constituyentes\">\n<p style=\"text-align: left;\">5. HDFC Bank<\/p>\n<\/td>\n<td data-th=\"Pa\u00eds\">\n<p style=\"text-align: center;\">India<\/p>\n<\/td>\n<td data-th=\"Ponderaci\u00f3n\">\n<p style=\"text-align: center;\">1.30%<\/p>\n<\/td>\n<td data-th=\"Sector\">\n<p>Finanzas<\/p>\n<\/td>\n<\/tr>\n<tr>\n<td rowspan=\"1\" colspan=\"1\" data-th=\"Constituyentes\">\n<p style=\"text-align: left;\">6. Meituan B<\/p>\n<\/td>\n<td rowspan=\"1\" colspan=\"1\" data-th=\"Pa\u00eds\">\n<p style=\"text-align: center;\">China<\/p>\n<\/td>\n<td rowspan=\"1\" colspan=\"1\" data-th=\"Ponderaci\u00f3n\">\n<p style=\"text-align: center;\">1.08%<\/p>\n<\/td>\n<td rowspan=\"1\" colspan=\"1\" data-th=\"Sector\">\n<p>Consumo Discrecional<\/p>\n<\/td>\n<\/tr>\n<tr>\n<td rowspan=\"1\" colspan=\"1\" data-th=\"Constituyentes\">\n<p style=\"text-align: left;\">7. Reliance Industries<\/p>\n<\/td>\n<td rowspan=\"1\" colspan=\"1\" data-th=\"Pa\u00eds\">\n<p style=\"text-align: center;\">India<\/p>\n<\/td>\n<td rowspan=\"1\" colspan=\"1\" data-th=\"Ponderaci\u00f3n\">\n<p style=\"text-align: center;\">0.96%<\/p>\n<\/td>\n<td rowspan=\"1\" colspan=\"1\" data-th=\"Sector\">\n<p>Energ\u00eda<\/p>\n<\/td>\n<\/tr>\n<tr>\n<td rowspan=\"1\" colspan=\"1\" data-th=\"Constituyentes\">\n<p style=\"text-align: left;\">8. China Constructions BK H<\/p>\n<\/td>\n<td rowspan=\"1\" colspan=\"1\" data-th=\"Pa\u00eds\">\n<p style=\"text-align: center;\">China<\/p>\n<\/td>\n<td rowspan=\"1\" colspan=\"1\" data-th=\"Ponderaci\u00f3n\">\n<p style=\"text-align: center;\">0.89%<\/p>\n<\/td>\n<td rowspan=\"1\" colspan=\"1\" data-th=\"Sector\">\n<p>Finanzas<\/p>\n<\/td>\n<\/tr>\n<tr>\n<td rowspan=\"1\" colspan=\"1\" data-th=\"Constituyentes\">\n<p style=\"text-align: left;\">9. ICICI Bank<\/p>\n<\/td>\n<td rowspan=\"1\" colspan=\"1\" data-th=\"Pa\u00eds\">\n<p style=\"text-align: center;\">India<\/p>\n<\/td>\n<td rowspan=\"1\" colspan=\"1\" data-th=\"Ponderaci\u00f3n\">\n<p style=\"text-align: center;\">0.87%<\/p>\n<\/td>\n<td rowspan=\"1\" colspan=\"1\" data-th=\"Sector\">\n<p>Finanzas<\/p>\n<\/td>\n<\/tr>\n<tr>\n<td rowspan=\"1\" colspan=\"1\" data-th=\"Constituyentes\">\n<p style=\"text-align: left;\">10. Infosys<\/p>\n<\/td>\n<td rowspan=\"1\" colspan=\"1\" data-th=\"Pa\u00eds\">\n<p style=\"text-align: center;\">India<\/p>\n<\/td>\n<td rowspan=\"1\" colspan=\"1\" data-th=\"Ponderaci\u00f3n\">\n<p style=\"text-align: center;\">0.81%<\/p>\n<\/td>\n<td rowspan=\"1\" colspan=\"1\" data-th=\"Sector\">\n<p>Tecnolog\u00edas de la Informaci\u00f3n<\/p>\n<\/td>\n<\/tr>\n<\/tbody>\n<\/table>\n<p>ENLACE DE \u00cdNDICE<a href=\"https:\/\/www.msci.com\/documents\/10199\/98377ead-0916-49aa-a1db-abdf4fdfd7a2\" target=\"_blank\" style=\"outline: none;\"><span style=\"text-decoration: underline;\">MSCI Emerging Markets IMI<\/span><\/a><\/p>\n","protected":false},"excerpt":{"rendered":"<p>Informaci\u00f3n del \u00cdndice 30 de Septiembre, 2025 MSCI Emerging Markets IMI El \u00edndice MSCI de Mercados Emergentes (IMI) incluye una representaci\u00f3n de empresas de gran, mediana y peque\u00f1a capitalizaci\u00f3n en 24 pa\u00edses de Mercados Emergentes (ME). Con 3.355 componentes, el \u00edndice cubre aproximadamente el 99 % de la capitalizaci\u00f3n de mercado ajustada por capital flotante [&hellip;]<\/p>\n","protected":false},"author":8,"featured_media":0,"parent":0,"menu_order":0,"comment_status":"closed","ping_status":"closed","template":"","meta":{"inline_featured_image":false,"footnotes":""},"class_list":["post-6340","page","type-page","status-publish","hentry","post-wrapper","thrv_wrapper"],"yoast_head":"<!-- This site is optimized with the Yoast SEO Premium plugin v20.3 (Yoast SEO v20.3) - https:\/\/yoast.com\/wordpress\/plugins\/seo\/ -->\n<title>MSCI Emerging Markets IMI-Index Data | M1 Specialty<\/title>\n<meta name=\"robots\" content=\"index, follow, max-snippet:-1, max-image-preview:large, max-video-preview:-1\" \/>\n<link rel=\"canonical\" href=\"https:\/\/m1specialty.com\/es\/msci-emerging-markets-imi-index-data\/\" \/>\n<meta property=\"og:locale\" content=\"es_ES\" \/>\n<meta property=\"og:type\" content=\"article\" \/>\n<meta property=\"og:title\" content=\"MSCI Emerging Markets IMI-Index Data\" \/>\n<meta property=\"og:description\" content=\"Informaci\u00f3n del \u00cdndice 30 de Septiembre, 2025 MSCI Emerging Markets IMI El \u00edndice MSCI de Mercados Emergentes (IMI) incluye una representaci\u00f3n de empresas de gran, mediana y peque\u00f1a capitalizaci\u00f3n en 24 pa\u00edses de Mercados Emergentes (ME). Con 3.355 componentes, el \u00edndice cubre aproximadamente el 99 % de la capitalizaci\u00f3n de mercado ajustada por capital flotante [&hellip;]\" \/>\n<meta property=\"og:url\" content=\"https:\/\/m1specialty.com\/es\/msci-emerging-markets-imi-index-data\/\" \/>\n<meta property=\"og:site_name\" content=\"M1 Specialty\" \/>\n<meta property=\"article:publisher\" content=\"https:\/\/www.facebook.com\/M1Specialty\/\" \/>\n<meta property=\"article:modified_time\" content=\"2025-10-30T23:06:30+00:00\" \/>\n<meta property=\"og:image\" content=\"https:\/\/m1specialty.com\/wp-content\/uploads\/2025\/01\/MSCI-Emerging-Markets-IMI-pie.png\" \/>\n<meta name=\"twitter:card\" content=\"summary_large_image\" \/>\n<meta name=\"twitter:site\" content=\"@m1specialty\" \/>\n<meta name=\"twitter:label1\" content=\"Tiempo de lectura\" \/>\n\t<meta name=\"twitter:data1\" content=\"3 minutos\" \/>\n<script type=\"application\/ld+json\" class=\"yoast-schema-graph\">{\"@context\":\"https:\/\/schema.org\",\"@graph\":[{\"@type\":\"WebPage\",\"@id\":\"https:\/\/m1specialty.com\/es\/msci-emerging-markets-imi-index-data\/\",\"url\":\"https:\/\/m1specialty.com\/es\/msci-emerging-markets-imi-index-data\/\",\"name\":\"MSCI Emerging Markets IMI-Index Data | M1 Specialty\",\"isPartOf\":{\"@id\":\"https:\/\/m1specialty.com\/es\/#website\"},\"datePublished\":\"2024-11-27T14:51:59+00:00\",\"dateModified\":\"2025-10-30T23:06:30+00:00\",\"breadcrumb\":{\"@id\":\"https:\/\/m1specialty.com\/es\/msci-emerging-markets-imi-index-data\/#breadcrumb\"},\"inLanguage\":\"es\",\"potentialAction\":[{\"@type\":\"ReadAction\",\"target\":[\"https:\/\/m1specialty.com\/es\/msci-emerging-markets-imi-index-data\/\"]}]},{\"@type\":\"BreadcrumbList\",\"@id\":\"https:\/\/m1specialty.com\/es\/msci-emerging-markets-imi-index-data\/#breadcrumb\",\"itemListElement\":[{\"@type\":\"ListItem\",\"position\":1,\"name\":\"Home\",\"item\":\"https:\/\/m1specialty.com\/es\/\"},{\"@type\":\"ListItem\",\"position\":2,\"name\":\"MSCI Emerging Markets IMI-Index Data\"}]},{\"@type\":\"WebSite\",\"@id\":\"https:\/\/m1specialty.com\/es\/#website\",\"url\":\"https:\/\/m1specialty.com\/es\/\",\"name\":\"M1 Specialty\",\"description\":\"Simple and effective unit-linked insurance solutions\",\"publisher\":{\"@id\":\"https:\/\/m1specialty.com\/es\/#organization\"},\"potentialAction\":[{\"@type\":\"SearchAction\",\"target\":{\"@type\":\"EntryPoint\",\"urlTemplate\":\"https:\/\/m1specialty.com\/es\/?s={search_term_string}\"},\"query-input\":\"required name=search_term_string\"}],\"inLanguage\":\"es\"},{\"@type\":\"Organization\",\"@id\":\"https:\/\/m1specialty.com\/es\/#organization\",\"name\":\"M1 Specialty\",\"url\":\"https:\/\/m1specialty.com\/es\/\",\"logo\":{\"@type\":\"ImageObject\",\"inLanguage\":\"es\",\"@id\":\"https:\/\/m1specialty.com\/es\/#\/schema\/logo\/image\/\",\"url\":\"https:\/\/m1specialty.com\/wp-content\/uploads\/2023\/03\/logo-yoast-m1.png\",\"contentUrl\":\"https:\/\/m1specialty.com\/wp-content\/uploads\/2023\/03\/logo-yoast-m1.png\",\"width\":696,\"height\":696,\"caption\":\"M1 Specialty\"},\"image\":{\"@id\":\"https:\/\/m1specialty.com\/es\/#\/schema\/logo\/image\/\"},\"sameAs\":[\"https:\/\/www.facebook.com\/M1Specialty\/\",\"https:\/\/twitter.com\/m1specialty\",\"https:\/\/www.linkedin.com\/company\/m1specialty\/\",\"https:\/\/www.instagram.com\/m1specialty\/\"]}]}<\/script>\n<!-- \/ Yoast SEO Premium plugin. -->","yoast_head_json":{"title":"MSCI Emerging Markets IMI-Index Data | M1 Specialty","robots":{"index":"index","follow":"follow","max-snippet":"max-snippet:-1","max-image-preview":"max-image-preview:large","max-video-preview":"max-video-preview:-1"},"canonical":"https:\/\/m1specialty.com\/es\/msci-emerging-markets-imi-index-data\/","og_locale":"es_ES","og_type":"article","og_title":"MSCI Emerging Markets IMI-Index Data","og_description":"Informaci\u00f3n del \u00cdndice 30 de Septiembre, 2025 MSCI Emerging Markets IMI El \u00edndice MSCI de Mercados Emergentes (IMI) incluye una representaci\u00f3n de empresas de gran, mediana y peque\u00f1a capitalizaci\u00f3n en 24 pa\u00edses de Mercados Emergentes (ME). Con 3.355 componentes, el \u00edndice cubre aproximadamente el 99 % de la capitalizaci\u00f3n de mercado ajustada por capital flotante [&hellip;]","og_url":"https:\/\/m1specialty.com\/es\/msci-emerging-markets-imi-index-data\/","og_site_name":"M1 Specialty","article_publisher":"https:\/\/www.facebook.com\/M1Specialty\/","article_modified_time":"2025-10-30T23:06:30+00:00","og_image":[{"url":"https:\/\/m1specialty.com\/wp-content\/uploads\/2025\/01\/MSCI-Emerging-Markets-IMI-pie.png"}],"twitter_card":"summary_large_image","twitter_site":"@m1specialty","twitter_misc":{"Tiempo de lectura":"3 minutos"},"schema":{"@context":"https:\/\/schema.org","@graph":[{"@type":"WebPage","@id":"https:\/\/m1specialty.com\/es\/msci-emerging-markets-imi-index-data\/","url":"https:\/\/m1specialty.com\/es\/msci-emerging-markets-imi-index-data\/","name":"MSCI Emerging Markets IMI-Index Data | M1 Specialty","isPartOf":{"@id":"https:\/\/m1specialty.com\/es\/#website"},"datePublished":"2024-11-27T14:51:59+00:00","dateModified":"2025-10-30T23:06:30+00:00","breadcrumb":{"@id":"https:\/\/m1specialty.com\/es\/msci-emerging-markets-imi-index-data\/#breadcrumb"},"inLanguage":"es","potentialAction":[{"@type":"ReadAction","target":["https:\/\/m1specialty.com\/es\/msci-emerging-markets-imi-index-data\/"]}]},{"@type":"BreadcrumbList","@id":"https:\/\/m1specialty.com\/es\/msci-emerging-markets-imi-index-data\/#breadcrumb","itemListElement":[{"@type":"ListItem","position":1,"name":"Home","item":"https:\/\/m1specialty.com\/es\/"},{"@type":"ListItem","position":2,"name":"MSCI Emerging Markets IMI-Index Data"}]},{"@type":"WebSite","@id":"https:\/\/m1specialty.com\/es\/#website","url":"https:\/\/m1specialty.com\/es\/","name":"M1 Specialty","description":"Simple and effective unit-linked insurance solutions","publisher":{"@id":"https:\/\/m1specialty.com\/es\/#organization"},"potentialAction":[{"@type":"SearchAction","target":{"@type":"EntryPoint","urlTemplate":"https:\/\/m1specialty.com\/es\/?s={search_term_string}"},"query-input":"required name=search_term_string"}],"inLanguage":"es"},{"@type":"Organization","@id":"https:\/\/m1specialty.com\/es\/#organization","name":"M1 Specialty","url":"https:\/\/m1specialty.com\/es\/","logo":{"@type":"ImageObject","inLanguage":"es","@id":"https:\/\/m1specialty.com\/es\/#\/schema\/logo\/image\/","url":"https:\/\/m1specialty.com\/wp-content\/uploads\/2023\/03\/logo-yoast-m1.png","contentUrl":"https:\/\/m1specialty.com\/wp-content\/uploads\/2023\/03\/logo-yoast-m1.png","width":696,"height":696,"caption":"M1 Specialty"},"image":{"@id":"https:\/\/m1specialty.com\/es\/#\/schema\/logo\/image\/"},"sameAs":["https:\/\/www.facebook.com\/M1Specialty\/","https:\/\/twitter.com\/m1specialty","https:\/\/www.linkedin.com\/company\/m1specialty\/","https:\/\/www.instagram.com\/m1specialty\/"]}]}},"_links":{"self":[{"href":"https:\/\/m1specialty.com\/es\/wp-json\/wp\/v2\/pages\/6340","targetHints":{"allow":["GET"]}}],"collection":[{"href":"https:\/\/m1specialty.com\/es\/wp-json\/wp\/v2\/pages"}],"about":[{"href":"https:\/\/m1specialty.com\/es\/wp-json\/wp\/v2\/types\/page"}],"author":[{"embeddable":true,"href":"https:\/\/m1specialty.com\/es\/wp-json\/wp\/v2\/users\/8"}],"replies":[{"embeddable":true,"href":"https:\/\/m1specialty.com\/es\/wp-json\/wp\/v2\/comments?post=6340"}],"version-history":[{"count":10,"href":"https:\/\/m1specialty.com\/es\/wp-json\/wp\/v2\/pages\/6340\/revisions"}],"predecessor-version":[{"id":7944,"href":"https:\/\/m1specialty.com\/es\/wp-json\/wp\/v2\/pages\/6340\/revisions\/7944"}],"wp:attachment":[{"href":"https:\/\/m1specialty.com\/es\/wp-json\/wp\/v2\/media?parent=6340"}],"curies":[{"name":"wp","href":"https:\/\/api.w.org\/{rel}","templated":true}]}}