{"id":5056,"date":"2024-06-11T12:39:20","date_gmt":"2024-06-11T16:39:20","guid":{"rendered":"https:\/\/m1specialty.com\/privacy-policy-draftthrive\/"},"modified":"2025-08-22T11:18:44","modified_gmt":"2025-08-22T15:18:44","slug":"privacy-policy-new","status":"publish","type":"page","link":"https:\/\/m1specialty.com\/es\/privacy-policy-new\/","title":{"rendered":"Privacy Policy"},"content":{"rendered":"<p><strong>Pol\u00edtica de privacidad<\/strong><\/p>\n<p>Su privacidad es muy importante para nosotros. En consecuencia, hemos desarrollado esta Pol\u00edtica para que comprenda c\u00f3mo recopilamos, usamos, comunicamos, divulgamos y hacemos uso de la informaci\u00f3n personal.Antes o en el momento de recopilar informaci\u00f3n personal, identificaremos los prop\u00f3sitos para los cuales se recopila la informaci\u00f3n.<\/p>\n<p>A continuaci\u00f3n, se describe c\u00f3mo M1 Specialty recopilar\u00e1 y utilizar\u00e1 sus datos.<\/p>\n<ul>\n<li style=\"\">Recopilaremos y utilizaremos informaci\u00f3n personal \u00fanicamente con el objetivo de cumplir los fines especificados por nosotros y para otros fines compatibles, a menos que obtengamos el consentimiento de la persona en cuesti\u00f3n o seg\u00fan lo exija la ley.<\/li>\n<li style=\"\">Solo conservaremos sus datos durante un tiempo adecuado, que depender\u00e1 del motivo por el que se recogieron<\/li>\n<li style=\"\">Recopilaremos informaci\u00f3n personal por medios legales y justos y, cuando corresponda, con el conocimiento o consentimiento de la persona en cuesti\u00f3n.<\/li>\n<li style=\"\">Recopilaremos y utilizaremos informaci\u00f3n personal para recomendarle nuestra gama de Productos y Servicios, en funci\u00f3n de sus necesidades, que se determinan a trav\u00e9s de comunicaciones y formularios por correo electr\u00f3nico.<\/li>\n<\/ul>\n<p>Pondremos a disposici\u00f3n de los clientes informaci\u00f3n sobre nuestras pol\u00edticas y pr\u00e1cticas relacionadas con la gesti\u00f3n de la informaci\u00f3n personal.<\/p>\n<h2 style=\"\">T\u00e9rminos clave<\/h2>\n<p><strong>Datos personales<\/strong>&nbsp;: en el Reglamento general de protecci\u00f3n de datos (GDPR) de la UE, los datos personales se definen como \u201c\u2026cualquier informaci\u00f3n relacionada con una persona f\u00edsica identificada o identificable (\u201csujeto de datos\u201d);&nbsp;una persona identificable es aquella que puede ser identificada, directa o indirectamente, en particular por referencia a un identificador como un nombre, un n\u00famero de identificaci\u00f3n, datos de ubicaci\u00f3n, un identificador en l\u00ednea o a uno o m\u00e1s factores espec\u00edficos del estado f\u00edsico, fisiol\u00f3gico, gen\u00e9tico, identidad mental, econ\u00f3mica, cultural o social de esa persona\u201d.<\/p>\n<p><strong>Sitio(s)<\/strong>&nbsp;web: es cualquier sitio web que poseemos y operamos (como&nbsp;<a href=\"http:\/\/www.m1specialty.com\/\" rel=\"noopener\" target=\"_blank\" style=\"outline: none;\">www.M1Specialty.com<\/a>) o cualquier p\u00e1gina web, aplicaciones interactivas, aplicaciones, redes sociales, \u00abpesta\u00f1as\u00bb de redes sociales u otras ofertas m\u00f3viles o en l\u00ednea, que publiquen un enlace a esta Pol\u00edtica.<\/p>\n<p><b>Usted y<\/b>&nbsp;<b>su:<\/b>&nbsp;seg\u00fan el contexto, puede ser un visitante del sitio web, un productor o un titular de la p\u00f3liza.<\/p>\n<p style=\"\">\n<h2 style=\"\">\u00bfPor qu\u00e9 necesitamos recopilar y almacenar datos personales?<\/h2>\n<p>Para que podamos hacer cualquiera de las anteriores, debemos recopilar y almacenar sus datos en primer lugar para fines de correspondencia. Nos aseguraremos de que la informaci\u00f3n recopilada solo se utilice para el fin previsto y no constituya una invasi\u00f3n de su privacidad.<\/p>\n<p>Es posible que M1 Specialty desee comunicarse con usted con fines de marketing; sin embargo, nos comunicar\u00edamos con usted para obtener un consentimiento adicional para ese prop\u00f3sito si a\u00fan no lo ha otorgado.<\/p>\n<\/p>\n<h2 style=\"\">\u00bfCompartiremos sus datos personales con alguien m\u00e1s?<\/h2>\n<p>Es posible que debamos transmitir sus datos a terceros que est\u00e9n contratados por M1 Specialty o sean parte de este. Los terceros a los que transmitamos sus datos est\u00e1n obligados a almacenar sus datos de forma segura y solo los procesan si responden a una solicitud de acci\u00f3n o informaci\u00f3n en nuestro nombre. Cuando llegue el momento en que ya no necesiten sus datos personales, los eliminar\u00e1n en consecuencia y de acuerdo con nuestra pol\u00edtica de empresa. Si deseamos pasar sus datos personales a un tercero, solo lo haremos con su consentimiento expl\u00edcito, a menos que estemos legalmente obligados a hacerlo de otra manera.<\/p>\n<h2 style=\"\">\u00bfC\u00f3mo utilizaremos los datos personales que recopilamos sobre usted?<\/h2>\n<p>El procesamiento de datos constituye como recopilar, almacenar y usar. Procesaremos estos datos de acuerdo con el RGPD. Haremos todo lo posible para mantener su informaci\u00f3n precisa y actualizada y no conservarla m\u00e1s tiempo del necesario. M1 Specialty puede enviar recordatorios ocasionales a todos los clientes para que mantengan sus datos de contacto actualizados y los actualizar\u00e1 en consecuencia.<\/p>\n<p>Tenga en cuenta que hay informaci\u00f3n que estamos obligados a mantener de acuerdo con las leyes locales e internacionales, como la informaci\u00f3n necesaria para fines fiscales y de auditor\u00eda. Los datos personales pueden conservarse durante m\u00e1s tiempo que estos per\u00edodos, sin embargo, esto depender\u00e1 de las necesidades individuales de la empresa.<\/p>\n<\/p>\n<h2 style=\"\">\u00bfEn qu\u00e9 circunstancias nos pondremos en contacto con usted?<\/h2>\n<p>Solo nos pondremos en contacto con usted cuando sea necesario o cuando nos lo haya solicitado. No pretendemos en ning\u00fan momento ser intrusivos o pedir informaci\u00f3n innecesaria. Haremos todo lo posible para garantizar que la informaci\u00f3n que tenemos sea lo m\u00e1s segura posible para minimizar el riesgo de acceso o divulgaci\u00f3n no autorizados.<\/p>\n<h2>\u00bfPuede conocer los datos personales que tenemos sobre usted?<\/h2>\n<p>Si desea ver qu\u00e9 datos personales tenemos sobre usted y c\u00f3mo se procesan, puede comunicarse con nosotros para solicitarlo. Esto se conoce como Solicitud de acceso del sujeto de datos (SAR) y debe solicitarla por escrito (ya sea por correo postal o electr\u00f3nico), proporcionando la identificaci\u00f3n necesaria antes de que se divulgue cualquier informaci\u00f3n. Si M1 Specialty almacena alguno de sus datos personales, puede solicitar informaci\u00f3n sobre lo siguiente:<\/p>\n<ul>\n<li>Identidad y datos de contacto de la persona u organizaci\u00f3n que ha determinado c\u00f3mo y por qu\u00e9 tratar sus datos. En algunos casos, ser\u00e1 un representante en la UE.<\/li>\n<li>Datos de contacto del propietario del RGPD, cuando corresponda.<\/li>\n<li>El prop\u00f3sito del procesamiento, as\u00ed como la base legal para el procesamiento.<\/li>\n<li>Las categor\u00edas de datos personales recogidos, almacenados y tratados.<\/li>\n<li>Destinatario(s) o categor\u00edas de destinatarios a los que se revelan\/ser\u00e1n revelados los datos.<\/li>\n<li>Si tenemos la intenci\u00f3n de transferir los datos personales a un tercer pa\u00eds u organizaci\u00f3n internacional, informaci\u00f3n sobre c\u00f3mo nos aseguramos de que esto se haga de forma segura.&nbsp;La UE ha aprobado el env\u00edo de datos personales a algunos pa\u00edses porque cumplen con un est\u00e1ndar m\u00ednimo de protecci\u00f3n de datos.&nbsp;En otros casos, nos aseguraremos de que existan medidas espec\u00edficas para proteger su informaci\u00f3n.<\/li>\n<li>Cu\u00e1nto tiempo se almacenar\u00e1n los datos.<\/li>\n<li>Detalles de sus derechos para corregir, borrar, restringir u oponerse a dicho procesamiento.<\/li>\n<li>Informaci\u00f3n sobre su derecho a retirar el consentimiento en cualquier momento.<\/li>\n<li>C\u00f3mo presentar una reclamaci\u00f3n ante la autoridad de control.<\/li>\n<li>Si el suministro de datos personales es un requisito legal o contractual, o un requisito necesario para celebrar un contrato, as\u00ed como si est\u00e1 obligado a proporcionar los datos personales y las posibles consecuencias de no proporcionarlos.<\/li>\n<li>La fuente de los datos personales si no se recopilaron directamente de usted.<\/li>\n<li>Cualquier detalle e informaci\u00f3n de la toma de decisiones automatizada, como la creaci\u00f3n de perfiles, y cualquier informaci\u00f3n significativa sobre la l\u00f3gica involucrada, as\u00ed como la importancia y las consecuencias esperadas de dicho procesamiento.<\/li>\n<\/ul>\n<h2>\u00bfQu\u00e9 formas de identificaci\u00f3n deber\u00e1 proporcionar para acceder a esto?<\/h2>\n<p>M1 Specialty aceptar\u00e1 las siguientes formas de identificaci\u00f3n cuando se solicite informaci\u00f3n sobre sus datos personales:<\/p>\n<ul>\n<li>Pasaporte<\/li>\n<li>Licencia de conducir<\/li>\n<li>Documento de identidad notariado<\/li>\n<\/ul>\n<h2>\u00bfC\u00f3mo aborda M1 Specialty la seguridad de la informaci\u00f3n?<\/h2>\n<p>Mantenemos medidas de seguridad administrativas, t\u00e9cnicas y f\u00edsicas dise\u00f1adas para proteger la informaci\u00f3n personal que nos proporciona en este sitio web. Sin embargo, debe comprender que ninguna salvaguarda garantiza el 100% de seguridad.<\/p>\n<h2 id=\"t-1718119819810\"><\/h2>\n<h2 style=\"\">Uso de cookies en este sitio<\/h2>\n<p>Para simplificar este sitio, se colocan peque\u00f1os archivos de datos en su computadora. Estas son conocidas como cookies. La mayor\u00eda de los grandes sitios web tambi\u00e9n hacen esto.<\/p>\n<p>Mejoran las cosas al:<\/p>\n<ul>\n<li style=\"\">recordar configuraciones, para que no tenga que volver a ingresarlas cada vez que visita una nueva p\u00e1gina;<\/li>\n<li style=\"\">recordar la informaci\u00f3n que ha proporcionado (por ejemplo, su c\u00f3digo postal) para que no tenga que seguir introduci\u00e9ndola;<\/li>\n<li style=\"\">medir c\u00f3mo usa el sitio web para que podamos asegurarnos de que satisfaga sus necesidades.<\/li>\n<\/ul>\n<p>Nuestras cookies no se utilizan para identificarlo personalmente. Solo est\u00e1n aqu\u00ed para hacer que el sitio funcione mejor para usted. De hecho, puede administrar y\/o eliminar estos peque\u00f1os archivos como desee.<\/p>\n<p>Puede rechazar las&nbsp;&nbsp;<a href=\"https:\/\/tools.google.com\/dlpage\/gaoptout\/\" style=\"outline: none;\">cookies de Google Analytics para todos los sitios<\/a>&nbsp;.<\/p>\n<p>Para obtener m\u00e1s informaci\u00f3n sobre las cookies y c\u00f3mo administrarlas, visite&nbsp;&nbsp;<a href=\"http:\/\/www.aboutcookies.org\/\" style=\"outline: none;\">AboutCookies.org<\/a> .<\/p>\n<h2 style=\"\">Enlaces a otros sitios web<\/h2>\n<p>Nuestro sitio web contiene enlaces a nuestros socios, as\u00ed como a otros sitios externos. Debe tener en cuenta que si hace clic en cualquiera de estos sitios externos, no tenemos control sobre ese sitio. No podemos ser responsables de la protecci\u00f3n de la informaci\u00f3n que proporcione a estos otros sitios web, ya que no se rigen por esta declaraci\u00f3n de privacidad. Siempre debe tener cuidado y consultar la declaraci\u00f3n de privacidad de cualquier sitio web que est\u00e9 visitando.<\/p>\n<h2 style=\"\">Cambios en la pol\u00edtica<\/h2>\n<p style=\"text-align: left;\">M1 Specialty se reserva el derecho de cambiar esta pol\u00edtica de privacidad y publicar\u00e1 cualquier revisi\u00f3n en este sitio web. Su uso continuado de este sitio web estar\u00e1 sujeto a la pol\u00edtica de privacidad vigente en ese momento.<\/p>\n<p style=\"text-align: left;\">Esta Pol\u00edtica de privacidad de M1 Specialty se proporciona en nombre de MaxCap Assurance Group SPC Ltd y sus afiliadas y subsidiarias.<\/p>\n<h2 style=\"\">Datos de contacto del titular del RGPD<\/h2>\n<p>Si desea enviar un SAR o tiene alguna pregunta con respecto a esta declaraci\u00f3n de privacidad, debe hacerlo por escrito utilizando un formulario SAR que nuestro Oficial de Protecci\u00f3n de Datos le proporcionar\u00e1 a pedido. Nuestro Oficial de Protecci\u00f3n de Datos puede ser contactado por correo electr\u00f3nico en:<\/p>\n<p><strong>Correo electr\u00f3nico:<\/strong><a href=\"mailto:dataprotection@M1Specialty.com\" style=\"outline: none;\">&nbsp;dataprotection@M1Specialty.com<\/a><\/p>\n","protected":false},"excerpt":{"rendered":"<p>Pol\u00edtica de privacidad Su privacidad es muy importante para nosotros. En consecuencia, hemos desarrollado esta Pol\u00edtica para que comprenda c\u00f3mo recopilamos, usamos, comunicamos, divulgamos y hacemos uso de la informaci\u00f3n personal.Antes o en el momento de recopilar informaci\u00f3n personal, identificaremos los prop\u00f3sitos para los cuales se recopila la informaci\u00f3n. A continuaci\u00f3n, se describe c\u00f3mo M1 [&hellip;]<\/p>\n","protected":false},"author":8,"featured_media":0,"parent":0,"menu_order":0,"comment_status":"closed","ping_status":"closed","template":"","meta":{"inline_featured_image":false,"footnotes":""},"class_list":["post-5056","page","type-page","status-publish","hentry","post-wrapper","thrv_wrapper"],"yoast_head":"<!-- This site is optimized with the Yoast SEO Premium plugin v20.3 (Yoast SEO v20.3) - https:\/\/yoast.com\/wordpress\/plugins\/seo\/ -->\n<title>Pol\u00edtica de privacidad | M1 Specialty<\/title>\n<meta name=\"description\" content=\"Protegemos su informaci\u00f3n personal. Descubra c\u00f3mo recopilamos, utilizamos y compartimos sus datos en nuestra Pol\u00edtica de Privacidad.\" \/>\n<meta name=\"robots\" content=\"index, follow, max-snippet:-1, max-image-preview:large, max-video-preview:-1\" \/>\n<link rel=\"canonical\" href=\"https:\/\/m1specialty.com\/es\/privacy-policy-new\/\" \/>\n<meta property=\"og:locale\" content=\"es_ES\" \/>\n<meta property=\"og:type\" content=\"article\" \/>\n<meta property=\"og:title\" content=\"Privacy Policy\" \/>\n<meta property=\"og:description\" content=\"Protegemos su informaci\u00f3n personal. Descubra c\u00f3mo recopilamos, utilizamos y compartimos sus datos en nuestra Pol\u00edtica de Privacidad.\" \/>\n<meta property=\"og:url\" content=\"https:\/\/m1specialty.com\/es\/privacy-policy-new\/\" \/>\n<meta property=\"og:site_name\" content=\"M1 Specialty\" \/>\n<meta property=\"article:publisher\" content=\"https:\/\/www.facebook.com\/M1Specialty\/\" \/>\n<meta property=\"article:modified_time\" content=\"2025-08-22T15:18:44+00:00\" \/>\n<meta property=\"og:image\" content=\"https:\/\/m1specialty.com\/wp-content\/uploads\/2023\/03\/m1-specialty-web.png\" \/>\n\t<meta property=\"og:image:width\" content=\"1200\" \/>\n\t<meta property=\"og:image:height\" content=\"671\" \/>\n\t<meta property=\"og:image:type\" content=\"image\/png\" \/>\n<meta name=\"twitter:card\" content=\"summary_large_image\" \/>\n<meta name=\"twitter:site\" content=\"@m1specialty\" \/>\n<meta name=\"twitter:label1\" content=\"Tiempo de lectura\" \/>\n\t<meta name=\"twitter:data1\" content=\"7 minutos\" \/>\n<script type=\"application\/ld+json\" class=\"yoast-schema-graph\">{\"@context\":\"https:\/\/schema.org\",\"@graph\":[{\"@type\":\"WebPage\",\"@id\":\"https:\/\/m1specialty.com\/es\/privacy-policy-new\/\",\"url\":\"https:\/\/m1specialty.com\/es\/privacy-policy-new\/\",\"name\":\"Pol\u00edtica de privacidad | M1 Specialty\",\"isPartOf\":{\"@id\":\"https:\/\/m1specialty.com\/es\/#website\"},\"datePublished\":\"2024-06-11T16:39:20+00:00\",\"dateModified\":\"2025-08-22T15:18:44+00:00\",\"description\":\"Protegemos su informaci\u00f3n personal. Descubra c\u00f3mo recopilamos, utilizamos y compartimos sus datos en nuestra Pol\u00edtica de Privacidad.\",\"breadcrumb\":{\"@id\":\"https:\/\/m1specialty.com\/es\/privacy-policy-new\/#breadcrumb\"},\"inLanguage\":\"es\",\"potentialAction\":[{\"@type\":\"ReadAction\",\"target\":[\"https:\/\/m1specialty.com\/es\/privacy-policy-new\/\"]}]},{\"@type\":\"BreadcrumbList\",\"@id\":\"https:\/\/m1specialty.com\/es\/privacy-policy-new\/#breadcrumb\",\"itemListElement\":[{\"@type\":\"ListItem\",\"position\":1,\"name\":\"Home\",\"item\":\"https:\/\/m1specialty.com\/es\/\"},{\"@type\":\"ListItem\",\"position\":2,\"name\":\"Privacy Policy\"}]},{\"@type\":\"WebSite\",\"@id\":\"https:\/\/m1specialty.com\/es\/#website\",\"url\":\"https:\/\/m1specialty.com\/es\/\",\"name\":\"M1 Specialty\",\"description\":\"Simple and effective unit-linked insurance solutions\",\"publisher\":{\"@id\":\"https:\/\/m1specialty.com\/es\/#organization\"},\"potentialAction\":[{\"@type\":\"SearchAction\",\"target\":{\"@type\":\"EntryPoint\",\"urlTemplate\":\"https:\/\/m1specialty.com\/es\/?s={search_term_string}\"},\"query-input\":\"required name=search_term_string\"}],\"inLanguage\":\"es\"},{\"@type\":\"Organization\",\"@id\":\"https:\/\/m1specialty.com\/es\/#organization\",\"name\":\"M1 Specialty\",\"url\":\"https:\/\/m1specialty.com\/es\/\",\"logo\":{\"@type\":\"ImageObject\",\"inLanguage\":\"es\",\"@id\":\"https:\/\/m1specialty.com\/es\/#\/schema\/logo\/image\/\",\"url\":\"https:\/\/m1specialty.com\/wp-content\/uploads\/2023\/03\/logo-yoast-m1.png\",\"contentUrl\":\"https:\/\/m1specialty.com\/wp-content\/uploads\/2023\/03\/logo-yoast-m1.png\",\"width\":696,\"height\":696,\"caption\":\"M1 Specialty\"},\"image\":{\"@id\":\"https:\/\/m1specialty.com\/es\/#\/schema\/logo\/image\/\"},\"sameAs\":[\"https:\/\/www.facebook.com\/M1Specialty\/\",\"https:\/\/twitter.com\/m1specialty\",\"https:\/\/www.linkedin.com\/company\/m1specialty\/\",\"https:\/\/www.instagram.com\/m1specialty\/\"]}]}<\/script>\n<!-- \/ Yoast SEO Premium plugin. -->","yoast_head_json":{"title":"Pol\u00edtica de privacidad | M1 Specialty","description":"Protegemos su informaci\u00f3n personal. Descubra c\u00f3mo recopilamos, utilizamos y compartimos sus datos en nuestra Pol\u00edtica de Privacidad.","robots":{"index":"index","follow":"follow","max-snippet":"max-snippet:-1","max-image-preview":"max-image-preview:large","max-video-preview":"max-video-preview:-1"},"canonical":"https:\/\/m1specialty.com\/es\/privacy-policy-new\/","og_locale":"es_ES","og_type":"article","og_title":"Privacy Policy","og_description":"Protegemos su informaci\u00f3n personal. Descubra c\u00f3mo recopilamos, utilizamos y compartimos sus datos en nuestra Pol\u00edtica de Privacidad.","og_url":"https:\/\/m1specialty.com\/es\/privacy-policy-new\/","og_site_name":"M1 Specialty","article_publisher":"https:\/\/www.facebook.com\/M1Specialty\/","article_modified_time":"2025-08-22T15:18:44+00:00","og_image":[{"width":1200,"height":671,"url":"https:\/\/m1specialty.com\/wp-content\/uploads\/2023\/03\/m1-specialty-web.png","type":"image\/png"}],"twitter_card":"summary_large_image","twitter_site":"@m1specialty","twitter_misc":{"Tiempo de lectura":"7 minutos"},"schema":{"@context":"https:\/\/schema.org","@graph":[{"@type":"WebPage","@id":"https:\/\/m1specialty.com\/es\/privacy-policy-new\/","url":"https:\/\/m1specialty.com\/es\/privacy-policy-new\/","name":"Pol\u00edtica de privacidad | M1 Specialty","isPartOf":{"@id":"https:\/\/m1specialty.com\/es\/#website"},"datePublished":"2024-06-11T16:39:20+00:00","dateModified":"2025-08-22T15:18:44+00:00","description":"Protegemos su informaci\u00f3n personal. Descubra c\u00f3mo recopilamos, utilizamos y compartimos sus datos en nuestra Pol\u00edtica de Privacidad.","breadcrumb":{"@id":"https:\/\/m1specialty.com\/es\/privacy-policy-new\/#breadcrumb"},"inLanguage":"es","potentialAction":[{"@type":"ReadAction","target":["https:\/\/m1specialty.com\/es\/privacy-policy-new\/"]}]},{"@type":"BreadcrumbList","@id":"https:\/\/m1specialty.com\/es\/privacy-policy-new\/#breadcrumb","itemListElement":[{"@type":"ListItem","position":1,"name":"Home","item":"https:\/\/m1specialty.com\/es\/"},{"@type":"ListItem","position":2,"name":"Privacy Policy"}]},{"@type":"WebSite","@id":"https:\/\/m1specialty.com\/es\/#website","url":"https:\/\/m1specialty.com\/es\/","name":"M1 Specialty","description":"Simple and effective unit-linked insurance solutions","publisher":{"@id":"https:\/\/m1specialty.com\/es\/#organization"},"potentialAction":[{"@type":"SearchAction","target":{"@type":"EntryPoint","urlTemplate":"https:\/\/m1specialty.com\/es\/?s={search_term_string}"},"query-input":"required name=search_term_string"}],"inLanguage":"es"},{"@type":"Organization","@id":"https:\/\/m1specialty.com\/es\/#organization","name":"M1 Specialty","url":"https:\/\/m1specialty.com\/es\/","logo":{"@type":"ImageObject","inLanguage":"es","@id":"https:\/\/m1specialty.com\/es\/#\/schema\/logo\/image\/","url":"https:\/\/m1specialty.com\/wp-content\/uploads\/2023\/03\/logo-yoast-m1.png","contentUrl":"https:\/\/m1specialty.com\/wp-content\/uploads\/2023\/03\/logo-yoast-m1.png","width":696,"height":696,"caption":"M1 Specialty"},"image":{"@id":"https:\/\/m1specialty.com\/es\/#\/schema\/logo\/image\/"},"sameAs":["https:\/\/www.facebook.com\/M1Specialty\/","https:\/\/twitter.com\/m1specialty","https:\/\/www.linkedin.com\/company\/m1specialty\/","https:\/\/www.instagram.com\/m1specialty\/"]}]}},"_links":{"self":[{"href":"https:\/\/m1specialty.com\/es\/wp-json\/wp\/v2\/pages\/5056","targetHints":{"allow":["GET"]}}],"collection":[{"href":"https:\/\/m1specialty.com\/es\/wp-json\/wp\/v2\/pages"}],"about":[{"href":"https:\/\/m1specialty.com\/es\/wp-json\/wp\/v2\/types\/page"}],"author":[{"embeddable":true,"href":"https:\/\/m1specialty.com\/es\/wp-json\/wp\/v2\/users\/8"}],"replies":[{"embeddable":true,"href":"https:\/\/m1specialty.com\/es\/wp-json\/wp\/v2\/comments?post=5056"}],"version-history":[{"count":4,"href":"https:\/\/m1specialty.com\/es\/wp-json\/wp\/v2\/pages\/5056\/revisions"}],"predecessor-version":[{"id":7849,"href":"https:\/\/m1specialty.com\/es\/wp-json\/wp\/v2\/pages\/5056\/revisions\/7849"}],"wp:attachment":[{"href":"https:\/\/m1specialty.com\/es\/wp-json\/wp\/v2\/media?parent=5056"}],"curies":[{"name":"wp","href":"https:\/\/api.w.org\/{rel}","templated":true}]}}