{"id":5047,"date":"2024-06-11T12:34:11","date_gmt":"2024-06-11T16:34:11","guid":{"rendered":"https:\/\/m1specialty.com\/our-jurisdictions-draftthrive\/"},"modified":"2025-08-22T11:18:01","modified_gmt":"2025-08-22T15:18:01","slug":"our-jurisdictions1","status":"publish","type":"page","link":"https:\/\/m1specialty.com\/es\/our-jurisdictions1\/","title":{"rendered":"Our Jurisdictions"},"content":{"rendered":"<p>Nuestras JurisdiccionesPuerto Rico<span><img decoding=\"async\" alt=\"\" data-id=\"2473\" width=\"340\" data-init-width=\"340\" height=\"451\" data-init-height=\"451\" title=\"\" loading=\"lazy\" src=\"https:\/\/m1specialty.com\/wp-content\/uploads\/2023\/09\/escudo-puerto-rico.png\" data-width=\"340\" data-height=\"451\" style=\"aspect-ratio: auto 340 \/ 451;\"><\/span><\/p>\n<p style=\"\">Puerto Rico es un territorio no incorporado de los Estados Unidos con estatus oficial de Estado Libre Asociado. Se encuentra aproximadamente a 1.600 km (1.000 millas) al sureste de Miami, Florida. El Congreso de los Estados Unidos gobierna el territorio con plena jurisdicci\u00f3n bajo la Ley de Relaciones Federales de Puerto Rico de 1950.La geograf\u00eda de Puerto Rico, el uso de la moneda estadounidense y su estatus pol\u00edtico son factores determinantes de su prosperidad econ\u00f3mica.<\/p>\n<p>Econom\u00eda e Infraestructura<\/p>\n<p>La econom\u00eda de Puerto Rico est\u00e1 clasificada como una econom\u00eda de altos ingresos por el Banco Mundial y como la econom\u00eda m\u00e1s competitiva de Am\u00e9rica Latina por el Foro Econ\u00f3mico Mundial. Su econom\u00eda est\u00e1 impulsada principalmente por la manufactura (primordialmente productos farmac\u00e9uticos, textiles, petroqu\u00edmicos y electr\u00f3nicos), seguida por la industria de servicios (principalmente finanzas, seguros, bienes ra\u00edces y turismo).<\/p>\n<p>Ventaja Fiscal<\/p>\n<p>El Gobierno de Puerto Rico disfruta de autonom\u00eda fiscal y tributaria con respecto al C\u00f3digo Tributario de los Estados Unidos, con distinciones especiales en varias \u00e1reas. Las aseguradoras internacionales en Puerto Rico est\u00e1n exentas de los requisitos de presentaci\u00f3n de informes bajo CRS (OCDE) y FATCA.<\/p>\n<p>Entorno Regulatorio<\/p>\n<p style=\"text-align: justify;\">La Divisi\u00f3n de Aseguradores y Reaseguradores Internacionales est\u00e1 bajo la Supervisi\u00f3n de la Oficina del Comisionado de Seguros (OCI). La OCI es un miembro acreditado de la Asociaci\u00f3n Nacional de Comisionados de Seguros (\u201cNAIC\u201d por sus siglas en ingl\u00e9s). NAIC es la organizaci\u00f3n de apoyo regulatorio y de establecimiento de est\u00e1ndares de EE. UU. creada y gobernada por los principales reguladores de seguros de los 50 estados, el Distrito de Columbia y cinco territorios de EE. UU.A trav\u00e9s de la NAIC, los reguladores estatales de seguros establecen est\u00e1ndares y mejores pr\u00e1cticas, realizan revisiones por pares y coordinan su supervisi\u00f3n regulatoria. Tambi\u00e9n es miembro participante de la Asociaci\u00f3n de Superintendentes de Seguros de Am\u00e9rica Latina (\u201cASSAL\u201d)<\/p>\n<p><span><img decoding=\"async\" alt=\"\" data-id=\"2479\" width=\"1510\" data-init-width=\"1050\" height=\"1007\" data-init-height=\"700\" title=\"\" loading=\"lazy\" src=\"https:\/\/m1specialty.com\/wp-content\/uploads\/2023\/09\/puierto-rico.jpg\" data-width=\"1510\" data-height=\"1007\" style=\"aspect-ratio: auto 1050 \/ 700;\"><\/span>San Crist\u00f3bal y Nieves<\/p>\n<p>San Crist\u00f3bal y Nieves es un pa\u00eds independiente de dos islas en las Islas de Sotavento. Nieves es un estado soberano de la Commonwealth Brit\u00e1nica, situado en la parte sureste del Mar Caribe. Nieves tiene una democracia estable, un sistema legal f\u00e1cil de entender basado en el derecho com\u00fan brit\u00e1nico junto con un clima corporativo modernizado y una econom\u00eda abierta.Nieves es una de las jurisdicciones m\u00e1s solicitadas para la banca y los seguros extraterritoriales, as\u00ed como para la formaci\u00f3n de empresas extraterritoriales que cuentan con s\u00f3lidas cl\u00e1usulas de seguridad y protecci\u00f3n de activos. Es sede del Banco Central del Caribe Oriental y de la Bolsa de Valores del Caribe Oriental, y ha sido reconocido por el FATF por sus siglas en ingl\u00e9s (Grupo de Acci\u00f3n Financiera) y la OECD por sus siglas en ingl\u00e9s (Organizaci\u00f3n para la Cooperaci\u00f3n y el Desarrollo Econ\u00f3mico).<\/p>\n<p><span><img decoding=\"async\" alt=\"\" data-id=\"2467\" width=\"500\" data-init-width=\"500\" height=\"566\" data-init-height=\"566\" title=\"\" loading=\"lazy\" src=\"https:\/\/m1specialty.com\/wp-content\/uploads\/2023\/09\/nevis-escudo.png\" data-width=\"500\" data-height=\"566\" style=\"aspect-ratio: auto 500 \/ 566;\"><\/span>Tipo de Ley<\/p>\n<p style=\"text-align: justify;\">La ley de Nieves se basa en el derecho consuetudinario ingl\u00e9s. Con respecto a las compa\u00f1\u00edas extraterritoriales, la ley de Nieves se basa en la legislaci\u00f3n de LLC de Nieves que sigue el modelo de la Ley de LLC de Delaware. La protecci\u00f3n de activos de Nieves es superior a la de la mayor\u00eda de las otras jurisdicciones extraterritoriales.<\/p>\n<p>Ventaja Fiscal<\/p>\n<p style=\"text-align: justify;\">El gobierno de Nieves ha demostrado un compromiso total para mantener la privacidad y protecci\u00f3n de las empresas leg\u00edtimas. Ni Nieves ni San Crist\u00f3bal se hanvisto manchados por informes de lavado de dinero o evasi\u00f3n fiscal, como ha sido el caso en el pasado con otras jurisdicciones extraterritoriales. Una sociedad offshore en Nieves est\u00e1 exenta de impuestos sobre los ingresos generados en cualquier parte del mundo fuera de Nieves. No hay que pagar impuestos sobre la renta, ni tampoco impuestos sobre sucesiones, donaciones, derechos o ganancias de capital.<\/p>\n<p>Entorno Regulatorio<\/p>\n<p style=\"text-align: justify;\">El Departamento de Supervisi\u00f3n y Regulaci\u00f3n de Servicios Financieros de Nieves (FSRC por sus siglas en ingl\u00e9s) es la sucursal de Nieves de la Comisi\u00f3n Reguladora de Servicios Financieros y es la agencia responsable de autorizar y otorgar licencias a empresas o personas para realizar negocios de servicios financieros y de monitorear las actividades de servicios financieros regulados para salvaguardar al p\u00fablico contra cualquier negocio de servicios financieros ilegal o no autorizado que opere desde Nieves. La FSRC tiene la responsabilidad de regular y supervisar el cumplimiento de los requisitos AML\/CFT por parte de las empresas reguladas. La FSRC regula m\u00e1s de 150 compa\u00f1\u00edas de seguros constituidas en Nieves.<\/p>\n<p><span><img decoding=\"async\" alt=\"\" data-id=\"2486\" width=\"1470\" data-init-width=\"1024\" height=\"771\" data-init-height=\"537\" title=\"\" loading=\"lazy\" src=\"https:\/\/m1specialty.com\/wp-content\/uploads\/2023\/09\/St-Kitts.jpg\" data-width=\"1470\" data-height=\"771\" style=\"aspect-ratio: auto 1024 \/ 537;\"><\/span><\/p>\n","protected":false},"excerpt":{"rendered":"<p>Nuestras JurisdiccionesPuerto Rico Puerto Rico es un territorio no incorporado de los Estados Unidos con estatus oficial de Estado Libre Asociado. Se encuentra aproximadamente a 1.600 km (1.000 millas) al sureste de Miami, Florida. El Congreso de los Estados Unidos gobierna el territorio con plena jurisdicci\u00f3n bajo la Ley de Relaciones Federales de Puerto Rico [&hellip;]<\/p>\n","protected":false},"author":8,"featured_media":0,"parent":0,"menu_order":0,"comment_status":"closed","ping_status":"closed","template":"","meta":{"inline_featured_image":false,"footnotes":""},"class_list":["post-5047","page","type-page","status-publish","hentry","post-wrapper","thrv_wrapper"],"yoast_head":"<!-- This site is optimized with the Yoast SEO Premium plugin v20.3 (Yoast SEO v20.3) - https:\/\/yoast.com\/wordpress\/plugins\/seo\/ -->\n<title>Nuestras Jurisdicciones<\/title>\n<meta name=\"robots\" content=\"index, follow, max-snippet:-1, max-image-preview:large, max-video-preview:-1\" \/>\n<link rel=\"canonical\" href=\"https:\/\/m1specialty.com\/es\/our-jurisdictions1\/\" \/>\n<meta property=\"og:locale\" content=\"es_ES\" \/>\n<meta property=\"og:type\" content=\"article\" \/>\n<meta property=\"og:title\" content=\"Our Jurisdictions\" \/>\n<meta property=\"og:description\" content=\"Nuestras JurisdiccionesPuerto Rico Puerto Rico es un territorio no incorporado de los Estados Unidos con estatus oficial de Estado Libre Asociado. Se encuentra aproximadamente a 1.600 km (1.000 millas) al sureste de Miami, Florida. El Congreso de los Estados Unidos gobierna el territorio con plena jurisdicci\u00f3n bajo la Ley de Relaciones Federales de Puerto Rico [&hellip;]\" \/>\n<meta property=\"og:url\" content=\"https:\/\/m1specialty.com\/es\/our-jurisdictions1\/\" \/>\n<meta property=\"og:site_name\" content=\"M1 Specialty\" \/>\n<meta property=\"article:publisher\" content=\"https:\/\/www.facebook.com\/M1Specialty\/\" \/>\n<meta property=\"article:modified_time\" content=\"2025-08-22T15:18:01+00:00\" \/>\n<meta property=\"og:image\" content=\"https:\/\/m1specialty.com\/wp-content\/uploads\/2023\/09\/escudo-puerto-rico.png\" \/>\n<meta name=\"twitter:card\" content=\"summary_large_image\" \/>\n<meta name=\"twitter:site\" content=\"@m1specialty\" \/>\n<meta name=\"twitter:label1\" content=\"Tiempo de lectura\" \/>\n\t<meta name=\"twitter:data1\" content=\"4 minutos\" \/>\n<script type=\"application\/ld+json\" class=\"yoast-schema-graph\">{\"@context\":\"https:\/\/schema.org\",\"@graph\":[{\"@type\":\"WebPage\",\"@id\":\"https:\/\/m1specialty.com\/es\/our-jurisdictions1\/\",\"url\":\"https:\/\/m1specialty.com\/es\/our-jurisdictions1\/\",\"name\":\"Nuestras Jurisdicciones\",\"isPartOf\":{\"@id\":\"https:\/\/m1specialty.com\/es\/#website\"},\"datePublished\":\"2024-06-11T16:34:11+00:00\",\"dateModified\":\"2025-08-22T15:18:01+00:00\",\"breadcrumb\":{\"@id\":\"https:\/\/m1specialty.com\/es\/our-jurisdictions1\/#breadcrumb\"},\"inLanguage\":\"es\",\"potentialAction\":[{\"@type\":\"ReadAction\",\"target\":[\"https:\/\/m1specialty.com\/es\/our-jurisdictions1\/\"]}]},{\"@type\":\"BreadcrumbList\",\"@id\":\"https:\/\/m1specialty.com\/es\/our-jurisdictions1\/#breadcrumb\",\"itemListElement\":[{\"@type\":\"ListItem\",\"position\":1,\"name\":\"Home\",\"item\":\"https:\/\/m1specialty.com\/es\/\"},{\"@type\":\"ListItem\",\"position\":2,\"name\":\"Our Jurisdictions\"}]},{\"@type\":\"WebSite\",\"@id\":\"https:\/\/m1specialty.com\/es\/#website\",\"url\":\"https:\/\/m1specialty.com\/es\/\",\"name\":\"M1 Specialty\",\"description\":\"Simple and effective unit-linked insurance solutions\",\"publisher\":{\"@id\":\"https:\/\/m1specialty.com\/es\/#organization\"},\"potentialAction\":[{\"@type\":\"SearchAction\",\"target\":{\"@type\":\"EntryPoint\",\"urlTemplate\":\"https:\/\/m1specialty.com\/es\/?s={search_term_string}\"},\"query-input\":\"required name=search_term_string\"}],\"inLanguage\":\"es\"},{\"@type\":\"Organization\",\"@id\":\"https:\/\/m1specialty.com\/es\/#organization\",\"name\":\"M1 Specialty\",\"url\":\"https:\/\/m1specialty.com\/es\/\",\"logo\":{\"@type\":\"ImageObject\",\"inLanguage\":\"es\",\"@id\":\"https:\/\/m1specialty.com\/es\/#\/schema\/logo\/image\/\",\"url\":\"https:\/\/m1specialty.com\/wp-content\/uploads\/2023\/03\/logo-yoast-m1.png\",\"contentUrl\":\"https:\/\/m1specialty.com\/wp-content\/uploads\/2023\/03\/logo-yoast-m1.png\",\"width\":696,\"height\":696,\"caption\":\"M1 Specialty\"},\"image\":{\"@id\":\"https:\/\/m1specialty.com\/es\/#\/schema\/logo\/image\/\"},\"sameAs\":[\"https:\/\/www.facebook.com\/M1Specialty\/\",\"https:\/\/twitter.com\/m1specialty\",\"https:\/\/www.linkedin.com\/company\/m1specialty\/\",\"https:\/\/www.instagram.com\/m1specialty\/\"]}]}<\/script>\n<!-- \/ Yoast SEO Premium plugin. -->","yoast_head_json":{"title":"Nuestras Jurisdicciones","robots":{"index":"index","follow":"follow","max-snippet":"max-snippet:-1","max-image-preview":"max-image-preview:large","max-video-preview":"max-video-preview:-1"},"canonical":"https:\/\/m1specialty.com\/es\/our-jurisdictions1\/","og_locale":"es_ES","og_type":"article","og_title":"Our Jurisdictions","og_description":"Nuestras JurisdiccionesPuerto Rico Puerto Rico es un territorio no incorporado de los Estados Unidos con estatus oficial de Estado Libre Asociado. Se encuentra aproximadamente a 1.600 km (1.000 millas) al sureste de Miami, Florida. El Congreso de los Estados Unidos gobierna el territorio con plena jurisdicci\u00f3n bajo la Ley de Relaciones Federales de Puerto Rico [&hellip;]","og_url":"https:\/\/m1specialty.com\/es\/our-jurisdictions1\/","og_site_name":"M1 Specialty","article_publisher":"https:\/\/www.facebook.com\/M1Specialty\/","article_modified_time":"2025-08-22T15:18:01+00:00","og_image":[{"url":"https:\/\/m1specialty.com\/wp-content\/uploads\/2023\/09\/escudo-puerto-rico.png"}],"twitter_card":"summary_large_image","twitter_site":"@m1specialty","twitter_misc":{"Tiempo de lectura":"4 minutos"},"schema":{"@context":"https:\/\/schema.org","@graph":[{"@type":"WebPage","@id":"https:\/\/m1specialty.com\/es\/our-jurisdictions1\/","url":"https:\/\/m1specialty.com\/es\/our-jurisdictions1\/","name":"Nuestras Jurisdicciones","isPartOf":{"@id":"https:\/\/m1specialty.com\/es\/#website"},"datePublished":"2024-06-11T16:34:11+00:00","dateModified":"2025-08-22T15:18:01+00:00","breadcrumb":{"@id":"https:\/\/m1specialty.com\/es\/our-jurisdictions1\/#breadcrumb"},"inLanguage":"es","potentialAction":[{"@type":"ReadAction","target":["https:\/\/m1specialty.com\/es\/our-jurisdictions1\/"]}]},{"@type":"BreadcrumbList","@id":"https:\/\/m1specialty.com\/es\/our-jurisdictions1\/#breadcrumb","itemListElement":[{"@type":"ListItem","position":1,"name":"Home","item":"https:\/\/m1specialty.com\/es\/"},{"@type":"ListItem","position":2,"name":"Our Jurisdictions"}]},{"@type":"WebSite","@id":"https:\/\/m1specialty.com\/es\/#website","url":"https:\/\/m1specialty.com\/es\/","name":"M1 Specialty","description":"Simple and effective unit-linked insurance solutions","publisher":{"@id":"https:\/\/m1specialty.com\/es\/#organization"},"potentialAction":[{"@type":"SearchAction","target":{"@type":"EntryPoint","urlTemplate":"https:\/\/m1specialty.com\/es\/?s={search_term_string}"},"query-input":"required name=search_term_string"}],"inLanguage":"es"},{"@type":"Organization","@id":"https:\/\/m1specialty.com\/es\/#organization","name":"M1 Specialty","url":"https:\/\/m1specialty.com\/es\/","logo":{"@type":"ImageObject","inLanguage":"es","@id":"https:\/\/m1specialty.com\/es\/#\/schema\/logo\/image\/","url":"https:\/\/m1specialty.com\/wp-content\/uploads\/2023\/03\/logo-yoast-m1.png","contentUrl":"https:\/\/m1specialty.com\/wp-content\/uploads\/2023\/03\/logo-yoast-m1.png","width":696,"height":696,"caption":"M1 Specialty"},"image":{"@id":"https:\/\/m1specialty.com\/es\/#\/schema\/logo\/image\/"},"sameAs":["https:\/\/www.facebook.com\/M1Specialty\/","https:\/\/twitter.com\/m1specialty","https:\/\/www.linkedin.com\/company\/m1specialty\/","https:\/\/www.instagram.com\/m1specialty\/"]}]}},"_links":{"self":[{"href":"https:\/\/m1specialty.com\/es\/wp-json\/wp\/v2\/pages\/5047","targetHints":{"allow":["GET"]}}],"collection":[{"href":"https:\/\/m1specialty.com\/es\/wp-json\/wp\/v2\/pages"}],"about":[{"href":"https:\/\/m1specialty.com\/es\/wp-json\/wp\/v2\/types\/page"}],"author":[{"embeddable":true,"href":"https:\/\/m1specialty.com\/es\/wp-json\/wp\/v2\/users\/8"}],"replies":[{"embeddable":true,"href":"https:\/\/m1specialty.com\/es\/wp-json\/wp\/v2\/comments?post=5047"}],"version-history":[{"count":4,"href":"https:\/\/m1specialty.com\/es\/wp-json\/wp\/v2\/pages\/5047\/revisions"}],"predecessor-version":[{"id":7848,"href":"https:\/\/m1specialty.com\/es\/wp-json\/wp\/v2\/pages\/5047\/revisions\/7848"}],"wp:attachment":[{"href":"https:\/\/m1specialty.com\/es\/wp-json\/wp\/v2\/media?parent=5047"}],"curies":[{"name":"wp","href":"https:\/\/api.w.org\/{rel}","templated":true}]}}