{"id":4811,"date":"2024-04-16T16:01:05","date_gmt":"2024-04-16T20:01:05","guid":{"rendered":"https:\/\/m1specialty.com\/trust-structure-draftthrive\/"},"modified":"2024-06-17T20:03:34","modified_gmt":"2024-06-18T00:03:34","slug":"trust-structure-m1","status":"publish","type":"page","link":"https:\/\/m1specialty.com\/es\/trust-structure-m1\/","title":{"rendered":"Trust-Structure"},"content":{"rendered":"<p><strong>La diferencia de M1 Specialty<\/strong>En&nbsp;<span style=\"\">M1 Specialty<\/span><span style=\"\">, <\/span>brindamos soluciones globales bien dise\u00f1adas para lograr sus objetivos de ahorro e inversi\u00f3n.Nuestra s\u00f3lida plataforma internacional re\u00fane a cuatro entidades independientes para lograr controles y contrapesos adicionales, con mayor privacidad, protecci\u00f3n y tranquilidad.<span><img decoding=\"async\" alt=\"\" data-id=\"5108\" width=\"606\" data-init-width=\"1080\" height=\"607\" data-init-height=\"1083\" title=\"trust-structure-es\" loading=\"lazy\" src=\"https:\/\/m1specialty.com\/wp-content\/uploads\/2024\/06\/trust-structure-es-2.png\" data-width=\"606\" data-height=\"607\" style=\"aspect-ratio: auto 1080 \/ 1083;\"><\/span>Beneficios de ser SociosCuando se asocia con M1 Specialty, obtiene soluciones y servicios de clase mundial.Ofrecemos un conjunto \u00fanico de beneficios y oportunidades, con la experiencia de un equipo global experimentado.<span><img decoding=\"async\" alt=\"Versatility\" data-id=\"701\" width=\"223\" data-init-width=\"512\" height=\"223\" data-init-height=\"512\" title=\"Versatility\" loading=\"lazy\" src=\"https:\/\/m1specialty.com\/wp-content\/uploads\/2022\/11\/Versatilidad.png\" data-width=\"223\" data-height=\"223\" style=\"aspect-ratio: auto 512 \/ 512;\"><\/span>Versatilidad<\/p>\n<p style=\"text-align: left; color: var(--tcb-color-6) !important; --tcb-applied-color: var$(--tcb-color-6) !important;\">Permite a los clientes crear una cartera de puntos de referencia de rendimiento, asociados con los principales \u00edndices, ETF y fondos mutuos; as\u00ed como seleccionar entre una amplia variedad de opciones de planes para cumplir con los objetivos espec\u00edficos del cliente.<\/p>\n<p style=\"text-align: left; color: var(--tcb-color-6) !important; --tcb-applied-color: var$(--tcb-color-6) !important;\">Permite a los clientes crear una cartera de puntos de referencia de rendimiento, asociados con los principales \u00edndices, ETF y fondos mutuos; as\u00ed como seleccionar entre una amplia variedad de opciones de planes para cumplir con los objetivos espec\u00edficos del cliente.<\/p>\n<p><span><img decoding=\"async\" alt=\"Diversification\" data-id=\"2241\" width=\"225\" data-init-width=\"512\" height=\"225\" data-init-height=\"512\" title=\"\" loading=\"lazy\" src=\"https:\/\/m1specialty.com\/wp-content\/uploads\/2023\/09\/Diversification.png\" data-width=\"225\" data-height=\"225\" style=\"aspect-ratio: auto 512 \/ 512;\"><\/span>Diversificaci\u00f3n<\/p>\n<p style=\"text-align: left;\">Planes dise\u00f1ados para reducir la volatilidad de la cartera y el riesgo de mercado.<\/p>\n<p style=\"text-align: left;\">Planes dise\u00f1ados para reducir la volatilidad de la cartera y el riesgo de mercado.<\/p>\n<p><span><img decoding=\"async\" alt=\"Wealth Transfer\" data-id=\"2247\" width=\"238\" data-init-width=\"512\" height=\"238\" data-init-height=\"512\" title=\"\" loading=\"lazy\" src=\"https:\/\/m1specialty.com\/wp-content\/uploads\/2023\/09\/Wealth-Transfer.png\" data-width=\"238\" data-height=\"238\" style=\"aspect-ratio: auto 512 \/ 512;\"><\/span>Transferencia de Riqueza<\/p>\n<p style=\"text-align: left; color: var(--tcb-color-6) !important; --tcb-applied-color: var$(--tcb-color-6) !important;\">Beneficios que pueden transferirse f\u00e1cilmente a los beneficiarios designados.<\/p>\n<p style=\"text-align: left; color: var(--tcb-color-6) !important; --tcb-applied-color: var$(--tcb-color-6) !important;\">Beneficios que pueden transferirse f\u00e1cilmente a los beneficiarios designados.<\/p>\n<p><span><img decoding=\"async\" alt=\"Principal Protection\" data-id=\"2292\" width=\"238\" data-init-width=\"512\" height=\"238\" data-init-height=\"512\" title=\"\" loading=\"lazy\" src=\"https:\/\/m1specialty.com\/wp-content\/uploads\/2023\/09\/Principal-Protection.png\" data-width=\"238\" data-height=\"238\" style=\"aspect-ratio: auto 512 \/ 512;\"><\/span>Protecci\u00f3n de Capital<\/p>\n<p style=\"text-align: left;\">Alcance el 100% del crecimiento de los \u00edndices de mercado m\u00e1s reconocidos del mundo con sus contribuciones protegidas.<\/p>\n<p style=\"text-align: left;\">Alcance el 100% del crecimiento de los \u00edndices de mercado m\u00e1s reconocidos del mundo con sus contribuciones protegidas.<\/p>\n<p><span><img decoding=\"async\" alt=\"A Lasting Partner\" data-id=\"2267\" width=\"225\" data-init-width=\"512\" height=\"225\" data-init-height=\"512\" title=\"\" loading=\"lazy\" src=\"https:\/\/m1specialty.com\/wp-content\/uploads\/2023\/09\/A-Lasting-Partner.png\" data-width=\"225\" data-height=\"225\" style=\"aspect-ratio: auto 512 \/ 512;\"><\/span>Un Socio Duradero<\/p>\n<p style=\"text-align: left;\">Construido sobre relaciones a largo plazo y una verdadera colaboraci\u00f3n.<\/p>\n<p style=\"text-align: left;\">Construido sobre relaciones a largo plazo y una verdadera colaboraci\u00f3n.<\/p>\n<p><span><img decoding=\"async\" alt=\"Elevated Support\" data-id=\"2261\" width=\"223\" data-init-width=\"512\" height=\"223\" data-init-height=\"512\" title=\"\" loading=\"lazy\" src=\"https:\/\/m1specialty.com\/wp-content\/uploads\/2023\/09\/suport.png\" data-width=\"223\" data-height=\"223\" style=\"aspect-ratio: auto 512 \/ 512;\"><\/span>Soporte de Altura<\/p>\n<p style=\"text-align: left;\">Servicio personalizado y atento con herramientas y tecnolog\u00eda integradas.<\/p>\n<p style=\"text-align: left;\">Servicio personalizado y atento con herramientas y tecnolog\u00eda integradas.<\/p>\n<p><span><img decoding=\"async\" alt=\"Checks-Balances\" data-id=\"2343\" width=\"225\" data-init-width=\"512\" height=\"225\" data-init-height=\"512\" title=\"\" loading=\"lazy\" src=\"https:\/\/m1specialty.com\/wp-content\/uploads\/2023\/09\/Checks-Balances2.png\" data-width=\"225\" data-height=\"225\" style=\"aspect-ratio: auto 512 \/ 512;\"><\/span>Revisiones y Saldos<\/p>\n<p style=\"text-align: left;\">Entidades separadas que operan en una jurisdicci\u00f3n regulada con auditoria anuales.<\/p>\n<p style=\"text-align: left;\">Entidades separadas que operan en una jurisdicci\u00f3n regulada con auditoria anuales.<\/p>\n<p><span><img decoding=\"async\" alt=\"Access\" data-id=\"2280\" width=\"223\" data-init-width=\"512\" height=\"223\" data-init-height=\"512\" title=\"\" loading=\"lazy\" src=\"https:\/\/m1specialty.com\/wp-content\/uploads\/2023\/09\/Access2.png\" data-width=\"223\" data-height=\"223\" style=\"aspect-ratio: auto 512 \/ 512;\"><\/span>Acceso<\/p>\n<p style=\"text-align: left;\">Acceso a herramientas financieras e instrumentos de ahorro de renombre mundial.<\/p>\n<p style=\"text-align: left;\">Acceso a herramientas financieras e instrumentos de ahorro de renombre mundial.<\/p>\n<p><span><img decoding=\"async\" alt=\"Privacy\" data-id=\"2298\" width=\"223\" data-init-width=\"512\" height=\"223\" data-init-height=\"512\" title=\"\" loading=\"lazy\" src=\"https:\/\/m1specialty.com\/wp-content\/uploads\/2023\/09\/Privacy.png\" data-width=\"223\" data-height=\"223\" style=\"aspect-ratio: auto 512 \/ 512;\"><\/span>Privacidad<\/p>\n<p style=\"text-align: left;\">Mayor protecci\u00f3n de la privacidad y los activos a trav\u00e9s de nuestra estructura fiduciaria independiente.<\/p>\n<p style=\"text-align: left;\">Mayor protecci\u00f3n de la privacidad y los activos a trav\u00e9s de nuestra estructura fiduciaria independiente.<\/p>\n","protected":false},"excerpt":{"rendered":"<p>La diferencia de M1 SpecialtyEn&nbsp;M1 Specialty, brindamos soluciones globales bien dise\u00f1adas para lograr sus objetivos de ahorro e inversi\u00f3n.Nuestra s\u00f3lida plataforma internacional re\u00fane a cuatro entidades independientes para lograr controles y contrapesos adicionales, con mayor privacidad, protecci\u00f3n y tranquilidad.Beneficios de ser SociosCuando se asocia con M1 Specialty, obtiene soluciones y servicios de clase mundial.Ofrecemos un [&hellip;]<\/p>\n","protected":false},"author":8,"featured_media":0,"parent":0,"menu_order":0,"comment_status":"closed","ping_status":"closed","template":"","meta":{"inline_featured_image":false,"footnotes":""},"class_list":["post-4811","page","type-page","status-publish","hentry","post-wrapper","thrv_wrapper"],"yoast_head":"<!-- This site is optimized with the Yoast SEO Premium plugin v20.3 (Yoast SEO v20.3) - https:\/\/yoast.com\/wordpress\/plugins\/seo\/ -->\n<title>Fideicomiso transparente y protector con M1 Specialty<\/title>\n<meta name=\"description\" content=\"Ofrecemos una plataforma de fideicomiso internacional flexible, transparente y protectora a trav\u00e9s de entidades independientes.\" \/>\n<meta name=\"robots\" content=\"index, follow, max-snippet:-1, max-image-preview:large, max-video-preview:-1\" \/>\n<link rel=\"canonical\" href=\"https:\/\/m1specialty.com\/es\/trust-structure-m1\/\" \/>\n<meta property=\"og:locale\" content=\"es_ES\" \/>\n<meta property=\"og:type\" content=\"article\" \/>\n<meta property=\"og:title\" content=\"Trust-Structure\" \/>\n<meta property=\"og:description\" content=\"Ofrecemos una plataforma de fideicomiso internacional flexible, transparente y protectora a trav\u00e9s de entidades independientes.\" \/>\n<meta property=\"og:url\" content=\"https:\/\/m1specialty.com\/es\/trust-structure-m1\/\" \/>\n<meta property=\"og:site_name\" content=\"M1 Specialty\" \/>\n<meta property=\"article:publisher\" content=\"https:\/\/www.facebook.com\/M1Specialty\/\" \/>\n<meta property=\"article:modified_time\" content=\"2024-06-18T00:03:34+00:00\" \/>\n<meta property=\"og:image\" content=\"https:\/\/m1specialty.com\/wp-content\/uploads\/2024\/06\/trust-structure-es-2.png\" \/>\n<meta name=\"twitter:card\" content=\"summary_large_image\" \/>\n<meta name=\"twitter:site\" content=\"@m1specialty\" \/>\n<meta name=\"twitter:label1\" content=\"Tiempo de lectura\" \/>\n\t<meta name=\"twitter:data1\" content=\"4 minutos\" \/>\n<script type=\"application\/ld+json\" class=\"yoast-schema-graph\">{\"@context\":\"https:\/\/schema.org\",\"@graph\":[{\"@type\":\"WebPage\",\"@id\":\"https:\/\/m1specialty.com\/es\/trust-structure-m1\/\",\"url\":\"https:\/\/m1specialty.com\/es\/trust-structure-m1\/\",\"name\":\"Fideicomiso transparente y protector con M1 Specialty\",\"isPartOf\":{\"@id\":\"https:\/\/m1specialty.com\/es\/#website\"},\"datePublished\":\"2024-04-16T20:01:05+00:00\",\"dateModified\":\"2024-06-18T00:03:34+00:00\",\"description\":\"Ofrecemos una plataforma de fideicomiso internacional flexible, transparente y protectora a trav\u00e9s de entidades independientes.\",\"breadcrumb\":{\"@id\":\"https:\/\/m1specialty.com\/es\/trust-structure-m1\/#breadcrumb\"},\"inLanguage\":\"es\",\"potentialAction\":[{\"@type\":\"ReadAction\",\"target\":[\"https:\/\/m1specialty.com\/es\/trust-structure-m1\/\"]}]},{\"@type\":\"BreadcrumbList\",\"@id\":\"https:\/\/m1specialty.com\/es\/trust-structure-m1\/#breadcrumb\",\"itemListElement\":[{\"@type\":\"ListItem\",\"position\":1,\"name\":\"Home\",\"item\":\"https:\/\/m1specialty.com\/es\/\"},{\"@type\":\"ListItem\",\"position\":2,\"name\":\"Trust-Structure\"}]},{\"@type\":\"WebSite\",\"@id\":\"https:\/\/m1specialty.com\/es\/#website\",\"url\":\"https:\/\/m1specialty.com\/es\/\",\"name\":\"M1 Specialty\",\"description\":\"Simple and effective unit-linked insurance solutions\",\"publisher\":{\"@id\":\"https:\/\/m1specialty.com\/es\/#organization\"},\"potentialAction\":[{\"@type\":\"SearchAction\",\"target\":{\"@type\":\"EntryPoint\",\"urlTemplate\":\"https:\/\/m1specialty.com\/es\/?s={search_term_string}\"},\"query-input\":\"required name=search_term_string\"}],\"inLanguage\":\"es\"},{\"@type\":\"Organization\",\"@id\":\"https:\/\/m1specialty.com\/es\/#organization\",\"name\":\"M1 Specialty\",\"url\":\"https:\/\/m1specialty.com\/es\/\",\"logo\":{\"@type\":\"ImageObject\",\"inLanguage\":\"es\",\"@id\":\"https:\/\/m1specialty.com\/es\/#\/schema\/logo\/image\/\",\"url\":\"https:\/\/m1specialty.com\/wp-content\/uploads\/2023\/03\/logo-yoast-m1.png\",\"contentUrl\":\"https:\/\/m1specialty.com\/wp-content\/uploads\/2023\/03\/logo-yoast-m1.png\",\"width\":696,\"height\":696,\"caption\":\"M1 Specialty\"},\"image\":{\"@id\":\"https:\/\/m1specialty.com\/es\/#\/schema\/logo\/image\/\"},\"sameAs\":[\"https:\/\/www.facebook.com\/M1Specialty\/\",\"https:\/\/twitter.com\/m1specialty\",\"https:\/\/www.linkedin.com\/company\/m1specialty\/\",\"https:\/\/www.instagram.com\/m1specialty\/\"]}]}<\/script>\n<!-- \/ Yoast SEO Premium plugin. -->","yoast_head_json":{"title":"Fideicomiso transparente y protector con M1 Specialty","description":"Ofrecemos una plataforma de fideicomiso internacional flexible, transparente y protectora a trav\u00e9s de entidades independientes.","robots":{"index":"index","follow":"follow","max-snippet":"max-snippet:-1","max-image-preview":"max-image-preview:large","max-video-preview":"max-video-preview:-1"},"canonical":"https:\/\/m1specialty.com\/es\/trust-structure-m1\/","og_locale":"es_ES","og_type":"article","og_title":"Trust-Structure","og_description":"Ofrecemos una plataforma de fideicomiso internacional flexible, transparente y protectora a trav\u00e9s de entidades independientes.","og_url":"https:\/\/m1specialty.com\/es\/trust-structure-m1\/","og_site_name":"M1 Specialty","article_publisher":"https:\/\/www.facebook.com\/M1Specialty\/","article_modified_time":"2024-06-18T00:03:34+00:00","og_image":[{"url":"https:\/\/m1specialty.com\/wp-content\/uploads\/2024\/06\/trust-structure-es-2.png"}],"twitter_card":"summary_large_image","twitter_site":"@m1specialty","twitter_misc":{"Tiempo de lectura":"4 minutos"},"schema":{"@context":"https:\/\/schema.org","@graph":[{"@type":"WebPage","@id":"https:\/\/m1specialty.com\/es\/trust-structure-m1\/","url":"https:\/\/m1specialty.com\/es\/trust-structure-m1\/","name":"Fideicomiso transparente y protector con M1 Specialty","isPartOf":{"@id":"https:\/\/m1specialty.com\/es\/#website"},"datePublished":"2024-04-16T20:01:05+00:00","dateModified":"2024-06-18T00:03:34+00:00","description":"Ofrecemos una plataforma de fideicomiso internacional flexible, transparente y protectora a trav\u00e9s de entidades independientes.","breadcrumb":{"@id":"https:\/\/m1specialty.com\/es\/trust-structure-m1\/#breadcrumb"},"inLanguage":"es","potentialAction":[{"@type":"ReadAction","target":["https:\/\/m1specialty.com\/es\/trust-structure-m1\/"]}]},{"@type":"BreadcrumbList","@id":"https:\/\/m1specialty.com\/es\/trust-structure-m1\/#breadcrumb","itemListElement":[{"@type":"ListItem","position":1,"name":"Home","item":"https:\/\/m1specialty.com\/es\/"},{"@type":"ListItem","position":2,"name":"Trust-Structure"}]},{"@type":"WebSite","@id":"https:\/\/m1specialty.com\/es\/#website","url":"https:\/\/m1specialty.com\/es\/","name":"M1 Specialty","description":"Simple and effective unit-linked insurance solutions","publisher":{"@id":"https:\/\/m1specialty.com\/es\/#organization"},"potentialAction":[{"@type":"SearchAction","target":{"@type":"EntryPoint","urlTemplate":"https:\/\/m1specialty.com\/es\/?s={search_term_string}"},"query-input":"required name=search_term_string"}],"inLanguage":"es"},{"@type":"Organization","@id":"https:\/\/m1specialty.com\/es\/#organization","name":"M1 Specialty","url":"https:\/\/m1specialty.com\/es\/","logo":{"@type":"ImageObject","inLanguage":"es","@id":"https:\/\/m1specialty.com\/es\/#\/schema\/logo\/image\/","url":"https:\/\/m1specialty.com\/wp-content\/uploads\/2023\/03\/logo-yoast-m1.png","contentUrl":"https:\/\/m1specialty.com\/wp-content\/uploads\/2023\/03\/logo-yoast-m1.png","width":696,"height":696,"caption":"M1 Specialty"},"image":{"@id":"https:\/\/m1specialty.com\/es\/#\/schema\/logo\/image\/"},"sameAs":["https:\/\/www.facebook.com\/M1Specialty\/","https:\/\/twitter.com\/m1specialty","https:\/\/www.linkedin.com\/company\/m1specialty\/","https:\/\/www.instagram.com\/m1specialty\/"]}]}},"_links":{"self":[{"href":"https:\/\/m1specialty.com\/es\/wp-json\/wp\/v2\/pages\/4811","targetHints":{"allow":["GET"]}}],"collection":[{"href":"https:\/\/m1specialty.com\/es\/wp-json\/wp\/v2\/pages"}],"about":[{"href":"https:\/\/m1specialty.com\/es\/wp-json\/wp\/v2\/types\/page"}],"author":[{"embeddable":true,"href":"https:\/\/m1specialty.com\/es\/wp-json\/wp\/v2\/users\/8"}],"replies":[{"embeddable":true,"href":"https:\/\/m1specialty.com\/es\/wp-json\/wp\/v2\/comments?post=4811"}],"version-history":[{"count":14,"href":"https:\/\/m1specialty.com\/es\/wp-json\/wp\/v2\/pages\/4811\/revisions"}],"predecessor-version":[{"id":5413,"href":"https:\/\/m1specialty.com\/es\/wp-json\/wp\/v2\/pages\/4811\/revisions\/5413"}],"wp:attachment":[{"href":"https:\/\/m1specialty.com\/es\/wp-json\/wp\/v2\/media?parent=4811"}],"curies":[{"name":"wp","href":"https:\/\/api.w.org\/{rel}","templated":true}]}}