{"id":4799,"date":"2024-04-15T18:28:20","date_gmt":"2024-04-15T22:28:20","guid":{"rendered":"https:\/\/m1specialty.com\/who-we-are-thrivedraft\/"},"modified":"2026-03-10T15:07:39","modified_gmt":"2026-03-10T19:07:39","slug":"who-we-are-m1","status":"publish","type":"page","link":"https:\/\/m1specialty.com\/es\/who-we-are-m1\/","title":{"rendered":"Who We Are"},"content":{"rendered":"<p>La historia de M1 <span style=\"\">Specialty&nbsp;<\/span>M1 Specialty se fund\u00f3 para brindar acceso global a herramientas y soluciones financieras de renombre.Ofrecemos un conjunto \u00fanico de beneficios y oportunidades, con un enfoque en relaciones duraderas y ganancias a largo plazo<span><img decoding=\"async\" alt=\"\" data-id=\"5673\" width=\"1359\" data-init-width=\"6100\" height=\"530\" data-init-height=\"2379\" title=\"M1HistoryEs2024v5\" loading=\"lazy\" src=\"https:\/\/m1specialty.com\/wp-content\/uploads\/2024\/10\/M1HistoryEs2024v5.png\" data-width=\"1359\" data-height=\"530\" style=\"aspect-ratio: auto 6100 \/ 2379;\"><\/span>Misi\u00f3nEn M1 Specialty, ofrecemos una gama de soluciones financieras que facilitan a los inversoresinternacionales comenzar a planificar las diferentes etapas de su vidapara lograr seguridad financiera y tranquilidad.En M1 Specialty, ofrecemos una gama de soluciones financieras que facilitan a los inversores internacionales comenzar a planificar las diferentes etapas de su vida para lograr seguridad financiera y tranquilidad.Nuestro compromiso con el valor, el servicio y el soporte garantiza que nuestros clientespuedan planificar con confianza el futuro y disfrutar la vida al m\u00e1ximo.Nuestro compromiso con el valor, el servicio y el soporte garantiza que nuestros clientes puedan planificar con confianza el futuro y disfrutar la vida al m\u00e1ximo.Valores<\/p>\n<p style=\"text-align: center;\">En M1 Specialty, nuestra fortaleza y estabilidad se basan en una visi\u00f3n clara y un compromiso firme con nuestros clientes y socios.<\/p>\n<p>IntegridadCumplir con nuestros compromisos y tomar las decisiones correctas para nuestros clientes, socios y equipo. Operar de manera abierta y honesta para construir una cultura de confianza y respeto.Cumplir con nuestros compromisos y tomar las decisiones correctas para nuestros clientes, socios y equipo. Operar de manera abierta y honesta para construir una cultura de confianza y respeto.Colaboraci\u00f3nTrabajando juntos para elevar las soluciones y servicios que brindamos. Centrados en el \u00e9xito y el crecimiento mutuo basados en el entendimiento y la cooperaci\u00f3n compartidos.Trabajando juntos para elevar las soluciones y servicios que brindamos. Centrados en el \u00e9xito y el crecimiento mutuo basados en el entendimiento y la cooperaci\u00f3n compartidos.SencillezDesarrollando soluciones intuitivas que sean f\u00e1ciles de entender y mantener. Eliminar complejidades y barreras a las inversiones internacionales.Desarrollando soluciones intuitivas que sean f\u00e1ciles de entender y mantener. Eliminar complejidades y barreras a las inversiones internacionales.Innovaci\u00f3nBuscamos la mejor y m\u00e1s eficiente forma de hacer las cosas. Desafi\u00e1ndonos a nosotros mismos a crecer y sobresalir en nuevas \u00e1reas para obtener el valor agregado y satisfacci\u00f3n.Buscamos la mejor y m\u00e1s eficiente forma de hacer las cosas. Desafi\u00e1ndonos a nosotros mismos a crecer y sobresalir en nuevas \u00e1reas para obtener el valor agregado y satisfacci\u00f3n.<\/p>\n","protected":false},"excerpt":{"rendered":"<p>La historia de M1 Specialty&nbsp;M1 Specialty se fund\u00f3 para brindar acceso global a herramientas y soluciones financieras de renombre.Ofrecemos un conjunto \u00fanico de beneficios y oportunidades, con un enfoque en relaciones duraderas y ganancias a largo plazoMisi\u00f3nEn M1 Specialty, ofrecemos una gama de soluciones financieras que facilitan a los inversoresinternacionales comenzar a planificar las diferentes [&hellip;]<\/p>\n","protected":false},"author":8,"featured_media":0,"parent":0,"menu_order":0,"comment_status":"closed","ping_status":"closed","template":"","meta":{"inline_featured_image":false,"footnotes":""},"class_list":["post-4799","page","type-page","status-publish","hentry","post-wrapper","thrv_wrapper"],"yoast_head":"<!-- This site is optimized with the Yoast SEO Premium plugin v20.3 (Yoast SEO v20.3) - https:\/\/yoast.com\/wordpress\/plugins\/seo\/ -->\n<title>Qui\u00e9nes somos | M1 Specialty<\/title>\n<meta name=\"description\" content=\"Conozca el compromiso inquebrantable de M1 Specialty con la integridad, la colaboraci\u00f3n, la simplicidad y la innovaci\u00f3n. Somos su socio de confianza en finanzas globales, dedicados a ofrecer soluciones integrales para inversores internacionales en todas las etapas de la vida.\" \/>\n<meta name=\"robots\" content=\"index, follow, max-snippet:-1, max-image-preview:large, max-video-preview:-1\" \/>\n<link rel=\"canonical\" href=\"https:\/\/m1specialty.com\/es\/who-we-are-m1\/\" \/>\n<meta property=\"og:locale\" content=\"es_ES\" \/>\n<meta property=\"og:type\" content=\"article\" \/>\n<meta property=\"og:title\" content=\"Who We Are\" \/>\n<meta property=\"og:description\" content=\"Conozca el compromiso inquebrantable de M1 Specialty con la integridad, la colaboraci\u00f3n, la simplicidad y la innovaci\u00f3n. Somos su socio de confianza en finanzas globales, dedicados a ofrecer soluciones integrales para inversores internacionales en todas las etapas de la vida.\" \/>\n<meta property=\"og:url\" content=\"https:\/\/m1specialty.com\/es\/who-we-are-m1\/\" \/>\n<meta property=\"og:site_name\" content=\"M1 Specialty\" \/>\n<meta property=\"article:publisher\" content=\"https:\/\/www.facebook.com\/M1Specialty\/\" \/>\n<meta property=\"article:modified_time\" content=\"2026-03-10T19:07:39+00:00\" \/>\n<meta property=\"og:image\" content=\"https:\/\/m1specialty.com\/wp-content\/uploads\/2024\/10\/M1HistoryEs2024v5.png\" \/>\n<meta name=\"twitter:card\" content=\"summary_large_image\" \/>\n<meta name=\"twitter:site\" content=\"@m1specialty\" \/>\n<script type=\"application\/ld+json\" class=\"yoast-schema-graph\">{\"@context\":\"https:\/\/schema.org\",\"@graph\":[{\"@type\":\"WebPage\",\"@id\":\"https:\/\/m1specialty.com\/es\/who-we-are-m1\/\",\"url\":\"https:\/\/m1specialty.com\/es\/who-we-are-m1\/\",\"name\":\"Qui\u00e9nes somos | M1 Specialty\",\"isPartOf\":{\"@id\":\"https:\/\/m1specialty.com\/es\/#website\"},\"datePublished\":\"2024-04-15T22:28:20+00:00\",\"dateModified\":\"2026-03-10T19:07:39+00:00\",\"description\":\"Conozca el compromiso inquebrantable de M1 Specialty con la integridad, la colaboraci\u00f3n, la simplicidad y la innovaci\u00f3n. Somos su socio de confianza en finanzas globales, dedicados a ofrecer soluciones integrales para inversores internacionales en todas las etapas de la vida.\",\"breadcrumb\":{\"@id\":\"https:\/\/m1specialty.com\/es\/who-we-are-m1\/#breadcrumb\"},\"inLanguage\":\"es\",\"potentialAction\":[{\"@type\":\"ReadAction\",\"target\":[\"https:\/\/m1specialty.com\/es\/who-we-are-m1\/\"]}]},{\"@type\":\"BreadcrumbList\",\"@id\":\"https:\/\/m1specialty.com\/es\/who-we-are-m1\/#breadcrumb\",\"itemListElement\":[{\"@type\":\"ListItem\",\"position\":1,\"name\":\"Home\",\"item\":\"https:\/\/m1specialty.com\/es\/\"},{\"@type\":\"ListItem\",\"position\":2,\"name\":\"Who We Are\"}]},{\"@type\":\"WebSite\",\"@id\":\"https:\/\/m1specialty.com\/es\/#website\",\"url\":\"https:\/\/m1specialty.com\/es\/\",\"name\":\"M1 Specialty\",\"description\":\"Simple and effective unit-linked insurance solutions\",\"publisher\":{\"@id\":\"https:\/\/m1specialty.com\/es\/#organization\"},\"potentialAction\":[{\"@type\":\"SearchAction\",\"target\":{\"@type\":\"EntryPoint\",\"urlTemplate\":\"https:\/\/m1specialty.com\/es\/?s={search_term_string}\"},\"query-input\":\"required name=search_term_string\"}],\"inLanguage\":\"es\"},{\"@type\":\"Organization\",\"@id\":\"https:\/\/m1specialty.com\/es\/#organization\",\"name\":\"M1 Specialty\",\"url\":\"https:\/\/m1specialty.com\/es\/\",\"logo\":{\"@type\":\"ImageObject\",\"inLanguage\":\"es\",\"@id\":\"https:\/\/m1specialty.com\/es\/#\/schema\/logo\/image\/\",\"url\":\"https:\/\/m1specialty.com\/wp-content\/uploads\/2023\/03\/logo-yoast-m1.png\",\"contentUrl\":\"https:\/\/m1specialty.com\/wp-content\/uploads\/2023\/03\/logo-yoast-m1.png\",\"width\":696,\"height\":696,\"caption\":\"M1 Specialty\"},\"image\":{\"@id\":\"https:\/\/m1specialty.com\/es\/#\/schema\/logo\/image\/\"},\"sameAs\":[\"https:\/\/www.facebook.com\/M1Specialty\/\",\"https:\/\/twitter.com\/m1specialty\",\"https:\/\/www.linkedin.com\/company\/m1specialty\/\",\"https:\/\/www.instagram.com\/m1specialty\/\"]}]}<\/script>\n<!-- \/ Yoast SEO Premium plugin. -->","yoast_head_json":{"title":"Qui\u00e9nes somos | M1 Specialty","description":"Conozca el compromiso inquebrantable de M1 Specialty con la integridad, la colaboraci\u00f3n, la simplicidad y la innovaci\u00f3n. Somos su socio de confianza en finanzas globales, dedicados a ofrecer soluciones integrales para inversores internacionales en todas las etapas de la vida.","robots":{"index":"index","follow":"follow","max-snippet":"max-snippet:-1","max-image-preview":"max-image-preview:large","max-video-preview":"max-video-preview:-1"},"canonical":"https:\/\/m1specialty.com\/es\/who-we-are-m1\/","og_locale":"es_ES","og_type":"article","og_title":"Who We Are","og_description":"Conozca el compromiso inquebrantable de M1 Specialty con la integridad, la colaboraci\u00f3n, la simplicidad y la innovaci\u00f3n. Somos su socio de confianza en finanzas globales, dedicados a ofrecer soluciones integrales para inversores internacionales en todas las etapas de la vida.","og_url":"https:\/\/m1specialty.com\/es\/who-we-are-m1\/","og_site_name":"M1 Specialty","article_publisher":"https:\/\/www.facebook.com\/M1Specialty\/","article_modified_time":"2026-03-10T19:07:39+00:00","og_image":[{"url":"https:\/\/m1specialty.com\/wp-content\/uploads\/2024\/10\/M1HistoryEs2024v5.png"}],"twitter_card":"summary_large_image","twitter_site":"@m1specialty","schema":{"@context":"https:\/\/schema.org","@graph":[{"@type":"WebPage","@id":"https:\/\/m1specialty.com\/es\/who-we-are-m1\/","url":"https:\/\/m1specialty.com\/es\/who-we-are-m1\/","name":"Qui\u00e9nes somos | M1 Specialty","isPartOf":{"@id":"https:\/\/m1specialty.com\/es\/#website"},"datePublished":"2024-04-15T22:28:20+00:00","dateModified":"2026-03-10T19:07:39+00:00","description":"Conozca el compromiso inquebrantable de M1 Specialty con la integridad, la colaboraci\u00f3n, la simplicidad y la innovaci\u00f3n. Somos su socio de confianza en finanzas globales, dedicados a ofrecer soluciones integrales para inversores internacionales en todas las etapas de la vida.","breadcrumb":{"@id":"https:\/\/m1specialty.com\/es\/who-we-are-m1\/#breadcrumb"},"inLanguage":"es","potentialAction":[{"@type":"ReadAction","target":["https:\/\/m1specialty.com\/es\/who-we-are-m1\/"]}]},{"@type":"BreadcrumbList","@id":"https:\/\/m1specialty.com\/es\/who-we-are-m1\/#breadcrumb","itemListElement":[{"@type":"ListItem","position":1,"name":"Home","item":"https:\/\/m1specialty.com\/es\/"},{"@type":"ListItem","position":2,"name":"Who We Are"}]},{"@type":"WebSite","@id":"https:\/\/m1specialty.com\/es\/#website","url":"https:\/\/m1specialty.com\/es\/","name":"M1 Specialty","description":"Simple and effective unit-linked insurance solutions","publisher":{"@id":"https:\/\/m1specialty.com\/es\/#organization"},"potentialAction":[{"@type":"SearchAction","target":{"@type":"EntryPoint","urlTemplate":"https:\/\/m1specialty.com\/es\/?s={search_term_string}"},"query-input":"required name=search_term_string"}],"inLanguage":"es"},{"@type":"Organization","@id":"https:\/\/m1specialty.com\/es\/#organization","name":"M1 Specialty","url":"https:\/\/m1specialty.com\/es\/","logo":{"@type":"ImageObject","inLanguage":"es","@id":"https:\/\/m1specialty.com\/es\/#\/schema\/logo\/image\/","url":"https:\/\/m1specialty.com\/wp-content\/uploads\/2023\/03\/logo-yoast-m1.png","contentUrl":"https:\/\/m1specialty.com\/wp-content\/uploads\/2023\/03\/logo-yoast-m1.png","width":696,"height":696,"caption":"M1 Specialty"},"image":{"@id":"https:\/\/m1specialty.com\/es\/#\/schema\/logo\/image\/"},"sameAs":["https:\/\/www.facebook.com\/M1Specialty\/","https:\/\/twitter.com\/m1specialty","https:\/\/www.linkedin.com\/company\/m1specialty\/","https:\/\/www.instagram.com\/m1specialty\/"]}]}},"_links":{"self":[{"href":"https:\/\/m1specialty.com\/es\/wp-json\/wp\/v2\/pages\/4799","targetHints":{"allow":["GET"]}}],"collection":[{"href":"https:\/\/m1specialty.com\/es\/wp-json\/wp\/v2\/pages"}],"about":[{"href":"https:\/\/m1specialty.com\/es\/wp-json\/wp\/v2\/types\/page"}],"author":[{"embeddable":true,"href":"https:\/\/m1specialty.com\/es\/wp-json\/wp\/v2\/users\/8"}],"replies":[{"embeddable":true,"href":"https:\/\/m1specialty.com\/es\/wp-json\/wp\/v2\/comments?post=4799"}],"version-history":[{"count":16,"href":"https:\/\/m1specialty.com\/es\/wp-json\/wp\/v2\/pages\/4799\/revisions"}],"predecessor-version":[{"id":8007,"href":"https:\/\/m1specialty.com\/es\/wp-json\/wp\/v2\/pages\/4799\/revisions\/8007"}],"wp:attachment":[{"href":"https:\/\/m1specialty.com\/es\/wp-json\/wp\/v2\/media?parent=4799"}],"curies":[{"name":"wp","href":"https:\/\/api.w.org\/{rel}","templated":true}]}}