{"id":4791,"date":"2024-04-10T12:24:10","date_gmt":"2024-04-10T16:24:10","guid":{"rendered":"https:\/\/m1specialty.com\/flexible-draftthrive\/"},"modified":"2025-06-04T10:25:53","modified_gmt":"2025-06-04T14:25:53","slug":"flexible-new","status":"publish","type":"page","link":"https:\/\/m1specialty.com\/es\/flexible-new\/","title":{"rendered":"Flexible"},"content":{"rendered":"<p><span data-contrast=\"none\" data-usefontface=\"true\" lang=\"EN-US\"><\/span><span data-contrast=\"none\" data-usefontface=\"true\" lang=\"EN-US\">Planes de inversi\u00f3n internacionales dise\u00f1ados para ayudarle a alcanzar sus objetivos<\/span><span><img decoding=\"async\" alt=\"\" data-id=\"4489\" width=\"747\" data-init-width=\"2560\" height=\"498\" data-init-height=\"1707\" title=\"mercado\" loading=\"lazy\" src=\"https:\/\/m1specialty.com\/wp-content\/uploads\/2024\/04\/mercado-scaled.jpg\" data-width=\"747\" data-height=\"498\" style=\"aspect-ratio: auto 2560 \/ 1707;\"><\/span>Pensando siempre en nuestros clientes, nuestros planes de ahorro e inversi\u00f3n est\u00e1n dise\u00f1ados para brindar oportunidades de crecimiento financiero adaptadas a sus objetivos financieros.\u00bfQu\u00e9 significa un plan flexible para usted?Nuestros planes flexibles han sido dise\u00f1ados para brindarle m\u00e1s libertad y control sobre su plan, a trav\u00e9s de una serie de beneficios que le permitir\u00e1n acceder a realizar sus propias asignaciones a su portafolio y realizar cambios en su plan de acuerdo con sus necesidades. Estos planes tienen una estructura flexible con menos restricciones y ofrecen un mayor potencial de crecimiento.Sin embargo, estos planes implican un seguimiento activo y conocimiento del mercado, para maximizar el beneficio del plan. Estos planes le brindan la posibilidad de estructurar una cartera vinculada a la unidad personalizada que se adapte a sus necesidades.<span><img decoding=\"async\" alt=\"Flexible plans\" data-id=\"921\" width=\"511\" data-init-width=\"512\" height=\"511\" data-init-height=\"512\" title=\"plan flexible\" loading=\"lazy\" src=\"https:\/\/m1specialty.com\/wp-content\/uploads\/2022\/11\/plan-flexible.png\" data-width=\"511\" data-height=\"511\" style=\"aspect-ratio: auto 512 \/ 512;\"><\/span><span data-contrast=\"none\" data-scheme-color=\"@000000,,\" data-usefontface=\"true\" lang=\"EN-US\">Acceso a los l\u00edderes mundiales en gesti\u00f3n de activos&nbsp;<\/span><\/p>\n<p style=\"text-align: justify;\">A trav\u00e9s de nuestros planes flexibles, los clientes no solo disfrutan de la libertad de crear sus propias asignaciones de unidades, sino que tambi\u00e9n se benefician de administradores de activos reconocidos con resultados comprobados y experiencia en la industria.<\/p>\n<p style=\"text-align: justify;\">Sus sofisticadas capacidades de investigaci\u00f3n y an\u00e1lisis, junto con su trayectoria comprobada, brindan a nuestros participantes acceso al desempe\u00f1o de las inversiones de algunos de los mejores administradores de activos del mundo.<\/p>\n<p><span><img decoding=\"async\" alt=\"\" data-id=\"4545\" width=\"0\" data-init-width=\"2560\" height=\"0\" data-init-height=\"1706\" title=\"Stock Exchange Trading Charts Close-up\" loading=\"lazy\" src=\"https:\/\/m1specialty.com\/wp-content\/uploads\/2024\/04\/Stock-Chart-scaled.jpg\" data-width=\"0\" data-height=\"0\" style=\"aspect-ratio: auto 2560 \/ 1706;\"><\/span><\/p>\n<ul>\n<li style=\"\"><span style=\"\">BlackRock<\/span><\/li>\n<li style=\"\"><span style=\"\">Vanguard<\/span><\/li>\n<li style=\"\"><span style=\"\">State Street Global Advisors<\/span><\/li>\n<li style=\"\"><span style=\"\">Invesco<\/span><\/li>\n<li style=\"\"><span style=\"\">Alliance Bernstein<\/span><\/li>\n<li><span>MFS Meridian<\/span><\/li>\n<li><span>Franklin Templeton<\/span><\/li>\n<li><span>Alliance Bernstein<\/span><\/li>\n<\/ul>\n<p>Soluciones dise\u00f1adas para satisfacer cada necesidad<\/p>\n<p style=\"text-align: center;\"><strong><span style=\"font-family: Poppins; --tcb-applied-color: var$(--tcb-color-0) !important; color: var(--tcb-color-0) !important;\">Nuestros planes le brindan una variedad \u00fanica de beneficios para ayudarlo a aliviar sus preocupaciones financieras y dise\u00f1ar un futuro que lo incluya a usted, su familia y sus seres queridos.<\/span><\/strong><\/p>\n<p><span><img decoding=\"async\" alt=\"\" data-id=\"4555\" width=\"0\" data-init-width=\"2560\" height=\"0\" data-init-height=\"1707\" title=\"Summer holidays! It's here!\" loading=\"lazy\" src=\"https:\/\/m1specialty.com\/wp-content\/uploads\/2024\/04\/iStock-475552974-scaled.jpg\" data-width=\"0\" data-height=\"0\" style=\"aspect-ratio: auto 2560 \/ 1707;\"><\/span>Serie MaxCapContribuci\u00f3n \u00fanica<\/p>\n<p style=\"\">M\u00e1xima flexibilidad y control<\/p>\n<p style=\"\">Un plan flexible de contribuci\u00f3n \u00fanica que permite a los clientes crear su propia cartera de asignaciones de unidades a partir de una variedad de fondos de inversi\u00f3n<\/p>\n<p>Caracter\u00edsticas clave<\/p>\n<ul>\n<li><span>Disponible en 3 monedas USD, EUR y GBP<\/span><\/li>\n<li><span style=\"\">Vencimiento del plan de 5 o 10 a\u00f1os<\/span><\/li>\n<li><span style=\"\">Selecci\u00f3n de hasta diez (10) fondos<\/span><\/li>\n<li><span style=\"\">Acceso a sus fondos mediante rescates parciales en cualquier momento<\/span><\/li>\n<li><span>Hasta 12 cambios de fondo por a\u00f1o sin costo<\/span><\/li>\n<\/ul>\n<p>Serie PrimeAhorros regulares<\/p>\n<p style=\"\">Libertad y elecci\u00f3n<\/p>\n<p style=\"\">Un programa de ahorros regular que ofrece potencial de crecimiento y le permite ajustar las asignaciones de unidades para satisfacer las necesidades cambiantes de la vida&nbsp;<\/p>\n<p>Caracter\u00edsticas Clave<\/p>\n<ul>\n<li style=\"\"><span style=\"\">Disponible en 3 monedas USD, EUR y GBP<\/span><\/li>\n<li style=\"\"><span style=\"\">Opciones de planes de vencimiento a mediano y largo plazo de 5, 15 o 25 a\u00f1os<\/span><\/li>\n<li style=\"\"><span style=\"\">Selecci\u00f3n de hasta cinco (5) fondos<\/span><\/li>\n<li style=\"\"><span style=\"\">Bonos de asignaci\u00f3n extra para aumentar sus ahorros<\/span><\/li>\n<li style=\"\"><span style=\"\">Hasta 12 cambios de fondo por a\u00f1o sin costo<\/span><\/li>\n<\/ul>\n<p><span><img decoding=\"async\" alt=\"\" data-id=\"4691\" width=\"0\" data-init-width=\"2560\" height=\"0\" data-init-height=\"1707\" title=\"Family travel Europe. Bled Lake, Slovenia.\" loading=\"lazy\" src=\"https:\/\/m1specialty.com\/wp-content\/uploads\/2024\/05\/prime-series-regular-saving-scaled.jpg\" data-width=\"0\" data-height=\"0\" style=\"aspect-ratio: auto 2560 \/ 1707;\"><\/span><\/p>\n","protected":false},"excerpt":{"rendered":"<p>Planes de inversi\u00f3n internacionales dise\u00f1ados para ayudarle a alcanzar sus objetivosPensando siempre en nuestros clientes, nuestros planes de ahorro e inversi\u00f3n est\u00e1n dise\u00f1ados para brindar oportunidades de crecimiento financiero adaptadas a sus objetivos financieros.\u00bfQu\u00e9 significa un plan flexible para usted?Nuestros planes flexibles han sido dise\u00f1ados para brindarle m\u00e1s libertad y control sobre su plan, a [&hellip;]<\/p>\n","protected":false},"author":8,"featured_media":0,"parent":0,"menu_order":0,"comment_status":"closed","ping_status":"closed","template":"","meta":{"inline_featured_image":false,"footnotes":""},"class_list":["post-4791","page","type-page","status-publish","hentry","post-wrapper","thrv_wrapper"],"yoast_head":"<!-- This site is optimized with the Yoast SEO Premium plugin v20.3 (Yoast SEO v20.3) - https:\/\/yoast.com\/wordpress\/plugins\/seo\/ -->\n<title>M1 Specialty planes Flexibles para un mayor control de tu ahorro<\/title>\n<meta name=\"description\" content=\"Nuestros planes Flexibles te ofrecen una estructura flexible y beneficios para un mayor control y crecimiento de tu plan de ahorros.\" \/>\n<meta name=\"robots\" content=\"index, follow, max-snippet:-1, max-image-preview:large, max-video-preview:-1\" \/>\n<link rel=\"canonical\" href=\"https:\/\/m1specialty.com\/es\/flexible-new\/\" \/>\n<meta property=\"og:locale\" content=\"es_ES\" \/>\n<meta property=\"og:type\" content=\"article\" \/>\n<meta property=\"og:title\" content=\"Flexible\" \/>\n<meta property=\"og:description\" content=\"Nuestros planes Flexibles te ofrecen una estructura flexible y beneficios para un mayor control y crecimiento de tu plan de ahorros.\" \/>\n<meta property=\"og:url\" content=\"https:\/\/m1specialty.com\/es\/flexible-new\/\" \/>\n<meta property=\"og:site_name\" content=\"M1 Specialty\" \/>\n<meta property=\"article:publisher\" content=\"https:\/\/www.facebook.com\/M1Specialty\/\" \/>\n<meta property=\"article:modified_time\" content=\"2025-06-04T14:25:53+00:00\" \/>\n<meta property=\"og:image\" content=\"https:\/\/m1specialty.com\/wp-content\/uploads\/2024\/04\/mercado-scaled.jpg\" \/>\n<meta name=\"twitter:card\" content=\"summary_large_image\" \/>\n<meta name=\"twitter:site\" content=\"@m1specialty\" \/>\n<meta name=\"twitter:label1\" content=\"Tiempo de lectura\" \/>\n\t<meta name=\"twitter:data1\" content=\"3 minutos\" \/>\n<script type=\"application\/ld+json\" class=\"yoast-schema-graph\">{\"@context\":\"https:\/\/schema.org\",\"@graph\":[{\"@type\":\"WebPage\",\"@id\":\"https:\/\/m1specialty.com\/es\/flexible-new\/\",\"url\":\"https:\/\/m1specialty.com\/es\/flexible-new\/\",\"name\":\"M1 Specialty planes Flexibles para un mayor control de tu ahorro\",\"isPartOf\":{\"@id\":\"https:\/\/m1specialty.com\/es\/#website\"},\"datePublished\":\"2024-04-10T16:24:10+00:00\",\"dateModified\":\"2025-06-04T14:25:53+00:00\",\"description\":\"Nuestros planes Flexibles te ofrecen una estructura flexible y beneficios para un mayor control y crecimiento de tu plan de ahorros.\",\"breadcrumb\":{\"@id\":\"https:\/\/m1specialty.com\/es\/flexible-new\/#breadcrumb\"},\"inLanguage\":\"es\",\"potentialAction\":[{\"@type\":\"ReadAction\",\"target\":[\"https:\/\/m1specialty.com\/es\/flexible-new\/\"]}]},{\"@type\":\"BreadcrumbList\",\"@id\":\"https:\/\/m1specialty.com\/es\/flexible-new\/#breadcrumb\",\"itemListElement\":[{\"@type\":\"ListItem\",\"position\":1,\"name\":\"Home\",\"item\":\"https:\/\/m1specialty.com\/es\/\"},{\"@type\":\"ListItem\",\"position\":2,\"name\":\"Flexible\"}]},{\"@type\":\"WebSite\",\"@id\":\"https:\/\/m1specialty.com\/es\/#website\",\"url\":\"https:\/\/m1specialty.com\/es\/\",\"name\":\"M1 Specialty\",\"description\":\"Simple and effective unit-linked insurance solutions\",\"publisher\":{\"@id\":\"https:\/\/m1specialty.com\/es\/#organization\"},\"potentialAction\":[{\"@type\":\"SearchAction\",\"target\":{\"@type\":\"EntryPoint\",\"urlTemplate\":\"https:\/\/m1specialty.com\/es\/?s={search_term_string}\"},\"query-input\":\"required name=search_term_string\"}],\"inLanguage\":\"es\"},{\"@type\":\"Organization\",\"@id\":\"https:\/\/m1specialty.com\/es\/#organization\",\"name\":\"M1 Specialty\",\"url\":\"https:\/\/m1specialty.com\/es\/\",\"logo\":{\"@type\":\"ImageObject\",\"inLanguage\":\"es\",\"@id\":\"https:\/\/m1specialty.com\/es\/#\/schema\/logo\/image\/\",\"url\":\"https:\/\/m1specialty.com\/wp-content\/uploads\/2023\/03\/logo-yoast-m1.png\",\"contentUrl\":\"https:\/\/m1specialty.com\/wp-content\/uploads\/2023\/03\/logo-yoast-m1.png\",\"width\":696,\"height\":696,\"caption\":\"M1 Specialty\"},\"image\":{\"@id\":\"https:\/\/m1specialty.com\/es\/#\/schema\/logo\/image\/\"},\"sameAs\":[\"https:\/\/www.facebook.com\/M1Specialty\/\",\"https:\/\/twitter.com\/m1specialty\",\"https:\/\/www.linkedin.com\/company\/m1specialty\/\",\"https:\/\/www.instagram.com\/m1specialty\/\"]}]}<\/script>\n<!-- \/ Yoast SEO Premium plugin. -->","yoast_head_json":{"title":"M1 Specialty planes Flexibles para un mayor control de tu ahorro","description":"Nuestros planes Flexibles te ofrecen una estructura flexible y beneficios para un mayor control y crecimiento de tu plan de ahorros.","robots":{"index":"index","follow":"follow","max-snippet":"max-snippet:-1","max-image-preview":"max-image-preview:large","max-video-preview":"max-video-preview:-1"},"canonical":"https:\/\/m1specialty.com\/es\/flexible-new\/","og_locale":"es_ES","og_type":"article","og_title":"Flexible","og_description":"Nuestros planes Flexibles te ofrecen una estructura flexible y beneficios para un mayor control y crecimiento de tu plan de ahorros.","og_url":"https:\/\/m1specialty.com\/es\/flexible-new\/","og_site_name":"M1 Specialty","article_publisher":"https:\/\/www.facebook.com\/M1Specialty\/","article_modified_time":"2025-06-04T14:25:53+00:00","og_image":[{"url":"https:\/\/m1specialty.com\/wp-content\/uploads\/2024\/04\/mercado-scaled.jpg"}],"twitter_card":"summary_large_image","twitter_site":"@m1specialty","twitter_misc":{"Tiempo de lectura":"3 minutos"},"schema":{"@context":"https:\/\/schema.org","@graph":[{"@type":"WebPage","@id":"https:\/\/m1specialty.com\/es\/flexible-new\/","url":"https:\/\/m1specialty.com\/es\/flexible-new\/","name":"M1 Specialty planes Flexibles para un mayor control de tu ahorro","isPartOf":{"@id":"https:\/\/m1specialty.com\/es\/#website"},"datePublished":"2024-04-10T16:24:10+00:00","dateModified":"2025-06-04T14:25:53+00:00","description":"Nuestros planes Flexibles te ofrecen una estructura flexible y beneficios para un mayor control y crecimiento de tu plan de ahorros.","breadcrumb":{"@id":"https:\/\/m1specialty.com\/es\/flexible-new\/#breadcrumb"},"inLanguage":"es","potentialAction":[{"@type":"ReadAction","target":["https:\/\/m1specialty.com\/es\/flexible-new\/"]}]},{"@type":"BreadcrumbList","@id":"https:\/\/m1specialty.com\/es\/flexible-new\/#breadcrumb","itemListElement":[{"@type":"ListItem","position":1,"name":"Home","item":"https:\/\/m1specialty.com\/es\/"},{"@type":"ListItem","position":2,"name":"Flexible"}]},{"@type":"WebSite","@id":"https:\/\/m1specialty.com\/es\/#website","url":"https:\/\/m1specialty.com\/es\/","name":"M1 Specialty","description":"Simple and effective unit-linked insurance solutions","publisher":{"@id":"https:\/\/m1specialty.com\/es\/#organization"},"potentialAction":[{"@type":"SearchAction","target":{"@type":"EntryPoint","urlTemplate":"https:\/\/m1specialty.com\/es\/?s={search_term_string}"},"query-input":"required name=search_term_string"}],"inLanguage":"es"},{"@type":"Organization","@id":"https:\/\/m1specialty.com\/es\/#organization","name":"M1 Specialty","url":"https:\/\/m1specialty.com\/es\/","logo":{"@type":"ImageObject","inLanguage":"es","@id":"https:\/\/m1specialty.com\/es\/#\/schema\/logo\/image\/","url":"https:\/\/m1specialty.com\/wp-content\/uploads\/2023\/03\/logo-yoast-m1.png","contentUrl":"https:\/\/m1specialty.com\/wp-content\/uploads\/2023\/03\/logo-yoast-m1.png","width":696,"height":696,"caption":"M1 Specialty"},"image":{"@id":"https:\/\/m1specialty.com\/es\/#\/schema\/logo\/image\/"},"sameAs":["https:\/\/www.facebook.com\/M1Specialty\/","https:\/\/twitter.com\/m1specialty","https:\/\/www.linkedin.com\/company\/m1specialty\/","https:\/\/www.instagram.com\/m1specialty\/"]}]}},"_links":{"self":[{"href":"https:\/\/m1specialty.com\/es\/wp-json\/wp\/v2\/pages\/4791","targetHints":{"allow":["GET"]}}],"collection":[{"href":"https:\/\/m1specialty.com\/es\/wp-json\/wp\/v2\/pages"}],"about":[{"href":"https:\/\/m1specialty.com\/es\/wp-json\/wp\/v2\/types\/page"}],"author":[{"embeddable":true,"href":"https:\/\/m1specialty.com\/es\/wp-json\/wp\/v2\/users\/8"}],"replies":[{"embeddable":true,"href":"https:\/\/m1specialty.com\/es\/wp-json\/wp\/v2\/comments?post=4791"}],"version-history":[{"count":19,"href":"https:\/\/m1specialty.com\/es\/wp-json\/wp\/v2\/pages\/4791\/revisions"}],"predecessor-version":[{"id":7413,"href":"https:\/\/m1specialty.com\/es\/wp-json\/wp\/v2\/pages\/4791\/revisions\/7413"}],"wp:attachment":[{"href":"https:\/\/m1specialty.com\/es\/wp-json\/wp\/v2\/media?parent=4791"}],"curies":[{"name":"wp","href":"https:\/\/api.w.org\/{rel}","templated":true}]}}