{"id":4786,"date":"2024-04-10T12:25:14","date_gmt":"2024-04-10T16:25:14","guid":{"rendered":"https:\/\/m1specialty.com\/principal-protection-draftthrive\/"},"modified":"2025-06-04T10:26:36","modified_gmt":"2025-06-04T14:26:36","slug":"principal-protection-new","status":"publish","type":"page","link":"https:\/\/m1specialty.com\/es\/principal-protection-new\/","title":{"rendered":"Principal Protection"},"content":{"rendered":"<p>Planes de inversi\u00f3n internacionales dise\u00f1ados para ayudarle a alcanzar sus objetivos<span><img decoding=\"async\" alt=\"\" data-id=\"4489\" width=\"747\" data-init-width=\"2560\" height=\"498\" data-init-height=\"1707\" title=\"mercado\" loading=\"lazy\" src=\"https:\/\/m1specialty.com\/wp-content\/uploads\/2024\/04\/mercado-scaled.jpg\" data-width=\"747\" data-height=\"498\" style=\"aspect-ratio: auto 2560 \/ 1707;\"><\/span><span data-contrast=\"none\" data-usefontface=\"true\" lang=\"EN-US\" style=\"\">Pensando siempre en nuestros clientes, nuestros planes de ahorro e inversi\u00f3n est\u00e1n dise\u00f1ados para brindar oportunidades de crecimiento financiero adaptadas a sus objetivos financieros.<\/span><strong>\u00bfQu\u00e9 significa la protecci\u00f3n de capital para usted<\/strong><strong>?<\/strong><\/p>\n<p \"=\"\" style=\"text-align: justify;\" tve-droppable\"=\"\">Nuestros planes de Protecci\u00f3n de Capital se adaptan al perfil y horizonte de tiempo de nuestros clientes, permiti\u00e9ndoles lograr una mayor diversificaci\u00f3n en su cartera personal con acceso a los \u00edndices burs\u00e1tiles m\u00e1s reconocidos a nivel mundial como referentes de desempe\u00f1o. Nuestros planes brindan una oportunidad \u00fanica para obtener rendimientos potenciales de los mercados de valores con una caracter\u00edstica de protecci\u00f3n del capital al vencimiento del plan.<\/p>\n<p \"=\"\" style=\"text-align: justify;\" tve-droppable\"=\"\">Seg\u00fan el plazo del plan que elija y el capital que aporte, sus ahorros pueden resistir los mercados vol\u00e1tiles y estar\u00e1n protegidos contra condiciones de mercado desfavorables para que pueda realizar su objetivo de independencia financiera.<\/p>\n<p><span style=\"\"><img decoding=\"async\" alt=\"Protection Plans\" data-id=\"529\" width=\"511\" data-init-width=\"512\" height=\"511\" data-init-height=\"512\" title=\"Protection Plans\" loading=\"lazy\" src=\"https:\/\/m1specialty.com\/wp-content\/uploads\/2022\/11\/Trust1.webp\" data-width=\"511\" data-height=\"511\" style=\"aspect-ratio: auto 512 \/ 512;\" mt-d=\"0\" ml-d=\"0\"><\/span><span data-contrast=\"none\" data-scheme-color=\"@000000,,\" data-usefontface=\"true\" lang=\"EN-US\">Acceso al crecimiento de los principales \u00edndices burs\u00e1tiles reconocidos a nivel mundial.<\/span><\/p>\n<p style=\"text-align: justify;\"><span data-contrast=\"none\" data-usefontface=\"false\" lang=\"EN-US\">Nuestros planes de Protecci\u00f3n de Capital se adaptan al perfil y horizonte de tiempo de nuestros clientes, permiti\u00e9ndoles lograr una mayor diversificaci\u00f3n en su portafolio con acceso a los \u00edndices burs\u00e1tiles m\u00e1s reconocidos del mundo. Nuestros planes brindan una oportunidad de crecimiento potencial basado en el desempe\u00f1o de hasta 6 \u00edndices.<\/span><\/p>\n<p><span style=\"\"><img decoding=\"async\" alt=\"\" data-id=\"4530\" width=\"730\" data-init-width=\"2560\" height=\"490\" data-init-height=\"1717\" title=\"Financial data on a monitor,Stock market data on LED\" loading=\"lazy\" src=\"https:\/\/m1specialty.com\/wp-content\/uploads\/2024\/04\/Stock-Quotes-scaled.jpg\" data-width=\"730\" data-height=\"490\" style=\"aspect-ratio: auto 2560 \/ 1717;\" ml-d=\"0\" mt-d=\"0\"><\/span><\/p>\n<ul>\n<li style=\"\"><span style=\"\"><a href=\"https:\/\/m1specialty.com\/es\/sp500-index-data\/\" target=\"_blank\" style=\"outline: none;\">S&amp;P 500<\/a><\/span><\/li>\n<li style=\"\"><span style=\"\"><a href=\"https:\/\/m1specialty.com\/es\/msci-acwi-imi-index-data\/\" target=\"_blank\" style=\"outline: none;\">MSCI ACWI IMI<\/a><\/span><\/li>\n<li style=\"\"><span style=\"\"><a href=\"https:\/\/m1specialty.com\/es\/euro-stoxx-index-data\/\" target=\"_blank\" style=\"outline: none;\">EURO STOXX 50<\/a><\/span><\/li>\n<li style=\"\"><span style=\"\"><a href=\"https:\/\/m1specialty.com\/es\/msci-emerging-markets-imi-index-data\/\" target=\"_blank\" style=\"outline: none;\">MSCI EMERGING MARKETS IMI<\/a><\/span><\/li>\n<li style=\"\"><span style=\"\"><a href=\"https:\/\/m1specialty.com\/es\/msci-world-index-data\/\" target=\"_blank\" style=\"outline: none;\">MSCI World<\/a><\/span><\/li>\n<li style=\"\"><span style=\"\"><a href=\"https:\/\/m1specialty.com\/es\/bloomberg-gatr-index-data\/\" target=\"_blank\" style=\"outline: none;\">Bloomberg Global Aggregate Total Return<\/a><\/span><\/li>\n<li><span style=\"\"><a href=\"https:\/\/m1specialty.com\/es\/nse-nifty-50-index-data\/\" target=\"_blank\" style=\"outline: none;\">NSE NIFTY 50<\/a><\/span><\/li>\n<li><span style=\"\"><a href=\"https:\/\/m1specialty.com\/es\/sp-asia-50-index-data\/\" target=\"_blank\" style=\"outline: none;\">S&amp;P ASIA 50<\/a><\/span><\/li>\n<li><span style=\"\"><a href=\"https:\/\/m1specialty.com\/es\/msci-eafe-index-data\/\" target=\"_blank\" style=\"outline: none;\">MSCI EAFE<\/a><\/span><\/li>\n<li><span style=\"\"><a href=\"https:\/\/m1specialty.com\/es\/ftse-100-index-data\/\" target=\"_blank\" style=\"outline: none;\">FTSE 100<\/a><\/span><\/li>\n<\/ul>\n<p><span data-contrast=\"none\" data-scheme-color=\"@000000,,\" data-usefontface=\"true\" lang=\"EN-US\">Tenemos una soluci\u00f3n para cada plan de vida<\/span><\/p>\n<p data-ccp-props=\"{&quot;335551550&quot;:2,&quot;335551620&quot;:2,&quot;335559683&quot;:0,&quot;335559685&quot;:0,&quot;335559731&quot;:0,&quot;335559737&quot;:0,&quot;335562764&quot;:2,&quot;335562765&quot;:1,&quot;335562766&quot;:4,&quot;335562767&quot;:0,&quot;335562768&quot;:4,&quot;335562769&quot;:0}\" lang=\"EN-US\" style=\"text-align: center;\"><span data-contrast=\"none\" data-usefontface=\"true\" lang=\"EN-US\" style=\"\"><\/span><span data-contrast=\"none\" data-usefontface=\"true\" lang=\"EN-US\" style=\"\">Nuestros planes le brindan de una variedad \u00fanica de beneficios para ayudarle a eliminar sus inquietudes financieras y dise\u00f1ar un futuro que lo incluya a usted, su familia y sus seres queridos.<\/span><\/p>\n<p><span><img decoding=\"async\" alt=\"\" data-id=\"4203\" width=\"730\" data-init-width=\"2560\" height=\"487\" data-init-height=\"1708\" title=\"Pareja en bicicleta\" loading=\"lazy\" src=\"https:\/\/m1specialty.com\/wp-content\/uploads\/2024\/04\/Pareja-en-bicicleta-scaled.jpg\" data-width=\"730\" data-height=\"487\" style=\"aspect-ratio: auto 2560 \/ 1708;\"><\/span>Serie MaxCap con Protecci\u00f3n de CapitalContribuci\u00f3n \u00fanicaConstruya y preserve su legadoAcceso a tazas de crecimiento de los principales \u00edndices burs\u00e1tiles con un riesgo de mercado limitadoCaracter\u00edsticas Clave<\/p>\n<ul>\n<li><span>Hasta 100% de Proteccion de Capital<\/span><\/li>\n<li><span>Aporte m\u00ednimo de USD $10,000<\/span><\/li>\n<li><span>Opciones de vencimiento del plan de 5, 7 o 10 a\u00f1os<\/span><\/li>\n<li><span>3 opciones de moneda: USD($), EUR(\u20ac), GBP(\u00a3)<\/span><\/li>\n<li><span>Se pueden seleccionar hasta 6 \u00edndices de mercado para diversificar<\/span><\/li>\n<\/ul>\n<p>Prime 10 con Protecci\u00f3n de CapitalAhorros regularesSeguridad e Innovaci\u00f3nCon un plazo de 10 a\u00f1os y una protecci\u00f3n de capital del 115% al vencimiento, Prime 10 con Protecci\u00f3n de Capital es ideal para objetivos a mediano plazo como financiar la educaci\u00f3n o la jubilaci\u00f3n anticipada.Caracter\u00edsticas Clave<\/p>\n<ul>\n<li><span style=\"\">Plan de contribuci\u00f3n regular<\/span><\/li>\n<li><span style=\"\">115% de protecci\u00f3n de capital<\/span><\/li>\n<li><span>Plazo fijo de 10 a\u00f1os<\/span><\/li>\n<\/ul>\n<p><span><img decoding=\"async\" alt=\"universidad\" data-id=\"2801\" width=\"730\" data-init-width=\"1086\" height=\"487\" data-init-height=\"724\" title=\"universidad\" loading=\"lazy\" src=\"https:\/\/m1specialty.com\/wp-content\/uploads\/2023\/11\/universidad.webp\" data-width=\"730\" data-height=\"487\" style=\"aspect-ratio: auto 1086 \/ 724;\"><\/span><span><img decoding=\"async\" alt=\"\" data-id=\"5467\" width=\"730\" data-init-width=\"2560\" height=\"487\" data-init-height=\"1715\" title=\"Wedding jitters? What are those?\" loading=\"lazy\" src=\"https:\/\/m1specialty.com\/wp-content\/uploads\/2024\/07\/Indian-Wedding-scaled.jpg\" data-width=\"730\" data-height=\"487\" style=\"aspect-ratio: auto 2560 \/ 1715;\"><\/span>Serie Prime con Protecci\u00f3n de CapitalAhorros regularesSeguridad y simplicidadUn plan de contribuci\u00f3n regular a largo plazo con acceso a una variedad de \u00edndices de mercado y un beneficio m\u00ednimo garantizado al vencimiento del plan.Caracter\u00edsticas Clave<\/p>\n<ul>\n<li><span style=\"\">Plan de contribuci\u00f3n regular<\/span><\/li>\n<li><span style=\"\">140%, 160% o 180% de Protecci\u00f3n del Capital pagadera al final del plazo<\/span><\/li>\n<li><span style=\"\">Opciones de planes de vencimiento de 15, 20 o 25 a\u00f1os<\/span><\/li>\n<li><span style=\"\">Se pueden seleccionar hasta 6 \u00edndices de mercado para diversificar<\/span><\/li>\n<\/ul>\n","protected":false},"excerpt":{"rendered":"<p>Planes de inversi\u00f3n internacionales dise\u00f1ados para ayudarle a alcanzar sus objetivosPensando siempre en nuestros clientes, nuestros planes de ahorro e inversi\u00f3n est\u00e1n dise\u00f1ados para brindar oportunidades de crecimiento financiero adaptadas a sus objetivos financieros.\u00bfQu\u00e9 significa la protecci\u00f3n de capital para usted? Nuestros planes de Protecci\u00f3n de Capital se adaptan al perfil y horizonte de tiempo [&hellip;]<\/p>\n","protected":false},"author":8,"featured_media":0,"parent":0,"menu_order":0,"comment_status":"closed","ping_status":"closed","template":"","meta":{"inline_featured_image":false,"footnotes":""},"class_list":["post-4786","page","type-page","status-publish","hentry","post-wrapper","thrv_wrapper"],"yoast_head":"<!-- This site is optimized with the Yoast SEO Premium plugin v20.3 (Yoast SEO v20.3) - https:\/\/yoast.com\/wordpress\/plugins\/seo\/ -->\n<title>M1 Specialty | Plan Protecci\u00f3n del Capital adaptado al perfil<\/title>\n<meta name=\"description\" content=\"Protege tus ahorros y obt\u00e9n rendimientos potenciales con nuestros planes Protecci\u00f3n del Capital. Adaptados a tu perfil y horizonte temporal.\" \/>\n<meta name=\"robots\" content=\"index, follow, max-snippet:-1, max-image-preview:large, max-video-preview:-1\" \/>\n<link rel=\"canonical\" href=\"https:\/\/m1specialty.com\/es\/principal-protection-new\/\" \/>\n<meta property=\"og:locale\" content=\"es_ES\" \/>\n<meta property=\"og:type\" content=\"article\" \/>\n<meta property=\"og:title\" content=\"Principal Protection\" \/>\n<meta property=\"og:description\" content=\"Protege tus ahorros y obt\u00e9n rendimientos potenciales con nuestros planes Protecci\u00f3n del Capital. Adaptados a tu perfil y horizonte temporal.\" \/>\n<meta property=\"og:url\" content=\"https:\/\/m1specialty.com\/es\/principal-protection-new\/\" \/>\n<meta property=\"og:site_name\" content=\"M1 Specialty\" \/>\n<meta property=\"article:publisher\" content=\"https:\/\/www.facebook.com\/M1Specialty\/\" \/>\n<meta property=\"article:modified_time\" content=\"2025-06-04T14:26:36+00:00\" \/>\n<meta property=\"og:image\" content=\"https:\/\/m1specialty.com\/wp-content\/uploads\/2024\/04\/mercado-scaled.jpg\" \/>\n<meta name=\"twitter:card\" content=\"summary_large_image\" \/>\n<meta name=\"twitter:site\" content=\"@m1specialty\" \/>\n<meta name=\"twitter:label1\" content=\"Tiempo de lectura\" \/>\n\t<meta name=\"twitter:data1\" content=\"4 minutos\" \/>\n<script type=\"application\/ld+json\" class=\"yoast-schema-graph\">{\"@context\":\"https:\/\/schema.org\",\"@graph\":[{\"@type\":\"WebPage\",\"@id\":\"https:\/\/m1specialty.com\/es\/principal-protection-new\/\",\"url\":\"https:\/\/m1specialty.com\/es\/principal-protection-new\/\",\"name\":\"M1 Specialty | Plan Protecci\u00f3n del Capital adaptado al perfil\",\"isPartOf\":{\"@id\":\"https:\/\/m1specialty.com\/es\/#website\"},\"datePublished\":\"2024-04-10T16:25:14+00:00\",\"dateModified\":\"2025-06-04T14:26:36+00:00\",\"description\":\"Protege tus ahorros y obt\u00e9n rendimientos potenciales con nuestros planes Protecci\u00f3n del Capital. Adaptados a tu perfil y horizonte temporal.\",\"breadcrumb\":{\"@id\":\"https:\/\/m1specialty.com\/es\/principal-protection-new\/#breadcrumb\"},\"inLanguage\":\"es\",\"potentialAction\":[{\"@type\":\"ReadAction\",\"target\":[\"https:\/\/m1specialty.com\/es\/principal-protection-new\/\"]}]},{\"@type\":\"BreadcrumbList\",\"@id\":\"https:\/\/m1specialty.com\/es\/principal-protection-new\/#breadcrumb\",\"itemListElement\":[{\"@type\":\"ListItem\",\"position\":1,\"name\":\"Home\",\"item\":\"https:\/\/m1specialty.com\/es\/\"},{\"@type\":\"ListItem\",\"position\":2,\"name\":\"Principal Protection\"}]},{\"@type\":\"WebSite\",\"@id\":\"https:\/\/m1specialty.com\/es\/#website\",\"url\":\"https:\/\/m1specialty.com\/es\/\",\"name\":\"M1 Specialty\",\"description\":\"Simple and effective unit-linked insurance solutions\",\"publisher\":{\"@id\":\"https:\/\/m1specialty.com\/es\/#organization\"},\"potentialAction\":[{\"@type\":\"SearchAction\",\"target\":{\"@type\":\"EntryPoint\",\"urlTemplate\":\"https:\/\/m1specialty.com\/es\/?s={search_term_string}\"},\"query-input\":\"required name=search_term_string\"}],\"inLanguage\":\"es\"},{\"@type\":\"Organization\",\"@id\":\"https:\/\/m1specialty.com\/es\/#organization\",\"name\":\"M1 Specialty\",\"url\":\"https:\/\/m1specialty.com\/es\/\",\"logo\":{\"@type\":\"ImageObject\",\"inLanguage\":\"es\",\"@id\":\"https:\/\/m1specialty.com\/es\/#\/schema\/logo\/image\/\",\"url\":\"https:\/\/m1specialty.com\/wp-content\/uploads\/2023\/03\/logo-yoast-m1.png\",\"contentUrl\":\"https:\/\/m1specialty.com\/wp-content\/uploads\/2023\/03\/logo-yoast-m1.png\",\"width\":696,\"height\":696,\"caption\":\"M1 Specialty\"},\"image\":{\"@id\":\"https:\/\/m1specialty.com\/es\/#\/schema\/logo\/image\/\"},\"sameAs\":[\"https:\/\/www.facebook.com\/M1Specialty\/\",\"https:\/\/twitter.com\/m1specialty\",\"https:\/\/www.linkedin.com\/company\/m1specialty\/\",\"https:\/\/www.instagram.com\/m1specialty\/\"]}]}<\/script>\n<!-- \/ Yoast SEO Premium plugin. -->","yoast_head_json":{"title":"M1 Specialty | Plan Protecci\u00f3n del Capital adaptado al perfil","description":"Protege tus ahorros y obt\u00e9n rendimientos potenciales con nuestros planes Protecci\u00f3n del Capital. Adaptados a tu perfil y horizonte temporal.","robots":{"index":"index","follow":"follow","max-snippet":"max-snippet:-1","max-image-preview":"max-image-preview:large","max-video-preview":"max-video-preview:-1"},"canonical":"https:\/\/m1specialty.com\/es\/principal-protection-new\/","og_locale":"es_ES","og_type":"article","og_title":"Principal Protection","og_description":"Protege tus ahorros y obt\u00e9n rendimientos potenciales con nuestros planes Protecci\u00f3n del Capital. Adaptados a tu perfil y horizonte temporal.","og_url":"https:\/\/m1specialty.com\/es\/principal-protection-new\/","og_site_name":"M1 Specialty","article_publisher":"https:\/\/www.facebook.com\/M1Specialty\/","article_modified_time":"2025-06-04T14:26:36+00:00","og_image":[{"url":"https:\/\/m1specialty.com\/wp-content\/uploads\/2024\/04\/mercado-scaled.jpg"}],"twitter_card":"summary_large_image","twitter_site":"@m1specialty","twitter_misc":{"Tiempo de lectura":"4 minutos"},"schema":{"@context":"https:\/\/schema.org","@graph":[{"@type":"WebPage","@id":"https:\/\/m1specialty.com\/es\/principal-protection-new\/","url":"https:\/\/m1specialty.com\/es\/principal-protection-new\/","name":"M1 Specialty | Plan Protecci\u00f3n del Capital adaptado al perfil","isPartOf":{"@id":"https:\/\/m1specialty.com\/es\/#website"},"datePublished":"2024-04-10T16:25:14+00:00","dateModified":"2025-06-04T14:26:36+00:00","description":"Protege tus ahorros y obt\u00e9n rendimientos potenciales con nuestros planes Protecci\u00f3n del Capital. Adaptados a tu perfil y horizonte temporal.","breadcrumb":{"@id":"https:\/\/m1specialty.com\/es\/principal-protection-new\/#breadcrumb"},"inLanguage":"es","potentialAction":[{"@type":"ReadAction","target":["https:\/\/m1specialty.com\/es\/principal-protection-new\/"]}]},{"@type":"BreadcrumbList","@id":"https:\/\/m1specialty.com\/es\/principal-protection-new\/#breadcrumb","itemListElement":[{"@type":"ListItem","position":1,"name":"Home","item":"https:\/\/m1specialty.com\/es\/"},{"@type":"ListItem","position":2,"name":"Principal Protection"}]},{"@type":"WebSite","@id":"https:\/\/m1specialty.com\/es\/#website","url":"https:\/\/m1specialty.com\/es\/","name":"M1 Specialty","description":"Simple and effective unit-linked insurance solutions","publisher":{"@id":"https:\/\/m1specialty.com\/es\/#organization"},"potentialAction":[{"@type":"SearchAction","target":{"@type":"EntryPoint","urlTemplate":"https:\/\/m1specialty.com\/es\/?s={search_term_string}"},"query-input":"required name=search_term_string"}],"inLanguage":"es"},{"@type":"Organization","@id":"https:\/\/m1specialty.com\/es\/#organization","name":"M1 Specialty","url":"https:\/\/m1specialty.com\/es\/","logo":{"@type":"ImageObject","inLanguage":"es","@id":"https:\/\/m1specialty.com\/es\/#\/schema\/logo\/image\/","url":"https:\/\/m1specialty.com\/wp-content\/uploads\/2023\/03\/logo-yoast-m1.png","contentUrl":"https:\/\/m1specialty.com\/wp-content\/uploads\/2023\/03\/logo-yoast-m1.png","width":696,"height":696,"caption":"M1 Specialty"},"image":{"@id":"https:\/\/m1specialty.com\/es\/#\/schema\/logo\/image\/"},"sameAs":["https:\/\/www.facebook.com\/M1Specialty\/","https:\/\/twitter.com\/m1specialty","https:\/\/www.linkedin.com\/company\/m1specialty\/","https:\/\/www.instagram.com\/m1specialty\/"]}]}},"_links":{"self":[{"href":"https:\/\/m1specialty.com\/es\/wp-json\/wp\/v2\/pages\/4786","targetHints":{"allow":["GET"]}}],"collection":[{"href":"https:\/\/m1specialty.com\/es\/wp-json\/wp\/v2\/pages"}],"about":[{"href":"https:\/\/m1specialty.com\/es\/wp-json\/wp\/v2\/types\/page"}],"author":[{"embeddable":true,"href":"https:\/\/m1specialty.com\/es\/wp-json\/wp\/v2\/users\/8"}],"replies":[{"embeddable":true,"href":"https:\/\/m1specialty.com\/es\/wp-json\/wp\/v2\/comments?post=4786"}],"version-history":[{"count":30,"href":"https:\/\/m1specialty.com\/es\/wp-json\/wp\/v2\/pages\/4786\/revisions"}],"predecessor-version":[{"id":7414,"href":"https:\/\/m1specialty.com\/es\/wp-json\/wp\/v2\/pages\/4786\/revisions\/7414"}],"wp:attachment":[{"href":"https:\/\/m1specialty.com\/es\/wp-json\/wp\/v2\/media?parent=4786"}],"curies":[{"name":"wp","href":"https:\/\/api.w.org\/{rel}","templated":true}]}}