{"id":4780,"date":"2024-02-28T10:16:28","date_gmt":"2024-02-28T14:16:28","guid":{"rendered":"https:\/\/m1specialty.com\/m1-specialty-home\/"},"modified":"2025-08-28T10:16:59","modified_gmt":"2025-08-28T14:16:59","slug":"home-v2","status":"publish","type":"page","link":"https:\/\/m1specialty.com\/es\/home-v2\/","title":{"rendered":"Home-v2"},"content":{"rendered":"<p>Alg\u00fan d\u00edaComienza hoyAcumulaci\u00f3n de Patrimonio. Ahorros para la educaci\u00f3n superior. RetiroInvierta en Su \u00c9xitoEn M1 Specialty, somos sus socios en planificaci\u00f3n de los eventos financieros m\u00e1s importantes de la vida.Con soluciones integrales de ahorro e inversi\u00f3n, brindamos acceso a diversos mercados globales y a los mejores custodios y administradores de activos de su clase. Nuestra estructura fiduciaria independiente mejora la privacidad, la protecci\u00f3n de activos y la tranquilidad para que pueda invertir con confianza.<span><img decoding=\"async\" alt=\"\" data-id=\"4697\" width=\"748\" data-init-width=\"2560\" height=\"499\" data-init-height=\"1708\" title=\"Great business meeting.\" loading=\"lazy\" src=\"https:\/\/m1specialty.com\/wp-content\/uploads\/2024\/05\/invested-your-success-scaled.jpg\" data-width=\"748\" data-height=\"499\" style=\"aspect-ratio: auto 2560 \/ 1708;\"><\/span>Soluciones para Diferentes Etapas de la Vida<span><img decoding=\"async\" alt=\"legacy-M1\" data-id=\"299\" width=\"483\" data-init-width=\"1254\" height=\"322\" data-init-height=\"836\" title=\"Legacy Planning\" loading=\"lazy\" src=\"https:\/\/m1specialty.com\/wp-content\/uploads\/2022\/11\/Legacy-Planning.webp\" data-width=\"483\" data-height=\"322\" style=\"aspect-ratio: auto 1254 \/ 836;\"><\/span>Acumulaci\u00f3n de PatrimonioEntendemos que acumular un patrimonio no es s\u00f3lo ganar dinero; se trata de tomar decisiones inteligentes y aprovechar las herramientas adecuadas para hacer crecer sus activos. Ya sea para un inversionista experimentado o reci\u00e9n est\u00e9 comenzando su viaje de creaci\u00f3n de patrimonio, nuestro conjunto integral de productos satisface sus necesidades.<span><img decoding=\"async\" alt=\"\" data-id=\"5457\" width=\"483\" data-init-width=\"2560\" height=\"322\" data-init-height=\"1707\" title=\"Indian woman smiling while showing diploma to father at graduation ceremony\" loading=\"lazy\" src=\"https:\/\/m1specialty.com\/wp-content\/uploads\/2024\/07\/Indian-Female-Graduate-scaled.jpg\" data-width=\"483\" data-height=\"322\" style=\"aspect-ratio: auto 2560 \/ 1707;\"><\/span>Ahorro para la UniversidadAnime a sus hijos a elegir la carrera universitaria que quieran, con la confianza de tener el apoyo econ\u00f3mico para seguir su vocaci\u00f3n. Nuestro objetivo es brindarle herramientas financieras para establecer un plan para asegurar la educaci\u00f3n de sus hijos para el futuro.<span><img decoding=\"async\" alt=\"retire-M1\" data-id=\"993\" width=\"350\" data-init-width=\"1024\" height=\"233\" data-init-height=\"682\" title=\"Retirement\" loading=\"lazy\" src=\"https:\/\/m1specialty.com\/wp-content\/uploads\/2022\/12\/retirados.jpg\" data-width=\"350\" data-height=\"233\" style=\"aspect-ratio: auto 1024 \/ 682;\"><\/span>RetiroDespu\u00e9s de toda una vida de esfuerzo, merece el derecho a disfrutar de lo que se ha ganado. Prep\u00e1rese para el per\u00edodo \u00abdorado\u00bb de su vida con el plan de seguro vinculado a unidades adecuado que lo ayudar\u00e1 a alcanzar sus objetivos, sin importar cu\u00e1l sea su estilo de retiro.<span style=\"\"><img decoding=\"async\" alt=\"banner-M1\" data-id=\"3416\" width=\"1500\" data-init-width=\"1580\" height=\"707\" data-init-height=\"745\" title=\"M1 Banner\" loading=\"lazy\" src=\"https:\/\/m1specialty.com\/wp-content\/uploads\/2024\/02\/M1-Banner.png\" data-width=\"1500\" data-height=\"707\" style=\"aspect-ratio: auto 1580 \/ 745;\" ml-d=\"0\" mt-d=\"0\"><\/span>\u00bfPor qu\u00e9 M1 Specialty?\u00bfPor qu\u00e9 M1 Specialty?<span style=\"\"><img decoding=\"async\" alt=\"protection-M1\" data-id=\"3535\" width=\"150\" data-init-width=\"183\" height=\"177\" data-init-height=\"216\" title=\"Principal protection\" loading=\"lazy\" src=\"https:\/\/m1specialty.com\/wp-content\/uploads\/2024\/02\/Principal-protection.png\" data-width=\"150\" data-height=\"177\" style=\"aspect-ratio: auto 183 \/ 216;\" mt-d=\"0\" ml-d=\"0\" center-v-d=\"false\"><\/span>Protecci\u00f3n de CapitalLos clientes internacionales tienen participaci\u00f3n en el mercado, en funci\u00f3n del comportamiento de los principales \u00edndices que seleccionaron como puntos de referencia de desempe\u00f1o, con diferentes niveles y t\u00e9rminos de protecci\u00f3n del principal, gestionando el riesgo de posibles ca\u00eddas, bajo cualquier condici\u00f3n de mercado.<span style=\"\"><img decoding=\"async\" alt=\"portfolio-M1\" data-id=\"3544\" width=\"150\" data-init-width=\"160\" height=\"153\" data-init-height=\"163\" title=\"Portafolio Diversification\" loading=\"lazy\" src=\"https:\/\/m1specialty.com\/wp-content\/uploads\/2024\/02\/Portafolio-Diversification.png\" data-width=\"150\" data-height=\"153\" style=\"aspect-ratio: auto 160 \/ 163;\" mt-d=\"0\" ml-d=\"0\" center-v-d=\"false\"><\/span>Diversificaci\u00f3n de PortafoliosNuestros planes est\u00e1n dise\u00f1ados para reducir la volatilidad de la cartera a lo largo del tiempo al ofrecer una variedad de puntos de referencia de desempe\u00f1o de los principales \u00edndices, ETF y fondos mutuos gestionados por administradores de activos de renombre mundial.<span style=\"\"><img decoding=\"async\" alt=\"beneficiary-M1\" data-id=\"3549\" width=\"150\" data-init-width=\"178\" height=\"153\" data-init-height=\"181\" title=\"Beneficiary Designation\" loading=\"lazy\" src=\"https:\/\/m1specialty.com\/wp-content\/uploads\/2024\/02\/Beneficiary-Designation.png\" data-width=\"150\" data-height=\"153\" style=\"aspect-ratio: auto 178 \/ 181;\" mt-d=\"0\" ml-d=\"0\" center-v-d=\"false\"><\/span>Designaci\u00f3n de BeneficiariosLos beneficiarios se pueden transferir a uno o m\u00e1s beneficiarios designados, lo que garantiza una planificaci\u00f3n exitosa de su herencia.Soluciones a medida para el \u00c9xito FinancieroPlanes de Inversi\u00f3nSencillos y Efectivos<span><img decoding=\"async\" alt=\"solutions\" data-id=\"3428\" width=\"1542\" data-init-width=\"1693\" height=\"425\" data-init-height=\"467\" title=\"Tailored Solutions For Financial Success\" loading=\"lazy\" src=\"https:\/\/m1specialty.com\/wp-content\/uploads\/2024\/02\/Tailored-Solutions-For-Financial-Success.png\" data-width=\"1542\" data-height=\"425\" style=\"aspect-ratio: auto 1693 \/ 467;\"><\/span>Seguridad Financiera a la MedidaNuestros planes de <strong>Protecci\u00f3n de Capital<\/strong> est\u00e1n dise\u00f1ados por expertos para adaptarse a los distintos perfiles financieros y horizontes de tiempo de nuestros clientes. La preservaci\u00f3n de su patrimonio es nuestra principal prioridad y nuestros planes est\u00e1n meticulosamente elaborados teniendo esto en cuenta. A trav\u00e9s del acceso a \u00edndices burs\u00e1tiles de renombre mundial como puntos de referencia de rendimiento, le permitimos lograr una diversificaci\u00f3n sustancial dentro de su cartera personal vinculada a unidades. Ya sea que priorice el minimizar el riesgo o tenga objetivos financieros espec\u00edficos, nuestros planes de Protecci\u00f3n de Capital brindan la seguridad y flexibilidad necesarias para navegar por el din\u00e1mico panorama de inversiones mientras salvaguardan su capital.<span><img decoding=\"async\" alt=\"\" data-id=\"5462\" width=\"730\" data-init-width=\"2560\" height=\"487\" data-init-height=\"1709\" title=\"Portrait,Of,Senior,Indian,Asian,Couple,While,Eating,Breakfast,At\" loading=\"lazy\" src=\"https:\/\/m1specialty.com\/wp-content\/uploads\/2024\/07\/Middle-Age-Indian-Couple-scaled.jpg\" data-width=\"730\" data-height=\"487\" style=\"aspect-ratio: auto 2560 \/ 1709;\"><\/span><span><img decoding=\"async\" alt=\"flexibility\" data-id=\"3446\" width=\"746\" data-init-width=\"748\" height=\"505\" data-init-height=\"506\" title=\"Financial Future with Flexibility\" loading=\"lazy\" src=\"https:\/\/m1specialty.com\/wp-content\/uploads\/2024\/02\/Financial-Future-with-Flexibility.png\" data-width=\"746\" data-height=\"505\" style=\"aspect-ratio: auto 748 \/ 506;\"><\/span>Planifique su Futuro con FlexibilidadNuestros <strong>planes Flexibles<\/strong> est\u00e1n dise\u00f1ados para brindarle la libertad y el control que necesita. Estos planes ofrecen una variedad de beneficios que le permiten realizar sus propias asignaciones de unidades y ajustar su plan de acuerdo con la evoluci\u00f3n de sus necesidades. Con los planes flexibles, usted tiene el poder de dar forma a su estrategia financiera, asegur\u00e1ndose de que se ajuste perfectamente con sus objetivos y tolerancia al riesgo. Su futuro financiero es din\u00e1mico y nuestros planes flexibles est\u00e1n aqu\u00ed para ayudarlo a navegarlo con confianza.Nuestra PromesaNuestra PromesaM1 Specialty se compromete a brindar soluciones innovadoras para ayudar a los clientes a alcanzar sus objetivos financieros para las generaciones actuales y futuras.<span><img decoding=\"async\" alt=\"promise\" data-id=\"3454\" width=\"931\" data-init-width=\"902\" height=\"512\" data-init-height=\"496\" title=\"Our Promise\" loading=\"lazy\" src=\"https:\/\/m1specialty.com\/wp-content\/uploads\/2024\/02\/Our-Promise.png\" data-width=\"931\" data-height=\"512\" style=\"aspect-ratio: auto 902 \/ 496;\"><\/span><span><img decoding=\"async\" alt=\"reach\" data-id=\"3463\" width=\"104\" data-init-width=\"104\" height=\"103\" data-init-height=\"103\" title=\"Global Reach\" loading=\"lazy\" src=\"https:\/\/m1specialty.com\/wp-content\/uploads\/2024\/02\/Global-Reach.png\" data-width=\"104\" data-height=\"103\" style=\"aspect-ratio: auto 104 \/ 103;\"><\/span>Alcance GlobalAlcance GlobalLas soluciones de seguros vinculados a unidades de M1 Specialty se distribuyen en m\u00e1s de 60 pa\u00edses, ofreciendo una presencia internacional de amplio alcance.&nbsp;<span><img decoding=\"async\" alt=\"partners\" data-id=\"3468\" width=\"104\" data-init-width=\"104\" height=\"105\" data-init-height=\"105\" title=\"Trusted Financial Partners\" loading=\"lazy\" src=\"https:\/\/m1specialty.com\/wp-content\/uploads\/2024\/02\/Trusted-Financial-Partners.png\" data-width=\"104\" data-height=\"105\" style=\"aspect-ratio: auto 104 \/ 105;\"><\/span>Socios Financieros ConfiablesSocios Financieros ConfiablesSus fondos se mantienen en asociaci\u00f3n con instituciones financieras establecidas, lo que proporciona una capa adicional de seguridad y credibilidad.<span><img decoding=\"async\" alt=\"\" data-id=\"4668\" width=\"105\" data-init-width=\"105\" height=\"104\" data-init-height=\"104\" title=\"Dedicated-Support-Team\" loading=\"lazy\" src=\"https:\/\/m1specialty.com\/wp-content\/uploads\/2024\/05\/Dedicated-Support-Team.png\" data-width=\"105\" data-height=\"104\" style=\"aspect-ratio: auto 105 \/ 104;\"><\/span>Equipo de Soporte DedicadoEquipo de Soporte DedicadoNuestro equipo de expertos est\u00e1 dedicado a brindar apoyo y orientaci\u00f3n continuos en cada paso del camino.<\/p>\n\n\n<p><\/p>\n","protected":false},"excerpt":{"rendered":"<p>Alg\u00fan d\u00edaComienza hoyAcumulaci\u00f3n de Patrimonio. Ahorros para la educaci\u00f3n superior. RetiroInvierta en Su \u00c9xitoEn M1 Specialty, somos sus socios en planificaci\u00f3n de los eventos financieros m\u00e1s importantes de la vida.Con soluciones integrales de ahorro e inversi\u00f3n, brindamos acceso a diversos mercados globales y a los mejores custodios y administradores de activos de su clase. Nuestra [&hellip;]<\/p>\n","protected":false},"author":8,"featured_media":0,"parent":0,"menu_order":0,"comment_status":"closed","ping_status":"closed","template":"","meta":{"inline_featured_image":false,"footnotes":""},"class_list":["post-4780","page","type-page","status-publish","hentry","post-wrapper","thrv_wrapper"],"yoast_head":"<!-- This site is optimized with the Yoast SEO Premium plugin v20.3 (Yoast SEO v20.3) - https:\/\/yoast.com\/wordpress\/plugins\/seo\/ -->\n<title>M1 Specialty | Planes de Inversi\u00f3n<\/title>\n<meta name=\"robots\" content=\"index, follow, max-snippet:-1, max-image-preview:large, max-video-preview:-1\" \/>\n<link rel=\"canonical\" href=\"https:\/\/m1specialty.com\/es\/home-v2\/\" \/>\n<meta property=\"og:locale\" content=\"es_ES\" \/>\n<meta property=\"og:type\" content=\"article\" \/>\n<meta property=\"og:title\" content=\"Home-v2\" \/>\n<meta property=\"og:description\" content=\"Alg\u00fan d\u00edaComienza hoyAcumulaci\u00f3n de Patrimonio. Ahorros para la educaci\u00f3n superior. RetiroInvierta en Su \u00c9xitoEn M1 Specialty, somos sus socios en planificaci\u00f3n de los eventos financieros m\u00e1s importantes de la vida.Con soluciones integrales de ahorro e inversi\u00f3n, brindamos acceso a diversos mercados globales y a los mejores custodios y administradores de activos de su clase. Nuestra [&hellip;]\" \/>\n<meta property=\"og:url\" content=\"https:\/\/m1specialty.com\/es\/home-v2\/\" \/>\n<meta property=\"og:site_name\" content=\"M1 Specialty\" \/>\n<meta property=\"article:publisher\" content=\"https:\/\/www.facebook.com\/M1Specialty\/\" \/>\n<meta property=\"article:modified_time\" content=\"2025-08-28T14:16:59+00:00\" \/>\n<meta property=\"og:image\" content=\"https:\/\/m1specialty.com\/wp-content\/uploads\/2024\/05\/invested-your-success-scaled.jpg\" \/>\n<meta name=\"twitter:card\" content=\"summary_large_image\" \/>\n<meta name=\"twitter:site\" content=\"@m1specialty\" \/>\n<meta name=\"twitter:label1\" content=\"Tiempo de lectura\" \/>\n\t<meta name=\"twitter:data1\" content=\"7 minutos\" \/>\n<script type=\"application\/ld+json\" class=\"yoast-schema-graph\">{\"@context\":\"https:\/\/schema.org\",\"@graph\":[{\"@type\":\"WebPage\",\"@id\":\"https:\/\/m1specialty.com\/es\/home-v2\/\",\"url\":\"https:\/\/m1specialty.com\/es\/home-v2\/\",\"name\":\"M1 Specialty | Planes de Inversi\u00f3n\",\"isPartOf\":{\"@id\":\"https:\/\/m1specialty.com\/es\/#website\"},\"datePublished\":\"2024-02-28T14:16:28+00:00\",\"dateModified\":\"2025-08-28T14:16:59+00:00\",\"breadcrumb\":{\"@id\":\"https:\/\/m1specialty.com\/es\/home-v2\/#breadcrumb\"},\"inLanguage\":\"es\",\"potentialAction\":[{\"@type\":\"ReadAction\",\"target\":[\"https:\/\/m1specialty.com\/es\/home-v2\/\"]}]},{\"@type\":\"BreadcrumbList\",\"@id\":\"https:\/\/m1specialty.com\/es\/home-v2\/#breadcrumb\",\"itemListElement\":[{\"@type\":\"ListItem\",\"position\":1,\"name\":\"Home\",\"item\":\"https:\/\/m1specialty.com\/es\/\"},{\"@type\":\"ListItem\",\"position\":2,\"name\":\"Home-v2\"}]},{\"@type\":\"WebSite\",\"@id\":\"https:\/\/m1specialty.com\/es\/#website\",\"url\":\"https:\/\/m1specialty.com\/es\/\",\"name\":\"M1 Specialty\",\"description\":\"Simple and effective unit-linked insurance solutions\",\"publisher\":{\"@id\":\"https:\/\/m1specialty.com\/es\/#organization\"},\"potentialAction\":[{\"@type\":\"SearchAction\",\"target\":{\"@type\":\"EntryPoint\",\"urlTemplate\":\"https:\/\/m1specialty.com\/es\/?s={search_term_string}\"},\"query-input\":\"required name=search_term_string\"}],\"inLanguage\":\"es\"},{\"@type\":\"Organization\",\"@id\":\"https:\/\/m1specialty.com\/es\/#organization\",\"name\":\"M1 Specialty\",\"url\":\"https:\/\/m1specialty.com\/es\/\",\"logo\":{\"@type\":\"ImageObject\",\"inLanguage\":\"es\",\"@id\":\"https:\/\/m1specialty.com\/es\/#\/schema\/logo\/image\/\",\"url\":\"https:\/\/m1specialty.com\/wp-content\/uploads\/2023\/03\/logo-yoast-m1.png\",\"contentUrl\":\"https:\/\/m1specialty.com\/wp-content\/uploads\/2023\/03\/logo-yoast-m1.png\",\"width\":696,\"height\":696,\"caption\":\"M1 Specialty\"},\"image\":{\"@id\":\"https:\/\/m1specialty.com\/es\/#\/schema\/logo\/image\/\"},\"sameAs\":[\"https:\/\/www.facebook.com\/M1Specialty\/\",\"https:\/\/twitter.com\/m1specialty\",\"https:\/\/www.linkedin.com\/company\/m1specialty\/\",\"https:\/\/www.instagram.com\/m1specialty\/\"]}]}<\/script>\n<!-- \/ Yoast SEO Premium plugin. -->","yoast_head_json":{"title":"M1 Specialty | Planes de Inversi\u00f3n","robots":{"index":"index","follow":"follow","max-snippet":"max-snippet:-1","max-image-preview":"max-image-preview:large","max-video-preview":"max-video-preview:-1"},"canonical":"https:\/\/m1specialty.com\/es\/home-v2\/","og_locale":"es_ES","og_type":"article","og_title":"Home-v2","og_description":"Alg\u00fan d\u00edaComienza hoyAcumulaci\u00f3n de Patrimonio. Ahorros para la educaci\u00f3n superior. RetiroInvierta en Su \u00c9xitoEn M1 Specialty, somos sus socios en planificaci\u00f3n de los eventos financieros m\u00e1s importantes de la vida.Con soluciones integrales de ahorro e inversi\u00f3n, brindamos acceso a diversos mercados globales y a los mejores custodios y administradores de activos de su clase. Nuestra [&hellip;]","og_url":"https:\/\/m1specialty.com\/es\/home-v2\/","og_site_name":"M1 Specialty","article_publisher":"https:\/\/www.facebook.com\/M1Specialty\/","article_modified_time":"2025-08-28T14:16:59+00:00","og_image":[{"url":"https:\/\/m1specialty.com\/wp-content\/uploads\/2024\/05\/invested-your-success-scaled.jpg"}],"twitter_card":"summary_large_image","twitter_site":"@m1specialty","twitter_misc":{"Tiempo de lectura":"7 minutos"},"schema":{"@context":"https:\/\/schema.org","@graph":[{"@type":"WebPage","@id":"https:\/\/m1specialty.com\/es\/home-v2\/","url":"https:\/\/m1specialty.com\/es\/home-v2\/","name":"M1 Specialty | Planes de Inversi\u00f3n","isPartOf":{"@id":"https:\/\/m1specialty.com\/es\/#website"},"datePublished":"2024-02-28T14:16:28+00:00","dateModified":"2025-08-28T14:16:59+00:00","breadcrumb":{"@id":"https:\/\/m1specialty.com\/es\/home-v2\/#breadcrumb"},"inLanguage":"es","potentialAction":[{"@type":"ReadAction","target":["https:\/\/m1specialty.com\/es\/home-v2\/"]}]},{"@type":"BreadcrumbList","@id":"https:\/\/m1specialty.com\/es\/home-v2\/#breadcrumb","itemListElement":[{"@type":"ListItem","position":1,"name":"Home","item":"https:\/\/m1specialty.com\/es\/"},{"@type":"ListItem","position":2,"name":"Home-v2"}]},{"@type":"WebSite","@id":"https:\/\/m1specialty.com\/es\/#website","url":"https:\/\/m1specialty.com\/es\/","name":"M1 Specialty","description":"Simple and effective unit-linked insurance solutions","publisher":{"@id":"https:\/\/m1specialty.com\/es\/#organization"},"potentialAction":[{"@type":"SearchAction","target":{"@type":"EntryPoint","urlTemplate":"https:\/\/m1specialty.com\/es\/?s={search_term_string}"},"query-input":"required name=search_term_string"}],"inLanguage":"es"},{"@type":"Organization","@id":"https:\/\/m1specialty.com\/es\/#organization","name":"M1 Specialty","url":"https:\/\/m1specialty.com\/es\/","logo":{"@type":"ImageObject","inLanguage":"es","@id":"https:\/\/m1specialty.com\/es\/#\/schema\/logo\/image\/","url":"https:\/\/m1specialty.com\/wp-content\/uploads\/2023\/03\/logo-yoast-m1.png","contentUrl":"https:\/\/m1specialty.com\/wp-content\/uploads\/2023\/03\/logo-yoast-m1.png","width":696,"height":696,"caption":"M1 Specialty"},"image":{"@id":"https:\/\/m1specialty.com\/es\/#\/schema\/logo\/image\/"},"sameAs":["https:\/\/www.facebook.com\/M1Specialty\/","https:\/\/twitter.com\/m1specialty","https:\/\/www.linkedin.com\/company\/m1specialty\/","https:\/\/www.instagram.com\/m1specialty\/"]}]}},"_links":{"self":[{"href":"https:\/\/m1specialty.com\/es\/wp-json\/wp\/v2\/pages\/4780","targetHints":{"allow":["GET"]}}],"collection":[{"href":"https:\/\/m1specialty.com\/es\/wp-json\/wp\/v2\/pages"}],"about":[{"href":"https:\/\/m1specialty.com\/es\/wp-json\/wp\/v2\/types\/page"}],"author":[{"embeddable":true,"href":"https:\/\/m1specialty.com\/es\/wp-json\/wp\/v2\/users\/8"}],"replies":[{"embeddable":true,"href":"https:\/\/m1specialty.com\/es\/wp-json\/wp\/v2\/comments?post=4780"}],"version-history":[{"count":21,"href":"https:\/\/m1specialty.com\/es\/wp-json\/wp\/v2\/pages\/4780\/revisions"}],"predecessor-version":[{"id":7854,"href":"https:\/\/m1specialty.com\/es\/wp-json\/wp\/v2\/pages\/4780\/revisions\/7854"}],"wp:attachment":[{"href":"https:\/\/m1specialty.com\/es\/wp-json\/wp\/v2\/media?parent=4780"}],"curies":[{"name":"wp","href":"https:\/\/api.w.org\/{rel}","templated":true}]}}